{"id":17650,"date":"2020-01-23T12:06:14","date_gmt":"2020-01-23T10:06:14","guid":{"rendered":"http:\/\/www.xn--tuksimaailm-ffb.ee\/contact\/"},"modified":"2026-03-16T00:04:09","modified_gmt":"2026-03-15T22:04:09","slug":"contact","status":"publish","type":"page","link":"https:\/\/www.xn--tuksimaailm-ffb.ee\/en\/contact\/","title":{"rendered":"Contact | Stores"},"content":{"rendered":"\r\n<p>T\u00f5uksimaailm stores - electric scooter, bike, moped and motorcycle stores and spare parts \/ accessories stores are located at:<\/p>\r\n<p>\r\n\r\n<\/p>\r\n<ol class=\"wp-block-list\">\r\n<li>P\u00f5hja-Tallinn, Kalamaja, T\u00f6\u00f6stuse 47a (Volta house):\r\n<ul class=\"wp-block-list\">\r\n<li>\r\n<p>Store: <strong>+372 5650 5933<\/strong> (EE \/ EN)<\/p>\r\n<\/li>\r\n\r\n\r\n\r\n<li>\r\n<p>Workshop: <strong>+372 5303 4581<\/strong> (EE \/ EN)<\/p>\r\n<\/li>\r\n\r\n\r\n\r\n<li>\r\n<p>Rent: <strong>+372 5303 4581<\/strong> \/ <strong>rent@touksimaailm.ee<\/strong><\/p>\r\n<\/li>\r\n\r\n\r\n\r\n<li>\r\n<p>Email:<strong> tallinn@touksimaailm.ee<\/strong><\/p>\r\n<\/li>\r\n<\/ul>\r\n<\/li>\r\n\r\n\r\n\r\n<li>Tartu, Aardla 23:\r\n<ul class=\"wp-block-list\">\r\n<li>\r\n<p>Shop\/workshop\/info: +<strong>372 5457 2804<\/strong> (EE \/ EN)<\/p>\r\n<\/li>\r\n\r\n\r\n\r\n<li>\r\n<p>Email: <strong>tartu@touksimaailm.ee<\/strong><\/p>\r\n<\/li>\r\n<\/ul>\r\n<\/li>\r\n<\/ol>\r\n<p>\r\n\r\n<\/p>\r\n<p>Come on in! As is common for a proper electric scooter, e-bike, electric moped and motorcycle store, we have the opportunity to test drive products and we will help you choose the perfect electric vehicle for your daily needs.<\/p>\r\n<p>\r\n\r\n<\/p>\r\n<p>Other contacts:<\/p>\r\n<p>\r\n\r\n<\/p>\r\n<p>Price quotes, general information, collaboration offers and questions about invoices: <strong>info@touksimaailm.ee<\/strong><br \/>Information about e-store orders and product warehouse status: <strong>+372 5650 5933<\/strong>\u00a0(EE \/ EN)<br \/>Collaboration requests and general information:<strong> +372 5303 4917<\/strong> (EE \/ EN)<br \/>Electric scooter rental: <strong>+372 5303 4581<\/strong> (EE \/ EN)<\/p>\r\n<p>\r\n\r\n<\/p>\r\n<hr class=\"wp-block-separator has-css-opacity\" \/>\r\n<p>\r\n\r\n<\/p>\r\n<div class=\"wp-block-columns is-layout-flex wp-container-core-columns-is-layout-9d6595d7 wp-block-columns-is-layout-flex\">\r\n<div class=\"wp-block-column is-layout-flow wp-block-column-is-layout-flow\" style=\"flex-basis: 25%;\">\u00a0<\/div>\r\n\r\n\r\n\r\n<div class=\"wp-block-column is-layout-flow wp-block-column-is-layout-flow\" style=\"flex-basis: 50%;\">\r\n<div class=\"wp-block-columns is-layout-flex wp-container-core-columns-is-layout-9d6595d7 wp-block-columns-is-layout-flex\">\r\n<div class=\"wp-block-column is-layout-flow wp-block-column-is-layout-flow\">\r\n<p class=\"has-text-align-center\">\u00a0<\/p>\r\n\r\n\r\n\r\n<p>The Tallinn showroom is open:<br \/><strong>Mon-Fri - 9:00-18:00<br \/>Sat - 10:00-16:00<\/strong><br \/><strong>Sun - Closed<\/strong><\/p>\r\n\r\n\r\n\r\n<p>&nbsp;<\/p>\r\n<\/div>\r\n\r\n\r\n\r\n<div class=\"wp-block-column is-layout-flow wp-block-column-is-layout-flow\">\r\n<p class=\"has-text-align-center\">\u00a0<\/p>\r\n\r\n\r\n\r\n<p>The Tallinn workshop is open:<br \/><strong>Mon-Fri - 9:00-18:00<br \/>Sat - 10:00-16:00<\/strong><br \/><strong>Sun - Closed<\/strong><\/p>\r\n\r\n\r\n\r\n<p>&nbsp;<\/p>\r\n<\/div>\r\n<\/div>\r\n<\/div>\r\n\r\n\r\n\r\n<div class=\"wp-block-column is-layout-flow wp-block-column-is-layout-flow\" style=\"flex-basis: 25%;\">\u00a0<\/div>\r\n<\/div>\r\n<p>\r\n\r\n<\/p>\r\n<div class=\"wp-block-column is-layout-flow wp-block-column-is-layout-flow\">\r\n<p class=\"has-text-align-center\">\u00a0<\/p>\r\n\r\n\r\n\r\n<p>The Tartu office and workshop are open:<br \/><strong>Mon-Fri 11:00-18:00<br \/>Sat-Sun Closed<\/strong><\/p>\r\n\r\n\r\n\r\n<p>&nbsp;<\/p>\r\n<\/div>\r\n<p><\/p>\r\n<p><!-- \/wp:post-content --><\/p>\r\n<p><!-- \/wp:group --><\/p>\r\n<p><!-- wp:separator --><\/p>\r\n<div class=\"wp-block-group\">\r\n<div class=\"wp-block-columns\">\r\n<div class=\"wp-block-column\" style=\"padding: 0 0.5rem 0 0.5rem;\"><iframe style=\"border: 0;\" src=\"https:\/\/www.google.com\/maps\/embed?pb=!1m18!1m12!1m3!1d507.02255093018425!2d24.726500029267815!3d59.4482470988563!2m3!1f0!2f0!3f0!3m2!1i1024!2i768!4f13.1!3m3!1m2!1s0x469293788c483b79%3A0x423c9a86b7be3e55!2sT%C3%B6%C3%B6stuse%2047a%2C%2010411%20Tallinn!5e0!3m2!1sen!2see!4v1579785889071!5m2!1sen!2see\" width=\"400\" height=\"450\" frameborder=\"0\" allowfullscreen=\"allowfullscreen\"><\/iframe><br \/><!-- \/wp:html --><\/div>\r\n<div class=\"wp-block-column\" style=\"padding: 0 0.5rem 0 0.5rem; text-align: right;\"><iframe style=\"border: 0;\" src=\"https:\/\/www.google.com\/maps\/embed?pb=!1m18!1m12!1m3!1d622.3202634705681!2d26.717414881299987!3d58.355834350854366!2m3!1f0!2f0!3f0!3m2!1i1024!2i768!4f13.1!3m3!1m2!1s0x46eb3739900ecd33%3A0x5d6ef45c88c4048d!2sAardla%2023%2C%2050110%20Tartu!5e0!3m2!1set!2see!4v1684965237357!5m2!1set!2see\" width=\"400\" height=\"450\" allowfullscreen=\"allowfullscreen\"><\/iframe><\/div>\r\n<\/div>\r\n<p><!-- \/wp:columns --><\/p>\r\n<\/div>\r\n<p><!-- \/wp:group --><\/p>\r\n<p><!-- wp:separator --><\/p>\r\n<hr class=\"wp-block-separator\" \/>\r\n<p><!-- \/wp:separator --><\/p>\r\n<p><!-- wp:paragraph {\"align\":\"center\"} --><\/p>\r\n<p class=\"has-text-align-center\">ExoCool O\u00dc <br \/>Registration number: 12857616 <br \/>VAT code: EE102121227 <br \/>T\u00f6\u00f6stuse 47a, Tallinn, 10416<\/p>\r\n<p><!-- \/wp:paragraph --><\/p>","protected":false},"excerpt":{"rendered":"<p>T\u00f5uksimaailm stores - electric scooter, bike, moped and motorcycle stores and spare parts \/ accessories stores are located at: Come on in! As is common for a proper electric scooter, e-bike, electric moped and motorcycle store, we have the opportunity to test drive products and we will help you choose &hellip;<\/p>\n","protected":false},"author":1,"featured_media":16513,"parent":0,"menu_order":0,"comment_status":"closed","ping_status":"closed","template":"","meta":{"footnotes":""},"class_list":["post-17650","page","type-page","status-publish","has-post-thumbnail","hentry"],"yoast_head":"<!-- This site is optimized with the Yoast SEO Premium plugin v26.8 (Yoast SEO v27.3) - https:\/\/yoast.com\/product\/yoast-seo-premium-wordpress\/ -->\n<title>Contact | Stores &#8212; T\u00f5uksimaailm &#8212; Come by and take a look at our electric personal vehicles!<\/title>\n<meta name=\"description\" content=\"T\u00f5uksimaailm electric scooter, bike, moped and motorcycle stores and workshop. Come for a test ride!\" \/>\n<meta name=\"robots\" content=\"index, follow, max-snippet:-1, max-image-preview:large, max-video-preview:-1\" \/>\n<link rel=\"canonical\" href=\"https:\/\/www.xn--tuksimaailm-ffb.ee\/en\/contact\/\" \/>\n<meta property=\"og:locale\" content=\"en_US\" \/>\n<meta property=\"og:type\" content=\"article\" \/>\n<meta property=\"og:title\" content=\"Contact | Stores\" \/>\n<meta property=\"og:description\" content=\"T\u00f5uksimaailm electric scooter, bike, moped and motorcycle stores and workshop. Come for a test ride!\" \/>\n<meta property=\"og:url\" content=\"https:\/\/www.xn--tuksimaailm-ffb.ee\/en\/contact\/\" \/>\n<meta property=\"og:site_name\" content=\"T\u00f5uksimaailm\" \/>\n<meta property=\"article:publisher\" content=\"https:\/\/www.facebook.com\/touksimaailm\/\" \/>\n<meta property=\"article:modified_time\" content=\"2026-03-15T22:04:09+00:00\" \/>\n<meta property=\"og:image\" content=\"https:\/\/www.xn--tuksimaailm-ffb.ee\/wp-content\/uploads\/2022\/01\/Touksimaailm-vaaike.jpg\" \/>\n\t<meta property=\"og:image:width\" content=\"1828\" \/>\n\t<meta property=\"og:image:height\" content=\"751\" \/>\n\t<meta property=\"og:image:type\" content=\"image\/jpeg\" \/>\n<meta name=\"twitter:card\" content=\"summary_large_image\" \/>\n<meta name=\"twitter:label1\" content=\"Est. reading time\" \/>\n\t<meta name=\"twitter:data1\" content=\"2 minutes\" \/>\n<!-- \/ Yoast SEO Premium plugin. -->","yoast_head_json":{"title":"Contact | Stores &#8212; T\u00f5uksimaailm &#8212; Come by and take a look at our electric personal vehicles!","description":"T\u00f5uksimaailm electric scooter, bike, moped and motorcycle stores and workshop. Come for a test ride!","robots":{"index":"index","follow":"follow","max-snippet":"max-snippet:-1","max-image-preview":"max-image-preview:large","max-video-preview":"max-video-preview:-1"},"canonical":"https:\/\/www.xn--tuksimaailm-ffb.ee\/en\/contact\/","og_locale":"en_US","og_type":"article","og_title":"Contact | Stores","og_description":"T\u00f5uksimaailm electric scooter, bike, moped and motorcycle stores and workshop. Come for a test ride!","og_url":"https:\/\/www.xn--tuksimaailm-ffb.ee\/en\/contact\/","og_site_name":"T\u00f5uksimaailm","article_publisher":"https:\/\/www.facebook.com\/touksimaailm\/","article_modified_time":"2026-03-15T22:04:09+00:00","og_image":[{"width":1828,"height":751,"url":"https:\/\/www.xn--tuksimaailm-ffb.ee\/wp-content\/uploads\/2022\/01\/Touksimaailm-vaaike.jpg","type":"image\/jpeg"}],"twitter_card":"summary_large_image","twitter_misc":{"Est. reading time":"2 minutes"},"schema":{"@context":"https:\/\/schema.org","@graph":[{"@type":"WebPage","@id":"https:\/\/www.xn--tuksimaailm-ffb.ee\/en\/contact\/","url":"https:\/\/www.xn--tuksimaailm-ffb.ee\/en\/contact\/","name":"Contact | Stores &#8212; T\u00f5uksimaailm &#8212; Come by and take a look at our electric personal vehicles!","isPartOf":{"@id":"https:\/\/www.xn--tuksimaailm-ffb.ee\/en\/#website"},"primaryImageOfPage":{"@id":"https:\/\/www.xn--tuksimaailm-ffb.ee\/en\/contact\/#primaryimage"},"image":{"@id":"https:\/\/www.xn--tuksimaailm-ffb.ee\/en\/contact\/#primaryimage"},"thumbnailUrl":"https:\/\/www.xn--tuksimaailm-ffb.ee\/wp-content\/uploads\/2022\/01\/Touksimaailm-vaaike.jpg","datePublished":"2020-01-23T10:06:14+00:00","dateModified":"2026-03-15T22:04:09+00:00","description":"T\u00f5uksimaailm electric scooter, bike, moped and motorcycle stores and workshop. Come for a test ride!","breadcrumb":{"@id":"https:\/\/www.xn--tuksimaailm-ffb.ee\/en\/contact\/#breadcrumb"},"inLanguage":"en-US","potentialAction":[{"@type":"ReadAction","target":["https:\/\/www.xn--tuksimaailm-ffb.ee\/en\/contact\/"]}]},{"@type":"ImageObject","inLanguage":"en-US","@id":"https:\/\/www.xn--tuksimaailm-ffb.ee\/en\/contact\/#primaryimage","url":"https:\/\/www.xn--tuksimaailm-ffb.ee\/wp-content\/uploads\/2022\/01\/Touksimaailm-vaaike.jpg","contentUrl":"https:\/\/www.xn--tuksimaailm-ffb.ee\/wp-content\/uploads\/2022\/01\/Touksimaailm-vaaike.jpg","width":1828,"height":751},{"@type":"BreadcrumbList","@id":"https:\/\/www.xn--tuksimaailm-ffb.ee\/en\/contact\/#breadcrumb","itemListElement":[{"@type":"ListItem","position":1,"name":"Home","item":"https:\/\/www.xn--tuksimaailm-ffb.ee\/en\/main-page\/"},{"@type":"ListItem","position":2,"name":"Contact | Stores"}]},{"@type":"WebSite","@id":"https:\/\/www.xn--tuksimaailm-ffb.ee\/en\/#website","url":"https:\/\/www.xn--tuksimaailm-ffb.ee\/en\/","name":"T\u00f5uksimaailm","description":"Elektrit\u00f5ukerataste m\u00fc\u00fck, remont ja rent","publisher":{"@id":"https:\/\/www.xn--tuksimaailm-ffb.ee\/en\/#organization"},"potentialAction":[{"@type":"SearchAction","target":{"@type":"EntryPoint","urlTemplate":"https:\/\/www.xn--tuksimaailm-ffb.ee\/en\/?s={search_term_string}"},"query-input":{"@type":"PropertyValueSpecification","valueRequired":true,"valueName":"search_term_string"}}],"inLanguage":"en-US"},{"@type":"Organization","@id":"https:\/\/www.xn--tuksimaailm-ffb.ee\/en\/#organization","name":"T\u00f5uksimaailm","url":"https:\/\/www.xn--tuksimaailm-ffb.ee\/en\/","logo":{"@type":"ImageObject","inLanguage":"en-US","@id":"https:\/\/www.xn--tuksimaailm-ffb.ee\/en\/#\/schema\/logo\/image\/","url":"https:\/\/www.xn--tuksimaailm-ffb.ee\/wp-content\/uploads\/2020\/01\/logoz-e1579792875517.png","contentUrl":"https:\/\/www.xn--tuksimaailm-ffb.ee\/wp-content\/uploads\/2020\/01\/logoz-e1579792875517.png","width":250,"height":250,"caption":"T\u00f5uksimaailm"},"image":{"@id":"https:\/\/www.xn--tuksimaailm-ffb.ee\/en\/#\/schema\/logo\/image\/"},"sameAs":["https:\/\/www.facebook.com\/touksimaailm\/","https:\/\/www.instagram.com\/touksimaailm_\/","https:\/\/www.youtube.com\/channel\/UC18ml0EKIDLP1xGuQjFzcXQ"]}]}},"jetpack_sharing_enabled":true,"_links":{"self":[{"href":"https:\/\/www.xn--tuksimaailm-ffb.ee\/en\/wp-json\/wp\/v2\/pages\/17650","targetHints":{"allow":["GET"]}}],"collection":[{"href":"https:\/\/www.xn--tuksimaailm-ffb.ee\/en\/wp-json\/wp\/v2\/pages"}],"about":[{"href":"https:\/\/www.xn--tuksimaailm-ffb.ee\/en\/wp-json\/wp\/v2\/types\/page"}],"author":[{"embeddable":true,"href":"https:\/\/www.xn--tuksimaailm-ffb.ee\/en\/wp-json\/wp\/v2\/users\/1"}],"replies":[{"embeddable":true,"href":"https:\/\/www.xn--tuksimaailm-ffb.ee\/en\/wp-json\/wp\/v2\/comments?post=17650"}],"version-history":[{"count":17,"href":"https:\/\/www.xn--tuksimaailm-ffb.ee\/en\/wp-json\/wp\/v2\/pages\/17650\/revisions"}],"predecessor-version":[{"id":80476,"href":"https:\/\/www.xn--tuksimaailm-ffb.ee\/en\/wp-json\/wp\/v2\/pages\/17650\/revisions\/80476"}],"wp:featuredmedia":[{"embeddable":true,"href":"https:\/\/www.xn--tuksimaailm-ffb.ee\/en\/wp-json\/wp\/v2\/media\/16513"}],"wp:attachment":[{"href":"https:\/\/www.xn--tuksimaailm-ffb.ee\/en\/wp-json\/wp\/v2\/media?parent=17650"}],"curies":[{"name":"wp","href":"https:\/\/api.w.org\/{rel}","templated":true}]}}