{"id":50428,"date":"2020-02-29T18:14:18","date_gmt":"2020-02-29T16:14:18","guid":{"rendered":"http:\/\/www.xn--tuksimaailm-ffb.ee\/solid-tyre-installment\/"},"modified":"2024-11-20T16:23:28","modified_gmt":"2024-11-20T13:23:28","slug":"solid-tyre-installment","status":"publish","type":"page","link":"https:\/\/www.xn--tuksimaailm-ffb.ee\/en\/solid-tyre-installment\/","title":{"rendered":"Solid tyre installment"},"content":{"rendered":"\n<div class=\"wp-block-columns is-layout-flex wp-container-core-columns-is-layout-9d6595d7 wp-block-columns-is-layout-flex\">\n<div class=\"wp-block-column is-layout-flow wp-block-column-is-layout-flow\">\n<p class=\"has-text-align-center\" style=\"font-size:24px\"><p><strong>Fitting a solid tyre: 25<\/strong>\u20ac<\/p><p><strong>Solid tyre: 29\u20ac<\/strong><\/p><\/p>\n\n\n\n<p class=\"has-text-align-center\" style=\"font-size:24px\"><p><strong>Solid tyre with holes fitting: 19\u20ac<\/strong><\/p><p>Solid tyre with holes: 29\u20ac<\/p><\/p>\n\n\n\n<p><\/p>\n<\/div>\n\n\n\n<div class=\"wp-block-column is-layout-flow wp-block-column-is-layout-flow\">\n<figure class=\"wp-block-image size-large is-resized\"><img decoding=\"async\" src=\"https:\/\/www.xn--tuksimaailm-ffb.ee\/wp-content\/uploads\/2020\/02\/712fupEmU4L._SY355_.jpg\" alt=\"\" class=\"wp-image-381\" width=\"334\" height=\"334\" srcset=\"https:\/\/www.xn--tuksimaailm-ffb.ee\/wp-content\/uploads\/2020\/02\/712fupEmU4L._SY355_.jpg 355w, https:\/\/www.xn--tuksimaailm-ffb.ee\/wp-content\/uploads\/2020\/02\/712fupEmU4L._SY355_-300x300.jpg 300w, https:\/\/www.xn--tuksimaailm-ffb.ee\/wp-content\/uploads\/2020\/02\/712fupEmU4L._SY355_-150x150.jpg 150w, https:\/\/www.xn--tuksimaailm-ffb.ee\/wp-content\/uploads\/2020\/02\/712fupEmU4L._SY355_-100x100.jpg 100w\" sizes=\"(max-width: 334px) 100vw, 334px\" \/><\/figure>\n<\/div>\n<\/div>\n\n<p class=\"has-text-align-center\"><p>If solid tyre fitting is overwhelming or you've had enough of pneumatic tyre replacement, bring it to us.<\/p><\/p>\n","protected":false},"excerpt":{"rendered":"<p>Fitting a solid tyre: 25\u20ac Solid tyre: 29\u20ac Solid tyre with holes fitting: 19\u20ac Solid tyre with holes: 29\u20ac If solid tyre fitting is overwhelming or you've had enough of pneumatic tyre replacement, bring it to us.<\/p>\n","protected":false},"author":1,"featured_media":0,"parent":0,"menu_order":0,"comment_status":"closed","ping_status":"closed","template":"","meta":{"footnotes":""},"class_list":["post-50428","page","type-page","status-publish","hentry"],"yoast_head":"<!-- This site is optimized with the Yoast SEO Premium plugin v26.8 (Yoast SEO v27.3) - https:\/\/yoast.com\/product\/yoast-seo-premium-wordpress\/ -->\n<title>Solid tyre installment &#8212; T\u00f5uksimaailm<\/title>\n<meta name=\"robots\" content=\"index, follow, max-snippet:-1, max-image-preview:large, max-video-preview:-1\" \/>\n<link rel=\"canonical\" href=\"https:\/\/www.xn--tuksimaailm-ffb.ee\/en\/solid-tyre-installment\/\" \/>\n<meta property=\"og:locale\" content=\"en_US\" \/>\n<meta property=\"og:type\" content=\"article\" \/>\n<meta property=\"og:title\" content=\"Solid tyre installment\" \/>\n<meta property=\"og:description\" content=\"Fitting a solid tyre: 25\u20ac Solid tyre: 29\u20ac Solid tyre with holes fitting: 19\u20ac Solid tyre with holes: 29\u20ac If solid tyre fitting is overwhelming or you&#039;ve had enough of pneumatic tyre replacement, bring it to us.\" \/>\n<meta property=\"og:url\" content=\"https:\/\/www.xn--tuksimaailm-ffb.ee\/en\/solid-tyre-installment\/\" \/>\n<meta property=\"og:site_name\" content=\"T\u00f5uksimaailm\" \/>\n<meta property=\"article:publisher\" content=\"https:\/\/www.facebook.com\/touksimaailm\/\" \/>\n<meta property=\"article:modified_time\" content=\"2024-11-20T13:23:28+00:00\" \/>\n<meta property=\"og:image\" content=\"http:\/\/www.xn--tuksimaailm-ffb.ee\/wp-content\/uploads\/2020\/02\/712fupEmU4L._SY355_.jpg\" \/>\n<meta name=\"twitter:card\" content=\"summary_large_image\" \/>\n<!-- \/ Yoast SEO Premium plugin. -->","yoast_head_json":{"title":"Solid tyre installment &#8212; T\u00f5uksimaailm","robots":{"index":"index","follow":"follow","max-snippet":"max-snippet:-1","max-image-preview":"max-image-preview:large","max-video-preview":"max-video-preview:-1"},"canonical":"https:\/\/www.xn--tuksimaailm-ffb.ee\/en\/solid-tyre-installment\/","og_locale":"en_US","og_type":"article","og_title":"Solid tyre installment","og_description":"Fitting a solid tyre: 25\u20ac Solid tyre: 29\u20ac Solid tyre with holes fitting: 19\u20ac Solid tyre with holes: 29\u20ac If solid tyre fitting is overwhelming or you've had enough of pneumatic tyre replacement, bring it to us.","og_url":"https:\/\/www.xn--tuksimaailm-ffb.ee\/en\/solid-tyre-installment\/","og_site_name":"T\u00f5uksimaailm","article_publisher":"https:\/\/www.facebook.com\/touksimaailm\/","article_modified_time":"2024-11-20T13:23:28+00:00","og_image":[{"url":"http:\/\/www.xn--tuksimaailm-ffb.ee\/wp-content\/uploads\/2020\/02\/712fupEmU4L._SY355_.jpg","type":"","width":"","height":""}],"twitter_card":"summary_large_image","schema":{"@context":"https:\/\/schema.org","@graph":[{"@type":"WebPage","@id":"https:\/\/www.xn--tuksimaailm-ffb.ee\/en\/solid-tyre-installment\/","url":"https:\/\/www.xn--tuksimaailm-ffb.ee\/en\/solid-tyre-installment\/","name":"Solid tyre installment &#8212; T\u00f5uksimaailm","isPartOf":{"@id":"https:\/\/www.xn--tuksimaailm-ffb.ee\/en\/#website"},"primaryImageOfPage":{"@id":"https:\/\/www.xn--tuksimaailm-ffb.ee\/en\/solid-tyre-installment\/#primaryimage"},"image":{"@id":"https:\/\/www.xn--tuksimaailm-ffb.ee\/en\/solid-tyre-installment\/#primaryimage"},"thumbnailUrl":"https:\/\/www.xn--tuksimaailm-ffb.ee\/wp-content\/uploads\/2020\/02\/712fupEmU4L._SY355_.jpg","datePublished":"2020-02-29T16:14:18+00:00","dateModified":"2024-11-20T13:23:28+00:00","breadcrumb":{"@id":"https:\/\/www.xn--tuksimaailm-ffb.ee\/en\/solid-tyre-installment\/#breadcrumb"},"inLanguage":"en-US","potentialAction":[{"@type":"ReadAction","target":["https:\/\/www.xn--tuksimaailm-ffb.ee\/en\/solid-tyre-installment\/"]}]},{"@type":"ImageObject","inLanguage":"en-US","@id":"https:\/\/www.xn--tuksimaailm-ffb.ee\/en\/solid-tyre-installment\/#primaryimage","url":"https:\/\/www.xn--tuksimaailm-ffb.ee\/wp-content\/uploads\/2020\/02\/712fupEmU4L._SY355_.jpg","contentUrl":"https:\/\/www.xn--tuksimaailm-ffb.ee\/wp-content\/uploads\/2020\/02\/712fupEmU4L._SY355_.jpg"},{"@type":"BreadcrumbList","@id":"https:\/\/www.xn--tuksimaailm-ffb.ee\/en\/solid-tyre-installment\/#breadcrumb","itemListElement":[{"@type":"ListItem","position":1,"name":"Home","item":"https:\/\/www.xn--tuksimaailm-ffb.ee\/en\/main-page\/"},{"@type":"ListItem","position":2,"name":"Solid tyre installment"}]},{"@type":"WebSite","@id":"https:\/\/www.xn--tuksimaailm-ffb.ee\/en\/#website","url":"https:\/\/www.xn--tuksimaailm-ffb.ee\/en\/","name":"T\u00f5uksimaailm","description":"Elektrit\u00f5ukerataste m\u00fc\u00fck, remont ja rent","publisher":{"@id":"https:\/\/www.xn--tuksimaailm-ffb.ee\/en\/#organization"},"potentialAction":[{"@type":"SearchAction","target":{"@type":"EntryPoint","urlTemplate":"https:\/\/www.xn--tuksimaailm-ffb.ee\/en\/?s={search_term_string}"},"query-input":{"@type":"PropertyValueSpecification","valueRequired":true,"valueName":"search_term_string"}}],"inLanguage":"en-US"},{"@type":"Organization","@id":"https:\/\/www.xn--tuksimaailm-ffb.ee\/en\/#organization","name":"T\u00f5uksimaailm","url":"https:\/\/www.xn--tuksimaailm-ffb.ee\/en\/","logo":{"@type":"ImageObject","inLanguage":"en-US","@id":"https:\/\/www.xn--tuksimaailm-ffb.ee\/en\/#\/schema\/logo\/image\/","url":"https:\/\/www.xn--tuksimaailm-ffb.ee\/wp-content\/uploads\/2020\/01\/logoz-e1579792875517.png","contentUrl":"https:\/\/www.xn--tuksimaailm-ffb.ee\/wp-content\/uploads\/2020\/01\/logoz-e1579792875517.png","width":250,"height":250,"caption":"T\u00f5uksimaailm"},"image":{"@id":"https:\/\/www.xn--tuksimaailm-ffb.ee\/en\/#\/schema\/logo\/image\/"},"sameAs":["https:\/\/www.facebook.com\/touksimaailm\/","https:\/\/www.instagram.com\/touksimaailm_\/","https:\/\/www.youtube.com\/channel\/UC18ml0EKIDLP1xGuQjFzcXQ"]}]}},"jetpack_sharing_enabled":true,"_links":{"self":[{"href":"https:\/\/www.xn--tuksimaailm-ffb.ee\/en\/wp-json\/wp\/v2\/pages\/50428","targetHints":{"allow":["GET"]}}],"collection":[{"href":"https:\/\/www.xn--tuksimaailm-ffb.ee\/en\/wp-json\/wp\/v2\/pages"}],"about":[{"href":"https:\/\/www.xn--tuksimaailm-ffb.ee\/en\/wp-json\/wp\/v2\/types\/page"}],"author":[{"embeddable":true,"href":"https:\/\/www.xn--tuksimaailm-ffb.ee\/en\/wp-json\/wp\/v2\/users\/1"}],"replies":[{"embeddable":true,"href":"https:\/\/www.xn--tuksimaailm-ffb.ee\/en\/wp-json\/wp\/v2\/comments?post=50428"}],"version-history":[{"count":3,"href":"https:\/\/www.xn--tuksimaailm-ffb.ee\/en\/wp-json\/wp\/v2\/pages\/50428\/revisions"}],"predecessor-version":[{"id":50440,"href":"https:\/\/www.xn--tuksimaailm-ffb.ee\/en\/wp-json\/wp\/v2\/pages\/50428\/revisions\/50440"}],"wp:attachment":[{"href":"https:\/\/www.xn--tuksimaailm-ffb.ee\/en\/wp-json\/wp\/v2\/media?parent=50428"}],"curies":[{"name":"wp","href":"https:\/\/api.w.org\/{rel}","templated":true}]}}