{"id":50481,"date":"2023-06-30T22:58:49","date_gmt":"2023-06-30T19:58:49","guid":{"rendered":"http:\/\/www.xn--tuksimaailm-ffb.ee\/electric-motorcycles-electric-dirtbikes\/"},"modified":"2024-11-20T17:45:36","modified_gmt":"2024-11-20T14:45:36","slug":"electric-motorcycles-electric-dirtbikes","status":"publish","type":"page","link":"https:\/\/www.xn--tuksimaailm-ffb.ee\/en\/rent-2\/electric-motorcycles-electric-dirtbikes\/","title":{"rendered":"Electric motorcycles\/electric dirtbikes"},"content":{"rendered":"\n<p><span style=\"background-color: #eeeeee;\">\n<div class=\"wrap plugin-container\">\n\n\t\n\t\n\t\t<h3 class=\"vrcclistheadt\">Elektrimootorratas<\/h3>\n\t<div class=\"vrc-search-results-block vrc-search-results-block-list\">\n\n\t<div class=\"car_result\">\n\t\t<div class=\"vrc-car-result-left\">\n\t\t\t\t\t<img decoding=\"async\" class=\"imgresult\" alt=\"SUR-RON Ultra Bee\" src=\"https:\/\/www.xn--tuksimaailm-ffb.ee\/wp-content\/plugins\/vikrentcar\/admin\/resources\/vthumb_touksimaailm_emoto_surron_ultra_bee_1.jpg\"\/>\n\t\t\t\t\t<\/div>\n\t\t<div class=\"vrc-car-result-right\">\n\t\t\t<div class=\"vrc-car-result-rightinner\">\n\t\t\t\t<div class=\"vrc-car-result-rightinner-deep\">\n\t\t\t\t\t<div class=\"vrc-car-result-inner\">\n\t\t\t\t\t\t<h4 class=\"vrc-car-name\">\n\t\t\t\t\t\t\t<a href=\"https:\/\/www.xn--tuksimaailm-ffb.ee\/en\/rent-2\/electric-motorcycles-electric-dirtbikes\/?option=com_vikrentcar&amp;view=cardetails&amp;carid=11\">SUR-RON Ultra Bee<\/a>\n\t\t\t\t\t\t<\/h4>\n\t\t\t\t\t\t\t\t\t\t\t<div class=\"vrc-car-category\">Elektrimootorratas, Elektrikrossikas<\/div>\n\t\t\t\t\t\t\t\t\t\t\t\t<div class=\"vrc-car-result-description\">\n\t\t\t\t\t\t<p style=\"font-size:smaller;font-weight: bold\">S\u00f5idukaugus ~140km | laadimisaeg 4.5h<\/p>\t\t\t\t\t\t<\/div>\n\t\t\t\t\t\t\t\t\t\t\t<\/div>\n\t\t\t\t\t<div class=\"vrc-car-lastblock\">\n\t\t\t\t\t\t<div class=\"vrc-car-price\">\n\t\t\t\t\t\t\t<div class=\"vrcsrowpricediv\">\n\t\t\t\t\t\t\t\t\t\t\t\t\t\t\t\n\t\t\t\t\t\t\t\t<!-- 1 to 6 days -->\n\t\t\t\t\t\t\t\t<div>\n\t\t\t\t\t\t\t\t\t<span class=\"\"><span class=\"vrc_currency\">\u20ac<\/span>\n\t\t\t\t\t\t\t\t\t<span class=\"vrc_price\">79.00<\/span>\n\t\t\t\t\t\t\t\t\t<span>\/p\u00e4ev<\/span>\n\t\t\t\t\t\t\t\t\t<span>(1 - 6 p\u00e4eva)<\/span>\n\t\t\t\t\t\t\t\t<\/div>\n\t\t\t\t\t\t\t\t<!-- 7 to 29 days -->\n\t\t\t\t\t\t\t\t<div>\n\t\t\t\t\t\t\t\t\t<span class=\"\"><span class=\"vrc_currency\">\u20ac<\/span>\n\t\t\t\t\t\t\t\t\t<span class=\"vrc_price\">59.25<\/span>\n\t\t\t\t\t\t\t\t\t<span>\/p\u00e4ev<\/span>\n\t\t\t\t\t\t\t\t\t<span>(7 - 29 p\u00e4eva)<\/span>\n\t\t\t\t\t\t\t\t<\/div>\n\t\t\t\t\t\t\t\t<!-- 30 to 90 days -->\n\t\t\t\t\t\t\t\t<div style=\"font-weight: 600;\">\n\t\t\t\t\t\t\t\t\t<span><span class=\"vrc_currency\">\u20ac<\/span>\n\t\t\t\t\t\t\t\t\t<span class=\"vrc_price\">39.50<\/span>\n\t\t\t\t\t\t\t\t\t<span>\/p\u00e4ev<\/span>\n\t\t\t\t\t\t\t\t\t<span>(30 - 90 p\u00e4eva)<\/span>\n\t\t\t\t\t\t\t\t<\/div>\n\t\t\t\t\t\t\t\n\t\t\t\t\t\t\t\t\t\t\t\t\t\t<\/div>\n\t\t\t\t\t\t<\/div>\n\t\t\t\t\t\t<div class=\"vrc-car-bookingbtn\">\n\t\t\t\t\t\t\t<span class=\"vrclistgoon\"><a class=\"btn vrc-pref-color-btn\" href=\"https:\/\/www.xn--tuksimaailm-ffb.ee\/en\/rent-2\/electric-motorcycles-electric-dirtbikes\/?option=com_vikrentcar&amp;view=cardetails&amp;carid=11\">View Details<\/a><\/span>\n\t\t\t\t\t\t<\/div>\n\t\t\t\t\t<\/div>\n\t\t\t\t<\/div>\n\t\t\t<\/div>\n\t\t<\/div>\n\t<\/div>\n\t\t<div class=\"car_result\">\n\t\t<div class=\"vrc-car-result-left\">\n\t\t\t\t\t<img decoding=\"async\" class=\"imgresult\" alt=\"SUR-RON Light Bee X\" src=\"https:\/\/www.xn--tuksimaailm-ffb.ee\/wp-content\/plugins\/vikrentcar\/admin\/resources\/vthumb_115.06.23_tuksimaailm_-_surron_-_thesaju_-__dsc9793.jpg\"\/>\n\t\t\t\t\t<\/div>\n\t\t<div class=\"vrc-car-result-right\">\n\t\t\t<div class=\"vrc-car-result-rightinner\">\n\t\t\t\t<div class=\"vrc-car-result-rightinner-deep\">\n\t\t\t\t\t<div class=\"vrc-car-result-inner\">\n\t\t\t\t\t\t<h4 class=\"vrc-car-name\">\n\t\t\t\t\t\t\t<a href=\"https:\/\/www.xn--tuksimaailm-ffb.ee\/en\/rent-2\/electric-motorcycles-electric-dirtbikes\/?option=com_vikrentcar&amp;view=cardetails&amp;carid=3\">SUR-RON Light Bee X<\/a>\n\t\t\t\t\t\t<\/h4>\n\t\t\t\t\t\t\t\t\t\t\t<div class=\"vrc-car-category\">Elektrimootorratas, Elektrikrossikas<\/div>\n\t\t\t\t\t\t\t\t\t\t\t\t<div class=\"vrc-car-result-description\">\n\t\t\t\t\t\t<p style=\"font-size:smaller;font-weight: bold\">S\u00f5idukaugus ~80km | laadimisaeg 3.5h<\/p>\t\t\t\t\t\t<\/div>\n\t\t\t\t\t\t\t\t\t\t\t<\/div>\n\t\t\t\t\t<div class=\"vrc-car-lastblock\">\n\t\t\t\t\t\t<div class=\"vrc-car-price\">\n\t\t\t\t\t\t\t<div class=\"vrcsrowpricediv\">\n\t\t\t\t\t\t\t\t\t\t\t\t\t\t\t\n\t\t\t\t\t\t\t\t<!-- 1 to 6 days -->\n\t\t\t\t\t\t\t\t<div>\n\t\t\t\t\t\t\t\t\t<span class=\"\"><span class=\"vrc_currency\">\u20ac<\/span>\n\t\t\t\t\t\t\t\t\t<span class=\"vrc_price\">59.00<\/span>\n\t\t\t\t\t\t\t\t\t<span>\/p\u00e4ev<\/span>\n\t\t\t\t\t\t\t\t\t<span>(1 - 6 p\u00e4eva)<\/span>\n\t\t\t\t\t\t\t\t<\/div>\n\t\t\t\t\t\t\t\t<!-- 7 to 29 days -->\n\t\t\t\t\t\t\t\t<div>\n\t\t\t\t\t\t\t\t\t<span class=\"\"><span class=\"vrc_currency\">\u20ac<\/span>\n\t\t\t\t\t\t\t\t\t<span class=\"vrc_price\">44.25<\/span>\n\t\t\t\t\t\t\t\t\t<span>\/p\u00e4ev<\/span>\n\t\t\t\t\t\t\t\t\t<span>(7 - 29 p\u00e4eva)<\/span>\n\t\t\t\t\t\t\t\t<\/div>\n\t\t\t\t\t\t\t\t<!-- 30 to 90 days -->\n\t\t\t\t\t\t\t\t<div style=\"font-weight: 600;\">\n\t\t\t\t\t\t\t\t\t<span><span class=\"vrc_currency\">\u20ac<\/span>\n\t\t\t\t\t\t\t\t\t<span class=\"vrc_price\">29.50<\/span>\n\t\t\t\t\t\t\t\t\t<span>\/p\u00e4ev<\/span>\n\t\t\t\t\t\t\t\t\t<span>(30 - 90 p\u00e4eva)<\/span>\n\t\t\t\t\t\t\t\t<\/div>\n\t\t\t\t\t\t\t\n\t\t\t\t\t\t\t\t\t\t\t\t\t\t<\/div>\n\t\t\t\t\t\t<\/div>\n\t\t\t\t\t\t<div class=\"vrc-car-bookingbtn\">\n\t\t\t\t\t\t\t<span class=\"vrclistgoon\"><a class=\"btn vrc-pref-color-btn\" href=\"https:\/\/www.xn--tuksimaailm-ffb.ee\/en\/rent-2\/electric-motorcycles-electric-dirtbikes\/?option=com_vikrentcar&amp;view=cardetails&amp;carid=3\">View Details<\/a><\/span>\n\t\t\t\t\t\t<\/div>\n\t\t\t\t\t<\/div>\n\t\t\t\t<\/div>\n\t\t\t<\/div>\n\t\t<\/div>\n\t<\/div>\n\t\t<div class=\"car_result\">\n\t\t<div class=\"vrc-car-result-left\">\n\t\t\t\t\t<img decoding=\"async\" class=\"imgresult\" alt=\"Talaria XXX (TL2500) 2025\" src=\"https:\/\/www.xn--tuksimaailm-ffb.ee\/wp-content\/plugins\/vikrentcar\/admin\/resources\/vthumb_25.06.23_tuksimaailm_-_talaria_surron_thesaju_tondiraba_elektrimootorratas_-_dscf8610.jpg\"\/>\n\t\t\t\t\t<\/div>\n\t\t<div class=\"vrc-car-result-right\">\n\t\t\t<div class=\"vrc-car-result-rightinner\">\n\t\t\t\t<div class=\"vrc-car-result-rightinner-deep\">\n\t\t\t\t\t<div class=\"vrc-car-result-inner\">\n\t\t\t\t\t\t<h4 class=\"vrc-car-name\">\n\t\t\t\t\t\t\t<a href=\"https:\/\/www.xn--tuksimaailm-ffb.ee\/en\/rent-2\/electric-motorcycles-electric-dirtbikes\/?option=com_vikrentcar&amp;view=cardetails&amp;carid=5\">Talaria XXX (TL2500) 2025<\/a>\n\t\t\t\t\t\t<\/h4>\n\t\t\t\t\t\t\t\t\t\t\t<div class=\"vrc-car-category\">Elektrimootorratas, Elektrikrossikas<\/div>\n\t\t\t\t\t\t\t\t\t\t\t\t<div class=\"vrc-car-result-description\">\n\t\t\t\t\t\t<p style=\"font-size:smaller;font-weight: bold\">S\u00f5idukaugus ~80km | laadimisaeg 3.5h<\/p>\t\t\t\t\t\t<\/div>\n\t\t\t\t\t\t\t\t\t\t\t<\/div>\n\t\t\t\t\t<div class=\"vrc-car-lastblock\">\n\t\t\t\t\t\t<div class=\"vrc-car-price\">\n\t\t\t\t\t\t\t<div class=\"vrcsrowpricediv\">\n\t\t\t\t\t\t\t\t\t\t\t\t\t\t\t\n\t\t\t\t\t\t\t\t<!-- 1 to 6 days -->\n\t\t\t\t\t\t\t\t<div>\n\t\t\t\t\t\t\t\t\t<span class=\"\"><span class=\"vrc_currency\">\u20ac<\/span>\n\t\t\t\t\t\t\t\t\t<span class=\"vrc_price\">49.00<\/span>\n\t\t\t\t\t\t\t\t\t<span>\/p\u00e4ev<\/span>\n\t\t\t\t\t\t\t\t\t<span>(1 - 6 p\u00e4eva)<\/span>\n\t\t\t\t\t\t\t\t<\/div>\n\t\t\t\t\t\t\t\t<!-- 7 to 29 days -->\n\t\t\t\t\t\t\t\t<div>\n\t\t\t\t\t\t\t\t\t<span class=\"\"><span class=\"vrc_currency\">\u20ac<\/span>\n\t\t\t\t\t\t\t\t\t<span class=\"vrc_price\">36.75<\/span>\n\t\t\t\t\t\t\t\t\t<span>\/p\u00e4ev<\/span>\n\t\t\t\t\t\t\t\t\t<span>(7 - 29 p\u00e4eva)<\/span>\n\t\t\t\t\t\t\t\t<\/div>\n\t\t\t\t\t\t\t\t<!-- 30 to 90 days -->\n\t\t\t\t\t\t\t\t<div style=\"font-weight: 600;\">\n\t\t\t\t\t\t\t\t\t<span><span class=\"vrc_currency\">\u20ac<\/span>\n\t\t\t\t\t\t\t\t\t<span class=\"vrc_price\">24.50<\/span>\n\t\t\t\t\t\t\t\t\t<span>\/p\u00e4ev<\/span>\n\t\t\t\t\t\t\t\t\t<span>(30 - 90 p\u00e4eva)<\/span>\n\t\t\t\t\t\t\t\t<\/div>\n\t\t\t\t\t\t\t\n\t\t\t\t\t\t\t\t\t\t\t\t\t\t<\/div>\n\t\t\t\t\t\t<\/div>\n\t\t\t\t\t\t<div class=\"vrc-car-bookingbtn\">\n\t\t\t\t\t\t\t<span class=\"vrclistgoon\"><a class=\"btn vrc-pref-color-btn\" href=\"https:\/\/www.xn--tuksimaailm-ffb.ee\/en\/rent-2\/electric-motorcycles-electric-dirtbikes\/?option=com_vikrentcar&amp;view=cardetails&amp;carid=5\">View Details<\/a><\/span>\n\t\t\t\t\t\t<\/div>\n\t\t\t\t\t<\/div>\n\t\t\t\t<\/div>\n\t\t\t<\/div>\n\t\t<\/div>\n\t<\/div>\n\t<\/div>\n\n<script type=\"text\/javascript\">\njQuery(function() {\n\tif (jQuery('.car_result').length) {\n\t\tjQuery('.car_result').each(function() {\n\t\t\tvar car_img = jQuery(this).find('.vrc-car-result-left').find('img');\n\t\t\tif (car_img.length) {\n\t\t\t\tjQuery(this).find('.vrc-car-result-right').find('.vrc-car-result-rightinner').find('.vrc-car-result-rightinner-deep').find('.vrc-car-result-inner').css('min-height', car_img.height()+'px');\n\t\t\t}\n\t\t});\n\t};\n});\n<\/script>\n\n<\/div>\n<\/span><\/p>\n","protected":false},"excerpt":{"rendered":"","protected":false},"author":21,"featured_media":37319,"parent":50496,"menu_order":0,"comment_status":"closed","ping_status":"closed","template":"","meta":{"footnotes":""},"class_list":["post-50481","page","type-page","status-publish","has-post-thumbnail","hentry"],"yoast_head":"<!-- This site is optimized with the Yoast SEO Premium plugin v26.8 (Yoast SEO v27.5) - https:\/\/yoast.com\/product\/yoast-seo-premium-wordpress\/ -->\n<title>Electric motorcycles\/electric dirtbikes &#8212; T\u00f5uksimaailm<\/title>\n<meta name=\"robots\" content=\"index, follow, max-snippet:-1, max-image-preview:large, max-video-preview:-1\" \/>\n<link rel=\"canonical\" href=\"https:\/\/www.xn--tuksimaailm-ffb.ee\/en\/rent-2\/electric-motorcycles-electric-dirtbikes\/\" \/>\n<meta property=\"og:locale\" content=\"en_US\" \/>\n<meta property=\"og:type\" content=\"article\" \/>\n<meta property=\"og:title\" content=\"Electric motorcycles\/electric dirtbikes\" \/>\n<meta property=\"og:url\" content=\"https:\/\/www.xn--tuksimaailm-ffb.ee\/en\/rent-2\/electric-motorcycles-electric-dirtbikes\/\" \/>\n<meta property=\"og:site_name\" content=\"T\u00f5uksimaailm\" \/>\n<meta property=\"article:publisher\" content=\"https:\/\/www.facebook.com\/touksimaailm\/\" \/>\n<meta property=\"article:modified_time\" content=\"2024-11-20T14:45:36+00:00\" \/>\n<meta property=\"og:image\" content=\"https:\/\/www.xn--tuksimaailm-ffb.ee\/wp-content\/uploads\/2023\/06\/25.06.23_Touksimaailm-Talaria-Surron-Tahesaju-Tondiraba-Elektrimootorratas-DSCF8813-fit-scaled.webp\" \/>\n\t<meta property=\"og:image:width\" content=\"2560\" \/>\n\t<meta property=\"og:image:height\" content=\"617\" \/>\n\t<meta property=\"og:image:type\" content=\"image\/jpeg\" \/>\n<meta name=\"twitter:card\" content=\"summary_large_image\" \/>\n<!-- \/ Yoast SEO Premium plugin. -->","yoast_head_json":{"title":"Electric motorcycles\/electric dirtbikes &#8212; T\u00f5uksimaailm","robots":{"index":"index","follow":"follow","max-snippet":"max-snippet:-1","max-image-preview":"max-image-preview:large","max-video-preview":"max-video-preview:-1"},"canonical":"https:\/\/www.xn--tuksimaailm-ffb.ee\/en\/rent-2\/electric-motorcycles-electric-dirtbikes\/","og_locale":"en_US","og_type":"article","og_title":"Electric motorcycles\/electric dirtbikes","og_url":"https:\/\/www.xn--tuksimaailm-ffb.ee\/en\/rent-2\/electric-motorcycles-electric-dirtbikes\/","og_site_name":"T\u00f5uksimaailm","article_publisher":"https:\/\/www.facebook.com\/touksimaailm\/","article_modified_time":"2024-11-20T14:45:36+00:00","og_image":[{"width":2560,"height":617,"url":"https:\/\/www.xn--tuksimaailm-ffb.ee\/wp-content\/uploads\/2023\/06\/25.06.23_Touksimaailm-Talaria-Surron-Tahesaju-Tondiraba-Elektrimootorratas-DSCF8813-fit-scaled.webp","type":"image\/jpeg"}],"twitter_card":"summary_large_image","schema":{"@context":"https:\/\/schema.org","@graph":[{"@type":"WebPage","@id":"https:\/\/www.xn--tuksimaailm-ffb.ee\/en\/rent-2\/electric-motorcycles-electric-dirtbikes\/","url":"https:\/\/www.xn--tuksimaailm-ffb.ee\/en\/rent-2\/electric-motorcycles-electric-dirtbikes\/","name":"Electric motorcycles\/electric dirtbikes &#8212; T\u00f5uksimaailm","isPartOf":{"@id":"https:\/\/www.xn--tuksimaailm-ffb.ee\/en\/#website"},"primaryImageOfPage":{"@id":"https:\/\/www.xn--tuksimaailm-ffb.ee\/en\/rent-2\/electric-motorcycles-electric-dirtbikes\/#primaryimage"},"image":{"@id":"https:\/\/www.xn--tuksimaailm-ffb.ee\/en\/rent-2\/electric-motorcycles-electric-dirtbikes\/#primaryimage"},"thumbnailUrl":"https:\/\/www.xn--tuksimaailm-ffb.ee\/wp-content\/uploads\/2023\/06\/25.06.23_Touksimaailm-Talaria-Surron-Tahesaju-Tondiraba-Elektrimootorratas-DSCF8813-fit-scaled.webp","datePublished":"2023-06-30T19:58:49+00:00","dateModified":"2024-11-20T14:45:36+00:00","breadcrumb":{"@id":"https:\/\/www.xn--tuksimaailm-ffb.ee\/en\/rent-2\/electric-motorcycles-electric-dirtbikes\/#breadcrumb"},"inLanguage":"en-US","potentialAction":[{"@type":"ReadAction","target":["https:\/\/www.xn--tuksimaailm-ffb.ee\/en\/rent-2\/electric-motorcycles-electric-dirtbikes\/"]}]},{"@type":"ImageObject","inLanguage":"en-US","@id":"https:\/\/www.xn--tuksimaailm-ffb.ee\/en\/rent-2\/electric-motorcycles-electric-dirtbikes\/#primaryimage","url":"https:\/\/www.xn--tuksimaailm-ffb.ee\/wp-content\/uploads\/2023\/06\/25.06.23_Touksimaailm-Talaria-Surron-Tahesaju-Tondiraba-Elektrimootorratas-DSCF8813-fit-scaled.webp","contentUrl":"https:\/\/www.xn--tuksimaailm-ffb.ee\/wp-content\/uploads\/2023\/06\/25.06.23_Touksimaailm-Talaria-Surron-Tahesaju-Tondiraba-Elektrimootorratas-DSCF8813-fit-scaled.webp","width":2560,"height":617},{"@type":"BreadcrumbList","@id":"https:\/\/www.xn--tuksimaailm-ffb.ee\/en\/rent-2\/electric-motorcycles-electric-dirtbikes\/#breadcrumb","itemListElement":[{"@type":"ListItem","position":1,"name":"Home","item":"https:\/\/www.xn--tuksimaailm-ffb.ee\/en\/main-page\/"},{"@type":"ListItem","position":2,"name":"Rent","item":"https:\/\/www.xn--tuksimaailm-ffb.ee\/en\/rent\/"},{"@type":"ListItem","position":3,"name":"Electric motorcycles\/electric dirtbikes"}]},{"@type":"WebSite","@id":"https:\/\/www.xn--tuksimaailm-ffb.ee\/en\/#website","url":"https:\/\/www.xn--tuksimaailm-ffb.ee\/en\/","name":"T\u00f5uksimaailm","description":"Elektrit\u00f5ukerataste m\u00fc\u00fck, remont ja rent","publisher":{"@id":"https:\/\/www.xn--tuksimaailm-ffb.ee\/en\/#organization"},"potentialAction":[{"@type":"SearchAction","target":{"@type":"EntryPoint","urlTemplate":"https:\/\/www.xn--tuksimaailm-ffb.ee\/en\/?s={search_term_string}"},"query-input":{"@type":"PropertyValueSpecification","valueRequired":true,"valueName":"search_term_string"}}],"inLanguage":"en-US"},{"@type":"Organization","@id":"https:\/\/www.xn--tuksimaailm-ffb.ee\/en\/#organization","name":"T\u00f5uksimaailm","url":"https:\/\/www.xn--tuksimaailm-ffb.ee\/en\/","logo":{"@type":"ImageObject","inLanguage":"en-US","@id":"https:\/\/www.xn--tuksimaailm-ffb.ee\/en\/#\/schema\/logo\/image\/","url":"https:\/\/www.xn--tuksimaailm-ffb.ee\/wp-content\/uploads\/2020\/01\/logoz-e1579792875517.png","contentUrl":"https:\/\/www.xn--tuksimaailm-ffb.ee\/wp-content\/uploads\/2020\/01\/logoz-e1579792875517.png","width":250,"height":250,"caption":"T\u00f5uksimaailm"},"image":{"@id":"https:\/\/www.xn--tuksimaailm-ffb.ee\/en\/#\/schema\/logo\/image\/"},"sameAs":["https:\/\/www.facebook.com\/touksimaailm\/","https:\/\/www.instagram.com\/touksimaailm_\/","https:\/\/www.youtube.com\/channel\/UC18ml0EKIDLP1xGuQjFzcXQ"]}]}},"jetpack_sharing_enabled":true,"_links":{"self":[{"href":"https:\/\/www.xn--tuksimaailm-ffb.ee\/en\/wp-json\/wp\/v2\/pages\/50481","targetHints":{"allow":["GET"]}}],"collection":[{"href":"https:\/\/www.xn--tuksimaailm-ffb.ee\/en\/wp-json\/wp\/v2\/pages"}],"about":[{"href":"https:\/\/www.xn--tuksimaailm-ffb.ee\/en\/wp-json\/wp\/v2\/types\/page"}],"author":[{"embeddable":true,"href":"https:\/\/www.xn--tuksimaailm-ffb.ee\/en\/wp-json\/wp\/v2\/users\/21"}],"replies":[{"embeddable":true,"href":"https:\/\/www.xn--tuksimaailm-ffb.ee\/en\/wp-json\/wp\/v2\/comments?post=50481"}],"version-history":[{"count":1,"href":"https:\/\/www.xn--tuksimaailm-ffb.ee\/en\/wp-json\/wp\/v2\/pages\/50481\/revisions"}],"predecessor-version":[{"id":50482,"href":"https:\/\/www.xn--tuksimaailm-ffb.ee\/en\/wp-json\/wp\/v2\/pages\/50481\/revisions\/50482"}],"up":[{"embeddable":true,"href":"https:\/\/www.xn--tuksimaailm-ffb.ee\/en\/wp-json\/wp\/v2\/pages\/50496"}],"wp:featuredmedia":[{"embeddable":true,"href":"https:\/\/www.xn--tuksimaailm-ffb.ee\/en\/wp-json\/wp\/v2\/media\/37319"}],"wp:attachment":[{"href":"https:\/\/www.xn--tuksimaailm-ffb.ee\/en\/wp-json\/wp\/v2\/media?parent=50481"}],"curies":[{"name":"wp","href":"https:\/\/api.w.org\/{rel}","templated":true}]}}