{"id":51054,"date":"2021-02-21T18:02:32","date_gmt":"2021-02-21T15:02:32","guid":{"rendered":"http:\/\/www.xn--tuksimaailm-ffb.ee\/wholesale\/"},"modified":"2024-11-26T18:15:41","modified_gmt":"2024-11-26T15:15:41","slug":"wholesale","status":"publish","type":"page","link":"https:\/\/www.xn--tuksimaailm-ffb.ee\/en\/wholesale\/","title":{"rendered":"Wholesale"},"content":{"rendered":"\n<h5 class=\"wp-block-heading\" id=\"h-hulgimuuk-touksimaailm-pakub-lisaks-jaemuugile-ka-elektritoukeratta-varuosade-ja-lisavarustuse-hulgimuuki\"><p><strong>Wholesale - In addition to retail sales, T\u00f5uksimaailm also offers wholesale of electric scooter spare parts and accessories.<\/strong><\/p><\/h5>\n\n<p class=\"has-text-align-justify\"><p>If you represent an electric scooter workshop or shop, a bicycle workshop or shop, a workshop for other motor vehicles (cars, motorcycles), an electronics repair shop or any other establishment where electric scooter owners often seek help with tyre replacement or electronics problems and the work is not accepted mainly because the necessary spare parts cannot be obtained quickly, please feel free to <a href=\"http:\/\/www.xn--tuksimaailm-ffb.ee\/kontakt\/\">contact<\/a> us - <strong>info@touksimaailm.ee<\/strong>.<\/p><\/p>\n\n<p class=\"has-text-align-justify\"><p>We offer all the products listed in our <a href=\"http:\/\/www.xn--tuksimaailm-ffb.ee\/tootekategooria\/lisavarustus\/\">accessories<\/a> and <a href=\"http:\/\/www.xn--tuksimaailm-ffb.ee\/tootekategooria\/elektritoukeratta-varuosad\/\">spare parts<\/a> categories. We have spare parts for the following brands of electric scooters:<\/p><\/p>\n\n<ul class=\"wp-block-list\">\n<li>Xiaomi<\/li>\n\n\n\n<li>Segway Ninebot<\/li>\n\n\n\n<li>Kugoo \/ Cityway<\/li>\n\n\n\n<li>Inokim<\/li>\n\n\n\n<li>Kaabo<\/li>\n\n\n\n<li>Minimotors Dualtron<\/li>\n\n\n\n<li>Velt Smart Scooter<\/li>\n\n\n\n<li>Blaupunkt \/ HX <\/li>\n\n\n\n<li>Power Zero \/ Techlife<\/li>\n\n\n\n<li>Nami<\/li>\n\n\n\n<li>Nanrobot<\/li>\n\n\n\n<li>Vsett<\/li>\n\n\n\n<li>Joyor \/ Gpad <\/li>\n<\/ul>\n\n<p class=\"has-text-align-justify\"><p>If you bring a brand of electric light bike to the country, but after-sales service is too much for you, we also offer <a href=\"http:\/\/www.xn--tuksimaailm-ffb.ee\/elektrilise-toukeratta-remont\/\">warranty repairs<\/a>. We always offer a discount on the regular price list for our warranty repair partners.<\/p><\/p>\n","protected":false},"excerpt":{"rendered":"<p>Wholesale - In addition to retail sales, T\u00f5uksimaailm also offers wholesale of electric scooter spare parts and accessories. If you represent an electric scooter workshop or shop, a bicycle workshop or shop, a workshop for other motor vehicles (cars, motorcycles), an electronics repair shop or any other establishment where electric &hellip;<\/p>\n","protected":false},"author":2,"featured_media":0,"parent":0,"menu_order":0,"comment_status":"closed","ping_status":"closed","template":"","meta":{"footnotes":""},"class_list":["post-51054","page","type-page","status-publish","hentry"],"yoast_head":"<!-- This site is optimized with the Yoast SEO Premium plugin v26.8 (Yoast SEO v27.3) - https:\/\/yoast.com\/product\/yoast-seo-premium-wordpress\/ -->\n<title>Electric scooter Spare Parts and Accessories Wholesale | T\u00f5uksimaailm<\/title>\n<meta name=\"description\" content=\"Wholesale - T\u00f5uksimaailm offers wholesale of electric scooter spare parts and accessories. Spare parts for Xiaomi, Segway Ninebot, Inokim, Kugoo and more.\" \/>\n<meta name=\"robots\" content=\"index, follow, max-snippet:-1, max-image-preview:large, max-video-preview:-1\" \/>\n<link rel=\"canonical\" href=\"https:\/\/www.xn--tuksimaailm-ffb.ee\/en\/wholesale\/\" \/>\n<meta property=\"og:locale\" content=\"en_US\" \/>\n<meta property=\"og:type\" content=\"article\" \/>\n<meta property=\"og:title\" content=\"Wholesale\" \/>\n<meta property=\"og:description\" content=\"Wholesale - T\u00f5uksimaailm offers wholesale of electric scooter spare parts and accessories. Spare parts for Xiaomi, Segway Ninebot, Inokim, Kugoo and more.\" \/>\n<meta property=\"og:url\" content=\"https:\/\/www.xn--tuksimaailm-ffb.ee\/en\/wholesale\/\" \/>\n<meta property=\"og:site_name\" content=\"T\u00f5uksimaailm\" \/>\n<meta property=\"article:publisher\" content=\"https:\/\/www.facebook.com\/touksimaailm\/\" \/>\n<meta property=\"article:modified_time\" content=\"2024-11-26T15:15:41+00:00\" \/>\n<meta name=\"twitter:card\" content=\"summary_large_image\" \/>\n<meta name=\"twitter:label1\" content=\"Est. reading time\" \/>\n\t<meta name=\"twitter:data1\" content=\"1 minute\" \/>\n<!-- \/ Yoast SEO Premium plugin. -->","yoast_head_json":{"title":"Electric scooter Spare Parts and Accessories Wholesale | T\u00f5uksimaailm","description":"Wholesale - T\u00f5uksimaailm offers wholesale of electric scooter spare parts and accessories. Spare parts for Xiaomi, Segway Ninebot, Inokim, Kugoo and more.","robots":{"index":"index","follow":"follow","max-snippet":"max-snippet:-1","max-image-preview":"max-image-preview:large","max-video-preview":"max-video-preview:-1"},"canonical":"https:\/\/www.xn--tuksimaailm-ffb.ee\/en\/wholesale\/","og_locale":"en_US","og_type":"article","og_title":"Wholesale","og_description":"Wholesale - T\u00f5uksimaailm offers wholesale of electric scooter spare parts and accessories. Spare parts for Xiaomi, Segway Ninebot, Inokim, Kugoo and more.","og_url":"https:\/\/www.xn--tuksimaailm-ffb.ee\/en\/wholesale\/","og_site_name":"T\u00f5uksimaailm","article_publisher":"https:\/\/www.facebook.com\/touksimaailm\/","article_modified_time":"2024-11-26T15:15:41+00:00","twitter_card":"summary_large_image","twitter_misc":{"Est. reading time":"1 minute"},"schema":{"@context":"https:\/\/schema.org","@graph":[{"@type":"WebPage","@id":"https:\/\/www.xn--tuksimaailm-ffb.ee\/en\/wholesale\/","url":"https:\/\/www.xn--tuksimaailm-ffb.ee\/en\/wholesale\/","name":"Electric scooter Spare Parts and Accessories Wholesale | T\u00f5uksimaailm","isPartOf":{"@id":"https:\/\/www.xn--tuksimaailm-ffb.ee\/en\/#website"},"datePublished":"2021-02-21T15:02:32+00:00","dateModified":"2024-11-26T15:15:41+00:00","description":"Wholesale - T\u00f5uksimaailm offers wholesale of electric scooter spare parts and accessories. Spare parts for Xiaomi, Segway Ninebot, Inokim, Kugoo and more.","breadcrumb":{"@id":"https:\/\/www.xn--tuksimaailm-ffb.ee\/en\/wholesale\/#breadcrumb"},"inLanguage":"en-US","potentialAction":[{"@type":"ReadAction","target":["https:\/\/www.xn--tuksimaailm-ffb.ee\/en\/wholesale\/"]}]},{"@type":"BreadcrumbList","@id":"https:\/\/www.xn--tuksimaailm-ffb.ee\/en\/wholesale\/#breadcrumb","itemListElement":[{"@type":"ListItem","position":1,"name":"Home","item":"https:\/\/www.xn--tuksimaailm-ffb.ee\/en\/main-page\/"},{"@type":"ListItem","position":2,"name":"Wholesale"}]},{"@type":"WebSite","@id":"https:\/\/www.xn--tuksimaailm-ffb.ee\/en\/#website","url":"https:\/\/www.xn--tuksimaailm-ffb.ee\/en\/","name":"T\u00f5uksimaailm","description":"Elektrit\u00f5ukerataste m\u00fc\u00fck, remont ja rent","publisher":{"@id":"https:\/\/www.xn--tuksimaailm-ffb.ee\/en\/#organization"},"potentialAction":[{"@type":"SearchAction","target":{"@type":"EntryPoint","urlTemplate":"https:\/\/www.xn--tuksimaailm-ffb.ee\/en\/?s={search_term_string}"},"query-input":{"@type":"PropertyValueSpecification","valueRequired":true,"valueName":"search_term_string"}}],"inLanguage":"en-US"},{"@type":"Organization","@id":"https:\/\/www.xn--tuksimaailm-ffb.ee\/en\/#organization","name":"T\u00f5uksimaailm","url":"https:\/\/www.xn--tuksimaailm-ffb.ee\/en\/","logo":{"@type":"ImageObject","inLanguage":"en-US","@id":"https:\/\/www.xn--tuksimaailm-ffb.ee\/en\/#\/schema\/logo\/image\/","url":"https:\/\/www.xn--tuksimaailm-ffb.ee\/wp-content\/uploads\/2020\/01\/logoz-e1579792875517.png","contentUrl":"https:\/\/www.xn--tuksimaailm-ffb.ee\/wp-content\/uploads\/2020\/01\/logoz-e1579792875517.png","width":250,"height":250,"caption":"T\u00f5uksimaailm"},"image":{"@id":"https:\/\/www.xn--tuksimaailm-ffb.ee\/en\/#\/schema\/logo\/image\/"},"sameAs":["https:\/\/www.facebook.com\/touksimaailm\/","https:\/\/www.instagram.com\/touksimaailm_\/","https:\/\/www.youtube.com\/channel\/UC18ml0EKIDLP1xGuQjFzcXQ"]}]}},"jetpack_sharing_enabled":true,"_links":{"self":[{"href":"https:\/\/www.xn--tuksimaailm-ffb.ee\/en\/wp-json\/wp\/v2\/pages\/51054","targetHints":{"allow":["GET"]}}],"collection":[{"href":"https:\/\/www.xn--tuksimaailm-ffb.ee\/en\/wp-json\/wp\/v2\/pages"}],"about":[{"href":"https:\/\/www.xn--tuksimaailm-ffb.ee\/en\/wp-json\/wp\/v2\/types\/page"}],"author":[{"embeddable":true,"href":"https:\/\/www.xn--tuksimaailm-ffb.ee\/en\/wp-json\/wp\/v2\/users\/2"}],"replies":[{"embeddable":true,"href":"https:\/\/www.xn--tuksimaailm-ffb.ee\/en\/wp-json\/wp\/v2\/comments?post=51054"}],"version-history":[{"count":1,"href":"https:\/\/www.xn--tuksimaailm-ffb.ee\/en\/wp-json\/wp\/v2\/pages\/51054\/revisions"}],"predecessor-version":[{"id":51055,"href":"https:\/\/www.xn--tuksimaailm-ffb.ee\/en\/wp-json\/wp\/v2\/pages\/51054\/revisions\/51055"}],"wp:attachment":[{"href":"https:\/\/www.xn--tuksimaailm-ffb.ee\/en\/wp-json\/wp\/v2\/media?parent=51054"}],"curies":[{"name":"wp","href":"https:\/\/api.w.org\/{rel}","templated":true}]}}