{"id":51056,"date":"2024-05-15T22:54:08","date_gmt":"2024-05-15T19:54:08","guid":{"rendered":"http:\/\/www.xn--tuksimaailm-ffb.ee\/repair-and-maintenance-of-electric-motorcycles-and-mopeds\/"},"modified":"2024-11-26T18:43:18","modified_gmt":"2024-11-26T15:43:18","slug":"repair-and-maintenance-of-electric-motorcycles-and-mopeds","status":"publish","type":"page","link":"https:\/\/www.xn--tuksimaailm-ffb.ee\/en\/repair-and-maintenance-of-electric-motorcycles-and-mopeds\/","title":{"rendered":"REPAIR AND MAINTENANCE OF ELECTRIC MOTORCYCLES AND MOPEDS"},"content":{"rendered":"\n<h2 class=\"wp-block-heading\" id=\"elektritoukeratta-hooldus-hinnakiri\">MAINTENANCE OF ELECTRIC MOTORCYCLES AND MOPEDS - PRICE LIST<\/h2>\n\n<h4 class=\"wp-block-heading\" id=\"h-lihthooldus-149\">BASIC MAINTEINANCE<\/h4>\n\n<ul class=\"wp-block-list\">\n<li>External washing \/ cleaning*<\/li>\n\n\n\n<li>Brakes calibration \/ adjustment<\/li>\n\n\n\n<li>Oil change (gearbox)<\/li>\n\n\n\n<li>Motor phase wire checkup<\/li>\n\n\n\n<li>Chain lubing<\/li>\n\n\n\n<li>Tightening spokes<\/li>\n\n\n\n<li>Tire inflation \/ pressure check<\/li>\n\n\n\n<li>Removing any slacks and squeaks<\/li>\n\n\n\n<li>Checking fasteners, locknuts, bolts<\/li>\n\n\n\n<li>Inspection of the technical condition, inspection of wear parts, advice on further action if necessary, advice on the use of the electric bicycle.<\/li>\n<\/ul>\n\n<h4 class=\"wp-block-heading\" id=\"h-taishooldus-199\">FULL SERVICE - 199\u20ac<\/h4>\n\n<ul class=\"wp-block-list\">\n<li>Outer cleaning \/ washing*<\/li>\n\n\n\n<li>Brakes calibration \/ adjustment<\/li>\n\n\n\n<li>Oil change (gearbox)<\/li>\n\n\n\n<li>Motor phase wire checkup<\/li>\n\n\n\n<li>Chain lubing<\/li>\n\n\n\n<li>Tightening spokes<\/li>\n\n\n\n<li>Tire inflation \/ pressure check<\/li>\n\n\n\n<li>Removing any slacks and squeaks<\/li>\n\n\n\n<li>Checking fasteners, locknuts, bolts<\/li>\n\n\n\n<li>Visual inspection of electric parts \u2013 we carefully examine the electronics for any damage, corrosion, or bad connection.<\/li>\n\n\n\n<li>Headset lubrication<\/li>\n\n\n\n<li>Inspection of the technical condition, inspection of wear parts, advice on further action if necessary, advice on the use of the electric bicycle.<\/li>\n\n\n\n<li>Changing the consumable parts. The service price for changing the spare parts that are consumables is included in the price \u2013 brake pads, brake rotors, tires, griptape<\/li>\n\n\n\n<li>Suspension maintenance \/ lubrication<\/li>\n<\/ul>\n\n<h2 class=\"wp-block-heading\" id=\"elektritoukeratta-remont-toode-hinnakiri\"><p>REPAIR OF ELECTRIC MOTORCYCLES AND SCOOTERS - <b>PRICE LIST OF WORKS<\/b><\/p><\/h2>\n\n<h4 class=\"wp-block-heading\" id=\"h-rattad-rehvid-laagrid\">WHEELS, TIRES, BEARINGS<\/h4>\n\n<ol class=\"wp-block-list\">\n<li><p>Replacement <a href=\"http:\/\/www.xn--tuksimaailm-ffb.ee\/elektritoukeratta-rehvivahetus\/\">of inner and\/or outer tyre<\/a>: <b>19\u20ac - 89\u20ac<\/b><\/p><\/li>\n\n\n\n<li><p>Tubeless tyre replacement: <b>29\u20ac - 97\u20ac<\/b><\/p><\/li>\n\n\n\n<li><p>Tubeless tyre fitting (cord in): 18\u20ac<\/p><\/li>\n\n\n\n<li><p>Filling a tubeless tyre with an anti-puncture agent: <b>18\u20ac<\/b><\/p><\/li>\n\n\n\n<li><p>Fitting of studs \/ studs on the tyre surface (studs included in the price): <b>55 - 155\u20ac<\/b> (depending on the type of stud).<\/p><\/li>\n<\/ol>\n\n<h4 class=\"wp-block-heading\" id=\"h-elekter-tarkvara-firmware\">ELECTRONICS, SOFTWARE \/ FIRMWARE:<\/h4>\n\n<ol class=\"wp-block-list\">\n<li><p><span style=\"background-color: rgb(238, 238, 238);\">Elektroonika diagnostika (vajalik kui puudub veakood):\u00a0<\/span><strong style=\"background-color: rgb(238, 238, 238);\">39\u20ac - 96\u20ac<\/strong><\/p><\/li>\n\n\n\n<li><p>Waterproofing upgrade: <b>59\u20ac - 199\u20ac<\/b><\/p><\/li>\n\n\n\n<li><p>Battery replacement: <b>5\u20ac - 59\u20ac<\/b><\/p><\/li>\n\n\n\n<li><p>Controller (motherboard) replacement: <b>39\u20ac - 98\u20ac<\/b><\/p><\/li>\n\n\n\n<li><p>Basic electronics check (corrosion\/water damage, insulation damage and connections): <b>\u20ac53.<\/b><\/p><\/li>\n\n\n\n<li><p>Battery capacity test 100%-0% (we give the percentage of aging): <b>25\u20ac - 66\u20ac<\/b><\/p><\/li>\n\n\n\n<li><p>Installation of non-original controller kit (new connectors and wiring included): <b>99\u20ac - 239\u20ac.<\/b><\/p><\/li>\n\n\n\n<li><p>Replacement or repair of a light: <b>19\u20ac - 54\u20ac<\/b><\/p><\/li>\n\n\n\n<li><p>Replacement of gas pedal \/ throttle or electric brake (e-brake) pedal: <b>5\u20ac - 42\u20ac.<\/b><\/p><\/li>\n\n\n\n<li><p>PAS sensor replacement: <b>25\u20ac - 59\u20ac<\/b><\/p><\/li>\n\n\n\n<li><p>Firmware recovery: <b>25\u20ac - 59\u20ac<\/b><\/p><\/li>\n\n\n\n<li><p>BMS (battery management module) replacement: <b>79 - 199\u20ac<\/b><\/p><\/li>\n\n\n\n<li><p>Screen \/ display replacement: <b>19\u20ac - 42\u20ac<\/b><\/p><\/li>\n\n\n\n<li><p>Replacement of hall sensor(s) in motor): <b>89\u20ac - 119\u20ac<\/b><\/p><\/li>\n\n\n\n<li><p>Soldering or re-soldering of engine winding contact(s): <b>84\u20ac.<\/b><\/p><\/li>\n<\/ol>\n\n<h4 class=\"wp-block-heading\" id=\"h-korpus-lenks-ja-kahvel\">FRAME, HANDLEBAR AND FORK<\/h4>\n\n<ol class=\"wp-block-list\">\n<li><p>Change of handlegrips: <b>9\u20ac - 35\u20ac<\/b><\/p><\/li>\n\n\n\n<li><p>Changing a fork or an suspension: <b>29\u20ac - 119\u20ac<\/b><\/p><\/li>\n\n\n\n<li><p>Lubrication and cleaning of headset and bearings:<b> 15\u20ac - 119\u20ac<\/b><\/p><\/li>\n\n\n\n<li><p>Change of headset and bearings: <b>29\u20ac - 119\u20ac<\/b><\/p><\/li>\n\n\n\n<li><p>Adjustment of headset: <b>15\u20ac - 69.5\u20ac<\/b><\/p><\/li>\n\n\n\n<li><p>Cleaning \/ washing**:<b> 19\u20ac - 47\u20ac<\/b><\/p><\/li>\n\n\n\n<li><p>Amortis lubrication \/ maintenance: <b>23\u20ac<\/b><\/p><\/li>\n\n\n\n<li><p>Charging socket \/ plug replacement: <b>15\u20ac - 42\u20ac<\/b><\/p><\/li>\n<\/ol>\n\n<p>**Maintenance \/ repair of a very dirty motorcycle - 10\u20ac extra for cleaning.<\/p>\n\n<h4 class=\"wp-block-heading\" id=\"h-pidurid\">BRAKES<\/h4>\n\n<ol class=\"wp-block-list\">\n<li><p>Brake adjustment\/repair (1 or 2 brakes): <b>49\u20ac - 69\u20ac<\/b><\/p><\/li>\n\n\n\n<li><p>Brake lever replacement: <b>19\u20ac - 47\u20ac<\/b><\/p><\/li>\n\n\n\n<li><p>Brake wire cleaning and oiling: <b>15\u20ac - 42\u20ac<\/b><\/p><\/li>\n\n\n\n<li><p>Brake wire replacement (with new brake ring): <b>29\u20ac - 54\u20ac<\/b><\/p><\/li>\n\n\n\n<li><p>Replacement of disc brake pads: <b>9\u20ac - 18\u20ac<\/b><\/p><\/li>\n\n\n\n<li><p>Brake support replacement: <b>9\u20ac - 18\u20ac<\/b><\/p><\/li>\n\n\n\n<li><p>Brake disc replacement: <b>15\u20ac<\/b> (wheel without motor) | <b>25\u20ac - 99\u20ac<\/b> (wheel with motor).<\/p><\/li>\n\n\n\n<li><p>Brake disc straightening: <b>9\u20ac - 23\u20ac<\/b><\/p><\/li>\n\n\n\n<li><p>Installation of hydraulic disc brake kit: <b>55\u20ac<\/b><\/p><\/li>\n<\/ol>\n\n<p><p><b>For other work not included in the price list, the hourly rate is 59\u20ac-79\u20ac\/h (depending on the type of work).<\/b><\/p><\/p>\n\n<p><p><b>*- T\u00f5uksimaailm does not guarantee that the vehicle will remain in working order after a software change for tuning purposes.<\/b> <b>Tuning will certainly affect the lifetime of your electric motorcycle components to some extent.<\/b><\/p><\/p>\n\n<p><p><b>We can also carry out any major work on a priority basis or on a standby basis, subject to the availability of spare parts.<\/b> <b>You can wait in our waiting area.<\/b> <b>The waiting time price is 50% (x1,5) higher than the price list.<\/b><\/p><\/p>\n\n<p><p><b>For regular riders, we also offer the possibility to <\/b><a href=\"http:\/\/www.xn--tuksimaailm-ffb.ee\/rent\/\"><b>rent a<\/b><\/a><b> replacement electric scooter or motorbike at a discounted pricewhen bringing your personal electric vehicle in for repairs !<\/b><\/p><\/p>\n\n<h3 class=\"wp-block-heading\" id=\"h-elektrilise-mootorratta-voi-rolleri-hoiustamine-kui-remont-on-valmis\">STORING YOUR ELECTRIC MOTORCYCLE OR MOPED WHEN THE REPAIR IS COMPLETE!<\/h3>\n\n<ul class=\"wp-block-list\">\n<li><p>First 10 calendar days - <b>0\u20ac - free of charge<\/b><\/p><\/li>\n\n\n\n<li><p>From 10th calendar day - <b>5\u20ac \/ day<\/b><\/p><\/li>\n\n\n\n<li><p>Storage up to 1 week - <b>35\u20ac<\/b><\/p><\/li>\n\n\n\n<li><p>Storage up to 1 month - <b>50\u20ac<\/b><\/p><\/li>\n\n\n\n<li><p>Deposit after one month -<b> 45\u20ac \/ month<\/b><\/p><\/li>\n<\/ul>\n\n<p class=\"has-text-align-justify\"><p><b>When the repair of your motorbike or scooter is completed, we ask you to come and collect your electric vehicle within 10 calendar days, otherwise we will apply a storage fee, and also during the storage period, T\u00f5uksimaailm does not take the responsibility of charging the electric motorbike - to avoid the battery getting too low \/ leaking, we ask you to come and collect the electric motorbike as soon as possible.<\/b><\/p><\/p>\n\n<p class=\"has-text-align-justify\"><p><b>If a serviced electric motorcycle has stopped running for a long period of time due to standing idle and battery failure, the maintenance and repair work carried out, as well as the storage fee, are due.<\/b> <b>In the event that T\u00f5uksimaailm has given notice of abandonment of the maintenance or repair work on the electric motorcycle (e.g. a spare part cannot be obtained), this shall be deemed to be equivalent to the completion of the repair work on the electric motorcycle, and the electric motorcycle may also be collected within 10 calendar days without payment of the storage fee.<\/b><\/p><\/p>\n\n<p class=\"has-text-align-justify\"><p><b>If the repair or maintenance of an electric motorbike or any other light motorbike has been completed 3 months after the completion of the work (the required deposit exceeds 45 euros) and the customer has not picked up his vehicle, the workshop of the T\u00f5uksimaailm has the right to dispose of the light motorbike without informing the customer.<\/b><\/p><\/p>\n\n<h2 class=\"wp-block-heading\" id=\"h-plaaniline-hoiustamine\">SCHEDULED STORAGE SERVICE<\/h2>\n\n<p><p>T\u00f5uksimaailm also offers scheduled storage during the low season, for <b>the autumn-winter period from 1 November to 1 April<\/b>. Seasonal storage costs<b> 155\u20ac<\/b> and includes:<\/p><\/p>\n\n<ul class=\"wp-block-list\">\n<li><p>The whole Simple Maintenance package <b>for 149\u20ac<\/b>, including washing \/ cleaning of the electric motorbike.<\/p><\/li>\n\n\n\n<li><p>Monthly battery level check - we keep your electric motorbike's Li-Ion battery <b>at the most optimal charge level - 40-80%<\/b> (be sure to bring us a charger for this purpose).<\/p><\/li>\n<\/ul>\n\n<h3 class=\"wp-block-heading\" id=\"h-elektrilise-mootorratta-remont-kulleriga-tookotta-saatmine\"><p>ELECTRIC MOTORCYCLE REPAIR - <a href=\"http:\/\/www.xn--tuksimaailm-ffb.ee\/shop\/elektritoukeratta-hooldusesse-remonti-saatmine\/\">COURIER SERVICE TO THE WORKSHOP<\/a><\/p><\/h3>\n\n<p><p>If you are located outside Tallinn and it would be time-consuming to come to the workshop, it is also possible to send your electric motorcycle for repair by courier. If the repair bill exceeds <b>100\u20ac<\/b>, we will send you the bike back <b>by courier<\/b> at no extra charge! If the amount is less than <b>100\u20ac<\/b>, the postage of <b>45.50\u20ac<\/b> will be added to the invoice.<\/p><\/p>\n\n<p class=\"has-text-align-justify\"><p>You can also send in for repair of an electric bicycle part, for example a wheel that needs an inner tube replacement, a full hub installation or a motor cable repair. The cost of returning parts that fit in the parcel machine is <b>3.95\u20ac<\/b>, we use Itella Smartpost parcel machines.<\/p><\/p>\n\n<p class=\"has-text-align-justify\"><p>Please be sure to let us know by letter and include a description of the error: <b>info@touksimaailm.ee<\/b><br\/><\/p><p>The recipient of the parcel is <b>Exocool O\u00dc (T\u00f5uksimaailm).<\/b><br\/><\/p><p>Address: <b>T\u00f6\u00f6stuse 47a-111, Tallinn, Harjumaa 10416<\/b><\/p><p>Phone: <b>+372 5303 4917<\/b><\/p><\/p>\n","protected":false},"excerpt":{"rendered":"<p>MAINTENANCE OF ELECTRIC MOTORCYCLES AND MOPEDS - PRICE LIST BASIC MAINTEINANCE FULL SERVICE - 199\u20ac REPAIR OF ELECTRIC MOTORCYCLES AND SCOOTERS - PRICE LIST OF WORKS WHEELS, TIRES, BEARINGS ELECTRONICS, SOFTWARE \/ FIRMWARE: FRAME, HANDLEBAR AND FORK **Maintenance \/ repair of a very dirty motorcycle - 10\u20ac extra for cleaning. &hellip;<\/p>\n","protected":false},"author":5,"featured_media":0,"parent":0,"menu_order":0,"comment_status":"closed","ping_status":"closed","template":"","meta":{"footnotes":""},"class_list":["post-51056","page","type-page","status-publish","hentry"],"yoast_head":"<!-- This site is optimized with the Yoast SEO Premium plugin v26.8 (Yoast SEO v27.3) - https:\/\/yoast.com\/product\/yoast-seo-premium-wordpress\/ -->\n<title>REPAIR AND MAINTENANCE OF ELECTRIC MOTORCYCLES AND MOPEDS &#8212; T\u00f5uksimaailm<\/title>\n<meta name=\"robots\" content=\"index, follow, max-snippet:-1, max-image-preview:large, max-video-preview:-1\" \/>\n<link rel=\"canonical\" href=\"https:\/\/www.xn--tuksimaailm-ffb.ee\/en\/repair-and-maintenance-of-electric-motorcycles-and-mopeds\/\" \/>\n<meta property=\"og:locale\" content=\"en_US\" \/>\n<meta property=\"og:type\" content=\"article\" \/>\n<meta property=\"og:title\" content=\"REPAIR AND MAINTENANCE OF ELECTRIC MOTORCYCLES AND MOPEDS\" \/>\n<meta property=\"og:description\" content=\"MAINTENANCE OF ELECTRIC MOTORCYCLES AND MOPEDS - PRICE LIST BASIC MAINTEINANCE FULL SERVICE - 199\u20ac REPAIR OF ELECTRIC MOTORCYCLES AND SCOOTERS - PRICE LIST OF WORKS WHEELS, TIRES, BEARINGS ELECTRONICS, SOFTWARE \/ FIRMWARE: FRAME, HANDLEBAR AND FORK **Maintenance \/ repair of a very dirty motorcycle - 10\u20ac extra for cleaning. &hellip;\" \/>\n<meta property=\"og:url\" content=\"https:\/\/www.xn--tuksimaailm-ffb.ee\/en\/repair-and-maintenance-of-electric-motorcycles-and-mopeds\/\" \/>\n<meta property=\"og:site_name\" content=\"T\u00f5uksimaailm\" \/>\n<meta property=\"article:publisher\" content=\"https:\/\/www.facebook.com\/touksimaailm\/\" \/>\n<meta property=\"article:modified_time\" content=\"2024-11-26T15:43:18+00:00\" \/>\n<meta name=\"twitter:card\" content=\"summary_large_image\" \/>\n<meta name=\"twitter:label1\" content=\"Est. reading time\" \/>\n\t<meta name=\"twitter:data1\" content=\"5 minutes\" \/>\n<!-- \/ Yoast SEO Premium plugin. -->","yoast_head_json":{"title":"REPAIR AND MAINTENANCE OF ELECTRIC MOTORCYCLES AND MOPEDS &#8212; T\u00f5uksimaailm","robots":{"index":"index","follow":"follow","max-snippet":"max-snippet:-1","max-image-preview":"max-image-preview:large","max-video-preview":"max-video-preview:-1"},"canonical":"https:\/\/www.xn--tuksimaailm-ffb.ee\/en\/repair-and-maintenance-of-electric-motorcycles-and-mopeds\/","og_locale":"en_US","og_type":"article","og_title":"REPAIR AND MAINTENANCE OF ELECTRIC MOTORCYCLES AND MOPEDS","og_description":"MAINTENANCE OF ELECTRIC MOTORCYCLES AND MOPEDS - PRICE LIST BASIC MAINTEINANCE FULL SERVICE - 199\u20ac REPAIR OF ELECTRIC MOTORCYCLES AND SCOOTERS - PRICE LIST OF WORKS WHEELS, TIRES, BEARINGS ELECTRONICS, SOFTWARE \/ FIRMWARE: FRAME, HANDLEBAR AND FORK **Maintenance \/ repair of a very dirty motorcycle - 10\u20ac extra for cleaning. &hellip;","og_url":"https:\/\/www.xn--tuksimaailm-ffb.ee\/en\/repair-and-maintenance-of-electric-motorcycles-and-mopeds\/","og_site_name":"T\u00f5uksimaailm","article_publisher":"https:\/\/www.facebook.com\/touksimaailm\/","article_modified_time":"2024-11-26T15:43:18+00:00","twitter_card":"summary_large_image","twitter_misc":{"Est. reading time":"5 minutes"},"schema":{"@context":"https:\/\/schema.org","@graph":[{"@type":"WebPage","@id":"https:\/\/www.xn--tuksimaailm-ffb.ee\/en\/repair-and-maintenance-of-electric-motorcycles-and-mopeds\/","url":"https:\/\/www.xn--tuksimaailm-ffb.ee\/en\/repair-and-maintenance-of-electric-motorcycles-and-mopeds\/","name":"REPAIR AND MAINTENANCE OF ELECTRIC MOTORCYCLES AND MOPEDS &#8212; T\u00f5uksimaailm","isPartOf":{"@id":"https:\/\/www.xn--tuksimaailm-ffb.ee\/en\/#website"},"datePublished":"2024-05-15T19:54:08+00:00","dateModified":"2024-11-26T15:43:18+00:00","breadcrumb":{"@id":"https:\/\/www.xn--tuksimaailm-ffb.ee\/en\/repair-and-maintenance-of-electric-motorcycles-and-mopeds\/#breadcrumb"},"inLanguage":"en-US","potentialAction":[{"@type":"ReadAction","target":["https:\/\/www.xn--tuksimaailm-ffb.ee\/en\/repair-and-maintenance-of-electric-motorcycles-and-mopeds\/"]}]},{"@type":"BreadcrumbList","@id":"https:\/\/www.xn--tuksimaailm-ffb.ee\/en\/repair-and-maintenance-of-electric-motorcycles-and-mopeds\/#breadcrumb","itemListElement":[{"@type":"ListItem","position":1,"name":"Home","item":"https:\/\/www.xn--tuksimaailm-ffb.ee\/en\/main-page\/"},{"@type":"ListItem","position":2,"name":"REPAIR AND MAINTENANCE OF ELECTRIC MOTORCYCLES AND MOPEDS"}]},{"@type":"WebSite","@id":"https:\/\/www.xn--tuksimaailm-ffb.ee\/en\/#website","url":"https:\/\/www.xn--tuksimaailm-ffb.ee\/en\/","name":"T\u00f5uksimaailm","description":"Elektrit\u00f5ukerataste m\u00fc\u00fck, remont ja rent","publisher":{"@id":"https:\/\/www.xn--tuksimaailm-ffb.ee\/en\/#organization"},"potentialAction":[{"@type":"SearchAction","target":{"@type":"EntryPoint","urlTemplate":"https:\/\/www.xn--tuksimaailm-ffb.ee\/en\/?s={search_term_string}"},"query-input":{"@type":"PropertyValueSpecification","valueRequired":true,"valueName":"search_term_string"}}],"inLanguage":"en-US"},{"@type":"Organization","@id":"https:\/\/www.xn--tuksimaailm-ffb.ee\/en\/#organization","name":"T\u00f5uksimaailm","url":"https:\/\/www.xn--tuksimaailm-ffb.ee\/en\/","logo":{"@type":"ImageObject","inLanguage":"en-US","@id":"https:\/\/www.xn--tuksimaailm-ffb.ee\/en\/#\/schema\/logo\/image\/","url":"https:\/\/www.xn--tuksimaailm-ffb.ee\/wp-content\/uploads\/2020\/01\/logoz-e1579792875517.png","contentUrl":"https:\/\/www.xn--tuksimaailm-ffb.ee\/wp-content\/uploads\/2020\/01\/logoz-e1579792875517.png","width":250,"height":250,"caption":"T\u00f5uksimaailm"},"image":{"@id":"https:\/\/www.xn--tuksimaailm-ffb.ee\/en\/#\/schema\/logo\/image\/"},"sameAs":["https:\/\/www.facebook.com\/touksimaailm\/","https:\/\/www.instagram.com\/touksimaailm_\/","https:\/\/www.youtube.com\/channel\/UC18ml0EKIDLP1xGuQjFzcXQ"]}]}},"jetpack_sharing_enabled":true,"_links":{"self":[{"href":"https:\/\/www.xn--tuksimaailm-ffb.ee\/en\/wp-json\/wp\/v2\/pages\/51056","targetHints":{"allow":["GET"]}}],"collection":[{"href":"https:\/\/www.xn--tuksimaailm-ffb.ee\/en\/wp-json\/wp\/v2\/pages"}],"about":[{"href":"https:\/\/www.xn--tuksimaailm-ffb.ee\/en\/wp-json\/wp\/v2\/types\/page"}],"author":[{"embeddable":true,"href":"https:\/\/www.xn--tuksimaailm-ffb.ee\/en\/wp-json\/wp\/v2\/users\/5"}],"replies":[{"embeddable":true,"href":"https:\/\/www.xn--tuksimaailm-ffb.ee\/en\/wp-json\/wp\/v2\/comments?post=51056"}],"version-history":[{"count":3,"href":"https:\/\/www.xn--tuksimaailm-ffb.ee\/en\/wp-json\/wp\/v2\/pages\/51056\/revisions"}],"predecessor-version":[{"id":51059,"href":"https:\/\/www.xn--tuksimaailm-ffb.ee\/en\/wp-json\/wp\/v2\/pages\/51056\/revisions\/51059"}],"wp:attachment":[{"href":"https:\/\/www.xn--tuksimaailm-ffb.ee\/en\/wp-json\/wp\/v2\/media?parent=51056"}],"curies":[{"name":"wp","href":"https:\/\/api.w.org\/{rel}","templated":true}]}}