{"id":51649,"date":"2021-04-07T14:24:37","date_gmt":"2021-04-07T11:24:37","guid":{"rendered":"http:\/\/www.xn--tuksimaailm-ffb.ee\/lhv-instalment-payment\/"},"modified":"2024-12-03T16:48:35","modified_gmt":"2024-12-03T13:48:35","slug":"lhv-instalment-payment","status":"publish","type":"page","link":"https:\/\/www.xn--tuksimaailm-ffb.ee\/en\/lhv-instalment-payment\/","title":{"rendered":"LHV instalment payment"},"content":{"rendered":"\n<style>\r\n@font-face {\r\n  font-family: HelveticaNeueLTPro-Bd;\r\n  src: url(http:\/\/www.xn--tuksimaailm-ffb.ee\/wp-content\/uploads\/2021\/04\/HelveticaNeueLTPro-Bd.otf);\r\n}\r\n\r\n@font-face {\r\n  font-family: HelveticaNeueLTPro-Lt;\r\n  src: url(http:\/\/www.xn--tuksimaailm-ffb.ee\/wp-content\/uploads\/2021\/04\/HelveticaNeueLTPro-Lt.otf);\r\n}\r\n\r\n@font-face {\r\n  font-family: HelveticaNeueLTPro-Roman;\r\n  src: url(http:\/\/www.xn--tuksimaailm-ffb.ee\/wp-content\/uploads\/2021\/04\/HelveticaNeueLTPro-Roman.otf);\r\n}\r\n\r\n@media (min-width:781px){\r\n.lhv-left {\r\npadding-left: 13%;\r\n}\r\n}\r\n\r\n@media (max-width:781px){\r\n.lhv-left {\r\npadding-bottom: 35px;\r\n}\r\n}\r\n\r\n.lhv{\r\n  padding:35px 0;\r\n}\r\n.lhv ul {\r\n  list-style: none !important;\r\n}\r\n\r\n.lhv ul li:before {\r\n  content: '\u2713';\r\n  margin-right: 10px;\r\n  font-size:22px;\r\n}\r\n\r\n.lhv li{\r\nline-height: 30px;\r\n}\r\n<\/style>\r\n\n<figure class=\"wp-block-image size-full\"><a href=\"https:\/\/www.lhv.ee\/et\/jarelmaks\/taotlus?deor=EE-12857616\" target=\"_blank\" rel=\"noreferrer noopener\"><img decoding=\"async\" width=\"1440\" height=\"500\" src=\"http:\/\/www.xn--tuksimaailm-ffb.ee\/wp-content\/uploads\/2021\/04\/Roheline_jarelmaks_1440x500_banner-ES.png\" alt=\"\" class=\"wp-image-4122\" title=\"JM_partneritele_1440x500_banner-ES | FS\" srcset=\"https:\/\/www.xn--tuksimaailm-ffb.ee\/wp-content\/uploads\/2021\/04\/Roheline_jarelmaks_1440x500_banner-ES.png 1440w, https:\/\/www.xn--tuksimaailm-ffb.ee\/wp-content\/uploads\/2021\/04\/Roheline_jarelmaks_1440x500_banner-ES-300x104.png 300w, https:\/\/www.xn--tuksimaailm-ffb.ee\/wp-content\/uploads\/2021\/04\/Roheline_jarelmaks_1440x500_banner-ES-1024x356.png 1024w, https:\/\/www.xn--tuksimaailm-ffb.ee\/wp-content\/uploads\/2021\/04\/Roheline_jarelmaks_1440x500_banner-ES-768x267.png 768w, https:\/\/www.xn--tuksimaailm-ffb.ee\/wp-content\/uploads\/2021\/04\/Roheline_jarelmaks_1440x500_banner-ES-611x212.png 611w, https:\/\/www.xn--tuksimaailm-ffb.ee\/wp-content\/uploads\/2021\/04\/Roheline_jarelmaks_1440x500_banner-ES-600x208.png 600w\" sizes=\"(max-width: 1440px) 100vw, 1440px\" \/><\/a><\/figure>\n\n<div class=\"wp-block-columns are-vertically-aligned-center lhv is-layout-flex wp-container-core-columns-is-layout-9d6595d7 wp-block-columns-is-layout-flex\">\n<div class=\"wp-block-column is-vertically-aligned-center lhv-left is-layout-flow wp-block-column-is-layout-flow\" style=\"flex-basis:50%\">\n<p><span style=\"font-size: 24px;\"><span style=\"font-family: Helveticaneueltpro-bd; color: #000000;\">LHV j\u00e4relmaksuga<\/span>\u00a0<span style=\"font-family: Helveticaneueltpro-lt; color: #000000;\">saad\r\nkauba eest tasuda osade kaupa.<\/span><\/span><\/p>\r\n<\/div>\n\n\n\n<div class=\"wp-block-column is-vertically-aligned-center is-layout-flow wp-block-column-is-layout-flow\">\n<ul>\r\n \t<li style=\"font-family: Helveticaneueltpro-lt; color: #000000;\">Vastus taotlusele m\u00f5ne minutiga<\/li>\r\n \t<li style=\"font-family: Helveticaneueltpro-lt; color: #000000;\">Sissemakse alates 0 eurost.<\/li>\r\n \t<li style=\"font-family: Helveticaneueltpro-lt; color: #000000;\">Tasuta ennet\u00e4htaegne tagastamine<\/li>\r\n \t<li style=\"font-family: Helveticaneueltpro-lt; color: #000000;\">Puuduvad igakuised haldustasud<\/li>\r\n<\/ul>\n\n\n\n<div class=\"wp-block-columns is-layout-flex wp-container-core-columns-is-layout-9d6595d7 wp-block-columns-is-layout-flex\"><\/div>\n<\/div>\n<\/div>\n\n<figure class=\"wp-block-image size-full\"><img decoding=\"async\" width=\"1440\" height=\"374\" src=\"http:\/\/www.xn--tuksimaailm-ffb.ee\/wp-content\/uploads\/2021\/04\/JM_partneritele_sammud_kauplus_ES.png\" alt=\"\" class=\"wp-image-4123\" title=\"JM_partneritele_1440x500_banner-ES | FS\" srcset=\"https:\/\/www.xn--tuksimaailm-ffb.ee\/wp-content\/uploads\/2021\/04\/JM_partneritele_sammud_kauplus_ES.png 1440w, https:\/\/www.xn--tuksimaailm-ffb.ee\/wp-content\/uploads\/2021\/04\/JM_partneritele_sammud_kauplus_ES-300x78.png 300w, https:\/\/www.xn--tuksimaailm-ffb.ee\/wp-content\/uploads\/2021\/04\/JM_partneritele_sammud_kauplus_ES-1024x266.png 1024w, https:\/\/www.xn--tuksimaailm-ffb.ee\/wp-content\/uploads\/2021\/04\/JM_partneritele_sammud_kauplus_ES-768x199.png 768w, https:\/\/www.xn--tuksimaailm-ffb.ee\/wp-content\/uploads\/2021\/04\/JM_partneritele_sammud_kauplus_ES-611x159.png 611w, https:\/\/www.xn--tuksimaailm-ffb.ee\/wp-content\/uploads\/2021\/04\/JM_partneritele_sammud_kauplus_ES-600x156.png 600w\" sizes=\"(max-width: 1440px) 100vw, 1440px\" \/><\/figure>\n\n<div class=\"wp-block-columns lhv is-layout-flex wp-container-core-columns-is-layout-9d6595d7 wp-block-columns-is-layout-flex\">\n<div class=\"wp-block-column lhv-left is-layout-flow wp-block-column-is-layout-flow\">\n<p><span style=\"font-family: Helveticaneueltpro-bd; font-size: 22px; color: #000000;\">Rohelise j\u00e4relmaksu tingimused<\/span><\/p>\r\n<ul>\r\n \t<li><span style=\"font-family: Helveticaneueltpro-lt; color: #000000;\">Otsus j\u00e4relmaksu anda kehtib 90 p\u00e4eva.<\/span><\/li>\r\n \t<li><span style=\"font-family: Helveticaneueltpro-lt; color: #000000;\">Intress on 9,9% laenuj\u00e4\u00e4gilt.<\/span><\/li>\r\n \t<li><span style=\"font-family: Helveticaneueltpro-lt; color: #000000;\">Lepingutasu alates 9,90 eurost.<\/span><\/li>\r\n \t<li><span style=\"font-family: Helveticaneueltpro-lt; color: #000000;\">Lepingu pikkus 3-48 kuud<\/span><\/li>\r\n<\/ul><p><span style=\"font-family: Helveticaneueltpro-lt; color: #000000;\">Lisateavet saad <span style=\"font-family: Helveticaneueltpro-roman; letter-spacing: -0.5px;\"><a style=\"color: #000000;\" href=\"https:\/\/lhv.ee\/jarelmaks\"><strong>lhv.ee\/jarelmaks<\/strong><\/a> <\/span>v\u00f5i 6 802 700<\/span><\/p>\r\n<\/div>\n\n\n\n<div class=\"wp-block-column is-vertically-aligned-top is-layout-flow wp-block-column-is-layout-flow\" style=\"flex-basis:50%\">\n<p style=\"text-align: left;\"><span style=\"font-family: Helveticaneueltpro-lt; font-size: 22px; color: #000000;\">Arvuta <\/span><span style=\"font-family: Helveticaneueltpro-bd; font-size: 22px; color: #000000;\">kuumakse<\/span><\/p>\r\n\n\n\n<script src=\"\/\/partners.lhv.ee\/assets\/scripts\/iframeResizer.min.js\"><\/script>\r\n<iframe src=\"\/\/partners.lhv.ee\/et\/widget\/hire-purchase\/green-hire-purchase\/horizontal\/?code=EE-12857616&price=&interest=9.9&info_url=&price_based_interest=\" width=\"540px\" height=\"250px\" frameborder=\"no\" scrolling=\"no\"><\/iframe>\r\n<script>iFrameResize({log:false});<\/script>\r\n<\/div>\n<\/div>\n\n<div class=\"wp-block-columns has-background is-layout-flex wp-container-core-columns-is-layout-9d6595d7 wp-block-columns-is-layout-flex\" style=\"background-color:#f8f6f5\">\n<div class=\"wp-block-column is-layout-flow wp-block-column-is-layout-flow\">\n<p style=\"line-height: 18px !important;padding: 35px 5%;\r\nfont-size: 14px;\"><span style=\"font-family: Helveticaneueltpro-bd;\">J\u00e4relmaksu pakub AS LHV Finance. Tutvu tingimustega m\u00fc\u00fcgikohas v\u00f5i lhv.ee\/jarelmaks ja k\u00fcsi n\u00f5u meie asjatundjalt.<\/span><br\/>\r\n<span style=\"font-family: Helveticaneueltpro-lt;\">J\u00e4relmaksu igakuise osamakse suurus on 133,55 \u20ac ja krediidi kulukuse m\u00e4\u00e4r on 13,15% aastas j\u00e4rgmistel n\u00e4idistingimustel: kauba\/teenuse maksumus 1500 \u20ac, sissemakse 0%, krediidisumma 1500 \u20ac, intress 9,90% j\u00e4\u00e4gilt aastas (fikseeritud), lepingutasu 19,90 \u20ac, j\u00e4relmaksu  periood 12 kuud, tasumine igakuiste annuiteetmaksetena, maksete kogusumma 1602,59 \u20ac ja tagasimaksete summa 1602,59 \u20ac.<\/span><\/p>\r\n<\/div>\n<\/div>\n\n<p><\/p>\n","protected":false},"excerpt":{"rendered":"<p>LHV j\u00e4relmaksuga\u00a0saad kauba eest tasuda osade kaupa. Vastus taotlusele m\u00f5ne minutiga Sissemakse alates 0 eurost. Tasuta ennet\u00e4htaegne tagastamine Puuduvad igakuised haldustasud Rohelise j\u00e4relmaksu tingimused Otsus j\u00e4relmaksu anda kehtib 90 p\u00e4eva. Intress on 9,9% laenuj\u00e4\u00e4gilt. Lepingutasu alates 9,90 eurost. Lepingu pikkus 3-48 kuud Lisateavet saad lhv.ee\/jarelmaks v\u00f5i 6 802 700 Arvuta &hellip;<\/p>\n","protected":false},"author":1,"featured_media":0,"parent":0,"menu_order":0,"comment_status":"closed","ping_status":"closed","template":"","meta":{"footnotes":""},"class_list":["post-51649","page","type-page","status-publish","hentry"],"yoast_head":"<!-- This site is optimized with the Yoast SEO Premium plugin v26.8 (Yoast SEO v27.5) - https:\/\/yoast.com\/product\/yoast-seo-premium-wordpress\/ -->\n<title>LHV instalment payment &#8212; T\u00f5uksimaailm<\/title>\n<meta name=\"robots\" content=\"index, follow, max-snippet:-1, max-image-preview:large, max-video-preview:-1\" \/>\n<link rel=\"canonical\" href=\"https:\/\/www.xn--tuksimaailm-ffb.ee\/en\/lhv-instalment-payment\/\" \/>\n<meta property=\"og:locale\" content=\"en_US\" \/>\n<meta property=\"og:type\" content=\"article\" \/>\n<meta property=\"og:title\" content=\"LHV instalment payment\" \/>\n<meta property=\"og:description\" content=\"LHV j\u00e4relmaksuga\u00a0saad kauba eest tasuda osade kaupa. Vastus taotlusele m\u00f5ne minutiga Sissemakse alates 0 eurost. Tasuta ennet\u00e4htaegne tagastamine Puuduvad igakuised haldustasud Rohelise j\u00e4relmaksu tingimused Otsus j\u00e4relmaksu anda kehtib 90 p\u00e4eva. Intress on 9,9% laenuj\u00e4\u00e4gilt. Lepingutasu alates 9,90 eurost. Lepingu pikkus 3-48 kuud Lisateavet saad lhv.ee\/jarelmaks v\u00f5i 6 802 700 Arvuta &hellip;\" \/>\n<meta property=\"og:url\" content=\"https:\/\/www.xn--tuksimaailm-ffb.ee\/en\/lhv-instalment-payment\/\" \/>\n<meta property=\"og:site_name\" content=\"T\u00f5uksimaailm\" \/>\n<meta property=\"article:publisher\" content=\"https:\/\/www.facebook.com\/touksimaailm\/\" \/>\n<meta property=\"article:modified_time\" content=\"2024-12-03T13:48:35+00:00\" \/>\n<meta property=\"og:image\" content=\"http:\/\/www.xn--tuksimaailm-ffb.ee\/wp-content\/uploads\/2021\/04\/Roheline_jarelmaks_1440x500_banner-ES.png\" \/>\n<meta name=\"twitter:card\" content=\"summary_large_image\" \/>\n<meta name=\"twitter:label1\" content=\"Est. reading time\" \/>\n\t<meta name=\"twitter:data1\" content=\"1 minute\" \/>\n<!-- \/ Yoast SEO Premium plugin. -->","yoast_head_json":{"title":"LHV instalment payment &#8212; T\u00f5uksimaailm","robots":{"index":"index","follow":"follow","max-snippet":"max-snippet:-1","max-image-preview":"max-image-preview:large","max-video-preview":"max-video-preview:-1"},"canonical":"https:\/\/www.xn--tuksimaailm-ffb.ee\/en\/lhv-instalment-payment\/","og_locale":"en_US","og_type":"article","og_title":"LHV instalment payment","og_description":"LHV j\u00e4relmaksuga\u00a0saad kauba eest tasuda osade kaupa. Vastus taotlusele m\u00f5ne minutiga Sissemakse alates 0 eurost. Tasuta ennet\u00e4htaegne tagastamine Puuduvad igakuised haldustasud Rohelise j\u00e4relmaksu tingimused Otsus j\u00e4relmaksu anda kehtib 90 p\u00e4eva. Intress on 9,9% laenuj\u00e4\u00e4gilt. Lepingutasu alates 9,90 eurost. Lepingu pikkus 3-48 kuud Lisateavet saad lhv.ee\/jarelmaks v\u00f5i 6 802 700 Arvuta &hellip;","og_url":"https:\/\/www.xn--tuksimaailm-ffb.ee\/en\/lhv-instalment-payment\/","og_site_name":"T\u00f5uksimaailm","article_publisher":"https:\/\/www.facebook.com\/touksimaailm\/","article_modified_time":"2024-12-03T13:48:35+00:00","og_image":[{"url":"http:\/\/www.xn--tuksimaailm-ffb.ee\/wp-content\/uploads\/2021\/04\/Roheline_jarelmaks_1440x500_banner-ES.png","type":"","width":"","height":""}],"twitter_card":"summary_large_image","twitter_misc":{"Est. reading time":"1 minute"},"schema":{"@context":"https:\/\/schema.org","@graph":[{"@type":"WebPage","@id":"https:\/\/www.xn--tuksimaailm-ffb.ee\/en\/lhv-instalment-payment\/","url":"https:\/\/www.xn--tuksimaailm-ffb.ee\/en\/lhv-instalment-payment\/","name":"LHV instalment payment &#8212; T\u00f5uksimaailm","isPartOf":{"@id":"https:\/\/www.xn--tuksimaailm-ffb.ee\/en\/#website"},"primaryImageOfPage":{"@id":"https:\/\/www.xn--tuksimaailm-ffb.ee\/en\/lhv-instalment-payment\/#primaryimage"},"image":{"@id":"https:\/\/www.xn--tuksimaailm-ffb.ee\/en\/lhv-instalment-payment\/#primaryimage"},"thumbnailUrl":"http:\/\/www.xn--tuksimaailm-ffb.ee\/wp-content\/uploads\/2021\/04\/Roheline_jarelmaks_1440x500_banner-ES.png","datePublished":"2021-04-07T11:24:37+00:00","dateModified":"2024-12-03T13:48:35+00:00","breadcrumb":{"@id":"https:\/\/www.xn--tuksimaailm-ffb.ee\/en\/lhv-instalment-payment\/#breadcrumb"},"inLanguage":"en-US","potentialAction":[{"@type":"ReadAction","target":["https:\/\/www.xn--tuksimaailm-ffb.ee\/en\/lhv-instalment-payment\/"]}]},{"@type":"ImageObject","inLanguage":"en-US","@id":"https:\/\/www.xn--tuksimaailm-ffb.ee\/en\/lhv-instalment-payment\/#primaryimage","url":"http:\/\/www.xn--tuksimaailm-ffb.ee\/wp-content\/uploads\/2021\/04\/Roheline_jarelmaks_1440x500_banner-ES.png","contentUrl":"http:\/\/www.xn--tuksimaailm-ffb.ee\/wp-content\/uploads\/2021\/04\/Roheline_jarelmaks_1440x500_banner-ES.png"},{"@type":"BreadcrumbList","@id":"https:\/\/www.xn--tuksimaailm-ffb.ee\/en\/lhv-instalment-payment\/#breadcrumb","itemListElement":[{"@type":"ListItem","position":1,"name":"Home","item":"https:\/\/www.xn--tuksimaailm-ffb.ee\/en\/main-page\/"},{"@type":"ListItem","position":2,"name":"LHV instalment payment"}]},{"@type":"WebSite","@id":"https:\/\/www.xn--tuksimaailm-ffb.ee\/en\/#website","url":"https:\/\/www.xn--tuksimaailm-ffb.ee\/en\/","name":"T\u00f5uksimaailm","description":"Elektrit\u00f5ukerataste m\u00fc\u00fck, remont ja rent","publisher":{"@id":"https:\/\/www.xn--tuksimaailm-ffb.ee\/en\/#organization"},"potentialAction":[{"@type":"SearchAction","target":{"@type":"EntryPoint","urlTemplate":"https:\/\/www.xn--tuksimaailm-ffb.ee\/en\/?s={search_term_string}"},"query-input":{"@type":"PropertyValueSpecification","valueRequired":true,"valueName":"search_term_string"}}],"inLanguage":"en-US"},{"@type":"Organization","@id":"https:\/\/www.xn--tuksimaailm-ffb.ee\/en\/#organization","name":"T\u00f5uksimaailm","url":"https:\/\/www.xn--tuksimaailm-ffb.ee\/en\/","logo":{"@type":"ImageObject","inLanguage":"en-US","@id":"https:\/\/www.xn--tuksimaailm-ffb.ee\/en\/#\/schema\/logo\/image\/","url":"https:\/\/www.xn--tuksimaailm-ffb.ee\/wp-content\/uploads\/2020\/01\/logoz-e1579792875517.png","contentUrl":"https:\/\/www.xn--tuksimaailm-ffb.ee\/wp-content\/uploads\/2020\/01\/logoz-e1579792875517.png","width":250,"height":250,"caption":"T\u00f5uksimaailm"},"image":{"@id":"https:\/\/www.xn--tuksimaailm-ffb.ee\/en\/#\/schema\/logo\/image\/"},"sameAs":["https:\/\/www.facebook.com\/touksimaailm\/","https:\/\/www.instagram.com\/touksimaailm_\/","https:\/\/www.youtube.com\/channel\/UC18ml0EKIDLP1xGuQjFzcXQ"]}]}},"jetpack_sharing_enabled":true,"_links":{"self":[{"href":"https:\/\/www.xn--tuksimaailm-ffb.ee\/en\/wp-json\/wp\/v2\/pages\/51649","targetHints":{"allow":["GET"]}}],"collection":[{"href":"https:\/\/www.xn--tuksimaailm-ffb.ee\/en\/wp-json\/wp\/v2\/pages"}],"about":[{"href":"https:\/\/www.xn--tuksimaailm-ffb.ee\/en\/wp-json\/wp\/v2\/types\/page"}],"author":[{"embeddable":true,"href":"https:\/\/www.xn--tuksimaailm-ffb.ee\/en\/wp-json\/wp\/v2\/users\/1"}],"replies":[{"embeddable":true,"href":"https:\/\/www.xn--tuksimaailm-ffb.ee\/en\/wp-json\/wp\/v2\/comments?post=51649"}],"version-history":[{"count":1,"href":"https:\/\/www.xn--tuksimaailm-ffb.ee\/en\/wp-json\/wp\/v2\/pages\/51649\/revisions"}],"predecessor-version":[{"id":51650,"href":"https:\/\/www.xn--tuksimaailm-ffb.ee\/en\/wp-json\/wp\/v2\/pages\/51649\/revisions\/51650"}],"wp:attachment":[{"href":"https:\/\/www.xn--tuksimaailm-ffb.ee\/en\/wp-json\/wp\/v2\/media?parent=51649"}],"curies":[{"name":"wp","href":"https:\/\/api.w.org\/{rel}","templated":true}]}}