{"id":3232,"date":"2021-01-31T14:59:06","date_gmt":"2021-01-31T14:59:06","guid":{"rendered":"http:\/\/www.xn--tuksimaailm-ffb.ee\/?post_type=product&#038;p=3232"},"modified":"2024-04-07T06:50:17","modified_gmt":"2024-04-07T03:50:17","slug":"xiaomi-elektriline-pump-elektritoukerattale-jalgrattale","status":"publish","type":"product","link":"https:\/\/www.xn--tuksimaailm-ffb.ee\/shop\/xiaomi-elektriline-pump-elektritoukerattale-jalgrattale\/","title":{"rendered":"Xiaomi elektriline pump elektrit\u00f5ukerattale"},"content":{"rendered":"<p>Xiaomi elektriline pump elektrit\u00f5ukerattale \/ jalgrattale (automaatne elektripump). Pump tekitab sisemise <strong>miniatuurse kompressori<\/strong> abil suru\u00f5hku, mis suunatakse l\u00e4bi pumba k\u00fclge lukustatava ventiili t\u00e4is pumbatava rehvi sisse. Kompressor saab toite sisemisest <strong>Micro USB<\/strong> pordi kaudu laetavast<strong> liitium-ioon (Li-Ion)<\/strong> tehnoloogial p\u00f5hinevalt <strong>18650 elementidega<\/strong> akult. Stiilset Xiaomi Mi pumpa saab samuti laadida <strong>akupanga<\/strong> abil v\u00f5i <strong>autos<\/strong> (12V USB adapteri olemasolul). Xiaomi elektriline pump elektrit\u00f5ukerattale \/ jalgrattale sobib ideaalselt ilma adapterita k\u00f5igile <strong>autoventiili (AV)<\/strong> kasutavatele s\u00f5idukitele - <strong>autole, jalgrattale, <a href=\"http:\/\/www.xn--tuksimaailm-ffb.ee\/tootekategooria\/elektritoukeratas\/\">elektrilisele t\u00f5ukerattale<\/a><\/strong>.<\/p>\n<p>Pumbaga tuleb kaasa ka autoventiili pesa otsa paigaldatav <strong>terava otsaga adapter<\/strong> pallide pumpamise v\u00f5imaldamiseks. Samuti tuleb pumbaga kaasa maantee-ja gravel jalgrataste juures kasutatava<a href=\"https:\/\/en.wikipedia.org\/wiki\/Presta_valve\"> <strong>Presta \/ sport ventiili<\/strong> <\/a>\u00fcleminek. Elektripumba liitiumaku mahtuvus on <strong>2000mAh (14.8Wh)<\/strong> mis t\u00e4hendab praktikas seda, et pumbaga saab \u00fche laadimisega (sisemise aku laetuse tase 100% pealt 0% peale) t\u00e4is pumbata <strong>5 s\u00f5iduauto rehvi<\/strong> (v\u00f5i <strong>41 jalgpalli<\/strong>, kumb iganes on asjakohasem). S\u00f5iduauto rehvi 0atm juurest 2.5atm juurde t\u00e4is pumpamine v\u00f5tab aega vaid <strong>6 minutit<\/strong>. Maanteeratta rehvi t\u00e4is pumpamine 10atm juurde v\u00f5tab aega umbes <strong>3 minutit<\/strong>, keskmise elektrit\u00f5ukerattaga (50PSI) l\u00e4heb aega umbes <strong>90 sekundit<\/strong>. Maksimaalne r\u00f5hk, mida pump suudab v\u00e4lja anda on<strong> 150PSI<\/strong> v\u00f5i <strong>10.3atm<\/strong>, mis on piisav k\u00f5ikide s\u00f5idukite rehvide n\u00f5uetekohaseks t\u00e4itmiseks. Pumba laadimise aeg 0-100% on <strong>3 tundi<\/strong>. Elektrilise pumba kasutamine on \u00fclilihtne.<\/p>\n<p>Pump l\u00fclitub sisse kui kasutaja v\u00f5tab pumba korpuse k\u00fcljest lahti pumba vooliku otsa. Seej\u00e4rel tuleb pumba ots keerata pumbatava rehvi ventiili otsa. Pimedas v\u00f5i h\u00e4maras pumba kasutamise kergendamiseks on korpuse sisse paigaldatud ka <strong>LED tuli<\/strong>, mille sisse l\u00fclitamine k\u00e4ib vastava nupu abil. Elektripump pakub 4 erinevat eelseadistust - <strong>auto jaoks<\/strong> (2.5bar), <strong>jalgratta jaoks<\/strong> (45PSI), <strong>mootorratta jaoks<\/strong> (2.4bar), <strong>palli jaoks<\/strong> (0.8bar). K\u00f5igi seadistusi on v\u00f5imalik vastavalt vajadusele muuta. Elektrit\u00f5ukeratta tarbeks soovitame valida jalgratta seade ning vajutada pumba peal + ja - klahve kuni pumba <strong>LED ekraanil<\/strong> on kuvatud vajalik r\u00f5hk.<\/p>\n","protected":false},"excerpt":{"rendered":"<p>Xiaomi elektriline pump elektrit\u00f5ukerattale \/ jalgrattale (automaatne elektripump). Pump tekitab sisemise miniatuurse kompressori abil suru\u00f5hku, mis suunatakse l\u00e4bi pumba k\u00fclge lukustatava ventiili t\u00e4is pumbatava rehvi sisse. Kompressor saab toite sisemisest Micro USB pordi kaudu laetavast liitium-ioon (Li-Ion) tehnoloogial p\u00f5hinevalt 18650 elementidega akult. Stiilset Xiaomi Mi pumpa saab samuti laadida akupanga &hellip;<\/p>\n","protected":false},"featured_media":3233,"template":"","meta":[],"product_brand":[],"product_cat":[18,45],"product_tag":[80],"filter_elektritoukeratas":[],"class_list":{"0":"post-3232","1":"product","2":"type-product","3":"status-publish","4":"has-post-thumbnail","6":"product_cat-lisavarustus","7":"product_cat-tarvikud","8":"product_tag-elektritoukeratta-pumbad","9":"pa_tootetuup-pumbad","11":"first","12":"instock","13":"taxable","14":"shipping-taxable","15":"purchasable","16":"product-type-simple"},"yoast_head":"<!-- This site is optimized with the Yoast SEO Premium plugin v26.8 (Yoast SEO v27.3) - https:\/\/yoast.com\/product\/yoast-seo-premium-wordpress\/ -->\n<title>Xiaomi elektriline pump elektrit\u00f5ukerattale | T\u00f5uksimaailm | Pumbad<\/title>\n<meta name=\"description\" content=\"Xiaomi elektriline pump elektrit\u00f5ukerattale \/ jalgrattale (automaatne elektripump). Sobib ka autole, r\u00f5hk kuni 150PSI \/ 10.3atm \/ bar. Xiaomi lisavarustus.\" \/>\n<meta name=\"robots\" content=\"index, follow, max-snippet:-1, max-image-preview:large, max-video-preview:-1\" \/>\n<link rel=\"canonical\" href=\"https:\/\/www.xn--tuksimaailm-ffb.ee\/en\/shop\/xiaomi-elektriline-pump-elektritoukerattale-jalgrattale\/\" \/>\n<meta property=\"og:locale\" content=\"en_US\" \/>\n<meta property=\"og:type\" content=\"article\" \/>\n<meta property=\"og:title\" content=\"Xiaomi elektriline pump elektrit\u00f5ukerattale\" \/>\n<meta property=\"og:description\" content=\"Xiaomi elektriline pump elektrit\u00f5ukerattale \/ jalgrattale (automaatne elektripump). Sobib ka autole, r\u00f5hk kuni 150PSI \/ 10.3atm \/ bar. Xiaomi lisavarustus.\" \/>\n<meta property=\"og:url\" content=\"https:\/\/www.xn--tuksimaailm-ffb.ee\/shop\/xiaomi-elektriline-pump-elektritoukerattale-jalgrattale\/\" \/>\n<meta property=\"og:site_name\" content=\"T\u00f5uksimaailm\" \/>\n<meta property=\"article:publisher\" content=\"https:\/\/www.facebook.com\/touksimaailm\/\" \/>\n<meta property=\"article:modified_time\" content=\"2024-04-07T03:50:17+00:00\" \/>\n<meta property=\"og:image\" content=\"https:\/\/www.xn--tuksimaailm-ffb.ee\/wp-content\/uploads\/2021\/01\/touksimaailm-05018-scaled.jpg\" \/>\n\t<meta property=\"og:image:width\" content=\"1720\" \/>\n\t<meta property=\"og:image:height\" content=\"2560\" \/>\n\t<meta property=\"og:image:type\" content=\"image\/jpeg\" \/>\n<meta name=\"twitter:card\" content=\"summary_large_image\" \/>\n<meta name=\"twitter:label1\" content=\"Price\" \/>\n\t<meta name=\"twitter:data1\" content=\"&euro;79.50\" \/>\n\t<meta name=\"twitter:label2\" content=\"Availability\" \/>\n\t<meta name=\"twitter:data2\" content=\"In stock\" \/>\n<meta property=\"product:price:amount\" content=\"79.50\" \/>\n<meta property=\"product:price:currency\" content=\"EUR\" \/>\n<meta property=\"og:availability\" content=\"instock\" \/>\n<meta property=\"product:availability\" content=\"instock\" \/>\n<meta property=\"product:retailer_item_id\" content=\"PUMP-XIAOMI\" \/>\n<meta property=\"product:condition\" content=\"new\" \/>\n<!-- \/ Yoast SEO Premium plugin. -->","yoast_head_json":{"title":"Xiaomi elektriline pump elektrit\u00f5ukerattale | T\u00f5uksimaailm | Pumbad","description":"Xiaomi elektriline pump elektrit\u00f5ukerattale \/ jalgrattale (automaatne elektripump). Sobib ka autole, r\u00f5hk kuni 150PSI \/ 10.3atm \/ bar. Xiaomi lisavarustus.","robots":{"index":"index","follow":"follow","max-snippet":"max-snippet:-1","max-image-preview":"max-image-preview:large","max-video-preview":"max-video-preview:-1"},"canonical":"https:\/\/www.xn--tuksimaailm-ffb.ee\/en\/shop\/xiaomi-elektriline-pump-elektritoukerattale-jalgrattale\/","og_locale":"en_US","og_type":"article","og_title":"Xiaomi elektriline pump elektrit\u00f5ukerattale","og_description":"Xiaomi elektriline pump elektrit\u00f5ukerattale \/ jalgrattale (automaatne elektripump). Sobib ka autole, r\u00f5hk kuni 150PSI \/ 10.3atm \/ bar. Xiaomi lisavarustus.","og_url":"https:\/\/www.xn--tuksimaailm-ffb.ee\/shop\/xiaomi-elektriline-pump-elektritoukerattale-jalgrattale\/","og_site_name":"T\u00f5uksimaailm","article_publisher":"https:\/\/www.facebook.com\/touksimaailm\/","article_modified_time":"2024-04-07T03:50:17+00:00","og_image":[{"width":1720,"height":2560,"url":"https:\/\/www.xn--tuksimaailm-ffb.ee\/wp-content\/uploads\/2021\/01\/touksimaailm-05018-scaled.jpg","type":"image\/jpeg"}],"twitter_card":"summary_large_image","twitter_misc":{"Price":"&euro;79.50","Availability":"In stock"},"schema":{"@context":"https:\/\/schema.org","@graph":[{"@type":"WebPage","@id":"https:\/\/www.xn--tuksimaailm-ffb.ee\/shop\/xiaomi-elektriline-pump-elektritoukerattale-jalgrattale\/","url":"https:\/\/www.xn--tuksimaailm-ffb.ee\/shop\/xiaomi-elektriline-pump-elektritoukerattale-jalgrattale\/","name":"Xiaomi elektriline pump elektrit\u00f5ukerattale | T\u00f5uksimaailm | Pumbad","isPartOf":{"@id":"https:\/\/www.xn--tuksimaailm-ffb.ee\/en\/#website"},"primaryImageOfPage":{"@id":"https:\/\/www.xn--tuksimaailm-ffb.ee\/shop\/xiaomi-elektriline-pump-elektritoukerattale-jalgrattale\/#primaryimage"},"image":{"@id":"https:\/\/www.xn--tuksimaailm-ffb.ee\/shop\/xiaomi-elektriline-pump-elektritoukerattale-jalgrattale\/#primaryimage"},"thumbnailUrl":"https:\/\/www.xn--tuksimaailm-ffb.ee\/wp-content\/uploads\/2021\/01\/touksimaailm-05018-scaled.jpg","datePublished":"2021-01-31T14:59:06+00:00","dateModified":"2024-04-07T03:50:17+00:00","description":"Xiaomi elektriline pump elektrit\u00f5ukerattale \/ jalgrattale (automaatne elektripump). Sobib ka autole, r\u00f5hk kuni 150PSI \/ 10.3atm \/ bar. Xiaomi lisavarustus.","breadcrumb":{"@id":"https:\/\/www.xn--tuksimaailm-ffb.ee\/shop\/xiaomi-elektriline-pump-elektritoukerattale-jalgrattale\/#breadcrumb"},"inLanguage":"en-US","potentialAction":[{"@type":"ReadAction","target":["https:\/\/www.xn--tuksimaailm-ffb.ee\/shop\/xiaomi-elektriline-pump-elektritoukerattale-jalgrattale\/"]}]},{"@type":"ImageObject","inLanguage":"en-US","@id":"https:\/\/www.xn--tuksimaailm-ffb.ee\/shop\/xiaomi-elektriline-pump-elektritoukerattale-jalgrattale\/#primaryimage","url":"https:\/\/www.xn--tuksimaailm-ffb.ee\/wp-content\/uploads\/2021\/01\/touksimaailm-05018-scaled.jpg","contentUrl":"https:\/\/www.xn--tuksimaailm-ffb.ee\/wp-content\/uploads\/2021\/01\/touksimaailm-05018-scaled.jpg","width":1720,"height":2560,"caption":"xiaomi elektriline pump elektrit\u00f5ukerattale \/ jalgrattale automaatne elektripump"},{"@type":"BreadcrumbList","@id":"https:\/\/www.xn--tuksimaailm-ffb.ee\/shop\/xiaomi-elektriline-pump-elektritoukerattale-jalgrattale\/#breadcrumb","itemListElement":[{"@type":"ListItem","position":1,"name":"Home","item":"https:\/\/www.xn--tuksimaailm-ffb.ee\/en\/main-page\/"},{"@type":"ListItem","position":2,"name":"Shop","item":"https:\/\/www.xn--tuksimaailm-ffb.ee\/elektritoukerataste-pood\/"},{"@type":"ListItem","position":3,"name":"Xiaomi elektriline pump elektrit\u00f5ukerattale"}]},{"@type":"WebSite","@id":"https:\/\/www.xn--tuksimaailm-ffb.ee\/en\/#website","url":"https:\/\/www.xn--tuksimaailm-ffb.ee\/en\/","name":"T\u00f5uksimaailm","description":"Elektrit\u00f5ukerataste m\u00fc\u00fck, remont ja rent","publisher":{"@id":"https:\/\/www.xn--tuksimaailm-ffb.ee\/en\/#organization"},"potentialAction":[{"@type":"SearchAction","target":{"@type":"EntryPoint","urlTemplate":"https:\/\/www.xn--tuksimaailm-ffb.ee\/en\/?s={search_term_string}"},"query-input":{"@type":"PropertyValueSpecification","valueRequired":true,"valueName":"search_term_string"}}],"inLanguage":"en-US"},{"@type":"Organization","@id":"https:\/\/www.xn--tuksimaailm-ffb.ee\/en\/#organization","name":"T\u00f5uksimaailm","url":"https:\/\/www.xn--tuksimaailm-ffb.ee\/en\/","logo":{"@type":"ImageObject","inLanguage":"en-US","@id":"https:\/\/www.xn--tuksimaailm-ffb.ee\/en\/#\/schema\/logo\/image\/","url":"https:\/\/www.xn--tuksimaailm-ffb.ee\/wp-content\/uploads\/2020\/01\/logoz-e1579792875517.png","contentUrl":"https:\/\/www.xn--tuksimaailm-ffb.ee\/wp-content\/uploads\/2020\/01\/logoz-e1579792875517.png","width":250,"height":250,"caption":"T\u00f5uksimaailm"},"image":{"@id":"https:\/\/www.xn--tuksimaailm-ffb.ee\/en\/#\/schema\/logo\/image\/"},"sameAs":["https:\/\/www.facebook.com\/touksimaailm\/","https:\/\/www.instagram.com\/touksimaailm_\/","https:\/\/www.youtube.com\/channel\/UC18ml0EKIDLP1xGuQjFzcXQ"]}]},"product_price_amount":"79.50","product_price_currency":"EUR","og_availability":"instock","product_availability":"instock","product_retailer_item_id":"PUMP-XIAOMI","product_condition":"new"},"jetpack_sharing_enabled":true,"_links":{"self":[{"href":"https:\/\/www.xn--tuksimaailm-ffb.ee\/en\/wp-json\/wp\/v2\/product\/3232","targetHints":{"allow":["GET"]}}],"collection":[{"href":"https:\/\/www.xn--tuksimaailm-ffb.ee\/en\/wp-json\/wp\/v2\/product"}],"about":[{"href":"https:\/\/www.xn--tuksimaailm-ffb.ee\/en\/wp-json\/wp\/v2\/types\/product"}],"wp:featuredmedia":[{"embeddable":true,"href":"https:\/\/www.xn--tuksimaailm-ffb.ee\/en\/wp-json\/wp\/v2\/media\/3233"}],"wp:attachment":[{"href":"https:\/\/www.xn--tuksimaailm-ffb.ee\/en\/wp-json\/wp\/v2\/media?parent=3232"}],"wp:term":[{"taxonomy":"product_brand","embeddable":true,"href":"https:\/\/www.xn--tuksimaailm-ffb.ee\/en\/wp-json\/wp\/v2\/product_brand?post=3232"},{"taxonomy":"product_cat","embeddable":true,"href":"https:\/\/www.xn--tuksimaailm-ffb.ee\/en\/wp-json\/wp\/v2\/product_cat?post=3232"},{"taxonomy":"product_tag","embeddable":true,"href":"https:\/\/www.xn--tuksimaailm-ffb.ee\/en\/wp-json\/wp\/v2\/product_tag?post=3232"},{"taxonomy":"filter_elektritoukeratas","embeddable":true,"href":"https:\/\/www.xn--tuksimaailm-ffb.ee\/en\/wp-json\/wp\/v2\/filter_elektritoukeratas?post=3232"}],"curies":[{"name":"wp","href":"https:\/\/api.w.org\/{rel}","templated":true}]}}