{"id":44627,"date":"2021-12-31T16:51:52","date_gmt":"2021-12-31T14:51:52","guid":{"rendered":"http:\/\/www.xn--tuksimaailm-ffb.ee\/shop\/44627\/"},"modified":"2024-04-22T17:52:52","modified_gmt":"2024-04-22T14:52:52","slug":"44627","status":"publish","type":"product","link":"https:\/\/www.xn--tuksimaailm-ffb.ee\/en\/product\/44627\/","title":{"rendered":"Kugoo Kirin M4 Pro electric scooter"},"content":{"rendered":"<h2 style=\"text-align: center;\">KUGOO KIRIN M4 PRO ELECTRIC SCOOTER - PRODUCT DESCRIPTION<\/h2>\n<p>The Kugoo Kirin M4 Pro electric scooter is one of the most popular electric scooters in Estonia. The M4 Pro electric scooter is a frequent choice especially for those looking to purchase their first high-performance electric scooter that also offers great value for its price. This is for good reason, as the Kugoo M4 Pro electric scooter is one of the best in the world in terms of price to power\/comfort\/battery capacity ratio. It features an adjustable handlebar height and a long and wide standing deck, making the M4 Pro electric scooter suitable and comfortable for people of all heights. Like most Kugoo electric scooters, it comes in a black-red color combination.<\/p>\n<p>In the world of scooters, there is a Kugoo Kirin M4 Pro electric scooter available with a <strong>48V\/18Ah\/864Wh<\/strong> lithium battery. With a fully charged battery, the M4 Pro can travel <strong>up to 70km<\/strong>. As with any electric scooter, the realistic distance that can be traveled on a fully charged battery by an average-weight person at an average speed ranges from 35 to 55km. The Kugoo Kirin M4 Pro electric scooter is equipped with a folding mechanism that allows for very quick folding of the electric scooter. The fold occurs just in front of the standing deck, which ensures a very short length of the electric scooter when folded and makes it very easy to place the M4 Pro in the trunk of a car.<\/p>\n<p>For carrying the electric scooter in an unfolded position, there is a tube-shaped structure installed at the rear of the standing deck, which provides a very convenient grip during transport. This structure also functions very well as a footrest while riding. The Kugoo M4 Pro electric scooter is equipped with a <strong>500W<\/strong> BLDC electric motor.<br \/><img decoding=\"async\" class=\"wp-image-7300 aligncenter\" src=\"https:\/\/www.xn--tuksimaailm-ffb.ee\/wp-content\/uploads\/2021\/12\/m4-pro-8a-300x148.png\" alt=\"kugoo m4 pro elektrit\u00f5ukeratas elektriline t\u00f5ukeratas elektrit\u00f5ukerattad\" width=\"681\" height=\"336\" srcset=\"https:\/\/www.xn--tuksimaailm-ffb.ee\/wp-content\/uploads\/2021\/12\/m4-pro-8a-300x148.png 300w, https:\/\/www.xn--tuksimaailm-ffb.ee\/wp-content\/uploads\/2021\/12\/m4-pro-8a-768x378.png 768w, https:\/\/www.xn--tuksimaailm-ffb.ee\/wp-content\/uploads\/2021\/12\/m4-pro-8a-609x300.png 609w, https:\/\/www.xn--tuksimaailm-ffb.ee\/wp-content\/uploads\/2021\/12\/m4-pro-8a-611x300.png 611w, https:\/\/www.xn--tuksimaailm-ffb.ee\/wp-content\/uploads\/2021\/12\/m4-pro-8a-600x295.png 600w, https:\/\/www.xn--tuksimaailm-ffb.ee\/wp-content\/uploads\/2021\/12\/m4-pro-8a.png 928w\" sizes=\"(max-width: 681px) 100vw, 681px\" \/><\/p>\n<h2 style=\"text-align: center;\">KUGOO M4 PRO ELECTRIC SCOOTER - TECHNICAL DESCRIPTION<\/h2>\n<p>KUGOO M4 PRO ELECTRIC SCOOTER - TECHNICAL DESCRIPTION<\/p>\n<p>Kugoo is primarily popular in Eastern Europe and the Baltic region but has also been gaining popularity across other parts of Europe in recent years. Kugoo electric scooters have won people's hearts with their excellent price-performance ratio, often being up to half the price of more expensive premium brands like <strong>Inokim<\/strong> and <strong>Vsett<\/strong>. The Kugoo M4 Pro electric scooter is also a great choice because its power (500W) is below 1000W, which is the maximum allowed power for electric scooters under Estonian traffic laws. Therefore, you can ride the Kugoo Kirin M4 Pro electric scooter on bike paths and sidewalks with peace of mind. By law, the scooter's manufacturing speed is limited to <strong>25km\/h<\/strong>.<\/p>\n<p>Thanks to its sturdy construction, the electric scooter has a very impressive maximum carrying capacity of <strong>150kg<\/strong>. It takes <strong>8 hours<\/strong> to fully charge the battery with the charger that comes in the box with the scooter. The Kugoo Kirin M4 electric scooter is also equipped with front, side, and rear LED lights. The front light is efficient enough that there is no need to install additional lights on the handlebar for riding in dark conditions. Wearing a helmet while riding the electric scooter is strongly recommended. For riders under 16 years old, wearing a helmet is legally mandatory while riding an electric scooter. All electric scooters can be found here.<\/p>\n<h2 style=\"text-align: center;\">SAFETY<\/h2>\n<p>Electric scooter riders, especially regular riders, are strongly advised to wear a helmet for safety while commuting. According to the law, wearing a helmet while riding an electric scooter is mandatory for riders under 16 years old. You can find a variety of electric scooters available for purchase here.<\/p>\n<p>\u00a0<\/p>\n<p><strong>When you buy from our store, all accessories are 20% off with the purchase of an electric scooter!<\/strong><\/p>\n<p><strong>The Kugoo M4 Pro 18Ah electric scooter is street legal according to Estonian traffic laws, with a manufacturer's power of 500W and a speed limit of 25km\/h. Note! If the user has independently modified the electric scooter to be faster or more powerful than the above parameters, then Scooter World is not responsible for any fines due to legal violations, police confiscation of the electric scooter, or damages caused by other types of violations.<\/strong><\/p>\n<table class=\"tg\" style=\"border-collapse: collapse; max-width: 600px; border-spacing: 0; margin: 0px auto;\">\n<tbody>\n<tr>\n<td style=\"background-color: #e4e1e1; color: #333333; font-family: inherit; font-size: 14px; font-weight: bold; overflow: hidden; padding: 5px 5px; text-align: center; vertical-align: top; word-break: normal; border: 1px solid;\" colspan=\"2\">Technical Specification<\/td>\n<\/tr>\n<tr>\n<td style=\"background-color: #e4e1e1; color: #333333; font-family: inherit; font-size: 14px; font-weight: bold; overflow: hidden; padding: 5px 5px; text-align: right; vertical-align: top; word-break: normal; border: 1px solid;\">Weight<\/td>\n<td style=\"font-family: inherit; font-size: 14px; overflow: hidden; padding: 5px 5px; text-align: center; vertical-align: top; word-break: normal; border: 1px solid;\">25kg<\/td>\n<\/tr>\n<tr>\n<td style=\"background-color: #e4e1e1; color: #333333; font-family: inherit; font-size: 14px; font-weight: bold; overflow: hidden; padding: 5px 5px; text-align: right; vertical-align: top; word-break: normal; border: 1px solid;\">Speed<\/td>\n<td style=\"font-family: inherit; font-size: 14px; overflow: hidden; padding: 5px 5px; text-align: center; vertical-align: top; word-break: normal; border: 1px solid;\">valmistajakiirus 25km\/h<\/td>\n<\/tr>\n<tr>\n<td style=\"background-color: #e4e1e1; color: #333333; font-family: inherit; font-size: 14px; font-weight: bold; overflow: hidden; padding: 5px 5px; text-align: right; vertical-align: top; word-break: normal; border: 1px solid;\">battery<\/td>\n<td style=\"font-family: inherit; font-size: 14px; overflow: hidden; padding: 5px 5px; text-align: center; vertical-align: top; word-break: normal; border: 1px solid;\">48V\/18Ah\/864Wh<\/td>\n<\/tr>\n<tr>\n<td style=\"background-color: #e4e1e1; color: #333333; font-family: inherit; font-size: 14px; font-weight: bold; overflow: hidden; padding: 5px 5px; text-align: right; vertical-align: top; word-break: normal; border: 1px solid;\">Motor<\/td>\n<td style=\"font-family: inherit; font-size: 14px; overflow: hidden; padding: 5px 5px; text-align: center; vertical-align: top; word-break: normal; border: 1px solid;\">500W<\/td>\n<\/tr>\n<tr>\n<td style=\"background-color: #e4e1e1; color: #333333; font-family: inherit; font-size: 14px; font-weight: bold; overflow: hidden; padding: 5px 5px; text-align: right; vertical-align: top; word-break: normal; border: 1px solid;\">Waterproof Rating<\/td>\n<td style=\"font-family: inherit; font-size: 14px; overflow: hidden; padding: 5px 5px; text-align: center; vertical-align: top; word-break: normal; border: 1px solid;\">IP54 kaitseklass<\/td>\n<\/tr>\n<tr>\n<td style=\"background-color: #e4e1e1; color: #333333; font-family: inherit; font-size: 14px; font-weight: bold; overflow: hidden; padding: 5px 5px; text-align: right; vertical-align: top; word-break: normal; border: 1px solid;\">Charging Time<\/td>\n<td style=\"font-family: inherit; font-size: 14px; overflow: hidden; padding: 5px 5px; text-align: center; vertical-align: top; word-break: normal; border: 1px solid;\">7-8h<\/td>\n<\/tr>\n<tr>\n<td style=\"background-color: #e4e1e1; color: #333333; font-family: inherit; font-size: 14px; font-weight: bold; overflow: hidden; padding: 5px 5px; text-align: right; vertical-align: top; word-break: normal; border: 1px solid;\">Travel Range (manufacturer specification) | Calculated Travel Range<\/td>\n<td style=\"font-family: inherit; font-size: 14px; overflow: hidden; padding: 5px 5px; text-align: center; vertical-align: top; word-break: normal; border: 1px solid;\">up to 55km | 58km (25km\/h, 70kg rider, 15Wh\/km)<\/td>\n<\/tr>\n<tr>\n<td style=\"background-color: #e4e1e1; color: #333333; font-family: inherit; font-size: 14px; font-weight: bold; overflow: hidden; padding: 5px 5px; text-align: right; vertical-align: top; word-break: normal; border: 1px solid;\">Lights<\/td>\n<td style=\"font-family: inherit; font-size: 14px; overflow: hidden; padding: 5px 5px; text-align: center; vertical-align: top; word-break: normal; border: 1px solid;\">LED front and rear<\/td>\n<\/tr>\n<tr>\n<td style=\"background-color: #e4e1e1; color: #333333; font-family: inherit; font-size: 14px; font-weight: bold; overflow: hidden; padding: 5px 5px; text-align: right; vertical-align: top; word-break: normal; border: 1px solid;\">Brakes<\/td>\n<td style=\"font-family: inherit; font-size: 14px; overflow: hidden; padding: 5px 5px; text-align: center; vertical-align: top; word-break: normal; border: 1px solid;\">Front and rear disc brakes<\/td>\n<\/tr>\n<tr>\n<td style=\"background-color: #e4e1e1; color: #333333; font-family: inherit; font-size: 14px; font-weight: bold; overflow: hidden; padding: 5px 5px; text-align: right; vertical-align: top; word-break: normal; border: 1px solid;\">Tires<\/td>\n<td style=\"font-family: inherit; font-size: 14px; overflow: hidden; padding: 5px 5px; text-align: center; vertical-align: top; word-break: normal; border: 1px solid;\">10\" air tires<\/td>\n<\/tr>\n<tr>\n<td style=\"background-color: #e4e1e1; color: #333333; font-family: inherit; font-size: 14px; font-weight: bold; overflow: hidden; padding: 5px 5px; text-align: right; vertical-align: top; word-break: normal; border: 1px solid;\">Maximum Load Capacity<\/td>\n<td style=\"font-family: inherit; font-size: 14px; overflow: hidden; padding: 5px 5px; text-align: center; vertical-align: top; word-break: normal; border: 1px solid;\">120kg<\/td>\n<\/tr>\n<tr>\n<td style=\"background-color: #e4e1e1; color: #333333; font-family: inherit; font-size: 14px; font-weight: bold; overflow: hidden; padding: 5px 5px; text-align: right; vertical-align: top; word-break: normal; border: 1px solid;\">Material<\/td>\n<td style=\"font-family: inherit; font-size: 14px; overflow: hidden; padding: 5px 5px; text-align: center; vertical-align: top; word-break: normal; border: 1px solid;\">Aluminum frame, load-bearing parts made of stainless steel<\/td>\n<\/tr>\n<\/tbody>\n<\/table>\n","protected":false},"excerpt":{"rendered":"<p><strong>Found a cheaper price? Write to us and we'll make you a better offer!<\/strong><\/p>\n<p><strong>When purchased with an electric scooter, all accessories and spare parts are 20% off. The discount is automatically applied when added to the shopping cart!<\/strong><\/p>\n<p><strong>Delivery time: 0-3 business days<\/strong><\/p>\n","protected":false},"featured_media":15519,"template":"","meta":[],"product_brand":[],"product_cat":[722],"product_tag":[],"filter_elektritoukeratas":[],"class_list":{"0":"post-44627","1":"product","2":"type-product","3":"status-publish","4":"has-post-thumbnail","6":"product_cat-electric-scooters","7":"product_shipping_class-keskmine-pakk-en","8":"pa_aku-mahutavus-wh-864-en","9":"pa_kaal-kg-25-en","10":"pa_kandevoime-kg-150-en","11":"pa_labisoit-arvutuslik-km-58-en","12":"pa_mootorite-arv-uhe-mootoriga-en","13":"pa_muuja-platvormil-neli-pro-ou-en","14":"pa_piiramata-tippkiirus-kmh-25-en","15":"pa_tootetuup-elektritoukeratas-en","16":"pa_valmistaja-kugoo-en","17":"pa_voimsus-w-500-en","19":"first","20":"outofstock","21":"taxable","22":"shipping-taxable","23":"purchasable","24":"product-type-simple"},"yoast_head":"<!-- This site is optimized with the Yoast SEO Premium plugin v26.8 (Yoast SEO v27.3) - https:\/\/yoast.com\/product\/yoast-seo-premium-wordpress\/ -->\n<title>Kugoo Kirin M4 Pro electric scooter | Populaarne | T\u00f5uksimaailm<\/title>\n<meta name=\"description\" content=\"Kugoo Kirin M4 Pro elektrit\u00f5ukeratas. V\u00f5imas, kompaktne elektriline t\u00f5ukeratas. V\u00e4ga hea hinna ja v\u00f5imsuse \/ j\u00f5udluse suhtega. Kugoo elektrit\u00f5ukerattad.\" \/>\n<meta name=\"robots\" content=\"index, follow, max-snippet:-1, max-image-preview:large, max-video-preview:-1\" \/>\n<link rel=\"canonical\" href=\"https:\/\/www.xn--tuksimaailm-ffb.ee\/en\/product\/44627\/\" \/>\n<meta property=\"og:locale\" content=\"en_US\" \/>\n<meta property=\"og:type\" content=\"article\" \/>\n<meta property=\"og:title\" content=\"Kugoo Kirin M4 Pro electric scooter\" \/>\n<meta property=\"og:description\" content=\"Kugoo Kirin M4 Pro elektrit\u00f5ukeratas. V\u00f5imas, kompaktne elektriline t\u00f5ukeratas. V\u00e4ga hea hinna ja v\u00f5imsuse \/ j\u00f5udluse suhtega. Kugoo elektrit\u00f5ukerattad.\" \/>\n<meta property=\"og:url\" content=\"https:\/\/www.xn--tuksimaailm-ffb.ee\/en\/product\/44627\/\" \/>\n<meta property=\"og:site_name\" content=\"T\u00f5uksimaailm\" \/>\n<meta property=\"article:publisher\" content=\"https:\/\/www.facebook.com\/touksimaailm\/\" \/>\n<meta property=\"article:modified_time\" content=\"2024-04-22T14:52:52+00:00\" \/>\n<meta property=\"og:image\" content=\"https:\/\/www.xn--tuksimaailm-ffb.ee\/wp-content\/uploads\/2021\/12\/m4-pro-1.png\" \/>\n\t<meta property=\"og:image:width\" content=\"939\" \/>\n\t<meta property=\"og:image:height\" content=\"909\" \/>\n\t<meta property=\"og:image:type\" content=\"image\/png\" \/>\n<meta name=\"twitter:card\" content=\"summary_large_image\" \/>\n<meta name=\"twitter:label1\" content=\"Price\" \/>\n\t<meta name=\"twitter:data1\" content=\"&euro;999.00\" \/>\n\t<meta name=\"twitter:label2\" content=\"Availability\" \/>\n\t<meta name=\"twitter:data2\" content=\"Out of stock\" \/>\n<meta property=\"product:price:amount\" content=\"999.00\" \/>\n<meta property=\"product:price:currency\" content=\"EUR\" \/>\n<meta property=\"og:availability\" content=\"out of stock\" \/>\n<meta property=\"product:availability\" content=\"out of stock\" \/>\n<meta property=\"product:retailer_item_id\" content=\"KirinM4Pro\" \/>\n<meta property=\"product:condition\" content=\"new\" \/>\n<!-- \/ Yoast SEO Premium plugin. -->","yoast_head_json":{"title":"Kugoo Kirin M4 Pro electric scooter | Populaarne | T\u00f5uksimaailm","description":"Kugoo Kirin M4 Pro elektrit\u00f5ukeratas. V\u00f5imas, kompaktne elektriline t\u00f5ukeratas. V\u00e4ga hea hinna ja v\u00f5imsuse \/ j\u00f5udluse suhtega. Kugoo elektrit\u00f5ukerattad.","robots":{"index":"index","follow":"follow","max-snippet":"max-snippet:-1","max-image-preview":"max-image-preview:large","max-video-preview":"max-video-preview:-1"},"canonical":"https:\/\/www.xn--tuksimaailm-ffb.ee\/en\/product\/44627\/","og_locale":"en_US","og_type":"article","og_title":"Kugoo Kirin M4 Pro electric scooter","og_description":"Kugoo Kirin M4 Pro elektrit\u00f5ukeratas. V\u00f5imas, kompaktne elektriline t\u00f5ukeratas. V\u00e4ga hea hinna ja v\u00f5imsuse \/ j\u00f5udluse suhtega. Kugoo elektrit\u00f5ukerattad.","og_url":"https:\/\/www.xn--tuksimaailm-ffb.ee\/en\/product\/44627\/","og_site_name":"T\u00f5uksimaailm","article_publisher":"https:\/\/www.facebook.com\/touksimaailm\/","article_modified_time":"2024-04-22T14:52:52+00:00","og_image":[{"width":939,"height":909,"url":"https:\/\/www.xn--tuksimaailm-ffb.ee\/wp-content\/uploads\/2021\/12\/m4-pro-1.png","type":"image\/png"}],"twitter_card":"summary_large_image","twitter_misc":{"Price":"&euro;999.00","Availability":"Out of stock"},"schema":{"@context":"https:\/\/schema.org","@graph":[{"@type":"WebPage","@id":"https:\/\/www.xn--tuksimaailm-ffb.ee\/en\/product\/44627\/","url":"https:\/\/www.xn--tuksimaailm-ffb.ee\/en\/product\/44627\/","name":"Kugoo Kirin M4 Pro electric scooter | Populaarne | T\u00f5uksimaailm","isPartOf":{"@id":"https:\/\/www.xn--tuksimaailm-ffb.ee\/en\/#website"},"primaryImageOfPage":{"@id":"https:\/\/www.xn--tuksimaailm-ffb.ee\/en\/product\/44627\/#primaryimage"},"image":{"@id":"https:\/\/www.xn--tuksimaailm-ffb.ee\/en\/product\/44627\/#primaryimage"},"thumbnailUrl":"https:\/\/www.xn--tuksimaailm-ffb.ee\/wp-content\/uploads\/2021\/12\/m4-pro-1.png","datePublished":"2021-12-31T14:51:52+00:00","dateModified":"2024-04-22T14:52:52+00:00","description":"Kugoo Kirin M4 Pro elektrit\u00f5ukeratas. V\u00f5imas, kompaktne elektriline t\u00f5ukeratas. V\u00e4ga hea hinna ja v\u00f5imsuse \/ j\u00f5udluse suhtega. Kugoo elektrit\u00f5ukerattad.","breadcrumb":{"@id":"https:\/\/www.xn--tuksimaailm-ffb.ee\/en\/product\/44627\/#breadcrumb"},"inLanguage":"en-US","potentialAction":[{"@type":"ReadAction","target":["https:\/\/www.xn--tuksimaailm-ffb.ee\/en\/product\/44627\/"]}]},{"@type":"ImageObject","inLanguage":"en-US","@id":"https:\/\/www.xn--tuksimaailm-ffb.ee\/en\/product\/44627\/#primaryimage","url":"https:\/\/www.xn--tuksimaailm-ffb.ee\/wp-content\/uploads\/2021\/12\/m4-pro-1.png","contentUrl":"https:\/\/www.xn--tuksimaailm-ffb.ee\/wp-content\/uploads\/2021\/12\/m4-pro-1.png","width":939,"height":909,"caption":"kugoo m4 pro elektrit\u00f5ukeratas elektriline t\u00f5ukeratas elektrit\u00f5ukerattad elektrilised t\u00f5ukerattad"},{"@type":"BreadcrumbList","@id":"https:\/\/www.xn--tuksimaailm-ffb.ee\/en\/product\/44627\/#breadcrumb","itemListElement":[{"@type":"ListItem","position":1,"name":"Home","item":"https:\/\/www.xn--tuksimaailm-ffb.ee\/en\/main-page\/"},{"@type":"ListItem","position":2,"name":"Shop","item":"https:\/\/www.xn--tuksimaailm-ffb.ee\/elektritoukerataste-pood\/"},{"@type":"ListItem","position":3,"name":"Kugoo Kirin M4 Pro electric scooter"}]},{"@type":"WebSite","@id":"https:\/\/www.xn--tuksimaailm-ffb.ee\/en\/#website","url":"https:\/\/www.xn--tuksimaailm-ffb.ee\/en\/","name":"T\u00f5uksimaailm","description":"Elektrit\u00f5ukerataste m\u00fc\u00fck, remont ja rent","publisher":{"@id":"https:\/\/www.xn--tuksimaailm-ffb.ee\/en\/#organization"},"potentialAction":[{"@type":"SearchAction","target":{"@type":"EntryPoint","urlTemplate":"https:\/\/www.xn--tuksimaailm-ffb.ee\/en\/?s={search_term_string}"},"query-input":{"@type":"PropertyValueSpecification","valueRequired":true,"valueName":"search_term_string"}}],"inLanguage":"en-US"},{"@type":"Organization","@id":"https:\/\/www.xn--tuksimaailm-ffb.ee\/en\/#organization","name":"T\u00f5uksimaailm","url":"https:\/\/www.xn--tuksimaailm-ffb.ee\/en\/","logo":{"@type":"ImageObject","inLanguage":"en-US","@id":"https:\/\/www.xn--tuksimaailm-ffb.ee\/en\/#\/schema\/logo\/image\/","url":"https:\/\/www.xn--tuksimaailm-ffb.ee\/wp-content\/uploads\/2020\/01\/logoz-e1579792875517.png","contentUrl":"https:\/\/www.xn--tuksimaailm-ffb.ee\/wp-content\/uploads\/2020\/01\/logoz-e1579792875517.png","width":250,"height":250,"caption":"T\u00f5uksimaailm"},"image":{"@id":"https:\/\/www.xn--tuksimaailm-ffb.ee\/en\/#\/schema\/logo\/image\/"},"sameAs":["https:\/\/www.facebook.com\/touksimaailm\/","https:\/\/www.instagram.com\/touksimaailm_\/","https:\/\/www.youtube.com\/channel\/UC18ml0EKIDLP1xGuQjFzcXQ"]}]},"product_price_amount":"999.00","product_price_currency":"EUR","og_availability":"out of stock","product_availability":"out of stock","product_retailer_item_id":"KirinM4Pro","product_condition":"new"},"jetpack_sharing_enabled":true,"_links":{"self":[{"href":"https:\/\/www.xn--tuksimaailm-ffb.ee\/en\/wp-json\/wp\/v2\/product\/44627","targetHints":{"allow":["GET"]}}],"collection":[{"href":"https:\/\/www.xn--tuksimaailm-ffb.ee\/en\/wp-json\/wp\/v2\/product"}],"about":[{"href":"https:\/\/www.xn--tuksimaailm-ffb.ee\/en\/wp-json\/wp\/v2\/types\/product"}],"wp:featuredmedia":[{"embeddable":true,"href":"https:\/\/www.xn--tuksimaailm-ffb.ee\/en\/wp-json\/wp\/v2\/media\/15519"}],"wp:attachment":[{"href":"https:\/\/www.xn--tuksimaailm-ffb.ee\/en\/wp-json\/wp\/v2\/media?parent=44627"}],"wp:term":[{"taxonomy":"product_brand","embeddable":true,"href":"https:\/\/www.xn--tuksimaailm-ffb.ee\/en\/wp-json\/wp\/v2\/product_brand?post=44627"},{"taxonomy":"product_cat","embeddable":true,"href":"https:\/\/www.xn--tuksimaailm-ffb.ee\/en\/wp-json\/wp\/v2\/product_cat?post=44627"},{"taxonomy":"product_tag","embeddable":true,"href":"https:\/\/www.xn--tuksimaailm-ffb.ee\/en\/wp-json\/wp\/v2\/product_tag?post=44627"},{"taxonomy":"filter_elektritoukeratas","embeddable":true,"href":"https:\/\/www.xn--tuksimaailm-ffb.ee\/en\/wp-json\/wp\/v2\/filter_elektritoukeratas?post=44627"}],"curies":[{"name":"wp","href":"https:\/\/api.w.org\/{rel}","templated":true}]}}