{"id":44638,"date":"2024-01-26T17:33:39","date_gmt":"2024-01-26T15:33:39","guid":{"rendered":"http:\/\/www.xn--tuksimaailm-ffb.ee\/shop\/kugoo-kirin-m3-electric-scooter\/"},"modified":"2024-01-26T17:33:39","modified_gmt":"2024-01-26T14:33:39","slug":"kugoo-kirin-m3-electric-scooter","status":"publish","type":"product","link":"https:\/\/www.xn--tuksimaailm-ffb.ee\/en\/product\/kugoo-kirin-m3-electric-scooter\/","title":{"rendered":"Kugoo Kirin M3 electric scooter"},"content":{"rendered":"<h2 style=\"text-align: center;\">KUGOO KIRIN M3 ELECTRIC SCOOTER - PRODUCT DESCRIPTION<\/h2>\n<p>The Kugoo Kirin M3 electric scooter ensures a comfortable urban ride and an exciting off-road experience. The Kugoo M3 electric scooter is an efficient two-wheeled vehicle that is high-quality with a distinctive appearance, ideal for city rides. The Kugoo Kirin M3 scooter\u2019s body is designed to be light and comfortable for easy mobility. The Kugoo Kirin M3 features a <strong>chip card locking system<\/strong>, which allows the electric scooter to be quickly and conveniently unlocked and started. For <strong>added security<\/strong>, the Kugoo M3 electric scooter is <strong>equipped with a cable lock<\/strong> that can secure the scooter to a post. A particularly notable and eye-catching technical aspect is that the KuKirin M3 electric scooters are equipped with <strong>IPX7 waterproof protection<\/strong>.<\/p>\n<p>To ensure safe riding, the Kugoo KuKirin M3 electric scooter<strong> has a bell built into the handlebar<\/strong> to notify fellow road users of its approach. Additionally, the Kugoo M3 is equipped with a <strong>turn signal switch that activates the rear LED light to flash.<\/strong><\/p>\n<p>The Kugoo Kirin M3 electric scooter has a<strong> simple folding mechanism<\/strong> that allows the scooter to be folded in just 3 seconds - release the clamp and fold the handlebar towards the frame. Moreover, the Kugoo M3 electric scooter also has a kickstand for convenient support when not in use.<\/p>\n<p><iframe title=\"Kukirin M3 COMPREHENSIVE Review\" width=\"1082\" height=\"609\" src=\"https:\/\/www.youtube.com\/embed\/wEcxB5D67oI?feature=oembed\" frameborder=\"0\" allow=\"accelerometer; autoplay; clipboard-write; encrypted-media; gyroscope; picture-in-picture; web-share\" referrerpolicy=\"strict-origin-when-cross-origin\" allowfullscreen><\/iframe><\/p>\n<h2 style=\"text-align: center;\">KUGOO KIRIN M3 ELECTRIC SCOOTER - TECHNICAL DESCRIPTION<\/h2>\n<p>Kugoo electric scooters have won people's hearts due to their excellent price-performance ratio, often being nearly half the cost of more expensive premium brands like Inokim and Kaabo. KuKirin electric scooters feature large batteries, powerful motors, beautiful designs, and user-friendliness.<\/p>\n<p>The Kugoo M3 electric scooter is equipped with a capable and quiet <strong>500W<\/strong> brushless electric motor. This powerful motor ensures that the electric scooter can reach the manufacturer's speed of<strong> 25 km\/h<\/strong> even under challenging conditions. Additionally, the Kugoo KuKirin M3 electric scooter is capable of <strong>climbing grades up to 24%<\/strong>. The robust motor and solid frame allow the scooter to carry a weight of up to <strong>120 kg<\/strong>.<\/p>\n<p>For safe and comfortable riding, the Kugoo M3 electric scooter is equipped with <strong>comfortable 10\" air tires<\/strong>. For an especially smooth ride both in the city and off-road, the Kugoo M3 is equipped with a <strong>dual front oil shock absorber<\/strong> that softens the handlebars and makes the ride more enjoyable. The fork-type shock absorber is a better solution to ensure ride stability and comfort simultaneously. Kugoo Kirin electric scooters are known for their safety and the quality of their brakes - thus, the Kugoo KuKirin M3 electric scooter is equipped with a <strong>front drum brake<\/strong> and a motor brake that slows the scooter when coasting (<strong>motor magnetic brake<\/strong>).<\/p>\n<p>The Kugoo Kirin M3 electric scooter is powered by a <strong>36V<\/strong> DC supply and a high-capacity <strong>13Ah \/ 468Wh<\/strong> Li-Ion battery pack. According to the manufacturer's specifications, the electric scooter is capable of traveling <strong>up to 40km on a single charge<\/strong>. However, based on calculations with an energy consumption of 15Wh\/km, it is realistic to expect that under normal conditions and smooth riding, the scooter can travel <strong>approximately 31.5km<\/strong> on a single charge. The battery requires about <strong>4.5 hours to charge from 0% to 100%.<\/strong><\/p>\n<p>The Kugoo Kirin M3 electric scooter is equipped with enough lights to ensure that you are clearly visible even in dark conditions. The Kugoo KuKirin M3 electric scooter features a small but powerful <strong>front LED light and two elongated rear LED lights, which also function as turn signals<\/strong>.<\/p>\n<h2 style=\"text-align: center;\">SAFETY<\/h2>\n<p>When using an electric scooter, wearing a helmet is strongly recommended for all adult riders. For riders under 16 years old, wearing a helmet while riding an electric scooter is mandatory by law. All electric scooters can be found here.<\/p>\n<p><strong>When purchasing your electric scooter from our store, you'll get all additional accessories at a 20% discount along with the scooter purchase! At T\u00f5uksimaailm, we strive to make electric scooters and all associated items affordable for customers with different preferences!<\/strong><\/p>\n<p><strong>The Kugoo Kirin M3 electric scooter is street-legal in Estonia according to traffic regulations, with a manufacturer-rated power of 500W and a manufacturer-rated speed of 25km\/h. Please note: If the user has independently modified the electric scooter to exceed the parameters mentioned above in terms of speed or power, T\u00f5uksimaailm does not take responsibility for any fines incurred for breaking the law, confiscation of the electric scooter by the police, or any other damages caused by violations.<\/strong><\/p>\n<table class=\"tg\" style=\"border-collapse: collapse; max-width: 600px; border-spacing: 0px; margin: 0px auto; width: 84%; height: 757px;\">\n<tbody>\n<tr style=\"height: 27px;\">\n<td style=\"background-color: #e4e1e1; color: #333333; font-family: inherit; font-size: 14px; font-weight: bold; overflow: hidden; padding: 5px; text-align: center; vertical-align: top; word-break: normal; border: 1px solid; height: 27px;\" colspan=\"2\">Technical Specifications<\/td>\n<\/tr>\n<tr style=\"height: 27px;\">\n<td style=\"background-color: #e4e1e1; color: #333333; font-family: inherit; font-size: 14px; font-weight: bold; overflow: hidden; padding: 5px; text-align: right; vertical-align: top; word-break: normal; border: 1px solid; height: 27px;\">Color<\/td>\n<td style=\"font-family: inherit; font-size: 14px; overflow: hidden; padding: 5px; text-align: center; vertical-align: top; word-break: normal; border: 1px solid; height: 27px;\">black<\/td>\n<\/tr>\n<tr style=\"height: 55px;\">\n<td style=\"background-color: #e4e1e1; color: #333333; font-family: inherit; font-size: 14px; font-weight: bold; overflow: hidden; padding: 5px; text-align: right; vertical-align: top; word-break: normal; border: 1px solid; height: 55px;\">Distance\/Driving Range (Manufacturer Specification) | Distance\/Driving Range Calculated<\/td>\n<td style=\"font-family: inherit; font-size: 14px; overflow: hidden; padding: 5px; text-align: center; vertical-align: top; word-break: normal; border: 1px solid; height: 55px;\">40km | 32km (25km\/h, 70kg rider, 15Wh\/km)<\/td>\n<\/tr>\n<tr style=\"height: 27px;\">\n<td style=\"background-color: #e4e1e1; color: #333333; font-family: inherit; font-size: 14px; font-weight: bold; overflow: hidden; padding: 5px; text-align: right; vertical-align: top; word-break: normal; border: 1px solid; height: 27px;\">Motor Power<\/td>\n<td style=\"font-family: inherit; font-size: 14px; overflow: hidden; padding: 5px; text-align: center; vertical-align: top; word-break: normal; border: 1px solid; height: 27px;\">500W<\/td>\n<\/tr>\n<tr style=\"height: 27px;\">\n<td style=\"background-color: #e4e1e1; color: #333333; font-family: inherit; font-size: 14px; font-weight: bold; overflow: hidden; padding: 5px; text-align: right; vertical-align: top; word-break: normal; border: 1px solid; height: 27px;\">Battery<\/td>\n<td style=\"font-family: inherit; font-size: 14px; overflow: hidden; padding: 5px; text-align: center; vertical-align: top; word-break: normal; border: 1px solid; height: 27px;\">36V\/13Ah<\/td>\n<\/tr>\n<tr style=\"height: 27px;\">\n<td style=\"background-color: #e4e1e1; color: #333333; font-family: inherit; font-size: 14px; font-weight: bold; overflow: hidden; padding: 5px; text-align: right; vertical-align: top; word-break: normal; border: 1px solid; height: 27px;\">Battery Capacity<\/td>\n<td style=\"font-family: inherit; font-size: 14px; overflow: hidden; padding: 5px; text-align: center; vertical-align: top; word-break: normal; border: 1px solid; height: 27px;\">468Wh<\/td>\n<\/tr>\n<tr style=\"height: 27px;\">\n<td style=\"background-color: #e4e1e1; color: #333333; font-family: inherit; font-size: 14px; font-weight: bold; overflow: hidden; padding: 5px; text-align: right; vertical-align: top; word-break: normal; border: 1px solid; height: 27px;\">Charger Voltage<\/td>\n<td style=\"font-family: inherit; font-size: 14px; overflow: hidden; padding: 5px; text-align: center; vertical-align: top; word-break: normal; border: 1px solid; height: 27px;\">220-240V\/50Hz<\/td>\n<\/tr>\n<tr style=\"height: 27px;\">\n<td style=\"background-color: #e4e1e1; color: #333333; font-family: inherit; font-size: 14px; font-weight: bold; overflow: hidden; padding: 5px; text-align: right; vertical-align: top; word-break: normal; border: 1px solid; height: 27px;\">Charging Time<\/td>\n<td style=\"font-family: inherit; font-size: 14px; overflow: hidden; padding: 5px; text-align: center; vertical-align: top; word-break: normal; border: 1px solid; height: 27px;\">4.5h<\/td>\n<\/tr>\n<tr style=\"height: 27px;\">\n<td style=\"background-color: #e4e1e1; color: #333333; font-family: inherit; font-size: 14px; font-weight: bold; overflow: hidden; padding: 5px; text-align: right; vertical-align: top; word-break: normal; border: 1px solid; height: 27px;\">Battery Charger Included<\/td>\n<td style=\"font-family: inherit; font-size: 14px; overflow: hidden; padding: 5px; text-align: center; vertical-align: top; word-break: normal; border: 1px solid; height: 27px;\">yes<\/td>\n<\/tr>\n<tr style=\"height: 27px;\">\n<td style=\"background-color: #e4e1e1; color: #333333; font-family: inherit; font-size: 14px; font-weight: bold; overflow: hidden; padding: 5px; text-align: right; vertical-align: top; word-break: normal; border: 1px solid; height: 27px;\">Option to use Spare Battery<\/td>\n<td style=\"font-family: inherit; font-size: 14px; overflow: hidden; padding: 5px; text-align: center; vertical-align: top; word-break: normal; border: 1px solid; height: 27px;\">no<\/td>\n<\/tr>\n<tr style=\"height: 27px;\">\n<td style=\"background-color: #e4e1e1; color: #333333; font-family: inherit; font-size: 14px; font-weight: bold; overflow: hidden; padding: 5px; text-align: right; vertical-align: top; word-break: normal; border: 1px solid; height: 27px;\">Battery Removability<\/td>\n<td style=\"font-family: inherit; font-size: 14px; overflow: hidden; padding: 5px; text-align: center; vertical-align: top; word-break: normal; border: 1px solid; height: 27px;\">no<\/td>\n<\/tr>\n<tr style=\"height: 27px;\">\n<td style=\"background-color: #e4e1e1; color: #333333; font-family: inherit; font-size: 14px; font-weight: bold; overflow: hidden; padding: 5px; text-align: right; vertical-align: top; word-break: normal; border: 1px solid; height: 27px;\">Manufacturer Speed<\/td>\n<td style=\"font-family: inherit; font-size: 14px; overflow: hidden; padding: 5px; text-align: center; vertical-align: top; word-break: normal; border: 1px solid; height: 27px;\">25 km\/h<\/td>\n<\/tr>\n<tr style=\"height: 27px;\">\n<td style=\"background-color: #e4e1e1; color: #333333; font-family: inherit; font-size: 14px; font-weight: bold; overflow: hidden; padding: 5px; text-align: right; vertical-align: top; word-break: normal; border: 1px solid; height: 27px;\">Speed Levels<\/td>\n<td style=\"font-family: inherit; font-size: 14px; overflow: hidden; padding: 5px; text-align: center; vertical-align: top; word-break: normal; border: 1px solid; height: 27px;\">3<\/td>\n<\/tr>\n<tr style=\"height: 27px;\">\n<td style=\"background-color: #e4e1e1; color: #333333; font-family: inherit; font-size: 14px; font-weight: bold; overflow: hidden; padding: 5px; text-align: right; vertical-align: top; word-break: normal; border: 1px solid; height: 27px;\">Cruise Control<\/td>\n<td style=\"font-family: inherit; font-size: 14px; overflow: hidden; padding: 5px; text-align: center; vertical-align: top; word-break: normal; border: 1px solid; height: 27px;\">no<\/td>\n<\/tr>\n<tr style=\"height: 27px;\">\n<td style=\"background-color: #e4e1e1; color: #333333; font-family: inherit; font-size: 14px; font-weight: bold; overflow: hidden; padding: 5px; text-align: right; vertical-align: top; word-break: normal; border: 1px solid; height: 27px;\">Front Lights<\/td>\n<td style=\"font-family: inherit; font-size: 14px; overflow: hidden; padding: 5px; text-align: center; vertical-align: top; word-break: normal; border: 1px solid; height: 27px;\">LED<\/td>\n<\/tr>\n<tr style=\"height: 27px;\">\n<td style=\"background-color: #e4e1e1; color: #333333; font-family: inherit; font-size: 14px; font-weight: bold; overflow: hidden; padding: 5px; text-align: right; vertical-align: top; word-break: normal; border: 1px solid; height: 27px;\">Rear lights<\/td>\n<td style=\"font-family: inherit; font-size: 14px; overflow: hidden; padding: 5px; text-align: center; vertical-align: top; word-break: normal; border: 1px solid; height: 27px;\">LED<\/td>\n<\/tr>\n<tr style=\"height: 27px;\">\n<td style=\"background-color: #e4e1e1; color: #333333; font-family: inherit; font-size: 14px; font-weight: bold; overflow: hidden; padding: 5px; text-align: right; vertical-align: top; word-break: normal; border: 1px solid; height: 27px;\">Brakes<\/td>\n<td style=\"font-family: inherit; font-size: 14px; overflow: hidden; padding: 5px; text-align: center; vertical-align: top; word-break: normal; border: 1px solid; height: 27px;\">rear drum brake<\/td>\n<\/tr>\n<tr style=\"height: 27px;\">\n<td style=\"background-color: #e4e1e1; color: #333333; font-family: inherit; font-size: 14px; font-weight: bold; overflow: hidden; padding: 5px; text-align: right; vertical-align: top; word-break: normal; border: 1px solid; height: 27px;\">Tire Size<\/td>\n<td style=\"font-family: inherit; font-size: 14px; overflow: hidden; padding: 5px; text-align: center; vertical-align: top; word-break: normal; border: 1px solid; height: 27px;\">10\"<\/td>\n<\/tr>\n<tr style=\"height: 27px;\">\n<td style=\"background-color: #e4e1e1; color: #333333; font-family: inherit; font-size: 14px; font-weight: bold; overflow: hidden; padding: 5px; text-align: right; vertical-align: top; word-break: normal; border: 1px solid; height: 27px;\">Tire Type<\/td>\n<td style=\"font-family: inherit; font-size: 14px; overflow: hidden; padding: 5px; text-align: center; vertical-align: top; word-break: normal; border: 1px solid; height: 27px;\">air tire<\/td>\n<\/tr>\n<tr style=\"height: 27px;\">\n<td style=\"background-color: #e4e1e1; color: #333333; font-family: inherit; font-size: 14px; font-weight: bold; overflow: hidden; padding: 5px; text-align: right; vertical-align: top; word-break: normal; border: 1px solid; height: 27px;\">Motor Wheel<\/td>\n<td style=\"font-family: inherit; font-size: 14px; overflow: hidden; padding: 5px; text-align: center; vertical-align: top; word-break: normal; border: 1px solid; height: 27px;\">rear wheel<\/td>\n<\/tr>\n<tr style=\"height: 27px;\">\n<td style=\"background-color: #e4e1e1; color: #333333; font-family: inherit; font-size: 14px; font-weight: bold; overflow: hidden; padding: 5px; text-align: right; vertical-align: top; word-break: normal; border: 1px solid; height: 27px;\">Maximum Incline<\/td>\n<td style=\"font-family: inherit; font-size: 14px; overflow: hidden; padding: 5px; text-align: center; vertical-align: top; word-break: normal; border: 1px solid; height: 27px;\">24%<\/td>\n<\/tr>\n<tr style=\"height: 27px;\">\n<td style=\"background-color: #e4e1e1; color: #333333; font-family: inherit; font-size: 14px; font-weight: bold; overflow: hidden; padding: 5px; text-align: right; vertical-align: top; word-break: normal; border: 1px solid; height: 27px;\">Weight Limit<\/td>\n<td style=\"font-family: inherit; font-size: 14px; overflow: hidden; padding: 5px; text-align: center; vertical-align: top; word-break: normal; border: 1px solid; height: 27px;\">120 kg<\/td>\n<\/tr>\n<tr style=\"height: 27px;\">\n<td style=\"background-color: #e4e1e1; color: #333333; font-family: inherit; font-size: 14px; font-weight: bold; overflow: hidden; padding: 5px; text-align: right; vertical-align: top; word-break: normal; border: 1px solid; height: 27px;\">Weight<\/td>\n<td style=\"font-family: inherit; font-size: 14px; overflow: hidden; padding: 5px; text-align: center; vertical-align: top; word-break: normal; border: 1px solid; height: 27px;\">22 kg<\/td>\n<\/tr>\n<\/tbody>\n<\/table>\n<p>\u00a0<\/p>\n","protected":false},"excerpt":{"rendered":"<p><strong>Found a cheaper price? Write to us and we'll make you a better offer!<\/strong><\/p>\n<p><strong>When purchased with an electric scooter, all accessories and spare parts are 20% off. The discount is automatically applied when added to the shopping cart!<\/strong><\/p>\n<p><strong>Delivery time: 0-3 business days<\/strong><\/p>\n","protected":false},"featured_media":41025,"template":"","meta":[],"product_brand":[],"product_cat":[722],"product_tag":[],"filter_elektritoukeratas":[],"class_list":{"0":"post-44638","1":"product","2":"type-product","3":"status-publish","4":"has-post-thumbnail","6":"product_cat-electric-scooters","7":"product_shipping_class-keskmine-pakk-en","8":"pa_aku-mahutavus-wh-468-en","9":"pa_kaal-kg-22-en","10":"pa_kandevoime-kg-120-en","11":"pa_labisoit-arvutuslik-km-32-en","12":"pa_mootorite-arv-uhe-mootoriga-en","13":"pa_muuja-platvormil-singlemotor-ou-en","14":"pa_piiramata-tippkiirus-kmh-25-en","15":"pa_tootetuup-elektritoukeratas-en","16":"pa_valmistaja-kugoo-en","17":"pa_voimsus-w-500-en","19":"first","20":"outofstock","21":"taxable","22":"shipping-taxable","23":"purchasable","24":"product-type-simple"},"yoast_head":"<!-- This site is optimized with the Yoast SEO Premium plugin v26.8 (Yoast SEO v27.5) - https:\/\/yoast.com\/product\/yoast-seo-premium-wordpress\/ -->\n<title>Kugoo Kirin M3 electric scooter | T\u00f5uksimaailm | Hea veekindlus<\/title>\n<meta name=\"description\" content=\"Kugoo Kirin M3 elektrit\u00f5ukeratas. V\u00f5imas ja silmapaistev elektriline t\u00f5ukeratas. V\u00e4ga hea hinna ja j\u00f5udluse suhtega Kugoo elektrit\u00f5ukerattad. Hea veekindlus\" \/>\n<meta name=\"robots\" content=\"index, follow, max-snippet:-1, max-image-preview:large, max-video-preview:-1\" \/>\n<link rel=\"canonical\" href=\"https:\/\/www.xn--tuksimaailm-ffb.ee\/en\/product\/kugoo-kirin-m3-electric-scooter\/\" \/>\n<meta property=\"og:locale\" content=\"en_US\" \/>\n<meta property=\"og:type\" content=\"article\" \/>\n<meta property=\"og:title\" content=\"Kugoo Kirin M3 electric scooter\" \/>\n<meta property=\"og:description\" content=\"Kugoo Kirin M3 elektrit\u00f5ukeratas. V\u00f5imas ja silmapaistev elektriline t\u00f5ukeratas. V\u00e4ga hea hinna ja j\u00f5udluse suhtega Kugoo elektrit\u00f5ukerattad. Hea veekindlus\" \/>\n<meta property=\"og:url\" content=\"https:\/\/www.xn--tuksimaailm-ffb.ee\/en\/product\/kugoo-kirin-m3-electric-scooter\/\" \/>\n<meta property=\"og:site_name\" content=\"T\u00f5uksimaailm\" \/>\n<meta property=\"article:publisher\" content=\"https:\/\/www.facebook.com\/touksimaailm\/\" \/>\n<meta property=\"og:image\" content=\"https:\/\/www.xn--tuksimaailm-ffb.ee\/wp-content\/uploads\/2024\/01\/KugooKirinM3-4.webp\" \/>\n\t<meta property=\"og:image:width\" content=\"1000\" \/>\n\t<meta property=\"og:image:height\" content=\"1000\" \/>\n\t<meta property=\"og:image:type\" content=\"image\/webp\" \/>\n<meta name=\"twitter:card\" content=\"summary_large_image\" \/>\n<meta name=\"twitter:label1\" content=\"Price\" \/>\n\t<meta name=\"twitter:data1\" content=\"&euro;549.00\" \/>\n\t<meta name=\"twitter:label2\" content=\"Availability\" \/>\n\t<meta name=\"twitter:data2\" content=\"Out of stock\" \/>\n<meta property=\"product:price:amount\" content=\"549.00\" \/>\n<meta property=\"product:price:currency\" content=\"EUR\" \/>\n<meta property=\"og:availability\" content=\"out of stock\" \/>\n<meta property=\"product:availability\" content=\"out of stock\" \/>\n<meta property=\"product:retailer_item_id\" content=\"Kugoo-Kirin-M3-1-1\" \/>\n<meta property=\"product:condition\" content=\"new\" \/>\n<!-- \/ Yoast SEO Premium plugin. -->","yoast_head_json":{"title":"Kugoo Kirin M3 electric scooter | T\u00f5uksimaailm | Hea veekindlus","description":"Kugoo Kirin M3 elektrit\u00f5ukeratas. V\u00f5imas ja silmapaistev elektriline t\u00f5ukeratas. V\u00e4ga hea hinna ja j\u00f5udluse suhtega Kugoo elektrit\u00f5ukerattad. Hea veekindlus","robots":{"index":"index","follow":"follow","max-snippet":"max-snippet:-1","max-image-preview":"max-image-preview:large","max-video-preview":"max-video-preview:-1"},"canonical":"https:\/\/www.xn--tuksimaailm-ffb.ee\/en\/product\/kugoo-kirin-m3-electric-scooter\/","og_locale":"en_US","og_type":"article","og_title":"Kugoo Kirin M3 electric scooter","og_description":"Kugoo Kirin M3 elektrit\u00f5ukeratas. V\u00f5imas ja silmapaistev elektriline t\u00f5ukeratas. V\u00e4ga hea hinna ja j\u00f5udluse suhtega Kugoo elektrit\u00f5ukerattad. Hea veekindlus","og_url":"https:\/\/www.xn--tuksimaailm-ffb.ee\/en\/product\/kugoo-kirin-m3-electric-scooter\/","og_site_name":"T\u00f5uksimaailm","article_publisher":"https:\/\/www.facebook.com\/touksimaailm\/","og_image":[{"width":1000,"height":1000,"url":"https:\/\/www.xn--tuksimaailm-ffb.ee\/wp-content\/uploads\/2024\/01\/KugooKirinM3-4.webp","type":"image\/webp"}],"twitter_card":"summary_large_image","twitter_misc":{"Price":"&euro;549.00","Availability":"Out of stock"},"schema":{"@context":"https:\/\/schema.org","@graph":[{"@type":"WebPage","@id":"https:\/\/www.xn--tuksimaailm-ffb.ee\/en\/product\/kugoo-kirin-m3-electric-scooter\/","url":"https:\/\/www.xn--tuksimaailm-ffb.ee\/en\/product\/kugoo-kirin-m3-electric-scooter\/","name":"Kugoo Kirin M3 electric scooter | T\u00f5uksimaailm | Hea veekindlus","isPartOf":{"@id":"https:\/\/www.xn--tuksimaailm-ffb.ee\/en\/#website"},"primaryImageOfPage":{"@id":"https:\/\/www.xn--tuksimaailm-ffb.ee\/en\/product\/kugoo-kirin-m3-electric-scooter\/#primaryimage"},"image":{"@id":"https:\/\/www.xn--tuksimaailm-ffb.ee\/en\/product\/kugoo-kirin-m3-electric-scooter\/#primaryimage"},"thumbnailUrl":"https:\/\/www.xn--tuksimaailm-ffb.ee\/wp-content\/uploads\/2024\/01\/KugooKirinM3-4.webp","datePublished":"2024-01-26T15:33:39+00:00","description":"Kugoo Kirin M3 elektrit\u00f5ukeratas. V\u00f5imas ja silmapaistev elektriline t\u00f5ukeratas. V\u00e4ga hea hinna ja j\u00f5udluse suhtega Kugoo elektrit\u00f5ukerattad. Hea veekindlus","breadcrumb":{"@id":"https:\/\/www.xn--tuksimaailm-ffb.ee\/en\/product\/kugoo-kirin-m3-electric-scooter\/#breadcrumb"},"inLanguage":"en-US","potentialAction":[{"@type":"ReadAction","target":["https:\/\/www.xn--tuksimaailm-ffb.ee\/en\/product\/kugoo-kirin-m3-electric-scooter\/"]}]},{"@type":"ImageObject","inLanguage":"en-US","@id":"https:\/\/www.xn--tuksimaailm-ffb.ee\/en\/product\/kugoo-kirin-m3-electric-scooter\/#primaryimage","url":"https:\/\/www.xn--tuksimaailm-ffb.ee\/wp-content\/uploads\/2024\/01\/KugooKirinM3-4.webp","contentUrl":"https:\/\/www.xn--tuksimaailm-ffb.ee\/wp-content\/uploads\/2024\/01\/KugooKirinM3-4.webp","width":1000,"height":1000,"caption":"Kugoo Kukirin M3 elektrit\u00f5ukeratas elektrilised t\u00f5ukerattad elektrit\u00f5ukerattad elektrit\u00f5uks"},{"@type":"BreadcrumbList","@id":"https:\/\/www.xn--tuksimaailm-ffb.ee\/en\/product\/kugoo-kirin-m3-electric-scooter\/#breadcrumb","itemListElement":[{"@type":"ListItem","position":1,"name":"Home","item":"https:\/\/www.xn--tuksimaailm-ffb.ee\/en\/main-page\/"},{"@type":"ListItem","position":2,"name":"Shop","item":"https:\/\/www.xn--tuksimaailm-ffb.ee\/elektritoukerataste-pood\/"},{"@type":"ListItem","position":3,"name":"Kugoo Kirin M3 electric scooter"}]},{"@type":"WebSite","@id":"https:\/\/www.xn--tuksimaailm-ffb.ee\/en\/#website","url":"https:\/\/www.xn--tuksimaailm-ffb.ee\/en\/","name":"T\u00f5uksimaailm","description":"Elektrit\u00f5ukerataste m\u00fc\u00fck, remont ja rent","publisher":{"@id":"https:\/\/www.xn--tuksimaailm-ffb.ee\/en\/#organization"},"potentialAction":[{"@type":"SearchAction","target":{"@type":"EntryPoint","urlTemplate":"https:\/\/www.xn--tuksimaailm-ffb.ee\/en\/?s={search_term_string}"},"query-input":{"@type":"PropertyValueSpecification","valueRequired":true,"valueName":"search_term_string"}}],"inLanguage":"en-US"},{"@type":"Organization","@id":"https:\/\/www.xn--tuksimaailm-ffb.ee\/en\/#organization","name":"T\u00f5uksimaailm","url":"https:\/\/www.xn--tuksimaailm-ffb.ee\/en\/","logo":{"@type":"ImageObject","inLanguage":"en-US","@id":"https:\/\/www.xn--tuksimaailm-ffb.ee\/en\/#\/schema\/logo\/image\/","url":"https:\/\/www.xn--tuksimaailm-ffb.ee\/wp-content\/uploads\/2020\/01\/logoz-e1579792875517.png","contentUrl":"https:\/\/www.xn--tuksimaailm-ffb.ee\/wp-content\/uploads\/2020\/01\/logoz-e1579792875517.png","width":250,"height":250,"caption":"T\u00f5uksimaailm"},"image":{"@id":"https:\/\/www.xn--tuksimaailm-ffb.ee\/en\/#\/schema\/logo\/image\/"},"sameAs":["https:\/\/www.facebook.com\/touksimaailm\/","https:\/\/www.instagram.com\/touksimaailm_\/","https:\/\/www.youtube.com\/channel\/UC18ml0EKIDLP1xGuQjFzcXQ"]}]},"product_price_amount":"549.00","product_price_currency":"EUR","og_availability":"out of stock","product_availability":"out of stock","product_retailer_item_id":"Kugoo-Kirin-M3-1-1","product_condition":"new"},"jetpack_sharing_enabled":true,"_links":{"self":[{"href":"https:\/\/www.xn--tuksimaailm-ffb.ee\/en\/wp-json\/wp\/v2\/product\/44638","targetHints":{"allow":["GET"]}}],"collection":[{"href":"https:\/\/www.xn--tuksimaailm-ffb.ee\/en\/wp-json\/wp\/v2\/product"}],"about":[{"href":"https:\/\/www.xn--tuksimaailm-ffb.ee\/en\/wp-json\/wp\/v2\/types\/product"}],"wp:featuredmedia":[{"embeddable":true,"href":"https:\/\/www.xn--tuksimaailm-ffb.ee\/en\/wp-json\/wp\/v2\/media\/41025"}],"wp:attachment":[{"href":"https:\/\/www.xn--tuksimaailm-ffb.ee\/en\/wp-json\/wp\/v2\/media?parent=44638"}],"wp:term":[{"taxonomy":"product_brand","embeddable":true,"href":"https:\/\/www.xn--tuksimaailm-ffb.ee\/en\/wp-json\/wp\/v2\/product_brand?post=44638"},{"taxonomy":"product_cat","embeddable":true,"href":"https:\/\/www.xn--tuksimaailm-ffb.ee\/en\/wp-json\/wp\/v2\/product_cat?post=44638"},{"taxonomy":"product_tag","embeddable":true,"href":"https:\/\/www.xn--tuksimaailm-ffb.ee\/en\/wp-json\/wp\/v2\/product_tag?post=44638"},{"taxonomy":"filter_elektritoukeratas","embeddable":true,"href":"https:\/\/www.xn--tuksimaailm-ffb.ee\/en\/wp-json\/wp\/v2\/filter_elektritoukeratas?post=44638"}],"curies":[{"name":"wp","href":"https:\/\/api.w.org\/{rel}","templated":true}]}}