{"id":44642,"date":"2021-12-15T13:05:31","date_gmt":"2021-12-15T11:05:31","guid":{"rendered":"http:\/\/www.xn--tuksimaailm-ffb.ee\/shop\/xiaomi-mi-electric-scooter-3-electric-scooter\/"},"modified":"2024-04-22T18:10:30","modified_gmt":"2024-04-22T15:10:30","slug":"xiaomi-mi-electric-scooter-3-electric-scooter","status":"publish","type":"product","link":"https:\/\/www.xn--tuksimaailm-ffb.ee\/en\/product\/xiaomi-mi-electric-scooter-3-electric-scooter\/","title":{"rendered":"Xiaomi Mi Electric Scooter 3 electric scooter"},"content":{"rendered":"<h2 style=\"text-align: center;\">XIAOMI MI ELECTRIC SCOOTER 3 ELECTRIC SCOOTER - PRODUCT DESCRIPTION<\/h2>\n<p>Xiaomi Mi Electric Scooter 3 is a new addition to Xiaomi's scooter lineup, positioned between the 1S and Pro 2 models. Like all Xiaomi electric scooters, this scooter offers unbeatable value for money in the small\/compact and affordable electric scooter class. It can be anticipated that this electric scooter will become the world's best-selling scooter in due time, similar to its predecessors. What sets the Xiaomi Mi Electric Scooter 3 apart from its predecessors? Not a whole lot, but it's always difficult to significantly improve upon a product that's already close to perfection. Nevertheless, Xiaomi has managed to enhance the electric scooter with several features.<\/p>\n<p>The first and most noticeable upgrade is the reintroduction of the white color option for the Xiaomi electric scooter. The original Xiaomi electric scooter, the M365 model, was available in white, but unfortunately, this color option was omitted from the second-generation lineup (1S and Pro 2). Another significant improvement is the use of a dual-piston mechanical rear disc brake. Previous models had a single brake pad in a fixed (adjustable) position, with only one brake pad moving. This often resulted in uneven wear on the brake pads, requiring adjustment of both the brake cable tension and the position of the second brake pad closer to the brake disc during maintenance. With the new system, the brake pads wear evenly, and adjusting the brake cable tension is sufficient.<\/p>\n<p>A touch of color has also been added to the brake calipers and brake supports. The white electric scooter comes equipped with red calipers and supports, while the black electric scooter has been given blue calipers and brake supports. The Xiaomi Mi Electric Scooter 3 has also received a new BMS (Battery Management System). It now has even more safety features for added protection: low voltage protection, double protection against overcharging, overheating protection, anti-undercharge function, and short-circuit protection.<img decoding=\"async\" class=\"wp-image-6495 alignright\" src=\"http:\/\/www.xn--tuksimaailm-ffb.ee\/wp-content\/uploads\/2021\/12\/mi-es-3-8-300x258.png\" alt=\"xiaomi mi electric scooter 3 must valge elektrit\u00f5ukeratas elektriline t\u00f5ukeratas\" width=\"446\" height=\"384\" srcset=\"https:\/\/www.xn--tuksimaailm-ffb.ee\/wp-content\/uploads\/2021\/12\/mi-es-3-8-300x258.png 300w, https:\/\/www.xn--tuksimaailm-ffb.ee\/wp-content\/uploads\/2021\/12\/mi-es-3-8-768x659.png 768w, https:\/\/www.xn--tuksimaailm-ffb.ee\/wp-content\/uploads\/2021\/12\/mi-es-3-8-350x300.png 350w, https:\/\/www.xn--tuksimaailm-ffb.ee\/wp-content\/uploads\/2021\/12\/mi-es-3-8-600x515.png 600w, https:\/\/www.xn--tuksimaailm-ffb.ee\/wp-content\/uploads\/2021\/12\/mi-es-3-8.png 840w\" sizes=\"(max-width: 446px) 100vw, 446px\" \/><img decoding=\"async\" class=\"alignnone wp-image-6497\" src=\"http:\/\/www.xn--tuksimaailm-ffb.ee\/wp-content\/uploads\/2021\/12\/mi-es-3-10-300x235.png\" alt=\"xiaomi mi electric scooter 3 must valge elektrit\u00f5ukeratas elektriline t\u00f5ukeratas\" width=\"483\" height=\"379\" srcset=\"https:\/\/www.xn--tuksimaailm-ffb.ee\/wp-content\/uploads\/2021\/12\/mi-es-3-10-300x235.png 300w, https:\/\/www.xn--tuksimaailm-ffb.ee\/wp-content\/uploads\/2021\/12\/mi-es-3-10-768x602.png 768w, https:\/\/www.xn--tuksimaailm-ffb.ee\/wp-content\/uploads\/2021\/12\/mi-es-3-10-382x300.png 382w, https:\/\/www.xn--tuksimaailm-ffb.ee\/wp-content\/uploads\/2021\/12\/mi-es-3-10-600x471.png 600w, https:\/\/www.xn--tuksimaailm-ffb.ee\/wp-content\/uploads\/2021\/12\/mi-es-3-10.png 937w\" sizes=\"(max-width: 483px) 100vw, 483px\" \/><\/p>\n<h2 style=\"text-align: center;\">XIAOMI MI ELECTRICAL SCOOTER - TECHNICAL DESCRIPTION<\/h2>\n<p>The new Xiaomi Mi Electric Scooter 3 is a comfortable (thanks to pneumatic tires), lightweight, highly compact, powerful, and durable electric scooter suitable for daily commuting, school, and work. The electric scooter is designed in compliance with the latest EU regulations and crafted to be sold and used in every member state. Therefore, it comes equipped with a rear fender, which in some EU member states is required to mount a license plate for vehicle registration number.<\/p>\n<p>The Xiaomi Mi Electric Scooter 3 features efficient reflectors on the front wheel and rear wheel covers for enhanced visibility. Additionally, Xiaomi electric scooters feature regenerative braking (KERS) even when coasting freely without pressing the brake lever. The intensity of the automatic motor braking can be adjusted by each rider through the Xiaomi Mi app according to their preferences.<\/p>\n<p><iframe title=\"Xiaomi Scooter 3 Review: The Best Electric Scooter Just Got Better!\" width=\"1082\" height=\"609\" src=\"https:\/\/www.youtube.com\/embed\/TTXBrPC5E_c?start=509&feature=oembed\" frameborder=\"0\" allow=\"accelerometer; autoplay; clipboard-write; encrypted-media; gyroscope; picture-in-picture; web-share\" referrerpolicy=\"strict-origin-when-cross-origin\" allowfullscreen><\/iframe><\/p>\n<p>The Xiaomi Mi Electric Scooter 3 is equipped with an innovative E-ABS system that prevents the motor from locking up and slipping when braking with the electric motor. This feature is particularly useful in Nordic countries where electric scooters are often used in autumn and winter. Weighing only 13kg, the electric scooter is lightweight and portable, suitable even for children to carry.<\/p>\n<h2 style=\"text-align: center;\">PERFORMANCE AND RANGE<\/h2>\n<p>The Xiaomi electric scooter is constructed with a sturdy frame made from aerospace-grade aluminum alloy and features a compact handlebar with comfortable grips. The brushless BLDC electric motor has a rated power of <strong>300W (peak power of 600W)<\/strong>. This motor provides brisk acceleration and enables the electric scooter to achieve a manufacturer-rated speed of <strong>25km\/h<\/strong> according to Estonian traffic regulations, even when climbing hills. With a fully charged battery, it can travel up to <strong>30km<\/strong> depending on the riding style and rider weight.<\/p>\n<p>The waterproof rating for the Mi 3 model is <strong>IP54<\/strong>. The electric scooter is equipped with three different speed modes, suitable for riding alongside pedestrians as well as for faster rides. It features a <strong>36V\/7650mAh (275Wh)<\/strong> lithium-ion (Li-Ion) battery made from high-quality LG modules. Charging the battery from <strong>0% to 100% takes approximately 8.5 hours<\/strong>. For visibility during dark times and to make oneself more visible to other road users, the electric scooter is equipped with <strong>both front and rear LED lights<\/strong>. To turn on the Xiaomi Mi Electric Scooter 3, simply press the button located below the display\/screen.<\/p>\n<h2 style=\"text-align: center;\">SAFETY<\/h2>\n<p>Once the electric scooter is turned on, to toggle the lights on\/off, you need to press the button once. To switch between eco and sport modes, press the button twice quickly. Since electric scooters are fast electric vehicles, accidents and potential dangers with other road users are possible. Therefore, it is always recommended to wear a helmet when riding an electric scooter. For riders under 16 years old, wearing a helmet while riding an electric scooter is mandatory according to traffic regulations.<\/p>\n<p><strong style=\"box-sizing: inherit; margin: 0px; padding: 0px; border: 0px; font-variant-numeric: inherit; font-variant-east-asian: inherit; font-stretch: inherit; font-size: 17px; line-height: inherit;\">The Xiaomi Mi Electric Scooter 3 electric scooter is street-legal in Estonia according to traffic regulations, with a manufacturer-rated power of 600W and a manufacturer-rated speed of 25km\/h. Note: If the user modifies the electric scooter independently to exceed or increase the parameters mentioned above, T\u00f5uksimaailm will not be liable for any fines incurred for breaking the law, confiscation of the electric scooter by the police, or any other damages caused by violations.<\/strong><\/p>\n<table class=\"tg\" style=\"border-collapse: collapse; max-width: 600px; border-spacing: 0; margin: 0px auto;\">\n<tbody>\n<tr>\n<td style=\"background-color: #e4e1e1; color: #333333; font-family: inherit; font-size: 14px; font-weight: bold; overflow: hidden; padding: 5px 5px; text-align: center; vertical-align: top; word-break: normal; border: 1px solid;\" colspan=\"2\">Technical Specifications<\/td>\n<\/tr>\n<tr>\n<td style=\"background-color: #e4e1e1; color: #333333; font-family: inherit; font-size: 14px; font-weight: bold; overflow: hidden; padding: 5px 5px; text-align: right; vertical-align: top; word-break: normal; border: 1px solid;\">Model<\/td>\n<td style=\"font-family: inherit; font-size: 14px; overflow: hidden; padding: 5px 5px; text-align: center; vertical-align: top; word-break: normal; border: 1px solid;\">Xiaomi Mi Electric Scooter 3<\/td>\n<\/tr>\n<tr>\n<td style=\"background-color: #e4e1e1; color: #333333; font-family: inherit; font-size: 14px; font-weight: bold; overflow: hidden; padding: 5px 5px; text-align: right; vertical-align: top; word-break: normal; border: 1px solid;\">Battery<\/td>\n<td style=\"font-family: inherit; font-size: 14px; overflow: hidden; padding: 5px 5px; text-align: center; vertical-align: top; word-break: normal; border: 1px solid;\">36V\/7.65Ah\/275Wh LG Li-Ion<\/td>\n<\/tr>\n<tr>\n<td style=\"background-color: #e4e1e1; color: #333333; font-family: inherit; font-size: 14px; font-weight: bold; overflow: hidden; padding: 5px 5px; text-align: right; vertical-align: top; word-break: normal; border: 1px solid;\">Charging Time<\/td>\n<td style=\"font-family: inherit; font-size: 14px; overflow: hidden; padding: 5px 5px; text-align: center; vertical-align: top; word-break: normal; border: 1px solid;\">up to 5,5h<\/td>\n<\/tr>\n<tr>\n<td style=\"background-color: #e4e1e1; color: #333333; font-family: inherit; font-size: 14px; font-weight: bold; overflow: hidden; padding: 5px 5px; text-align: right; vertical-align: top; word-break: normal; border: 1px solid;\">Motor Power<\/td>\n<td style=\"font-family: inherit; font-size: 14px; overflow: hidden; padding: 5px 5px; text-align: center; vertical-align: top; word-break: normal; border: 1px solid;\">300W (tippv\u00f5imsus 600W)<\/td>\n<\/tr>\n<tr>\n<td style=\"background-color: #e4e1e1; color: #333333; font-family: inherit; font-size: 14px; font-weight: bold; overflow: hidden; padding: 5px 5px; text-align: right; vertical-align: top; word-break: normal; border: 1px solid;\"><span style=\"color: #333333;\"><span style=\"font-size: 14px;\"><strong>\u00a0Range (Manufacturer Specification) | Driving Range Calculated<\/strong><\/span><\/span><\/td>\n<td style=\"font-family: inherit; font-size: 14px; overflow: hidden; padding: 5px 5px; text-align: center; vertical-align: top; word-break: normal; border: 1px solid;\">up to 30km 18km (25km\/h, 70kg rider, 15Wh\/km)<\/td>\n<\/tr>\n<tr>\n<td style=\"background-color: #e4e1e1; color: #333333; font-family: inherit; font-size: 14px; font-weight: bold; overflow: hidden; padding: 5px 5px; text-align: right; vertical-align: top; word-break: normal; border: 1px solid;\">Waterproof Rating<\/td>\n<td style=\"font-family: inherit; font-size: 14px; overflow: hidden; padding: 5px 5px; text-align: center; vertical-align: top; word-break: normal; border: 1px solid;\">IP54<\/td>\n<\/tr>\n<tr>\n<td style=\"background-color: #e4e1e1; color: #333333; font-family: inherit; font-size: 14px; font-weight: bold; overflow: hidden; padding: 5px 5px; text-align: right; vertical-align: top; word-break: normal; border: 1px solid;\">Front Brakes<\/td>\n<td style=\"font-family: inherit; font-size: 14px; overflow: hidden; padding: 5px 5px; text-align: center; vertical-align: top; word-break: normal; border: 1px solid;\">electric motor brake<\/td>\n<\/tr>\n<tr>\n<td style=\"background-color: #e4e1e1; color: #333333; font-family: inherit; font-size: 14px; font-weight: bold; overflow: hidden; padding: 5px 5px; text-align: right; vertical-align: top; word-break: normal; border: 1px solid;\">Rear Brakes<\/td>\n<td style=\"font-family: inherit; font-size: 14px; overflow: hidden; padding: 5px 5px; text-align: center; vertical-align: top; word-break: normal; border: 1px solid;\">mechanical disc brake<\/td>\n<\/tr>\n<tr>\n<td style=\"background-color: #e4e1e1; color: #333333; font-family: inherit; font-size: 14px; font-weight: bold; overflow: hidden; padding: 5px 5px; text-align: right; vertical-align: top; word-break: normal; border: 1px solid;\">Weight Limit<\/td>\n<td style=\"font-family: inherit; font-size: 14px; overflow: hidden; padding: 5px 5px; text-align: center; vertical-align: top; word-break: normal; border: 1px solid;\">100kg<\/td>\n<\/tr>\n<tr>\n<td style=\"background-color: #e4e1e1; color: #333333; font-family: inherit; font-size: 14px; font-weight: bold; overflow: hidden; padding: 5px 5px; text-align: right; vertical-align: top; word-break: normal; border: 1px solid;\">Manufacturer Speed<\/td>\n<td style=\"font-family: inherit; font-size: 14px; overflow: hidden; padding: 5px 5px; text-align: center; vertical-align: top; word-break: normal; border: 1px solid;\">25km\/h<\/td>\n<\/tr>\n<tr>\n<td style=\"background-color: #e4e1e1; color: #333333; font-family: inherit; font-size: 14px; font-weight: bold; overflow: hidden; padding: 5px 5px; text-align: right; vertical-align: top; word-break: normal; border: 1px solid;\">Wheight<\/td>\n<td style=\"font-family: inherit; font-size: 14px; overflow: hidden; padding: 5px 5px; text-align: center; vertical-align: top; word-break: normal; border: 1px solid;\">13kg<\/td>\n<\/tr>\n<tr>\n<td style=\"background-color: #e4e1e1; color: #333333; font-family: inherit; font-size: 14px; font-weight: bold; overflow: hidden; padding: 5px 5px; text-align: right; vertical-align: top; word-break: normal; border: 1px solid;\">Motorized Wheel<\/td>\n<td style=\"font-family: inherit; font-size: 14px; overflow: hidden; padding: 5px 5px; text-align: center; vertical-align: top; word-break: normal; border: 1px solid;\">front<\/td>\n<\/tr>\n<tr>\n<td style=\"background-color: #e4e1e1; color: #333333; font-family: inherit; font-size: 14px; font-weight: bold; overflow: hidden; padding: 5px 5px; text-align: right; vertical-align: top; word-break: normal; border: 1px solid;\">Tires<\/td>\n<td style=\"font-family: inherit; font-size: 14px; overflow: hidden; padding: 5px 5px; text-align: center; vertical-align: top; word-break: normal; border: 1px solid;\">8 1\/2\u00d72\u2033 \/ 8.5\u00d72\u2033 inner tube air tire<\/td>\n<\/tr>\n<tr>\n<td style=\"background-color: #e4e1e1; color: #333333; font-family: inherit; font-size: 14px; font-weight: bold; overflow: hidden; padding: 5px 5px; text-align: right; vertical-align: top; word-break: normal; border: 1px solid;\">Maximum Incline<\/td>\n<td style=\"font-family: inherit; font-size: 14px; overflow: hidden; padding: 5px 5px; text-align: center; vertical-align: top; word-break: normal; border: 1px solid;\">up to 20 degrees<\/td>\n<\/tr>\n<\/tbody>\n<\/table>\n","protected":false},"excerpt":{"rendered":"<p><strong>When purchasing an electric scooter, all accessories and spare parts are discounted by 20%. The discount will be applied automatically when items are added to the shopping cart!<\/strong><\/p>\n<p><strong>Delivery time: 1-5 days<\/strong><\/p>\n","protected":false},"featured_media":15009,"template":"","meta":[],"product_brand":[],"product_cat":[722],"product_tag":[],"filter_elektritoukeratas":[],"class_list":{"0":"post-44642","1":"product","2":"type-product","3":"status-publish","4":"has-post-thumbnail","6":"product_cat-electric-scooters","7":"product_shipping_class-keskmine-pakk-en","8":"pa_aku-mahutavus-wh-275-en","9":"pa_colour-must","10":"pa_colour-valge","11":"pa_kaal-kg-13-en","12":"pa_kandevoime-kg-100-en","13":"pa_labisoit-arvutuslik-km-18-en","14":"pa_mootorite-arv-uhe-mootoriga-en","15":"pa_muuja-platvormil-touksimaailm-exocool-ou-en","16":"pa_piiramata-tippkiirus-kmh-25-en","17":"pa_tootetuup-elektritoukeratas-en","18":"pa_valmistaja-xiaomi-en","19":"pa_voimsus-w-600-en","21":"first","22":"outofstock","23":"sale","24":"taxable","25":"shipping-taxable","26":"purchasable","27":"product-type-variable"},"yoast_head":"<!-- This site is optimized with the Yoast SEO Premium plugin v26.8 (Yoast SEO v27.5) - https:\/\/yoast.com\/product\/yoast-seo-premium-wordpress\/ -->\n<title>Xiaomi Mi Electric Scooter 3 electric scooter | T\u00f5uksimaailm<\/title>\n<meta name=\"description\" content=\"Xiaomi Mi Electric Scooter 3 elektrit\u00f5ukeratas. Elektriline t\u00f5ukeratas, mis on maailmas enim m\u00fc\u00fcdud Xiaomi M365 ja 1S \/ Pro 2 j\u00e4reltulija.\" \/>\n<meta name=\"robots\" content=\"index, follow, max-snippet:-1, max-image-preview:large, max-video-preview:-1\" \/>\n<link rel=\"canonical\" href=\"https:\/\/www.xn--tuksimaailm-ffb.ee\/en\/product\/xiaomi-mi-electric-scooter-3-electric-scooter\/\" \/>\n<meta property=\"og:locale\" content=\"en_US\" \/>\n<meta property=\"og:type\" content=\"article\" \/>\n<meta property=\"og:title\" content=\"Xiaomi Mi Electric Scooter 3 electric scooter\" \/>\n<meta property=\"og:description\" content=\"Xiaomi Mi Electric Scooter 3 elektrit\u00f5ukeratas. Elektriline t\u00f5ukeratas, mis on maailmas enim m\u00fc\u00fcdud Xiaomi M365 ja 1S \/ Pro 2 j\u00e4reltulija.\" \/>\n<meta property=\"og:url\" content=\"https:\/\/www.xn--tuksimaailm-ffb.ee\/en\/product\/xiaomi-mi-electric-scooter-3-electric-scooter\/\" \/>\n<meta property=\"og:site_name\" content=\"T\u00f5uksimaailm\" \/>\n<meta property=\"article:publisher\" content=\"https:\/\/www.facebook.com\/touksimaailm\/\" \/>\n<meta property=\"article:modified_time\" content=\"2024-04-22T15:10:30+00:00\" \/>\n<meta property=\"og:image\" content=\"https:\/\/www.xn--tuksimaailm-ffb.ee\/wp-content\/uploads\/2021\/12\/mi-es-3-2.png\" \/>\n\t<meta property=\"og:image:width\" content=\"827\" \/>\n\t<meta property=\"og:image:height\" content=\"773\" \/>\n\t<meta property=\"og:image:type\" content=\"image\/png\" \/>\n<meta name=\"twitter:card\" content=\"summary_large_image\" \/>\n<meta name=\"twitter:label1\" content=\"Availability\" \/>\n\t<meta name=\"twitter:data1\" content=\"Out of stock\" \/>\n<meta property=\"og:availability\" content=\"out of stock\" \/>\n<meta property=\"product:availability\" content=\"out of stock\" \/>\n<meta property=\"product:retailer_item_id\" content=\"Xiaomi_Mi\" \/>\n<meta property=\"product:condition\" content=\"new\" \/>\n<!-- \/ Yoast SEO Premium plugin. -->","yoast_head_json":{"title":"Xiaomi Mi Electric Scooter 3 electric scooter | T\u00f5uksimaailm","description":"Xiaomi Mi Electric Scooter 3 elektrit\u00f5ukeratas. Elektriline t\u00f5ukeratas, mis on maailmas enim m\u00fc\u00fcdud Xiaomi M365 ja 1S \/ Pro 2 j\u00e4reltulija.","robots":{"index":"index","follow":"follow","max-snippet":"max-snippet:-1","max-image-preview":"max-image-preview:large","max-video-preview":"max-video-preview:-1"},"canonical":"https:\/\/www.xn--tuksimaailm-ffb.ee\/en\/product\/xiaomi-mi-electric-scooter-3-electric-scooter\/","og_locale":"en_US","og_type":"article","og_title":"Xiaomi Mi Electric Scooter 3 electric scooter","og_description":"Xiaomi Mi Electric Scooter 3 elektrit\u00f5ukeratas. Elektriline t\u00f5ukeratas, mis on maailmas enim m\u00fc\u00fcdud Xiaomi M365 ja 1S \/ Pro 2 j\u00e4reltulija.","og_url":"https:\/\/www.xn--tuksimaailm-ffb.ee\/en\/product\/xiaomi-mi-electric-scooter-3-electric-scooter\/","og_site_name":"T\u00f5uksimaailm","article_publisher":"https:\/\/www.facebook.com\/touksimaailm\/","article_modified_time":"2024-04-22T15:10:30+00:00","og_image":[{"width":827,"height":773,"url":"https:\/\/www.xn--tuksimaailm-ffb.ee\/wp-content\/uploads\/2021\/12\/mi-es-3-2.png","type":"image\/png"}],"twitter_card":"summary_large_image","twitter_misc":{"Availability":"Out of stock"},"schema":{"@context":"https:\/\/schema.org","@graph":[{"@type":"WebPage","@id":"https:\/\/www.xn--tuksimaailm-ffb.ee\/en\/product\/xiaomi-mi-electric-scooter-3-electric-scooter\/","url":"https:\/\/www.xn--tuksimaailm-ffb.ee\/en\/product\/xiaomi-mi-electric-scooter-3-electric-scooter\/","name":"Xiaomi Mi Electric Scooter 3 electric scooter | T\u00f5uksimaailm","isPartOf":{"@id":"https:\/\/www.xn--tuksimaailm-ffb.ee\/en\/#website"},"primaryImageOfPage":{"@id":"https:\/\/www.xn--tuksimaailm-ffb.ee\/en\/product\/xiaomi-mi-electric-scooter-3-electric-scooter\/#primaryimage"},"image":{"@id":"https:\/\/www.xn--tuksimaailm-ffb.ee\/en\/product\/xiaomi-mi-electric-scooter-3-electric-scooter\/#primaryimage"},"thumbnailUrl":"https:\/\/www.xn--tuksimaailm-ffb.ee\/wp-content\/uploads\/2021\/12\/mi-es-3-2.png","datePublished":"2021-12-15T11:05:31+00:00","dateModified":"2024-04-22T15:10:30+00:00","description":"Xiaomi Mi Electric Scooter 3 elektrit\u00f5ukeratas. Elektriline t\u00f5ukeratas, mis on maailmas enim m\u00fc\u00fcdud Xiaomi M365 ja 1S \/ Pro 2 j\u00e4reltulija.","breadcrumb":{"@id":"https:\/\/www.xn--tuksimaailm-ffb.ee\/en\/product\/xiaomi-mi-electric-scooter-3-electric-scooter\/#breadcrumb"},"inLanguage":"en-US","potentialAction":[{"@type":"ReadAction","target":["https:\/\/www.xn--tuksimaailm-ffb.ee\/en\/product\/xiaomi-mi-electric-scooter-3-electric-scooter\/"]}]},{"@type":"ImageObject","inLanguage":"en-US","@id":"https:\/\/www.xn--tuksimaailm-ffb.ee\/en\/product\/xiaomi-mi-electric-scooter-3-electric-scooter\/#primaryimage","url":"https:\/\/www.xn--tuksimaailm-ffb.ee\/wp-content\/uploads\/2021\/12\/mi-es-3-2.png","contentUrl":"https:\/\/www.xn--tuksimaailm-ffb.ee\/wp-content\/uploads\/2021\/12\/mi-es-3-2.png","width":827,"height":773},{"@type":"BreadcrumbList","@id":"https:\/\/www.xn--tuksimaailm-ffb.ee\/en\/product\/xiaomi-mi-electric-scooter-3-electric-scooter\/#breadcrumb","itemListElement":[{"@type":"ListItem","position":1,"name":"Home","item":"https:\/\/www.xn--tuksimaailm-ffb.ee\/en\/main-page\/"},{"@type":"ListItem","position":2,"name":"Shop","item":"https:\/\/www.xn--tuksimaailm-ffb.ee\/elektritoukerataste-pood\/"},{"@type":"ListItem","position":3,"name":"Xiaomi Mi Electric Scooter 3 electric scooter"}]},{"@type":"WebSite","@id":"https:\/\/www.xn--tuksimaailm-ffb.ee\/en\/#website","url":"https:\/\/www.xn--tuksimaailm-ffb.ee\/en\/","name":"T\u00f5uksimaailm","description":"Elektrit\u00f5ukerataste m\u00fc\u00fck, remont ja rent","publisher":{"@id":"https:\/\/www.xn--tuksimaailm-ffb.ee\/en\/#organization"},"potentialAction":[{"@type":"SearchAction","target":{"@type":"EntryPoint","urlTemplate":"https:\/\/www.xn--tuksimaailm-ffb.ee\/en\/?s={search_term_string}"},"query-input":{"@type":"PropertyValueSpecification","valueRequired":true,"valueName":"search_term_string"}}],"inLanguage":"en-US"},{"@type":"Organization","@id":"https:\/\/www.xn--tuksimaailm-ffb.ee\/en\/#organization","name":"T\u00f5uksimaailm","url":"https:\/\/www.xn--tuksimaailm-ffb.ee\/en\/","logo":{"@type":"ImageObject","inLanguage":"en-US","@id":"https:\/\/www.xn--tuksimaailm-ffb.ee\/en\/#\/schema\/logo\/image\/","url":"https:\/\/www.xn--tuksimaailm-ffb.ee\/wp-content\/uploads\/2020\/01\/logoz-e1579792875517.png","contentUrl":"https:\/\/www.xn--tuksimaailm-ffb.ee\/wp-content\/uploads\/2020\/01\/logoz-e1579792875517.png","width":250,"height":250,"caption":"T\u00f5uksimaailm"},"image":{"@id":"https:\/\/www.xn--tuksimaailm-ffb.ee\/en\/#\/schema\/logo\/image\/"},"sameAs":["https:\/\/www.facebook.com\/touksimaailm\/","https:\/\/www.instagram.com\/touksimaailm_\/","https:\/\/www.youtube.com\/channel\/UC18ml0EKIDLP1xGuQjFzcXQ"]}]},"og_availability":"out of stock","product_availability":"out of stock","product_retailer_item_id":"Xiaomi_Mi","product_condition":"new"},"jetpack_sharing_enabled":true,"_links":{"self":[{"href":"https:\/\/www.xn--tuksimaailm-ffb.ee\/en\/wp-json\/wp\/v2\/product\/44642","targetHints":{"allow":["GET"]}}],"collection":[{"href":"https:\/\/www.xn--tuksimaailm-ffb.ee\/en\/wp-json\/wp\/v2\/product"}],"about":[{"href":"https:\/\/www.xn--tuksimaailm-ffb.ee\/en\/wp-json\/wp\/v2\/types\/product"}],"wp:featuredmedia":[{"embeddable":true,"href":"https:\/\/www.xn--tuksimaailm-ffb.ee\/en\/wp-json\/wp\/v2\/media\/15009"}],"wp:attachment":[{"href":"https:\/\/www.xn--tuksimaailm-ffb.ee\/en\/wp-json\/wp\/v2\/media?parent=44642"}],"wp:term":[{"taxonomy":"product_brand","embeddable":true,"href":"https:\/\/www.xn--tuksimaailm-ffb.ee\/en\/wp-json\/wp\/v2\/product_brand?post=44642"},{"taxonomy":"product_cat","embeddable":true,"href":"https:\/\/www.xn--tuksimaailm-ffb.ee\/en\/wp-json\/wp\/v2\/product_cat?post=44642"},{"taxonomy":"product_tag","embeddable":true,"href":"https:\/\/www.xn--tuksimaailm-ffb.ee\/en\/wp-json\/wp\/v2\/product_tag?post=44642"},{"taxonomy":"filter_elektritoukeratas","embeddable":true,"href":"https:\/\/www.xn--tuksimaailm-ffb.ee\/en\/wp-json\/wp\/v2\/filter_elektritoukeratas?post=44642"}],"curies":[{"name":"wp","href":"https:\/\/api.w.org\/{rel}","templated":true}]}}