{"id":44700,"date":"2021-12-11T11:03:42","date_gmt":"2021-12-11T11:03:42","guid":{"rendered":"http:\/\/www.xn--tuksimaailm-ffb.ee\/shop\/vsett-8-electric-scooter\/"},"modified":"2021-12-11T11:03:42","modified_gmt":"2021-12-11T08:03:42","slug":"vsett-8-electric-scooter","status":"publish","type":"product","link":"https:\/\/www.xn--tuksimaailm-ffb.ee\/en\/product\/vsett-8-electric-scooter\/","title":{"rendered":"Vsett 8 electric scooter"},"content":{"rendered":"<h2 style=\"text-align: center;\">VSETT 8 ELECTRIC SCOOTER - PRODUCT DESCRIPTION<\/h2>\n<p>The Vsett 8 electric scooter is the smallest and most compact model available in the Vsett lineup. Like the other models, the Vsett 8 electric scooter is superior in quality, durability, user-friendliness, and aesthetics compared to the previous generation (Zero electric scooters). For the first time in history, Vsett has also added an <strong>IP54<\/strong> waterproof rating to all its new electric scooters, which is very important in the climate and weather conditions of Estonia. In the T\u00f5uksimaailm selection, you can find the Vsett 8 electric scooter equipped with a <strong>15.6Ah battery<\/strong>. The Vsett 8 electric scooter is definitely one of the most visually striking models in its class, with eye-catching colors and design that will stand out on the streets.<\/p>\n<p><iframe title=\"Introducing the VSETT9+\" width=\"1082\" height=\"609\" src=\"https:\/\/www.youtube.com\/embed\/G6jFE605bTs?feature=oembed\" frameborder=\"0\" allow=\"accelerometer; autoplay; clipboard-write; encrypted-media; gyroscope; picture-in-picture; web-share\" referrerpolicy=\"strict-origin-when-cross-origin\" allowfullscreen><\/iframe><\/p>\n<h2 style=\"text-align: center;\">VSETT 8 ELECTRIC SCOOTER - TECHNICAL SPECIFICATION<\/h2>\n<p>The Vsett 8 electric scooter is equipped with a folding mechanism directly in front of the deck, unlike other Vsett models, ensuring ultimate compactness. Compared to the multi-stage clamp mounted on the handlebar stem (like the <strong>Vsett 9+<\/strong>), this system <strong>folds in just 1 second<\/strong>. The new QS-S4 OLED display is easier to use than all previous iterations. The electric scooter display shows information such as speed, activated riding mode, battery level, and the distance traveled by the scooter over its lifetime. Additionally, the smart display allows for setting a cruise control and adjusting the intensity of the electric brake (motor brake).<\/p>\n<p>Security has been taken to the next level as well - the electric scooter can be activated with a wireless NFC card. The NFC password can also be stored in your smartphone or smartwatch. This way, you can unlock the electric scooter with your smart device and eliminate the need to carry a card. The electric scooter is equipped with both front and rear spring suspensions.<\/p>\n<h2 style=\"text-align: center;\"><img decoding=\"async\" class=\"wp-image-6301 aligncenter\" src=\"https:\/\/www.xn--tuksimaailm-ffb.ee\/wp-content\/uploads\/2021\/12\/vsett-8-5-300x198.png\" alt=\"vsett 8 elektrit\u00f5ukeratas elektriline t\u00f5ukeratas\" width=\"689\" height=\"456\" srcset=\"https:\/\/www.xn--tuksimaailm-ffb.ee\/wp-content\/uploads\/2021\/12\/vsett-8-5-300x198.png 300w, https:\/\/www.xn--tuksimaailm-ffb.ee\/wp-content\/uploads\/2021\/12\/vsett-8-5-1024x676.png 1024w, https:\/\/www.xn--tuksimaailm-ffb.ee\/wp-content\/uploads\/2021\/12\/vsett-8-5-768x507.png 768w, https:\/\/www.xn--tuksimaailm-ffb.ee\/wp-content\/uploads\/2021\/12\/vsett-8-5-455x300.png 455w, https:\/\/www.xn--tuksimaailm-ffb.ee\/wp-content\/uploads\/2021\/12\/vsett-8-5-600x396.png 600w, https:\/\/www.xn--tuksimaailm-ffb.ee\/wp-content\/uploads\/2021\/12\/vsett-8-5.png 1235w\" sizes=\"(max-width: 689px) 100vw, 689px\" \/>DRIVING CHARACTERISTICS<\/h2>\n<p>The Vsett 8 electric scooter features a powerful 600W electric motor, providing very brisk acceleration, and the scooter quickly reaches a manufacturer's speed of <strong>25km\/h<\/strong>, even when carrying heavy loads or riding uphill with a <strong>gradient of up to 25 degrees<\/strong>. When using the electric scooter off-road, speeds of up to <strong>25km\/h<\/strong> can be achieved. The manufacturer-set weight limit for the rider is <strong>120kg<\/strong>. We recommend not exceeding this limit, as the electric scooter is equipped with small 8-inch tires.<\/p>\n<p>Exceeding the maximum weight limit may cause the front inner tube to be easily damaged due to shocks. With a smooth riding style, a rider weighing 70kg and traveling at 25km\/h can cover <strong>up to 55km<\/strong> under ideal conditions with a single charge, but as is always the case with electric scooters, the actual range typically remains around 40km for the average rider. The Vsett 8 electric scooter is equipped with a <strong>48V\/15600mAh (749Wh)<\/strong> battery. Charging the battery from 0 to 100% takes 5-11 hours, depending on whether you use one charger (included with the electric scooter) or two chargers (the second charger needs to be purchased separately).<\/p>\n<h2 style=\"text-align: center;\">SAFETY<\/h2>\n<p>For darker times and to make yourself visible to other road users, the Vsett 8 electric scooter is equipped with LED lights. Additionally, the electric scooter has rear turn signals that can be switched on and off using switches hidden in the scooter's handlebars. When riding an electric scooter, we always recommend wearing a helmet. For riders under 16 years old, wearing a helmet while riding an electric scooter is mandatory by law. You can find more Vsett electric scooters here.<\/p>\n<p><strong style=\"box-sizing: inherit; margin: 0px; padding: 0px; border: 0px; font-variant-numeric: inherit; font-variant-east-asian: inherit; font-stretch: inherit; font-size: 17px; line-height: inherit;\">The Vsett 8 electric scooter is street-legal in accordance with Estonian traffic laws, with a manufacturer-rated power of 600W and a manufacturer-rated speed of 25km\/h. NB! If the user independently modifies the electric scooter to exceed the above parameters in speed or power, T\u00f5uksimaailm (Scooter World) is not liable for any fines incurred due to legal violations, confiscation of the electric scooter by the police, or any other damages caused by violations.<\/strong><\/p>\n<table class=\"tg\" style=\"border-collapse: collapse; max-width: 600px; border-spacing: 0px; margin: 0px auto; width: 100%;\">\n<tbody>\n<tr>\n<td style=\"background-color: #e4e1e1; color: #333333; font-family: inherit; font-size: 14px; font-weight: bold; overflow: hidden; padding: 5px; text-align: center; vertical-align: top; word-break: normal; border: 1px solid; width: 99.8276%;\" colspan=\"2\">Technical Specifications<\/td>\n<\/tr>\n<tr>\n<td style=\"background-color: #e4e1e1; color: #333333; font-family: inherit; font-size: 14px; font-weight: bold; overflow: hidden; padding: 5px; text-align: right; vertical-align: top; word-break: normal; border: 1px solid; width: 53.9655%;\">manufacturer<\/td>\n<td style=\"font-family: inherit; font-size: 14px; overflow: hidden; padding: 5px; text-align: center; vertical-align: top; word-break: normal; border: 1px solid; width: 45.8621%;\">VSETT<\/td>\n<\/tr>\n<tr>\n<td style=\"background-color: #e4e1e1; color: #333333; font-family: inherit; font-size: 14px; font-weight: bold; overflow: hidden; padding: 5px; text-align: right; vertical-align: top; word-break: normal; border: 1px solid; width: 53.9655%;\">Model<\/td>\n<td style=\"font-family: inherit; font-size: 14px; overflow: hidden; padding: 5px; text-align: center; vertical-align: top; word-break: normal; border: 1px solid; width: 45.8621%;\">VSETT 8<\/td>\n<\/tr>\n<tr>\n<td style=\"background-color: #e4e1e1; color: #333333; font-family: inherit; font-size: 14px; font-weight: bold; overflow: hidden; padding: 5px; text-align: right; vertical-align: top; word-break: normal; border: 1px solid; width: 53.9655%;\">Battery<\/td>\n<td style=\"font-family: inherit; font-size: 14px; overflow: hidden; padding: 5px; text-align: center; vertical-align: top; word-break: normal; border: 1px solid; width: 45.8621%;\">48V\/15,6Ah (749Wh) or 48V\/21Ah LG (1008Wh)<\/td>\n<\/tr>\n<tr>\n<td style=\"background-color: #e4e1e1; color: #333333; font-family: inherit; font-size: 14px; font-weight: bold; overflow: hidden; padding: 5px; text-align: right; vertical-align: top; word-break: normal; border: 1px solid; width: 53.9655%;\">Battery Type<\/td>\n<td style=\"font-family: inherit; font-size: 14px; overflow: hidden; padding: 5px; text-align: center; vertical-align: top; word-break: normal; border: 1px solid; width: 45.8621%;\">Li-Ion\/lithium-ion<\/td>\n<\/tr>\n<tr>\n<td style=\"background-color: #e4e1e1; color: #333333; font-family: inherit; font-size: 14px; font-weight: bold; overflow: hidden; padding: 5px; text-align: right; vertical-align: top; word-break: normal; border: 1px solid; width: 53.9655%;\">Motor Power<\/td>\n<td style=\"font-family: inherit; font-size: 14px; overflow: hidden; padding: 5px; text-align: center; vertical-align: top; word-break: normal; border: 1px solid; width: 45.8621%;\">600W<\/td>\n<\/tr>\n<tr>\n<td style=\"background-color: #e4e1e1; color: #333333; font-family: inherit; font-size: 14px; font-weight: bold; overflow: hidden; padding: 5px; text-align: right; vertical-align: top; word-break: normal; border: 1px solid; width: 53.9655%;\">Range with a single charge (manufacturer specification) | Calculated Range with a Single Charge<\/td>\n<td style=\"font-family: inherit; font-size: 14px; overflow: hidden; padding: 5px; text-align: center; vertical-align: top; word-break: normal; border: 1px solid; width: 45.8621%;\">up to 55km | 50km (25km\/h, 70kg rider, 15Wh\/km) | 67km (25km\/h, 70kg rider, 15Wh\/km)<\/td>\n<\/tr>\n<tr>\n<td style=\"background-color: #e4e1e1; color: #333333; font-family: inherit; font-size: 14px; font-weight: bold; overflow: hidden; padding: 5px; text-align: right; vertical-align: top; word-break: normal; border: 1px solid; width: 53.9655%;\">Brakes<\/td>\n<td style=\"font-family: inherit; font-size: 14px; overflow: hidden; padding: 5px; text-align: center; vertical-align: top; word-break: normal; border: 1px solid; width: 45.8621%;\">drum brakes<\/td>\n<\/tr>\n<tr>\n<td style=\"background-color: #e4e1e1; color: #333333; font-family: inherit; font-size: 14px; font-weight: bold; overflow: hidden; padding: 5px; text-align: right; vertical-align: top; word-break: normal; border: 1px solid; width: 53.9655%;\">Rear Brakes<\/td>\n<td style=\"font-family: inherit; font-size: 14px; overflow: hidden; padding: 5px; text-align: center; vertical-align: top; word-break: normal; border: 1px solid; width: 45.8621%;\">drum brakes + EABS<\/td>\n<\/tr>\n<tr>\n<td style=\"background-color: #e4e1e1; color: #333333; font-family: inherit; font-size: 14px; font-weight: bold; overflow: hidden; padding: 5px; text-align: right; vertical-align: top; word-break: normal; border: 1px solid; width: 53.9655%;\">Charging Time<\/td>\n<td style=\"font-family: inherit; font-size: 14px; overflow: hidden; padding: 5px; text-align: center; vertical-align: top; word-break: normal; border: 1px solid; width: 45.8621%;\">11h (single charger), 5,5h (dual charger)<\/td>\n<\/tr>\n<tr>\n<td style=\"background-color: #e4e1e1; color: #333333; font-family: inherit; font-size: 14px; font-weight: bold; overflow: hidden; padding: 5px; text-align: right; vertical-align: top; word-break: normal; border: 1px solid; width: 53.9655%;\">Weight Limit<\/td>\n<td style=\"font-family: inherit; font-size: 14px; overflow: hidden; padding: 5px; text-align: center; vertical-align: top; word-break: normal; border: 1px solid; width: 45.8621%;\">120kg<\/td>\n<\/tr>\n<tr>\n<td style=\"background-color: #e4e1e1; color: #333333; font-family: inherit; font-size: 14px; font-weight: bold; overflow: hidden; padding: 5px; text-align: right; vertical-align: top; word-break: normal; border: 1px solid; width: 53.9655%;\">Modified Speed after Tuning<\/td>\n<td style=\"font-family: inherit; font-size: 14px; overflow: hidden; padding: 5px; text-align: center; vertical-align: top; word-break: normal; border: 1px solid; width: 45.8621%;\">25km\/h<\/td>\n<\/tr>\n<tr>\n<td style=\"background-color: #e4e1e1; color: #333333; font-family: inherit; font-size: 14px; font-weight: bold; overflow: hidden; padding: 5px; text-align: right; vertical-align: top; word-break: normal; border: 1px solid; width: 53.9655%;\">Manifacturer Speed<\/td>\n<td style=\"font-family: inherit; font-size: 14px; overflow: hidden; padding: 5px; text-align: center; vertical-align: top; word-break: normal; border: 1px solid; width: 45.8621%;\">25km\/h<\/td>\n<\/tr>\n<tr>\n<td style=\"background-color: #e4e1e1; color: #333333; font-family: inherit; font-size: 14px; font-weight: bold; overflow: hidden; padding: 5px; text-align: right; vertical-align: top; word-break: normal; border: 1px solid; width: 53.9655%;\">Charger Included<\/td>\n<td style=\"font-family: inherit; font-size: 14px; overflow: hidden; padding: 5px; text-align: center; vertical-align: top; word-break: normal; border: 1px solid; width: 45.8621%;\">yes<\/td>\n<\/tr>\n<tr>\n<td style=\"background-color: #e4e1e1; color: #333333; font-family: inherit; font-size: 14px; font-weight: bold; overflow: hidden; padding: 5px; text-align: right; vertical-align: top; word-break: normal; border: 1px solid; width: 53.9655%;\">Weight<\/td>\n<td style=\"font-family: inherit; font-size: 14px; overflow: hidden; padding: 5px; text-align: center; vertical-align: top; word-break: normal; border: 1px solid; width: 45.8621%;\">23kg<\/td>\n<\/tr>\n<tr>\n<td style=\"background-color: #e4e1e1; color: #333333; font-family: inherit; font-size: 14px; font-weight: bold; overflow: hidden; padding: 5px; text-align: right; vertical-align: top; word-break: normal; border: 1px solid; width: 53.9655%;\">Tire Size<\/td>\n<td style=\"font-family: inherit; font-size: 14px; overflow: hidden; padding: 5px; text-align: center; vertical-align: top; word-break: normal; border: 1px solid; width: 45.8621%;\">8\u00d73.0\u2033<\/td>\n<\/tr>\n<tr>\n<td style=\"background-color: #e4e1e1; color: #333333; font-family: inherit; font-size: 14px; font-weight: bold; overflow: hidden; padding: 5px; text-align: right; vertical-align: top; word-break: normal; border: 1px solid; width: 53.9655%;\">Suspension<\/td>\n<td style=\"font-family: inherit; font-size: 14px; overflow: hidden; padding: 5px; text-align: center; vertical-align: top; word-break: normal; border: 1px solid; width: 45.8621%;\">spring shock absorber front and rear<\/td>\n<\/tr>\n<tr>\n<td style=\"background-color: #e4e1e1; color: #333333; font-family: inherit; font-size: 14px; font-weight: bold; overflow: hidden; padding: 5px; text-align: right; vertical-align: top; word-break: normal; border: 1px solid; width: 53.9655%;\">Tire Type<\/td>\n<td style=\"font-family: inherit; font-size: 14px; overflow: hidden; padding: 5px; text-align: center; vertical-align: top; word-break: normal; border: 1px solid; width: 45.8621%;\">rear solid tire \/ front inner tube air tire<\/td>\n<\/tr>\n<tr>\n<td style=\"background-color: #e4e1e1; color: #333333; font-family: inherit; font-size: 14px; font-weight: bold; overflow: hidden; padding: 5px; text-align: right; vertical-align: top; word-break: normal; border: 1px solid; width: 53.9655%;\">Front Lights<\/td>\n<td style=\"font-family: inherit; font-size: 14px; overflow: hidden; padding: 5px; text-align: center; vertical-align: top; word-break: normal; border: 1px solid; width: 45.8621%;\">LED driving light + indicator light<\/td>\n<\/tr>\n<tr>\n<td style=\"background-color: #e4e1e1; color: #333333; font-family: inherit; font-size: 14px; font-weight: bold; overflow: hidden; padding: 5px; text-align: right; vertical-align: top; word-break: normal; border: 1px solid; width: 53.9655%;\">Rear Light<\/td>\n<td style=\"font-family: inherit; font-size: 14px; overflow: hidden; padding: 5px; text-align: center; vertical-align: top; word-break: normal; border: 1px solid; width: 45.8621%;\">brake light + indicator light<\/td>\n<\/tr>\n<tr>\n<td style=\"background-color: #e4e1e1; color: #333333; font-family: inherit; font-size: 14px; font-weight: bold; overflow: hidden; padding: 5px; text-align: right; vertical-align: top; word-break: normal; border: 1px solid; width: 53.9655%;\">Maximum Incline<\/td>\n<td style=\"font-family: inherit; font-size: 14px; overflow: hidden; padding: 5px; text-align: center; vertical-align: top; word-break: normal; border: 1px solid; width: 45.8621%;\">&lt;25 %<\/td>\n<\/tr>\n<tr>\n<td style=\"background-color: #e4e1e1; color: #333333; font-family: inherit; font-size: 14px; font-weight: bold; overflow: hidden; padding: 5px; text-align: right; vertical-align: top; word-break: normal; border: 1px solid; width: 53.9655%;\">Dimensions (folded)<\/td>\n<td style=\"font-family: inherit; font-size: 14px; overflow: hidden; padding: 5px; text-align: center; vertical-align: top; word-break: normal; border: 1px solid; width: 45.8621%;\">103 x 20 x 39cm<\/td>\n<\/tr>\n<tr>\n<td style=\"background-color: #e4e1e1; color: #333333; font-family: inherit; font-size: 14px; font-weight: bold; overflow: hidden; padding: 5px; text-align: right; vertical-align: top; word-break: normal; border: 1px solid; width: 53.9655%;\">Dimensions (in driving position)<\/td>\n<td style=\"font-family: inherit; font-size: 14px; overflow: hidden; padding: 5px; text-align: center; vertical-align: top; word-break: normal; border: 1px solid; width: 45.8621%;\">114 x 60 x120cm<\/td>\n<\/tr>\n<\/tbody>\n<\/table>\n","protected":false},"excerpt":{"rendered":"<p><strong><em>Found a better price? Write to us and we'll make you a better offer!<\/em><\/strong><\/p>\n<p><strong><em>When purchased together with an electric scooter, all accessories and spare parts are -20%. The discount is automatically applied when added to the shopping cart!<\/em><\/strong><\/p>\n<p><strong><em>Delivery time: 1-5 business days.<\/em><\/strong><\/p>\n<p><em><strong>\u00a0<\/strong><\/em><\/p>\n","protected":false},"featured_media":14767,"template":"","meta":[],"product_brand":[],"product_cat":[722],"product_tag":[],"filter_elektritoukeratas":[],"class_list":{"0":"post-44700","1":"product","2":"type-product","3":"status-publish","4":"has-post-thumbnail","6":"product_cat-electric-scooters","7":"product_shipping_class-keskmine-pakk-en","8":"pa_aku-mahutavus-wh-1008-en","9":"pa_aku-mahutavus-wh-749-en","10":"pa_kaal-kg-23-en","11":"pa_kandevoime-kg-120-en","12":"pa_labisoit-arvutuslik-km-50-en","13":"pa_labisoit-arvutuslik-km-67-en","14":"pa_mootorite-arv-uhe-mootoriga-en","15":"pa_muuja-platvormil-touksimaailm-exocool-ou-en","16":"pa_piiramata-tippkiirus-kmh-25-en","17":"pa_size-156ah-aku-en","18":"pa_size-21ah-lg-aku-en","19":"pa_tootetuup-elektritoukeratas-en","20":"pa_valmistaja-vsett-en","21":"pa_voimsus-w-600-en","23":"first","24":"outofstock","25":"taxable","26":"shipping-taxable","27":"purchasable","28":"product-type-variable"},"yoast_head":"<!-- This site is optimized with the Yoast SEO Premium plugin v26.8 (Yoast SEO v27.5) - https:\/\/yoast.com\/product\/yoast-seo-premium-wordpress\/ -->\n<title>Vsett 8 electric scooter | Kompaktsus ja Kvaliteet | T\u00f5uksimaailm<\/title>\n<meta name=\"description\" content=\"Elektrit\u00f5ukeratas Vsett 8. V\u00e4ga kompaktne, stiilse v\u00e4limusega, v\u00f5imeka 600W mootoriga v\u00e4ike elektriline t\u00f5ukeratas. Vsett elektrit\u00f5ukerattad.\" \/>\n<meta name=\"robots\" content=\"index, follow, max-snippet:-1, max-image-preview:large, max-video-preview:-1\" \/>\n<link rel=\"canonical\" href=\"https:\/\/www.xn--tuksimaailm-ffb.ee\/en\/product\/vsett-8-electric-scooter\/\" \/>\n<meta property=\"og:locale\" content=\"en_US\" \/>\n<meta property=\"og:type\" content=\"article\" \/>\n<meta property=\"og:title\" content=\"Vsett 8 electric scooter\" \/>\n<meta property=\"og:description\" content=\"Elektrit\u00f5ukeratas Vsett 8. V\u00e4ga kompaktne, stiilse v\u00e4limusega, v\u00f5imeka 600W mootoriga v\u00e4ike elektriline t\u00f5ukeratas. Vsett elektrit\u00f5ukerattad.\" \/>\n<meta property=\"og:url\" content=\"https:\/\/www.xn--tuksimaailm-ffb.ee\/en\/product\/vsett-8-electric-scooter\/\" \/>\n<meta property=\"og:site_name\" content=\"T\u00f5uksimaailm\" \/>\n<meta property=\"article:publisher\" content=\"https:\/\/www.facebook.com\/touksimaailm\/\" \/>\n<meta property=\"og:image\" content=\"https:\/\/www.xn--tuksimaailm-ffb.ee\/wp-content\/uploads\/2021\/12\/vsett-8-1.png\" \/>\n\t<meta property=\"og:image:width\" content=\"821\" \/>\n\t<meta property=\"og:image:height\" content=\"827\" \/>\n\t<meta property=\"og:image:type\" content=\"image\/png\" \/>\n<meta name=\"twitter:card\" content=\"summary_large_image\" \/>\n<meta name=\"twitter:label1\" content=\"Availability\" \/>\n\t<meta name=\"twitter:data1\" content=\"Out of stock\" \/>\n<meta property=\"og:availability\" content=\"out of stock\" \/>\n<meta property=\"product:availability\" content=\"out of stock\" \/>\n<meta property=\"product:retailer_item_id\" content=\"Vsett_8\" \/>\n<meta property=\"product:condition\" content=\"new\" \/>\n<!-- \/ Yoast SEO Premium plugin. -->","yoast_head_json":{"title":"Vsett 8 electric scooter | Kompaktsus ja Kvaliteet | T\u00f5uksimaailm","description":"Elektrit\u00f5ukeratas Vsett 8. V\u00e4ga kompaktne, stiilse v\u00e4limusega, v\u00f5imeka 600W mootoriga v\u00e4ike elektriline t\u00f5ukeratas. Vsett elektrit\u00f5ukerattad.","robots":{"index":"index","follow":"follow","max-snippet":"max-snippet:-1","max-image-preview":"max-image-preview:large","max-video-preview":"max-video-preview:-1"},"canonical":"https:\/\/www.xn--tuksimaailm-ffb.ee\/en\/product\/vsett-8-electric-scooter\/","og_locale":"en_US","og_type":"article","og_title":"Vsett 8 electric scooter","og_description":"Elektrit\u00f5ukeratas Vsett 8. V\u00e4ga kompaktne, stiilse v\u00e4limusega, v\u00f5imeka 600W mootoriga v\u00e4ike elektriline t\u00f5ukeratas. Vsett elektrit\u00f5ukerattad.","og_url":"https:\/\/www.xn--tuksimaailm-ffb.ee\/en\/product\/vsett-8-electric-scooter\/","og_site_name":"T\u00f5uksimaailm","article_publisher":"https:\/\/www.facebook.com\/touksimaailm\/","og_image":[{"width":821,"height":827,"url":"https:\/\/www.xn--tuksimaailm-ffb.ee\/wp-content\/uploads\/2021\/12\/vsett-8-1.png","type":"image\/png"}],"twitter_card":"summary_large_image","twitter_misc":{"Availability":"Out of stock"},"schema":{"@context":"https:\/\/schema.org","@graph":[{"@type":"WebPage","@id":"https:\/\/www.xn--tuksimaailm-ffb.ee\/en\/product\/vsett-8-electric-scooter\/","url":"https:\/\/www.xn--tuksimaailm-ffb.ee\/en\/product\/vsett-8-electric-scooter\/","name":"Vsett 8 electric scooter | Kompaktsus ja Kvaliteet | T\u00f5uksimaailm","isPartOf":{"@id":"https:\/\/www.xn--tuksimaailm-ffb.ee\/en\/#website"},"primaryImageOfPage":{"@id":"https:\/\/www.xn--tuksimaailm-ffb.ee\/en\/product\/vsett-8-electric-scooter\/#primaryimage"},"image":{"@id":"https:\/\/www.xn--tuksimaailm-ffb.ee\/en\/product\/vsett-8-electric-scooter\/#primaryimage"},"thumbnailUrl":"https:\/\/www.xn--tuksimaailm-ffb.ee\/wp-content\/uploads\/2021\/12\/vsett-8-1.png","datePublished":"2021-12-11T11:03:42+00:00","description":"Elektrit\u00f5ukeratas Vsett 8. V\u00e4ga kompaktne, stiilse v\u00e4limusega, v\u00f5imeka 600W mootoriga v\u00e4ike elektriline t\u00f5ukeratas. Vsett elektrit\u00f5ukerattad.","breadcrumb":{"@id":"https:\/\/www.xn--tuksimaailm-ffb.ee\/en\/product\/vsett-8-electric-scooter\/#breadcrumb"},"inLanguage":"en-US","potentialAction":[{"@type":"ReadAction","target":["https:\/\/www.xn--tuksimaailm-ffb.ee\/en\/product\/vsett-8-electric-scooter\/"]}]},{"@type":"ImageObject","inLanguage":"en-US","@id":"https:\/\/www.xn--tuksimaailm-ffb.ee\/en\/product\/vsett-8-electric-scooter\/#primaryimage","url":"https:\/\/www.xn--tuksimaailm-ffb.ee\/wp-content\/uploads\/2021\/12\/vsett-8-1.png","contentUrl":"https:\/\/www.xn--tuksimaailm-ffb.ee\/wp-content\/uploads\/2021\/12\/vsett-8-1.png","width":821,"height":827},{"@type":"BreadcrumbList","@id":"https:\/\/www.xn--tuksimaailm-ffb.ee\/en\/product\/vsett-8-electric-scooter\/#breadcrumb","itemListElement":[{"@type":"ListItem","position":1,"name":"Home","item":"https:\/\/www.xn--tuksimaailm-ffb.ee\/en\/main-page\/"},{"@type":"ListItem","position":2,"name":"Shop","item":"https:\/\/www.xn--tuksimaailm-ffb.ee\/elektritoukerataste-pood\/"},{"@type":"ListItem","position":3,"name":"Vsett 8 electric scooter"}]},{"@type":"WebSite","@id":"https:\/\/www.xn--tuksimaailm-ffb.ee\/en\/#website","url":"https:\/\/www.xn--tuksimaailm-ffb.ee\/en\/","name":"T\u00f5uksimaailm","description":"Elektrit\u00f5ukerataste m\u00fc\u00fck, remont ja rent","publisher":{"@id":"https:\/\/www.xn--tuksimaailm-ffb.ee\/en\/#organization"},"potentialAction":[{"@type":"SearchAction","target":{"@type":"EntryPoint","urlTemplate":"https:\/\/www.xn--tuksimaailm-ffb.ee\/en\/?s={search_term_string}"},"query-input":{"@type":"PropertyValueSpecification","valueRequired":true,"valueName":"search_term_string"}}],"inLanguage":"en-US"},{"@type":"Organization","@id":"https:\/\/www.xn--tuksimaailm-ffb.ee\/en\/#organization","name":"T\u00f5uksimaailm","url":"https:\/\/www.xn--tuksimaailm-ffb.ee\/en\/","logo":{"@type":"ImageObject","inLanguage":"en-US","@id":"https:\/\/www.xn--tuksimaailm-ffb.ee\/en\/#\/schema\/logo\/image\/","url":"https:\/\/www.xn--tuksimaailm-ffb.ee\/wp-content\/uploads\/2020\/01\/logoz-e1579792875517.png","contentUrl":"https:\/\/www.xn--tuksimaailm-ffb.ee\/wp-content\/uploads\/2020\/01\/logoz-e1579792875517.png","width":250,"height":250,"caption":"T\u00f5uksimaailm"},"image":{"@id":"https:\/\/www.xn--tuksimaailm-ffb.ee\/en\/#\/schema\/logo\/image\/"},"sameAs":["https:\/\/www.facebook.com\/touksimaailm\/","https:\/\/www.instagram.com\/touksimaailm_\/","https:\/\/www.youtube.com\/channel\/UC18ml0EKIDLP1xGuQjFzcXQ"]}]},"og_availability":"out of stock","product_availability":"out of stock","product_retailer_item_id":"Vsett_8","product_condition":"new"},"jetpack_sharing_enabled":true,"_links":{"self":[{"href":"https:\/\/www.xn--tuksimaailm-ffb.ee\/en\/wp-json\/wp\/v2\/product\/44700","targetHints":{"allow":["GET"]}}],"collection":[{"href":"https:\/\/www.xn--tuksimaailm-ffb.ee\/en\/wp-json\/wp\/v2\/product"}],"about":[{"href":"https:\/\/www.xn--tuksimaailm-ffb.ee\/en\/wp-json\/wp\/v2\/types\/product"}],"wp:featuredmedia":[{"embeddable":true,"href":"https:\/\/www.xn--tuksimaailm-ffb.ee\/en\/wp-json\/wp\/v2\/media\/14767"}],"wp:attachment":[{"href":"https:\/\/www.xn--tuksimaailm-ffb.ee\/en\/wp-json\/wp\/v2\/media?parent=44700"}],"wp:term":[{"taxonomy":"product_brand","embeddable":true,"href":"https:\/\/www.xn--tuksimaailm-ffb.ee\/en\/wp-json\/wp\/v2\/product_brand?post=44700"},{"taxonomy":"product_cat","embeddable":true,"href":"https:\/\/www.xn--tuksimaailm-ffb.ee\/en\/wp-json\/wp\/v2\/product_cat?post=44700"},{"taxonomy":"product_tag","embeddable":true,"href":"https:\/\/www.xn--tuksimaailm-ffb.ee\/en\/wp-json\/wp\/v2\/product_tag?post=44700"},{"taxonomy":"filter_elektritoukeratas","embeddable":true,"href":"https:\/\/www.xn--tuksimaailm-ffb.ee\/en\/wp-json\/wp\/v2\/filter_elektritoukeratas?post=44700"}],"curies":[{"name":"wp","href":"https:\/\/api.w.org\/{rel}","templated":true}]}}