{"id":44705,"date":"2023-01-11T19:26:46","date_gmt":"2023-01-11T17:26:46","guid":{"rendered":"http:\/\/www.xn--tuksimaailm-ffb.ee\/shop\/niu-kqi2-pro-electric-scooter\/"},"modified":"2024-04-23T14:12:31","modified_gmt":"2024-04-23T11:12:31","slug":"niu-kqi2-pro-electric-scooter","status":"publish","type":"product","link":"https:\/\/www.xn--tuksimaailm-ffb.ee\/en\/product\/niu-kqi2-pro-electric-scooter\/","title":{"rendered":"NIU KQi2 Pro electric scooter"},"content":{"rendered":"<h2 style=\"text-align: center;\">NIU KQI2 PRO ELECTRIC SCOOTER - PRODUCT DESCRIPTION<\/h2>\n<p>NIU and its KQi series electric scooters are increasingly popular players in the world of electric scooters. NIU electric scooters are stylish, very compact, and affordable. The NIU KQi2 Pro electric scooter is designed for those looking for a comfortable, compact, and eco-friendly mode of transportation. The KQi2 features a clean and modern design. The NIU KQi2 Pro electric scooter boasts impressive features and additions, making the KQi2 Pro competitive in the market. The electric scooter NIU KQi2 Pro is equipped with large and wide 10x2.3\" tubeless tires. The large tires ensure that the electric scooter is stable and comfortable while riding. It is also possible to electronically lock and configure the electric scooter via a mobile app. Not to mention, the electric scooter has a stylish and powerful headlight and a display that provides clear data readings. The easily foldable KQi2 Pro electric scooter is compact and lightweight, making it easy to store and transport.<\/p>\n<p><strong>NIU is the first electric scooter brand in the world that has been able to compete globally with Segway and Xiaomi electric scooters, which have dominated the under \u20ac1000 price range for over half a decade in terms of quality, durability, and intelligence<\/strong>. NIU is a long-experienced and historical company that started developing and manufacturing electric mopeds in 2014. At the beginning of the electric light vehicle revolution, the focus was shifted to developing electric scooters. NIU was founded by two former Xiaomi employees who, at some point in 2013, believed it was possible to do better than Xiaomi. Ten years later, this goal has at least been achieved in the electric scooter market.<\/p>\n<p>Check out NIU's other electric scooters here.<\/p>\n<p><iframe title=\"BEST SCOOTER IN 2022?! NIU KQi2 Pro vs KQi3 Pro\" width=\"1082\" height=\"609\" src=\"https:\/\/www.youtube.com\/embed\/m6CM4jBBs_Y?feature=oembed\" frameborder=\"0\" allow=\"accelerometer; autoplay; clipboard-write; encrypted-media; gyroscope; picture-in-picture; web-share\" referrerpolicy=\"strict-origin-when-cross-origin\" allowfullscreen><\/iframe><\/p>\n<h2 style=\"text-align: center;\">NIU KQI2 PRO ELECTRIC SCOOTER - TECHNICAL SPECIFICATION<\/h2>\n<p>The KQi2 Pro electric scooter is equipped with a powerful <strong>48V<\/strong> and a medium capacity <strong>7.6Ah \/ (365Wh)<\/strong> lithium-ion battery within the NIU model series, which allows it to travel <strong>up to 40km<\/strong> on a single charge according to the manufacturer's specifications. This compact electric scooter has a nimble and capable motor with a maximum power of <strong>600W<\/strong>. This is sufficient to ensure smooth and even acceleration. The KQi2 Pro electric scooter is equipped with <strong>10x2.3\" tubeless air tires both front and rear<\/strong>. The tubeless design makes the electric scooter significantly more stable and with better traction, allowing riding on both city streets and rougher terrains. Tubeless tires are also more durable than tubed tires at lower pressures, thus the likelihood of getting stranded with a NIU electric scooter is much lower compared to electric scooters with tubed tires like Xiaomi's.<\/p>\n<p>Larger tires not only enhance riding comfort but also safety. For safe travel, the electric scooter is equipped with a <strong>front drum brake and a rear motor brake <\/strong>and\u00a0<strong>regenerative brake<\/strong>. Compared to disc brakes, the drum brake on the electric scooter is more carefree (brake pads wear out much slower) and, combined with the motor brake, it is also very effective. The smaller-sized build is deceptive - the KQi2 Pro electric scooter, made with quality and strong components, can carry <strong>up to 100kg<\/strong> of weight and climb grades of up to 10%. The handlebar height of the electric scooter is not adjustable, but the handlebar width is slightly wider than usual, making the handling somewhat more stable and precise. The electric scooter is also equipped with a colorful <strong>TFT-LCD<\/strong> screen that displays speed, battery level, and other important information. Overall, the NIU KQi2 Pro is an excellent and stylish electric scooter for city street travel.<\/p>\n<p><a href=\"https:\/\/www.xn--tuksimaailm-ffb.ee\/wp-content\/uploads\/2023\/01\/NIU-KQi2-PRO-elektritoukeratas-elektrilised-toukerattad-elektriline-toukeratas-elektrilised-toukerattad-elektritoukerattad-300x145.png\"><img decoding=\"async\" class=\"alignnone size-medium wp-image-27832 aligncenter\" src=\"https:\/\/www.xn--tuksimaailm-ffb.ee\/wp-content\/uploads\/2023\/01\/NIU-KQi2-PRO-elektritoukeratas-elektrilised-toukerattad-elektriline-toukeratas-elektrilised-toukerattad-elektritoukerattad-300x145.png\" alt=\"NIU KQi2 PRO elektrit\u00f5ukeratas elektrilised t\u00f5ukerattad elektriline t\u00f5ukeratas elektrilised t\u00f5ukerattad elektrit\u00f5ukerattad\" width=\"494\" height=\"239\" srcset=\"https:\/\/www.xn--tuksimaailm-ffb.ee\/wp-content\/uploads\/2023\/01\/NIU-KQi2-PRO-elektritoukeratas-elektrilised-toukerattad-elektriline-toukeratas-elektrilised-toukerattad-elektritoukerattad-300x145.png 300w, https:\/\/www.xn--tuksimaailm-ffb.ee\/wp-content\/uploads\/2023\/01\/NIU-KQi2-PRO-elektritoukeratas-elektrilised-toukerattad-elektriline-toukeratas-elektrilised-toukerattad-elektritoukerattad-611x295.png 611w, https:\/\/www.xn--tuksimaailm-ffb.ee\/wp-content\/uploads\/2023\/01\/NIU-KQi2-PRO-elektritoukeratas-elektrilised-toukerattad-elektriline-toukeratas-elektrilised-toukerattad-elektritoukerattad-600x290.png 600w, https:\/\/www.xn--tuksimaailm-ffb.ee\/wp-content\/uploads\/2023\/01\/NIU-KQi2-PRO-elektritoukeratas-elektrilised-toukerattad-elektriline-toukeratas-elektrilised-toukerattad-elektritoukerattad.png 718w\" sizes=\"(max-width: 494px) 100vw, 494px\" \/><\/a><\/p>\n<h2 style=\"text-align: center;\">SAFETY<\/h2>\n<p>The electric scooter is a fast and potentially dangerous vehicle for the rider. Therefore, we always recommend wearing a helmet. For riders under the age of 16, wearing a helmet while riding an electric scooter is mandatory by law. All electric scooters can be found here.<\/p>\n<p><strong>When you purchase your electric scooter from our store, all additional equipment will be 20% off with your electric scooter purchase!<\/strong><\/p>\n<p><strong>The NIU KQi2 Pro electric scooter is a street-legal light vehicle according to Estonian traffic law, with a manufacturer's power of 600W and a manufacturer's speed of 25km\/h. Note! If the user has independently modified the electric scooter to be faster or more powerful than the above parameters, T\u00f5uksimaailm is not responsible for any fines incurred for breaking the law, police confiscation of the electric scooter, or damage caused by other types of violations.<\/strong><\/p>\n<table class=\"tg\" style=\"border-collapse: collapse; max-width: 600px; border-spacing: 0px; margin: 0px auto; width: 84%; height: 406px;\">\n<tbody>\n<tr style=\"height: 27px;\">\n<td style=\"background-color: #e4e1e1; color: #333333; font-family: inherit; font-size: 14px; font-weight: bold; overflow: hidden; padding: 5px; text-align: center; vertical-align: top; word-break: normal; border: 1px solid; height: 27px;\" colspan=\"2\">Technical Specifications<\/td>\n<\/tr>\n<tr style=\"height: 27px;\">\n<td style=\"background-color: #e4e1e1; color: #333333; font-family: inherit; font-size: 14px; font-weight: bold; overflow: hidden; padding: 5px; text-align: right; vertical-align: top; word-break: normal; border: 1px solid; height: 27px;\">Model<\/td>\n<td style=\"font-family: inherit; font-size: 14px; overflow: hidden; padding: 5px; text-align: center; vertical-align: top; word-break: normal; border: 1px solid; height: 27px;\">NIU KQI2 PRO<\/td>\n<\/tr>\n<tr style=\"height: 27px;\">\n<td style=\"background-color: #e4e1e1; color: #333333; font-family: inherit; font-size: 14px; font-weight: bold; overflow: hidden; padding: 5px; text-align: right; vertical-align: top; word-break: normal; border: 1px solid; height: 27px;\">Battery<\/td>\n<td style=\"font-family: inherit; font-size: 14px; overflow: hidden; padding: 5px; text-align: center; vertical-align: top; word-break: normal; border: 1px solid; height: 27px;\">48V\/7.6Ah 365Wh (7600mAh)<\/td>\n<\/tr>\n<tr style=\"height: 27px;\">\n<td style=\"background-color: #e4e1e1; color: #333333; font-family: inherit; font-size: 14px; font-weight: bold; overflow: hidden; padding: 5px; text-align: right; vertical-align: top; word-break: normal; border: 1px solid; height: 27px;\">Charging Time<\/td>\n<td style=\"font-family: inherit; font-size: 14px; overflow: hidden; padding: 5px; text-align: center; vertical-align: top; word-break: normal; border: 1px solid; height: 27px;\">up to 7h\u00a0<\/td>\n<\/tr>\n<tr style=\"height: 27px;\">\n<td style=\"background-color: #e4e1e1; color: #333333; font-family: inherit; font-size: 14px; font-weight: bold; overflow: hidden; padding: 5px; text-align: right; vertical-align: top; word-break: normal; border: 1px solid; height: 27px;\">Motor Power<\/td>\n<td style=\"font-family: inherit; font-size: 14px; overflow: hidden; padding: 5px; text-align: center; vertical-align: top; word-break: normal; border: 1px solid; height: 27px;\">600W<\/td>\n<\/tr>\n<tr style=\"height: 55px;\">\n<td style=\"background-color: #e4e1e1; color: #333333; font-family: inherit; font-size: 14px; font-weight: bold; overflow: hidden; padding: 5px; text-align: right; vertical-align: top; word-break: normal; border: 1px solid; height: 55px;\">Range (manufacturer specification) | Calculated Range<\/td>\n<td style=\"font-family: inherit; font-size: 14px; overflow: hidden; padding: 5px; text-align: center; vertical-align: top; word-break: normal; border: 1px solid; height: 55px;\">up to 40 km | 25km (25km\/h, 70kg rider, 15Wh\/km)<\/td>\n<\/tr>\n<tr style=\"height: 27px;\">\n<td style=\"background-color: #e4e1e1; color: #333333; font-family: inherit; font-size: 14px; font-weight: bold; overflow: hidden; padding: 5px; text-align: right; vertical-align: top; word-break: normal; border: 1px solid; height: 27px;\">Front Brake<\/td>\n<td style=\"font-family: inherit; font-size: 14px; overflow: hidden; padding: 5px; text-align: center; vertical-align: top; word-break: normal; border: 1px solid; height: 27px;\">drum brake<\/td>\n<\/tr>\n<tr style=\"height: 27px;\">\n<td style=\"background-color: #e4e1e1; color: #333333; font-family: inherit; font-size: 14px; font-weight: bold; overflow: hidden; padding: 5px; text-align: right; vertical-align: top; word-break: normal; border: 1px solid; height: 27px;\">Rear Brake<\/td>\n<td style=\"font-family: inherit; font-size: 14px; overflow: hidden; padding: 5px; text-align: center; vertical-align: top; word-break: normal; border: 1px solid; height: 27px;\">electric motor brake (regenerative)<\/td>\n<\/tr>\n<tr style=\"height: 27px;\">\n<td style=\"background-color: #e4e1e1; color: #333333; font-family: inherit; font-size: 14px; font-weight: bold; overflow: hidden; padding: 5px; text-align: right; vertical-align: top; word-break: normal; border: 1px solid; height: 27px;\">Weight Limit<\/td>\n<td style=\"font-family: inherit; font-size: 14px; overflow: hidden; padding: 5px; text-align: center; vertical-align: top; word-break: normal; border: 1px solid; height: 27px;\">100kg<\/td>\n<\/tr>\n<tr style=\"height: 27px;\">\n<td style=\"background-color: #e4e1e1; color: #333333; font-family: inherit; font-size: 14px; font-weight: bold; overflow: hidden; padding: 5px; text-align: right; vertical-align: top; word-break: normal; border: 1px solid; height: 27px;\">Manufacturer Speed<\/td>\n<td style=\"font-family: inherit; font-size: 14px; overflow: hidden; padding: 5px; text-align: center; vertical-align: top; word-break: normal; border: 1px solid; height: 27px;\">25km\/h<\/td>\n<\/tr>\n<tr style=\"height: 27px;\">\n<td style=\"background-color: #e4e1e1; color: #333333; font-family: inherit; font-size: 14px; font-weight: bold; overflow: hidden; padding: 5px; text-align: right; vertical-align: top; word-break: normal; border: 1px solid; height: 27px;\">Weight<\/td>\n<td style=\"font-family: inherit; font-size: 14px; overflow: hidden; padding: 5px; text-align: center; vertical-align: top; word-break: normal; border: 1px solid; height: 27px;\">18.4kg<\/td>\n<\/tr>\n<tr style=\"height: 27px;\">\n<td style=\"background-color: #e4e1e1; color: #333333; font-family: inherit; font-size: 14px; font-weight: bold; overflow: hidden; padding: 5px 5px 5px 125px; vertical-align: top; word-break: normal; border: 1px solid; height: 27px; text-align: right;\">Motorized Wheel<\/td>\n<td style=\"font-family: inherit; font-size: 14px; overflow: hidden; padding: 5px; text-align: center; vertical-align: top; word-break: normal; border: 1px solid; height: 27px;\">\n<p>rear wheel<\/p>\n<\/td>\n<\/tr>\n<tr style=\"height: 27px;\">\n<td style=\"background-color: #e4e1e1; color: #333333; font-family: inherit; font-size: 14px; font-weight: bold; overflow: hidden; padding: 5px; text-align: right; vertical-align: top; word-break: normal; border: 1px solid; height: 27px;\">Tires<\/td>\n<td style=\"font-family: inherit; font-size: 14px; overflow: hidden; padding: 5px; text-align: center; vertical-align: top; word-break: normal; border: 1px solid; height: 27px;\">10x2.3\" tubeless tires<\/td>\n<\/tr>\n<tr style=\"height: 27px;\">\n<td style=\"background-color: #e4e1e1; color: #333333; font-family: inherit; font-size: 14px; font-weight: bold; overflow: hidden; padding: 5px; text-align: right; vertical-align: top; word-break: normal; border: 1px solid; height: 27px;\">Maximum Incline<\/td>\n<td style=\"font-family: inherit; font-size: 14px; overflow: hidden; padding: 5px; text-align: center; vertical-align: top; word-break: normal; border: 1px solid; height: 27px;\">up to 10 degrees<\/td>\n<\/tr>\n<\/tbody>\n<\/table>\n","protected":false},"excerpt":{"rendered":"<p><strong>Found a better price? Write to us and we'll make you a better offer!<\/strong><\/p>\n<p><strong>When purchased together with an electric scooter, all accessories and spare parts are -20%. The discount is automatically applied when added to the shopping cart!<\/strong><\/p>\n<p><strong>Delivery time: 1-5 business days.<\/strong><\/p>\n","protected":false},"featured_media":27763,"template":"","meta":[],"product_brand":[],"product_cat":[722],"product_tag":[],"filter_elektritoukeratas":[],"class_list":{"0":"post-44705","1":"product","2":"type-product","3":"status-publish","4":"has-post-thumbnail","6":"product_cat-electric-scooters","7":"product_shipping_class-keskmine-pakk-en","8":"pa_aku-mahutavus-wh-365-en","9":"pa_kaal-kg-18-en","10":"pa_kandevoime-kg-100-en","11":"pa_labisoit-arvutuslik-km-25-en","12":"pa_mootorite-arv-uhe-mootoriga-en","13":"pa_muuja-platvormil-touksimaailm-exocool-ou-en","14":"pa_piiramata-tippkiirus-kmh-25-en","15":"pa_size-hall-en","16":"pa_size-valge-en","17":"pa_tootetuup-elektritoukeratas-en","18":"pa_valmistaja-niu-en","19":"pa_voimsus-w-600-en","21":"first","22":"instock","23":"taxable","24":"shipping-taxable","25":"purchasable","26":"product-type-variable"},"yoast_head":"<!-- This site is optimized with the Yoast SEO Premium plugin v26.8 (Yoast SEO v27.5) - https:\/\/yoast.com\/product\/yoast-seo-premium-wordpress\/ -->\n<title>NIU KQi2 Pro electric scooter | T\u00f5uksimaailm | Elektrit\u00f5ukerattad<\/title>\n<meta name=\"description\" content=\"NIU KQi2 Pro - kvaliteetne ja innovaatline elektrit\u00f5ukeratas. V\u00f5imsa mootori ja ilusa disainiga elektriline t\u00f5ukeratas. NIU KQi uued elektrit\u00f5ukerattad.\" \/>\n<meta name=\"robots\" content=\"index, follow, max-snippet:-1, max-image-preview:large, max-video-preview:-1\" \/>\n<link rel=\"canonical\" href=\"https:\/\/www.xn--tuksimaailm-ffb.ee\/en\/product\/niu-kqi2-pro-electric-scooter\/\" \/>\n<meta property=\"og:locale\" content=\"en_US\" \/>\n<meta property=\"og:type\" content=\"article\" \/>\n<meta property=\"og:title\" content=\"NIU KQi2 Pro electric scooter\" \/>\n<meta property=\"og:description\" content=\"NIU KQi2 Pro - kvaliteetne ja innovaatline elektrit\u00f5ukeratas. V\u00f5imsa mootori ja ilusa disainiga elektriline t\u00f5ukeratas. NIU KQi uued elektrit\u00f5ukerattad.\" \/>\n<meta property=\"og:url\" content=\"https:\/\/www.xn--tuksimaailm-ffb.ee\/en\/product\/niu-kqi2-pro-electric-scooter\/\" \/>\n<meta property=\"og:site_name\" content=\"T\u00f5uksimaailm\" \/>\n<meta property=\"article:publisher\" content=\"https:\/\/www.facebook.com\/touksimaailm\/\" \/>\n<meta property=\"article:modified_time\" content=\"2024-04-23T11:12:31+00:00\" \/>\n<meta property=\"og:image\" content=\"https:\/\/www.xn--tuksimaailm-ffb.ee\/wp-content\/uploads\/2023\/01\/NIU-KQi2-Pro-elektritoukeratas-elektriline-toukeratas-elektrilised-toukerattad-elektritoukerattad-11.webp\" \/>\n\t<meta property=\"og:image:width\" content=\"1024\" \/>\n\t<meta property=\"og:image:height\" content=\"1024\" \/>\n\t<meta property=\"og:image:type\" content=\"image\/webp\" \/>\n<meta name=\"twitter:card\" content=\"summary_large_image\" \/>\n<meta name=\"twitter:label1\" content=\"Availability\" \/>\n\t<meta name=\"twitter:data1\" content=\"In stock\" \/>\n<meta property=\"og:availability\" content=\"instock\" \/>\n<meta property=\"product:availability\" content=\"instock\" \/>\n<meta property=\"product:retailer_item_id\" content=\"NIU-KQI2\" \/>\n<meta property=\"product:condition\" content=\"new\" \/>\n<!-- \/ Yoast SEO Premium plugin. -->","yoast_head_json":{"title":"NIU KQi2 Pro electric scooter | T\u00f5uksimaailm | Elektrit\u00f5ukerattad","description":"NIU KQi2 Pro - kvaliteetne ja innovaatline elektrit\u00f5ukeratas. V\u00f5imsa mootori ja ilusa disainiga elektriline t\u00f5ukeratas. NIU KQi uued elektrit\u00f5ukerattad.","robots":{"index":"index","follow":"follow","max-snippet":"max-snippet:-1","max-image-preview":"max-image-preview:large","max-video-preview":"max-video-preview:-1"},"canonical":"https:\/\/www.xn--tuksimaailm-ffb.ee\/en\/product\/niu-kqi2-pro-electric-scooter\/","og_locale":"en_US","og_type":"article","og_title":"NIU KQi2 Pro electric scooter","og_description":"NIU KQi2 Pro - kvaliteetne ja innovaatline elektrit\u00f5ukeratas. V\u00f5imsa mootori ja ilusa disainiga elektriline t\u00f5ukeratas. NIU KQi uued elektrit\u00f5ukerattad.","og_url":"https:\/\/www.xn--tuksimaailm-ffb.ee\/en\/product\/niu-kqi2-pro-electric-scooter\/","og_site_name":"T\u00f5uksimaailm","article_publisher":"https:\/\/www.facebook.com\/touksimaailm\/","article_modified_time":"2024-04-23T11:12:31+00:00","og_image":[{"width":1024,"height":1024,"url":"https:\/\/www.xn--tuksimaailm-ffb.ee\/wp-content\/uploads\/2023\/01\/NIU-KQi2-Pro-elektritoukeratas-elektriline-toukeratas-elektrilised-toukerattad-elektritoukerattad-11.webp","type":"image\/webp"}],"twitter_card":"summary_large_image","twitter_misc":{"Availability":"In stock"},"schema":{"@context":"https:\/\/schema.org","@graph":[{"@type":"WebPage","@id":"https:\/\/www.xn--tuksimaailm-ffb.ee\/en\/product\/niu-kqi2-pro-electric-scooter\/","url":"https:\/\/www.xn--tuksimaailm-ffb.ee\/en\/product\/niu-kqi2-pro-electric-scooter\/","name":"NIU KQi2 Pro electric scooter | T\u00f5uksimaailm | Elektrit\u00f5ukerattad","isPartOf":{"@id":"https:\/\/www.xn--tuksimaailm-ffb.ee\/en\/#website"},"primaryImageOfPage":{"@id":"https:\/\/www.xn--tuksimaailm-ffb.ee\/en\/product\/niu-kqi2-pro-electric-scooter\/#primaryimage"},"image":{"@id":"https:\/\/www.xn--tuksimaailm-ffb.ee\/en\/product\/niu-kqi2-pro-electric-scooter\/#primaryimage"},"thumbnailUrl":"https:\/\/www.xn--tuksimaailm-ffb.ee\/wp-content\/uploads\/2023\/01\/NIU-KQi2-Pro-elektritoukeratas-elektriline-toukeratas-elektrilised-toukerattad-elektritoukerattad-11.webp","datePublished":"2023-01-11T17:26:46+00:00","dateModified":"2024-04-23T11:12:31+00:00","description":"NIU KQi2 Pro - kvaliteetne ja innovaatline elektrit\u00f5ukeratas. V\u00f5imsa mootori ja ilusa disainiga elektriline t\u00f5ukeratas. NIU KQi uued elektrit\u00f5ukerattad.","breadcrumb":{"@id":"https:\/\/www.xn--tuksimaailm-ffb.ee\/en\/product\/niu-kqi2-pro-electric-scooter\/#breadcrumb"},"inLanguage":"en-US","potentialAction":[{"@type":"ReadAction","target":["https:\/\/www.xn--tuksimaailm-ffb.ee\/en\/product\/niu-kqi2-pro-electric-scooter\/"]}]},{"@type":"ImageObject","inLanguage":"en-US","@id":"https:\/\/www.xn--tuksimaailm-ffb.ee\/en\/product\/niu-kqi2-pro-electric-scooter\/#primaryimage","url":"https:\/\/www.xn--tuksimaailm-ffb.ee\/wp-content\/uploads\/2023\/01\/NIU-KQi2-Pro-elektritoukeratas-elektriline-toukeratas-elektrilised-toukerattad-elektritoukerattad-11.webp","contentUrl":"https:\/\/www.xn--tuksimaailm-ffb.ee\/wp-content\/uploads\/2023\/01\/NIU-KQi2-Pro-elektritoukeratas-elektriline-toukeratas-elektrilised-toukerattad-elektritoukerattad-11.webp","width":1024,"height":1024,"caption":"NIU KQi2 Pro elektrit\u00f5ukeratas elektriline t\u00f5ukeratas elektrilised t\u00f5ukerattad elektrit\u00f5ukerattad 11"},{"@type":"BreadcrumbList","@id":"https:\/\/www.xn--tuksimaailm-ffb.ee\/en\/product\/niu-kqi2-pro-electric-scooter\/#breadcrumb","itemListElement":[{"@type":"ListItem","position":1,"name":"Home","item":"https:\/\/www.xn--tuksimaailm-ffb.ee\/en\/main-page\/"},{"@type":"ListItem","position":2,"name":"Shop","item":"https:\/\/www.xn--tuksimaailm-ffb.ee\/elektritoukerataste-pood\/"},{"@type":"ListItem","position":3,"name":"NIU KQi2 Pro electric scooter"}]},{"@type":"WebSite","@id":"https:\/\/www.xn--tuksimaailm-ffb.ee\/en\/#website","url":"https:\/\/www.xn--tuksimaailm-ffb.ee\/en\/","name":"T\u00f5uksimaailm","description":"Elektrit\u00f5ukerataste m\u00fc\u00fck, remont ja rent","publisher":{"@id":"https:\/\/www.xn--tuksimaailm-ffb.ee\/en\/#organization"},"potentialAction":[{"@type":"SearchAction","target":{"@type":"EntryPoint","urlTemplate":"https:\/\/www.xn--tuksimaailm-ffb.ee\/en\/?s={search_term_string}"},"query-input":{"@type":"PropertyValueSpecification","valueRequired":true,"valueName":"search_term_string"}}],"inLanguage":"en-US"},{"@type":"Organization","@id":"https:\/\/www.xn--tuksimaailm-ffb.ee\/en\/#organization","name":"T\u00f5uksimaailm","url":"https:\/\/www.xn--tuksimaailm-ffb.ee\/en\/","logo":{"@type":"ImageObject","inLanguage":"en-US","@id":"https:\/\/www.xn--tuksimaailm-ffb.ee\/en\/#\/schema\/logo\/image\/","url":"https:\/\/www.xn--tuksimaailm-ffb.ee\/wp-content\/uploads\/2020\/01\/logoz-e1579792875517.png","contentUrl":"https:\/\/www.xn--tuksimaailm-ffb.ee\/wp-content\/uploads\/2020\/01\/logoz-e1579792875517.png","width":250,"height":250,"caption":"T\u00f5uksimaailm"},"image":{"@id":"https:\/\/www.xn--tuksimaailm-ffb.ee\/en\/#\/schema\/logo\/image\/"},"sameAs":["https:\/\/www.facebook.com\/touksimaailm\/","https:\/\/www.instagram.com\/touksimaailm_\/","https:\/\/www.youtube.com\/channel\/UC18ml0EKIDLP1xGuQjFzcXQ"]}]},"og_availability":"instock","product_availability":"instock","product_retailer_item_id":"NIU-KQI2","product_condition":"new"},"jetpack_sharing_enabled":true,"_links":{"self":[{"href":"https:\/\/www.xn--tuksimaailm-ffb.ee\/en\/wp-json\/wp\/v2\/product\/44705","targetHints":{"allow":["GET"]}}],"collection":[{"href":"https:\/\/www.xn--tuksimaailm-ffb.ee\/en\/wp-json\/wp\/v2\/product"}],"about":[{"href":"https:\/\/www.xn--tuksimaailm-ffb.ee\/en\/wp-json\/wp\/v2\/types\/product"}],"wp:featuredmedia":[{"embeddable":true,"href":"https:\/\/www.xn--tuksimaailm-ffb.ee\/en\/wp-json\/wp\/v2\/media\/27763"}],"wp:attachment":[{"href":"https:\/\/www.xn--tuksimaailm-ffb.ee\/en\/wp-json\/wp\/v2\/media?parent=44705"}],"wp:term":[{"taxonomy":"product_brand","embeddable":true,"href":"https:\/\/www.xn--tuksimaailm-ffb.ee\/en\/wp-json\/wp\/v2\/product_brand?post=44705"},{"taxonomy":"product_cat","embeddable":true,"href":"https:\/\/www.xn--tuksimaailm-ffb.ee\/en\/wp-json\/wp\/v2\/product_cat?post=44705"},{"taxonomy":"product_tag","embeddable":true,"href":"https:\/\/www.xn--tuksimaailm-ffb.ee\/en\/wp-json\/wp\/v2\/product_tag?post=44705"},{"taxonomy":"filter_elektritoukeratas","embeddable":true,"href":"https:\/\/www.xn--tuksimaailm-ffb.ee\/en\/wp-json\/wp\/v2\/filter_elektritoukeratas?post=44705"}],"curies":[{"name":"wp","href":"https:\/\/api.w.org\/{rel}","templated":true}]}}