{"id":44749,"date":"2022-04-07T15:23:23","date_gmt":"2022-04-07T15:23:23","guid":{"rendered":"http:\/\/www.xn--tuksimaailm-ffb.ee\/shop\/nami-burn-e-2-viper-electric-scooter\/"},"modified":"2024-04-24T10:04:32","modified_gmt":"2024-04-24T07:04:32","slug":"nami-burn-e-2-viper-electric-scooter","status":"publish","type":"product","link":"https:\/\/www.xn--tuksimaailm-ffb.ee\/en\/product\/nami-burn-e-2-viper-electric-scooter\/","title":{"rendered":"Nami Burn-E 2 Viper electric scooter"},"content":{"rendered":"<h2 style=\"text-align: center;\">NAMI BURN-E 2 VIPER ELECTRIC SCOOTER - PRODUCT DESCRIPTION<\/h2>\n<p>The Nami Burn-E 2 Viper is a slightly \"more modest\" version of the Burn-E 2 Max electric scooter and offers an opportunity to acquire an electric scooter that looks identical to the Max version externally. All other features such as the revolutionary precision adjustment capability and tool-free adjustable suspension are the same as the larger version with a 32Ah battery.<\/p>\n<p>The Nami Burn-E 2 electric scooter represents the pinnacle of technology, the ultimate electric scooter in every category except weight and compactness that one can possibly acquire. This electric scooter can be described as a motorcycle that is not ridden sitting down but standing up, and it can also be placed in a car. This electric scooter has better acceleration, is more comfortable, stable, user-friendly, customizable, and additionally, it has exceptionally high quality, equipment, and durability compared to its competitors. With hydraulic disc brakes, a high and wide handlebar, and adjustable hydraulic suspension suitable for all purposes and conditions, the Nami Burn-E 2 Viper electric scooter will not let you down on any surface and in any conditions.<\/p>\n<p>The uniqueness of the Nami Burn-E 2 Viper begins with its appearance - a frame made of hand-welded aluminum tubes and covered in matte black paint, which does not go unnoticed on the street. The Nami Burn-E 2 Viper electric scooter has two motors with a nominal power of <strong>500W<\/strong> (peak power of <strong>500W<\/strong>) each, giving the scooter a total power of <strong>1000W (or 1kW)<\/strong> and a maximum factory speed of <strong>25km\/h<\/strong>. The range is up to <strong>145km<\/strong> on the most economical Eco mode with a <strong>75kg<\/strong> rider.<\/p>\n<h2 style=\"text-align: center;\">NEW ERA OF ELECTRIC SCOOTER<\/h2>\n<p>The name NAMI derives from the English phrase \"New Age Mobility Innovation,\" which reflects the essence of Nami as a brand. Nami's goal is to produce high-tech electric scooters using only the highest quality components and to implement new technologies not yet used in other models available on the market. Moreover, improvements and new products are developed not merely based on customer feedback, but in conjunction with a community that has emerged during long-term development activities, discussing new ideas and technical solutions together.<\/p>\n<p>The Nami Burn-E 2 Viper (Viper was the original name of the electric scooter during development) is revolutionary in the scooter world not only for its unrivaled performance but also for many other features. <strong>Sine-wave controllers<\/strong>, which are significantly more efficient than conventional square-wave controllers, increase the range per charge and user-friendliness. A <strong>large waterproof screen<\/strong> allows unprecedented customization of the electric scooter's settings. Nami's patented cone-shaped folding mechanism eliminates any potential looseness and snapping between the handlebar tube and frame, a problem that has often plagued even the best electric scooters.<\/p>\n<h2 style=\"text-align: center;\">ADJUSTABLE HYDRAULIC SUSPENSION<\/h2>\n<p>The Nami Burn-E 2 Viper electric scooter is equipped with front and rear <strong>165mm hybrid adjustable hydraulic spring shocks<\/strong>. This technology combines the best features of spring and hydraulic shocks, allowing the suspension to be adjusted from ultra-soft and bouncy, to ultra-stiff and stable, or anything in between. It is possible to separately adjust the length of the suspension travel and its stiffness. The frame of the Nami Burn-E 2 Viper is made of heat-treated aluminum cross-profile tubes and is welded together in one piece. The handlebar tube is made of ultra-rigid yet extremely lightweight carbon fiber to ensure minimal flex relative to the frame. This robust construction ensures good stability and ideal control over the electric scooter at any speed.<\/p>\n<p>Thanks to sine-wave controllers, the highly efficient electric motors provide powerful acceleration, and the electric scooter quickly reaches the manufacturer's speed of <strong>25km\/h<\/strong>, even while carrying heavier loads or climbing slopes up to <strong>45 degrees<\/strong>! The maximum rider weight allowed by the Nami Burn-E 2 Viper manufacturer is <strong>150kg.<\/strong> The high motor power also means that the electric scooter will not struggle to maintain speed on challenging terrains, steep hillsides, or even in deep snow.<\/p>\n<p><img decoding=\"async\" class=\"wp-image-5436 aligncenter\" src=\"https:\/\/www.xn--tuksimaailm-ffb.ee\/wp-content\/uploads\/2021\/08\/Nami-burn-17-300x107.png\" alt=\"Nami Burn-E elektrit\u00f5ukeratas Viper elektriline t\u00f5ukeratas elektrit\u00f5uks kiire v\u00f5imas\" width=\"866\" height=\"309\" srcset=\"https:\/\/www.xn--tuksimaailm-ffb.ee\/wp-content\/uploads\/2021\/08\/Nami-burn-17-300x107.png 300w, https:\/\/www.xn--tuksimaailm-ffb.ee\/wp-content\/uploads\/2021\/08\/Nami-burn-17-1024x364.png 1024w, https:\/\/www.xn--tuksimaailm-ffb.ee\/wp-content\/uploads\/2021\/08\/Nami-burn-17-768x273.png 768w, https:\/\/www.xn--tuksimaailm-ffb.ee\/wp-content\/uploads\/2021\/08\/Nami-burn-17-611x217.png 611w, https:\/\/www.xn--tuksimaailm-ffb.ee\/wp-content\/uploads\/2021\/08\/Nami-burn-17-600x213.png 600w, https:\/\/www.xn--tuksimaailm-ffb.ee\/wp-content\/uploads\/2021\/08\/Nami-burn-17.png 1153w\" sizes=\"(max-width: 866px) 100vw, 866px\" \/><\/p>\n<h2 style=\"text-align: center;\">TECHNICAL SPECIFICATION<\/h2>\n<p>With a smooth riding style, at a speed of 25 km\/h, and a rider weighing 70 kg in ideal conditions, the Nami Burn-E 2 Viper can travel <strong>up to 145 km<\/strong> on a single charge. However, a more realistic travel range with the scooter's characteristic speed and an average rider is likely closer to 80-90 km. The Nami Burn-E 2 Viper features <strong>front and rear hydraulic disc brakes from the Logan brand<\/strong>, with <strong>160 mm diameter rotors<\/strong>. These provide a much better braking feel and more effective braking performance compared to mechanical disc brakes on other electric scooters.<\/p>\n<p>The Nami Burn-E 2 electric scooter also features motor braking (electric brake), which is fully adjustable through the large screen mounted on the scooter's stem. The electric scooter is equipped with a very high-capacity <strong>72V\/32000mAh (2520Wh)<\/strong> battery pack made from high-quality Panasonic lithium-ion (Li-Ion) cells. Thanks to the included chargers with a charging current of 2.8A, the battery can be fully charged <strong>in just 6 hours.<\/strong> For visibility during darker times and to make oneself more visible to other road users, the scooter is equipped with powerful <strong>front and rear LED lights<\/strong>, as well as side LED strips mounted on the frame. The front LED lantern is exceptionally large, offering a record-breaking luminosity of <strong>2000 lumens<\/strong> among electric scooters.<\/p>\n<h2 style=\"text-align: center;\">SAFETY<\/h2>\n<p>The electric scooter is fast and, therefore, potentially dangerous. We always recommend wearing a helmet. For riders under the age of 16, wearing a helmet while riding an electric scooter is mandatory by law. All electric scooters can be found here.<\/p>\n<p><strong>When purchasing your electric scooter from our store, all accessories are 20% off with the purchase of the scooter!<\/strong><\/p>\n<p><strong>According to Estonian traffic law, the Nami Burn-E 2 Viper electric scooter is a street-legal light vehicle with a manufacturer's power of 1000W and a manufacturer's speed of 25km\/h. Please note! If the user has independently modified the electric scooter to be faster or more powerful than the above parameters, T\u00f5uksimaailm is not responsible for any fines incurred for breaking the law, police confiscation of the electric scooter, or damage caused by other types of violations.<\/strong><\/p>\n<table class=\"tg\" style=\"border-collapse: collapse; max-width: 600px; border-spacing: 0; margin: 0px auto;\">\n<tbody>\n<tr>\n<td style=\"background-color: #e4e1e1; color: #333333; font-family: inherit; font-size: 14px; font-weight: bold; overflow: hidden; padding: 5px 5px; text-align: center; vertical-align: top; word-break: normal; border: 1px solid;\" colspan=\"2\">Technical Specification<\/td>\n<\/tr>\n<tr>\n<td style=\"background-color: #e4e1e1; color: #333333; font-family: inherit; font-size: 14px; font-weight: bold; overflow: hidden; padding: 5px 5px; text-align: right; vertical-align: top; word-break: normal; border: 1px solid;\">Weight<\/td>\n<td style=\"font-family: inherit; font-size: 14px; overflow: hidden; padding: 5px 5px; text-align: center; vertical-align: top; word-break: normal; border: 1px solid;\">47kg<\/td>\n<\/tr>\n<tr>\n<td style=\"background-color: #e4e1e1; color: #333333; font-family: inherit; font-size: 14px; font-weight: bold; overflow: hidden; padding: 5px 5px; text-align: right; vertical-align: top; word-break: normal; border: 1px solid;\">Speed<\/td>\n<td style=\"font-family: inherit; font-size: 14px; overflow: hidden; padding: 5px 5px; text-align: center; vertical-align: top; word-break: normal; border: 1px solid;\">manufacturer's speed 25km\/h<\/td>\n<\/tr>\n<tr>\n<td style=\"background-color: #e4e1e1; color: #333333; font-family: inherit; font-size: 14px; font-weight: bold; overflow: hidden; padding: 5px 5px; text-align: right; vertical-align: top; word-break: normal; border: 1px solid;\">Battery<\/td>\n<td style=\"font-family: inherit; font-size: 14px; overflow: hidden; padding: 5px 5px; text-align: center; vertical-align: top; word-break: normal; border: 1px solid;\">72V \/ 28Ah \/ 2016Wh<\/td>\n<\/tr>\n<tr>\n<td style=\"background-color: #e4e1e1; color: #333333; font-family: inherit; font-size: 14px; font-weight: bold; overflow: hidden; padding: 5px 5px; text-align: right; vertical-align: top; word-break: normal; border: 1px solid;\">Motor Power<\/td>\n<td style=\"font-family: inherit; font-size: 14px; overflow: hidden; padding: 5px 5px; text-align: center; vertical-align: top; word-break: normal; border: 1px solid;\">1000W<\/td>\n<\/tr>\n<tr>\n<td style=\"background-color: #e4e1e1; color: #333333; font-family: inherit; font-size: 14px; font-weight: bold; overflow: hidden; padding: 5px 5px; text-align: right; vertical-align: top; word-break: normal; border: 1px solid;\">Waterproof Rating<\/td>\n<td style=\"font-family: inherit; font-size: 14px; overflow: hidden; padding: 5px 5px; text-align: center; vertical-align: top; word-break: normal; border: 1px solid;\">IP55<\/td>\n<\/tr>\n<tr>\n<td style=\"background-color: #e4e1e1; color: #333333; font-family: inherit; font-size: 14px; font-weight: bold; overflow: hidden; padding: 5px 5px; text-align: right; vertical-align: top; word-break: normal; border: 1px solid;\">Charging Time<\/td>\n<td style=\"font-family: inherit; font-size: 14px; overflow: hidden; padding: 5px 5px; text-align: center; vertical-align: top; word-break: normal; border: 1px solid;\">6h (with included chargers)<\/td>\n<\/tr>\n<tr>\n<td style=\"background-color: #e4e1e1; color: #333333; font-family: inherit; font-size: 14px; font-weight: bold; overflow: hidden; padding: 5px 5px; text-align: right; vertical-align: top; word-break: normal; border: 1px solid;\">Range<\/td>\n<td style=\"font-family: inherit; font-size: 14px; overflow: hidden; padding: 5px 5px; text-align: center; vertical-align: top; word-break: normal; border: 1px solid;\">up to 145km (manufacturer's specification)<\/td>\n<\/tr>\n<tr>\n<td style=\"background-color: #e4e1e1; color: #333333; font-family: inherit; font-size: 14px; font-weight: bold; overflow: hidden; padding: 5px 5px; text-align: right; vertical-align: top; word-break: normal; border: 1px solid;\">Calculated Range<\/td>\n<td style=\"font-family: inherit; font-size: 14px; overflow: hidden; padding: 5px 5px; text-align: center; vertical-align: top; word-break: normal; border: 1px solid;\">134km (25km\/h, 70kg rider, 15Wh\/km)<\/td>\n<\/tr>\n<tr>\n<td style=\"background-color: #e4e1e1; color: #333333; font-family: inherit; font-size: 14px; font-weight: bold; overflow: hidden; padding: 5px 5px; text-align: right; vertical-align: top; word-break: normal; border: 1px solid;\">Lights<\/td>\n<td style=\"font-family: inherit; font-size: 14px; overflow: hidden; padding: 5px 5px; text-align: center; vertical-align: top; word-break: normal; border: 1px solid;\">LED front and back, LED strips on the sides<\/td>\n<\/tr>\n<tr>\n<td style=\"background-color: #e4e1e1; color: #333333; font-family: inherit; font-size: 14px; font-weight: bold; overflow: hidden; padding: 5px 5px; text-align: right; vertical-align: top; word-break: normal; border: 1px solid;\">Brakes<\/td>\n<td style=\"font-family: inherit; font-size: 14px; overflow: hidden; padding: 5px 5px; text-align: center; vertical-align: top; word-break: normal; border: 1px solid;\">Double piston Logan hydraulic disc brakes with 160mm rotor<\/td>\n<\/tr>\n<tr>\n<td style=\"background-color: #e4e1e1; color: #333333; font-family: inherit; font-size: 14px; font-weight: bold; overflow: hidden; padding: 5px 5px; text-align: right; vertical-align: top; word-break: normal; border: 1px solid;\">Tires<\/td>\n<td style=\"font-family: inherit; font-size: 14px; overflow: hidden; padding: 5px 5px; text-align: center; vertical-align: top; word-break: normal; border: 1px solid;\">11\u2033 tubeless<\/td>\n<\/tr>\n<tr>\n<td style=\"background-color: #e4e1e1; color: #333333; font-family: inherit; font-size: 14px; font-weight: bold; overflow: hidden; padding: 5px 5px; text-align: right; vertical-align: top; word-break: normal; border: 1px solid;\">Weight Limit<\/td>\n<td style=\"font-family: inherit; font-size: 14px; overflow: hidden; padding: 5px 5px; text-align: center; vertical-align: top; word-break: normal; border: 1px solid;\">150kg<\/td>\n<\/tr>\n<tr>\n<td style=\"background-color: #e4e1e1; color: #333333; font-family: inherit; font-size: 14px; font-weight: bold; overflow: hidden; padding: 5px 5px; text-align: right; vertical-align: top; word-break: normal; border: 1px solid;\">Material<\/td>\n<td style=\"font-family: inherit; font-size: 14px; overflow: hidden; padding: 5px 5px; text-align: center; vertical-align: top; word-break: normal; border: 1px solid;\">Aluminum profile tube frame, stainless steel, carbon fiber<\/td>\n<\/tr>\n<\/tbody>\n<\/table>\n","protected":false},"excerpt":{"rendered":"<p><strong>Found a better price? Write to us and we'll make you a better offer!<\/strong><\/p>\n<p><strong>When purchased together with an electric scooter, all accessories and spare parts are -20%. The discount is automatically applied when added to the shopping cart!<\/strong><\/p>\n<p><strong>Delivery time: 2-9 business days.<\/strong><\/p>\n","protected":false},"featured_media":17367,"template":"","meta":[],"product_brand":[],"product_cat":[722],"product_tag":[],"filter_elektritoukeratas":[],"class_list":{"0":"post-44749","1":"product","2":"type-product","3":"status-publish","4":"has-post-thumbnail","6":"product_cat-electric-scooters","7":"product_shipping_class-keskmine-pakk-en","8":"pa_aku-mahutavus-wh-2016-en","9":"pa_kaal-kg-47-en","10":"pa_kandevoime-kg-150-en","11":"pa_labisoit-arvutuslik-km-134-en","12":"pa_mootorite-arv-two-motors","13":"pa_muuja-platvormil-touksimaailm-exocool-ou-en","14":"pa_piiramata-tippkiirus-kmh-25-en","15":"pa_tootetuup-elektritoukeratas-en","16":"pa_valmistaja-nami-en","17":"pa_voimsus-w-1000-en","19":"first","20":"instock","21":"taxable","22":"shipping-taxable","23":"purchasable","24":"product-type-simple"},"yoast_head":"<!-- This site is optimized with the Yoast SEO Premium plugin v26.8 (Yoast SEO v27.5) - https:\/\/yoast.com\/product\/yoast-seo-premium-wordpress\/ -->\n<title>Nami Burn-E 2 Viper electric scooter | T\u00f5uksimaailm<\/title>\n<meta name=\"description\" content=\"Nami Burn-E 2 Viper elektriline t\u00f5ukeratas! \u00dclikiire, v\u00f5imas ja stabiilne. Kahe mootoriga 1000W v\u00f5imsusega kiire elektrit\u00f5ukeratas. Nami elektrit\u00f5ukerattad.\" \/>\n<meta name=\"robots\" content=\"index, follow, max-snippet:-1, max-image-preview:large, max-video-preview:-1\" \/>\n<link rel=\"canonical\" href=\"https:\/\/www.xn--tuksimaailm-ffb.ee\/en\/product\/nami-burn-e-2-viper-electric-scooter\/\" \/>\n<meta property=\"og:locale\" content=\"en_US\" \/>\n<meta property=\"og:type\" content=\"article\" \/>\n<meta property=\"og:title\" content=\"Nami Burn-E 2 Viper electric scooter\" \/>\n<meta property=\"og:description\" content=\"Nami Burn-E 2 Viper elektriline t\u00f5ukeratas! \u00dclikiire, v\u00f5imas ja stabiilne. Kahe mootoriga 1000W v\u00f5imsusega kiire elektrit\u00f5ukeratas. Nami elektrit\u00f5ukerattad.\" \/>\n<meta property=\"og:url\" content=\"https:\/\/www.xn--tuksimaailm-ffb.ee\/en\/product\/nami-burn-e-2-viper-electric-scooter\/\" \/>\n<meta property=\"og:site_name\" content=\"T\u00f5uksimaailm\" \/>\n<meta property=\"article:publisher\" content=\"https:\/\/www.facebook.com\/touksimaailm\/\" \/>\n<meta property=\"article:modified_time\" content=\"2024-04-24T07:04:32+00:00\" \/>\n<meta property=\"og:image\" content=\"https:\/\/www.xn--tuksimaailm-ffb.ee\/wp-content\/uploads\/2022\/04\/Nami-burn-5.png\" \/>\n\t<meta property=\"og:image:width\" content=\"1123\" \/>\n\t<meta property=\"og:image:height\" content=\"907\" \/>\n\t<meta property=\"og:image:type\" content=\"image\/png\" \/>\n<meta name=\"twitter:card\" content=\"summary_large_image\" \/>\n<meta name=\"twitter:label1\" content=\"Price\" \/>\n\t<meta name=\"twitter:data1\" content=\"&euro;3,599.00\" \/>\n\t<meta name=\"twitter:label2\" content=\"Availability\" \/>\n\t<meta name=\"twitter:data2\" content=\"In stock\" \/>\n<meta property=\"product:price:amount\" content=\"3599.00\" \/>\n<meta property=\"product:price:currency\" content=\"EUR\" \/>\n<meta property=\"og:availability\" content=\"instock\" \/>\n<meta property=\"product:availability\" content=\"instock\" \/>\n<meta property=\"product:retailer_item_id\" content=\"Nami_Brun_e-1\" \/>\n<meta property=\"product:condition\" content=\"new\" \/>\n<!-- \/ Yoast SEO Premium plugin. -->","yoast_head_json":{"title":"Nami Burn-E 2 Viper electric scooter | T\u00f5uksimaailm","description":"Nami Burn-E 2 Viper elektriline t\u00f5ukeratas! \u00dclikiire, v\u00f5imas ja stabiilne. Kahe mootoriga 1000W v\u00f5imsusega kiire elektrit\u00f5ukeratas. Nami elektrit\u00f5ukerattad.","robots":{"index":"index","follow":"follow","max-snippet":"max-snippet:-1","max-image-preview":"max-image-preview:large","max-video-preview":"max-video-preview:-1"},"canonical":"https:\/\/www.xn--tuksimaailm-ffb.ee\/en\/product\/nami-burn-e-2-viper-electric-scooter\/","og_locale":"en_US","og_type":"article","og_title":"Nami Burn-E 2 Viper electric scooter","og_description":"Nami Burn-E 2 Viper elektriline t\u00f5ukeratas! \u00dclikiire, v\u00f5imas ja stabiilne. Kahe mootoriga 1000W v\u00f5imsusega kiire elektrit\u00f5ukeratas. Nami elektrit\u00f5ukerattad.","og_url":"https:\/\/www.xn--tuksimaailm-ffb.ee\/en\/product\/nami-burn-e-2-viper-electric-scooter\/","og_site_name":"T\u00f5uksimaailm","article_publisher":"https:\/\/www.facebook.com\/touksimaailm\/","article_modified_time":"2024-04-24T07:04:32+00:00","og_image":[{"width":1123,"height":907,"url":"https:\/\/www.xn--tuksimaailm-ffb.ee\/wp-content\/uploads\/2022\/04\/Nami-burn-5.png","type":"image\/png"}],"twitter_card":"summary_large_image","twitter_misc":{"Price":"&euro;3,599.00","Availability":"In stock"},"schema":{"@context":"https:\/\/schema.org","@graph":[{"@type":"WebPage","@id":"https:\/\/www.xn--tuksimaailm-ffb.ee\/en\/product\/nami-burn-e-2-viper-electric-scooter\/","url":"https:\/\/www.xn--tuksimaailm-ffb.ee\/en\/product\/nami-burn-e-2-viper-electric-scooter\/","name":"Nami Burn-E 2 Viper electric scooter | T\u00f5uksimaailm","isPartOf":{"@id":"https:\/\/www.xn--tuksimaailm-ffb.ee\/en\/#website"},"primaryImageOfPage":{"@id":"https:\/\/www.xn--tuksimaailm-ffb.ee\/en\/product\/nami-burn-e-2-viper-electric-scooter\/#primaryimage"},"image":{"@id":"https:\/\/www.xn--tuksimaailm-ffb.ee\/en\/product\/nami-burn-e-2-viper-electric-scooter\/#primaryimage"},"thumbnailUrl":"https:\/\/www.xn--tuksimaailm-ffb.ee\/wp-content\/uploads\/2022\/04\/Nami-burn-5.png","datePublished":"2022-04-07T15:23:23+00:00","dateModified":"2024-04-24T07:04:32+00:00","description":"Nami Burn-E 2 Viper elektriline t\u00f5ukeratas! \u00dclikiire, v\u00f5imas ja stabiilne. Kahe mootoriga 1000W v\u00f5imsusega kiire elektrit\u00f5ukeratas. Nami elektrit\u00f5ukerattad.","breadcrumb":{"@id":"https:\/\/www.xn--tuksimaailm-ffb.ee\/en\/product\/nami-burn-e-2-viper-electric-scooter\/#breadcrumb"},"inLanguage":"en-US","potentialAction":[{"@type":"ReadAction","target":["https:\/\/www.xn--tuksimaailm-ffb.ee\/en\/product\/nami-burn-e-2-viper-electric-scooter\/"]}]},{"@type":"ImageObject","inLanguage":"en-US","@id":"https:\/\/www.xn--tuksimaailm-ffb.ee\/en\/product\/nami-burn-e-2-viper-electric-scooter\/#primaryimage","url":"https:\/\/www.xn--tuksimaailm-ffb.ee\/wp-content\/uploads\/2022\/04\/Nami-burn-5.png","contentUrl":"https:\/\/www.xn--tuksimaailm-ffb.ee\/wp-content\/uploads\/2022\/04\/Nami-burn-5.png","width":1123,"height":907,"caption":"elektrit\u00f5ukeratas nami burn-e 2 viper 1"},{"@type":"BreadcrumbList","@id":"https:\/\/www.xn--tuksimaailm-ffb.ee\/en\/product\/nami-burn-e-2-viper-electric-scooter\/#breadcrumb","itemListElement":[{"@type":"ListItem","position":1,"name":"Home","item":"https:\/\/www.xn--tuksimaailm-ffb.ee\/en\/main-page\/"},{"@type":"ListItem","position":2,"name":"Shop","item":"https:\/\/www.xn--tuksimaailm-ffb.ee\/elektritoukerataste-pood\/"},{"@type":"ListItem","position":3,"name":"Nami Burn-E 2 Viper electric scooter"}]},{"@type":"WebSite","@id":"https:\/\/www.xn--tuksimaailm-ffb.ee\/en\/#website","url":"https:\/\/www.xn--tuksimaailm-ffb.ee\/en\/","name":"T\u00f5uksimaailm","description":"Elektrit\u00f5ukerataste m\u00fc\u00fck, remont ja rent","publisher":{"@id":"https:\/\/www.xn--tuksimaailm-ffb.ee\/en\/#organization"},"potentialAction":[{"@type":"SearchAction","target":{"@type":"EntryPoint","urlTemplate":"https:\/\/www.xn--tuksimaailm-ffb.ee\/en\/?s={search_term_string}"},"query-input":{"@type":"PropertyValueSpecification","valueRequired":true,"valueName":"search_term_string"}}],"inLanguage":"en-US"},{"@type":"Organization","@id":"https:\/\/www.xn--tuksimaailm-ffb.ee\/en\/#organization","name":"T\u00f5uksimaailm","url":"https:\/\/www.xn--tuksimaailm-ffb.ee\/en\/","logo":{"@type":"ImageObject","inLanguage":"en-US","@id":"https:\/\/www.xn--tuksimaailm-ffb.ee\/en\/#\/schema\/logo\/image\/","url":"https:\/\/www.xn--tuksimaailm-ffb.ee\/wp-content\/uploads\/2020\/01\/logoz-e1579792875517.png","contentUrl":"https:\/\/www.xn--tuksimaailm-ffb.ee\/wp-content\/uploads\/2020\/01\/logoz-e1579792875517.png","width":250,"height":250,"caption":"T\u00f5uksimaailm"},"image":{"@id":"https:\/\/www.xn--tuksimaailm-ffb.ee\/en\/#\/schema\/logo\/image\/"},"sameAs":["https:\/\/www.facebook.com\/touksimaailm\/","https:\/\/www.instagram.com\/touksimaailm_\/","https:\/\/www.youtube.com\/channel\/UC18ml0EKIDLP1xGuQjFzcXQ"]}]},"product_price_amount":"3599.00","product_price_currency":"EUR","og_availability":"instock","product_availability":"instock","product_retailer_item_id":"Nami_Brun_e-1","product_condition":"new"},"jetpack_sharing_enabled":true,"_links":{"self":[{"href":"https:\/\/www.xn--tuksimaailm-ffb.ee\/en\/wp-json\/wp\/v2\/product\/44749","targetHints":{"allow":["GET"]}}],"collection":[{"href":"https:\/\/www.xn--tuksimaailm-ffb.ee\/en\/wp-json\/wp\/v2\/product"}],"about":[{"href":"https:\/\/www.xn--tuksimaailm-ffb.ee\/en\/wp-json\/wp\/v2\/types\/product"}],"wp:featuredmedia":[{"embeddable":true,"href":"https:\/\/www.xn--tuksimaailm-ffb.ee\/en\/wp-json\/wp\/v2\/media\/17367"}],"wp:attachment":[{"href":"https:\/\/www.xn--tuksimaailm-ffb.ee\/en\/wp-json\/wp\/v2\/media?parent=44749"}],"wp:term":[{"taxonomy":"product_brand","embeddable":true,"href":"https:\/\/www.xn--tuksimaailm-ffb.ee\/en\/wp-json\/wp\/v2\/product_brand?post=44749"},{"taxonomy":"product_cat","embeddable":true,"href":"https:\/\/www.xn--tuksimaailm-ffb.ee\/en\/wp-json\/wp\/v2\/product_cat?post=44749"},{"taxonomy":"product_tag","embeddable":true,"href":"https:\/\/www.xn--tuksimaailm-ffb.ee\/en\/wp-json\/wp\/v2\/product_tag?post=44749"},{"taxonomy":"filter_elektritoukeratas","embeddable":true,"href":"https:\/\/www.xn--tuksimaailm-ffb.ee\/en\/wp-json\/wp\/v2\/filter_elektritoukeratas?post=44749"}],"curies":[{"name":"wp","href":"https:\/\/api.w.org\/{rel}","templated":true}]}}