{"id":44772,"date":"2021-02-20T19:12:43","date_gmt":"2021-02-20T19:12:43","guid":{"rendered":"http:\/\/www.xn--tuksimaailm-ffb.ee\/shop\/inokim-light-hero-electric-scooter\/"},"modified":"2021-02-20T19:12:43","modified_gmt":"2021-02-20T16:12:43","slug":"inokim-light-hero-electric-scooter","status":"publish","type":"product","link":"https:\/\/www.xn--tuksimaailm-ffb.ee\/en\/product\/inokim-light-hero-electric-scooter\/","title":{"rendered":"Inokim Light Hero electric scooter"},"content":{"rendered":"<h2 style=\"text-align: center;\">\u00a0INOKIM LIGHT HERO ELECTRIC SCOOTER - PRODUCT DESCRIPTION<\/h2>\n<p>Inokim Light Hero - exceptionally sleek, high-quality, and extremely compact electric scooter. The Inokim Light electric scooter is primarily suitable for individuals who prioritize the lightweight, compactness, and stylish appearance of the electric scooter. Additionally, the Inokim Light electric scooter is suitable for children due to its very low adjustable handlebar position. The Inokim Light Hero electric scooter is perfect for everyday commuting to work, school, or shopping. Due to its dimensions, the Inokim Light series electric scooters are also ideal for taking on trains or other public transportation. Additionally, the Light electric scooter fits effortlessly into almost any car trunk.<\/p>\n<p>Inokim is known worldwide as a very innovative and user-friendly electric scooter brand that surprises every year with significant improvements. The Inokim Light Hero electric scooter is a more affordable, slightly lighter, and shorter-range version of the newer Inokim Light 2 Super model. The Inokim Light-Hero model is available in 2 colors - <strong>black and white<\/strong>.<\/p>\n<h2 style=\"text-align: center;\">COMPACTNESS<\/h2>\n<p>In terms of compactness, the Inokim Light electric scooter is a whole new level in the world of scooters. The Light-Hero electric scooter folds up from the bottom, right from the frame, allowing the front wheel of the electric scooter to move towards the back, which helps achieve the <strong>shortest possible length of the electric scooter.<\/strong> The handlebar with the stem moves as close as possible to the rear fender - thus achieving <strong>maximum low height<\/strong>. The Inokim Light also has foldable handles, ensuring the <strong>smallest possible width<\/strong> of the electric scooter. The result is the most compact electric scooter in its class.<\/p>\n<h2 style=\"text-align: center;\">INOKIM LIGHT HERO - TECHNICAL DESCRIPTION<\/h2>\n<p>The Inokim Light electric scooter features stylish and comfortable handles with a compact, foldable handlebar. The brushless (BLDC) electric motor of the Inokim Light has a power of <strong>250W<\/strong>, which is sufficient for successful urban commuting - the maximum gradient on the road is <strong>15%<\/strong>. The high-efficiency electric motor ensures powerful acceleration and quickly reaches the manufacturer's speed of <strong>25km\/h<\/strong>. The recommended maximum rider weight for the Inokim Light Hero is <strong>100kg<\/strong>. With one charge, depending on the riding style and rider weight, you can travel a distance of <strong>20-30km<\/strong>.<\/p>\n<p>The electric scooter has <strong>three electronic gears with different top speeds and accelerations<\/strong>, which are adjustable from the screen mounted on the handlebar. There is a suitable speed mode for riding alongside pedestrians, for the most economical ride, and for the fastest ride. The screen also allows for setting a <strong>cruise control<\/strong>. The throttle pedal is located next to the right handlebar and is pressed with the thumb - this allows you to simultaneously hold 2 fingers on the handlebar, 2 fingers ready on the front brake lever, and press the throttle with the thumb - a very ergonomic, safe, and intuitive riding position.<\/p>\n<p>The Inokim Light is equipped with a <strong>rear drum brake<\/strong>, which ensures not only quick and safe stopping but also requires minimal maintenance. Unlike disc brakes and V-brakes, with drum brakes, it is sufficient to tighten the brake cable once a year with average use. The electric scooter is equipped with a compact yet spacious <strong>36V\/7800mAh (281Wh)<\/strong> lithium-ion battery. With the charger provided with the electric scooter, it takes only <strong>4 hours<\/strong> to fully charge the battery from <strong>0 to 100%<\/strong>.<\/p>\n<h2 style=\"text-align: center;\">WHY BUY YOUR INOKIM FROM US?<\/h2>\n<p><strong>When purchasing your Inokim Light Hero electric scooter from our store, you'll receive:<\/strong><\/p>\n<ul>\n<li>With the purchase of the electric scooter, a<strong>ll additional accessories are -20%<\/strong><\/li>\n<\/ul>\n<p>Selection of accessories for Light Hero:<\/p>\n<ul>\n<li><strong>Automatic additional light for the handlebar<\/strong><\/li>\n<li><strong>Waterproof handlebar bag from Inokim<\/strong><\/li>\n<li><strong>Phone holder<\/strong><\/li>\n<li><strong>Cup holder for the handlebar<\/strong><\/li>\n<li><strong>High-security switch lock - the electric scooter can be locked through the front carrying handle<\/strong><\/li>\n<li><strong>Electric pump<\/strong><\/li>\n<\/ul>\n<p>You can also test ride the Inokim Light Hero at our showroom! We always recommend wearing a helmet when riding electric scooters. For riders under 16 years old, wearing a helmet while riding an electric scooter is mandatory by law. The Inokim Light Hero is the best lightweight and compact electric scooter, as well as the best electric scooter for children. Also available is the slightly more expensive and larger-capacity battery electric scooter, the <strong>Inokim Light 2 Super<\/strong>. For those who need more power and riding comfort while still maintaining significant compactness, we recommend the Inokim Quick 4 series electric scooters. You can see more electric scooters here.<\/p>\n<p><iframe title=\"INOKIM Light elektriline t\u00f5ukeratas\" width=\"1082\" height=\"812\" src=\"https:\/\/www.youtube.com\/embed\/21BmyxWZIdA?feature=oembed\" frameborder=\"0\" allow=\"accelerometer; autoplay; clipboard-write; encrypted-media; gyroscope; picture-in-picture; web-share\" referrerpolicy=\"strict-origin-when-cross-origin\" allowfullscreen><\/iframe><\/p>\n<p><strong style=\"box-sizing: inherit; margin: 0px; padding: 0px; border: 0px; font-variant-numeric: inherit; font-variant-east-asian: inherit; font-stretch: inherit; font-size: 17px; line-height: inherit;\">The Inokim Light Hero electric scooter is street-legal in accordance with Estonian traffic laws, with a manufacturer-rated power of 250W and a manufacturer-rated speed of 25km\/h. NB! If the user has independently modified the electric scooter to exceed the aforementioned parameters in terms of speed or power, T\u00f5uksimaailm (Scooter World) is not responsible for any fines incurred for violating the law, confiscation of the electric scooter by the police, or any other type of damage caused by violations.<\/strong><\/p>\n<table class=\"tg\" style=\"border-collapse: collapse; max-width: 600px; border-spacing: 0; margin: 0px auto;\">\n<tbody>\n<tr>\n<td style=\"background-color: #e4e1e1; color: #333333; font-family: inherit; font-size: 14px; font-weight: bold; overflow: hidden; padding: 5px 5px; text-align: center; vertical-align: top; word-break: normal; border: 1px solid;\" colspan=\"2\">Technical Description<\/td>\n<\/tr>\n<tr>\n<td style=\"background-color: #e4e1e1; color: #333333; font-family: inherit; font-size: 14px; font-weight: bold; overflow: hidden; padding: 5px 5px; text-align: right; vertical-align: top; word-break: normal; border: 1px solid;\">Manufacturer<\/td>\n<td style=\"font-family: inherit; font-size: 14px; overflow: hidden; padding: 5px 5px; text-align: center; vertical-align: top; word-break: normal; border: 1px solid;\">Inokim<\/td>\n<\/tr>\n<tr>\n<td style=\"background-color: #e4e1e1; color: #333333; font-family: inherit; font-size: 14px; font-weight: bold; overflow: hidden; padding: 5px 5px; text-align: right; vertical-align: top; word-break: normal; border: 1px solid;\">Model<\/td>\n<td style=\"font-family: inherit; font-size: 14px; overflow: hidden; padding: 5px 5px; text-align: center; vertical-align: top; word-break: normal; border: 1px solid;\">Light Hero<\/td>\n<\/tr>\n<tr>\n<td style=\"background-color: #e4e1e1; color: #333333; font-family: inherit; font-size: 14px; font-weight: bold; overflow: hidden; padding: 5px 5px; text-align: right; vertical-align: top; word-break: normal; border: 1px solid;\">Color<\/td>\n<td style=\"font-family: inherit; font-size: 14px; overflow: hidden; padding: 5px 5px; text-align: center; vertical-align: top; word-break: normal; border: 1px solid;\">black\/white<\/td>\n<\/tr>\n<tr>\n<td style=\"background-color: #e4e1e1; color: #333333; font-family: inherit; font-size: 14px; font-weight: bold; overflow: hidden; padding: 5px 5px; text-align: right; vertical-align: top; word-break: normal; border: 1px solid;\">Range<\/td>\n<td style=\"font-family: inherit; font-size: 14px; overflow: hidden; padding: 5px 5px; text-align: center; vertical-align: top; word-break: normal; border: 1px solid;\">20-30km (manufacturer specification)<\/td>\n<\/tr>\n<tr>\n<td style=\"background-color: #e4e1e1; color: #333333; font-family: inherit; font-size: 14px; font-weight: bold; overflow: hidden; padding: 5px 5px; text-align: right; vertical-align: top; word-break: normal; border: 1px solid;\">Calculated Range<\/td>\n<td style=\"font-family: inherit; font-size: 14px; overflow: hidden; padding: 5px 5px; text-align: center; vertical-align: top; word-break: normal; border: 1px solid;\">19km (25km\/h, 70kg rider, 15Wh\/km)<\/td>\n<\/tr>\n<tr>\n<td style=\"background-color: #e4e1e1; color: #333333; font-family: inherit; font-size: 14px; font-weight: bold; overflow: hidden; padding: 5px 5px; text-align: right; vertical-align: top; word-break: normal; border: 1px solid;\">Motor Power<\/td>\n<td style=\"font-family: inherit; font-size: 14px; overflow: hidden; padding: 5px 5px; text-align: center; vertical-align: top; word-break: normal; border: 1px solid;\">250W<\/td>\n<\/tr>\n<tr>\n<td style=\"background-color: #e4e1e1; color: #333333; font-family: inherit; font-size: 14px; font-weight: bold; overflow: hidden; padding: 5px 5px; text-align: right; vertical-align: top; word-break: normal; border: 1px solid;\">Battery<\/td>\n<td style=\"font-family: inherit; font-size: 14px; overflow: hidden; padding: 5px 5px; text-align: center; vertical-align: top; word-break: normal; border: 1px solid;\">36V\/7800mAh\/281Wh, Li-ion<\/td>\n<\/tr>\n<tr>\n<td style=\"background-color: #e4e1e1; color: #333333; font-family: inherit; font-size: 14px; font-weight: bold; overflow: hidden; padding: 5px 5px; text-align: right; vertical-align: top; word-break: normal; border: 1px solid;\">Charging Time<\/td>\n<td style=\"font-family: inherit; font-size: 14px; overflow: hidden; padding: 5px 5px; text-align: center; vertical-align: top; word-break: normal; border: 1px solid;\">4h<\/td>\n<\/tr>\n<tr>\n<td style=\"background-color: #e4e1e1; color: #333333; font-family: inherit; font-size: 14px; font-weight: bold; overflow: hidden; padding: 5px 5px; text-align: right; vertical-align: top; word-break: normal; border: 1px solid;\">Speed<\/td>\n<td style=\"font-family: inherit; font-size: 14px; overflow: hidden; padding: 5px 5px; text-align: center; vertical-align: top; word-break: normal; border: 1px solid;\">25 km\/h<\/td>\n<\/tr>\n<tr>\n<td style=\"background-color: #e4e1e1; color: #333333; font-family: inherit; font-size: 14px; font-weight: bold; overflow: hidden; padding: 5px 5px; text-align: right; vertical-align: top; word-break: normal; border: 1px solid;\">Speed Levels<\/td>\n<td style=\"font-family: inherit; font-size: 14px; overflow: hidden; padding: 5px 5px; text-align: center; vertical-align: top; word-break: normal; border: 1px solid;\">3<\/td>\n<\/tr>\n<tr>\n<td style=\"background-color: #e4e1e1; color: #333333; font-family: inherit; font-size: 14px; font-weight: bold; overflow: hidden; padding: 5px 5px; text-align: right; vertical-align: top; word-break: normal; border: 1px solid;\">Cruise Control<\/td>\n<td style=\"font-family: inherit; font-size: 14px; overflow: hidden; padding: 5px 5px; text-align: center; vertical-align: top; word-break: normal; border: 1px solid;\">yes<\/td>\n<\/tr>\n<tr>\n<td style=\"background-color: #e4e1e1; color: #333333; font-family: inherit; font-size: 14px; font-weight: bold; overflow: hidden; padding: 5px 5px; text-align: right; vertical-align: top; word-break: normal; border: 1px solid;\">Rear Brake<\/td>\n<td style=\"font-family: inherit; font-size: 14px; overflow: hidden; padding: 5px 5px; text-align: center; vertical-align: top; word-break: normal; border: 1px solid;\">drum brake<\/td>\n<\/tr>\n<tr>\n<td style=\"background-color: #e4e1e1; color: #333333; font-family: inherit; font-size: 14px; font-weight: bold; overflow: hidden; padding: 5px 5px; text-align: right; vertical-align: top; word-break: normal; border: 1px solid;\">Tire Size<\/td>\n<td style=\"font-family: inherit; font-size: 14px; overflow: hidden; padding: 5px 5px; text-align: center; vertical-align: top; word-break: normal; border: 1px solid;\">8.5\"<\/td>\n<\/tr>\n<tr>\n<td style=\"background-color: #e4e1e1; color: #333333; font-family: inherit; font-size: 14px; font-weight: bold; overflow: hidden; padding: 5px 5px; text-align: right; vertical-align: top; word-break: normal; border: 1px solid;\">Tire Type<\/td>\n<td style=\"font-family: inherit; font-size: 14px; overflow: hidden; padding: 5px 5px; text-align: center; vertical-align: top; word-break: normal; border: 1px solid;\">inner tube air tire<\/td>\n<\/tr>\n<tr>\n<td style=\"background-color: #e4e1e1; color: #333333; font-family: inherit; font-size: 14px; font-weight: bold; overflow: hidden; padding: 5px 5px; text-align: right; vertical-align: top; word-break: normal; border: 1px solid;\">Motorized Wheel<\/td>\n<td style=\"font-family: inherit; font-size: 14px; overflow: hidden; padding: 5px 5px; text-align: center; vertical-align: top; word-break: normal; border: 1px solid;\">rear wheel<\/td>\n<\/tr>\n<tr>\n<td style=\"background-color: #e4e1e1; color: #333333; font-family: inherit; font-size: 14px; font-weight: bold; overflow: hidden; padding: 5px 5px; text-align: right; vertical-align: top; word-break: normal; border: 1px solid;\">Weight Limit<\/td>\n<td style=\"font-family: inherit; font-size: 14px; overflow: hidden; padding: 5px 5px; text-align: center; vertical-align: top; word-break: normal; border: 1px solid;\">100kg<\/td>\n<\/tr>\n<tr>\n<td style=\"background-color: #e4e1e1; color: #333333; font-family: inherit; font-size: 14px; font-weight: bold; overflow: hidden; padding: 5px 5px; text-align: right; vertical-align: top; word-break: normal; border: 1px solid;\">Weight<\/td>\n<td style=\"font-family: inherit; font-size: 14px; overflow: hidden; padding: 5px 5px; text-align: center; vertical-align: top; word-break: normal; border: 1px solid;\">12,5kg<\/td>\n<\/tr>\n<\/tbody>\n<\/table>\n","protected":false},"excerpt":{"rendered":"<p><strong>Found a better price? Write to us and we'll make you a better offer!<\/strong><\/p>\n<p><strong>When purchased together with an electric scooter, all accessories and spare parts are -20%. The discount is automatically applied when added to the shopping cart!<\/strong><\/p>\n<p><strong>Delivery time: 1-5 business days.<\/strong><\/p>\n<p><em><strong>\u00a0<\/strong><\/em><\/p>\n","protected":false},"featured_media":13875,"template":"","meta":[],"product_brand":[],"product_cat":[722],"product_tag":[],"filter_elektritoukeratas":[],"class_list":{"0":"post-44772","1":"product","2":"type-product","3":"status-publish","4":"has-post-thumbnail","6":"product_cat-electric-scooters","7":"product_shipping_class-keskmine-pakk-en","8":"pa_aku-mahutavus-wh-281-en","9":"pa_colour-must","10":"pa_colour-valge","11":"pa_kaal-kg-13-en","12":"pa_kandevoime-kg-100-en","13":"pa_labisoit-arvutuslik-km-19-en","14":"pa_mootorite-arv-uhe-mootoriga-en","15":"pa_muuja-platvormil-touksimaailm-exocool-ou-en","16":"pa_piiramata-tippkiirus-kmh-25-en","17":"pa_tootetuup-elektritoukeratas-en","18":"pa_valmistaja-inokim-en","19":"pa_voimsus-w-250-en","21":"first","22":"instock","23":"taxable","24":"shipping-taxable","25":"purchasable","26":"product-type-variable"},"yoast_head":"<!-- This site is optimized with the Yoast SEO Premium plugin v26.8 (Yoast SEO v27.5) - https:\/\/yoast.com\/product\/yoast-seo-premium-wordpress\/ -->\n<title>Inokim Light Hero electric scooter | T\u00f5uksimaailm<\/title>\n<meta name=\"description\" content=\"Inokim Light Hero elektrit\u00f5ukeratas on t\u00f5siselt kena v\u00e4limusega, kvaliteetne ning v\u00e4ga kompaktne elektriline t\u00f5ukeratas. Stiilsed Inokim elektrit\u00f5ukerattad.\" \/>\n<meta name=\"robots\" content=\"index, follow, max-snippet:-1, max-image-preview:large, max-video-preview:-1\" \/>\n<link rel=\"canonical\" href=\"https:\/\/www.xn--tuksimaailm-ffb.ee\/en\/product\/inokim-light-hero-electric-scooter\/\" \/>\n<meta property=\"og:locale\" content=\"en_US\" \/>\n<meta property=\"og:type\" content=\"article\" \/>\n<meta property=\"og:title\" content=\"Inokim Light Hero electric scooter\" \/>\n<meta property=\"og:description\" content=\"Inokim Light Hero elektrit\u00f5ukeratas on t\u00f5siselt kena v\u00e4limusega, kvaliteetne ning v\u00e4ga kompaktne elektriline t\u00f5ukeratas. Stiilsed Inokim elektrit\u00f5ukerattad.\" \/>\n<meta property=\"og:url\" content=\"https:\/\/www.xn--tuksimaailm-ffb.ee\/en\/product\/inokim-light-hero-electric-scooter\/\" \/>\n<meta property=\"og:site_name\" content=\"T\u00f5uksimaailm\" \/>\n<meta property=\"article:publisher\" content=\"https:\/\/www.facebook.com\/touksimaailm\/\" \/>\n<meta property=\"og:image\" content=\"https:\/\/www.xn--tuksimaailm-ffb.ee\/wp-content\/uploads\/2021\/02\/light-super-2-1.png\" \/>\n\t<meta property=\"og:image:width\" content=\"807\" \/>\n\t<meta property=\"og:image:height\" content=\"811\" \/>\n\t<meta property=\"og:image:type\" content=\"image\/png\" \/>\n<meta name=\"twitter:card\" content=\"summary_large_image\" \/>\n<meta name=\"twitter:label1\" content=\"Availability\" \/>\n\t<meta name=\"twitter:data1\" content=\"In stock\" \/>\n<meta property=\"og:availability\" content=\"instock\" \/>\n<meta property=\"product:availability\" content=\"instock\" \/>\n<meta property=\"product:retailer_item_id\" content=\"Inokim_Light_Hero\" \/>\n<meta property=\"product:condition\" content=\"new\" \/>\n<!-- \/ Yoast SEO Premium plugin. -->","yoast_head_json":{"title":"Inokim Light Hero electric scooter | T\u00f5uksimaailm","description":"Inokim Light Hero elektrit\u00f5ukeratas on t\u00f5siselt kena v\u00e4limusega, kvaliteetne ning v\u00e4ga kompaktne elektriline t\u00f5ukeratas. Stiilsed Inokim elektrit\u00f5ukerattad.","robots":{"index":"index","follow":"follow","max-snippet":"max-snippet:-1","max-image-preview":"max-image-preview:large","max-video-preview":"max-video-preview:-1"},"canonical":"https:\/\/www.xn--tuksimaailm-ffb.ee\/en\/product\/inokim-light-hero-electric-scooter\/","og_locale":"en_US","og_type":"article","og_title":"Inokim Light Hero electric scooter","og_description":"Inokim Light Hero elektrit\u00f5ukeratas on t\u00f5siselt kena v\u00e4limusega, kvaliteetne ning v\u00e4ga kompaktne elektriline t\u00f5ukeratas. Stiilsed Inokim elektrit\u00f5ukerattad.","og_url":"https:\/\/www.xn--tuksimaailm-ffb.ee\/en\/product\/inokim-light-hero-electric-scooter\/","og_site_name":"T\u00f5uksimaailm","article_publisher":"https:\/\/www.facebook.com\/touksimaailm\/","og_image":[{"width":807,"height":811,"url":"https:\/\/www.xn--tuksimaailm-ffb.ee\/wp-content\/uploads\/2021\/02\/light-super-2-1.png","type":"image\/png"}],"twitter_card":"summary_large_image","twitter_misc":{"Availability":"In stock"},"schema":{"@context":"https:\/\/schema.org","@graph":[{"@type":"WebPage","@id":"https:\/\/www.xn--tuksimaailm-ffb.ee\/en\/product\/inokim-light-hero-electric-scooter\/","url":"https:\/\/www.xn--tuksimaailm-ffb.ee\/en\/product\/inokim-light-hero-electric-scooter\/","name":"Inokim Light Hero electric scooter | T\u00f5uksimaailm","isPartOf":{"@id":"https:\/\/www.xn--tuksimaailm-ffb.ee\/en\/#website"},"primaryImageOfPage":{"@id":"https:\/\/www.xn--tuksimaailm-ffb.ee\/en\/product\/inokim-light-hero-electric-scooter\/#primaryimage"},"image":{"@id":"https:\/\/www.xn--tuksimaailm-ffb.ee\/en\/product\/inokim-light-hero-electric-scooter\/#primaryimage"},"thumbnailUrl":"https:\/\/www.xn--tuksimaailm-ffb.ee\/wp-content\/uploads\/2021\/02\/light-super-2-1.png","datePublished":"2021-02-20T19:12:43+00:00","description":"Inokim Light Hero elektrit\u00f5ukeratas on t\u00f5siselt kena v\u00e4limusega, kvaliteetne ning v\u00e4ga kompaktne elektriline t\u00f5ukeratas. Stiilsed Inokim elektrit\u00f5ukerattad.","breadcrumb":{"@id":"https:\/\/www.xn--tuksimaailm-ffb.ee\/en\/product\/inokim-light-hero-electric-scooter\/#breadcrumb"},"inLanguage":"en-US","potentialAction":[{"@type":"ReadAction","target":["https:\/\/www.xn--tuksimaailm-ffb.ee\/en\/product\/inokim-light-hero-electric-scooter\/"]}]},{"@type":"ImageObject","inLanguage":"en-US","@id":"https:\/\/www.xn--tuksimaailm-ffb.ee\/en\/product\/inokim-light-hero-electric-scooter\/#primaryimage","url":"https:\/\/www.xn--tuksimaailm-ffb.ee\/wp-content\/uploads\/2021\/02\/light-super-2-1.png","contentUrl":"https:\/\/www.xn--tuksimaailm-ffb.ee\/wp-content\/uploads\/2021\/02\/light-super-2-1.png","width":807,"height":811,"caption":"Inokim Light Hero elektrit\u00f5ukeratas elektriline t\u00f5ukeratas Light-Hero"},{"@type":"BreadcrumbList","@id":"https:\/\/www.xn--tuksimaailm-ffb.ee\/en\/product\/inokim-light-hero-electric-scooter\/#breadcrumb","itemListElement":[{"@type":"ListItem","position":1,"name":"Home","item":"https:\/\/www.xn--tuksimaailm-ffb.ee\/en\/main-page\/"},{"@type":"ListItem","position":2,"name":"Shop","item":"https:\/\/www.xn--tuksimaailm-ffb.ee\/elektritoukerataste-pood\/"},{"@type":"ListItem","position":3,"name":"Inokim Light Hero electric scooter"}]},{"@type":"WebSite","@id":"https:\/\/www.xn--tuksimaailm-ffb.ee\/en\/#website","url":"https:\/\/www.xn--tuksimaailm-ffb.ee\/en\/","name":"T\u00f5uksimaailm","description":"Elektrit\u00f5ukerataste m\u00fc\u00fck, remont ja rent","publisher":{"@id":"https:\/\/www.xn--tuksimaailm-ffb.ee\/en\/#organization"},"potentialAction":[{"@type":"SearchAction","target":{"@type":"EntryPoint","urlTemplate":"https:\/\/www.xn--tuksimaailm-ffb.ee\/en\/?s={search_term_string}"},"query-input":{"@type":"PropertyValueSpecification","valueRequired":true,"valueName":"search_term_string"}}],"inLanguage":"en-US"},{"@type":"Organization","@id":"https:\/\/www.xn--tuksimaailm-ffb.ee\/en\/#organization","name":"T\u00f5uksimaailm","url":"https:\/\/www.xn--tuksimaailm-ffb.ee\/en\/","logo":{"@type":"ImageObject","inLanguage":"en-US","@id":"https:\/\/www.xn--tuksimaailm-ffb.ee\/en\/#\/schema\/logo\/image\/","url":"https:\/\/www.xn--tuksimaailm-ffb.ee\/wp-content\/uploads\/2020\/01\/logoz-e1579792875517.png","contentUrl":"https:\/\/www.xn--tuksimaailm-ffb.ee\/wp-content\/uploads\/2020\/01\/logoz-e1579792875517.png","width":250,"height":250,"caption":"T\u00f5uksimaailm"},"image":{"@id":"https:\/\/www.xn--tuksimaailm-ffb.ee\/en\/#\/schema\/logo\/image\/"},"sameAs":["https:\/\/www.facebook.com\/touksimaailm\/","https:\/\/www.instagram.com\/touksimaailm_\/","https:\/\/www.youtube.com\/channel\/UC18ml0EKIDLP1xGuQjFzcXQ"]}]},"og_availability":"instock","product_availability":"instock","product_retailer_item_id":"Inokim_Light_Hero","product_condition":"new"},"jetpack_sharing_enabled":true,"_links":{"self":[{"href":"https:\/\/www.xn--tuksimaailm-ffb.ee\/en\/wp-json\/wp\/v2\/product\/44772","targetHints":{"allow":["GET"]}}],"collection":[{"href":"https:\/\/www.xn--tuksimaailm-ffb.ee\/en\/wp-json\/wp\/v2\/product"}],"about":[{"href":"https:\/\/www.xn--tuksimaailm-ffb.ee\/en\/wp-json\/wp\/v2\/types\/product"}],"wp:featuredmedia":[{"embeddable":true,"href":"https:\/\/www.xn--tuksimaailm-ffb.ee\/en\/wp-json\/wp\/v2\/media\/13875"}],"wp:attachment":[{"href":"https:\/\/www.xn--tuksimaailm-ffb.ee\/en\/wp-json\/wp\/v2\/media?parent=44772"}],"wp:term":[{"taxonomy":"product_brand","embeddable":true,"href":"https:\/\/www.xn--tuksimaailm-ffb.ee\/en\/wp-json\/wp\/v2\/product_brand?post=44772"},{"taxonomy":"product_cat","embeddable":true,"href":"https:\/\/www.xn--tuksimaailm-ffb.ee\/en\/wp-json\/wp\/v2\/product_cat?post=44772"},{"taxonomy":"product_tag","embeddable":true,"href":"https:\/\/www.xn--tuksimaailm-ffb.ee\/en\/wp-json\/wp\/v2\/product_tag?post=44772"},{"taxonomy":"filter_elektritoukeratas","embeddable":true,"href":"https:\/\/www.xn--tuksimaailm-ffb.ee\/en\/wp-json\/wp\/v2\/filter_elektritoukeratas?post=44772"}],"curies":[{"name":"wp","href":"https:\/\/api.w.org\/{rel}","templated":true}]}}