{"id":44776,"date":"2021-02-20T15:47:55","date_gmt":"2021-02-20T15:47:55","guid":{"rendered":"http:\/\/www.xn--tuksimaailm-ffb.ee\/shop\/inokim-light-2-super-electric-scooter\/"},"modified":"2021-02-20T15:47:55","modified_gmt":"2021-02-20T12:47:55","slug":"inokim-light-2-super-electric-scooter","status":"publish","type":"product","link":"https:\/\/www.xn--tuksimaailm-ffb.ee\/en\/product\/inokim-light-2-super-electric-scooter\/","title":{"rendered":"Inokim Light 2 Super electric scooter"},"content":{"rendered":"<h2 style=\"text-align: center;\">\u00a0INOKIM LIGHT 2 SUPER ELECTRIC SCOOTER - PRODUCT DESCRIPTION<\/h2>\n<p>Inokim Light 2 Super is seriously stylish, high-quality, and extremely compact electric scooter. The Inokim Light2 Super electric scooter is particularly suitable for people for whom the lightness, compactness, and stylish appearance of the electric scooter are very important. Additionally, thanks to its very low adjustable handlebar position, the Inokim Light electric scooter is ideally suited for children. The Inokim Light 2 Super electric scooter is perfect for daily use to work, school, or shopping. Due to its dimensions, the Inokim Light series electric scooters are also ideal for transportation in buses or other public transport. Also, the Light2 Super electric scooter can easily fit into virtually any car's trunk without any trouble.<\/p>\n<p>Inokim is known worldwide as a very innovative and user-friendly electric scooter brand that surprises with significant improvements each year. The Inokim Light2 Super electric scooter is a successor or rather a more powerful version of the <strong>Inokim Light Hero<\/strong> model. Compared to the Light Hero, the Light2 Super electric scooter has a longer range (40km vs 30km), more power\/better acceleration (<strong>350W vs 250W<\/strong>), and is safer (a drum brake has also been installed at the front). Another advantage of Inokim Light electric scooters is that they are available in a wide range of colors - the same model can be purchased in as many as <strong>5 different colors<\/strong> - including <strong>black, blue, yellow-orange, green, and white<\/strong>.<\/p>\n<h2 style=\"text-align: center;\">COMPACTNESS<\/h2>\n<p>In terms of compactness, the Inokim Light 2 Super electric scooter is truly the next level in the scooter world. The Light2 Super electric scooter folds from the bottom, right at the frame, which moves the front wheel towards the back, helping to achieve the <strong>shortest possible length<\/strong> for the electric scooter. The handlebar, along with the steering tube, move as close as possible to the rear fender - this achieves the <strong>maximum low height<\/strong>. The Inokim Light2 Super also has foldable handles, which ensure the <strong>smallest possible width<\/strong> of the electric scooter. The result is the most compact electric scooter in its class.<\/p>\n<h2 style=\"text-align: center;\">INOKIM LIGHT 2 SUPER - TECHNICAL DESCRIPTION<\/h2>\n<p>The Inokim Light 2 Super electric scooter features a stylish and comfortable handlebar with foldable grips. It is powered by a brushless (BLDC) electric motor with a capacity of <strong>350W,<\/strong> sufficient for successful urban commuting\u2014the maximum <strong>incline capability is 15%<\/strong>. The high-efficiency motor provides strong acceleration and quickly reaches a manufacturer speed of <strong>25 km\/h<\/strong>. The maximum recommended rider weight by the manufacturer is <strong>100 kg.<\/strong><\/p>\n<p>Depending on riding style and rider weight, a single charge can cover a range of <strong>30-40 km<\/strong>. The electric scooter has <strong>three electronic gears with different top speeds and accelerations,<\/strong> adjustable from a display mounted on the handlebar. There are suitable modes for riding alongside pedestrians, for the most economical riding, and for the fastest riding possible. The display also allows for <strong>cruise control<\/strong> settings. The throttle is located right next to the right grip and is thumb-operated\u2014this enables a rider to simultaneously hold two fingers on the handlebar, two fingers ready on the front brake lever, and press the throttle with the thumb\u2014an ergonomic, safe, and intuitive riding position.<\/p>\n<p>The Inokim Light 2 Super is equipped with <strong>front and rear drum brakes<\/strong>, which, in addition to quick and safe stopping, also provide low maintenance. Unlike disc and V-brakes, with average use, the brake cable only needs tightening once a year. The scooter is equipped with a compact yet capacious <strong>36V\/10,000mAh (360Wh)<\/strong> lithium-ion (Li-Ion) battery made from high-quality <strong>LG 18650 cells<\/strong>. Charging the battery from <strong>0-100%<\/strong> with the included charger takes about <strong>6 hours.<\/strong><\/p>\n<h2 style=\"text-align: center;\">WHY BUY YOUR INOKIM FROM US?<\/h2>\n<p><strong>When you buy your Inokim Light 2 Super electric scooter from our store, you get:<\/strong><\/p>\n<ul>\n<li>With the purchase of the electric scooter, <strong>all accessories for you are at -20%<\/strong><\/li>\n<\/ul>\n<p>Choice of accessories for the Light2 Super includes:<\/p>\n<ul>\n<li><strong>Automatic additional light for the handlebar<\/strong><\/li>\n<li><strong>Waterproof handlebar bag by Inokim<\/strong><\/li>\n<li><strong>Phone holder<\/strong><\/li>\n<li><strong>Drink cup holder for the handlebar<\/strong><\/li>\n<li><strong>Ultra-secure chain lock - the electric scooter can be locked through the front carrying handle<\/strong><\/li>\n<li><strong>Electric pump<\/strong><\/li>\n<\/ul>\n<p>You can also test ride the Inokim Light 2 Super in our flagship store! We always recommend wearing a helmet when riding an electric scooter. For light vehicle operators under 16 years of age, wearing a helmet is legally mandatory while riding an electric scooter. The Inokim Light2 Super is the best light and compact electric scooter and the best electric scooter for children. Also available is the slightly more affordable and smaller battery-powered <strong>Inokim Light Hero<\/strong> electric scooter. For those who need more power and riding comfort but still want significant compactness, we recommend the Inokim Quick 4 series of electric scooters. See more electric scooters here.<\/p>\n<p><iframe title=\"INOKIM Light elektriline t\u00f5ukeratas\" width=\"1082\" height=\"812\" src=\"https:\/\/www.youtube.com\/embed\/21BmyxWZIdA?feature=oembed\" frameborder=\"0\" allow=\"accelerometer; autoplay; clipboard-write; encrypted-media; gyroscope; picture-in-picture; web-share\" referrerpolicy=\"strict-origin-when-cross-origin\" allowfullscreen><\/iframe><\/p>\n<p><strong style=\"box-sizing: inherit; margin: 0px; padding: 0px; border: 0px; font-variant-numeric: inherit; font-variant-east-asian: inherit; font-stretch: inherit; font-size: 17px; line-height: inherit;\">The Inokim Light 2 Super electric scooter is a street-legal light vehicle under Estonian traffic law, with a manufacturer's power of 350W and a manufacturer's speed of 25km\/h. Please note! If the user has independently modified the electric scooter to be faster or more powerful than the above-mentioned parameters, then T\u00f5uksimaailm is not responsible for any fines incurred for breaking the law, police confiscation of the electric scooter, or damages caused by other types of violations.<\/strong><\/p>\n<table class=\"tg\" style=\"border-collapse: collapse; max-width: 600px; border-spacing: 0; margin: 0px auto;\">\n<tbody>\n<tr>\n<td style=\"background-color: #e4e1e1; color: #333333; font-family: inherit; font-size: 14px; font-weight: bold; overflow: hidden; padding: 5px 5px; text-align: center; vertical-align: top; word-break: normal; border: 1px solid;\" colspan=\"2\">Technical Description<\/td>\n<\/tr>\n<tr>\n<td style=\"background-color: #e4e1e1; color: #333333; font-family: inherit; font-size: 14px; font-weight: bold; overflow: hidden; padding: 5px 5px; text-align: right; vertical-align: top; word-break: normal; border: 1px solid;\">Manufacturer<\/td>\n<td style=\"font-family: inherit; font-size: 14px; overflow: hidden; padding: 5px 5px; text-align: center; vertical-align: top; word-break: normal; border: 1px solid;\">Inokim<\/td>\n<\/tr>\n<tr>\n<td style=\"background-color: #e4e1e1; color: #333333; font-family: inherit; font-size: 14px; font-weight: bold; overflow: hidden; padding: 5px 5px; text-align: right; vertical-align: top; word-break: normal; border: 1px solid;\">Model<\/td>\n<td style=\"font-family: inherit; font-size: 14px; overflow: hidden; padding: 5px 5px; text-align: center; vertical-align: top; word-break: normal; border: 1px solid;\">Light 2 Super<\/td>\n<\/tr>\n<tr>\n<td style=\"background-color: #e4e1e1; color: #333333; font-family: inherit; font-size: 14px; font-weight: bold; overflow: hidden; padding: 5px 5px; text-align: right; vertical-align: top; word-break: normal; border: 1px solid;\">Color<\/td>\n<td style=\"font-family: inherit; font-size: 14px; overflow: hidden; padding: 5px 5px; text-align: center; vertical-align: top; word-break: normal; border: 1px solid;\">black\/yellow-orange\/blue\/green\/white<\/td>\n<\/tr>\n<tr>\n<td style=\"background-color: #e4e1e1; color: #333333; font-family: inherit; font-size: 14px; font-weight: bold; overflow: hidden; padding: 5px 5px; text-align: right; vertical-align: top; word-break: normal; border: 1px solid;\">Range<\/td>\n<td style=\"font-family: inherit; font-size: 14px; overflow: hidden; padding: 5px 5px; text-align: center; vertical-align: top; word-break: normal; border: 1px solid;\">30-40km<\/td>\n<\/tr>\n<tr>\n<td style=\"background-color: #e4e1e1; color: #333333; font-family: inherit; font-size: 14px; font-weight: bold; overflow: hidden; padding: 5px 5px; text-align: right; vertical-align: top; word-break: normal; border: 1px solid;\">Motor Power<\/td>\n<td style=\"font-family: inherit; font-size: 14px; overflow: hidden; padding: 5px 5px; text-align: center; vertical-align: top; word-break: normal; border: 1px solid;\">350W<\/td>\n<\/tr>\n<tr>\n<td style=\"background-color: #e4e1e1; color: #333333; font-family: inherit; font-size: 14px; font-weight: bold; overflow: hidden; padding: 5px 5px; text-align: right; vertical-align: top; word-break: normal; border: 1px solid;\">Battery<\/td>\n<td style=\"font-family: inherit; font-size: 14px; overflow: hidden; padding: 5px 5px; text-align: center; vertical-align: top; word-break: normal; border: 1px solid;\">36V\/10000mAh\/360Wh, Li-ion<\/td>\n<\/tr>\n<tr>\n<td style=\"background-color: #e4e1e1; color: #333333; font-family: inherit; font-size: 14px; font-weight: bold; overflow: hidden; padding: 5px 5px; text-align: right; vertical-align: top; word-break: normal; border: 1px solid;\">Charging Time<\/td>\n<td style=\"font-family: inherit; font-size: 14px; overflow: hidden; padding: 5px 5px; text-align: center; vertical-align: top; word-break: normal; border: 1px solid;\">6h<\/td>\n<\/tr>\n<tr>\n<td style=\"background-color: #e4e1e1; color: #333333; font-family: inherit; font-size: 14px; font-weight: bold; overflow: hidden; padding: 5px 5px; text-align: right; vertical-align: top; word-break: normal; border: 1px solid;\">Speed<\/td>\n<td style=\"font-family: inherit; font-size: 14px; overflow: hidden; padding: 5px 5px; text-align: center; vertical-align: top; word-break: normal; border: 1px solid;\">25 km\/h<\/td>\n<\/tr>\n<tr>\n<td style=\"background-color: #e4e1e1; color: #333333; font-family: inherit; font-size: 14px; font-weight: bold; overflow: hidden; padding: 5px 5px; text-align: right; vertical-align: top; word-break: normal; border: 1px solid;\">Speed Level<\/td>\n<td style=\"font-family: inherit; font-size: 14px; overflow: hidden; padding: 5px 5px; text-align: center; vertical-align: top; word-break: normal; border: 1px solid;\">3<\/td>\n<\/tr>\n<tr>\n<td style=\"background-color: #e4e1e1; color: #333333; font-family: inherit; font-size: 14px; font-weight: bold; overflow: hidden; padding: 5px 5px; text-align: right; vertical-align: top; word-break: normal; border: 1px solid;\">Cruise Control<\/td>\n<td style=\"font-family: inherit; font-size: 14px; overflow: hidden; padding: 5px 5px; text-align: center; vertical-align: top; word-break: normal; border: 1px solid;\">yes<\/td>\n<\/tr>\n<tr>\n<td style=\"background-color: #e4e1e1; color: #333333; font-family: inherit; font-size: 14px; font-weight: bold; overflow: hidden; padding: 5px 5px; text-align: right; vertical-align: top; word-break: normal; border: 1px solid;\">Front and Rear Brakes<\/td>\n<td style=\"font-family: inherit; font-size: 14px; overflow: hidden; padding: 5px 5px; text-align: center; vertical-align: top; word-break: normal; border: 1px solid;\">drum brakes<\/td>\n<\/tr>\n<tr>\n<td style=\"background-color: #e4e1e1; color: #333333; font-family: inherit; font-size: 14px; font-weight: bold; overflow: hidden; padding: 5px 5px; text-align: right; vertical-align: top; word-break: normal; border: 1px solid;\">Tire Size<\/td>\n<td style=\"font-family: inherit; font-size: 14px; overflow: hidden; padding: 5px 5px; text-align: center; vertical-align: top; word-break: normal; border: 1px solid;\">8.5\"<\/td>\n<\/tr>\n<tr>\n<td style=\"background-color: #e4e1e1; color: #333333; font-family: inherit; font-size: 14px; font-weight: bold; overflow: hidden; padding: 5px 5px; text-align: right; vertical-align: top; word-break: normal; border: 1px solid;\">Tire Type<\/td>\n<td style=\"font-family: inherit; font-size: 14px; overflow: hidden; padding: 5px 5px; text-align: center; vertical-align: top; word-break: normal; border: 1px solid;\">inner tube air tire<\/td>\n<\/tr>\n<tr>\n<td style=\"background-color: #e4e1e1; color: #333333; font-family: inherit; font-size: 14px; font-weight: bold; overflow: hidden; padding: 5px 5px; text-align: right; vertical-align: top; word-break: normal; border: 1px solid;\">Motorized Wheel<\/td>\n<td style=\"font-family: inherit; font-size: 14px; overflow: hidden; padding: 5px 5px; text-align: center; vertical-align: top; word-break: normal; border: 1px solid;\">rear wheel<\/td>\n<\/tr>\n<tr>\n<td style=\"background-color: #e4e1e1; color: #333333; font-family: inherit; font-size: 14px; font-weight: bold; overflow: hidden; padding: 5px 5px; text-align: right; vertical-align: top; word-break: normal; border: 1px solid;\">Weight Limit<\/td>\n<td style=\"font-family: inherit; font-size: 14px; overflow: hidden; padding: 5px 5px; text-align: center; vertical-align: top; word-break: normal; border: 1px solid;\">100kg<\/td>\n<\/tr>\n<tr>\n<td style=\"background-color: #e4e1e1; color: #333333; font-family: inherit; font-size: 14px; font-weight: bold; overflow: hidden; padding: 5px 5px; text-align: right; vertical-align: top; word-break: normal; border: 1px solid;\">Weight<\/td>\n<td style=\"font-family: inherit; font-size: 14px; overflow: hidden; padding: 5px 5px; text-align: center; vertical-align: top; word-break: normal; border: 1px solid;\">13kg<\/td>\n<\/tr>\n<\/tbody>\n<\/table>\n","protected":false},"excerpt":{"rendered":"<p><strong><em>Delivery time: 1-5 business days.<\/em><\/strong><\/p>\n<p>\u00a0<\/p>\n","protected":false},"featured_media":13847,"template":"","meta":[],"product_brand":[],"product_cat":[722],"product_tag":[],"filter_elektritoukeratas":[],"class_list":{"0":"post-44776","1":"product","2":"type-product","3":"status-publish","4":"has-post-thumbnail","6":"product_cat-electric-scooters","7":"pa_aku-mahutavus-wh-360-en","8":"pa_colour-kollane-en","9":"pa_colour-must","10":"pa_colour-roheline","11":"pa_colour-sinine","12":"pa_colour-valge","13":"pa_kaal-kg-13-en","14":"pa_kandevoime-kg-100-en","15":"pa_labisoit-arvutuslik-km-40-en","16":"pa_mootorite-arv-uhe-mootoriga-en","17":"pa_muuja-platvormil-touksimaailm-exocool-ou-en","18":"pa_piiramata-tippkiirus-kmh-25-en","19":"pa_tootetuup-elektritoukeratas-en","20":"pa_valmistaja-inokim-en","21":"pa_voimsus-w-350-en","23":"first","24":"instock","25":"taxable","26":"shipping-taxable","27":"purchasable","28":"product-type-variable"},"yoast_head":"<!-- This site is optimized with the Yoast SEO Premium plugin v26.8 (Yoast SEO v27.5) - https:\/\/yoast.com\/product\/yoast-seo-premium-wordpress\/ -->\n<title>Inokim Light 2 Super electric scooter &#8212; T\u00f5uksimaailm - M\u00fc\u00fck<\/title>\n<meta name=\"description\" content=\"Inokim Light 2 Super elektrit\u00f5ukeratas - Light2 Super on kena v\u00e4limusega, kvaliteetne ning v\u00e4ga kompaktne elektriline t\u00f5ukeratas. Inokim elektrit\u00f5ukerattad.\" \/>\n<meta name=\"robots\" content=\"index, follow, max-snippet:-1, max-image-preview:large, max-video-preview:-1\" \/>\n<link rel=\"canonical\" href=\"https:\/\/www.xn--tuksimaailm-ffb.ee\/en\/product\/inokim-light-2-super-electric-scooter\/\" \/>\n<meta property=\"og:locale\" content=\"en_US\" \/>\n<meta property=\"og:type\" content=\"article\" \/>\n<meta property=\"og:title\" content=\"Inokim Light 2 Super electric scooter\" \/>\n<meta property=\"og:description\" content=\"Inokim Light 2 Super elektrit\u00f5ukeratas - Light2 Super on kena v\u00e4limusega, kvaliteetne ning v\u00e4ga kompaktne elektriline t\u00f5ukeratas. Inokim elektrit\u00f5ukerattad.\" \/>\n<meta property=\"og:url\" content=\"https:\/\/www.xn--tuksimaailm-ffb.ee\/en\/product\/inokim-light-2-super-electric-scooter\/\" \/>\n<meta property=\"og:site_name\" content=\"T\u00f5uksimaailm\" \/>\n<meta property=\"article:publisher\" content=\"https:\/\/www.facebook.com\/touksimaailm\/\" \/>\n<meta property=\"og:image\" content=\"https:\/\/www.xn--tuksimaailm-ffb.ee\/wp-content\/uploads\/2021\/02\/light-super-1.png\" \/>\n\t<meta property=\"og:image:width\" content=\"803\" \/>\n\t<meta property=\"og:image:height\" content=\"811\" \/>\n\t<meta property=\"og:image:type\" content=\"image\/png\" \/>\n<meta name=\"twitter:card\" content=\"summary_large_image\" \/>\n<meta name=\"twitter:label1\" content=\"Availability\" \/>\n\t<meta name=\"twitter:data1\" content=\"In stock\" \/>\n<meta property=\"og:availability\" content=\"instock\" \/>\n<meta property=\"product:availability\" content=\"instock\" \/>\n<meta property=\"product:retailer_item_id\" content=\"Inokim_2_Super\" \/>\n<meta property=\"product:condition\" content=\"new\" \/>\n<!-- \/ Yoast SEO Premium plugin. -->","yoast_head_json":{"title":"Inokim Light 2 Super electric scooter &#8212; T\u00f5uksimaailm - M\u00fc\u00fck","description":"Inokim Light 2 Super elektrit\u00f5ukeratas - Light2 Super on kena v\u00e4limusega, kvaliteetne ning v\u00e4ga kompaktne elektriline t\u00f5ukeratas. Inokim elektrit\u00f5ukerattad.","robots":{"index":"index","follow":"follow","max-snippet":"max-snippet:-1","max-image-preview":"max-image-preview:large","max-video-preview":"max-video-preview:-1"},"canonical":"https:\/\/www.xn--tuksimaailm-ffb.ee\/en\/product\/inokim-light-2-super-electric-scooter\/","og_locale":"en_US","og_type":"article","og_title":"Inokim Light 2 Super electric scooter","og_description":"Inokim Light 2 Super elektrit\u00f5ukeratas - Light2 Super on kena v\u00e4limusega, kvaliteetne ning v\u00e4ga kompaktne elektriline t\u00f5ukeratas. Inokim elektrit\u00f5ukerattad.","og_url":"https:\/\/www.xn--tuksimaailm-ffb.ee\/en\/product\/inokim-light-2-super-electric-scooter\/","og_site_name":"T\u00f5uksimaailm","article_publisher":"https:\/\/www.facebook.com\/touksimaailm\/","og_image":[{"width":803,"height":811,"url":"https:\/\/www.xn--tuksimaailm-ffb.ee\/wp-content\/uploads\/2021\/02\/light-super-1.png","type":"image\/png"}],"twitter_card":"summary_large_image","twitter_misc":{"Availability":"In stock"},"schema":{"@context":"https:\/\/schema.org","@graph":[{"@type":"WebPage","@id":"https:\/\/www.xn--tuksimaailm-ffb.ee\/en\/product\/inokim-light-2-super-electric-scooter\/","url":"https:\/\/www.xn--tuksimaailm-ffb.ee\/en\/product\/inokim-light-2-super-electric-scooter\/","name":"Inokim Light 2 Super electric scooter &#8212; T\u00f5uksimaailm - M\u00fc\u00fck","isPartOf":{"@id":"https:\/\/www.xn--tuksimaailm-ffb.ee\/en\/#website"},"primaryImageOfPage":{"@id":"https:\/\/www.xn--tuksimaailm-ffb.ee\/en\/product\/inokim-light-2-super-electric-scooter\/#primaryimage"},"image":{"@id":"https:\/\/www.xn--tuksimaailm-ffb.ee\/en\/product\/inokim-light-2-super-electric-scooter\/#primaryimage"},"thumbnailUrl":"https:\/\/www.xn--tuksimaailm-ffb.ee\/wp-content\/uploads\/2021\/02\/light-super-1.png","datePublished":"2021-02-20T15:47:55+00:00","description":"Inokim Light 2 Super elektrit\u00f5ukeratas - Light2 Super on kena v\u00e4limusega, kvaliteetne ning v\u00e4ga kompaktne elektriline t\u00f5ukeratas. Inokim elektrit\u00f5ukerattad.","breadcrumb":{"@id":"https:\/\/www.xn--tuksimaailm-ffb.ee\/en\/product\/inokim-light-2-super-electric-scooter\/#breadcrumb"},"inLanguage":"en-US","potentialAction":[{"@type":"ReadAction","target":["https:\/\/www.xn--tuksimaailm-ffb.ee\/en\/product\/inokim-light-2-super-electric-scooter\/"]}]},{"@type":"ImageObject","inLanguage":"en-US","@id":"https:\/\/www.xn--tuksimaailm-ffb.ee\/en\/product\/inokim-light-2-super-electric-scooter\/#primaryimage","url":"https:\/\/www.xn--tuksimaailm-ffb.ee\/wp-content\/uploads\/2021\/02\/light-super-1.png","contentUrl":"https:\/\/www.xn--tuksimaailm-ffb.ee\/wp-content\/uploads\/2021\/02\/light-super-1.png","width":803,"height":811,"caption":"Inokim Light 2 Super elektrit\u00f5ukeratas elektriline t\u00f5ukeratas light2"},{"@type":"BreadcrumbList","@id":"https:\/\/www.xn--tuksimaailm-ffb.ee\/en\/product\/inokim-light-2-super-electric-scooter\/#breadcrumb","itemListElement":[{"@type":"ListItem","position":1,"name":"Home","item":"https:\/\/www.xn--tuksimaailm-ffb.ee\/en\/main-page\/"},{"@type":"ListItem","position":2,"name":"Shop","item":"https:\/\/www.xn--tuksimaailm-ffb.ee\/elektritoukerataste-pood\/"},{"@type":"ListItem","position":3,"name":"Inokim Light 2 Super electric scooter"}]},{"@type":"WebSite","@id":"https:\/\/www.xn--tuksimaailm-ffb.ee\/en\/#website","url":"https:\/\/www.xn--tuksimaailm-ffb.ee\/en\/","name":"T\u00f5uksimaailm","description":"Elektrit\u00f5ukerataste m\u00fc\u00fck, remont ja rent","publisher":{"@id":"https:\/\/www.xn--tuksimaailm-ffb.ee\/en\/#organization"},"potentialAction":[{"@type":"SearchAction","target":{"@type":"EntryPoint","urlTemplate":"https:\/\/www.xn--tuksimaailm-ffb.ee\/en\/?s={search_term_string}"},"query-input":{"@type":"PropertyValueSpecification","valueRequired":true,"valueName":"search_term_string"}}],"inLanguage":"en-US"},{"@type":"Organization","@id":"https:\/\/www.xn--tuksimaailm-ffb.ee\/en\/#organization","name":"T\u00f5uksimaailm","url":"https:\/\/www.xn--tuksimaailm-ffb.ee\/en\/","logo":{"@type":"ImageObject","inLanguage":"en-US","@id":"https:\/\/www.xn--tuksimaailm-ffb.ee\/en\/#\/schema\/logo\/image\/","url":"https:\/\/www.xn--tuksimaailm-ffb.ee\/wp-content\/uploads\/2020\/01\/logoz-e1579792875517.png","contentUrl":"https:\/\/www.xn--tuksimaailm-ffb.ee\/wp-content\/uploads\/2020\/01\/logoz-e1579792875517.png","width":250,"height":250,"caption":"T\u00f5uksimaailm"},"image":{"@id":"https:\/\/www.xn--tuksimaailm-ffb.ee\/en\/#\/schema\/logo\/image\/"},"sameAs":["https:\/\/www.facebook.com\/touksimaailm\/","https:\/\/www.instagram.com\/touksimaailm_\/","https:\/\/www.youtube.com\/channel\/UC18ml0EKIDLP1xGuQjFzcXQ"]}]},"og_availability":"instock","product_availability":"instock","product_retailer_item_id":"Inokim_2_Super","product_condition":"new"},"jetpack_sharing_enabled":true,"_links":{"self":[{"href":"https:\/\/www.xn--tuksimaailm-ffb.ee\/en\/wp-json\/wp\/v2\/product\/44776","targetHints":{"allow":["GET"]}}],"collection":[{"href":"https:\/\/www.xn--tuksimaailm-ffb.ee\/en\/wp-json\/wp\/v2\/product"}],"about":[{"href":"https:\/\/www.xn--tuksimaailm-ffb.ee\/en\/wp-json\/wp\/v2\/types\/product"}],"wp:featuredmedia":[{"embeddable":true,"href":"https:\/\/www.xn--tuksimaailm-ffb.ee\/en\/wp-json\/wp\/v2\/media\/13847"}],"wp:attachment":[{"href":"https:\/\/www.xn--tuksimaailm-ffb.ee\/en\/wp-json\/wp\/v2\/media?parent=44776"}],"wp:term":[{"taxonomy":"product_brand","embeddable":true,"href":"https:\/\/www.xn--tuksimaailm-ffb.ee\/en\/wp-json\/wp\/v2\/product_brand?post=44776"},{"taxonomy":"product_cat","embeddable":true,"href":"https:\/\/www.xn--tuksimaailm-ffb.ee\/en\/wp-json\/wp\/v2\/product_cat?post=44776"},{"taxonomy":"product_tag","embeddable":true,"href":"https:\/\/www.xn--tuksimaailm-ffb.ee\/en\/wp-json\/wp\/v2\/product_tag?post=44776"},{"taxonomy":"filter_elektritoukeratas","embeddable":true,"href":"https:\/\/www.xn--tuksimaailm-ffb.ee\/en\/wp-json\/wp\/v2\/filter_elektritoukeratas?post=44776"}],"curies":[{"name":"wp","href":"https:\/\/api.w.org\/{rel}","templated":true}]}}