{"id":44813,"date":"2021-02-17T16:46:50","date_gmt":"2021-02-17T16:46:50","guid":{"rendered":"http:\/\/www.xn--tuksimaailm-ffb.ee\/shop\/velt-smart-scooter-pro-electric-scooter\/"},"modified":"2021-02-17T16:46:50","modified_gmt":"2021-02-17T13:46:50","slug":"velt-smart-scooter-pro-electric-scooter","status":"publish","type":"product","link":"https:\/\/www.xn--tuksimaailm-ffb.ee\/en\/product\/velt-smart-scooter-pro-electric-scooter\/","title":{"rendered":"Velt Smart Scooter Pro electric scooter"},"content":{"rendered":"<h2 style=\"text-align: center;\">\u00a0VELT SMART SCOOTER PRO PRODUCT DESCRIPTION<\/h2>\n<p style=\"text-align: left;\">The Velt Smart Scooter Pro (formerly known as X8 Pro) is a comfortable, lightweight, compact, capable, and durable electric scooter for everyday use. Due to its <strong>10\" wide air tires<\/strong>, the Velt Smart electric scooter is undoubtedly the most comfortable, lightest, and most stable vehicle in its price range. Thanks to its high base and large tires, the Velt Smart Scooter is comfortable to ride on poor and potholed roads and to overcome curbs. A capable battery ensures strong progress even when going uphill. In addition, the <strong>battery<\/strong> of the Velt Smart Scooter series electric scooters is <strong>quickly removable<\/strong> - it can be charged externally, separate from the scooter, or quickly swapped for another charged battery to continue the ride. All this and more fits into one compact, foldable, and only <strong>17kg<\/strong> weighing electric scooter.<\/p>\n<p><iframe title=\"Velt Smart Scooter electric scooter \/ elektrit\u00f5ukeratas\" width=\"1082\" height=\"609\" src=\"https:\/\/www.youtube.com\/embed\/yE2qvKnldXM?feature=oembed\" frameborder=\"0\" allow=\"accelerometer; autoplay; clipboard-write; encrypted-media; gyroscope; picture-in-picture; web-share\" referrerpolicy=\"strict-origin-when-cross-origin\" allowfullscreen><\/iframe><\/p>\n<h2 style=\"text-align: center;\">TECHNICAL SPECIFICATION<\/h2>\n<p>The Velt Smart Scooter Pro electric scooter features a strong aluminum frame and a compact handlebar with comfortable grips. The grips are removable to allow for especially compact storage. A powerful <strong>400W<\/strong> brushless (BLDC) electric motor provides lively acceleration and quickly reaches the manufacturer's speed of <strong>25km\/h<\/strong>, even when carrying heavier loads. Depending on the riding style and rider's weight, a single charge can cover about <strong>45-55km<\/strong>. The electric scooter also has a <strong>cruise control feature<\/strong>, along with <strong>three electronic gears<\/strong> for riding next to pedestrians, for maximally economical riding, and for maximally fast riding.<\/p>\n<p>The Velt Smart Scooter has a rear mechanical disc brake with a <strong>120mm<\/strong> diameter rotor, which ensures quick and safe stopping. The scooter is equipped with a<strong> 48V\/9.6Ah<\/strong> Li-ion battery, which takes about <strong>7-8 hours<\/strong> to fully charge. For visibility during dark times and to make oneself more visible to other road users, the scooter has both <strong>front and rear LED lights.<\/strong> The central LCD display on the handlebar of the Velt Smart Scooter Pro shows the speed, battery charge level, and gear. To turn the Velt Smart electric scooter on or off, hold down the button on the throttle.<\/p>\n<p>When the scooter is turned on, to toggle the lights on and off, press the button twice; to switch between economy and sport modes, press the button once. We always recommend wearing a helmet when riding the electric scooter. For riders under 16, wearing a helmet while riding an electric scooter is legally mandatory. There are also two other versions of the Velt Smart Scooter with smaller batteries but similar features: the Velt Smart X7 and Velt Smart Eco.<\/p>\n<h2 style=\"text-align: center;\">Velt Smart Scooter in T\u00f5uksimaailm<\/h2>\n<p><strong>When purchasing an electric scooter from our store, you'll enjoy the following benefits:<\/strong><\/p>\n<ul>\n<li>With the purchase of the electric scooter, <strong>all additional accessories are available to you at a 20% discount.<\/strong><\/li>\n<\/ul>\n<p>Here\u2019s a selection of accessories for the Velt Smart Scooter PRO:<\/p>\n<ul>\n<li><strong>Phone holder<\/strong><\/li>\n<li><strong>Additional battery<\/strong><\/li>\n<li><strong>Extra charger for work\/office<\/strong><\/li>\n<li><strong>Ultra-secure shackle lock<\/strong> - the scooter can be locked through the rear wheel rim<\/li>\n<li><strong>Electric horn<\/strong><\/li>\n<\/ul>\n<p>If you want to try out the electric scooter before purchasing to see if it can handle the hills in your neighborhood or achieve a range suitable for your riding style, you can rent this electric scooter from us \u2013 for an <strong>hour, a day, or even a whole week<\/strong>! You can see more electric scooters here.<\/p>\n<p><strong>The Velt Smart Scooter Pro electric scooter is street-legal in Estonia according to traffic laws, with a manufacturer power of 400W and a manufacturer speed of 25km\/h. Note! If the user has independently modified the electric scooter to be faster or more powerful than the aforementioned parameters, T\u00f5uksimaailm is not responsible for any fines incurred for violations of the law, confiscation of the electric scooter by the police, or damages caused by other types of violations.<\/strong><\/p>\n<table class=\"tg\" style=\"border-collapse: collapse; max-width: 600px; border-spacing: 0; margin: 0px auto;\">\n<tbody>\n<tr>\n<td style=\"background-color: #e4e1e1; color: #333333; font-family: inherit; font-size: 14px; font-weight: bold; overflow: hidden; padding: 5px 5px; text-align: center; vertical-align: top; word-break: normal; border: 1px solid;\" colspan=\"2\">Technical Specification<\/td>\n<\/tr>\n<tr>\n<td style=\"background-color: #e4e1e1; color: #333333; font-family: inherit; font-size: 14px; font-weight: bold; overflow: hidden; padding: 5px 5px; text-align: right; vertical-align: top; word-break: normal; border: 1px solid;\">Manufaturer<\/td>\n<td style=\"font-family: inherit; font-size: 14px; overflow: hidden; padding: 5px 5px; text-align: center; vertical-align: top; word-break: normal; border: 1px solid;\">Velt Smart Scooter<\/td>\n<\/tr>\n<tr>\n<td style=\"background-color: #e4e1e1; color: #333333; font-family: inherit; font-size: 14px; font-weight: bold; overflow: hidden; padding: 5px 5px; text-align: right; vertical-align: top; word-break: normal; border: 1px solid;\">Model<\/td>\n<td style=\"font-family: inherit; font-size: 14px; overflow: hidden; padding: 5px 5px; text-align: center; vertical-align: top; word-break: normal; border: 1px solid;\">Pro<\/td>\n<\/tr>\n<tr>\n<td style=\"background-color: #e4e1e1; color: #333333; font-family: inherit; font-size: 14px; font-weight: bold; overflow: hidden; padding: 5px 5px; text-align: right; vertical-align: top; word-break: normal; border: 1px solid;\">Color<\/td>\n<td style=\"font-family: inherit; font-size: 14px; overflow: hidden; padding: 5px 5px; text-align: center; vertical-align: top; word-break: normal; border: 1px solid;\">black\/red, black\/blue<\/td>\n<\/tr>\n<tr>\n<td style=\"background-color: #e4e1e1; color: #333333; font-family: inherit; font-size: 14px; font-weight: bold; overflow: hidden; padding: 5px 5px; text-align: right; vertical-align: top; word-break: normal; border: 1px solid;\">Range (manufacturer specification)<br \/>Calculated Range<\/td>\n<td style=\"font-family: inherit; font-size: 14px; overflow: hidden; padding: 5px 5px; text-align: center; vertical-align: top; word-break: normal; border: 1px solid;\">45-55 km<br \/>31km (25km\/h, 70kg rider, 15Wh\/km)<\/td>\n<\/tr>\n<tr>\n<td style=\"background-color: #e4e1e1; color: #333333; font-family: inherit; font-size: 14px; font-weight: bold; overflow: hidden; padding: 5px 5px; text-align: right; vertical-align: top; word-break: normal; border: 1px solid;\">Motor Power<\/td>\n<td style=\"font-family: inherit; font-size: 14px; overflow: hidden; padding: 5px 5px; text-align: center; vertical-align: top; word-break: normal; border: 1px solid;\">400W<\/td>\n<\/tr>\n<tr>\n<td style=\"background-color: #e4e1e1; color: #333333; font-family: inherit; font-size: 14px; font-weight: bold; overflow: hidden; padding: 5px 5px; text-align: right; vertical-align: top; word-break: normal; border: 1px solid;\">Battery<\/td>\n<td style=\"font-family: inherit; font-size: 14px; overflow: hidden; padding: 5px 5px; text-align: center; vertical-align: top; word-break: normal; border: 1px solid;\">48V\/9,6Ah, Li-ion<\/td>\n<\/tr>\n<tr>\n<td style=\"background-color: #e4e1e1; color: #333333; font-family: inherit; font-size: 14px; font-weight: bold; overflow: hidden; padding: 5px 5px; text-align: right; vertical-align: top; word-break: normal; border: 1px solid;\">Battery Capacity<\/td>\n<td style=\"font-family: inherit; font-size: 14px; overflow: hidden; padding: 5px 5px; text-align: center; vertical-align: top; word-break: normal; border: 1px solid;\">461Wh<\/td>\n<\/tr>\n<tr>\n<td style=\"background-color: #e4e1e1; color: #333333; font-family: inherit; font-size: 14px; font-weight: bold; overflow: hidden; padding: 5px 5px; text-align: right; vertical-align: top; word-break: normal; border: 1px solid;\">Charger<\/td>\n<td style=\"font-family: inherit; font-size: 14px; overflow: hidden; padding: 5px 5px; text-align: center; vertical-align: top; word-break: normal; border: 1px solid;\">54.6V 2A<\/td>\n<\/tr>\n<tr>\n<td style=\"background-color: #e4e1e1; color: #333333; font-family: inherit; font-size: 14px; font-weight: bold; overflow: hidden; padding: 5px 5px; text-align: right; vertical-align: top; word-break: normal; border: 1px solid;\">Charging Time<\/td>\n<td style=\"font-family: inherit; font-size: 14px; overflow: hidden; padding: 5px 5px; text-align: center; vertical-align: top; word-break: normal; border: 1px solid;\">7-8 h<\/td>\n<\/tr>\n<tr>\n<td style=\"background-color: #e4e1e1; color: #333333; font-family: inherit; font-size: 14px; font-weight: bold; overflow: hidden; padding: 5px 5px; text-align: right; vertical-align: top; word-break: normal; border: 1px solid;\">Battery Charger Included<\/td>\n<td style=\"font-family: inherit; font-size: 14px; overflow: hidden; padding: 5px 5px; text-align: center; vertical-align: top; word-break: normal; border: 1px solid;\">yes<\/td>\n<\/tr>\n<tr>\n<td style=\"background-color: #e4e1e1; color: #333333; font-family: inherit; font-size: 14px; font-weight: bold; overflow: hidden; padding: 5px 5px; text-align: right; vertical-align: top; word-break: normal; border: 1px solid;\">Possibility of using Spare Battery<\/td>\n<td style=\"font-family: inherit; font-size: 14px; overflow: hidden; padding: 5px 5px; text-align: center; vertical-align: top; word-break: normal; border: 1px solid;\">yes<\/td>\n<\/tr>\n<tr>\n<td style=\"background-color: #e4e1e1; color: #333333; font-family: inherit; font-size: 14px; font-weight: bold; overflow: hidden; padding: 5px 5px; text-align: right; vertical-align: top; word-break: normal; border: 1px solid;\">Battery Removability<\/td>\n<td style=\"font-family: inherit; font-size: 14px; overflow: hidden; padding: 5px 5px; text-align: center; vertical-align: top; word-break: normal; border: 1px solid;\">yes<\/td>\n<\/tr>\n<tr>\n<td style=\"background-color: #e4e1e1; color: #333333; font-family: inherit; font-size: 14px; font-weight: bold; overflow: hidden; padding: 5px 5px; text-align: right; vertical-align: top; word-break: normal; border: 1px solid;\">Speed<\/td>\n<td style=\"font-family: inherit; font-size: 14px; overflow: hidden; padding: 5px 5px; text-align: center; vertical-align: top; word-break: normal; border: 1px solid;\">25 km\/h<\/td>\n<\/tr>\n<tr>\n<td style=\"background-color: #e4e1e1; color: #333333; font-family: inherit; font-size: 14px; font-weight: bold; overflow: hidden; padding: 5px 5px; text-align: right; vertical-align: top; word-break: normal; border: 1px solid;\">Speed Levels<\/td>\n<td style=\"font-family: inherit; font-size: 14px; overflow: hidden; padding: 5px 5px; text-align: center; vertical-align: top; word-break: normal; border: 1px solid;\">3<\/td>\n<\/tr>\n<tr>\n<td style=\"background-color: #e4e1e1; color: #333333; font-family: inherit; font-size: 14px; font-weight: bold; overflow: hidden; padding: 5px 5px; text-align: right; vertical-align: top; word-break: normal; border: 1px solid;\">Cruise Control<\/td>\n<td style=\"font-family: inherit; font-size: 14px; overflow: hidden; padding: 5px 5px; text-align: center; vertical-align: top; word-break: normal; border: 1px solid;\">yes<\/td>\n<\/tr>\n<tr>\n<td style=\"background-color: #e4e1e1; color: #333333; font-family: inherit; font-size: 14px; font-weight: bold; overflow: hidden; padding: 5px 5px; text-align: right; vertical-align: top; word-break: normal; border: 1px solid;\">Front Lights<\/td>\n<td style=\"font-family: inherit; font-size: 14px; overflow: hidden; padding: 5px 5px; text-align: center; vertical-align: top; word-break: normal; border: 1px solid;\">LED<\/td>\n<\/tr>\n<tr>\n<td style=\"background-color: #e4e1e1; color: #333333; font-family: inherit; font-size: 14px; font-weight: bold; overflow: hidden; padding: 5px 5px; text-align: right; vertical-align: top; word-break: normal; border: 1px solid;\">Rear Lights<\/td>\n<td style=\"font-family: inherit; font-size: 14px; overflow: hidden; padding: 5px 5px; text-align: center; vertical-align: top; word-break: normal; border: 1px solid;\">LED<\/td>\n<\/tr>\n<tr>\n<td style=\"background-color: #e4e1e1; color: #333333; font-family: inherit; font-size: 14px; font-weight: bold; overflow: hidden; padding: 5px 5px; text-align: right; vertical-align: top; word-break: normal; border: 1px solid;\">Rear Brakes<\/td>\n<td style=\"font-family: inherit; font-size: 14px; overflow: hidden; padding: 5px 5px; text-align: center; vertical-align: top; word-break: normal; border: 1px solid;\">mechanical disc brakes<\/td>\n<\/tr>\n<tr>\n<td style=\"background-color: #e4e1e1; color: #333333; font-family: inherit; font-size: 14px; font-weight: bold; overflow: hidden; padding: 5px 5px; text-align: right; vertical-align: top; word-break: normal; border: 1px solid;\">Tire Size<\/td>\n<td style=\"font-family: inherit; font-size: 14px; overflow: hidden; padding: 5px 5px; text-align: center; vertical-align: top; word-break: normal; border: 1px solid;\">10\u00d72.125\u2033<\/td>\n<\/tr>\n<tr>\n<td style=\"background-color: #e4e1e1; color: #333333; font-family: inherit; font-size: 14px; font-weight: bold; overflow: hidden; padding: 5px 5px; text-align: right; vertical-align: top; word-break: normal; border: 1px solid;\">Tire Type<\/td>\n<td style=\"font-family: inherit; font-size: 14px; overflow: hidden; padding: 5px 5px; text-align: center; vertical-align: top; word-break: normal; border: 1px solid;\">inner tube air tire<\/td>\n<\/tr>\n<tr>\n<td style=\"background-color: #e4e1e1; color: #333333; font-family: inherit; font-size: 14px; font-weight: bold; overflow: hidden; padding: 5px 5px; text-align: right; vertical-align: top; word-break: normal; border: 1px solid;\">Motorized Wheel<\/td>\n<td style=\"font-family: inherit; font-size: 14px; overflow: hidden; padding: 5px 5px; text-align: center; vertical-align: top; word-break: normal; border: 1px solid;\">front wheel<\/td>\n<\/tr>\n<tr>\n<td style=\"background-color: #e4e1e1; color: #333333; font-family: inherit; font-size: 14px; font-weight: bold; overflow: hidden; padding: 5px 5px; text-align: right; vertical-align: top; word-break: normal; border: 1px solid;\">Ride Height from the Ground<\/td>\n<td style=\"font-family: inherit; font-size: 14px; overflow: hidden; padding: 5px 5px; text-align: center; vertical-align: top; word-break: normal; border: 1px solid;\">120 mm<\/td>\n<\/tr>\n<tr>\n<td style=\"background-color: #e4e1e1; color: #333333; font-family: inherit; font-size: 14px; font-weight: bold; overflow: hidden; padding: 5px 5px; text-align: right; vertical-align: top; word-break: normal; border: 1px solid;\">Maximum Incline<\/td>\n<td style=\"font-family: inherit; font-size: 14px; overflow: hidden; padding: 5px 5px; text-align: center; vertical-align: top; word-break: normal; border: 1px solid;\">15 %<\/td>\n<\/tr>\n<tr>\n<td style=\"background-color: #e4e1e1; color: #333333; font-family: inherit; font-size: 14px; font-weight: bold; overflow: hidden; padding: 5px 5px; text-align: right; vertical-align: top; word-break: normal; border: 1px solid;\">Weight Limit<\/td>\n<td style=\"font-family: inherit; font-size: 14px; overflow: hidden; padding: 5px 5px; text-align: center; vertical-align: top; word-break: normal; border: 1px solid;\">120 kg<\/td>\n<\/tr>\n<tr>\n<td style=\"background-color: #e4e1e1; color: #333333; font-family: inherit; font-size: 14px; font-weight: bold; overflow: hidden; padding: 5px 5px; text-align: right; vertical-align: top; word-break: normal; border: 1px solid;\">Weight<\/td>\n<td style=\"font-family: inherit; font-size: 14px; overflow: hidden; padding: 5px 5px; text-align: center; vertical-align: top; word-break: normal; border: 1px solid;\">17kg<\/td>\n<\/tr>\n<\/tbody>\n<\/table>\n","protected":false},"excerpt":{"rendered":"<p><strong>Found a better price? Write to us and we'll make you a better offer!<\/strong><\/p>\n<p><strong>When purchased together with an electric scooter, all accessories and spare parts are -20%. The discount is automatically applied when added to the shopping cart!<\/strong><\/p>\n<p><strong>Delivery time: 1-5 business days.<\/strong><\/p>\n","protected":false},"featured_media":14157,"template":"","meta":[],"product_brand":[],"product_cat":[722],"product_tag":[],"filter_elektritoukeratas":[],"class_list":{"0":"post-44813","1":"product","2":"type-product","3":"status-publish","4":"has-post-thumbnail","6":"product_cat-electric-scooters","7":"pa_aku-mahutavus-wh-461-en","8":"pa_colour-punane","9":"pa_colour-sinine","10":"pa_kaal-kg-17-en","11":"pa_kandevoime-kg-120-en","12":"pa_labisoit-arvutuslik-km-31-en","13":"pa_mootorite-arv-uhe-mootoriga-en","14":"pa_muuja-platvormil-touksimaailm-exocool-ou-en","15":"pa_piiramata-tippkiirus-kmh-25-en","16":"pa_tootetuup-elektritoukeratas-en","17":"pa_valmistaja-velt-en","18":"pa_voimsus-w-400-en","20":"first","21":"outofstock","22":"taxable","23":"shipping-taxable","24":"purchasable","25":"product-type-variable"},"yoast_head":"<!-- This site is optimized with the Yoast SEO Premium plugin v26.8 (Yoast SEO v27.3) - https:\/\/yoast.com\/product\/yoast-seo-premium-wordpress\/ -->\n<title>Velt Smart Scooter Pro electric scooter &#8212; T\u00f5uksimaailm<\/title>\n<meta name=\"description\" content=\"Velt Smart Scooter Pro elektrit\u00f5ukeratas on 10&quot; \u00f5hkrehvidega on kompaktne ja v\u00f5imekas elektriline t\u00f5ukeratas igap\u00e4evaseks kasutamiseks.\" \/>\n<meta name=\"robots\" content=\"index, follow, max-snippet:-1, max-image-preview:large, max-video-preview:-1\" \/>\n<link rel=\"canonical\" href=\"https:\/\/www.xn--tuksimaailm-ffb.ee\/en\/product\/velt-smart-scooter-pro-electric-scooter\/\" \/>\n<meta property=\"og:locale\" content=\"en_US\" \/>\n<meta property=\"og:type\" content=\"article\" \/>\n<meta property=\"og:title\" content=\"Velt Smart Scooter Pro electric scooter\" \/>\n<meta property=\"og:description\" content=\"Velt Smart Scooter Pro elektrit\u00f5ukeratas on 10&quot; \u00f5hkrehvidega on kompaktne ja v\u00f5imekas elektriline t\u00f5ukeratas igap\u00e4evaseks kasutamiseks.\" \/>\n<meta property=\"og:url\" content=\"https:\/\/www.xn--tuksimaailm-ffb.ee\/en\/product\/velt-smart-scooter-pro-electric-scooter\/\" \/>\n<meta property=\"og:site_name\" content=\"T\u00f5uksimaailm\" \/>\n<meta property=\"article:publisher\" content=\"https:\/\/www.facebook.com\/touksimaailm\/\" \/>\n<meta property=\"og:image\" content=\"https:\/\/www.xn--tuksimaailm-ffb.ee\/wp-content\/uploads\/2020\/06\/X8-must-sinine.jpg\" \/>\n\t<meta property=\"og:image:width\" content=\"1877\" \/>\n\t<meta property=\"og:image:height\" content=\"2021\" \/>\n\t<meta property=\"og:image:type\" content=\"image\/jpeg\" \/>\n<meta name=\"twitter:card\" content=\"summary_large_image\" \/>\n<meta name=\"twitter:label1\" content=\"Availability\" \/>\n\t<meta name=\"twitter:data1\" content=\"Out of stock\" \/>\n<meta property=\"og:availability\" content=\"out of stock\" \/>\n<meta property=\"product:availability\" content=\"out of stock\" \/>\n<meta property=\"product:retailer_item_id\" content=\"Velt_X8_Pro\" \/>\n<meta property=\"product:condition\" content=\"new\" \/>\n<!-- \/ Yoast SEO Premium plugin. -->","yoast_head_json":{"title":"Velt Smart Scooter Pro electric scooter &#8212; T\u00f5uksimaailm","description":"Velt Smart Scooter Pro elektrit\u00f5ukeratas on 10\" \u00f5hkrehvidega on kompaktne ja v\u00f5imekas elektriline t\u00f5ukeratas igap\u00e4evaseks kasutamiseks.","robots":{"index":"index","follow":"follow","max-snippet":"max-snippet:-1","max-image-preview":"max-image-preview:large","max-video-preview":"max-video-preview:-1"},"canonical":"https:\/\/www.xn--tuksimaailm-ffb.ee\/en\/product\/velt-smart-scooter-pro-electric-scooter\/","og_locale":"en_US","og_type":"article","og_title":"Velt Smart Scooter Pro electric scooter","og_description":"Velt Smart Scooter Pro elektrit\u00f5ukeratas on 10\" \u00f5hkrehvidega on kompaktne ja v\u00f5imekas elektriline t\u00f5ukeratas igap\u00e4evaseks kasutamiseks.","og_url":"https:\/\/www.xn--tuksimaailm-ffb.ee\/en\/product\/velt-smart-scooter-pro-electric-scooter\/","og_site_name":"T\u00f5uksimaailm","article_publisher":"https:\/\/www.facebook.com\/touksimaailm\/","og_image":[{"width":1877,"height":2021,"url":"https:\/\/www.xn--tuksimaailm-ffb.ee\/wp-content\/uploads\/2020\/06\/X8-must-sinine.jpg","type":"image\/jpeg"}],"twitter_card":"summary_large_image","twitter_misc":{"Availability":"Out of stock"},"schema":{"@context":"https:\/\/schema.org","@graph":[{"@type":"WebPage","@id":"https:\/\/www.xn--tuksimaailm-ffb.ee\/en\/product\/velt-smart-scooter-pro-electric-scooter\/","url":"https:\/\/www.xn--tuksimaailm-ffb.ee\/en\/product\/velt-smart-scooter-pro-electric-scooter\/","name":"Velt Smart Scooter Pro electric scooter &#8212; T\u00f5uksimaailm","isPartOf":{"@id":"https:\/\/www.xn--tuksimaailm-ffb.ee\/en\/#website"},"primaryImageOfPage":{"@id":"https:\/\/www.xn--tuksimaailm-ffb.ee\/en\/product\/velt-smart-scooter-pro-electric-scooter\/#primaryimage"},"image":{"@id":"https:\/\/www.xn--tuksimaailm-ffb.ee\/en\/product\/velt-smart-scooter-pro-electric-scooter\/#primaryimage"},"thumbnailUrl":"https:\/\/www.xn--tuksimaailm-ffb.ee\/wp-content\/uploads\/2020\/06\/X8-must-sinine.jpg","datePublished":"2021-02-17T16:46:50+00:00","description":"Velt Smart Scooter Pro elektrit\u00f5ukeratas on 10\" \u00f5hkrehvidega on kompaktne ja v\u00f5imekas elektriline t\u00f5ukeratas igap\u00e4evaseks kasutamiseks.","breadcrumb":{"@id":"https:\/\/www.xn--tuksimaailm-ffb.ee\/en\/product\/velt-smart-scooter-pro-electric-scooter\/#breadcrumb"},"inLanguage":"en-US","potentialAction":[{"@type":"ReadAction","target":["https:\/\/www.xn--tuksimaailm-ffb.ee\/en\/product\/velt-smart-scooter-pro-electric-scooter\/"]}]},{"@type":"ImageObject","inLanguage":"en-US","@id":"https:\/\/www.xn--tuksimaailm-ffb.ee\/en\/product\/velt-smart-scooter-pro-electric-scooter\/#primaryimage","url":"https:\/\/www.xn--tuksimaailm-ffb.ee\/wp-content\/uploads\/2020\/06\/X8-must-sinine.jpg","contentUrl":"https:\/\/www.xn--tuksimaailm-ffb.ee\/wp-content\/uploads\/2020\/06\/X8-must-sinine.jpg","width":1877,"height":2021,"caption":"velt smart scooter pro x8 elektrit\u00f5ukeratas elektriline t\u00f5ukeratas 1"},{"@type":"BreadcrumbList","@id":"https:\/\/www.xn--tuksimaailm-ffb.ee\/en\/product\/velt-smart-scooter-pro-electric-scooter\/#breadcrumb","itemListElement":[{"@type":"ListItem","position":1,"name":"Home","item":"https:\/\/www.xn--tuksimaailm-ffb.ee\/en\/main-page\/"},{"@type":"ListItem","position":2,"name":"Shop","item":"https:\/\/www.xn--tuksimaailm-ffb.ee\/elektritoukerataste-pood\/"},{"@type":"ListItem","position":3,"name":"Velt Smart Scooter Pro electric scooter"}]},{"@type":"WebSite","@id":"https:\/\/www.xn--tuksimaailm-ffb.ee\/en\/#website","url":"https:\/\/www.xn--tuksimaailm-ffb.ee\/en\/","name":"T\u00f5uksimaailm","description":"Elektrit\u00f5ukerataste m\u00fc\u00fck, remont ja rent","publisher":{"@id":"https:\/\/www.xn--tuksimaailm-ffb.ee\/en\/#organization"},"potentialAction":[{"@type":"SearchAction","target":{"@type":"EntryPoint","urlTemplate":"https:\/\/www.xn--tuksimaailm-ffb.ee\/en\/?s={search_term_string}"},"query-input":{"@type":"PropertyValueSpecification","valueRequired":true,"valueName":"search_term_string"}}],"inLanguage":"en-US"},{"@type":"Organization","@id":"https:\/\/www.xn--tuksimaailm-ffb.ee\/en\/#organization","name":"T\u00f5uksimaailm","url":"https:\/\/www.xn--tuksimaailm-ffb.ee\/en\/","logo":{"@type":"ImageObject","inLanguage":"en-US","@id":"https:\/\/www.xn--tuksimaailm-ffb.ee\/en\/#\/schema\/logo\/image\/","url":"https:\/\/www.xn--tuksimaailm-ffb.ee\/wp-content\/uploads\/2020\/01\/logoz-e1579792875517.png","contentUrl":"https:\/\/www.xn--tuksimaailm-ffb.ee\/wp-content\/uploads\/2020\/01\/logoz-e1579792875517.png","width":250,"height":250,"caption":"T\u00f5uksimaailm"},"image":{"@id":"https:\/\/www.xn--tuksimaailm-ffb.ee\/en\/#\/schema\/logo\/image\/"},"sameAs":["https:\/\/www.facebook.com\/touksimaailm\/","https:\/\/www.instagram.com\/touksimaailm_\/","https:\/\/www.youtube.com\/channel\/UC18ml0EKIDLP1xGuQjFzcXQ"]}]},"og_availability":"out of stock","product_availability":"out of stock","product_retailer_item_id":"Velt_X8_Pro","product_condition":"new"},"jetpack_sharing_enabled":true,"_links":{"self":[{"href":"https:\/\/www.xn--tuksimaailm-ffb.ee\/en\/wp-json\/wp\/v2\/product\/44813","targetHints":{"allow":["GET"]}}],"collection":[{"href":"https:\/\/www.xn--tuksimaailm-ffb.ee\/en\/wp-json\/wp\/v2\/product"}],"about":[{"href":"https:\/\/www.xn--tuksimaailm-ffb.ee\/en\/wp-json\/wp\/v2\/types\/product"}],"wp:featuredmedia":[{"embeddable":true,"href":"https:\/\/www.xn--tuksimaailm-ffb.ee\/en\/wp-json\/wp\/v2\/media\/14157"}],"wp:attachment":[{"href":"https:\/\/www.xn--tuksimaailm-ffb.ee\/en\/wp-json\/wp\/v2\/media?parent=44813"}],"wp:term":[{"taxonomy":"product_brand","embeddable":true,"href":"https:\/\/www.xn--tuksimaailm-ffb.ee\/en\/wp-json\/wp\/v2\/product_brand?post=44813"},{"taxonomy":"product_cat","embeddable":true,"href":"https:\/\/www.xn--tuksimaailm-ffb.ee\/en\/wp-json\/wp\/v2\/product_cat?post=44813"},{"taxonomy":"product_tag","embeddable":true,"href":"https:\/\/www.xn--tuksimaailm-ffb.ee\/en\/wp-json\/wp\/v2\/product_tag?post=44813"},{"taxonomy":"filter_elektritoukeratas","embeddable":true,"href":"https:\/\/www.xn--tuksimaailm-ffb.ee\/en\/wp-json\/wp\/v2\/filter_elektritoukeratas?post=44813"}],"curies":[{"name":"wp","href":"https:\/\/api.w.org\/{rel}","templated":true}]}}