{"id":44824,"date":"2021-12-20T10:35:06","date_gmt":"2021-12-20T10:35:06","guid":{"rendered":"http:\/\/www.xn--tuksimaailm-ffb.ee\/shop\/dualtron-victor-electric-scooter\/"},"modified":"2021-12-20T10:35:06","modified_gmt":"2021-12-20T07:35:06","slug":"dualtron-victor-electric-scooter","status":"publish","type":"product","link":"https:\/\/www.xn--tuksimaailm-ffb.ee\/en\/product\/dualtron-victor-electric-scooter\/","title":{"rendered":"Dualtron Victor electric scooter"},"content":{"rendered":"<h2 style=\"text-align: center;\">DUALTRON VICTOR ELECTRIC SCOOTER - PRODUCT DESCRIPTION<\/h2>\n<p>The Dualtron Victor is the world's fastest \"middleweight\" electric scooter with 10-inch wheels and is considered by many to be the best Dualtron electric scooter overall. Victor is designed as a powerful successor to the Dualtron Eagle Pro and Spider scooters, bringing numerous technical improvements to the market. The biggest upgrade is the use of giant <strong>LG 21700<\/strong> battery modules to achieve a <strong>60V\/30Ah and 1800Wh<\/strong> capacity, making it the master of its weight class. This improvement allows the Dualtron Victor electric scooter to achieve the <strong>world's best energy-to-weight ratio (Wh\/kg)<\/strong>, meaning that no other electric scooter of the same weight can cover more kilometers on a single charge than the Victor.<\/p>\n<p>Like all other Minimotors electric scooters, the Dualtron Victor is designed with innovation, quality, and superior performance in mind. The second biggest improvement over the Dualtron Eagle Pro is the <strong>Zoom hydraulic disc brakes<\/strong>, which, unlike the previous generation's mechanical disc brakes, do not need constant readjustment. The brake pads also wear more evenly and need replacing less frequently. There is also a significant difference in braking power, which, combined with the wide <strong>10x3.00\" TUOVT<\/strong> air tires, makes the Dualtron Victor one of the safest in its weight class. Additionally, electric ABS magnetic brakes are featured, which engage before the disc brakes and allow the battery to charge during braking (KERS).<\/p>\n<p>On a single charge, the 30Ah battery version can travel up to <strong>100km<\/strong> in ECO driving mode, and the 24Ah battery up to <strong>80km<\/strong>. Under realistic conditions, with a rider heavier than 65kg, and with intermittent braking and accelerating, the range for the 30Ah battery is more likely between <strong>50-80km<\/strong>, and for the <strong>24Ah<\/strong> battery between 40-60km.<\/p>\n<p><iframe title=\"Minimotors Dualtron Victor Review   45MPH Electric Scooter That Fits In Your Trunk!\" width=\"1082\" height=\"609\" src=\"https:\/\/www.youtube.com\/embed\/ROeEKi92nTI?feature=oembed\" frameborder=\"0\" allow=\"accelerometer; autoplay; clipboard-write; encrypted-media; gyroscope; picture-in-picture; web-share\" referrerpolicy=\"strict-origin-when-cross-origin\" allowfullscreen><\/iframe><\/p>\n<h2 style=\"text-align: center;\">MINIMOTORS DUALTRON VICTOR \u00a0ELECTRIC SCOOTER - TECHNICAL EXCELLENCE<\/h2>\n<p>Minimotors, the creator of the Dualtron brand, is the world's oldest company engaged in the development and production of electric scooters. Originating from South Korea, Minimotors began developing electric personal mobility technologies in 1999 and by 2015, they became the first to invent and market an electric scooter (Dualtron) with both front and rear motors. The Victor electric scooter features dual <strong>500W<\/strong> peak power brushless DC (BLDC) motors.<\/p>\n<p>In addition to its high power, emphasis has also been placed on comfort. The Dualtron Victor is equipped with a patented rubber bushing-cartridge type suspension with multiple possible stiffness levels, which is also used in other Minimotors electric scooters. The comfort is further enhanced by the previously mentioned exceptionally soft <strong>10x3.00\"<\/strong> air tires. Like all new-generation Minimotors Dualtron electric scooters, the Dualtron Victor is equipped with a shock absorber installed in the lower part of the handlebar stem (upright boom) to reduce vibration transmitted to the hands, and foldable handlebars. Minimotors\u2019 folding handlebar solution is undeniably the most durable on the market, as the clamps are tool-free adjustable in stiffness and do not suffer from material fatigue over time. l\u00f5tkusid. <img decoding=\"async\" class=\"alignnone wp-image-6750\" src=\"https:\/\/www.xn--tuksimaailm-ffb.ee\/wp-content\/uploads\/2021\/12\/victor-1-300x300.png\" alt=\"dualtron victor elektrit\u00f5ukeratas elektriline t\u00f5ukeratas minimotors elektrit\u00f5ukerattad\" width=\"476\" height=\"476\" srcset=\"https:\/\/www.xn--tuksimaailm-ffb.ee\/wp-content\/uploads\/2021\/12\/victor-1-300x300.png 300w, https:\/\/www.xn--tuksimaailm-ffb.ee\/wp-content\/uploads\/2021\/12\/victor-1-150x150.png 150w, https:\/\/www.xn--tuksimaailm-ffb.ee\/wp-content\/uploads\/2021\/12\/victor-1-768x770.png 768w, https:\/\/www.xn--tuksimaailm-ffb.ee\/wp-content\/uploads\/2021\/12\/victor-1-299x300.png 299w, https:\/\/www.xn--tuksimaailm-ffb.ee\/wp-content\/uploads\/2021\/12\/victor-1-600x601.png 600w, https:\/\/www.xn--tuksimaailm-ffb.ee\/wp-content\/uploads\/2021\/12\/victor-1-100x100.png 100w, https:\/\/www.xn--tuksimaailm-ffb.ee\/wp-content\/uploads\/2021\/12\/victor-1-512x512.png 512w, https:\/\/www.xn--tuksimaailm-ffb.ee\/wp-content\/uploads\/2021\/12\/victor-1.png 827w\" sizes=\"(max-width: 476px) 100vw, 476px\" \/><\/p>\n<p><img decoding=\"async\" class=\"wp-image-6752 alignright\" src=\"https:\/\/www.xn--tuksimaailm-ffb.ee\/wp-content\/uploads\/2021\/12\/victor-3-300x300.png\" alt=\"dualtron victor elektrit\u00f5ukeratas elektriline t\u00f5ukeratas minimotors elektrit\u00f5ukerattad\" width=\"471\" height=\"471\" srcset=\"https:\/\/www.xn--tuksimaailm-ffb.ee\/wp-content\/uploads\/2021\/12\/victor-3-300x300.png 300w, https:\/\/www.xn--tuksimaailm-ffb.ee\/wp-content\/uploads\/2021\/12\/victor-3-150x150.png 150w, https:\/\/www.xn--tuksimaailm-ffb.ee\/wp-content\/uploads\/2021\/12\/victor-3-768x770.png 768w, https:\/\/www.xn--tuksimaailm-ffb.ee\/wp-content\/uploads\/2021\/12\/victor-3-299x300.png 299w, https:\/\/www.xn--tuksimaailm-ffb.ee\/wp-content\/uploads\/2021\/12\/victor-3-600x601.png 600w, https:\/\/www.xn--tuksimaailm-ffb.ee\/wp-content\/uploads\/2021\/12\/victor-3-100x100.png 100w, https:\/\/www.xn--tuksimaailm-ffb.ee\/wp-content\/uploads\/2021\/12\/victor-3-512x512.png 512w, https:\/\/www.xn--tuksimaailm-ffb.ee\/wp-content\/uploads\/2021\/12\/victor-3.png 823w\" sizes=\"(max-width: 471px) 100vw, 471px\" \/><\/p>\n<h2 style=\"text-align: center;\">PERFORMANCE<\/h2>\n<p>According to the law, the Victor electric scooter can reach the manufacturer's speed of <strong>25km\/h<\/strong> almost instantly - within seconds. The electric scooter can also carry significant weight - the manufacturer has set a weight limit of up to <strong>120kg<\/strong> for the Dualtron Victor electric scooter. The electric scooter is capable of climbing up to <strong>30-degree slopes<\/strong>. It takes <strong>17 hours<\/strong> to fully charge the Dualtron Victor battery with the charger included in the box. Fortunately, Minimotors engineers have addressed this, and using a fast charger reduces the charging time to only<strong> 4.6 hours<\/strong>.<\/p>\n<p>Like all Minimotors electric scooters, the Victor is equipped with front and rear lights that illuminate the road surface around the scooter and help to be visible in the dark. To light the road further, an additional light is required. All new-generation Dualtron electric scooters are also equipped with hazard lights. The Dualtron Victor electric scooter is more like a motorcycle than an electric scooter - it is definitely recommended to wear a helmet and crash-protective clothing such as pants and jackets with integrated armor (motorcycle gear). For riders under 16 years old, wearing a helmet while riding an electric scooter is legally mandatory. All Minimotors Dualtron electric scooters can be found here.<\/p>\n<p><strong>The Dualtron Victor electric scooter is street-legal in Estonia according to traffic laws, with a manufacturer power of 1000W and a manufacturer speed of 25km\/h. Note! If the user has independently modified the electric scooter to be faster or more powerful than the aforementioned parameters, then T\u00f5uksimaailm is not responsible for any fines incurred due to violations of the law, confiscation of the electric scooter by the police, or damages caused by other types of violations.<\/strong><\/p>\n<table class=\"tg\" style=\"border-collapse: collapse; max-width: 600px; border-spacing: 0; margin: 0px auto;\">\n<tbody>\n<tr>\n<td style=\"background-color: #e4e1e1; color: #333333; font-family: inherit; font-size: 14px; font-weight: bold; overflow: hidden; padding: 5px 5px; text-align: center; vertical-align: top; word-break: normal; border: 1px solid;\" colspan=\"2\">Technical Specification<\/td>\n<\/tr>\n<tr>\n<td style=\"background-color: #e4e1e1; color: #333333; font-family: inherit; font-size: 14px; font-weight: bold; overflow: hidden; padding: 5px 5px; text-align: right; vertical-align: top; word-break: normal; border: 1px solid;\">Model<\/td>\n<td style=\"font-family: inherit; font-size: 14px; overflow: hidden; padding: 5px 5px; text-align: center; vertical-align: top; word-break: normal; border: 1px solid;\">Minimotors Dualtron Victor<\/td>\n<\/tr>\n<tr>\n<td style=\"background-color: #e4e1e1; color: #333333; font-family: inherit; font-size: 14px; font-weight: bold; overflow: hidden; padding: 5px 5px; text-align: right; vertical-align: top; word-break: normal; border: 1px solid;\">Battery<\/td>\n<td style=\"font-family: inherit; font-size: 14px; overflow: hidden; padding: 5px 5px; text-align: center; vertical-align: top; word-break: normal; border: 1px solid;\">60V\/30Ah (LG 21700 cells) or 60V\/24Ah Li-Ion<\/td>\n<\/tr>\n<tr>\n<td style=\"background-color: #e4e1e1; color: #333333; font-family: inherit; font-size: 14px; font-weight: bold; overflow: hidden; padding: 5px 5px; text-align: right; vertical-align: top; word-break: normal; border: 1px solid;\">Motor Power<\/td>\n<td style=\"font-family: inherit; font-size: 14px; overflow: hidden; padding: 5px 5px; text-align: center; vertical-align: top; word-break: normal; border: 1px solid;\">1000W<\/td>\n<\/tr>\n<tr>\n<td style=\"background-color: #e4e1e1; color: #333333; font-family: inherit; font-size: 14px; font-weight: bold; overflow: hidden; padding: 5px 5px; text-align: right; vertical-align: top; word-break: normal; border: 1px solid;\">Range (ECO mode), manufaturer specification | Calculated Range<\/td>\n<td style=\"font-family: inherit; font-size: 14px; overflow: hidden; padding: 5px 5px; text-align: center; vertical-align: top; word-break: normal; border: 1px solid;\">up to 100km (30Ah battery); 80km (24Ah battery) | 96km (25km\/h, 70kg rider, 15Wh\/km)<\/td>\n<\/tr>\n<tr>\n<td style=\"background-color: #e4e1e1; color: #333333; font-family: inherit; font-size: 14px; font-weight: bold; overflow: hidden; padding: 5px 5px; text-align: right; vertical-align: top; word-break: normal; border: 1px solid;\">Front Brakes<\/td>\n<td style=\"font-family: inherit; font-size: 14px; overflow: hidden; padding: 5px 5px; text-align: center; vertical-align: top; word-break: normal; border: 1px solid;\">Zoom brand hydraulic disc brake + magnetic motor brake<\/td>\n<\/tr>\n<tr>\n<td style=\"background-color: #e4e1e1; color: #333333; font-family: inherit; font-size: 14px; font-weight: bold; overflow: hidden; padding: 5px 5px; text-align: right; vertical-align: top; word-break: normal; border: 1px solid;\">Rear Brakes<\/td>\n<td style=\"font-family: inherit; font-size: 14px; overflow: hidden; padding: 5px 5px; text-align: center; vertical-align: top; word-break: normal; border: 1px solid;\">Zoom brand hydraulic disc brake + magnetic motor brake<\/td>\n<\/tr>\n<tr>\n<td style=\"background-color: #e4e1e1; color: #333333; font-family: inherit; font-size: 14px; font-weight: bold; overflow: hidden; padding: 5px 5px; text-align: right; vertical-align: top; word-break: normal; border: 1px solid;\">Charging Time<\/td>\n<td style=\"font-family: inherit; font-size: 14px; overflow: hidden; padding: 5px 5px; text-align: center; vertical-align: top; word-break: normal; border: 1px solid;\">17h \u2013 standard charger; 4,6h \u2013 fast charger<\/td>\n<\/tr>\n<tr>\n<td style=\"background-color: #e4e1e1; color: #333333; font-family: inherit; font-size: 14px; font-weight: bold; overflow: hidden; padding: 5px 5px; text-align: right; vertical-align: top; word-break: normal; border: 1px solid;\">Weight Limit<\/td>\n<td style=\"font-family: inherit; font-size: 14px; overflow: hidden; padding: 5px 5px; text-align: center; vertical-align: top; word-break: normal; border: 1px solid;\">120kg<\/td>\n<\/tr>\n<tr>\n<td style=\"background-color: #e4e1e1; color: #333333; font-family: inherit; font-size: 14px; font-weight: bold; overflow: hidden; padding: 5px 5px; text-align: right; vertical-align: top; word-break: normal; border: 1px solid;\">Modified Speed after Tuning<\/td>\n<td style=\"font-family: inherit; font-size: 14px; overflow: hidden; padding: 5px 5px; text-align: center; vertical-align: top; word-break: normal; border: 1px solid;\">25km\/h<\/td>\n<\/tr>\n<tr>\n<td style=\"background-color: #e4e1e1; color: #333333; font-family: inherit; font-size: 14px; font-weight: bold; overflow: hidden; padding: 5px 5px; text-align: right; vertical-align: top; word-break: normal; border: 1px solid;\">Speed<\/td>\n<td style=\"font-family: inherit; font-size: 14px; overflow: hidden; padding: 5px 5px; text-align: center; vertical-align: top; word-break: normal; border: 1px solid;\">25km\/h<\/td>\n<\/tr>\n<tr>\n<td style=\"background-color: #e4e1e1; color: #333333; font-family: inherit; font-size: 14px; font-weight: bold; overflow: hidden; padding: 5px 5px; text-align: right; vertical-align: top; word-break: normal; border: 1px solid;\">Weight<\/td>\n<td style=\"font-family: inherit; font-size: 14px; overflow: hidden; padding: 5px 5px; text-align: center; vertical-align: top; word-break: normal; border: 1px solid;\">33kg<\/td>\n<\/tr>\n<tr>\n<td style=\"background-color: #e4e1e1; color: #333333; font-family: inherit; font-size: 14px; font-weight: bold; overflow: hidden; padding: 5px 5px; text-align: right; vertical-align: top; word-break: normal; border: 1px solid;\">Tires<\/td>\n<td style=\"font-family: inherit; font-size: 14px; overflow: hidden; padding: 5px 5px; text-align: center; vertical-align: top; word-break: normal; border: 1px solid;\">10\u00d73.00\u2033 TUOVT wide inner tube air tires<\/td>\n<\/tr>\n<tr>\n<td style=\"background-color: #e4e1e1; color: #333333; font-family: inherit; font-size: 14px; font-weight: bold; overflow: hidden; padding: 5px 5px; text-align: right; vertical-align: top; word-break: normal; border: 1px solid;\">Suspension<\/td>\n<td style=\"font-family: inherit; font-size: 14px; overflow: hidden; padding: 5px 5px; text-align: center; vertical-align: top; word-break: normal; border: 1px solid;\">Rubber bushing cartridges - 5 different stiffness options<\/td>\n<\/tr>\n<tr>\n<td style=\"background-color: #e4e1e1; color: #333333; font-family: inherit; font-size: 14px; font-weight: bold; overflow: hidden; padding: 5px 5px; text-align: right; vertical-align: top; word-break: normal; border: 1px solid;\">Lights<\/td>\n<td style=\"font-family: inherit; font-size: 14px; overflow: hidden; padding: 5px 5px; text-align: center; vertical-align: top; word-break: normal; border: 1px solid;\">LED front and rear lights, brake lights, hazard lights<\/td>\n<\/tr>\n<tr>\n<td style=\"background-color: #e4e1e1; color: #333333; font-family: inherit; font-size: 14px; font-weight: bold; overflow: hidden; padding: 5px 5px; text-align: right; vertical-align: top; word-break: normal; border: 1px solid;\">Maximum Incline<\/td>\n<td style=\"font-family: inherit; font-size: 14px; overflow: hidden; padding: 5px 5px; text-align: center; vertical-align: top; word-break: normal; border: 1px solid;\">30 degrees<\/td>\n<\/tr>\n<\/tbody>\n<\/table>\n","protected":false},"excerpt":{"rendered":"<p><strong>Found a better price? Write to us and we'll make you a better offer!<\/strong><\/p>\n<p><strong>When purchased together with an electric scooter, all accessories and spare parts are -20%. The discount is automatically applied when added to the shopping cart!<\/strong><\/p>\n<p><strong>Delivery time: 1-5 business days.<\/strong><\/p>\n","protected":false},"featured_media":15325,"template":"","meta":[],"product_brand":[],"product_cat":[722],"product_tag":[],"filter_elektritoukeratas":[],"class_list":{"0":"post-44824","1":"product","2":"type-product","3":"status-publish","4":"has-post-thumbnail","6":"product_cat-electric-scooters","7":"product_shipping_class-keskmine-pakk-en","8":"pa_aku-mahutavus-wh-1440-en","9":"pa_aku-mahutavus-wh-1680-en","10":"pa_aku-mahutavus-wh-1800-en","11":"pa_kaal-kg-33-en","12":"pa_kandevoime-kg-120-en","13":"pa_labisoit-arvutuslik-km-120-en","14":"pa_mootorite-arv-two-motors","15":"pa_muuja-platvormil-touksimaailm-exocool-ou-en","16":"pa_piiramata-tippkiirus-kmh-25-en","17":"pa_size-dualtron-victor-elektritoukeratas-24ah-aku-en","18":"pa_size-dualtron-victor-elektritoukeratas-28ah-aku-en","19":"pa_size-dualtron-victor-elektritoukeratas-30ah-aku-en","20":"pa_tootetuup-elektritoukeratas-en","21":"pa_valmistaja-dualtron-en","22":"pa_voimsus-w-1000-en","24":"first","25":"instock","26":"sale","27":"taxable","28":"shipping-taxable","29":"purchasable","30":"product-type-variable"},"yoast_head":"<!-- This site is optimized with the Yoast SEO Premium plugin v26.8 (Yoast SEO v27.5) - https:\/\/yoast.com\/product\/yoast-seo-premium-wordpress\/ -->\n<title>Dualtron Victor electric scooter | Kiireim 10&quot; | T\u00f5uksimaailm<\/title>\n<meta name=\"description\" content=\"Dualtron Victor elektrit\u00f5ukeratas. K\u00f5ige kiirem 10 tolliste ratastega elektriline t\u00f5ukeratas, kompaktne. Minimotors elektrit\u00f5ukerattad.\" \/>\n<meta name=\"robots\" content=\"index, follow, max-snippet:-1, max-image-preview:large, max-video-preview:-1\" \/>\n<link rel=\"canonical\" href=\"https:\/\/www.xn--tuksimaailm-ffb.ee\/en\/product\/dualtron-victor-electric-scooter\/\" \/>\n<meta property=\"og:locale\" content=\"en_US\" \/>\n<meta property=\"og:type\" content=\"article\" \/>\n<meta property=\"og:title\" content=\"Dualtron Victor electric scooter\" \/>\n<meta property=\"og:description\" content=\"Dualtron Victor elektrit\u00f5ukeratas. K\u00f5ige kiirem 10 tolliste ratastega elektriline t\u00f5ukeratas, kompaktne. Minimotors elektrit\u00f5ukerattad.\" \/>\n<meta property=\"og:url\" content=\"https:\/\/www.xn--tuksimaailm-ffb.ee\/en\/product\/dualtron-victor-electric-scooter\/\" \/>\n<meta property=\"og:site_name\" content=\"T\u00f5uksimaailm\" \/>\n<meta property=\"article:publisher\" content=\"https:\/\/www.facebook.com\/touksimaailm\/\" \/>\n<meta property=\"og:image\" content=\"https:\/\/www.xn--tuksimaailm-ffb.ee\/wp-content\/uploads\/2021\/12\/victor-2.png\" \/>\n\t<meta property=\"og:image:width\" content=\"823\" \/>\n\t<meta property=\"og:image:height\" content=\"825\" \/>\n\t<meta property=\"og:image:type\" content=\"image\/png\" \/>\n<meta name=\"twitter:card\" content=\"summary_large_image\" \/>\n<meta name=\"twitter:label1\" content=\"Availability\" \/>\n\t<meta name=\"twitter:data1\" content=\"In stock\" \/>\n<meta property=\"og:availability\" content=\"instock\" \/>\n<meta property=\"product:availability\" content=\"instock\" \/>\n<meta property=\"product:retailer_item_id\" content=\"DT_Victor\" \/>\n<meta property=\"product:condition\" content=\"new\" \/>\n<!-- \/ Yoast SEO Premium plugin. -->","yoast_head_json":{"title":"Dualtron Victor electric scooter | Kiireim 10\" | T\u00f5uksimaailm","description":"Dualtron Victor elektrit\u00f5ukeratas. K\u00f5ige kiirem 10 tolliste ratastega elektriline t\u00f5ukeratas, kompaktne. Minimotors elektrit\u00f5ukerattad.","robots":{"index":"index","follow":"follow","max-snippet":"max-snippet:-1","max-image-preview":"max-image-preview:large","max-video-preview":"max-video-preview:-1"},"canonical":"https:\/\/www.xn--tuksimaailm-ffb.ee\/en\/product\/dualtron-victor-electric-scooter\/","og_locale":"en_US","og_type":"article","og_title":"Dualtron Victor electric scooter","og_description":"Dualtron Victor elektrit\u00f5ukeratas. K\u00f5ige kiirem 10 tolliste ratastega elektriline t\u00f5ukeratas, kompaktne. Minimotors elektrit\u00f5ukerattad.","og_url":"https:\/\/www.xn--tuksimaailm-ffb.ee\/en\/product\/dualtron-victor-electric-scooter\/","og_site_name":"T\u00f5uksimaailm","article_publisher":"https:\/\/www.facebook.com\/touksimaailm\/","og_image":[{"width":823,"height":825,"url":"https:\/\/www.xn--tuksimaailm-ffb.ee\/wp-content\/uploads\/2021\/12\/victor-2.png","type":"image\/png"}],"twitter_card":"summary_large_image","twitter_misc":{"Availability":"In stock"},"schema":{"@context":"https:\/\/schema.org","@graph":[{"@type":"WebPage","@id":"https:\/\/www.xn--tuksimaailm-ffb.ee\/en\/product\/dualtron-victor-electric-scooter\/","url":"https:\/\/www.xn--tuksimaailm-ffb.ee\/en\/product\/dualtron-victor-electric-scooter\/","name":"Dualtron Victor electric scooter | Kiireim 10\" | T\u00f5uksimaailm","isPartOf":{"@id":"https:\/\/www.xn--tuksimaailm-ffb.ee\/en\/#website"},"primaryImageOfPage":{"@id":"https:\/\/www.xn--tuksimaailm-ffb.ee\/en\/product\/dualtron-victor-electric-scooter\/#primaryimage"},"image":{"@id":"https:\/\/www.xn--tuksimaailm-ffb.ee\/en\/product\/dualtron-victor-electric-scooter\/#primaryimage"},"thumbnailUrl":"https:\/\/www.xn--tuksimaailm-ffb.ee\/wp-content\/uploads\/2021\/12\/victor-2.png","datePublished":"2021-12-20T10:35:06+00:00","description":"Dualtron Victor elektrit\u00f5ukeratas. K\u00f5ige kiirem 10 tolliste ratastega elektriline t\u00f5ukeratas, kompaktne. Minimotors elektrit\u00f5ukerattad.","breadcrumb":{"@id":"https:\/\/www.xn--tuksimaailm-ffb.ee\/en\/product\/dualtron-victor-electric-scooter\/#breadcrumb"},"inLanguage":"en-US","potentialAction":[{"@type":"ReadAction","target":["https:\/\/www.xn--tuksimaailm-ffb.ee\/en\/product\/dualtron-victor-electric-scooter\/"]}]},{"@type":"ImageObject","inLanguage":"en-US","@id":"https:\/\/www.xn--tuksimaailm-ffb.ee\/en\/product\/dualtron-victor-electric-scooter\/#primaryimage","url":"https:\/\/www.xn--tuksimaailm-ffb.ee\/wp-content\/uploads\/2021\/12\/victor-2.png","contentUrl":"https:\/\/www.xn--tuksimaailm-ffb.ee\/wp-content\/uploads\/2021\/12\/victor-2.png","width":823,"height":825,"caption":"dualtron victor elektrit\u00f5ukeratas elektriline t\u00f5ukeratas minimotors elektrit\u00f5ukerattad"},{"@type":"BreadcrumbList","@id":"https:\/\/www.xn--tuksimaailm-ffb.ee\/en\/product\/dualtron-victor-electric-scooter\/#breadcrumb","itemListElement":[{"@type":"ListItem","position":1,"name":"Home","item":"https:\/\/www.xn--tuksimaailm-ffb.ee\/en\/main-page\/"},{"@type":"ListItem","position":2,"name":"Shop","item":"https:\/\/www.xn--tuksimaailm-ffb.ee\/elektritoukerataste-pood\/"},{"@type":"ListItem","position":3,"name":"Dualtron Victor electric scooter"}]},{"@type":"WebSite","@id":"https:\/\/www.xn--tuksimaailm-ffb.ee\/en\/#website","url":"https:\/\/www.xn--tuksimaailm-ffb.ee\/en\/","name":"T\u00f5uksimaailm","description":"Elektrit\u00f5ukerataste m\u00fc\u00fck, remont ja rent","publisher":{"@id":"https:\/\/www.xn--tuksimaailm-ffb.ee\/en\/#organization"},"potentialAction":[{"@type":"SearchAction","target":{"@type":"EntryPoint","urlTemplate":"https:\/\/www.xn--tuksimaailm-ffb.ee\/en\/?s={search_term_string}"},"query-input":{"@type":"PropertyValueSpecification","valueRequired":true,"valueName":"search_term_string"}}],"inLanguage":"en-US"},{"@type":"Organization","@id":"https:\/\/www.xn--tuksimaailm-ffb.ee\/en\/#organization","name":"T\u00f5uksimaailm","url":"https:\/\/www.xn--tuksimaailm-ffb.ee\/en\/","logo":{"@type":"ImageObject","inLanguage":"en-US","@id":"https:\/\/www.xn--tuksimaailm-ffb.ee\/en\/#\/schema\/logo\/image\/","url":"https:\/\/www.xn--tuksimaailm-ffb.ee\/wp-content\/uploads\/2020\/01\/logoz-e1579792875517.png","contentUrl":"https:\/\/www.xn--tuksimaailm-ffb.ee\/wp-content\/uploads\/2020\/01\/logoz-e1579792875517.png","width":250,"height":250,"caption":"T\u00f5uksimaailm"},"image":{"@id":"https:\/\/www.xn--tuksimaailm-ffb.ee\/en\/#\/schema\/logo\/image\/"},"sameAs":["https:\/\/www.facebook.com\/touksimaailm\/","https:\/\/www.instagram.com\/touksimaailm_\/","https:\/\/www.youtube.com\/channel\/UC18ml0EKIDLP1xGuQjFzcXQ"]}]},"og_availability":"instock","product_availability":"instock","product_retailer_item_id":"DT_Victor","product_condition":"new"},"jetpack_sharing_enabled":true,"_links":{"self":[{"href":"https:\/\/www.xn--tuksimaailm-ffb.ee\/en\/wp-json\/wp\/v2\/product\/44824","targetHints":{"allow":["GET"]}}],"collection":[{"href":"https:\/\/www.xn--tuksimaailm-ffb.ee\/en\/wp-json\/wp\/v2\/product"}],"about":[{"href":"https:\/\/www.xn--tuksimaailm-ffb.ee\/en\/wp-json\/wp\/v2\/types\/product"}],"wp:featuredmedia":[{"embeddable":true,"href":"https:\/\/www.xn--tuksimaailm-ffb.ee\/en\/wp-json\/wp\/v2\/media\/15325"}],"wp:attachment":[{"href":"https:\/\/www.xn--tuksimaailm-ffb.ee\/en\/wp-json\/wp\/v2\/media?parent=44824"}],"wp:term":[{"taxonomy":"product_brand","embeddable":true,"href":"https:\/\/www.xn--tuksimaailm-ffb.ee\/en\/wp-json\/wp\/v2\/product_brand?post=44824"},{"taxonomy":"product_cat","embeddable":true,"href":"https:\/\/www.xn--tuksimaailm-ffb.ee\/en\/wp-json\/wp\/v2\/product_cat?post=44824"},{"taxonomy":"product_tag","embeddable":true,"href":"https:\/\/www.xn--tuksimaailm-ffb.ee\/en\/wp-json\/wp\/v2\/product_tag?post=44824"},{"taxonomy":"filter_elektritoukeratas","embeddable":true,"href":"https:\/\/www.xn--tuksimaailm-ffb.ee\/en\/wp-json\/wp\/v2\/filter_elektritoukeratas?post=44824"}],"curies":[{"name":"wp","href":"https:\/\/api.w.org\/{rel}","templated":true}]}}