{"id":44831,"date":"2023-03-10T14:45:25","date_gmt":"2023-03-10T12:45:25","guid":{"rendered":"http:\/\/www.xn--tuksimaailm-ffb.ee\/shop\/dualtron-victor-luxury-electric-scooter\/"},"modified":"2023-03-10T14:45:25","modified_gmt":"2023-03-10T11:45:25","slug":"dualtron-victor-luxury-electric-scooter","status":"publish","type":"product","link":"https:\/\/www.xn--tuksimaailm-ffb.ee\/en\/product\/dualtron-victor-luxury-electric-scooter\/","title":{"rendered":"Dualtron Victor Luxury electric scooter"},"content":{"rendered":"<h2 style=\"text-align: center;\">DUALTRON VICTOR LUXURY ELECTRIC SCOOTER - PRODUCT DESCRIPTION<\/h2>\n<p>The new Dualtron Victor Luxury package electric scooters have received both technical and cosmetic enhancements. Previously known for its high weight and energy\/battery capacity ratio, the Dualtron Victor electric scooter has now merged with the Dualtron Achilles electric scooter. In this combination, the Victor Luxury electric scooter permanently boasts the <strong>world's best energy-to-weight ratio (Wh\/kg)<\/strong>, but is now even more outstanding and practical. The Victor Luxury electric scooters are suitable for anyone looking for a long-distance, supremely comfortable, and technologically advanced electric scooter.<\/p>\n<p>Minimotors electric scooters are primarily known for their product quality, distinctive and eye-catching design, and innovative solutions. The new Minimotors Dualtron Victor Luxury package electric scooters also embody the best of the best. For example, the Victor Luxury electric scooter is equipped with highly precise <strong>ZOOM brand hydraulic disc brakes<\/strong> and <strong>extra-wide 10x3\u201d air tires,<\/strong> which together with innovative rubber bushing shocks ensure a safe and enjoyable riding experience.<\/p>\n<p>All Minimotors Dualtron electric scooters can be found here.<\/p>\n<p><iframe title=\"Exquisite Ride! Why the Victor Luxury is a Top Dualtron Electric Scooter - Review\" width=\"1082\" height=\"609\" src=\"https:\/\/www.youtube.com\/embed\/vca7ltU6zHY?start=55&feature=oembed\" frameborder=\"0\" allow=\"accelerometer; autoplay; clipboard-write; encrypted-media; gyroscope; picture-in-picture; web-share\" referrerpolicy=\"strict-origin-when-cross-origin\" allowfullscreen><\/iframe><\/p>\n<h2 style=\"text-align: center;\">MINIMOTORS DUALTRON VICTOR LUXURY \u00a0ELECTRIC SCOOTER - TECHNICAL EXCELLENCE<\/h2>\n<p>Minimotors, the creator of the Dualtron brand, is the oldest company in the world engaged in the development and production of electric scooters. Originating from South Korea, Minimotors began developing technologies for electric personal mobility devices at the end of the last century, in 1999, and by 2015, they had become the first to invent and bring to market an electric scooter (Dualtron) with both front and rear motors. The Victor Luxury electric scooter features dual <strong>1000W<\/strong> peak power brushless DC (BLDC) motors at both the front and rear.<\/p>\n<p>In addition to its capability, the Victor Luxury electric scooters are notable for their first-class maneuverability and comfort. Dualtron electric scooters are globally known for their patented rubber bushing-cartridge type suspension, which allows the scooter to be adjusted according to the rider's preferences and parameters.<\/p>\n<p>The newer generation Minimotors Dualtron electric scooters, including the Victor Luxury model, are equipped with a shock absorber installed in the lower part of the handlebar stem (upright boom) to reduce vibration transmitted to the hands, and a foldable handlebar. Minimotors has noted through its long-term development work that electric scooters with foldable handlebars require periodic adjustments to the folding mechanism. For this reason, the Victor Luxury electric scooter is equipped with arguably the best foldable handlebar on the market, which can be adjusted without tools.<\/p>\n<h2 style=\"text-align: center;\">PERFORMANCE<\/h2>\n<p>The dual-drive Dualtron Victor Luxury electric scooter achieves the manufacturer's speed of <strong>25km\/h<\/strong> instantly thanks to its vibrant brushless motors. With its robust construction and capability, the Victor Luxury electric scooter does not falter even in the most challenging and demanding situations. According to factory specifications, the Victor Luxury can successfully handle 30% inclines and manages well even with a rider weighing up to <strong>120kg.<\/strong><\/p>\n<p>To ensure a long-lasting riding experience, Victor Luxury electric scooters are equipped with a large Li-Ion battery pack. The Victor Luxury electric scooters are available with either a <strong>60V \/ 24Ah (1440Wh)<\/strong> or a <strong>60V \/ 30Ah (1800Wh)<\/strong> Li-Ion battery pack. The electric scooter equipped with the larger <strong>30Ah<\/strong> Li-ion battery pack is somewhat more expensive, but in return, it offers a longer range and is equipped with high-quality LG battery modules (or cells). According to the manufacturer's specifications, the Victor Luxury electric scooter with a <strong>24Ah Li-Ion<\/strong> battery pack can be fully charged in <strong>11 hours<\/strong>, and the one with a <strong>30Ah Li-ion<\/strong> battery pack in <strong>15 hours<\/strong>.<\/p>\n<h2 style=\"text-align: center;\">DUALTRON VICTOR LUXURY ELECTRIC SCOOTER - RIDING IN THE DARK<\/h2>\n<p>For riding in twilight and darkness, the Victor Luxury electric scooter is equipped with both front and rear LED lights that illuminate the road surface and help ensure the rider's visibility to other road users. Additionally, the Victor Luxury electric scooter features color-changing RGB lights on both the handlebar stem and the standing deck.<\/p>\n<p><strong>The Dualtron Victor Luxury electric scooter is street-legal in Estonia according to traffic laws, with a manufacturer's power of 1000W and a manufacturer's speed of 25km\/h. Note! If the user has independently modified the electric scooter to be faster or more powerful than the aforementioned parameters, then T\u00f5uksimaailm is not responsible for any fines incurred due to violations of the law, confiscation of the electric scooter by the police, or damages caused by other types of violations.<\/strong><\/p>\n<table class=\"tg\" style=\"border-collapse: collapse; max-width: 600px; border-spacing: 0px; margin: 0px auto; width: 84%; height: 545px;\">\n<tbody>\n<tr style=\"height: 27px;\">\n<td style=\"background-color: #e4e1e1; color: #333333; font-family: inherit; font-size: 14px; font-weight: bold; overflow: hidden; padding: 5px; text-align: center; vertical-align: top; word-break: normal; border: 1px solid; height: 27px;\" colspan=\"2\">Technical Specification<\/td>\n<\/tr>\n<tr style=\"height: 27px;\">\n<td style=\"background-color: #e4e1e1; color: #333333; font-family: inherit; font-size: 14px; font-weight: bold; overflow: hidden; padding: 5px; text-align: right; vertical-align: top; word-break: normal; border: 1px solid; height: 27px;\">Model<\/td>\n<td style=\"font-family: inherit; font-size: 14px; overflow: hidden; padding: 5px; text-align: center; vertical-align: top; word-break: normal; border: 1px solid; height: 27px;\">Minimotors Dualtron Victor Luxury<\/td>\n<\/tr>\n<tr style=\"height: 55px;\">\n<td style=\"background-color: #e4e1e1; color: #333333; font-family: inherit; font-size: 14px; font-weight: bold; overflow: hidden; padding: 5px; text-align: right; vertical-align: top; word-break: normal; border: 1px solid; height: 55px;\">Battery<\/td>\n<td style=\"font-family: inherit; font-size: 14px; overflow: hidden; padding: 5px; text-align: center; vertical-align: top; word-break: normal; border: 1px solid; height: 55px;\">60V\/30Ah or 60V\/24Ah Li-Ion (LG 21700 cells)<\/td>\n<\/tr>\n<tr style=\"height: 27px;\">\n<td style=\"background-color: #e4e1e1; color: #333333; font-family: inherit; font-size: 14px; font-weight: bold; overflow: hidden; padding: 5px; text-align: right; vertical-align: top; word-break: normal; border: 1px solid; height: 27px;\">Motor Power<\/td>\n<td style=\"font-family: inherit; font-size: 14px; overflow: hidden; padding: 5px; text-align: center; vertical-align: top; word-break: normal; border: 1px solid; height: 27px;\">1000W<\/td>\n<\/tr>\n<tr style=\"height: 55px;\">\n<td style=\"background-color: #e4e1e1; color: #333333; font-family: inherit; font-size: 14px; font-weight: bold; overflow: hidden; padding: 5px; text-align: right; vertical-align: top; word-break: normal; border: 1px solid; height: 55px;\">Range (ECO mode), manufacturer specification| Calculated Range<\/td>\n<td style=\"font-family: inherit; font-size: 14px; overflow: hidden; padding: 5px; text-align: center; vertical-align: top; word-break: normal; border: 1px solid; height: 55px;\">up to 100km (30Ah battery); 80km (24Ah battery) | 96km (25km\/h, 70kg rider, 15Wh\/km)<\/td>\n<\/tr>\n<tr style=\"height: 55px;\">\n<td style=\"background-color: #e4e1e1; color: #333333; font-family: inherit; font-size: 14px; font-weight: bold; overflow: hidden; padding: 5px; text-align: right; vertical-align: top; word-break: normal; border: 1px solid; height: 55px;\">Front Brake<\/td>\n<td style=\"font-family: inherit; font-size: 14px; overflow: hidden; padding: 5px; text-align: center; vertical-align: top; word-break: normal; border: 1px solid; height: 55px;\">Zoom brand hydraulic disc brake + magnetic motor brake<\/td>\n<\/tr>\n<tr style=\"height: 55px;\">\n<td style=\"background-color: #e4e1e1; color: #333333; font-family: inherit; font-size: 14px; font-weight: bold; overflow: hidden; padding: 5px; text-align: right; vertical-align: top; word-break: normal; border: 1px solid; height: 55px;\">Rear Brake<\/td>\n<td style=\"font-family: inherit; font-size: 14px; overflow: hidden; padding: 5px; text-align: center; vertical-align: top; word-break: normal; border: 1px solid; height: 55px;\">Zoom brand hydraulic disc brake + magnetic motor brake<\/td>\n<\/tr>\n<tr style=\"height: 27px;\">\n<td style=\"background-color: #e4e1e1; color: #333333; font-family: inherit; font-size: 14px; font-weight: bold; overflow: hidden; padding: 5px; text-align: right; vertical-align: top; word-break: normal; border: 1px solid; height: 27px;\">Charging Time (60V \/ 30Ah)<\/td>\n<td style=\"font-family: inherit; font-size: 14px; overflow: hidden; padding: 5px; text-align: center; vertical-align: top; word-break: normal; border: 1px solid; height: 27px;\">15h \u2013 standard charger; 6h \u2013 fast charger<\/td>\n<\/tr>\n<tr style=\"height: 27px;\">\n<td style=\"background-color: #e4e1e1; color: #333333; font-family: inherit; font-size: 14px; font-weight: bold; overflow: hidden; padding: 5px; text-align: right; vertical-align: top; word-break: normal; border: 1px solid; height: 27px;\">Weight Limit<\/td>\n<td style=\"font-family: inherit; font-size: 14px; overflow: hidden; padding: 5px; text-align: center; vertical-align: top; word-break: normal; border: 1px solid; height: 27px;\">120kg<\/td>\n<\/tr>\n<tr style=\"height: 27px;\">\n<td style=\"background-color: #e4e1e1; color: #333333; font-family: inherit; font-size: 14px; font-weight: bold; overflow: hidden; padding: 5px; text-align: right; vertical-align: top; word-break: normal; border: 1px solid; height: 27px;\">Speed<\/td>\n<td style=\"font-family: inherit; font-size: 14px; overflow: hidden; padding: 5px; text-align: center; vertical-align: top; word-break: normal; border: 1px solid; height: 27px;\">25km\/h<\/td>\n<\/tr>\n<tr style=\"height: 27px;\">\n<td style=\"background-color: #e4e1e1; color: #333333; font-family: inherit; font-size: 14px; font-weight: bold; overflow: hidden; padding: 5px; text-align: right; vertical-align: top; word-break: normal; border: 1px solid; height: 27px;\">Weight<\/td>\n<td style=\"font-family: inherit; font-size: 14px; overflow: hidden; padding: 5px; text-align: center; vertical-align: top; word-break: normal; border: 1px solid; height: 27px;\">30kg (24Ah) \/ 32kg (30Ah)<\/td>\n<\/tr>\n<tr style=\"height: 27px;\">\n<td style=\"background-color: #e4e1e1; color: #333333; font-family: inherit; font-size: 14px; font-weight: bold; overflow: hidden; padding: 5px; text-align: right; vertical-align: top; word-break: normal; border: 1px solid; height: 27px;\">Tires<\/td>\n<td style=\"font-family: inherit; font-size: 14px; overflow: hidden; padding: 5px; text-align: center; vertical-align: top; word-break: normal; border: 1px solid; height: 27px;\">10\u00d73.00\u2033 wide inner tube tires<\/td>\n<\/tr>\n<tr style=\"height: 27px;\">\n<td style=\"background-color: #e4e1e1; color: #333333; font-family: inherit; font-size: 14px; font-weight: bold; overflow: hidden; padding: 5px; text-align: right; vertical-align: top; word-break: normal; border: 1px solid; height: 27px;\">Suspension<\/td>\n<td style=\"font-family: inherit; font-size: 14px; overflow: hidden; padding: 5px; text-align: center; vertical-align: top; word-break: normal; border: 1px solid; height: 27px;\">Rubber bushing cartridges - 5 different stiffness options<\/td>\n<\/tr>\n<tr style=\"height: 55px;\">\n<td style=\"background-color: #e4e1e1; color: #333333; font-family: inherit; font-size: 14px; font-weight: bold; overflow: hidden; padding: 5px; text-align: right; vertical-align: top; word-break: normal; border: 1px solid; height: 55px;\">Lights<\/td>\n<td style=\"font-family: inherit; font-size: 14px; overflow: hidden; padding: 5px; text-align: center; vertical-align: top; word-break: normal; border: 1px solid; height: 55px;\">LED front and rear lights, brake lights, hazard lights, LED lighting<\/td>\n<\/tr>\n<tr style=\"height: 27px;\">\n<td style=\"background-color: #e4e1e1; color: #333333; font-family: inherit; font-size: 14px; font-weight: bold; overflow: hidden; padding: 5px; text-align: right; vertical-align: top; word-break: normal; border: 1px solid; height: 27px;\">Maximum Incline<\/td>\n<td style=\"font-family: inherit; font-size: 14px; overflow: hidden; padding: 5px; text-align: center; vertical-align: top; word-break: normal; border: 1px solid; height: 27px;\">30 degrees<\/td>\n<\/tr>\n<\/tbody>\n<\/table>\n","protected":false},"excerpt":{"rendered":"<p><strong>Found a better price? Write to us and we'll make you a better offer!<\/strong><\/p>\n<p><strong>When purchased together with an electric scooter, all accessories and spare parts are -20%. The discount is automatically applied when added to the shopping cart!<\/strong><\/p>\n<p><strong>Delivery time: 1-5 business days.<\/strong><\/p>\n","protected":false},"featured_media":33151,"template":"","meta":[],"product_brand":[],"product_cat":[722],"product_tag":[],"filter_elektritoukeratas":[],"class_list":{"0":"post-44831","1":"product","2":"type-product","3":"status-publish","4":"has-post-thumbnail","6":"product_cat-electric-scooters","7":"product_shipping_class-keskmine-pakk-en","8":"pa_aku-mahutavus-wh-1440-en","9":"pa_aku-mahutavus-wh-1800-en","10":"pa_kaal-kg-32-en","11":"pa_kandevoime-kg-120-en","12":"pa_labisoit-arvutuslik-km-120-en","13":"pa_mootorite-arv-two-motors","14":"pa_muuja-platvormil-touksimaailm-exocool-ou-en","15":"pa_piiramata-tippkiirus-kmh-25-en","16":"pa_size-dualtron-victor-luxuruy-30ah-en","17":"pa_size-dualtron-victor-luxury-24ah-en","18":"pa_tootetuup-elektritoukeratas-en","19":"pa_valmistaja-dualtron-en","20":"pa_voimsus-w-1000-en","22":"first","23":"instock","24":"sale","25":"taxable","26":"shipping-taxable","27":"purchasable","28":"product-type-variable"},"yoast_head":"<!-- This site is optimized with the Yoast SEO Premium plugin v26.8 (Yoast SEO v27.5) - https:\/\/yoast.com\/product\/yoast-seo-premium-wordpress\/ -->\n<title>Dualtron Victor Luxury electric scooter | T\u00f5uksimaailm | M\u00fc\u00fck<\/title>\n<meta name=\"description\" content=\"Dualtron Victor Luxury elektrit\u00f5ukeratas. Stabiilse juhitavusega elektriline t\u00f5ukeratas. Kompaktsed elektrilised t\u00f5ukerattad. Minimotors elektrit\u00f5ukerattad.\" \/>\n<meta name=\"robots\" content=\"index, follow, max-snippet:-1, max-image-preview:large, max-video-preview:-1\" \/>\n<link rel=\"canonical\" href=\"https:\/\/www.xn--tuksimaailm-ffb.ee\/en\/product\/dualtron-victor-luxury-electric-scooter\/\" \/>\n<meta property=\"og:locale\" content=\"en_US\" \/>\n<meta property=\"og:type\" content=\"article\" \/>\n<meta property=\"og:title\" content=\"Dualtron Victor Luxury electric scooter\" \/>\n<meta property=\"og:description\" content=\"Dualtron Victor Luxury elektrit\u00f5ukeratas. Stabiilse juhitavusega elektriline t\u00f5ukeratas. Kompaktsed elektrilised t\u00f5ukerattad. Minimotors elektrit\u00f5ukerattad.\" \/>\n<meta property=\"og:url\" content=\"https:\/\/www.xn--tuksimaailm-ffb.ee\/en\/product\/dualtron-victor-luxury-electric-scooter\/\" \/>\n<meta property=\"og:site_name\" content=\"T\u00f5uksimaailm\" \/>\n<meta property=\"article:publisher\" content=\"https:\/\/www.facebook.com\/touksimaailm\/\" \/>\n<meta property=\"og:image\" content=\"https:\/\/www.xn--tuksimaailm-ffb.ee\/wp-content\/uploads\/2023\/03\/Dualtron-Victor-Luxury-elektritoukeratas-elektriline-toukeratas-elektritoukerattad-elektrilised-toukerattad-2-jpeg.webp\" \/>\n\t<meta property=\"og:image:width\" content=\"1000\" \/>\n\t<meta property=\"og:image:height\" content=\"1020\" \/>\n\t<meta property=\"og:image:type\" content=\"image\/jpeg\" \/>\n<meta name=\"twitter:card\" content=\"summary_large_image\" \/>\n<meta name=\"twitter:label1\" content=\"Availability\" \/>\n\t<meta name=\"twitter:data1\" content=\"In stock\" \/>\n<meta property=\"og:availability\" content=\"instock\" \/>\n<meta property=\"product:availability\" content=\"instock\" \/>\n<meta property=\"product:retailer_item_id\" content=\"DT-VICTOR-LUXURY\" \/>\n<meta property=\"product:condition\" content=\"new\" \/>\n<!-- \/ Yoast SEO Premium plugin. -->","yoast_head_json":{"title":"Dualtron Victor Luxury electric scooter | T\u00f5uksimaailm | M\u00fc\u00fck","description":"Dualtron Victor Luxury elektrit\u00f5ukeratas. Stabiilse juhitavusega elektriline t\u00f5ukeratas. Kompaktsed elektrilised t\u00f5ukerattad. Minimotors elektrit\u00f5ukerattad.","robots":{"index":"index","follow":"follow","max-snippet":"max-snippet:-1","max-image-preview":"max-image-preview:large","max-video-preview":"max-video-preview:-1"},"canonical":"https:\/\/www.xn--tuksimaailm-ffb.ee\/en\/product\/dualtron-victor-luxury-electric-scooter\/","og_locale":"en_US","og_type":"article","og_title":"Dualtron Victor Luxury electric scooter","og_description":"Dualtron Victor Luxury elektrit\u00f5ukeratas. Stabiilse juhitavusega elektriline t\u00f5ukeratas. Kompaktsed elektrilised t\u00f5ukerattad. Minimotors elektrit\u00f5ukerattad.","og_url":"https:\/\/www.xn--tuksimaailm-ffb.ee\/en\/product\/dualtron-victor-luxury-electric-scooter\/","og_site_name":"T\u00f5uksimaailm","article_publisher":"https:\/\/www.facebook.com\/touksimaailm\/","og_image":[{"width":1000,"height":1020,"url":"https:\/\/www.xn--tuksimaailm-ffb.ee\/wp-content\/uploads\/2023\/03\/Dualtron-Victor-Luxury-elektritoukeratas-elektriline-toukeratas-elektritoukerattad-elektrilised-toukerattad-2-jpeg.webp","type":"image\/jpeg"}],"twitter_card":"summary_large_image","twitter_misc":{"Availability":"In stock"},"schema":{"@context":"https:\/\/schema.org","@graph":[{"@type":"WebPage","@id":"https:\/\/www.xn--tuksimaailm-ffb.ee\/en\/product\/dualtron-victor-luxury-electric-scooter\/","url":"https:\/\/www.xn--tuksimaailm-ffb.ee\/en\/product\/dualtron-victor-luxury-electric-scooter\/","name":"Dualtron Victor Luxury electric scooter | T\u00f5uksimaailm | M\u00fc\u00fck","isPartOf":{"@id":"https:\/\/www.xn--tuksimaailm-ffb.ee\/en\/#website"},"primaryImageOfPage":{"@id":"https:\/\/www.xn--tuksimaailm-ffb.ee\/en\/product\/dualtron-victor-luxury-electric-scooter\/#primaryimage"},"image":{"@id":"https:\/\/www.xn--tuksimaailm-ffb.ee\/en\/product\/dualtron-victor-luxury-electric-scooter\/#primaryimage"},"thumbnailUrl":"https:\/\/www.xn--tuksimaailm-ffb.ee\/wp-content\/uploads\/2023\/03\/Dualtron-Victor-Luxury-elektritoukeratas-elektriline-toukeratas-elektritoukerattad-elektrilised-toukerattad-2-jpeg.webp","datePublished":"2023-03-10T12:45:25+00:00","description":"Dualtron Victor Luxury elektrit\u00f5ukeratas. Stabiilse juhitavusega elektriline t\u00f5ukeratas. Kompaktsed elektrilised t\u00f5ukerattad. Minimotors elektrit\u00f5ukerattad.","breadcrumb":{"@id":"https:\/\/www.xn--tuksimaailm-ffb.ee\/en\/product\/dualtron-victor-luxury-electric-scooter\/#breadcrumb"},"inLanguage":"en-US","potentialAction":[{"@type":"ReadAction","target":["https:\/\/www.xn--tuksimaailm-ffb.ee\/en\/product\/dualtron-victor-luxury-electric-scooter\/"]}]},{"@type":"ImageObject","inLanguage":"en-US","@id":"https:\/\/www.xn--tuksimaailm-ffb.ee\/en\/product\/dualtron-victor-luxury-electric-scooter\/#primaryimage","url":"https:\/\/www.xn--tuksimaailm-ffb.ee\/wp-content\/uploads\/2023\/03\/Dualtron-Victor-Luxury-elektritoukeratas-elektriline-toukeratas-elektritoukerattad-elektrilised-toukerattad-2-jpeg.webp","contentUrl":"https:\/\/www.xn--tuksimaailm-ffb.ee\/wp-content\/uploads\/2023\/03\/Dualtron-Victor-Luxury-elektritoukeratas-elektriline-toukeratas-elektritoukerattad-elektrilised-toukerattad-2-jpeg.webp","width":1000,"height":1020,"caption":"Dualtron Victor Luxury elektrit\u00f5ukeratas elektriline t\u00f5ukeratas elektrit\u00f5ukerattad elektrilised t\u00f5ukerattad 2"},{"@type":"BreadcrumbList","@id":"https:\/\/www.xn--tuksimaailm-ffb.ee\/en\/product\/dualtron-victor-luxury-electric-scooter\/#breadcrumb","itemListElement":[{"@type":"ListItem","position":1,"name":"Home","item":"https:\/\/www.xn--tuksimaailm-ffb.ee\/en\/main-page\/"},{"@type":"ListItem","position":2,"name":"Shop","item":"https:\/\/www.xn--tuksimaailm-ffb.ee\/elektritoukerataste-pood\/"},{"@type":"ListItem","position":3,"name":"Dualtron Victor Luxury electric scooter"}]},{"@type":"WebSite","@id":"https:\/\/www.xn--tuksimaailm-ffb.ee\/en\/#website","url":"https:\/\/www.xn--tuksimaailm-ffb.ee\/en\/","name":"T\u00f5uksimaailm","description":"Elektrit\u00f5ukerataste m\u00fc\u00fck, remont ja rent","publisher":{"@id":"https:\/\/www.xn--tuksimaailm-ffb.ee\/en\/#organization"},"potentialAction":[{"@type":"SearchAction","target":{"@type":"EntryPoint","urlTemplate":"https:\/\/www.xn--tuksimaailm-ffb.ee\/en\/?s={search_term_string}"},"query-input":{"@type":"PropertyValueSpecification","valueRequired":true,"valueName":"search_term_string"}}],"inLanguage":"en-US"},{"@type":"Organization","@id":"https:\/\/www.xn--tuksimaailm-ffb.ee\/en\/#organization","name":"T\u00f5uksimaailm","url":"https:\/\/www.xn--tuksimaailm-ffb.ee\/en\/","logo":{"@type":"ImageObject","inLanguage":"en-US","@id":"https:\/\/www.xn--tuksimaailm-ffb.ee\/en\/#\/schema\/logo\/image\/","url":"https:\/\/www.xn--tuksimaailm-ffb.ee\/wp-content\/uploads\/2020\/01\/logoz-e1579792875517.png","contentUrl":"https:\/\/www.xn--tuksimaailm-ffb.ee\/wp-content\/uploads\/2020\/01\/logoz-e1579792875517.png","width":250,"height":250,"caption":"T\u00f5uksimaailm"},"image":{"@id":"https:\/\/www.xn--tuksimaailm-ffb.ee\/en\/#\/schema\/logo\/image\/"},"sameAs":["https:\/\/www.facebook.com\/touksimaailm\/","https:\/\/www.instagram.com\/touksimaailm_\/","https:\/\/www.youtube.com\/channel\/UC18ml0EKIDLP1xGuQjFzcXQ"]}]},"og_availability":"instock","product_availability":"instock","product_retailer_item_id":"DT-VICTOR-LUXURY","product_condition":"new"},"jetpack_sharing_enabled":true,"_links":{"self":[{"href":"https:\/\/www.xn--tuksimaailm-ffb.ee\/en\/wp-json\/wp\/v2\/product\/44831","targetHints":{"allow":["GET"]}}],"collection":[{"href":"https:\/\/www.xn--tuksimaailm-ffb.ee\/en\/wp-json\/wp\/v2\/product"}],"about":[{"href":"https:\/\/www.xn--tuksimaailm-ffb.ee\/en\/wp-json\/wp\/v2\/types\/product"}],"wp:featuredmedia":[{"embeddable":true,"href":"https:\/\/www.xn--tuksimaailm-ffb.ee\/en\/wp-json\/wp\/v2\/media\/33151"}],"wp:attachment":[{"href":"https:\/\/www.xn--tuksimaailm-ffb.ee\/en\/wp-json\/wp\/v2\/media?parent=44831"}],"wp:term":[{"taxonomy":"product_brand","embeddable":true,"href":"https:\/\/www.xn--tuksimaailm-ffb.ee\/en\/wp-json\/wp\/v2\/product_brand?post=44831"},{"taxonomy":"product_cat","embeddable":true,"href":"https:\/\/www.xn--tuksimaailm-ffb.ee\/en\/wp-json\/wp\/v2\/product_cat?post=44831"},{"taxonomy":"product_tag","embeddable":true,"href":"https:\/\/www.xn--tuksimaailm-ffb.ee\/en\/wp-json\/wp\/v2\/product_tag?post=44831"},{"taxonomy":"filter_elektritoukeratas","embeddable":true,"href":"https:\/\/www.xn--tuksimaailm-ffb.ee\/en\/wp-json\/wp\/v2\/filter_elektritoukeratas?post=44831"}],"curies":[{"name":"wp","href":"https:\/\/api.w.org\/{rel}","templated":true}]}}