{"id":44904,"date":"2021-12-18T17:28:16","date_gmt":"2021-12-18T17:28:16","guid":{"rendered":"http:\/\/www.xn--tuksimaailm-ffb.ee\/shop\/dualtron-storm-electric-scooter\/"},"modified":"2021-12-18T17:28:16","modified_gmt":"2021-12-18T14:28:16","slug":"dualtron-storm-electric-scooter","status":"publish","type":"product","link":"https:\/\/www.xn--tuksimaailm-ffb.ee\/en\/product\/dualtron-storm-electric-scooter\/","title":{"rendered":"Dualtron Storm electric scooter"},"content":{"rendered":"<h2 style=\"text-align: center;\">DUALTRON STORM ELECTRIC SCOOTER - PRODUCT DESCRIPTION<\/h2>\n<p>The Dualtron Storm is a new generation electric scooter from the Minimotors Dualtron series. It also features the world's largest removable battery for an electric scooter. The large <strong>72V\/31.5Ah\/2268Wh<\/strong> battery weighs <strong>14kg<\/strong> and allows for a range of up to <strong>130km<\/strong> on a single charge. This battery can also fit into a backpack, making it possible to use two batteries to travel long distances, such as from <strong>Tallinn to Tartu<\/strong>\u2014an option not available with other electric scooters on the market. The battery is also lockable with a key to enhance theft protection.<\/p>\n<p>A practical application of the removable battery is the ability to charge it separately at home\u2014there's no need to carry the electric scooter up the stairs for charging. This is also an ideal solution for couriers who want to use the Dualtron Storm electric scooter all day for work. The Dualtron Storm electric scooter is essentially the successor to the Dualtron Thunder, one of the world\u2019s most popular dual-motor, 11-inch wheeled powerful electric scooters.<\/p>\n<p>In addition to the quickly removable battery, the new generation Storm has also received a new look. The electric scooter is more striking than ever due to its aggressive design elements, making it as noticeable as a supercar on the streets. The motor controllers are innovatively placed under the rear foot support plate, allowing more space under the deck for a larger battery pack. A new level of user-friendliness and visual design has been achieved with a module on the left handlebar for switching lights and riding modes. The Dualtron Storm also retains the lower handlebar shock absorber, which reduces vibration transmitted to the hands, and foldable handlebars from the previous generation.<\/p>\n<p><iframe title=\"Minimotors Dualtron Storm Review: The world&#039;s fastest removable battery electric scooter\" width=\"1082\" height=\"609\" src=\"https:\/\/www.youtube.com\/embed\/bYAw49bzTr4?start=194&feature=oembed\" frameborder=\"0\" allow=\"accelerometer; autoplay; clipboard-write; encrypted-media; gyroscope; picture-in-picture; web-share\" referrerpolicy=\"strict-origin-when-cross-origin\" allowfullscreen><\/iframe><\/p>\n<h2 style=\"text-align: center;\">MINIMOTORS DUALTRON STORM ELECTRIC SCOOTER - A TECHNICAL MASTERPIECE<\/h2>\n<p>Minimotors, as the creator of the Dualtron brand, is the world's oldest company involved in the development and production of electric scooters. Minimotors began developing electric mobility technology at the end of the last century. Initially, the product range was quite different from today's offerings, including four-wheel drive electric ATVs, tracked terrain vehicles like the DTV Shredder, and electric 3-wheelers for the elderly. This period allowed Minimotors to later become a pioneer in the field of electric light mobility, holding a significant advantage over competitors with its established patents and tested technical solutions before the electric mobility revolution. In 2015, Minimotors became the inventor and first marketer of the world\u2019s first dual-motor electric scooter, the Dualtron.<\/p>\n<p>The Dualtron Storm electric scooter is equipped with front and rear <strong>500W<\/strong> peak power BLDC motors, giving the scooter a total impressive power of <strong>1000W (or 1kW)<\/strong>. These motors enable the Storm electric scooter to reach speeds up to <strong>25 km\/h<\/strong> on private roads after modifications and tuning. Significant innovation has also occurred with the motors. The new generation Dualtron Storm's motor cables are connected to the motor stator through a plug installed inside the motor shaft. This means that if there is a need to replace a bent brake rotor or tire, the scooter does not need to be dismantled to access the motor cable.<\/p>\n<p>Additionally, the motors are equipped with <strong>replaceable rims<\/strong>. This allows the user to purchase, for example, off-road tires with additional rims, and switching between the two types of tires is very quick and easy, not requiring a tire change. Like all Minimotors Dualtron electric scooters, the Dualtron Storm is equipped with the Minimotors EY3 display-controller, known for the best throttle response and sensitivity. The display's text, due to its green backlight and black lettering, is readable even in sunlight. The Storm scooter, like the previous generation, is equipped with rubber bushing shock absorbers. There are 5 different stiffness options of bushing \"cartridges\" available. While somewhat less comfortable than spring shock absorbers, this type of suspension primarily ensures the best stability and handling of the electric scooter at high speeds. Additionally, comfort is enhanced by large 11-inch wide 90\/65-6.5 size tubeless tires.<\/p>\n<p><img decoding=\"async\" class=\"wp-image-6673 aligncenter\" src=\"https:\/\/www.xn--tuksimaailm-ffb.ee\/wp-content\/uploads\/2021\/12\/Storm-4a-300x156.png\" alt=\"dualtron storm elektrit\u00f5ukeratas elektriline t\u00f5ukeratas minimotors elektrit\u00f5ukerattad\" width=\"854\" height=\"444\" srcset=\"https:\/\/www.xn--tuksimaailm-ffb.ee\/wp-content\/uploads\/2021\/12\/Storm-4a-300x156.png 300w, https:\/\/www.xn--tuksimaailm-ffb.ee\/wp-content\/uploads\/2021\/12\/Storm-4a-768x398.png 768w, https:\/\/www.xn--tuksimaailm-ffb.ee\/wp-content\/uploads\/2021\/12\/Storm-4a-578x300.png 578w, https:\/\/www.xn--tuksimaailm-ffb.ee\/wp-content\/uploads\/2021\/12\/Storm-4a-600x311.png 600w, https:\/\/www.xn--tuksimaailm-ffb.ee\/wp-content\/uploads\/2021\/12\/Storm-4a.png 800w\" sizes=\"(max-width: 854px) 100vw, 854px\" \/><\/p>\n<h2 style=\"text-align: center;\">PERFORMANCE<\/h2>\n<p>The powerful 11\" wheels of the Dualtron Storm house <strong>72V<\/strong> nominal voltage <strong>0.5 kW<\/strong> brushless permanent magnet electric motors that ensure rapid acceleration. The Storm electric scooter can practically instantly reach its manufacturer speed of <strong>25 km\/h<\/strong>, even while carrying heavy loads\u2014the manufacturer-specified rider weight limit for the Dualtron Storm electric scooter is up to <strong>150kg<\/strong>. The scooter is also capable of climbing hills with <strong>up to a 35-degree incline<\/strong>.<\/p>\n<p>The Dualtron Storm EU electric scooter is equipped with large <strong>160mm<\/strong> brake rotors attached to the motors and the highly regarded <strong>NUTT brand hydraulic disc brakes<\/strong>, which are considered to have the best braking feel compared to all other hydraulic disc brakes. All Dualtron electric scooters are also equipped with Minimotors' patented <strong>ABS brakes<\/strong>, which prevent the wheels from locking up when using the magnetic brake. It takes 21 hours to fully charge the <strong>31.5Ah<\/strong> battery at <strong>84V<\/strong> using the <strong>1.5A<\/strong> charger included with the scooter. Fortunately, this time can be reduced to <strong>6 hours<\/strong> with the help of a fast charger.<\/p>\n<h2 style=\"text-align: center;\">Lighting and Safety<\/h2>\n<p>The Dualtron Storm electric scooter is equipped with front lights that illuminate the road ahead. For lighting the road further ahead in the dark conditions of Estonia, we strongly recommend installing an additional light on the handlebars. Since the Dualtron Storm EU is more akin to a motorcycle than an electric scooter, it is advisable to use motorcycle-like equipment while riding. It is essential to always wear a helmet, preferably a \"full-face\" helmet with a chin guard. It is also recommended to wear protective clothing against falls, such as pants and jackets with integrated protectors (motorcycle gear). For riders under 16 years old, wearing a helmet while riding an electric scooter is legally mandatory. All Minimotors Dualtron electric scooters can be found here.<\/p>\n<p><strong>The Dualtron Storm electric scooter is street-legal in Estonia according to traffic law, with a manufacturer power of 1000W and a manufacturer speed of 25 km\/h. Note: If the user has independently modified the electric scooter to be faster or more powerful than the above-stated parameters, then Scooter World is not responsible for any fines due to legal violations, police confiscation of the electric scooter, or other types of damage caused by violations.<\/strong><\/p>\n<table class=\"tg\" style=\"border-collapse: collapse; max-width: 600px; border-spacing: 0; margin: 0px auto;\">\n<tbody>\n<tr>\n<td style=\"background-color: #e4e1e1; color: #333333; font-family: inherit; font-size: 14px; font-weight: bold; overflow: hidden; padding: 5px 5px; text-align: center; vertical-align: top; word-break: normal; border: 1px solid;\" colspan=\"2\">Technical Specification<\/td>\n<\/tr>\n<tr>\n<td style=\"background-color: #e4e1e1; color: #333333; font-family: inherit; font-size: 14px; font-weight: bold; overflow: hidden; padding: 5px 5px; text-align: right; vertical-align: top; word-break: normal; border: 1px solid;\">Model<\/td>\n<td style=\"font-family: inherit; font-size: 14px; overflow: hidden; padding: 5px 5px; text-align: center; vertical-align: top; word-break: normal; border: 1px solid;\">Minimotors Dualtron Storm<\/td>\n<\/tr>\n<tr>\n<td style=\"background-color: #e4e1e1; color: #333333; font-family: inherit; font-size: 14px; font-weight: bold; overflow: hidden; padding: 5px 5px; text-align: right; vertical-align: top; word-break: normal; border: 1px solid;\">Battery<\/td>\n<td style=\"font-family: inherit; font-size: 14px; overflow: hidden; padding: 5px 5px; text-align: center; vertical-align: top; word-break: normal; border: 1px solid;\">72V\/31.5Ah\/2268Wh LG Li-Ion (removable)<\/td>\n<\/tr>\n<tr>\n<td style=\"background-color: #e4e1e1; color: #333333; font-family: inherit; font-size: 14px; font-weight: bold; overflow: hidden; padding: 5px 5px; text-align: right; vertical-align: top; word-break: normal; border: 1px solid;\">Motor Power<\/td>\n<td style=\"font-family: inherit; font-size: 14px; overflow: hidden; padding: 5px 5px; text-align: center; vertical-align: top; word-break: normal; border: 1px solid;\">1000W<\/td>\n<\/tr>\n<tr>\n<td style=\"background-color: #e4e1e1; color: #333333; font-family: inherit; font-size: 14px; font-weight: bold; overflow: hidden; padding: 5px 5px; text-align: right; vertical-align: top; word-break: normal; border: 1px solid;\">Range (ECO mode), manufacturer specification | Calculated Range<\/td>\n<td style=\"font-family: inherit; font-size: 14px; overflow: hidden; padding: 5px 5px; text-align: center; vertical-align: top; word-break: normal; border: 1px solid;\">up to 130km | 151km (25km\/h, 70kg rider, 15Wh\/km)<\/td>\n<\/tr>\n<tr>\n<td style=\"background-color: #e4e1e1; color: #333333; font-family: inherit; font-size: 14px; font-weight: bold; overflow: hidden; padding: 5px 5px; text-align: right; vertical-align: top; word-break: normal; border: 1px solid;\">Front Brakes<\/td>\n<td style=\"font-family: inherit; font-size: 14px; overflow: hidden; padding: 5px 5px; text-align: center; vertical-align: top; word-break: normal; border: 1px solid;\">NUTT brand hydraulic disc brake (160mm) + magnetic engine brake<\/td>\n<\/tr>\n<tr>\n<td style=\"background-color: #e4e1e1; color: #333333; font-family: inherit; font-size: 14px; font-weight: bold; overflow: hidden; padding: 5px 5px; text-align: right; vertical-align: top; word-break: normal; border: 1px solid;\">Rear Brakes<\/td>\n<td style=\"font-family: inherit; font-size: 14px; overflow: hidden; padding: 5px 5px; text-align: center; vertical-align: top; word-break: normal; border: 1px solid;\">NUTT brand hydraulic disc brake (160mm) + magnetic engine brake<\/td>\n<\/tr>\n<tr>\n<td style=\"background-color: #e4e1e1; color: #333333; font-family: inherit; font-size: 14px; font-weight: bold; overflow: hidden; padding: 5px 5px; text-align: right; vertical-align: top; word-break: normal; border: 1px solid;\">Charging Time<\/td>\n<td style=\"font-family: inherit; font-size: 14px; overflow: hidden; padding: 5px 5px; text-align: center; vertical-align: top; word-break: normal; border: 1px solid;\">21h (with included charger); 6h (fast charger)<\/td>\n<\/tr>\n<tr>\n<td style=\"background-color: #e4e1e1; color: #333333; font-family: inherit; font-size: 14px; font-weight: bold; overflow: hidden; padding: 5px 5px; text-align: right; vertical-align: top; word-break: normal; border: 1px solid;\">Weight Limit<\/td>\n<td style=\"font-family: inherit; font-size: 14px; overflow: hidden; padding: 5px 5px; text-align: center; vertical-align: top; word-break: normal; border: 1px solid;\">150kg<\/td>\n<\/tr>\n<tr>\n<td style=\"background-color: #e4e1e1; color: #333333; font-family: inherit; font-size: 14px; font-weight: bold; overflow: hidden; padding: 5px 5px; text-align: right; vertical-align: top; word-break: normal; border: 1px solid;\">Modified Speed after Tuning<\/td>\n<td style=\"font-family: inherit; font-size: 14px; overflow: hidden; padding: 5px 5px; text-align: center; vertical-align: top; word-break: normal; border: 1px solid;\">25km\/h<\/td>\n<\/tr>\n<tr>\n<td style=\"background-color: #e4e1e1; color: #333333; font-family: inherit; font-size: 14px; font-weight: bold; overflow: hidden; padding: 5px 5px; text-align: right; vertical-align: top; word-break: normal; border: 1px solid;\">Speed<\/td>\n<td style=\"font-family: inherit; font-size: 14px; overflow: hidden; padding: 5px 5px; text-align: center; vertical-align: top; word-break: normal; border: 1px solid;\">25km\/h<\/td>\n<\/tr>\n<tr>\n<td style=\"background-color: #e4e1e1; color: #333333; font-family: inherit; font-size: 14px; font-weight: bold; overflow: hidden; padding: 5px 5px; text-align: right; vertical-align: top; word-break: normal; border: 1px solid;\">Weight<\/td>\n<td style=\"font-family: inherit; font-size: 14px; overflow: hidden; padding: 5px 5px; text-align: center; vertical-align: top; word-break: normal; border: 1px solid;\">46kg<\/td>\n<\/tr>\n<tr>\n<td style=\"background-color: #e4e1e1; color: #333333; font-family: inherit; font-size: 14px; font-weight: bold; overflow: hidden; padding: 5px 5px; text-align: right; vertical-align: top; word-break: normal; border: 1px solid;\">Tires<\/td>\n<td style=\"font-family: inherit; font-size: 14px; overflow: hidden; padding: 5px 5px; text-align: center; vertical-align: top; word-break: normal; border: 1px solid;\">11\u2033 tubeless wide tires<\/td>\n<\/tr>\n<tr>\n<td style=\"background-color: #e4e1e1; color: #333333; font-family: inherit; font-size: 14px; font-weight: bold; overflow: hidden; padding: 5px 5px; text-align: right; vertical-align: top; word-break: normal; border: 1px solid;\">Amortisaatorid<\/td>\n<td style=\"font-family: inherit; font-size: 14px; overflow: hidden; padding: 5px 5px; text-align: center; vertical-align: top; word-break: normal; border: 1px solid;\">Rubber bushings (C-type suspension) - 5 different stiffness options<\/td>\n<\/tr>\n<tr>\n<td style=\"background-color: #e4e1e1; color: #333333; font-family: inherit; font-size: 14px; font-weight: bold; overflow: hidden; padding: 5px 5px; text-align: right; vertical-align: top; word-break: normal; border: 1px solid;\">Lights<\/td>\n<td style=\"font-family: inherit; font-size: 14px; overflow: hidden; padding: 5px 5px; text-align: center; vertical-align: top; word-break: normal; border: 1px solid;\">LED brake lights, hazard lights, turn signals<\/td>\n<\/tr>\n<tr>\n<td style=\"background-color: #e4e1e1; color: #333333; font-family: inherit; font-size: 14px; font-weight: bold; overflow: hidden; padding: 5px 5px; text-align: right; vertical-align: top; word-break: normal; border: 1px solid;\">Maximum Incline<\/td>\n<td style=\"font-family: inherit; font-size: 14px; overflow: hidden; padding: 5px 5px; text-align: center; vertical-align: top; word-break: normal; border: 1px solid;\">35%<\/td>\n<\/tr>\n<\/tbody>\n<\/table>\n","protected":false},"excerpt":{"rendered":"<p><strong>Found a better price? Write to us and we'll make you a better offer!<\/strong><\/p>\n<p><strong>When purchased together with an electric scooter, all accessories and spare parts are -20%. The discount is automatically applied when added to the shopping cart!<\/strong><\/p>\n<p><strong>Delivery time: 1-5 business days.<\/strong><\/p>\n<p>\u00a0<\/p>\n","protected":false},"featured_media":15199,"template":"","meta":[],"product_brand":[],"product_cat":[722],"product_tag":[],"filter_elektritoukeratas":[],"class_list":{"0":"post-44904","1":"product","2":"type-product","3":"status-publish","4":"has-post-thumbnail","6":"product_cat-electric-scooters","7":"product_shipping_class-keskmine-pakk-en","8":"pa_aku-mahutavus-wh-2268-en","9":"pa_kaal-kg-46-en","10":"pa_kandevoime-kg-150-en","11":"pa_labisoit-arvutuslik-km-151-en","12":"pa_mootorite-arv-two-motors","13":"pa_muuja-platvormil-touksimaailm-exocool-ou-en","14":"pa_piiramata-tippkiirus-kmh-25-en","15":"pa_tootetuup-elektritoukeratas-en","16":"pa_valmistaja-dualtron-en","17":"pa_voimsus-w-1000-en","19":"first","20":"instock","21":"taxable","22":"shipping-taxable","23":"purchasable","24":"product-type-simple"},"yoast_head":"<!-- This site is optimized with the Yoast SEO Premium plugin v26.8 (Yoast SEO v27.5) - https:\/\/yoast.com\/product\/yoast-seo-premium-wordpress\/ -->\n<title>Dualtron Storm electric scooter | T\u00f5uksimaailm<\/title>\n<meta name=\"description\" content=\"Dualtron Storm elektrit\u00f5ukeratas. Maailma k\u00f5ige v\u00f5imsam ja kiirem eemaldatava akuga elektriline t\u00f5ukeratas. Minimotors elektrit\u00f5ukerattad.\" \/>\n<meta name=\"robots\" content=\"index, follow, max-snippet:-1, max-image-preview:large, max-video-preview:-1\" \/>\n<link rel=\"canonical\" href=\"https:\/\/www.xn--tuksimaailm-ffb.ee\/en\/product\/dualtron-storm-electric-scooter\/\" \/>\n<meta property=\"og:locale\" content=\"en_US\" \/>\n<meta property=\"og:type\" content=\"article\" \/>\n<meta property=\"og:title\" content=\"Dualtron Storm electric scooter\" \/>\n<meta property=\"og:description\" content=\"Dualtron Storm elektrit\u00f5ukeratas. Maailma k\u00f5ige v\u00f5imsam ja kiirem eemaldatava akuga elektriline t\u00f5ukeratas. Minimotors elektrit\u00f5ukerattad.\" \/>\n<meta property=\"og:url\" content=\"https:\/\/www.xn--tuksimaailm-ffb.ee\/en\/product\/dualtron-storm-electric-scooter\/\" \/>\n<meta property=\"og:site_name\" content=\"T\u00f5uksimaailm\" \/>\n<meta property=\"article:publisher\" content=\"https:\/\/www.facebook.com\/touksimaailm\/\" \/>\n<meta property=\"og:image\" content=\"https:\/\/www.xn--tuksimaailm-ffb.ee\/wp-content\/uploads\/2021\/12\/Storm-2.png\" \/>\n\t<meta property=\"og:image:width\" content=\"820\" \/>\n\t<meta property=\"og:image:height\" content=\"797\" \/>\n\t<meta property=\"og:image:type\" content=\"image\/png\" \/>\n<meta name=\"twitter:card\" content=\"summary_large_image\" \/>\n<meta name=\"twitter:label1\" content=\"Price\" \/>\n\t<meta name=\"twitter:data1\" content=\"&euro;4,149.00\" \/>\n\t<meta name=\"twitter:label2\" content=\"Availability\" \/>\n\t<meta name=\"twitter:data2\" content=\"In stock\" \/>\n<meta property=\"product:price:amount\" content=\"4149.00\" \/>\n<meta property=\"product:price:currency\" content=\"EUR\" \/>\n<meta property=\"og:availability\" content=\"instock\" \/>\n<meta property=\"product:availability\" content=\"instock\" \/>\n<meta property=\"product:retailer_item_id\" content=\"DT_Storm\" \/>\n<meta property=\"product:condition\" content=\"new\" \/>\n<!-- \/ Yoast SEO Premium plugin. -->","yoast_head_json":{"title":"Dualtron Storm electric scooter | T\u00f5uksimaailm","description":"Dualtron Storm elektrit\u00f5ukeratas. Maailma k\u00f5ige v\u00f5imsam ja kiirem eemaldatava akuga elektriline t\u00f5ukeratas. Minimotors elektrit\u00f5ukerattad.","robots":{"index":"index","follow":"follow","max-snippet":"max-snippet:-1","max-image-preview":"max-image-preview:large","max-video-preview":"max-video-preview:-1"},"canonical":"https:\/\/www.xn--tuksimaailm-ffb.ee\/en\/product\/dualtron-storm-electric-scooter\/","og_locale":"en_US","og_type":"article","og_title":"Dualtron Storm electric scooter","og_description":"Dualtron Storm elektrit\u00f5ukeratas. Maailma k\u00f5ige v\u00f5imsam ja kiirem eemaldatava akuga elektriline t\u00f5ukeratas. Minimotors elektrit\u00f5ukerattad.","og_url":"https:\/\/www.xn--tuksimaailm-ffb.ee\/en\/product\/dualtron-storm-electric-scooter\/","og_site_name":"T\u00f5uksimaailm","article_publisher":"https:\/\/www.facebook.com\/touksimaailm\/","og_image":[{"width":820,"height":797,"url":"https:\/\/www.xn--tuksimaailm-ffb.ee\/wp-content\/uploads\/2021\/12\/Storm-2.png","type":"image\/png"}],"twitter_card":"summary_large_image","twitter_misc":{"Price":"&euro;4,149.00","Availability":"In stock"},"schema":{"@context":"https:\/\/schema.org","@graph":[{"@type":"WebPage","@id":"https:\/\/www.xn--tuksimaailm-ffb.ee\/en\/product\/dualtron-storm-electric-scooter\/","url":"https:\/\/www.xn--tuksimaailm-ffb.ee\/en\/product\/dualtron-storm-electric-scooter\/","name":"Dualtron Storm electric scooter | T\u00f5uksimaailm","isPartOf":{"@id":"https:\/\/www.xn--tuksimaailm-ffb.ee\/en\/#website"},"primaryImageOfPage":{"@id":"https:\/\/www.xn--tuksimaailm-ffb.ee\/en\/product\/dualtron-storm-electric-scooter\/#primaryimage"},"image":{"@id":"https:\/\/www.xn--tuksimaailm-ffb.ee\/en\/product\/dualtron-storm-electric-scooter\/#primaryimage"},"thumbnailUrl":"https:\/\/www.xn--tuksimaailm-ffb.ee\/wp-content\/uploads\/2021\/12\/Storm-2.png","datePublished":"2021-12-18T17:28:16+00:00","description":"Dualtron Storm elektrit\u00f5ukeratas. Maailma k\u00f5ige v\u00f5imsam ja kiirem eemaldatava akuga elektriline t\u00f5ukeratas. Minimotors elektrit\u00f5ukerattad.","breadcrumb":{"@id":"https:\/\/www.xn--tuksimaailm-ffb.ee\/en\/product\/dualtron-storm-electric-scooter\/#breadcrumb"},"inLanguage":"en-US","potentialAction":[{"@type":"ReadAction","target":["https:\/\/www.xn--tuksimaailm-ffb.ee\/en\/product\/dualtron-storm-electric-scooter\/"]}]},{"@type":"ImageObject","inLanguage":"en-US","@id":"https:\/\/www.xn--tuksimaailm-ffb.ee\/en\/product\/dualtron-storm-electric-scooter\/#primaryimage","url":"https:\/\/www.xn--tuksimaailm-ffb.ee\/wp-content\/uploads\/2021\/12\/Storm-2.png","contentUrl":"https:\/\/www.xn--tuksimaailm-ffb.ee\/wp-content\/uploads\/2021\/12\/Storm-2.png","width":820,"height":797,"caption":"dualtron storm elektrit\u00f5ukeratas elektriline t\u00f5ukeratas minimotors elektrit\u00f5ukerattad"},{"@type":"BreadcrumbList","@id":"https:\/\/www.xn--tuksimaailm-ffb.ee\/en\/product\/dualtron-storm-electric-scooter\/#breadcrumb","itemListElement":[{"@type":"ListItem","position":1,"name":"Home","item":"https:\/\/www.xn--tuksimaailm-ffb.ee\/en\/main-page\/"},{"@type":"ListItem","position":2,"name":"Shop","item":"https:\/\/www.xn--tuksimaailm-ffb.ee\/elektritoukerataste-pood\/"},{"@type":"ListItem","position":3,"name":"Dualtron Storm electric scooter"}]},{"@type":"WebSite","@id":"https:\/\/www.xn--tuksimaailm-ffb.ee\/en\/#website","url":"https:\/\/www.xn--tuksimaailm-ffb.ee\/en\/","name":"T\u00f5uksimaailm","description":"Elektrit\u00f5ukerataste m\u00fc\u00fck, remont ja rent","publisher":{"@id":"https:\/\/www.xn--tuksimaailm-ffb.ee\/en\/#organization"},"potentialAction":[{"@type":"SearchAction","target":{"@type":"EntryPoint","urlTemplate":"https:\/\/www.xn--tuksimaailm-ffb.ee\/en\/?s={search_term_string}"},"query-input":{"@type":"PropertyValueSpecification","valueRequired":true,"valueName":"search_term_string"}}],"inLanguage":"en-US"},{"@type":"Organization","@id":"https:\/\/www.xn--tuksimaailm-ffb.ee\/en\/#organization","name":"T\u00f5uksimaailm","url":"https:\/\/www.xn--tuksimaailm-ffb.ee\/en\/","logo":{"@type":"ImageObject","inLanguage":"en-US","@id":"https:\/\/www.xn--tuksimaailm-ffb.ee\/en\/#\/schema\/logo\/image\/","url":"https:\/\/www.xn--tuksimaailm-ffb.ee\/wp-content\/uploads\/2020\/01\/logoz-e1579792875517.png","contentUrl":"https:\/\/www.xn--tuksimaailm-ffb.ee\/wp-content\/uploads\/2020\/01\/logoz-e1579792875517.png","width":250,"height":250,"caption":"T\u00f5uksimaailm"},"image":{"@id":"https:\/\/www.xn--tuksimaailm-ffb.ee\/en\/#\/schema\/logo\/image\/"},"sameAs":["https:\/\/www.facebook.com\/touksimaailm\/","https:\/\/www.instagram.com\/touksimaailm_\/","https:\/\/www.youtube.com\/channel\/UC18ml0EKIDLP1xGuQjFzcXQ"]}]},"product_price_amount":"4149.00","product_price_currency":"EUR","og_availability":"instock","product_availability":"instock","product_retailer_item_id":"DT_Storm","product_condition":"new"},"jetpack_sharing_enabled":true,"_links":{"self":[{"href":"https:\/\/www.xn--tuksimaailm-ffb.ee\/en\/wp-json\/wp\/v2\/product\/44904","targetHints":{"allow":["GET"]}}],"collection":[{"href":"https:\/\/www.xn--tuksimaailm-ffb.ee\/en\/wp-json\/wp\/v2\/product"}],"about":[{"href":"https:\/\/www.xn--tuksimaailm-ffb.ee\/en\/wp-json\/wp\/v2\/types\/product"}],"wp:featuredmedia":[{"embeddable":true,"href":"https:\/\/www.xn--tuksimaailm-ffb.ee\/en\/wp-json\/wp\/v2\/media\/15199"}],"wp:attachment":[{"href":"https:\/\/www.xn--tuksimaailm-ffb.ee\/en\/wp-json\/wp\/v2\/media?parent=44904"}],"wp:term":[{"taxonomy":"product_brand","embeddable":true,"href":"https:\/\/www.xn--tuksimaailm-ffb.ee\/en\/wp-json\/wp\/v2\/product_brand?post=44904"},{"taxonomy":"product_cat","embeddable":true,"href":"https:\/\/www.xn--tuksimaailm-ffb.ee\/en\/wp-json\/wp\/v2\/product_cat?post=44904"},{"taxonomy":"product_tag","embeddable":true,"href":"https:\/\/www.xn--tuksimaailm-ffb.ee\/en\/wp-json\/wp\/v2\/product_tag?post=44904"},{"taxonomy":"filter_elektritoukeratas","embeddable":true,"href":"https:\/\/www.xn--tuksimaailm-ffb.ee\/en\/wp-json\/wp\/v2\/filter_elektritoukeratas?post=44904"}],"curies":[{"name":"wp","href":"https:\/\/api.w.org\/{rel}","templated":true}]}}