{"id":44920,"date":"2023-02-26T22:30:47","date_gmt":"2023-02-26T20:30:47","guid":{"rendered":"http:\/\/www.xn--tuksimaailm-ffb.ee\/shop\/segway-ninebot-f25e-ii-electric-scooter\/"},"modified":"2023-02-26T22:30:47","modified_gmt":"2023-02-26T19:30:47","slug":"segway-ninebot-f25e-ii-electric-scooter","status":"publish","type":"product","link":"https:\/\/www.xn--tuksimaailm-ffb.ee\/en\/product\/segway-ninebot-f25e-ii-electric-scooter\/","title":{"rendered":"Segway Ninebot F25E II electric scooter"},"content":{"rendered":"<h2 style=\"text-align: center;\">SEGWAY NINEBOT F25E II ELECTRIC SCOOTER - PRODUCT DESCRIPTION<\/h2>\n<p>The Segway Ninebot F25E II electric scooter from the F-series is designed especially for the youth. The Segway F25E II scooter is an ideal mode of transportation for urban commuting because, in addition to its stylish design and compactness, the Ninebot F25E II scooters also come with numerous technological enhancements. With adequate capability and riding distance, the Segway F25E II electric scooters are most notable for their practicality and affordable price.<\/p>\n<p>In addition to being practical, the Ninebot F25E II scooter is durable. Constructed with aviation-grade aluminum, the Ninebot F25E II does not falter even in challenging situations. To better absorb vibrations and shocks from uneven roads, the Ninebot F25E II scooters are equipped with large and wide 10\u201d air tires. For a safe riding experience, the Ninebot F25E II electric scooter is equipped with both an electronic brake and a mechanical disc brake.<\/p>\n<p>In summary, the Segway Ninebot F25E II electric scooters are extremely compact and lightweight, easy to fold and store, making them an ideal choice for urban dwellers with limited space in their apartments for storing an electric scooter. The Ninebot F25E II shines with its practicality whether it's being used for commuting to school, running errands, or just cruising around the city.<\/p>\n<p>The Ninebot F25E II scooters are the suitably capable and ultra-compact models in the F-series. The top model of the F-series, the Segway Ninebot F65I electric scooters, can be found [here](#). All other Segway Ninebot F-series electric scooters are available HERE.<\/p>\n<p><iframe title=\"Ninebot KickScooter F Series Powered by Segway - E version\" width=\"1082\" height=\"609\" src=\"https:\/\/www.youtube.com\/embed\/HUMb2s60Cts?start=4&feature=oembed\" frameborder=\"0\" allow=\"accelerometer; autoplay; clipboard-write; encrypted-media; gyroscope; picture-in-picture; web-share\" referrerpolicy=\"strict-origin-when-cross-origin\" allowfullscreen><\/iframe><\/p>\n<h2 style=\"text-align: center;\">SEGWAY NINEBOT F25E II ELECTRIC SCOOTER - SIMPLE BUT PRACTICAL<\/h2>\n<p>The Segway Ninebot F25E II electric scooters are designed with an <strong>ultra-light<\/strong> and minimalist frame. Everything necessary is packed into as compact a space as possible. Because of this approach, the F25E II electric scooter is <strong>incredibly light<\/strong>, weighing just <strong>15.3kg<\/strong>. The Ninebot F25E II electric scooters are <strong>easily foldable<\/strong>, equipped with a convenient folding lever system, making the scooter easily transportable due to its compactness and light weight.<\/p>\n<p>To ensure a stable and comfortable riding experience, the Segway Ninebot F25E II scooter comes with important additions. It is available with <strong>large and wide 10\u201d air tires<\/strong>. Compared to other scooters equipped with smaller tires, the Ninebot F25E II offers significantly more stable handling. For safe travel, the Ninebot F25E II is equipped with a brilliant braking system. Specifically, the Ninebot F25E II features <strong>both a front electronic brake and a rear mechanical disc brake<\/strong>. The design of the F25E II ensures that using the rear brake also activates the front wheel's electronic brake.<\/p>\n<p>For displaying various necessary data and adjusting the intensity of the electronic brake, the Ninebot F25E II electric scooters are easily compatible with a mobile app. For connectivity, the Ninebot F25E II scooters are equipped with Bluetooth, which allows for <strong>easy electronic locking<\/strong> through the app. However, it is recommended to secure the electric scooter with a mechanical lock to something sturdy for additional security.<\/p>\n<h2 style=\"text-align: center;\">SEGWAY NINEBOT F25E II ELECTRIC SCOOTER - TECHNICAL DESCRIPTION<\/h2>\n<p>The Segway Ninebot F25E II is not the most powerful electric scooter in the Segway lineup, but it offers just the right amount of capability and durability. According to the factory specifications, the Ninebot F25E II can handle fairly complex situations. Specifically, the Ninebot F25E II scooter is robust enough not to succumb even under a weight of 100 kg. It can also manage inclines up to 10%. This is achieved with the help of its sturdy construction and an electric motor with a <strong>maximum power of 500W<\/strong>.<\/p>\n<p>The scooter draws the necessary energy from a sufficiently large <strong>36V \/ 7.65Ah (275Wh)<\/strong> Li-ion battery pack. According to factory specifications, the Ninebot F25E II can travel up to 25 km on a single charge. With its smaller battery capacity, the Ninebot F25E II is still an appropriate transport solution for situations where a few short trips are needed throughout the day. To compensate for the shorter travel distance, the Ninebot F25E II can be recharged fairly quickly. The scooter requires up to <strong>5 hours<\/strong> to fully charge the battery <strong>from 0-100%<\/strong> with the included charger.<\/p>\n<p><strong>Equipped with a modern LCD display<\/strong>, the Ninebot F25E II electric scooters are well-thought-out. The Ninebot F25E II displays essential information for the rider on the screen, providing data on speed, battery charge level, and active riding mode. The Ninebot F-series stands out from many electric scooters by offering <strong>four electronic gears\/modes of operation.<\/strong><\/p>\n<p>To improve visibility in the dark, the Segway Ninebot F25E II electric scooters are equipped with LED lights. <strong>With a powerful 2.1W LED front light<\/strong>, the Ninebot F25E II can be navigated easily even on the darkest days. For the safety of fellow road users, the Ninebot F25E II also features rear brake and taillights to enhance visibility.<\/p>\n<h2 style=\"text-align: center;\">SAFETY<\/h2>\n<p>Electric scooters are fast and can potentially be dangerous for the rider. Therefore, we always recommend wearing a helmet. For riders under 16 years old, wearing a helmet while riding an electric scooter is legally mandatory. All electric scooters can be found here.<\/p>\n<p><strong>The Segway Ninebot Kickscooter F25E II electric scooter is street-legal in Estonia under traffic laws, with a manufacturer power of 500W and a manufacturer speed of 25km\/h. Note: If the electric scooter has been independently modified by the user to be faster or more powerful than the specified parameters, then Scooter World does not take responsibility for any fines incurred due to legal violations, police confiscation of the electric scooter, or other types of damages caused by such violations.<\/strong><\/p>\n<p><strong>When you purchase your electric scooter from our store, all accessories come with a 20% discount with the purchase of your electric scooter!<\/strong><\/p>\n<table class=\"tg\" style=\"border-collapse: collapse; max-width: 600px; border-spacing: 0; margin: 0px auto;\">\n<tbody>\n<tr>\n<td style=\"background-color: #e4e1e1; color: #333333; font-family: inherit; font-size: 14px; font-weight: bold; overflow: hidden; padding: 5px 5px; text-align: center; vertical-align: top; word-break: normal; border: 1px solid;\" colspan=\"2\">Technical Specification<\/td>\n<\/tr>\n<tr>\n<td style=\"background-color: #e4e1e1; color: #333333; font-family: inherit; font-size: 14px; font-weight: bold; overflow: hidden; padding: 5px 5px; text-align: right; vertical-align: top; word-break: normal; border: 1px solid;\">Model<\/td>\n<td style=\"font-family: inherit; font-size: 14px; overflow: hidden; padding: 5px 5px; text-align: center; vertical-align: top; word-break: normal; border: 1px solid;\">Segway Ninebot F25E II<\/td>\n<\/tr>\n<tr>\n<td style=\"background-color: #e4e1e1; color: #333333; font-family: inherit; font-size: 14px; font-weight: bold; overflow: hidden; padding: 5px 5px; text-align: right; vertical-align: top; word-break: normal; border: 1px solid;\">Battery<\/td>\n<td style=\"font-family: inherit; font-size: 14px; overflow: hidden; padding: 5px 5px; text-align: center; vertical-align: top; word-break: normal; border: 1px solid;\">36V \/ 7.65Ah \/ 275Wh\u00a0<\/td>\n<\/tr>\n<tr>\n<td style=\"background-color: #e4e1e1; color: #333333; font-family: inherit; font-size: 14px; font-weight: bold; overflow: hidden; padding: 5px 5px; text-align: right; vertical-align: top; word-break: normal; border: 1px solid;\">Charging Time<\/td>\n<td style=\"font-family: inherit; font-size: 14px; overflow: hidden; padding: 5px 5px; text-align: center; vertical-align: top; word-break: normal; border: 1px solid;\">up to 5h<\/td>\n<\/tr>\n<tr>\n<td style=\"background-color: #e4e1e1; color: #333333; font-family: inherit; font-size: 14px; font-weight: bold; overflow: hidden; padding: 5px 5px; text-align: right; vertical-align: top; word-break: normal; border: 1px solid;\">Motor Power<\/td>\n<td style=\"font-family: inherit; font-size: 14px; overflow: hidden; padding: 5px 5px; text-align: center; vertical-align: top; word-break: normal; border: 1px solid;\">500W<\/td>\n<\/tr>\n<tr>\n<td style=\"background-color: #e4e1e1; color: #333333; font-family: inherit; font-size: 14px; font-weight: bold; overflow: hidden; padding: 5px 5px; text-align: right; vertical-align: top; word-break: normal; border: 1px solid;\">Range (manufacturer specification) | <br \/>Calculated Range<\/td>\n<td style=\"font-family: inherit; font-size: 14px; overflow: hidden; padding: 5px 5px; text-align: center; vertical-align: top; word-break: normal; border: 1px solid;\">up to25km | 18km (25km\/h, 70kg rider, 15Wh\/km)<\/td>\n<\/tr>\n<tr>\n<td style=\"background-color: #e4e1e1; color: #333333; font-family: inherit; font-size: 14px; font-weight: bold; overflow: hidden; padding: 5px 5px; text-align: right; vertical-align: top; word-break: normal; border: 1px solid;\">Front Brakes<\/td>\n<td style=\"font-family: inherit; font-size: 14px; overflow: hidden; padding: 5px 5px; text-align: center; vertical-align: top; word-break: normal; border: 1px solid;\">electric brake (regenerative)<\/td>\n<\/tr>\n<tr>\n<td style=\"background-color: #e4e1e1; color: #333333; font-family: inherit; font-size: 14px; font-weight: bold; overflow: hidden; padding: 5px 5px; text-align: right; vertical-align: top; word-break: normal; border: 1px solid;\">Rear Brakes<\/td>\n<td style=\"font-family: inherit; font-size: 14px; overflow: hidden; padding: 5px 5px; text-align: center; vertical-align: top; word-break: normal; border: 1px solid;\">disc brakes<\/td>\n<\/tr>\n<tr>\n<td style=\"background-color: #e4e1e1; color: #333333; font-family: inherit; font-size: 14px; font-weight: bold; overflow: hidden; padding: 5px 5px; text-align: right; vertical-align: top; word-break: normal; border: 1px solid;\">Weight Limit<\/td>\n<td style=\"font-family: inherit; font-size: 14px; overflow: hidden; padding: 5px 5px; text-align: center; vertical-align: top; word-break: normal; border: 1px solid;\">100kg<\/td>\n<\/tr>\n<tr>\n<td style=\"background-color: #e4e1e1; color: #333333; font-family: inherit; font-size: 14px; font-weight: bold; overflow: hidden; padding: 5px 5px; text-align: right; vertical-align: top; word-break: normal; border: 1px solid;\">Speed<\/td>\n<td style=\"font-family: inherit; font-size: 14px; overflow: hidden; padding: 5px 5px; text-align: center; vertical-align: top; word-break: normal; border: 1px solid;\">25km\/h<\/td>\n<\/tr>\n<tr>\n<td style=\"background-color: #e4e1e1; color: #333333; font-family: inherit; font-size: 14px; font-weight: bold; overflow: hidden; padding: 5px 5px; text-align: right; vertical-align: top; word-break: normal; border: 1px solid;\">Weight<\/td>\n<td style=\"font-family: inherit; font-size: 14px; overflow: hidden; padding: 5px 5px; text-align: center; vertical-align: top; word-break: normal; border: 1px solid;\">15.3kg<\/td>\n<\/tr>\n<tr>\n<td style=\"background-color: #e4e1e1; color: #333333; font-family: inherit; font-size: 14px; font-weight: bold; overflow: hidden; padding: 5px 5px; text-align: right; vertical-align: top; word-break: normal; border: 1px solid;\">Motorized Wheel<\/td>\n<td style=\"font-family: inherit; font-size: 14px; overflow: hidden; padding: 5px 5px; text-align: center; vertical-align: top; word-break: normal; border: 1px solid;\">front wheel<\/td>\n<\/tr>\n<tr>\n<td style=\"background-color: #e4e1e1; color: #333333; font-family: inherit; font-size: 14px; font-weight: bold; overflow: hidden; padding: 5px 5px; text-align: right; vertical-align: top; word-break: normal; border: 1px solid;\">Tires<\/td>\n<td style=\"font-family: inherit; font-size: 14px; overflow: hidden; padding: 5px 5px; text-align: center; vertical-align: top; word-break: normal; border: 1px solid;\">10\" inner tube air tires<\/td>\n<\/tr>\n<tr>\n<td style=\"background-color: #e4e1e1; color: #333333; font-family: inherit; font-size: 14px; font-weight: bold; overflow: hidden; padding: 5px 5px; text-align: right; vertical-align: top; word-break: normal; border: 1px solid;\">Maximum Incline<\/td>\n<td style=\"font-family: inherit; font-size: 14px; overflow: hidden; padding: 5px 5px; text-align: center; vertical-align: top; word-break: normal; border: 1px solid;\">up to 10 degrees<\/td>\n<\/tr>\n<\/tbody>\n<\/table>\n","protected":false},"excerpt":{"rendered":"<p><strong>When purchased together with an electric scooter, all accessories and spare parts are -20%. The discount is automatically applied when added to the shopping cart!<\/strong><\/p>\n<p><strong>Delivery time: 1-5 business days.<\/strong><\/p>\n<p><em><strong>\u00a0<\/strong><\/em><\/p>\n","protected":false},"featured_media":32154,"template":"","meta":[],"product_brand":[],"product_cat":[722],"product_tag":[],"filter_elektritoukeratas":[],"class_list":{"0":"post-44920","1":"product","2":"type-product","3":"status-publish","4":"has-post-thumbnail","6":"product_cat-electric-scooters","7":"product_shipping_class-keskmine-pakk-en","8":"pa_aku-mahutavus-wh-275-en","9":"pa_kaal-kg-15-3-en","10":"pa_kandevoime-kg-100-en","11":"pa_labisoit-arvutuslik-km-18-en","12":"pa_mootorite-arv-uhe-mootoriga-en","13":"pa_muuja-platvormil-touksimaailm-exocool-ou-en","14":"pa_piiramata-tippkiirus-kmh-25-en","15":"pa_tootetuup-elektritoukeratas-en","16":"pa_valmistaja-segway-en","17":"pa_voimsus-w-500-en","19":"first","20":"instock","21":"taxable","22":"shipping-taxable","23":"purchasable","24":"product-type-simple"},"yoast_head":"<!-- This site is optimized with the Yoast SEO Premium plugin v26.8 (Yoast SEO v27.5) - https:\/\/yoast.com\/product\/yoast-seo-premium-wordpress\/ -->\n<title>Segway Ninebot F25E II electric scooter | T\u00f5uksimaailm | F-seeria<\/title>\n<meta name=\"description\" content=\"Segway Ninebot F25E II elektrit\u00f5ukeratas. Vastupidav elektriline t\u00f5ukeratas. Segway Ninebot elektrit\u00f5ukerattad. Kompaktsed Segway elektrilised t\u00f5ukerattad.\" \/>\n<meta name=\"robots\" content=\"index, follow, max-snippet:-1, max-image-preview:large, max-video-preview:-1\" \/>\n<link rel=\"canonical\" href=\"https:\/\/www.xn--tuksimaailm-ffb.ee\/en\/product\/segway-ninebot-f25e-ii-electric-scooter\/\" \/>\n<meta property=\"og:locale\" content=\"en_US\" \/>\n<meta property=\"og:type\" content=\"article\" \/>\n<meta property=\"og:title\" content=\"Segway Ninebot F25E II electric scooter\" \/>\n<meta property=\"og:description\" content=\"Segway Ninebot F25E II elektrit\u00f5ukeratas. Vastupidav elektriline t\u00f5ukeratas. Segway Ninebot elektrit\u00f5ukerattad. Kompaktsed Segway elektrilised t\u00f5ukerattad.\" \/>\n<meta property=\"og:url\" content=\"https:\/\/www.xn--tuksimaailm-ffb.ee\/en\/product\/segway-ninebot-f25e-ii-electric-scooter\/\" \/>\n<meta property=\"og:site_name\" content=\"T\u00f5uksimaailm\" \/>\n<meta property=\"article:publisher\" content=\"https:\/\/www.facebook.com\/touksimaailm\/\" \/>\n<meta property=\"og:image\" content=\"https:\/\/www.xn--tuksimaailm-ffb.ee\/wp-content\/uploads\/2023\/02\/Segway-Ninebot-F25E-II-elektritoukeratas-elektritoukerattad-elektriline-toukeratas-elektrilised-toukerattad-electric-scooter-electric-KickScooter-1.webp\" \/>\n\t<meta property=\"og:image:width\" content=\"2048\" \/>\n\t<meta property=\"og:image:height\" content=\"2048\" \/>\n\t<meta property=\"og:image:type\" content=\"image\/webp\" \/>\n<meta name=\"twitter:card\" content=\"summary_large_image\" \/>\n<meta name=\"twitter:label1\" content=\"Price\" \/>\n\t<meta name=\"twitter:data1\" content=\"&euro;419.00\" \/>\n\t<meta name=\"twitter:label2\" content=\"Availability\" \/>\n\t<meta name=\"twitter:data2\" content=\"In stock\" \/>\n<meta property=\"product:price:amount\" content=\"419.00\" \/>\n<meta property=\"product:price:currency\" content=\"EUR\" \/>\n<meta property=\"og:availability\" content=\"instock\" \/>\n<meta property=\"product:availability\" content=\"instock\" \/>\n<meta property=\"product:retailer_item_id\" content=\"Ninebot-F25E-II\" \/>\n<meta property=\"product:condition\" content=\"new\" \/>\n<!-- \/ Yoast SEO Premium plugin. -->","yoast_head_json":{"title":"Segway Ninebot F25E II electric scooter | T\u00f5uksimaailm | F-seeria","description":"Segway Ninebot F25E II elektrit\u00f5ukeratas. Vastupidav elektriline t\u00f5ukeratas. Segway Ninebot elektrit\u00f5ukerattad. Kompaktsed Segway elektrilised t\u00f5ukerattad.","robots":{"index":"index","follow":"follow","max-snippet":"max-snippet:-1","max-image-preview":"max-image-preview:large","max-video-preview":"max-video-preview:-1"},"canonical":"https:\/\/www.xn--tuksimaailm-ffb.ee\/en\/product\/segway-ninebot-f25e-ii-electric-scooter\/","og_locale":"en_US","og_type":"article","og_title":"Segway Ninebot F25E II electric scooter","og_description":"Segway Ninebot F25E II elektrit\u00f5ukeratas. Vastupidav elektriline t\u00f5ukeratas. Segway Ninebot elektrit\u00f5ukerattad. Kompaktsed Segway elektrilised t\u00f5ukerattad.","og_url":"https:\/\/www.xn--tuksimaailm-ffb.ee\/en\/product\/segway-ninebot-f25e-ii-electric-scooter\/","og_site_name":"T\u00f5uksimaailm","article_publisher":"https:\/\/www.facebook.com\/touksimaailm\/","og_image":[{"width":2048,"height":2048,"url":"https:\/\/www.xn--tuksimaailm-ffb.ee\/wp-content\/uploads\/2023\/02\/Segway-Ninebot-F25E-II-elektritoukeratas-elektritoukerattad-elektriline-toukeratas-elektrilised-toukerattad-electric-scooter-electric-KickScooter-1.webp","type":"image\/webp"}],"twitter_card":"summary_large_image","twitter_misc":{"Price":"&euro;419.00","Availability":"In stock"},"schema":{"@context":"https:\/\/schema.org","@graph":[{"@type":"WebPage","@id":"https:\/\/www.xn--tuksimaailm-ffb.ee\/en\/product\/segway-ninebot-f25e-ii-electric-scooter\/","url":"https:\/\/www.xn--tuksimaailm-ffb.ee\/en\/product\/segway-ninebot-f25e-ii-electric-scooter\/","name":"Segway Ninebot F25E II electric scooter | T\u00f5uksimaailm | F-seeria","isPartOf":{"@id":"https:\/\/www.xn--tuksimaailm-ffb.ee\/en\/#website"},"primaryImageOfPage":{"@id":"https:\/\/www.xn--tuksimaailm-ffb.ee\/en\/product\/segway-ninebot-f25e-ii-electric-scooter\/#primaryimage"},"image":{"@id":"https:\/\/www.xn--tuksimaailm-ffb.ee\/en\/product\/segway-ninebot-f25e-ii-electric-scooter\/#primaryimage"},"thumbnailUrl":"https:\/\/www.xn--tuksimaailm-ffb.ee\/wp-content\/uploads\/2023\/02\/Segway-Ninebot-F25E-II-elektritoukeratas-elektritoukerattad-elektriline-toukeratas-elektrilised-toukerattad-electric-scooter-electric-KickScooter-1.webp","datePublished":"2023-02-26T20:30:47+00:00","description":"Segway Ninebot F25E II elektrit\u00f5ukeratas. Vastupidav elektriline t\u00f5ukeratas. Segway Ninebot elektrit\u00f5ukerattad. Kompaktsed Segway elektrilised t\u00f5ukerattad.","breadcrumb":{"@id":"https:\/\/www.xn--tuksimaailm-ffb.ee\/en\/product\/segway-ninebot-f25e-ii-electric-scooter\/#breadcrumb"},"inLanguage":"en-US","potentialAction":[{"@type":"ReadAction","target":["https:\/\/www.xn--tuksimaailm-ffb.ee\/en\/product\/segway-ninebot-f25e-ii-electric-scooter\/"]}]},{"@type":"ImageObject","inLanguage":"en-US","@id":"https:\/\/www.xn--tuksimaailm-ffb.ee\/en\/product\/segway-ninebot-f25e-ii-electric-scooter\/#primaryimage","url":"https:\/\/www.xn--tuksimaailm-ffb.ee\/wp-content\/uploads\/2023\/02\/Segway-Ninebot-F25E-II-elektritoukeratas-elektritoukerattad-elektriline-toukeratas-elektrilised-toukerattad-electric-scooter-electric-KickScooter-1.webp","contentUrl":"https:\/\/www.xn--tuksimaailm-ffb.ee\/wp-content\/uploads\/2023\/02\/Segway-Ninebot-F25E-II-elektritoukeratas-elektritoukerattad-elektriline-toukeratas-elektrilised-toukerattad-electric-scooter-electric-KickScooter-1.webp","width":2048,"height":2048,"caption":"Segway Ninebot F25E II elektrit\u00f5ukeratas elektrit\u00f5ukerattad elektriline t\u00f5ukeratas elektrilised t\u00f5ukerattad electric scooter electric KickScooter 1"},{"@type":"BreadcrumbList","@id":"https:\/\/www.xn--tuksimaailm-ffb.ee\/en\/product\/segway-ninebot-f25e-ii-electric-scooter\/#breadcrumb","itemListElement":[{"@type":"ListItem","position":1,"name":"Home","item":"https:\/\/www.xn--tuksimaailm-ffb.ee\/en\/main-page\/"},{"@type":"ListItem","position":2,"name":"Shop","item":"https:\/\/www.xn--tuksimaailm-ffb.ee\/elektritoukerataste-pood\/"},{"@type":"ListItem","position":3,"name":"Segway Ninebot F25E II electric scooter"}]},{"@type":"WebSite","@id":"https:\/\/www.xn--tuksimaailm-ffb.ee\/en\/#website","url":"https:\/\/www.xn--tuksimaailm-ffb.ee\/en\/","name":"T\u00f5uksimaailm","description":"Elektrit\u00f5ukerataste m\u00fc\u00fck, remont ja rent","publisher":{"@id":"https:\/\/www.xn--tuksimaailm-ffb.ee\/en\/#organization"},"potentialAction":[{"@type":"SearchAction","target":{"@type":"EntryPoint","urlTemplate":"https:\/\/www.xn--tuksimaailm-ffb.ee\/en\/?s={search_term_string}"},"query-input":{"@type":"PropertyValueSpecification","valueRequired":true,"valueName":"search_term_string"}}],"inLanguage":"en-US"},{"@type":"Organization","@id":"https:\/\/www.xn--tuksimaailm-ffb.ee\/en\/#organization","name":"T\u00f5uksimaailm","url":"https:\/\/www.xn--tuksimaailm-ffb.ee\/en\/","logo":{"@type":"ImageObject","inLanguage":"en-US","@id":"https:\/\/www.xn--tuksimaailm-ffb.ee\/en\/#\/schema\/logo\/image\/","url":"https:\/\/www.xn--tuksimaailm-ffb.ee\/wp-content\/uploads\/2020\/01\/logoz-e1579792875517.png","contentUrl":"https:\/\/www.xn--tuksimaailm-ffb.ee\/wp-content\/uploads\/2020\/01\/logoz-e1579792875517.png","width":250,"height":250,"caption":"T\u00f5uksimaailm"},"image":{"@id":"https:\/\/www.xn--tuksimaailm-ffb.ee\/en\/#\/schema\/logo\/image\/"},"sameAs":["https:\/\/www.facebook.com\/touksimaailm\/","https:\/\/www.instagram.com\/touksimaailm_\/","https:\/\/www.youtube.com\/channel\/UC18ml0EKIDLP1xGuQjFzcXQ"]}]},"product_price_amount":"419.00","product_price_currency":"EUR","og_availability":"instock","product_availability":"instock","product_retailer_item_id":"Ninebot-F25E-II","product_condition":"new"},"jetpack_sharing_enabled":true,"_links":{"self":[{"href":"https:\/\/www.xn--tuksimaailm-ffb.ee\/en\/wp-json\/wp\/v2\/product\/44920","targetHints":{"allow":["GET"]}}],"collection":[{"href":"https:\/\/www.xn--tuksimaailm-ffb.ee\/en\/wp-json\/wp\/v2\/product"}],"about":[{"href":"https:\/\/www.xn--tuksimaailm-ffb.ee\/en\/wp-json\/wp\/v2\/types\/product"}],"wp:featuredmedia":[{"embeddable":true,"href":"https:\/\/www.xn--tuksimaailm-ffb.ee\/en\/wp-json\/wp\/v2\/media\/32154"}],"wp:attachment":[{"href":"https:\/\/www.xn--tuksimaailm-ffb.ee\/en\/wp-json\/wp\/v2\/media?parent=44920"}],"wp:term":[{"taxonomy":"product_brand","embeddable":true,"href":"https:\/\/www.xn--tuksimaailm-ffb.ee\/en\/wp-json\/wp\/v2\/product_brand?post=44920"},{"taxonomy":"product_cat","embeddable":true,"href":"https:\/\/www.xn--tuksimaailm-ffb.ee\/en\/wp-json\/wp\/v2\/product_cat?post=44920"},{"taxonomy":"product_tag","embeddable":true,"href":"https:\/\/www.xn--tuksimaailm-ffb.ee\/en\/wp-json\/wp\/v2\/product_tag?post=44920"},{"taxonomy":"filter_elektritoukeratas","embeddable":true,"href":"https:\/\/www.xn--tuksimaailm-ffb.ee\/en\/wp-json\/wp\/v2\/filter_elektritoukeratas?post=44920"}],"curies":[{"name":"wp","href":"https:\/\/api.w.org\/{rel}","templated":true}]}}