{"id":44926,"date":"2023-02-26T17:47:17","date_gmt":"2023-02-26T15:47:17","guid":{"rendered":"http:\/\/www.xn--tuksimaailm-ffb.ee\/shop\/segway-ninebot-f40i-electric-scooter\/"},"modified":"2024-04-26T16:19:06","modified_gmt":"2024-04-26T13:19:06","slug":"segway-ninebot-f40i-electric-scooter","status":"publish","type":"product","link":"https:\/\/www.xn--tuksimaailm-ffb.ee\/en\/product\/segway-ninebot-f40i-electric-scooter\/","title":{"rendered":"Segway Ninebot F40I electric scooter"},"content":{"rendered":"<h2 style=\"text-align: center;\">SEGWAY NINEBOT F40I ELECTRIC SCOOTER - PRODUCT DESCRIPTION<\/h2>\n<p>The Segway Ninebot F40I is the ideal electric scooter for urban adventurers. Among the new F-series model electric scooters, the Ninebot F40I sits right in the middle in terms of battery capacity. However, the Ninebot F40I electric scooter is above average in capability. Also, the Segway Ninebot F40I scooters are built to be durable. Thus, the new Ninebot F40I electric scooters, with their adequate power and strong frame construction, are sufficiently capable to handle even complex situations successfully.<\/p>\n<p>The F40I features a minimalist and compact design, but design isn\u2019t the only aspect where the Ninebot F40I stands out. Equipped with large and thick 10\u201d tubeless air tires that seal themselves in the event of a puncture, the Ninebot F40I electric scooter offers stable handling and a hassle-free riding experience. The Ninebot F40I is also equipped with many modern features, encompassing everything a proper electric scooter should have. Additionally, the Ninebot F40I differs from many other popular electric scooters in that it is equipped with both front and rear turn signals.<\/p>\n<p>In summary, the F40I scooter is compact and lightweight. The Ninebot F40I electric scooter is sufficiently capable and, thanks to its excellent features, is well-suited as an everyday transportation method in urban traffic. The Ninebot F40I is a mid-capability model in the F-series. The highest capability model of the F-series, the Segway Ninebot F65I, can be found [here](#). All other Segway Ninebot F-series electric scooters are available here<\/p>\n<p><iframe title=\"Ninebot KickScooter F25I by Segway\" width=\"1082\" height=\"609\" src=\"https:\/\/www.youtube.com\/embed\/_-uMbDUA5wg?feature=oembed\" frameborder=\"0\" allow=\"accelerometer; autoplay; clipboard-write; encrypted-media; gyroscope; picture-in-picture; web-share\" referrerpolicy=\"strict-origin-when-cross-origin\" allowfullscreen><\/iframe><\/p>\n<h2 style=\"text-align: center;\">SEGWAY NINEBOT F40I ELECTRIC SCOOTER - SIMPLE AND INTELLIGENT<\/h2>\n<p>The Ninebot F40I electric scooters, with their minimalist frame construction, are pleasantly light. According to the manufacturer's specifications, the Segway Ninebot F40I electric scooters weigh just <strong>17.8kg.<\/strong> Easily foldable via a lever mechanism, the Ninebot F40I scooters are particularly practical due to these features. The Ninebot F40I is designed to be easily transportable.<\/p>\n<p>In addition to their lightweight construction, the Ninebot F40I electric scooters come with many other great features. For instance, the Ninebot F40I electric scooter is equipped with <strong>10\u201d puncture-resistant tubeless air tires<\/strong>. Good tires significantly improve safety, but good tires alone are not enough, which is why the Ninebot F40I electric scooters are also equipped with an effective braking system.<\/p>\n<p>The Ninebot F40I scooters feature a front electronic brake and a rear mechanical disc brake. This combination provides the Segway Ninebot F40I with exceptionally good and <strong>consistent braking performance.<\/strong> Additionally, the intensity of the electronic brake can be adjusted and other data accessed through a <strong>mobile app<\/strong>, as the Ninebot F40I scooters are compatible with such applications via <strong>Bluetooth<\/strong>. This allows the Ninebot F40I electric scooters to be <strong>electronically locked<\/strong>. Despite this, it is still advisable to physically lock the scooter to something secure.<\/p>\n<h2 style=\"text-align: center;\">SEGWAY NINEBOT F40I ELECTRIC SCOOTER - TECHNICAL DESCRIPTION<\/h2>\n<p>The Segway Ninebot F40I electric scooter, with its robust construction and a maximum power of 700W, is capable of handling complex situations. It can manage inclines of up to 20% without faltering. According to factory specifications, the Ninebot F40I electric scooter can also carry a load of up to 120kg.<\/p>\n<p>To ensure sufficient power supply, the Ninebot F40I is equipped with a suitably large Li-ion battery pack. With the help of a square wave controller, the 10.2Ah (367Wh) battery pack provides enough energy to the electric motor to cover up to 40km at maximum. Our calculations (15Wh\/km) suggest that the electric scooter, with a 70kg rider at a steady speed of 25km\/h, can travel up to 25km.<\/p>\n<p>The Ninebot F40I features a relatively quick charging time. Specifically, it takes 6.5 hours to fully charge the battery from 0 to 100%, and the electric scooter also has a conveniently accessible charging port location. Therefore, with proper charging planning, the electric scooter can travel more than 40km in a single day.<\/p>\n<p>The Ninebot F40I electric scooters are equipped with a <strong>minimalist LCD display<\/strong>. The Ninebot F40I displays essential information for the rider on the screen, including speed, battery charge level, and active riding mode. The Ninebot F40I stands out from many other electric scooters with its <strong>four electronic gears\/modes of operation.<\/strong><\/p>\n<p>For better visibility, the electric scooter is equipped with LED lights. For nighttime riding, the Ninebot F40I is equipped with a <strong>2.1W front LED light<\/strong>. To ensure that the scooter is more visible to others, the Segway Ninebot F40I electric scooters also feature <strong>rear brake and taillights.<\/strong><\/p>\n<h2 style=\"text-align: center;\">SAFETY<\/h2>\n<p>Electric scooters are fast and can be potentially dangerous for the rider. Therefore, we always recommend wearing a helmet. For riders under 16 years old, wearing a helmet while riding an electric scooter is legally mandatory. All electric scooters can be found here.<\/p>\n<p><strong>The Segway Ninebot Kickscooter F40I electric scooter is street-legal in Estonia under traffic laws, with a manufacturer power of 300W and a manufacturer speed of 25km\/h. Note: If the electric scooter has been independently modified by the user to be faster or more powerful than the specified parameters, then Scooter World does not take responsibility for any fines incurred due to legal violations, police confiscation of the electric scooter, or other types of damages caused by such violations.<\/strong><\/p>\n<p><strong>When you purchase your electric scooter from our store, all accessories come with a 20% discount with the purchase of your electric scooter!<\/strong><\/p>\n<table class=\"tg\" style=\"border-collapse: collapse; max-width: 600px; border-spacing: 0; margin: 0px auto;\">\n<tbody>\n<tr>\n<td style=\"background-color: #e4e1e1; color: #333333; font-family: inherit; font-size: 14px; font-weight: bold; overflow: hidden; padding: 5px 5px; text-align: center; vertical-align: top; word-break: normal; border: 1px solid;\" colspan=\"2\">Technical Specification<\/td>\n<\/tr>\n<tr>\n<td style=\"background-color: #e4e1e1; color: #333333; font-family: inherit; font-size: 14px; font-weight: bold; overflow: hidden; padding: 5px 5px; text-align: right; vertical-align: top; word-break: normal; border: 1px solid;\">Model<\/td>\n<td style=\"font-family: inherit; font-size: 14px; overflow: hidden; padding: 5px 5px; text-align: center; vertical-align: top; word-break: normal; border: 1px solid;\">Segway Ninebot F40I<\/td>\n<\/tr>\n<tr>\n<td style=\"background-color: #e4e1e1; color: #333333; font-family: inherit; font-size: 14px; font-weight: bold; overflow: hidden; padding: 5px 5px; text-align: right; vertical-align: top; word-break: normal; border: 1px solid;\">Battery<\/td>\n<td style=\"font-family: inherit; font-size: 14px; overflow: hidden; padding: 5px 5px; text-align: center; vertical-align: top; word-break: normal; border: 1px solid;\">36V \/ 10.2Ah \/ 367Wh\u00a0<\/td>\n<\/tr>\n<tr>\n<td style=\"background-color: #e4e1e1; color: #333333; font-family: inherit; font-size: 14px; font-weight: bold; overflow: hidden; padding: 5px 5px; text-align: right; vertical-align: top; word-break: normal; border: 1px solid;\">Charging Time<\/td>\n<td style=\"font-family: inherit; font-size: 14px; overflow: hidden; padding: 5px 5px; text-align: center; vertical-align: top; word-break: normal; border: 1px solid;\">up to 5h<\/td>\n<\/tr>\n<tr>\n<td style=\"background-color: #e4e1e1; color: #333333; font-family: inherit; font-size: 14px; font-weight: bold; overflow: hidden; padding: 5px 5px; text-align: right; vertical-align: top; word-break: normal; border: 1px solid;\">Motor Power<\/td>\n<td style=\"font-family: inherit; font-size: 14px; overflow: hidden; padding: 5px 5px; text-align: center; vertical-align: top; word-break: normal; border: 1px solid;\">300W<\/td>\n<\/tr>\n<tr>\n<td style=\"background-color: #e4e1e1; color: #333333; font-family: inherit; font-size: 14px; font-weight: bold; overflow: hidden; padding: 5px 5px; text-align: right; vertical-align: top; word-break: normal; border: 1px solid;\">Range (manufacturer specification) | <br \/>Calculated Range<\/td>\n<td style=\"font-family: inherit; font-size: 14px; overflow: hidden; padding: 5px 5px; text-align: center; vertical-align: top; word-break: normal; border: 1px solid;\">up to 40km | 25km (25km\/h, 70kg rider, 15Wh\/km)<\/td>\n<\/tr>\n<tr>\n<td style=\"background-color: #e4e1e1; color: #333333; font-family: inherit; font-size: 14px; font-weight: bold; overflow: hidden; padding: 5px 5px; text-align: right; vertical-align: top; word-break: normal; border: 1px solid;\">Front Brakes<\/td>\n<td style=\"font-family: inherit; font-size: 14px; overflow: hidden; padding: 5px 5px; text-align: center; vertical-align: top; word-break: normal; border: 1px solid;\">electric brake (regenerative)<\/td>\n<\/tr>\n<tr>\n<td style=\"background-color: #e4e1e1; color: #333333; font-family: inherit; font-size: 14px; font-weight: bold; overflow: hidden; padding: 5px 5px; text-align: right; vertical-align: top; word-break: normal; border: 1px solid;\">Rear Brakes<\/td>\n<td style=\"font-family: inherit; font-size: 14px; overflow: hidden; padding: 5px 5px; text-align: center; vertical-align: top; word-break: normal; border: 1px solid;\">disc brakes<\/td>\n<\/tr>\n<tr>\n<td style=\"background-color: #e4e1e1; color: #333333; font-family: inherit; font-size: 14px; font-weight: bold; overflow: hidden; padding: 5px 5px; text-align: right; vertical-align: top; word-break: normal; border: 1px solid;\">Weight Limit<\/td>\n<td style=\"font-family: inherit; font-size: 14px; overflow: hidden; padding: 5px 5px; text-align: center; vertical-align: top; word-break: normal; border: 1px solid;\">120kg<\/td>\n<\/tr>\n<tr>\n<td style=\"background-color: #e4e1e1; color: #333333; font-family: inherit; font-size: 14px; font-weight: bold; overflow: hidden; padding: 5px 5px; text-align: right; vertical-align: top; word-break: normal; border: 1px solid;\">Speed<\/td>\n<td style=\"font-family: inherit; font-size: 14px; overflow: hidden; padding: 5px 5px; text-align: center; vertical-align: top; word-break: normal; border: 1px solid;\">25km\/h<\/td>\n<\/tr>\n<tr>\n<td style=\"background-color: #e4e1e1; color: #333333; font-family: inherit; font-size: 14px; font-weight: bold; overflow: hidden; padding: 5px 5px; text-align: right; vertical-align: top; word-break: normal; border: 1px solid;\">Weight<\/td>\n<td style=\"font-family: inherit; font-size: 14px; overflow: hidden; padding: 5px 5px; text-align: center; vertical-align: top; word-break: normal; border: 1px solid;\">17.8kg<\/td>\n<\/tr>\n<tr>\n<td style=\"background-color: #e4e1e1; color: #333333; font-family: inherit; font-size: 14px; font-weight: bold; overflow: hidden; padding: 5px 5px; text-align: right; vertical-align: top; word-break: normal; border: 1px solid;\">Motorized Wheel<\/td>\n<td style=\"font-family: inherit; font-size: 14px; overflow: hidden; padding: 5px 5px; text-align: center; vertical-align: top; word-break: normal; border: 1px solid;\">front wheel<\/td>\n<\/tr>\n<tr>\n<td style=\"background-color: #e4e1e1; color: #333333; font-family: inherit; font-size: 14px; font-weight: bold; overflow: hidden; padding: 5px 5px; text-align: right; vertical-align: top; word-break: normal; border: 1px solid;\">Tires<\/td>\n<td style=\"font-family: inherit; font-size: 14px; overflow: hidden; padding: 5px 5px; text-align: center; vertical-align: top; word-break: normal; border: 1px solid;\">10\" tubeless air tires with a puncture-resistant layer<\/td>\n<\/tr>\n<tr>\n<td style=\"background-color: #e4e1e1; color: #333333; font-family: inherit; font-size: 14px; font-weight: bold; overflow: hidden; padding: 5px 5px; text-align: right; vertical-align: top; word-break: normal; border: 1px solid;\">Maximum Incline<\/td>\n<td style=\"font-family: inherit; font-size: 14px; overflow: hidden; padding: 5px 5px; text-align: center; vertical-align: top; word-break: normal; border: 1px solid;\">up to 20 degrees<\/td>\n<\/tr>\n<\/tbody>\n<\/table>\n","protected":false},"excerpt":{"rendered":"<p><strong>When purchased together with an electric scooter, all accessories and spare parts are -20%. The discount is automatically applied when added to the shopping cart!<\/strong><\/p>\n<p><strong>Delivery time: 1-5 business days.<\/strong><\/p>\n<p><em><strong>\u00a0<\/strong><\/em><\/p>\n","protected":false},"featured_media":32140,"template":"","meta":[],"product_brand":[],"product_cat":[722],"product_tag":[],"filter_elektritoukeratas":[],"class_list":{"0":"post-44926","1":"product","2":"type-product","3":"status-publish","4":"has-post-thumbnail","6":"product_cat-electric-scooters","7":"product_shipping_class-keskmine-pakk-en","8":"pa_aku-mahutavus-wh-367-en","9":"pa_kaal-kg-17-8-en","10":"pa_kandevoime-kg-120-en","11":"pa_labisoit-arvutuslik-km-25-en","12":"pa_mootorite-arv-uhe-mootoriga-en","13":"pa_muuja-platvormil-touksimaailm-exocool-ou-en","14":"pa_piiramata-tippkiirus-kmh-25-en","15":"pa_tootetuup-elektritoukeratas-en","16":"pa_valmistaja-segway-en","17":"pa_voimsus-w-300-en","19":"first","20":"instock","21":"taxable","22":"shipping-taxable","23":"purchasable","24":"product-type-simple"},"yoast_head":"<!-- This site is optimized with the Yoast SEO Premium plugin v26.8 (Yoast SEO v27.3) - https:\/\/yoast.com\/product\/yoast-seo-premium-wordpress\/ -->\n<title>Segway Ninebot F40I electric scooter | T\u00f5uksimaailm | F-seeria<\/title>\n<meta name=\"description\" content=\"Uus Segway Ninebot F40I elektrit\u00f5ukeratas. Vastupidav elektriline t\u00f5ukeratas. Segway Ninebot elektrit\u00f5ukerattad. Kompaktsed Segway elektrilised t\u00f5ukerattad.\" \/>\n<meta name=\"robots\" content=\"index, follow, max-snippet:-1, max-image-preview:large, max-video-preview:-1\" \/>\n<link rel=\"canonical\" href=\"https:\/\/www.xn--tuksimaailm-ffb.ee\/en\/product\/segway-ninebot-f40i-electric-scooter\/\" \/>\n<meta property=\"og:locale\" content=\"en_US\" \/>\n<meta property=\"og:type\" content=\"article\" \/>\n<meta property=\"og:title\" content=\"Segway Ninebot F40I electric scooter\" \/>\n<meta property=\"og:description\" content=\"Uus Segway Ninebot F40I elektrit\u00f5ukeratas. Vastupidav elektriline t\u00f5ukeratas. Segway Ninebot elektrit\u00f5ukerattad. Kompaktsed Segway elektrilised t\u00f5ukerattad.\" \/>\n<meta property=\"og:url\" content=\"https:\/\/www.xn--tuksimaailm-ffb.ee\/en\/product\/segway-ninebot-f40i-electric-scooter\/\" \/>\n<meta property=\"og:site_name\" content=\"T\u00f5uksimaailm\" \/>\n<meta property=\"article:publisher\" content=\"https:\/\/www.facebook.com\/touksimaailm\/\" \/>\n<meta property=\"article:modified_time\" content=\"2024-04-26T13:19:06+00:00\" \/>\n<meta property=\"og:image\" content=\"https:\/\/www.xn--tuksimaailm-ffb.ee\/wp-content\/uploads\/2023\/02\/Segway-Ninebot-F40I-elektritoukeratas-elektriline-toukeratas-elektritoukerattad-elekrilised-toukerattad-electric-scooter-electric-KickScooter-1.png\" \/>\n\t<meta property=\"og:image:width\" content=\"1020\" \/>\n\t<meta property=\"og:image:height\" content=\"1020\" \/>\n\t<meta property=\"og:image:type\" content=\"image\/png\" \/>\n<meta name=\"twitter:card\" content=\"summary_large_image\" \/>\n<meta name=\"twitter:label1\" content=\"Price\" \/>\n\t<meta name=\"twitter:data1\" content=\"&euro;566.00\" \/>\n\t<meta name=\"twitter:label2\" content=\"Availability\" \/>\n\t<meta name=\"twitter:data2\" content=\"In stock\" \/>\n<meta property=\"product:price:amount\" content=\"566.00\" \/>\n<meta property=\"product:price:currency\" content=\"EUR\" \/>\n<meta property=\"og:availability\" content=\"instock\" \/>\n<meta property=\"product:availability\" content=\"instock\" \/>\n<meta property=\"product:retailer_item_id\" content=\"Ninebot-F40I\" \/>\n<meta property=\"product:condition\" content=\"new\" \/>\n<!-- \/ Yoast SEO Premium plugin. -->","yoast_head_json":{"title":"Segway Ninebot F40I electric scooter | T\u00f5uksimaailm | F-seeria","description":"Uus Segway Ninebot F40I elektrit\u00f5ukeratas. Vastupidav elektriline t\u00f5ukeratas. Segway Ninebot elektrit\u00f5ukerattad. Kompaktsed Segway elektrilised t\u00f5ukerattad.","robots":{"index":"index","follow":"follow","max-snippet":"max-snippet:-1","max-image-preview":"max-image-preview:large","max-video-preview":"max-video-preview:-1"},"canonical":"https:\/\/www.xn--tuksimaailm-ffb.ee\/en\/product\/segway-ninebot-f40i-electric-scooter\/","og_locale":"en_US","og_type":"article","og_title":"Segway Ninebot F40I electric scooter","og_description":"Uus Segway Ninebot F40I elektrit\u00f5ukeratas. Vastupidav elektriline t\u00f5ukeratas. Segway Ninebot elektrit\u00f5ukerattad. Kompaktsed Segway elektrilised t\u00f5ukerattad.","og_url":"https:\/\/www.xn--tuksimaailm-ffb.ee\/en\/product\/segway-ninebot-f40i-electric-scooter\/","og_site_name":"T\u00f5uksimaailm","article_publisher":"https:\/\/www.facebook.com\/touksimaailm\/","article_modified_time":"2024-04-26T13:19:06+00:00","og_image":[{"width":1020,"height":1020,"url":"https:\/\/www.xn--tuksimaailm-ffb.ee\/wp-content\/uploads\/2023\/02\/Segway-Ninebot-F40I-elektritoukeratas-elektriline-toukeratas-elektritoukerattad-elekrilised-toukerattad-electric-scooter-electric-KickScooter-1.png","type":"image\/png"}],"twitter_card":"summary_large_image","twitter_misc":{"Price":"&euro;566.00","Availability":"In stock"},"schema":{"@context":"https:\/\/schema.org","@graph":[{"@type":"WebPage","@id":"https:\/\/www.xn--tuksimaailm-ffb.ee\/en\/product\/segway-ninebot-f40i-electric-scooter\/","url":"https:\/\/www.xn--tuksimaailm-ffb.ee\/en\/product\/segway-ninebot-f40i-electric-scooter\/","name":"Segway Ninebot F40I electric scooter | T\u00f5uksimaailm | F-seeria","isPartOf":{"@id":"https:\/\/www.xn--tuksimaailm-ffb.ee\/en\/#website"},"primaryImageOfPage":{"@id":"https:\/\/www.xn--tuksimaailm-ffb.ee\/en\/product\/segway-ninebot-f40i-electric-scooter\/#primaryimage"},"image":{"@id":"https:\/\/www.xn--tuksimaailm-ffb.ee\/en\/product\/segway-ninebot-f40i-electric-scooter\/#primaryimage"},"thumbnailUrl":"https:\/\/www.xn--tuksimaailm-ffb.ee\/wp-content\/uploads\/2023\/02\/Segway-Ninebot-F40I-elektritoukeratas-elektriline-toukeratas-elektritoukerattad-elekrilised-toukerattad-electric-scooter-electric-KickScooter-1.png","datePublished":"2023-02-26T15:47:17+00:00","dateModified":"2024-04-26T13:19:06+00:00","description":"Uus Segway Ninebot F40I elektrit\u00f5ukeratas. Vastupidav elektriline t\u00f5ukeratas. Segway Ninebot elektrit\u00f5ukerattad. Kompaktsed Segway elektrilised t\u00f5ukerattad.","breadcrumb":{"@id":"https:\/\/www.xn--tuksimaailm-ffb.ee\/en\/product\/segway-ninebot-f40i-electric-scooter\/#breadcrumb"},"inLanguage":"en-US","potentialAction":[{"@type":"ReadAction","target":["https:\/\/www.xn--tuksimaailm-ffb.ee\/en\/product\/segway-ninebot-f40i-electric-scooter\/"]}]},{"@type":"ImageObject","inLanguage":"en-US","@id":"https:\/\/www.xn--tuksimaailm-ffb.ee\/en\/product\/segway-ninebot-f40i-electric-scooter\/#primaryimage","url":"https:\/\/www.xn--tuksimaailm-ffb.ee\/wp-content\/uploads\/2023\/02\/Segway-Ninebot-F40I-elektritoukeratas-elektriline-toukeratas-elektritoukerattad-elekrilised-toukerattad-electric-scooter-electric-KickScooter-1.png","contentUrl":"https:\/\/www.xn--tuksimaailm-ffb.ee\/wp-content\/uploads\/2023\/02\/Segway-Ninebot-F40I-elektritoukeratas-elektriline-toukeratas-elektritoukerattad-elekrilised-toukerattad-electric-scooter-electric-KickScooter-1.png","width":1020,"height":1020,"caption":"Segway Ninebot F40I elektrit\u00f5ukeratas elektriline t\u00f5ukeratas elektrit\u00f5ukerattad elekrilised t\u00f5ukerattad electric scooter electric KickScooter 1"},{"@type":"BreadcrumbList","@id":"https:\/\/www.xn--tuksimaailm-ffb.ee\/en\/product\/segway-ninebot-f40i-electric-scooter\/#breadcrumb","itemListElement":[{"@type":"ListItem","position":1,"name":"Home","item":"https:\/\/www.xn--tuksimaailm-ffb.ee\/en\/main-page\/"},{"@type":"ListItem","position":2,"name":"Shop","item":"https:\/\/www.xn--tuksimaailm-ffb.ee\/elektritoukerataste-pood\/"},{"@type":"ListItem","position":3,"name":"Segway Ninebot F40I electric scooter"}]},{"@type":"WebSite","@id":"https:\/\/www.xn--tuksimaailm-ffb.ee\/en\/#website","url":"https:\/\/www.xn--tuksimaailm-ffb.ee\/en\/","name":"T\u00f5uksimaailm","description":"Elektrit\u00f5ukerataste m\u00fc\u00fck, remont ja rent","publisher":{"@id":"https:\/\/www.xn--tuksimaailm-ffb.ee\/en\/#organization"},"potentialAction":[{"@type":"SearchAction","target":{"@type":"EntryPoint","urlTemplate":"https:\/\/www.xn--tuksimaailm-ffb.ee\/en\/?s={search_term_string}"},"query-input":{"@type":"PropertyValueSpecification","valueRequired":true,"valueName":"search_term_string"}}],"inLanguage":"en-US"},{"@type":"Organization","@id":"https:\/\/www.xn--tuksimaailm-ffb.ee\/en\/#organization","name":"T\u00f5uksimaailm","url":"https:\/\/www.xn--tuksimaailm-ffb.ee\/en\/","logo":{"@type":"ImageObject","inLanguage":"en-US","@id":"https:\/\/www.xn--tuksimaailm-ffb.ee\/en\/#\/schema\/logo\/image\/","url":"https:\/\/www.xn--tuksimaailm-ffb.ee\/wp-content\/uploads\/2020\/01\/logoz-e1579792875517.png","contentUrl":"https:\/\/www.xn--tuksimaailm-ffb.ee\/wp-content\/uploads\/2020\/01\/logoz-e1579792875517.png","width":250,"height":250,"caption":"T\u00f5uksimaailm"},"image":{"@id":"https:\/\/www.xn--tuksimaailm-ffb.ee\/en\/#\/schema\/logo\/image\/"},"sameAs":["https:\/\/www.facebook.com\/touksimaailm\/","https:\/\/www.instagram.com\/touksimaailm_\/","https:\/\/www.youtube.com\/channel\/UC18ml0EKIDLP1xGuQjFzcXQ"]}]},"product_price_amount":"566.00","product_price_currency":"EUR","og_availability":"instock","product_availability":"instock","product_retailer_item_id":"Ninebot-F40I","product_condition":"new"},"jetpack_sharing_enabled":true,"_links":{"self":[{"href":"https:\/\/www.xn--tuksimaailm-ffb.ee\/en\/wp-json\/wp\/v2\/product\/44926","targetHints":{"allow":["GET"]}}],"collection":[{"href":"https:\/\/www.xn--tuksimaailm-ffb.ee\/en\/wp-json\/wp\/v2\/product"}],"about":[{"href":"https:\/\/www.xn--tuksimaailm-ffb.ee\/en\/wp-json\/wp\/v2\/types\/product"}],"wp:featuredmedia":[{"embeddable":true,"href":"https:\/\/www.xn--tuksimaailm-ffb.ee\/en\/wp-json\/wp\/v2\/media\/32140"}],"wp:attachment":[{"href":"https:\/\/www.xn--tuksimaailm-ffb.ee\/en\/wp-json\/wp\/v2\/media?parent=44926"}],"wp:term":[{"taxonomy":"product_brand","embeddable":true,"href":"https:\/\/www.xn--tuksimaailm-ffb.ee\/en\/wp-json\/wp\/v2\/product_brand?post=44926"},{"taxonomy":"product_cat","embeddable":true,"href":"https:\/\/www.xn--tuksimaailm-ffb.ee\/en\/wp-json\/wp\/v2\/product_cat?post=44926"},{"taxonomy":"product_tag","embeddable":true,"href":"https:\/\/www.xn--tuksimaailm-ffb.ee\/en\/wp-json\/wp\/v2\/product_tag?post=44926"},{"taxonomy":"filter_elektritoukeratas","embeddable":true,"href":"https:\/\/www.xn--tuksimaailm-ffb.ee\/en\/wp-json\/wp\/v2\/filter_elektritoukeratas?post=44926"}],"curies":[{"name":"wp","href":"https:\/\/api.w.org\/{rel}","templated":true}]}}