{"id":45166,"date":"2023-02-27T00:10:13","date_gmt":"2023-02-26T22:10:13","guid":{"rendered":"http:\/\/www.xn--tuksimaailm-ffb.ee\/shop\/segway-ninebot-p100se-electric-scooter\/"},"modified":"2024-04-29T09:31:26","modified_gmt":"2024-04-29T06:31:26","slug":"segway-ninebot-p100se-electric-scooter","status":"publish","type":"product","link":"https:\/\/www.xn--tuksimaailm-ffb.ee\/en\/product\/segway-ninebot-p100se-electric-scooter\/","title":{"rendered":"Segway Ninebot P100SE electric scooter"},"content":{"rendered":"<h2 style=\"text-align: center;\">SEGWAY NINEBOT P100SE ELECTRIC SCOOTER - PRODUCT DESCRIPTION<\/h2>\n<p>Segway has introduced new keyless system-equipped Ninebot P100SE electric scooters. The Ninebot P100SE electric scooters are surprisingly pleasant to maneuver and provide an enjoyable riding experience. Packed with many modern features, the Ninebot P100SE electric scooter is suitable for both youth and adults due to its capabilities and durability. Additionally, the Segway Ninebot P100SE electric scooter is an ideal vehicle for exploring urban spaces or for enjoyable cruising.<\/p>\n<p>The Segway P100SE electric scooters have been developed as a result of dedicated and purposeful development work. To affirm this, the Ninebot P100SE electric scooter has been designed to include all the good qualities that a proper electric scooter should have.<\/p>\n<p>To ensure safe handling, the Ninebot P100SE electric scooter is equipped with large and wide 10.5\u201d tubeless air tires that include a puncture-resistant gel layer. To maximize traction under various road conditions, the air tires of the electric scooter are designed with a hybrid tread pattern.<\/p>\n<p>To complement all of the above, the Ninebot P100SE electric scooters are equipped with modern features that enhance riding comfort and make the P-series scooters easy to use. Also, thanks to its stylish appearance, the Ninebot P100SE electric scooters do not go unnoticed in the street scene. The Ninebot P100SE scooters are the most capable movers of the P-series. Even more capable GT series electric scooters can be found here.<\/p>\n<p><iframe title=\"Segway KickScooter P100S - Unleashed Power of Segway\" width=\"1082\" height=\"609\" src=\"https:\/\/www.youtube.com\/embed\/1ZizmfIrOe4?feature=oembed\" frameborder=\"0\" allow=\"accelerometer; autoplay; clipboard-write; encrypted-media; gyroscope; picture-in-picture; web-share\" referrerpolicy=\"strict-origin-when-cross-origin\" allowfullscreen><\/iframe><\/p>\n<h2 style=\"text-align: center;\">SEGWAY NINEBOT P100SE ELECTRIC SCOOTER - TOP-LEVEL CONSTRUCTION<\/h2>\n<p>The Segway P100SE electric scooters are capably powerful for their weight. Although the Ninebot P100SE electric scooters are not the most compact, the Ninebot P100SE scooter is still <strong>reasonably light (32.9 kg) and relatively compact for transportation.<\/strong><\/p>\n<p>With a well-thought-out design, the Ninebot P100SE electric scooters excel in their practical features and other cool attributes. For instance, the Ninebot P100SE scooters can be<strong> electronically locked with an NFC card<\/strong>, but also with a password or phone using the Segway mobile app. To add flair, the Ninebot P100SE electric scooter is equipped with a standing board LED light that projects the English greeting message \u201cWelcome\u201d onto the surface. Considering everyone, the P100SE scooter has been developed in such a way that this LED lighting can be easily switched on or off. For obtaining essential information, electronic locking, and changing various settings, the Ninebot P100SE electric scooter is <strong>compatible with the mobile app due to its Bluetooth connection<\/strong>.<\/p>\n<p>For safe stopping or slowing down, the Ninebot P100SE electric scooter is equipped with <strong>high-quality mechanical disc brakes at both the front and rear.<\/strong> Additionally, the Ninebot P100SE scooter has been developed so that the mechanical brake activation also triggers the electronic motor brake (regenerative). For riding in the dark, the Ninebot P100SE scooters are equipped with a <strong>front 10W LED light<\/strong>. Considering other road users, the visibility of the Segway Ninebot P100SE electric scooter is enhanced with brake and taillights. Also, the Ninebot P100SE scooters are equipped with both <strong>front and rear turn signals.<\/strong><\/p>\n<h2 style=\"text-align: center;\">SEGWAY NINEBOT P100SE ELECTRIC SCOOTER - TECHNICAL DESCRIPTION<\/h2>\n<p>The Ninebot P100SE electric scooter is particularly notable for its quick acceleration, long riding distance, and durability. The vibrant, rear-wheel drive Ninebot P100SE with a <strong>1000W motor power<\/strong> quickly reaches a manufacturer\u2019s speed of 25km\/h. Additionally, with its strong frame construction and capable motor, the Ninebot P100SE electric scooters manage well even in challenging situations. According to the manufacturer's specifications, the P100SE electric scooter can also carry a <strong>load of up to 120kg<\/strong>. The Ninebot P100SE does not struggle with steep inclines either, as it <strong>can successfully handle slopes up to 23%.<\/strong><\/p>\n<p>In addition to its durability and capability, the Ninebot P100SE electric scooter also has an exceptionally good range. Equipped with a powerful and large 25Ah (1200Wh) Li-ion battery pack, the Ninebot P100SE electric scooters can travel <strong>up to 100km on a single charge<\/strong>, according to manufacturer data. The Ninebot P100SE also features a well-protected charging port placement. The Ninebot P100SE scooters <strong>require 7 hours to fully charge from 0 to 100%<\/strong>. Moreover, the Ninebot P100SE includes a <strong>USB-C charging port<\/strong>, which can easily be used to charge a phone or other device.<\/p>\n<p>Ride comfort and stable maneuverability have not been overlooked, hence the Ninebot P100SE electric scooter is equipped with <strong>high-quality shock absorbers at both the front and rear.<\/strong> No detail has been overlooked nor has any compromise been made in terms of quality, resulting in the P100SE being made only from quality materials.<\/p>\n<p>For delivering timely and important information, the Ninebot P100SE electric scooter is also equipped with a <strong>state-of-the-art display<\/strong>. The Segway Ninebot P100SE provides information about the active driving mode, battery charge level, and much more.<\/p>\n<p>.<a href=\"http:\/\/www.xn--tuksimaailm-ffb.ee\/wp-content\/uploads\/2023\/02\/Segway-Ninebot-P100SE-elektritoukeratas-elektritoukerattad-elektriline-toukeratas-elektrilised-toukerattad-electric-scooter-electric-KickScooter-9-jpeg.webp\"><img decoding=\"async\" class=\"alignnone size-medium wp-image-32199 aligncenter\" src=\"http:\/\/www.xn--tuksimaailm-ffb.ee\/wp-content\/uploads\/2023\/02\/Segway-Ninebot-P100SE-elektritoukeratas-elektritoukerattad-elektriline-toukeratas-elektrilised-toukerattad-electric-scooter-electric-KickScooter-9-300x247.webp\" alt=\"Segway Ninebot P100SE elektrit\u00f5ukeratas elektrit\u00f5ukerattad elektriline t\u00f5ukeratas elektrilised t\u00f5ukerattad electric scooter electric KickScooter 9\" width=\"451\" height=\"371\" srcset=\"https:\/\/www.xn--tuksimaailm-ffb.ee\/wp-content\/uploads\/2023\/02\/Segway-Ninebot-P100SE-elektritoukeratas-elektritoukerattad-elektriline-toukeratas-elektrilised-toukerattad-electric-scooter-electric-KickScooter-9-300x247.webp 300w, https:\/\/www.xn--tuksimaailm-ffb.ee\/wp-content\/uploads\/2023\/02\/Segway-Ninebot-P100SE-elektritoukeratas-elektritoukerattad-elektriline-toukeratas-elektrilised-toukerattad-electric-scooter-electric-KickScooter-9-364x300.webp 364w, https:\/\/www.xn--tuksimaailm-ffb.ee\/wp-content\/uploads\/2023\/02\/Segway-Ninebot-P100SE-elektritoukeratas-elektritoukerattad-elektriline-toukeratas-elektrilised-toukerattad-electric-scooter-electric-KickScooter-9-jpeg.webp 570w\" sizes=\"(max-width: 451px) 100vw, 451px\" \/><\/a><\/p>\n<h2 style=\"text-align: center;\">SAFETY<\/h2>\n<p>Electric scooters are fast and potentially dangerous vehicles for riders. Therefore, we always recommend wearing a helmet. For riders under 16, wearing a helmet while riding an electric scooter is mandatory by law. All electric scooters can be found here.<\/p>\n<p><strong>The Segway Ninebot Kickscooter P100SE electric scooter is street-legal under Estonian traffic law, with a manufacturer power of 1000W and a manufacturer speed of 25km\/h. Note! If the electric scooter has been independently modified by the user to be faster or more powerful than the aforementioned parameters, then T\u00f5uksimaailm is not responsible for any fines due to violations of the law, police confiscation of the electric scooter, or other types of damage caused by violations.<\/strong><\/p>\n<p><strong>When you buy your electric scooter from our store, you get a 20% discount on all accessories with the purchase of the scooter!<\/strong><\/p>\n<table class=\"tg\" style=\"border-collapse: collapse; max-width: 600px; border-spacing: 0; margin: 0px auto;\">\n<tbody>\n<tr>\n<td style=\"background-color: #e4e1e1; color: #333333; font-family: inherit; font-size: 14px; font-weight: bold; overflow: hidden; padding: 5px 5px; text-align: center; vertical-align: top; word-break: normal; border: 1px solid;\" colspan=\"2\">Technical Specification<\/td>\n<\/tr>\n<tr>\n<td style=\"background-color: #e4e1e1; color: #333333; font-family: inherit; font-size: 14px; font-weight: bold; overflow: hidden; padding: 5px 5px; text-align: right; vertical-align: top; word-break: normal; border: 1px solid;\">Model<\/td>\n<td style=\"font-family: inherit; font-size: 14px; overflow: hidden; padding: 5px 5px; text-align: center; vertical-align: top; word-break: normal; border: 1px solid;\">Segway Ninebot P100SE<\/td>\n<\/tr>\n<tr>\n<td style=\"background-color: #e4e1e1; color: #333333; font-family: inherit; font-size: 14px; font-weight: bold; overflow: hidden; padding: 5px 5px; text-align: right; vertical-align: top; word-break: normal; border: 1px solid;\">Battery<\/td>\n<td style=\"font-family: inherit; font-size: 14px; overflow: hidden; padding: 5px 5px; text-align: center; vertical-align: top; word-break: normal; border: 1px solid;\"><span style=\"font-size: 16px; text-align: start;\">48V \/ 25Ah \/ 1200Wh<\/span><\/td>\n<\/tr>\n<tr>\n<td style=\"background-color: #e4e1e1; color: #333333; font-family: inherit; font-size: 14px; font-weight: bold; overflow: hidden; padding: 5px 5px; text-align: right; vertical-align: top; word-break: normal; border: 1px solid;\">Charging Time<\/td>\n<td style=\"font-family: inherit; font-size: 14px; overflow: hidden; padding: 5px 5px; text-align: center; vertical-align: top; word-break: normal; border: 1px solid;\">up to 7h<\/td>\n<\/tr>\n<tr>\n<td style=\"background-color: #e4e1e1; color: #333333; font-family: inherit; font-size: 14px; font-weight: bold; overflow: hidden; padding: 5px 5px; text-align: right; vertical-align: top; word-break: normal; border: 1px solid;\">Motor Power<\/td>\n<td style=\"font-family: inherit; font-size: 14px; overflow: hidden; padding: 5px 5px; text-align: center; vertical-align: top; word-break: normal; border: 1px solid;\">1000W<\/td>\n<\/tr>\n<tr>\n<td style=\"background-color: #e4e1e1; color: #333333; font-family: inherit; font-size: 14px; font-weight: bold; overflow: hidden; padding: 5px 5px; text-align: right; vertical-align: top; word-break: normal; border: 1px solid;\">Range (manufacturer specification)| Calculated Range<\/td>\n<td style=\"font-family: inherit; font-size: 14px; overflow: hidden; padding: 5px 5px; text-align: center; vertical-align: top; word-break: normal; border: 1px solid;\">up to 100km | 73km (25km\/h, 70kg rider, 15Wh\/km)<\/td>\n<\/tr>\n<tr>\n<td style=\"background-color: #e4e1e1; color: #333333; font-family: inherit; font-size: 14px; font-weight: bold; overflow: hidden; padding: 5px 5px; text-align: right; vertical-align: top; word-break: normal; border: 1px solid;\">Front Brakes<\/td>\n<td style=\"font-family: inherit; font-size: 14px; overflow: hidden; padding: 5px 5px; text-align: center; vertical-align: top; word-break: normal; border: 1px solid;\">mechanical disc brakes<\/td>\n<\/tr>\n<tr>\n<td style=\"background-color: #e4e1e1; color: #333333; font-family: inherit; font-size: 14px; font-weight: bold; overflow: hidden; padding: 5px 5px; text-align: right; vertical-align: top; word-break: normal; border: 1px solid;\">Rear Brakes<\/td>\n<td style=\"font-family: inherit; font-size: 14px; overflow: hidden; padding: 5px 5px; text-align: center; vertical-align: top; word-break: normal; border: 1px solid;\">electric brake (regenerative) + mechanical disc brake<\/td>\n<\/tr>\n<tr>\n<td style=\"background-color: #e4e1e1; color: #333333; font-family: inherit; font-size: 14px; font-weight: bold; overflow: hidden; padding: 5px 5px; text-align: right; vertical-align: top; word-break: normal; border: 1px solid;\">Weight Limit<\/td>\n<td style=\"font-family: inherit; font-size: 14px; overflow: hidden; padding: 5px 5px; text-align: center; vertical-align: top; word-break: normal; border: 1px solid;\">120kg<\/td>\n<\/tr>\n<tr>\n<td style=\"background-color: #e4e1e1; color: #333333; font-family: inherit; font-size: 14px; font-weight: bold; overflow: hidden; padding: 5px 5px; text-align: right; vertical-align: top; word-break: normal; border: 1px solid;\">Speed<\/td>\n<td style=\"font-family: inherit; font-size: 14px; overflow: hidden; padding: 5px 5px; text-align: center; vertical-align: top; word-break: normal; border: 1px solid;\">25km\/h<\/td>\n<\/tr>\n<tr>\n<td style=\"background-color: #e4e1e1; color: #333333; font-family: inherit; font-size: 14px; font-weight: bold; overflow: hidden; padding: 5px 5px; text-align: right; vertical-align: top; word-break: normal; border: 1px solid;\">Weight<\/td>\n<td style=\"font-family: inherit; font-size: 14px; overflow: hidden; padding: 5px 5px; text-align: center; vertical-align: top; word-break: normal; border: 1px solid;\">32.9kg<\/td>\n<\/tr>\n<tr>\n<td style=\"background-color: #e4e1e1; color: #333333; font-family: inherit; font-size: 14px; font-weight: bold; overflow: hidden; padding: 5px 5px; text-align: right; vertical-align: top; word-break: normal; border: 1px solid;\">Motorized Wheel<\/td>\n<td style=\"font-family: inherit; font-size: 14px; overflow: hidden; padding: 5px 5px; text-align: center; vertical-align: top; word-break: normal; border: 1px solid;\">rear wheel<\/td>\n<\/tr>\n<tr>\n<td style=\"background-color: #e4e1e1; color: #333333; font-family: inherit; font-size: 14px; font-weight: bold; overflow: hidden; padding: 5px 5px; text-align: right; vertical-align: top; word-break: normal; border: 1px solid;\">Tires<\/td>\n<td style=\"font-family: inherit; font-size: 14px; overflow: hidden; padding: 5px 5px; text-align: center; vertical-align: top; word-break: normal; border: 1px solid;\">10.5\" tubeless air tires with a puncture-resistant layer<\/td>\n<\/tr>\n<tr>\n<td style=\"background-color: #e4e1e1; color: #333333; font-family: inherit; font-size: 14px; font-weight: bold; overflow: hidden; padding: 5px 5px; text-align: right; vertical-align: top; word-break: normal; border: 1px solid;\">Maximum Incline<\/td>\n<td style=\"font-family: inherit; font-size: 14px; overflow: hidden; padding: 5px 5px; text-align: center; vertical-align: top; word-break: normal; border: 1px solid;\">up to 23 degrees<\/td>\n<\/tr>\n<\/tbody>\n<\/table>\n","protected":false},"excerpt":{"rendered":"<p><strong>When purchased together with an electric scooter, all accessories and spare parts are -20%. The discount is automatically applied when added to the shopping cart!<\/strong><\/p>\n<p><strong>Delivery time: 1-5 business days.<\/strong><\/p>\n<p>\u00a0<\/p>\n","protected":false},"featured_media":32176,"template":"","meta":[],"product_brand":[],"product_cat":[722],"product_tag":[],"filter_elektritoukeratas":[],"class_list":{"0":"post-45166","1":"product","2":"type-product","3":"status-publish","4":"has-post-thumbnail","6":"product_cat-electric-scooters","7":"product_shipping_class-keskmine-pakk-en","8":"pa_aku-mahutavus-wh-1200-en","9":"pa_kaal-kg-33-en","10":"pa_kandevoime-kg-120-en","11":"pa_labisoit-arvutuslik-km-73-en","12":"pa_mootorite-arv-uhe-mootoriga-en","13":"pa_muuja-platvormil-touksimaailm-exocool-ou-en","14":"pa_piiramata-tippkiirus-kmh-25-en","15":"pa_tootetuup-elektritoukeratas-en","16":"pa_valmistaja-segway-en","17":"pa_voimsus-w-1000-en","19":"first","20":"instock","21":"taxable","22":"shipping-taxable","23":"purchasable","24":"product-type-simple"},"yoast_head":"<!-- This site is optimized with the Yoast SEO Premium plugin v26.8 (Yoast SEO v27.3) - https:\/\/yoast.com\/product\/yoast-seo-premium-wordpress\/ -->\n<title>Segway Ninebot P100SE electric scooter | T\u00f5uksimaailm | Pood<\/title>\n<meta name=\"description\" content=\"Segway Ninebot P100SE elektrit\u00f5ukeratas. Kaasaegne elektriline t\u00f5ukeratas. Segway Ninebot elektrit\u00f5ukerattad. V\u00f5imekad P-seeria elektrilised t\u00f5ukerattad.\" \/>\n<meta name=\"robots\" content=\"index, follow, max-snippet:-1, max-image-preview:large, max-video-preview:-1\" \/>\n<link rel=\"canonical\" href=\"https:\/\/www.xn--tuksimaailm-ffb.ee\/en\/product\/segway-ninebot-p100se-electric-scooter\/\" \/>\n<meta property=\"og:locale\" content=\"en_US\" \/>\n<meta property=\"og:type\" content=\"article\" \/>\n<meta property=\"og:title\" content=\"Segway Ninebot P100SE electric scooter\" \/>\n<meta property=\"og:description\" content=\"Segway Ninebot P100SE elektrit\u00f5ukeratas. Kaasaegne elektriline t\u00f5ukeratas. Segway Ninebot elektrit\u00f5ukerattad. V\u00f5imekad P-seeria elektrilised t\u00f5ukerattad.\" \/>\n<meta property=\"og:url\" content=\"https:\/\/www.xn--tuksimaailm-ffb.ee\/en\/product\/segway-ninebot-p100se-electric-scooter\/\" \/>\n<meta property=\"og:site_name\" content=\"T\u00f5uksimaailm\" \/>\n<meta property=\"article:publisher\" content=\"https:\/\/www.facebook.com\/touksimaailm\/\" \/>\n<meta property=\"article:modified_time\" content=\"2024-04-29T06:31:26+00:00\" \/>\n<meta property=\"og:image\" content=\"https:\/\/www.xn--tuksimaailm-ffb.ee\/wp-content\/uploads\/2023\/02\/Segway-Ninebot-P100SE-elektritoukeratas-elektritoukerattad-elektriline-toukeratas-elektrilised-toukerattad-electric-scooter-electric-KickScooter-2.webp\" \/>\n\t<meta property=\"og:image:width\" content=\"2048\" \/>\n\t<meta property=\"og:image:height\" content=\"2048\" \/>\n\t<meta property=\"og:image:type\" content=\"image\/webp\" \/>\n<meta name=\"twitter:card\" content=\"summary_large_image\" \/>\n<meta name=\"twitter:label1\" content=\"Price\" \/>\n\t<meta name=\"twitter:data1\" content=\"&euro;1,838.00\" \/>\n\t<meta name=\"twitter:label2\" content=\"Availability\" \/>\n\t<meta name=\"twitter:data2\" content=\"In stock\" \/>\n<meta property=\"product:price:amount\" content=\"1838.00\" \/>\n<meta property=\"product:price:currency\" content=\"EUR\" \/>\n<meta property=\"og:availability\" content=\"instock\" \/>\n<meta property=\"product:availability\" content=\"instock\" \/>\n<meta property=\"product:retailer_item_id\" content=\"Ninebot-P100SE\" \/>\n<meta property=\"product:condition\" content=\"new\" \/>\n<!-- \/ Yoast SEO Premium plugin. -->","yoast_head_json":{"title":"Segway Ninebot P100SE electric scooter | T\u00f5uksimaailm | Pood","description":"Segway Ninebot P100SE elektrit\u00f5ukeratas. Kaasaegne elektriline t\u00f5ukeratas. Segway Ninebot elektrit\u00f5ukerattad. V\u00f5imekad P-seeria elektrilised t\u00f5ukerattad.","robots":{"index":"index","follow":"follow","max-snippet":"max-snippet:-1","max-image-preview":"max-image-preview:large","max-video-preview":"max-video-preview:-1"},"canonical":"https:\/\/www.xn--tuksimaailm-ffb.ee\/en\/product\/segway-ninebot-p100se-electric-scooter\/","og_locale":"en_US","og_type":"article","og_title":"Segway Ninebot P100SE electric scooter","og_description":"Segway Ninebot P100SE elektrit\u00f5ukeratas. Kaasaegne elektriline t\u00f5ukeratas. Segway Ninebot elektrit\u00f5ukerattad. V\u00f5imekad P-seeria elektrilised t\u00f5ukerattad.","og_url":"https:\/\/www.xn--tuksimaailm-ffb.ee\/en\/product\/segway-ninebot-p100se-electric-scooter\/","og_site_name":"T\u00f5uksimaailm","article_publisher":"https:\/\/www.facebook.com\/touksimaailm\/","article_modified_time":"2024-04-29T06:31:26+00:00","og_image":[{"width":2048,"height":2048,"url":"https:\/\/www.xn--tuksimaailm-ffb.ee\/wp-content\/uploads\/2023\/02\/Segway-Ninebot-P100SE-elektritoukeratas-elektritoukerattad-elektriline-toukeratas-elektrilised-toukerattad-electric-scooter-electric-KickScooter-2.webp","type":"image\/webp"}],"twitter_card":"summary_large_image","twitter_misc":{"Price":"&euro;1,838.00","Availability":"In stock"},"schema":{"@context":"https:\/\/schema.org","@graph":[{"@type":"WebPage","@id":"https:\/\/www.xn--tuksimaailm-ffb.ee\/en\/product\/segway-ninebot-p100se-electric-scooter\/","url":"https:\/\/www.xn--tuksimaailm-ffb.ee\/en\/product\/segway-ninebot-p100se-electric-scooter\/","name":"Segway Ninebot P100SE electric scooter | T\u00f5uksimaailm | Pood","isPartOf":{"@id":"https:\/\/www.xn--tuksimaailm-ffb.ee\/en\/#website"},"primaryImageOfPage":{"@id":"https:\/\/www.xn--tuksimaailm-ffb.ee\/en\/product\/segway-ninebot-p100se-electric-scooter\/#primaryimage"},"image":{"@id":"https:\/\/www.xn--tuksimaailm-ffb.ee\/en\/product\/segway-ninebot-p100se-electric-scooter\/#primaryimage"},"thumbnailUrl":"https:\/\/www.xn--tuksimaailm-ffb.ee\/wp-content\/uploads\/2023\/02\/Segway-Ninebot-P100SE-elektritoukeratas-elektritoukerattad-elektriline-toukeratas-elektrilised-toukerattad-electric-scooter-electric-KickScooter-2.webp","datePublished":"2023-02-26T22:10:13+00:00","dateModified":"2024-04-29T06:31:26+00:00","description":"Segway Ninebot P100SE elektrit\u00f5ukeratas. Kaasaegne elektriline t\u00f5ukeratas. Segway Ninebot elektrit\u00f5ukerattad. V\u00f5imekad P-seeria elektrilised t\u00f5ukerattad.","breadcrumb":{"@id":"https:\/\/www.xn--tuksimaailm-ffb.ee\/en\/product\/segway-ninebot-p100se-electric-scooter\/#breadcrumb"},"inLanguage":"en-US","potentialAction":[{"@type":"ReadAction","target":["https:\/\/www.xn--tuksimaailm-ffb.ee\/en\/product\/segway-ninebot-p100se-electric-scooter\/"]}]},{"@type":"ImageObject","inLanguage":"en-US","@id":"https:\/\/www.xn--tuksimaailm-ffb.ee\/en\/product\/segway-ninebot-p100se-electric-scooter\/#primaryimage","url":"https:\/\/www.xn--tuksimaailm-ffb.ee\/wp-content\/uploads\/2023\/02\/Segway-Ninebot-P100SE-elektritoukeratas-elektritoukerattad-elektriline-toukeratas-elektrilised-toukerattad-electric-scooter-electric-KickScooter-2.webp","contentUrl":"https:\/\/www.xn--tuksimaailm-ffb.ee\/wp-content\/uploads\/2023\/02\/Segway-Ninebot-P100SE-elektritoukeratas-elektritoukerattad-elektriline-toukeratas-elektrilised-toukerattad-electric-scooter-electric-KickScooter-2.webp","width":2048,"height":2048,"caption":"Segway Ninebot P100SE elektrit\u00f5ukeratas elektrit\u00f5ukerattad elektriline t\u00f5ukeratas elektrilised t\u00f5ukerattad electric scooter electric KickScooter 2"},{"@type":"BreadcrumbList","@id":"https:\/\/www.xn--tuksimaailm-ffb.ee\/en\/product\/segway-ninebot-p100se-electric-scooter\/#breadcrumb","itemListElement":[{"@type":"ListItem","position":1,"name":"Home","item":"https:\/\/www.xn--tuksimaailm-ffb.ee\/en\/main-page\/"},{"@type":"ListItem","position":2,"name":"Shop","item":"https:\/\/www.xn--tuksimaailm-ffb.ee\/elektritoukerataste-pood\/"},{"@type":"ListItem","position":3,"name":"Segway Ninebot P100SE electric scooter"}]},{"@type":"WebSite","@id":"https:\/\/www.xn--tuksimaailm-ffb.ee\/en\/#website","url":"https:\/\/www.xn--tuksimaailm-ffb.ee\/en\/","name":"T\u00f5uksimaailm","description":"Elektrit\u00f5ukerataste m\u00fc\u00fck, remont ja rent","publisher":{"@id":"https:\/\/www.xn--tuksimaailm-ffb.ee\/en\/#organization"},"potentialAction":[{"@type":"SearchAction","target":{"@type":"EntryPoint","urlTemplate":"https:\/\/www.xn--tuksimaailm-ffb.ee\/en\/?s={search_term_string}"},"query-input":{"@type":"PropertyValueSpecification","valueRequired":true,"valueName":"search_term_string"}}],"inLanguage":"en-US"},{"@type":"Organization","@id":"https:\/\/www.xn--tuksimaailm-ffb.ee\/en\/#organization","name":"T\u00f5uksimaailm","url":"https:\/\/www.xn--tuksimaailm-ffb.ee\/en\/","logo":{"@type":"ImageObject","inLanguage":"en-US","@id":"https:\/\/www.xn--tuksimaailm-ffb.ee\/en\/#\/schema\/logo\/image\/","url":"https:\/\/www.xn--tuksimaailm-ffb.ee\/wp-content\/uploads\/2020\/01\/logoz-e1579792875517.png","contentUrl":"https:\/\/www.xn--tuksimaailm-ffb.ee\/wp-content\/uploads\/2020\/01\/logoz-e1579792875517.png","width":250,"height":250,"caption":"T\u00f5uksimaailm"},"image":{"@id":"https:\/\/www.xn--tuksimaailm-ffb.ee\/en\/#\/schema\/logo\/image\/"},"sameAs":["https:\/\/www.facebook.com\/touksimaailm\/","https:\/\/www.instagram.com\/touksimaailm_\/","https:\/\/www.youtube.com\/channel\/UC18ml0EKIDLP1xGuQjFzcXQ"]}]},"product_price_amount":"1838.00","product_price_currency":"EUR","og_availability":"instock","product_availability":"instock","product_retailer_item_id":"Ninebot-P100SE","product_condition":"new"},"jetpack_sharing_enabled":true,"_links":{"self":[{"href":"https:\/\/www.xn--tuksimaailm-ffb.ee\/en\/wp-json\/wp\/v2\/product\/45166","targetHints":{"allow":["GET"]}}],"collection":[{"href":"https:\/\/www.xn--tuksimaailm-ffb.ee\/en\/wp-json\/wp\/v2\/product"}],"about":[{"href":"https:\/\/www.xn--tuksimaailm-ffb.ee\/en\/wp-json\/wp\/v2\/types\/product"}],"wp:featuredmedia":[{"embeddable":true,"href":"https:\/\/www.xn--tuksimaailm-ffb.ee\/en\/wp-json\/wp\/v2\/media\/32176"}],"wp:attachment":[{"href":"https:\/\/www.xn--tuksimaailm-ffb.ee\/en\/wp-json\/wp\/v2\/media?parent=45166"}],"wp:term":[{"taxonomy":"product_brand","embeddable":true,"href":"https:\/\/www.xn--tuksimaailm-ffb.ee\/en\/wp-json\/wp\/v2\/product_brand?post=45166"},{"taxonomy":"product_cat","embeddable":true,"href":"https:\/\/www.xn--tuksimaailm-ffb.ee\/en\/wp-json\/wp\/v2\/product_cat?post=45166"},{"taxonomy":"product_tag","embeddable":true,"href":"https:\/\/www.xn--tuksimaailm-ffb.ee\/en\/wp-json\/wp\/v2\/product_tag?post=45166"},{"taxonomy":"filter_elektritoukeratas","embeddable":true,"href":"https:\/\/www.xn--tuksimaailm-ffb.ee\/en\/wp-json\/wp\/v2\/filter_elektritoukeratas?post=45166"}],"curies":[{"name":"wp","href":"https:\/\/api.w.org\/{rel}","templated":true}]}}