{"id":45168,"date":"2024-02-13T18:01:23","date_gmt":"2024-02-13T15:01:23","guid":{"rendered":"http:\/\/www.xn--tuksimaailm-ffb.ee\/shop\/segway-ninebot-e2-plus-e-electric-scooter\/"},"modified":"2024-02-13T18:01:23","modified_gmt":"2024-02-13T15:01:23","slug":"segway-ninebot-e2-plus-e-electric-scooter","status":"publish","type":"product","link":"https:\/\/www.xn--tuksimaailm-ffb.ee\/en\/product\/segway-ninebot-e2-plus-e-electric-scooter\/","title":{"rendered":"Segway Ninebot E2 Plus E electric scooter"},"content":{"rendered":"<h2 style=\"text-align: center;\">SEGWAY NINEBOT E2 PLUS E ELECTRIC SCOOTER - PRODUCT DESCRIPTION<\/h2>\n<p>Segway Ninebot electric scooters are known in the market for their high quality and the introduction of new technological solutions. This time, the new Ninebot E2 Plus E electric scooters continue to surprise scooter enthusiasts. The new and improved E-series Segway Ninebot E2 Plus E electric scooter is the result of long and focused development work, confirming its advancements. The Ninebot E2 Plus E electric scooter comes with numerous technological features, such as <strong>smartphone connectivity<\/strong>. Additionally, the Ninebot E2 Plus E is relatively compact and lightweight, making the E2 Plus E scooter particularly easy to manually transport. The E2 series models are designed as direct successors to the Kickscooter ES and E series electric scooters.<\/p>\n<p>The Ninebot E2 Plus E electric scooters are very user-friendly because they are thoughtfully designed and equipped with many practical comfort features. The Ninebot E2 Plus E includes everything that a good electric scooter should have. For example, the scooter is equipped with <strong>8.1\u201d solid rubber puncture-proof tires<\/strong> that do not require regular maintenance, a capacious yet lightweight Li-ion battery pack, and a reliable BLDC electric motor. A lot of emphasis is also placed on safety, which is why the Ninebot E2 Plus E electric scooter is equipped with brakes at both the front and rear, powerful LED lights, and a <strong>bright brake light<\/strong>.<\/p>\n<p><iframe title=\"Segway Ninebot&#039;s New Budget Scooter! E2 &amp; E2 Plus Review\" width=\"1082\" height=\"609\" src=\"https:\/\/www.youtube.com\/embed\/rrs2vm22Ew0?feature=oembed\" frameborder=\"0\" allow=\"accelerometer; autoplay; clipboard-write; encrypted-media; gyroscope; picture-in-picture; web-share\" referrerpolicy=\"strict-origin-when-cross-origin\" allowfullscreen><\/iframe><\/p>\n<h2 style=\"text-align: center;\">SEGWAY NINEBOT E2 PLUS E ELECTRIC SCOOTER - WITH PRACTICAL AND STRONG CONSTRUCTION<\/h2>\n<p>The Segway E2 Plus E electric scooters encapsulate modern, cutting-edge technological solutions. In terms of construction, the Ninebot E2 Plus E electric scooters have an <strong>IPX4 water resistance rating<\/strong>. With a pleasant riding experience, the Ninebot E2 Plus E electric scooters <strong>weigh only 14.4kg<\/strong>. Thanks to their lightweight and extremely easy-to-fold handlebar, the Ninebot E2 Plus E is especially convenient as a mode of transport. Due to its compactness, the Ninebot E2 Plus E electric scooter can also be easily stored indoors.<\/p>\n<p>To ensure safe riding for both the rider and other road users, the Ninebot E2 Plus E electric scooter is equipped with an effective <strong>front regenerative motor brake and a rear drum brake<\/strong>. The Ninebot E2 Plus E is one of the few models electronically configured so that the electronic motor brake is also activated when using the mechanical drum brake. This reduces wear on the mechanical brake system and makes braking smoother and more effective when needed. The Ninebot E2 Plus E electric scooter <strong>can be connected to a mobile application<\/strong>, which provides information about the remaining riding range, current battery charge level, and much more.<\/p>\n<p>To ensure a comfortable ride even in the dark, the Ninebot E2 Plus E electric scooters are equipped with powerful <strong>front and rear LED lights<\/strong> that also have a reflector effect. To ensure that other road users can notice you, the Ninebot E2 Plus E electric scooters are equipped with a far-reaching mechanical bell. To indicate the rider\u2019s intentions, the Ninebot E2 Plus E electric scooters are <strong>equipped with a brake light.<\/strong><\/p>\n<h2 style=\"text-align: center;\">SEGWAY NINEBOT E2 PLUS E ELECTRIC SCOOTER - TECHNICAL DESCRIPTION<\/h2>\n<p>The Segway E2 Plus E electric scooters are front-wheel drive but are exceptionally lively and adequately powerful. With a robust <strong>500W electric motor<\/strong> for its size, the Ninebot E2 Plus E electric scooters provide exceptionally smooth and enjoyable acceleration. They quickly reach a manufacturer's speed of 25km\/h without any issues.<\/p>\n<p>Constructed sturdily, the Ninebot E2 Plus E electric scooters are <strong>capable of moving a mass of 90kg<\/strong> according to the manufacturer's specifications. Equipped with a powerful electric motor, the Ninebot E2 Plus E electric scooters do not falter even when facing greater challenges. They are capable of climbing <strong>up to 12% gradients or slopes<\/strong> at full load.<\/p>\n<p>Behind its durable construction, the Ninebot E2 Plus E electric scooter houses a substantial yet lightweight Li-ion battery pack. The Segway Ninebot E2 Plus E electric scooters, known for their good range, are equipped with a 220Wh Li-ion battery pack. According to the manufacturer, the electric scooter can travel <strong>up to 25km on a single charge in ECO mode<\/strong>. The Ninebot E2 Plus E electric scooter requires approximately <strong>7 hours to fully charge the battery from 0% to 100%.<\/strong><\/p>\n<p>For conveying information to the rider, the Segway Ninebot E2 Plus E electric scooter is <strong>equipped with a clearly readable wide display<\/strong>, which provides information about the riding mode, battery charge level, and riding speed.<\/p>\n<h2 style=\"text-align: center;\">SAFETY<\/h2>\n<p>Electric scooters are fast and can be potentially dangerous vehicles for riders. Therefore, we always recommend wearing a helmet. For riders under the age of 16, wearing a helmet while riding an electric scooter is mandatory by law. All electric scooters can be found here.<\/p>\n<p><strong>When you buy your electric scooter from our store, you get a 20% discount on all accessories with the purchase of the scooter!<\/strong><\/p>\n<p><strong>The Segway Ninebot Kickscooter E2 Plus E electric scooter is street-legal under Estonian traffic law, with a manufacturer power of 500W and a manufacturer speed of 25km\/h. Note! If the electric scooter has been independently modified by the user to be faster or more powerful than the aforementioned parameters, then T\u00f5uksimaailm is not responsible for any fines due to violations of the law, police confiscation of the electric scooter, or other types of damage caused by violations.<\/strong><\/p>\n<table class=\"tg\" style=\"border-collapse: collapse; max-width: 600px; border-spacing: 0; margin: 0px auto;\">\n<tbody>\n<tr>\n<td style=\"background-color: #e4e1e1; color: #333333; font-family: inherit; font-size: 14px; font-weight: bold; overflow: hidden; padding: 5px 5px; text-align: center; vertical-align: top; word-break: normal; border: 1px solid;\" colspan=\"2\">Technical Specification<\/td>\n<\/tr>\n<tr>\n<td style=\"background-color: #e4e1e1; color: #333333; font-family: inherit; font-size: 14px; font-weight: bold; overflow: hidden; padding: 5px 5px; text-align: right; vertical-align: top; word-break: normal; border: 1px solid;\">Model<\/td>\n<td style=\"font-family: inherit; font-size: 14px; overflow: hidden; padding: 5px 5px; text-align: center; vertical-align: top; word-break: normal; border: 1px solid;\">Segway Ninebot E2 Plus E<\/td>\n<\/tr>\n<tr>\n<td style=\"background-color: #e4e1e1; color: #333333; font-family: inherit; font-size: 14px; font-weight: bold; overflow: hidden; padding: 5px 5px; text-align: right; vertical-align: top; word-break: normal; border: 1px solid;\">Battery<\/td>\n<td style=\"font-family: inherit; font-size: 14px; overflow: hidden; padding: 5px 5px; text-align: center; vertical-align: top; word-break: normal; border: 1px solid;\"><span style=\"font-size: 16px; text-align: start;\">220Wh<\/span><\/td>\n<\/tr>\n<tr>\n<td style=\"background-color: #e4e1e1; color: #333333; font-family: inherit; font-size: 14px; font-weight: bold; overflow: hidden; padding: 5px 5px; text-align: right; vertical-align: top; word-break: normal; border: 1px solid;\">Charging Time<\/td>\n<td style=\"font-family: inherit; font-size: 14px; overflow: hidden; padding: 5px 5px; text-align: center; vertical-align: top; word-break: normal; border: 1px solid;\">up to 7h<\/td>\n<\/tr>\n<tr>\n<td style=\"background-color: #e4e1e1; color: #333333; font-family: inherit; font-size: 14px; font-weight: bold; overflow: hidden; padding: 5px 5px; text-align: right; vertical-align: top; word-break: normal; border: 1px solid;\">Motor Power<\/td>\n<td style=\"font-family: inherit; font-size: 14px; overflow: hidden; padding: 5px 5px; text-align: center; vertical-align: top; word-break: normal; border: 1px solid;\">500W<\/td>\n<\/tr>\n<tr>\n<td style=\"background-color: #e4e1e1; color: #333333; font-family: inherit; font-size: 14px; font-weight: bold; overflow: hidden; padding: 5px 5px; text-align: right; vertical-align: top; word-break: normal; border: 1px solid;\">Range (manufacturer specification)<br \/>Calculated Range<\/td>\n<td style=\"font-family: inherit; font-size: 14px; overflow: hidden; padding: 5px 5px; text-align: center; vertical-align: top; word-break: normal; border: 1px solid;\">25 km (eco mode)<br \/>15km (25km\/h, 70kg rider, 15Wh\/km)<\/td>\n<\/tr>\n<tr>\n<td style=\"background-color: #e4e1e1; color: #333333; font-family: inherit; font-size: 14px; font-weight: bold; overflow: hidden; padding: 5px 5px; text-align: right; vertical-align: top; word-break: normal; border: 1px solid;\">Front Brake<\/td>\n<td style=\"font-family: inherit; font-size: 14px; overflow: hidden; padding: 5px 5px; text-align: center; vertical-align: top; word-break: normal; border: 1px solid;\">electric brake (regenerative)<\/td>\n<\/tr>\n<tr>\n<td style=\"background-color: #e4e1e1; color: #333333; font-family: inherit; font-size: 14px; font-weight: bold; overflow: hidden; padding: 5px 5px; text-align: right; vertical-align: top; word-break: normal; border: 1px solid;\">Rear Brake<\/td>\n<td style=\"font-family: inherit; font-size: 14px; overflow: hidden; padding: 5px 5px; text-align: center; vertical-align: top; word-break: normal; border: 1px solid;\">drum brake<\/td>\n<\/tr>\n<tr>\n<td style=\"background-color: #e4e1e1; color: #333333; font-family: inherit; font-size: 14px; font-weight: bold; overflow: hidden; padding: 5px 5px; text-align: right; vertical-align: top; word-break: normal; border: 1px solid;\">Weight Limit<\/td>\n<td style=\"font-family: inherit; font-size: 14px; overflow: hidden; padding: 5px 5px; text-align: center; vertical-align: top; word-break: normal; border: 1px solid;\">90kg<\/td>\n<\/tr>\n<tr>\n<td style=\"background-color: #e4e1e1; color: #333333; font-family: inherit; font-size: 14px; font-weight: bold; overflow: hidden; padding: 5px 5px; text-align: right; vertical-align: top; word-break: normal; border: 1px solid;\">Speed<\/td>\n<td style=\"font-family: inherit; font-size: 14px; overflow: hidden; padding: 5px 5px; text-align: center; vertical-align: top; word-break: normal; border: 1px solid;\">25km\/h<\/td>\n<\/tr>\n<tr>\n<td style=\"background-color: #e4e1e1; color: #333333; font-family: inherit; font-size: 14px; font-weight: bold; overflow: hidden; padding: 5px 5px; text-align: right; vertical-align: top; word-break: normal; border: 1px solid;\">Weight<\/td>\n<td style=\"font-family: inherit; font-size: 14px; overflow: hidden; padding: 5px 5px; text-align: center; vertical-align: top; word-break: normal; border: 1px solid;\">14.4kg<\/td>\n<\/tr>\n<tr>\n<td style=\"background-color: #e4e1e1; color: #333333; font-family: inherit; font-size: 14px; font-weight: bold; overflow: hidden; padding: 5px 5px; text-align: right; vertical-align: top; word-break: normal; border: 1px solid;\">Motorized Wheel<\/td>\n<td style=\"font-family: inherit; font-size: 14px; overflow: hidden; padding: 5px 5px; text-align: center; vertical-align: top; word-break: normal; border: 1px solid;\">front wheel<\/td>\n<\/tr>\n<tr>\n<td style=\"background-color: #e4e1e1; color: #333333; font-family: inherit; font-size: 14px; font-weight: bold; overflow: hidden; padding: 5px 5px; text-align: right; vertical-align: top; word-break: normal; border: 1px solid;\">Tires<\/td>\n<td style=\"font-family: inherit; font-size: 14px; overflow: hidden; padding: 5px 5px; text-align: center; vertical-align: top; word-break: normal; border: 1px solid;\">8.1\" puncture-resistant solid tires<\/td>\n<\/tr>\n<tr>\n<td style=\"background-color: #e4e1e1; color: #333333; font-family: inherit; font-size: 14px; font-weight: bold; overflow: hidden; padding: 5px 5px; text-align: right; vertical-align: top; word-break: normal; border: 1px solid;\">Maximum incline<\/td>\n<td style=\"font-family: inherit; font-size: 14px; overflow: hidden; padding: 5px 5px; text-align: center; vertical-align: top; word-break: normal; border: 1px solid;\">12%<\/td>\n<\/tr>\n<\/tbody>\n<\/table>\n","protected":false},"excerpt":{"rendered":"<p><strong>When purchased together with an electric scooter, all accessories and spare parts are -20%. The discount is automatically applied when added to the shopping cart!<\/strong><\/p>\n<p><strong>Delivery time: 1-5 business days.<\/strong><\/p>\n<p>\u00a0<\/p>\n","protected":false},"featured_media":41483,"template":"","meta":[],"product_brand":[],"product_cat":[722],"product_tag":[],"filter_elektritoukeratas":[],"class_list":{"0":"post-45168","1":"product","2":"type-product","3":"status-publish","4":"has-post-thumbnail","6":"product_cat-electric-scooters","7":"product_shipping_class-keskmine-pakk-en","8":"pa_aku-mahutavus-wh-220-en","9":"pa_kaal-kg-14-4-en","10":"pa_kandevoime-kg-90-en","11":"pa_labisoit-arvutuslik-km-15-en","12":"pa_mootorite-arv-uhe-mootoriga-en","13":"pa_muuja-platvormil-touksimaailm-exocool-ou-en","14":"pa_piiramata-tippkiirus-kmh-25-en","15":"pa_tootetuup-elektritoukeratas-en","16":"pa_valmistaja-segway-en","17":"pa_voimsus-w-500-en","19":"first","20":"outofstock","21":"taxable","22":"shipping-taxable","23":"purchasable","24":"product-type-simple"},"yoast_head":"<!-- This site is optimized with the Yoast SEO Premium plugin v26.8 (Yoast SEO v27.3) - https:\/\/yoast.com\/product\/yoast-seo-premium-wordpress\/ -->\n<title>Segway Ninebot E2 Plus E electric scooter | T\u00f5uksimaailm<\/title>\n<meta name=\"description\" content=\"Segway Ninebot E2 Plus E elektrit\u00f5ukeratas. Kaasaegne elektriline t\u00f5ukeratas. Segway Ninebot elektrit\u00f5ukerattad. V\u00f5imekad E-seeria elektrilised t\u00f5ukerattad.\" \/>\n<meta name=\"robots\" content=\"index, follow, max-snippet:-1, max-image-preview:large, max-video-preview:-1\" \/>\n<link rel=\"canonical\" href=\"https:\/\/www.xn--tuksimaailm-ffb.ee\/en\/product\/segway-ninebot-e2-plus-e-electric-scooter\/\" \/>\n<meta property=\"og:locale\" content=\"en_US\" \/>\n<meta property=\"og:type\" content=\"article\" \/>\n<meta property=\"og:title\" content=\"Segway Ninebot E2 Plus E electric scooter\" \/>\n<meta property=\"og:description\" content=\"Segway Ninebot E2 Plus E elektrit\u00f5ukeratas. Kaasaegne elektriline t\u00f5ukeratas. Segway Ninebot elektrit\u00f5ukerattad. V\u00f5imekad E-seeria elektrilised t\u00f5ukerattad.\" \/>\n<meta property=\"og:url\" content=\"https:\/\/www.xn--tuksimaailm-ffb.ee\/en\/product\/segway-ninebot-e2-plus-e-electric-scooter\/\" \/>\n<meta property=\"og:site_name\" content=\"T\u00f5uksimaailm\" \/>\n<meta property=\"article:publisher\" content=\"https:\/\/www.facebook.com\/touksimaailm\/\" \/>\n<meta property=\"og:image\" content=\"https:\/\/www.xn--tuksimaailm-ffb.ee\/wp-content\/uploads\/2024\/02\/segway-ninebot-kickscooter-e2-plus-1.webp\" \/>\n\t<meta property=\"og:image:width\" content=\"2048\" \/>\n\t<meta property=\"og:image:height\" content=\"2048\" \/>\n\t<meta property=\"og:image:type\" content=\"image\/webp\" \/>\n<meta name=\"twitter:card\" content=\"summary_large_image\" \/>\n<meta name=\"twitter:label1\" content=\"Price\" \/>\n\t<meta name=\"twitter:data1\" content=\"&euro;304.00\" \/>\n\t<meta name=\"twitter:label2\" content=\"Availability\" \/>\n\t<meta name=\"twitter:data2\" content=\"Out of stock\" \/>\n<meta property=\"product:price:amount\" content=\"304.00\" \/>\n<meta property=\"product:price:currency\" content=\"EUR\" \/>\n<meta property=\"og:availability\" content=\"out of stock\" \/>\n<meta property=\"product:availability\" content=\"out of stock\" \/>\n<meta property=\"product:retailer_item_id\" content=\"Ninebot-E2-Plus-E-1\" \/>\n<meta property=\"product:condition\" content=\"new\" \/>\n<!-- \/ Yoast SEO Premium plugin. -->","yoast_head_json":{"title":"Segway Ninebot E2 Plus E electric scooter | T\u00f5uksimaailm","description":"Segway Ninebot E2 Plus E elektrit\u00f5ukeratas. Kaasaegne elektriline t\u00f5ukeratas. Segway Ninebot elektrit\u00f5ukerattad. V\u00f5imekad E-seeria elektrilised t\u00f5ukerattad.","robots":{"index":"index","follow":"follow","max-snippet":"max-snippet:-1","max-image-preview":"max-image-preview:large","max-video-preview":"max-video-preview:-1"},"canonical":"https:\/\/www.xn--tuksimaailm-ffb.ee\/en\/product\/segway-ninebot-e2-plus-e-electric-scooter\/","og_locale":"en_US","og_type":"article","og_title":"Segway Ninebot E2 Plus E electric scooter","og_description":"Segway Ninebot E2 Plus E elektrit\u00f5ukeratas. Kaasaegne elektriline t\u00f5ukeratas. Segway Ninebot elektrit\u00f5ukerattad. V\u00f5imekad E-seeria elektrilised t\u00f5ukerattad.","og_url":"https:\/\/www.xn--tuksimaailm-ffb.ee\/en\/product\/segway-ninebot-e2-plus-e-electric-scooter\/","og_site_name":"T\u00f5uksimaailm","article_publisher":"https:\/\/www.facebook.com\/touksimaailm\/","og_image":[{"width":2048,"height":2048,"url":"https:\/\/www.xn--tuksimaailm-ffb.ee\/wp-content\/uploads\/2024\/02\/segway-ninebot-kickscooter-e2-plus-1.webp","type":"image\/webp"}],"twitter_card":"summary_large_image","twitter_misc":{"Price":"&euro;304.00","Availability":"Out of stock"},"schema":{"@context":"https:\/\/schema.org","@graph":[{"@type":"WebPage","@id":"https:\/\/www.xn--tuksimaailm-ffb.ee\/en\/product\/segway-ninebot-e2-plus-e-electric-scooter\/","url":"https:\/\/www.xn--tuksimaailm-ffb.ee\/en\/product\/segway-ninebot-e2-plus-e-electric-scooter\/","name":"Segway Ninebot E2 Plus E electric scooter | T\u00f5uksimaailm","isPartOf":{"@id":"https:\/\/www.xn--tuksimaailm-ffb.ee\/en\/#website"},"primaryImageOfPage":{"@id":"https:\/\/www.xn--tuksimaailm-ffb.ee\/en\/product\/segway-ninebot-e2-plus-e-electric-scooter\/#primaryimage"},"image":{"@id":"https:\/\/www.xn--tuksimaailm-ffb.ee\/en\/product\/segway-ninebot-e2-plus-e-electric-scooter\/#primaryimage"},"thumbnailUrl":"https:\/\/www.xn--tuksimaailm-ffb.ee\/wp-content\/uploads\/2024\/02\/segway-ninebot-kickscooter-e2-plus-1.webp","datePublished":"2024-02-13T15:01:23+00:00","description":"Segway Ninebot E2 Plus E elektrit\u00f5ukeratas. Kaasaegne elektriline t\u00f5ukeratas. Segway Ninebot elektrit\u00f5ukerattad. V\u00f5imekad E-seeria elektrilised t\u00f5ukerattad.","breadcrumb":{"@id":"https:\/\/www.xn--tuksimaailm-ffb.ee\/en\/product\/segway-ninebot-e2-plus-e-electric-scooter\/#breadcrumb"},"inLanguage":"en-US","potentialAction":[{"@type":"ReadAction","target":["https:\/\/www.xn--tuksimaailm-ffb.ee\/en\/product\/segway-ninebot-e2-plus-e-electric-scooter\/"]}]},{"@type":"ImageObject","inLanguage":"en-US","@id":"https:\/\/www.xn--tuksimaailm-ffb.ee\/en\/product\/segway-ninebot-e2-plus-e-electric-scooter\/#primaryimage","url":"https:\/\/www.xn--tuksimaailm-ffb.ee\/wp-content\/uploads\/2024\/02\/segway-ninebot-kickscooter-e2-plus-1.webp","contentUrl":"https:\/\/www.xn--tuksimaailm-ffb.ee\/wp-content\/uploads\/2024\/02\/segway-ninebot-kickscooter-e2-plus-1.webp","width":2048,"height":2048,"caption":"Segway Ninebot E2 Plus E elektrit\u00f5ukeratas elektrilised t\u00f5ukerattad elektrit\u00f5ukerattad elektrit\u00f5uks"},{"@type":"BreadcrumbList","@id":"https:\/\/www.xn--tuksimaailm-ffb.ee\/en\/product\/segway-ninebot-e2-plus-e-electric-scooter\/#breadcrumb","itemListElement":[{"@type":"ListItem","position":1,"name":"Home","item":"https:\/\/www.xn--tuksimaailm-ffb.ee\/en\/main-page\/"},{"@type":"ListItem","position":2,"name":"Shop","item":"https:\/\/www.xn--tuksimaailm-ffb.ee\/elektritoukerataste-pood\/"},{"@type":"ListItem","position":3,"name":"Segway Ninebot E2 Plus E electric scooter"}]},{"@type":"WebSite","@id":"https:\/\/www.xn--tuksimaailm-ffb.ee\/en\/#website","url":"https:\/\/www.xn--tuksimaailm-ffb.ee\/en\/","name":"T\u00f5uksimaailm","description":"Elektrit\u00f5ukerataste m\u00fc\u00fck, remont ja rent","publisher":{"@id":"https:\/\/www.xn--tuksimaailm-ffb.ee\/en\/#organization"},"potentialAction":[{"@type":"SearchAction","target":{"@type":"EntryPoint","urlTemplate":"https:\/\/www.xn--tuksimaailm-ffb.ee\/en\/?s={search_term_string}"},"query-input":{"@type":"PropertyValueSpecification","valueRequired":true,"valueName":"search_term_string"}}],"inLanguage":"en-US"},{"@type":"Organization","@id":"https:\/\/www.xn--tuksimaailm-ffb.ee\/en\/#organization","name":"T\u00f5uksimaailm","url":"https:\/\/www.xn--tuksimaailm-ffb.ee\/en\/","logo":{"@type":"ImageObject","inLanguage":"en-US","@id":"https:\/\/www.xn--tuksimaailm-ffb.ee\/en\/#\/schema\/logo\/image\/","url":"https:\/\/www.xn--tuksimaailm-ffb.ee\/wp-content\/uploads\/2020\/01\/logoz-e1579792875517.png","contentUrl":"https:\/\/www.xn--tuksimaailm-ffb.ee\/wp-content\/uploads\/2020\/01\/logoz-e1579792875517.png","width":250,"height":250,"caption":"T\u00f5uksimaailm"},"image":{"@id":"https:\/\/www.xn--tuksimaailm-ffb.ee\/en\/#\/schema\/logo\/image\/"},"sameAs":["https:\/\/www.facebook.com\/touksimaailm\/","https:\/\/www.instagram.com\/touksimaailm_\/","https:\/\/www.youtube.com\/channel\/UC18ml0EKIDLP1xGuQjFzcXQ"]}]},"product_price_amount":"304.00","product_price_currency":"EUR","og_availability":"out of stock","product_availability":"out of stock","product_retailer_item_id":"Ninebot-E2-Plus-E-1","product_condition":"new"},"jetpack_sharing_enabled":true,"_links":{"self":[{"href":"https:\/\/www.xn--tuksimaailm-ffb.ee\/en\/wp-json\/wp\/v2\/product\/45168","targetHints":{"allow":["GET"]}}],"collection":[{"href":"https:\/\/www.xn--tuksimaailm-ffb.ee\/en\/wp-json\/wp\/v2\/product"}],"about":[{"href":"https:\/\/www.xn--tuksimaailm-ffb.ee\/en\/wp-json\/wp\/v2\/types\/product"}],"wp:featuredmedia":[{"embeddable":true,"href":"https:\/\/www.xn--tuksimaailm-ffb.ee\/en\/wp-json\/wp\/v2\/media\/41483"}],"wp:attachment":[{"href":"https:\/\/www.xn--tuksimaailm-ffb.ee\/en\/wp-json\/wp\/v2\/media?parent=45168"}],"wp:term":[{"taxonomy":"product_brand","embeddable":true,"href":"https:\/\/www.xn--tuksimaailm-ffb.ee\/en\/wp-json\/wp\/v2\/product_brand?post=45168"},{"taxonomy":"product_cat","embeddable":true,"href":"https:\/\/www.xn--tuksimaailm-ffb.ee\/en\/wp-json\/wp\/v2\/product_cat?post=45168"},{"taxonomy":"product_tag","embeddable":true,"href":"https:\/\/www.xn--tuksimaailm-ffb.ee\/en\/wp-json\/wp\/v2\/product_tag?post=45168"},{"taxonomy":"filter_elektritoukeratas","embeddable":true,"href":"https:\/\/www.xn--tuksimaailm-ffb.ee\/en\/wp-json\/wp\/v2\/filter_elektritoukeratas?post=45168"}],"curies":[{"name":"wp","href":"https:\/\/api.w.org\/{rel}","templated":true}]}}