{"id":45173,"date":"2024-02-02T15:59:40","date_gmt":"2024-02-02T12:59:40","guid":{"rendered":"http:\/\/www.xn--tuksimaailm-ffb.ee\/shop\/segway-ninebot-f2-pro-e-electric-scooter\/"},"modified":"2024-02-02T15:59:40","modified_gmt":"2024-02-02T12:59:40","slug":"segway-ninebot-f2-pro-e-electric-scooter","status":"publish","type":"product","link":"https:\/\/www.xn--tuksimaailm-ffb.ee\/en\/product\/segway-ninebot-f2-pro-e-electric-scooter\/","title":{"rendered":"Segway Ninebot F2 Pro E electric scooter"},"content":{"rendered":"<h2 style=\"text-align: center;\">SEGWAY NINEBOT F2 PRO E ELECTRIC SCOOTER - PRODUCT DESCRIPTION<\/h2>\n<p>Segway Ninebot electric scooters have been known for many years in the market for their high quality and the introduction of new technological solutions. This time, the new Ninebot F2 Pro E electric scooters continue to surprise scooter enthusiasts. The new and improved F-series Segway Ninebot F2 Pro E electric scooter is the result of long and dedicated development work, confirming its enhancements. The Ninebot F2 Pro E electric scooter comes with numerous technological features (<strong>such as a keyless system and smartphone connectivity<\/strong>), good riding range, and a comfortable wide standing board. Additionally, the Ninebot F2 Pro E is relatively compact and lightweight, making the F2 Pro E scooter exceptionally easy to carry manually.<\/p>\n<p>The Ninebot F2 Pro E electric scooters are user-friendly because they are thoughtfully designed with good aesthetics and many practical additions. The Ninebot F2 Pro E includes everything a good electric scooter should have. For example, the scooter can <strong>connect to the iPhone \"Find My\"<\/strong> app and has puncture-resistant <strong>10\u201d tubeless air tires<\/strong>, a capable Li-ion battery pack, and a reliable electric motor. A strong emphasis is also placed on safety, hence the Ninebot F2 Pro E electric scooter is equipped with a mechanical disc brake at the front and a magnetic motor brake at the rear, powerful LED lights, good suspension, and <strong>bright brake and turn signals.<\/strong><\/p>\n<p><iframe title=\"Ninebot KickScooter F2 Series Power by Segway (F2-F2 Plus-F2 Pro)\" width=\"1082\" height=\"609\" src=\"https:\/\/www.youtube.com\/embed\/jch6UJkgWXk?feature=oembed\" frameborder=\"0\" allow=\"accelerometer; autoplay; clipboard-write; encrypted-media; gyroscope; picture-in-picture; web-share\" referrerpolicy=\"strict-origin-when-cross-origin\" allowfullscreen><\/iframe><\/p>\n<h2 style=\"text-align: center;\">SEGWAY NINEBOT F2 PRO E ELECTRIC SCOOTER - WITH A PRACTICAL AND SOLID CONSTRUCTION<\/h2>\n<p>The Segway F2 Pro E electric scooters embody modern, cutting-edge technological solutions. Structurally, the Ninebot F2 Pro E electric scooters are relatively compact. Lightweight and with a good riding feel, the Ninebot F2 Pro E electric scooters weigh just <strong>18.5kg.<\/strong> Thanks to their light weight and extremely easy-to-fold handlebar, the Ninebot F2 Pro E is particularly convenient as a mode of transport. Due to its compactness, the Ninebot F2 Pro E electric scooter is easily transportable and fits into nearly any car trunk.<\/p>\n<p>To ensure safe riding for both the rider and other road users, the Segway Ninebot F2 Pro E electric scooter is equipped with a durable and very effective front disc brake and a rear regenerative motor brake. The Ninebot F2 Pro E is programmed so that the <strong>electronic motor brake is also activated when using the mechanical brake.<\/strong> This reduces wear on the brakes and makes braking considerably more effective. The Ninebot F2 Pro E electric scooter <strong>can be connected to a mobile app<\/strong>, which displays the remaining riding range, battery charge level, and much more.<\/p>\n<p>For clear visibility in the dark, the Segway F2 Pro E electric scooters are equipped with <strong>front and rear LED lights<\/strong> that also feature a strong beam and reflector effect. To ensure that other road users can notice you, the Ninebot F2 Pro E electric scooters are equipped with a l<strong>oud electronic siren<\/strong>. To indicate the rider\u2019s intentions, the Ninebot F2 Pro E electric scooters are equipped with both <strong>front and rear turn signals.<\/strong><\/p>\n<h2 style=\"text-align: center;\">SEGWAY F2 PRO E ELECTRIC SCOOTER - TECHNICAL DESCRIPTION<\/h2>\n<p>The Segway F2 Pro E electric scooters are rear-wheel drive, yet they are extremely responsive and sufficiently powerful. Equipped with a potent <strong>900W rear motor<\/strong>, the Ninebot F2 Pro E electric scooters offer an exceptionally smooth and pleasant acceleration. They quickly reach a manufacturer speed of 25km\/h without any issues.<\/p>\n<p>Built sturdily, the Ninebot F2 Pro E electric scooters are capable, according to manufacturer specifications, of moving up to a <strong>120kg<\/strong> mass. Equipped with a powerful electric motor, the Ninebot F2 Pro E scooters do not falter even when facing greater challenges. They are capable of handling <strong>inclines of up to 22%<\/strong> at full load.<\/p>\n<p>Behind its durable construction, the Ninebot F2 Pro E electric scooter houses a substantial Li-ion battery pack. The Segway Ninebot F2 Pro E electric scooters, known for their good range, are equipped with a large <strong>460Wh Li-ion battery pack.<\/strong> According to manufacturer specifications, the electric scooter can travel <strong>up to 55km on a single charge in ECO mode.<\/strong> Calculating with a realistic energy consumption of 15Wh\/km, under realistic conditions and smooth driving, the electric scooter can travel up to 31km in standard riding mode. The Ninebot F2 Pro E electric scooter requires approximately <strong>8 hours to fully charge the battery from 0% to 100%.<\/strong><\/p>\n<p>For smooth riding, the Ninebot F2 Pro E electric scooter is equipped with a <strong>front suspension fork<\/strong>. For conveying information to the rider, the Segway Ninebot F2 Pro E electric scooter is <strong>equipped with a clearly readable compact display<\/strong>, which provides information about the riding mode, battery charge level, and riding speed. The Segway Ninebot F2 Pro E electric scooter is designed with a water resistance rating of <strong>IPX5.<\/strong><\/p>\n<h2 style=\"text-align: center;\">SAFETY<\/h2>\n<p>Electric scooters are fast and can potentially be dangerous vehicles for riders. Therefore, we always recommend wearing a helmet. For riders under the age of 16, wearing a helmet while riding an electric scooter is legally mandatory. All electric scooters can be found here.<\/p>\n<p><strong>When you buy your electric scooter from our store, you receive a 20% discount on all accessories with the purchase of the scooter!<\/strong><\/p>\n<p><strong>The Segway Ninebot Kickscooter F2 Pro E electric scooter is street-legal under Estonian traffic law, with a manufacturer power of 900W and a manufacturer speed of 25km\/h. Note! If the electric scooter has been independently modified by the user to be faster or more powerful than the aforementioned parameters, then T\u00f5uksimaailm is not responsible for any fines due to violations of the law, police confiscation of the electric scooter, or other types of damage caused by violations.<\/strong><\/p>\n<table class=\"tg\" style=\"border-collapse: collapse; max-width: 600px; border-spacing: 0; margin: 0px auto;\">\n<tbody>\n<tr>\n<td style=\"background-color: #e4e1e1; color: #333333; font-family: inherit; font-size: 14px; font-weight: bold; overflow: hidden; padding: 5px 5px; text-align: center; vertical-align: top; word-break: normal; border: 1px solid;\" colspan=\"2\">Technical Specification<\/td>\n<\/tr>\n<tr>\n<td style=\"background-color: #e4e1e1; color: #333333; font-family: inherit; font-size: 14px; font-weight: bold; overflow: hidden; padding: 5px 5px; text-align: right; vertical-align: top; word-break: normal; border: 1px solid;\">Model<\/td>\n<td style=\"font-family: inherit; font-size: 14px; overflow: hidden; padding: 5px 5px; text-align: center; vertical-align: top; word-break: normal; border: 1px solid;\">Segway Ninebot F2 Pro E<\/td>\n<\/tr>\n<tr>\n<td style=\"background-color: #e4e1e1; color: #333333; font-family: inherit; font-size: 14px; font-weight: bold; overflow: hidden; padding: 5px 5px; text-align: right; vertical-align: top; word-break: normal; border: 1px solid;\">Battery<\/td>\n<td style=\"font-family: inherit; font-size: 14px; overflow: hidden; padding: 5px 5px; text-align: center; vertical-align: top; word-break: normal; border: 1px solid;\"><span style=\"font-size: 16px; text-align: start;\">460Wh<\/span><\/td>\n<\/tr>\n<tr>\n<td style=\"background-color: #e4e1e1; color: #333333; font-family: inherit; font-size: 14px; font-weight: bold; overflow: hidden; padding: 5px 5px; text-align: right; vertical-align: top; word-break: normal; border: 1px solid;\">Charging Time<\/td>\n<td style=\"font-family: inherit; font-size: 14px; overflow: hidden; padding: 5px 5px; text-align: center; vertical-align: top; word-break: normal; border: 1px solid;\">up to 8h<\/td>\n<\/tr>\n<tr>\n<td style=\"background-color: #e4e1e1; color: #333333; font-family: inherit; font-size: 14px; font-weight: bold; overflow: hidden; padding: 5px 5px; text-align: right; vertical-align: top; word-break: normal; border: 1px solid;\">Motor Power<\/td>\n<td style=\"font-family: inherit; font-size: 14px; overflow: hidden; padding: 5px 5px; text-align: center; vertical-align: top; word-break: normal; border: 1px solid;\">450W (max power 900W)<\/td>\n<\/tr>\n<tr>\n<td style=\"background-color: #e4e1e1; color: #333333; font-family: inherit; font-size: 14px; font-weight: bold; overflow: hidden; padding: 5px 5px; text-align: right; vertical-align: top; word-break: normal; border: 1px solid;\">Range (manufacturer specification)<br \/>Calculated Range<\/td>\n<td style=\"font-family: inherit; font-size: 14px; overflow: hidden; padding: 5px 5px; text-align: center; vertical-align: top; word-break: normal; border: 1px solid;\">55 km (eco mode)<br \/>31km (25km\/h, 70kg rider, 15Wh\/km)<\/td>\n<\/tr>\n<tr>\n<td style=\"background-color: #e4e1e1; color: #333333; font-family: inherit; font-size: 14px; font-weight: bold; overflow: hidden; padding: 5px 5px; text-align: right; vertical-align: top; word-break: normal; border: 1px solid;\">Front Brake<\/td>\n<td style=\"font-family: inherit; font-size: 14px; overflow: hidden; padding: 5px 5px; text-align: center; vertical-align: top; word-break: normal; border: 1px solid;\">mechanical disc brake<\/td>\n<\/tr>\n<tr>\n<td style=\"background-color: #e4e1e1; color: #333333; font-family: inherit; font-size: 14px; font-weight: bold; overflow: hidden; padding: 5px 5px; text-align: right; vertical-align: top; word-break: normal; border: 1px solid;\">Rear Brake<\/td>\n<td style=\"font-family: inherit; font-size: 14px; overflow: hidden; padding: 5px 5px; text-align: center; vertical-align: top; word-break: normal; border: 1px solid;\">electric brake (regenerative)<\/td>\n<\/tr>\n<tr>\n<td style=\"background-color: #e4e1e1; color: #333333; font-family: inherit; font-size: 14px; font-weight: bold; overflow: hidden; padding: 5px 5px; text-align: right; vertical-align: top; word-break: normal; border: 1px solid;\">Weight Limit<\/td>\n<td style=\"font-family: inherit; font-size: 14px; overflow: hidden; padding: 5px 5px; text-align: center; vertical-align: top; word-break: normal; border: 1px solid;\">120kg<\/td>\n<\/tr>\n<tr>\n<td style=\"background-color: #e4e1e1; color: #333333; font-family: inherit; font-size: 14px; font-weight: bold; overflow: hidden; padding: 5px 5px; text-align: right; vertical-align: top; word-break: normal; border: 1px solid;\">Speed<\/td>\n<td style=\"font-family: inherit; font-size: 14px; overflow: hidden; padding: 5px 5px; text-align: center; vertical-align: top; word-break: normal; border: 1px solid;\">25km\/h<\/td>\n<\/tr>\n<tr>\n<td style=\"background-color: #e4e1e1; color: #333333; font-family: inherit; font-size: 14px; font-weight: bold; overflow: hidden; padding: 5px 5px; text-align: right; vertical-align: top; word-break: normal; border: 1px solid;\">Weight<\/td>\n<td style=\"font-family: inherit; font-size: 14px; overflow: hidden; padding: 5px 5px; text-align: center; vertical-align: top; word-break: normal; border: 1px solid;\">18.5kg<\/td>\n<\/tr>\n<tr>\n<td style=\"background-color: #e4e1e1; color: #333333; font-family: inherit; font-size: 14px; font-weight: bold; overflow: hidden; padding: 5px 5px; text-align: right; vertical-align: top; word-break: normal; border: 1px solid;\">Motorized Wheel<\/td>\n<td style=\"font-family: inherit; font-size: 14px; overflow: hidden; padding: 5px 5px; text-align: center; vertical-align: top; word-break: normal; border: 1px solid;\">rear wheel<\/td>\n<\/tr>\n<tr>\n<td style=\"background-color: #e4e1e1; color: #333333; font-family: inherit; font-size: 14px; font-weight: bold; overflow: hidden; padding: 5px 5px; text-align: right; vertical-align: top; word-break: normal; border: 1px solid;\">Tires<\/td>\n<td style=\"font-family: inherit; font-size: 14px; overflow: hidden; padding: 5px 5px; text-align: center; vertical-align: top; word-break: normal; border: 1px solid;\">10\" tubeless air tires with a puncture-resistant layer<\/td>\n<\/tr>\n<tr>\n<td style=\"background-color: #e4e1e1; color: #333333; font-family: inherit; font-size: 14px; font-weight: bold; overflow: hidden; padding: 5px 5px; text-align: right; vertical-align: top; word-break: normal; border: 1px solid;\">Maximum Incline<\/td>\n<td style=\"font-family: inherit; font-size: 14px; overflow: hidden; padding: 5px 5px; text-align: center; vertical-align: top; word-break: normal; border: 1px solid;\">22%<\/td>\n<\/tr>\n<\/tbody>\n<\/table>\n","protected":false},"excerpt":{"rendered":"<p><strong>When purchased together with an electric scooter, all accessories and spare parts are -20%. The discount is automatically applied when added to the shopping cart!<\/strong><\/p>\n<p><strong>Delivery time: 1-5 business days.<\/strong><\/p>\n<p>\u00a0<\/p>\n<p><em><strong>\u00a0<\/strong><\/em><\/p>\n","protected":false},"featured_media":44248,"template":"","meta":[],"product_brand":[],"product_cat":[722],"product_tag":[],"filter_elektritoukeratas":[],"class_list":{"0":"post-45173","1":"product","2":"type-product","3":"status-publish","4":"has-post-thumbnail","6":"product_cat-electric-scooters","7":"product_shipping_class-keskmine-pakk-en","8":"pa_aku-mahutavus-wh-460-en","9":"pa_kaal-kg-18-5-en","10":"pa_kandevoime-kg-120-en","11":"pa_labisoit-arvutuslik-km-31-en","12":"pa_mootorite-arv-uhe-mootoriga-en","13":"pa_muuja-platvormil-touksimaailm-exocool-ou-en","14":"pa_piiramata-tippkiirus-kmh-25-en","15":"pa_tootetuup-elektritoukeratas-en","16":"pa_valmistaja-segway-en","17":"pa_voimsus-w-900-en","19":"first","20":"instock","21":"taxable","22":"shipping-taxable","23":"purchasable","24":"product-type-simple"},"yoast_head":"<!-- This site is optimized with the Yoast SEO Premium plugin v26.8 (Yoast SEO v27.3) - https:\/\/yoast.com\/product\/yoast-seo-premium-wordpress\/ -->\n<title>Segway Ninebot F2 Pro E electric scooter | T\u00f5uksimaailm<\/title>\n<meta name=\"description\" content=\"Segway Ninebot F2 Pro E elektrit\u00f5ukeratas. Kaasaegne elektriline t\u00f5ukeratas. Segway Ninebot elektrit\u00f5ukerattad. V\u00f5imsad F-seeria elektrilised t\u00f5ukerattad.\" \/>\n<meta name=\"robots\" content=\"index, follow, max-snippet:-1, max-image-preview:large, max-video-preview:-1\" \/>\n<link rel=\"canonical\" href=\"https:\/\/www.xn--tuksimaailm-ffb.ee\/en\/product\/segway-ninebot-f2-pro-e-electric-scooter\/\" \/>\n<meta property=\"og:locale\" content=\"en_US\" \/>\n<meta property=\"og:type\" content=\"article\" \/>\n<meta property=\"og:title\" content=\"Segway Ninebot F2 Pro E electric scooter\" \/>\n<meta property=\"og:description\" content=\"Segway Ninebot F2 Pro E elektrit\u00f5ukeratas. Kaasaegne elektriline t\u00f5ukeratas. Segway Ninebot elektrit\u00f5ukerattad. V\u00f5imsad F-seeria elektrilised t\u00f5ukerattad.\" \/>\n<meta property=\"og:url\" content=\"https:\/\/www.xn--tuksimaailm-ffb.ee\/en\/product\/segway-ninebot-f2-pro-e-electric-scooter\/\" \/>\n<meta property=\"og:site_name\" content=\"T\u00f5uksimaailm\" \/>\n<meta property=\"article:publisher\" content=\"https:\/\/www.facebook.com\/touksimaailm\/\" \/>\n<meta property=\"og:image\" content=\"https:\/\/www.xn--tuksimaailm-ffb.ee\/wp-content\/uploads\/2024\/02\/F2-Pro-E-1-jpg.webp\" \/>\n\t<meta property=\"og:image:width\" content=\"825\" \/>\n\t<meta property=\"og:image:height\" content=\"828\" \/>\n\t<meta property=\"og:image:type\" content=\"image\/jpeg\" \/>\n<meta name=\"twitter:card\" content=\"summary_large_image\" \/>\n<meta name=\"twitter:label1\" content=\"Price\" \/>\n\t<meta name=\"twitter:data1\" content=\"&euro;576.00\" \/>\n\t<meta name=\"twitter:label2\" content=\"Availability\" \/>\n\t<meta name=\"twitter:data2\" content=\"In stock\" \/>\n<meta property=\"product:price:amount\" content=\"576.00\" \/>\n<meta property=\"product:price:currency\" content=\"EUR\" \/>\n<meta property=\"og:availability\" content=\"instock\" \/>\n<meta property=\"product:availability\" content=\"instock\" \/>\n<meta property=\"product:retailer_item_id\" content=\"Ninebot-F2-Pro-E-2\" \/>\n<meta property=\"product:condition\" content=\"new\" \/>\n<!-- \/ Yoast SEO Premium plugin. -->","yoast_head_json":{"title":"Segway Ninebot F2 Pro E electric scooter | T\u00f5uksimaailm","description":"Segway Ninebot F2 Pro E elektrit\u00f5ukeratas. Kaasaegne elektriline t\u00f5ukeratas. Segway Ninebot elektrit\u00f5ukerattad. V\u00f5imsad F-seeria elektrilised t\u00f5ukerattad.","robots":{"index":"index","follow":"follow","max-snippet":"max-snippet:-1","max-image-preview":"max-image-preview:large","max-video-preview":"max-video-preview:-1"},"canonical":"https:\/\/www.xn--tuksimaailm-ffb.ee\/en\/product\/segway-ninebot-f2-pro-e-electric-scooter\/","og_locale":"en_US","og_type":"article","og_title":"Segway Ninebot F2 Pro E electric scooter","og_description":"Segway Ninebot F2 Pro E elektrit\u00f5ukeratas. Kaasaegne elektriline t\u00f5ukeratas. Segway Ninebot elektrit\u00f5ukerattad. V\u00f5imsad F-seeria elektrilised t\u00f5ukerattad.","og_url":"https:\/\/www.xn--tuksimaailm-ffb.ee\/en\/product\/segway-ninebot-f2-pro-e-electric-scooter\/","og_site_name":"T\u00f5uksimaailm","article_publisher":"https:\/\/www.facebook.com\/touksimaailm\/","og_image":[{"width":825,"height":828,"url":"https:\/\/www.xn--tuksimaailm-ffb.ee\/wp-content\/uploads\/2024\/02\/F2-Pro-E-1-jpg.webp","type":"image\/jpeg"}],"twitter_card":"summary_large_image","twitter_misc":{"Price":"&euro;576.00","Availability":"In stock"},"schema":{"@context":"https:\/\/schema.org","@graph":[{"@type":"WebPage","@id":"https:\/\/www.xn--tuksimaailm-ffb.ee\/en\/product\/segway-ninebot-f2-pro-e-electric-scooter\/","url":"https:\/\/www.xn--tuksimaailm-ffb.ee\/en\/product\/segway-ninebot-f2-pro-e-electric-scooter\/","name":"Segway Ninebot F2 Pro E electric scooter | T\u00f5uksimaailm","isPartOf":{"@id":"https:\/\/www.xn--tuksimaailm-ffb.ee\/en\/#website"},"primaryImageOfPage":{"@id":"https:\/\/www.xn--tuksimaailm-ffb.ee\/en\/product\/segway-ninebot-f2-pro-e-electric-scooter\/#primaryimage"},"image":{"@id":"https:\/\/www.xn--tuksimaailm-ffb.ee\/en\/product\/segway-ninebot-f2-pro-e-electric-scooter\/#primaryimage"},"thumbnailUrl":"https:\/\/www.xn--tuksimaailm-ffb.ee\/wp-content\/uploads\/2024\/02\/F2-Pro-E-1-jpg.webp","datePublished":"2024-02-02T12:59:40+00:00","description":"Segway Ninebot F2 Pro E elektrit\u00f5ukeratas. Kaasaegne elektriline t\u00f5ukeratas. Segway Ninebot elektrit\u00f5ukerattad. V\u00f5imsad F-seeria elektrilised t\u00f5ukerattad.","breadcrumb":{"@id":"https:\/\/www.xn--tuksimaailm-ffb.ee\/en\/product\/segway-ninebot-f2-pro-e-electric-scooter\/#breadcrumb"},"inLanguage":"en-US","potentialAction":[{"@type":"ReadAction","target":["https:\/\/www.xn--tuksimaailm-ffb.ee\/en\/product\/segway-ninebot-f2-pro-e-electric-scooter\/"]}]},{"@type":"ImageObject","inLanguage":"en-US","@id":"https:\/\/www.xn--tuksimaailm-ffb.ee\/en\/product\/segway-ninebot-f2-pro-e-electric-scooter\/#primaryimage","url":"https:\/\/www.xn--tuksimaailm-ffb.ee\/wp-content\/uploads\/2024\/02\/F2-Pro-E-1-jpg.webp","contentUrl":"https:\/\/www.xn--tuksimaailm-ffb.ee\/wp-content\/uploads\/2024\/02\/F2-Pro-E-1-jpg.webp","width":825,"height":828,"caption":"segway ninebot f2 pro e elektrit\u00f5ukeratas kvaliteetne elektriline t\u00f5ukeratas elektrit\u00f5uks elektrit\u00f5ukerattad elektrilised t\u00f5ukerattad veekindel vastupidav 1"},{"@type":"BreadcrumbList","@id":"https:\/\/www.xn--tuksimaailm-ffb.ee\/en\/product\/segway-ninebot-f2-pro-e-electric-scooter\/#breadcrumb","itemListElement":[{"@type":"ListItem","position":1,"name":"Home","item":"https:\/\/www.xn--tuksimaailm-ffb.ee\/en\/main-page\/"},{"@type":"ListItem","position":2,"name":"Shop","item":"https:\/\/www.xn--tuksimaailm-ffb.ee\/elektritoukerataste-pood\/"},{"@type":"ListItem","position":3,"name":"Segway Ninebot F2 Pro E electric scooter"}]},{"@type":"WebSite","@id":"https:\/\/www.xn--tuksimaailm-ffb.ee\/en\/#website","url":"https:\/\/www.xn--tuksimaailm-ffb.ee\/en\/","name":"T\u00f5uksimaailm","description":"Elektrit\u00f5ukerataste m\u00fc\u00fck, remont ja rent","publisher":{"@id":"https:\/\/www.xn--tuksimaailm-ffb.ee\/en\/#organization"},"potentialAction":[{"@type":"SearchAction","target":{"@type":"EntryPoint","urlTemplate":"https:\/\/www.xn--tuksimaailm-ffb.ee\/en\/?s={search_term_string}"},"query-input":{"@type":"PropertyValueSpecification","valueRequired":true,"valueName":"search_term_string"}}],"inLanguage":"en-US"},{"@type":"Organization","@id":"https:\/\/www.xn--tuksimaailm-ffb.ee\/en\/#organization","name":"T\u00f5uksimaailm","url":"https:\/\/www.xn--tuksimaailm-ffb.ee\/en\/","logo":{"@type":"ImageObject","inLanguage":"en-US","@id":"https:\/\/www.xn--tuksimaailm-ffb.ee\/en\/#\/schema\/logo\/image\/","url":"https:\/\/www.xn--tuksimaailm-ffb.ee\/wp-content\/uploads\/2020\/01\/logoz-e1579792875517.png","contentUrl":"https:\/\/www.xn--tuksimaailm-ffb.ee\/wp-content\/uploads\/2020\/01\/logoz-e1579792875517.png","width":250,"height":250,"caption":"T\u00f5uksimaailm"},"image":{"@id":"https:\/\/www.xn--tuksimaailm-ffb.ee\/en\/#\/schema\/logo\/image\/"},"sameAs":["https:\/\/www.facebook.com\/touksimaailm\/","https:\/\/www.instagram.com\/touksimaailm_\/","https:\/\/www.youtube.com\/channel\/UC18ml0EKIDLP1xGuQjFzcXQ"]}]},"product_price_amount":"576.00","product_price_currency":"EUR","og_availability":"instock","product_availability":"instock","product_retailer_item_id":"Ninebot-F2-Pro-E-2","product_condition":"new"},"jetpack_sharing_enabled":true,"_links":{"self":[{"href":"https:\/\/www.xn--tuksimaailm-ffb.ee\/en\/wp-json\/wp\/v2\/product\/45173","targetHints":{"allow":["GET"]}}],"collection":[{"href":"https:\/\/www.xn--tuksimaailm-ffb.ee\/en\/wp-json\/wp\/v2\/product"}],"about":[{"href":"https:\/\/www.xn--tuksimaailm-ffb.ee\/en\/wp-json\/wp\/v2\/types\/product"}],"wp:featuredmedia":[{"embeddable":true,"href":"https:\/\/www.xn--tuksimaailm-ffb.ee\/en\/wp-json\/wp\/v2\/media\/44248"}],"wp:attachment":[{"href":"https:\/\/www.xn--tuksimaailm-ffb.ee\/en\/wp-json\/wp\/v2\/media?parent=45173"}],"wp:term":[{"taxonomy":"product_brand","embeddable":true,"href":"https:\/\/www.xn--tuksimaailm-ffb.ee\/en\/wp-json\/wp\/v2\/product_brand?post=45173"},{"taxonomy":"product_cat","embeddable":true,"href":"https:\/\/www.xn--tuksimaailm-ffb.ee\/en\/wp-json\/wp\/v2\/product_cat?post=45173"},{"taxonomy":"product_tag","embeddable":true,"href":"https:\/\/www.xn--tuksimaailm-ffb.ee\/en\/wp-json\/wp\/v2\/product_tag?post=45173"},{"taxonomy":"filter_elektritoukeratas","embeddable":true,"href":"https:\/\/www.xn--tuksimaailm-ffb.ee\/en\/wp-json\/wp\/v2\/filter_elektritoukeratas?post=45173"}],"curies":[{"name":"wp","href":"https:\/\/api.w.org\/{rel}","templated":true}]}}