{"id":45174,"date":"2023-02-27T01:57:41","date_gmt":"2023-02-26T23:57:41","guid":{"rendered":"http:\/\/www.xn--tuksimaailm-ffb.ee\/shop\/segway-ninebot-p65e-p65i-electric-scooter\/"},"modified":"2023-02-27T01:57:41","modified_gmt":"2023-02-26T22:57:41","slug":"segway-ninebot-p65e-p65i-electric-scooter","status":"publish","type":"product","link":"https:\/\/www.xn--tuksimaailm-ffb.ee\/en\/product\/segway-ninebot-p65e-p65i-electric-scooter\/","title":{"rendered":"Segway Ninebot P65E \/ P65I electric scooter"},"content":{"rendered":"<h2 style=\"text-align: center;\">SEGWAY NINEBOT P65E ELECTRIC SCOOTER - PRODUCT DESCRIPTION<\/h2>\n<p>Segway Ninebot electric scooters are known in the market for their high quality and innovative technologies. Once again, the new Ninebot P65E electric scooters surprise electric scooter enthusiasts. The new and improved Segway Ninebot P65E electric scooter is the result of long and determined development work. The Ninebot P65E electric scooter is packed with many technological features (e.g., keyless system), has a good range, and sturdy construction. Additionally, the Ninebot P65E electric scooter is relatively compact, making it just the right weight for easy lifting.<\/p>\n<p>The Ninebot P65E electric scooters are user-friendly because of their carefully thought-out design and practical features. The Ninebot P65E electric scooter includes everything a good electric scooter should have. For example, it has a USB-C charging port, puncture-resistant 10.5\u201d tubeless \/ tubeless tires, a powerful Li-ion battery pack, and a responsive electric motor.<\/p>\n<p>Safety is also a priority, so the Ninebot P65E electric scooter is equipped with hydraulic disc brakes, powerful lights, and good suspension. The Ninebot P65E electric scooters are also available in the I version, the only difference being that the P65I electric scooters have a manufacturer speed of 20km\/h. The Ninebot P65E electric scooters are medium-capacity electric scooters in the P-series lineup. For even more advanced features and longer range, GT series electric scooters can be found here. More powerful, P-series Segway Ninebot P100SE electric scooters can be found here.<\/p>\n<p><iframe title=\"Segway KickScooter P65E\" width=\"1082\" height=\"609\" src=\"https:\/\/www.youtube.com\/embed\/I4p5omajZHs?feature=oembed\" frameborder=\"0\" allow=\"accelerometer; autoplay; clipboard-write; encrypted-media; gyroscope; picture-in-picture; web-share\" referrerpolicy=\"strict-origin-when-cross-origin\" allowfullscreen><\/iframe><\/p>\n<h2 style=\"text-align: center;\">SEGWAY NINEBOT P65E ELECTRIC SCOOTER - WITH A PRACTICAL AND SOLID CONSTRUCTION<\/h2>\n<p>Segway Ninebot P65E electric scooters embody cutting-edge technology and excellent engineering. In terms of construction, the Ninebot P65E electric scooters are relatively compact. <strong>Weighing just 28kg<\/strong>, the lightweight and smooth-feeling Ninebot P65E electric scooters are especially compact thanks to their light weight and foldable handlebars. Due to their compactness, the Ninebot P65E electric scooter is easily transportable and fits into most car trunks.<\/p>\n<p>One of the biggest innovations in the new Segway P-series is that the electric scooters are equipped with a keyless system. The Ninebot P65E electric scooter <strong>can be unlocked via password, NFC card, or even from a phone<\/strong>. To pair with a phone, the Ninebot P65E electric scooter is <strong>equipped with Bluetooth<\/strong>. In addition to electronic locking options, the Ninebot P65E electric scooter is smart enough to transmit important information to the owner's phone via Bluetooth.<\/p>\n<p>To ensure safe riding, the Segway Ninebot P65E electric scooter is equipped with high-quality mechanical disc brakes both front and rear. Additionally, the Ninebot P65E electric scooter also features a <strong>rear electronic motor brake<\/strong>. Moreover, the Ninebot P65E electric scooter is engineered so that engaging the mechanical brake also activates the electronic motor brake, significantly reducing brake pad wear compared to models without electronic motor brakes. The Ninebot P65E electric scooter can be tuned via the display or mobile app.<\/p>\n<p>For clear visibility, Segway Ninebot P65E electric scooters are equipped with a front <strong>10W LED light<\/strong> that provides a wide and far-reaching beam. To make riders more visible to other road users, the Ninebot P65E electric scooters are equipped with various deck <strong>LED lights and a rear brake and standing light<\/strong>. Additionally, to indicate the rider's intentions, the Ninebot P65E electric scooters have both <strong>front and rear turn signals<\/strong>.<\/p>\n<h2 style=\"text-align: center;\">SEGWAY NINEBOT P65E ELECTRIC SCOOTER - TECHNICAL DESCRIPTION<\/h2>\n<p>The Segway Ninebot P65E electric scooters are single-wheel drive, yet extremely responsive and sufficiently powerful. With a <strong>powerful 980W electric rear motor<\/strong>, the Ninebot P65E electric scooters offer a smooth and enjoyable acceleration. The manufacturer's top speed of 25km\/h is achieved particularly briskly by the Ninebot P65E electric scooters.<\/p>\n<p>Built with a sturdy frame, the Ninebot P65E electric scooters are capable, according to the manufacturer's specifications, of carrying <strong>up to 120kg.<\/strong> Equipped with a powerful electric motor, the Ninebot P65E electric scooters don't back down even when faced with greater challenges. The Ninebot P65E electric scooters can <strong>climb slopes of up to 22%<\/strong>.<\/p>\n<p>Behind its durable construction, the Ninebot P65E electric scooter hides a spacious Li-ion battery pack. The Segway Ninebot P65E electric scooters with good range are equipped with a powerful<strong> 48V nominal voltage and a spacious 12Ah (576Wh)<\/strong> Li-ion battery pack. With such a large battery pack, the Ninebot P65E electric scooters are capable, according to the factory specifications, of covering up to 65km with a 70kg rider in ECO mode. To make the Ninebot P65E electric scooter even more practical, it charges relatively quickly. It only takes 4 hours for the Ninebot P65E electric scooter to reach a full charge. In addition to fast charging, the Ninebot P65E electric scooter has a <strong>convenient charging port placement and also includes a USB-C charging port<\/strong>, which can be easily used to charge a phone or other USB devices.<\/p>\n<p>To convey information to the rider, the Segway Ninebot P65E electric scooter is <strong>equipped with a clearly readable, modern design, and transparent display screen<\/strong>. The Ninebot P65E electric scooter provides the rider with information about active driving modes, active electric motors, battery charge level, and much more.<\/p>\n<p><a href=\"http:\/\/www.xn--tuksimaailm-ffb.ee\/wp-content\/uploads\/2023\/02\/Segway-Ninebot-P65E-elektritoukeratas-elektritoukerattad-elektriline-toukeratas-elektrilised-toukerattad-electric-scooter-electric-KickScooter-9-jpeg.webp\"><img decoding=\"async\" class=\"alignnone size-medium wp-image-32241 aligncenter\" src=\"http:\/\/www.xn--tuksimaailm-ffb.ee\/wp-content\/uploads\/2023\/02\/Segway-Ninebot-P65E-elektritoukeratas-elektritoukerattad-elektriline-toukeratas-elektrilised-toukerattad-electric-scooter-electric-KickScooter-9-300x247.webp\" alt=\"Segway Ninebot P65E elektrit\u00f5ukeratas elektrit\u00f5ukerattad elektriline t\u00f5ukeratas elektrilised t\u00f5ukerattad electric scooter electric KickScooter 9\" width=\"415\" height=\"342\" srcset=\"https:\/\/www.xn--tuksimaailm-ffb.ee\/wp-content\/uploads\/2023\/02\/Segway-Ninebot-P65E-elektritoukeratas-elektritoukerattad-elektriline-toukeratas-elektrilised-toukerattad-electric-scooter-electric-KickScooter-9-300x247.webp 300w, https:\/\/www.xn--tuksimaailm-ffb.ee\/wp-content\/uploads\/2023\/02\/Segway-Ninebot-P65E-elektritoukeratas-elektritoukerattad-elektriline-toukeratas-elektrilised-toukerattad-electric-scooter-electric-KickScooter-9-364x300.webp 364w, https:\/\/www.xn--tuksimaailm-ffb.ee\/wp-content\/uploads\/2023\/02\/Segway-Ninebot-P65E-elektritoukeratas-elektritoukerattad-elektriline-toukeratas-elektrilised-toukerattad-electric-scooter-electric-KickScooter-9-jpeg.webp 570w\" sizes=\"(max-width: 415px) 100vw, 415px\" \/><\/a><\/p>\n<h2 style=\"text-align: center;\">SAFETY<\/h2>\n<p>The electric scooter is a fast and potentially dangerous vehicle for the rider. Therefore, we always recommend wearing a helmet while riding. For riders under 16 years old, wearing a helmet while riding an electric scooter is mandatory according to the law. All electric scooters can be found here.<\/p>\n<p><strong>The Segway Ninebot Kickscooter P100SE electric scooter is a street-legal light vehicle in Estonia, with a manufacturer-rated power of 1000W and a manufacturer-rated speed of 25km\/h. NB! If the electric scooter has been modified by the user to exceed the above parameters in terms of speed or power, T\u00f5uksimaailm is not responsible for any fines received for breaking the law, confiscation of the electric scooter by the police, or any other damages caused by violations.<\/strong><\/p>\n<p><strong>When you purchase your electric scooter from our store, you'll receive all additional accessories at a 20% discount along with the electric scooter purchase!<\/strong><\/p>\n<table class=\"tg\" style=\"border-collapse: collapse; max-width: 600px; border-spacing: 0; margin: 0px auto;\">\n<tbody>\n<tr>\n<td style=\"background-color: #e4e1e1; color: #333333; font-family: inherit; font-size: 14px; font-weight: bold; overflow: hidden; padding: 5px 5px; text-align: center; vertical-align: top; word-break: normal; border: 1px solid;\" colspan=\"2\">Technical Specification<\/td>\n<\/tr>\n<tr>\n<td style=\"background-color: #e4e1e1; color: #333333; font-family: inherit; font-size: 14px; font-weight: bold; overflow: hidden; padding: 5px 5px; text-align: right; vertical-align: top; word-break: normal; border: 1px solid;\">Model<\/td>\n<td style=\"font-family: inherit; font-size: 14px; overflow: hidden; padding: 5px 5px; text-align: center; vertical-align: top; word-break: normal; border: 1px solid;\">Segway Ninebot P65E \/ P65I<\/td>\n<\/tr>\n<tr>\n<td style=\"background-color: #e4e1e1; color: #333333; font-family: inherit; font-size: 14px; font-weight: bold; overflow: hidden; padding: 5px 5px; text-align: right; vertical-align: top; word-break: normal; border: 1px solid;\">Battery<\/td>\n<td style=\"font-family: inherit; font-size: 14px; overflow: hidden; padding: 5px 5px; text-align: center; vertical-align: top; word-break: normal; border: 1px solid;\"><span style=\"font-size: 16px; text-align: start;\">48V \/ 12Ah \/ 576Wh<\/span><\/td>\n<\/tr>\n<tr>\n<td style=\"background-color: #e4e1e1; color: #333333; font-family: inherit; font-size: 14px; font-weight: bold; overflow: hidden; padding: 5px 5px; text-align: right; vertical-align: top; word-break: normal; border: 1px solid;\">Charging Time<\/td>\n<td style=\"font-family: inherit; font-size: 14px; overflow: hidden; padding: 5px 5px; text-align: center; vertical-align: top; word-break: normal; border: 1px solid;\">up to 4h<\/td>\n<\/tr>\n<tr>\n<td style=\"background-color: #e4e1e1; color: #333333; font-family: inherit; font-size: 14px; font-weight: bold; overflow: hidden; padding: 5px 5px; text-align: right; vertical-align: top; word-break: normal; border: 1px solid;\">Motor Power<\/td>\n<td style=\"font-family: inherit; font-size: 14px; overflow: hidden; padding: 5px 5px; text-align: center; vertical-align: top; word-break: normal; border: 1px solid;\">980W<\/td>\n<\/tr>\n<tr>\n<td style=\"background-color: #e4e1e1; color: #333333; font-family: inherit; font-size: 14px; font-weight: bold; overflow: hidden; padding: 5px 5px; text-align: right; vertical-align: top; word-break: normal; border: 1px solid;\">Range (manufacturer specification) | Calculated Range<\/td>\n<td style=\"font-family: inherit; font-size: 14px; overflow: hidden; padding: 5px 5px; text-align: center; vertical-align: top; word-break: normal; border: 1px solid;\">up to 65km | 38km (25km\/h, 70kg rider, 15Wh\/km)<\/td>\n<\/tr>\n<tr>\n<td style=\"background-color: #e4e1e1; color: #333333; font-family: inherit; font-size: 14px; font-weight: bold; overflow: hidden; padding: 5px 5px; text-align: right; vertical-align: top; word-break: normal; border: 1px solid;\">Front Brake<\/td>\n<td style=\"font-family: inherit; font-size: 14px; overflow: hidden; padding: 5px 5px; text-align: center; vertical-align: top; word-break: normal; border: 1px solid;\">mechanical disc brakes<\/td>\n<\/tr>\n<tr>\n<td style=\"background-color: #e4e1e1; color: #333333; font-family: inherit; font-size: 14px; font-weight: bold; overflow: hidden; padding: 5px 5px; text-align: right; vertical-align: top; word-break: normal; border: 1px solid;\">Rear Brake<\/td>\n<td style=\"font-family: inherit; font-size: 14px; overflow: hidden; padding: 5px 5px; text-align: center; vertical-align: top; word-break: normal; border: 1px solid;\">electric brake (regenerative) + mechanical disc brake<\/td>\n<\/tr>\n<tr>\n<td style=\"background-color: #e4e1e1; color: #333333; font-family: inherit; font-size: 14px; font-weight: bold; overflow: hidden; padding: 5px 5px; text-align: right; vertical-align: top; word-break: normal; border: 1px solid;\">Weight Limit<\/td>\n<td style=\"font-family: inherit; font-size: 14px; overflow: hidden; padding: 5px 5px; text-align: center; vertical-align: top; word-break: normal; border: 1px solid;\">120kg<\/td>\n<\/tr>\n<tr>\n<td style=\"background-color: #e4e1e1; color: #333333; font-family: inherit; font-size: 14px; font-weight: bold; overflow: hidden; padding: 5px 5px; text-align: right; vertical-align: top; word-break: normal; border: 1px solid;\">Speed<\/td>\n<td style=\"font-family: inherit; font-size: 14px; overflow: hidden; padding: 5px 5px; text-align: center; vertical-align: top; word-break: normal; border: 1px solid;\">25km\/h<\/td>\n<\/tr>\n<tr>\n<td style=\"background-color: #e4e1e1; color: #333333; font-family: inherit; font-size: 14px; font-weight: bold; overflow: hidden; padding: 5px 5px; text-align: right; vertical-align: top; word-break: normal; border: 1px solid;\">Weight<\/td>\n<td style=\"font-family: inherit; font-size: 14px; overflow: hidden; padding: 5px 5px; text-align: center; vertical-align: top; word-break: normal; border: 1px solid;\">28kg<\/td>\n<\/tr>\n<tr>\n<td style=\"background-color: #e4e1e1; color: #333333; font-family: inherit; font-size: 14px; font-weight: bold; overflow: hidden; padding: 5px 5px; text-align: right; vertical-align: top; word-break: normal; border: 1px solid;\">Motorized Wheel<\/td>\n<td style=\"font-family: inherit; font-size: 14px; overflow: hidden; padding: 5px 5px; text-align: center; vertical-align: top; word-break: normal; border: 1px solid;\">rear wheel<\/td>\n<\/tr>\n<tr>\n<td style=\"background-color: #e4e1e1; color: #333333; font-family: inherit; font-size: 14px; font-weight: bold; overflow: hidden; padding: 5px 5px; text-align: right; vertical-align: top; word-break: normal; border: 1px solid;\">Tires<\/td>\n<td style=\"font-family: inherit; font-size: 14px; overflow: hidden; padding: 5px 5px; text-align: center; vertical-align: top; word-break: normal; border: 1px solid;\">10.5\" tubeless air tires with a puncture-resistant layer<\/td>\n<\/tr>\n<tr>\n<td style=\"background-color: #e4e1e1; color: #333333; font-family: inherit; font-size: 14px; font-weight: bold; overflow: hidden; padding: 5px 5px; text-align: right; vertical-align: top; word-break: normal; border: 1px solid;\">Maximum Incline<\/td>\n<td style=\"font-family: inherit; font-size: 14px; overflow: hidden; padding: 5px 5px; text-align: center; vertical-align: top; word-break: normal; border: 1px solid;\">up to 22 degrees<\/td>\n<\/tr>\n<\/tbody>\n<\/table>\n","protected":false},"excerpt":{"rendered":"<p><strong>When purchased together with an electric scooter, all accessories and spare parts are -20%. The discount is automatically applied when added to the shopping cart!<\/strong><\/p>\n<p><strong>Delivery time: 1-5 business days.<\/strong><\/p>\n<p>\u00a0<\/p>\n","protected":false},"featured_media":34044,"template":"","meta":[],"product_brand":[],"product_cat":[722],"product_tag":[],"filter_elektritoukeratas":[],"class_list":{"0":"post-45174","1":"product","2":"type-product","3":"status-publish","4":"has-post-thumbnail","6":"product_cat-electric-scooters","7":"product_shipping_class-keskmine-pakk-en","8":"pa_aku-mahutavus-wh-576-en","9":"pa_kaal-kg-28-en","10":"pa_kandevoime-kg-120-en","11":"pa_labisoit-arvutuslik-km-38-en","12":"pa_mootorite-arv-uhe-mootoriga-en","13":"pa_muuja-platvormil-touksimaailm-exocool-ou-en","14":"pa_piiramata-tippkiirus-kmh-25-en","15":"pa_size-p65e-25km-h-en","16":"pa_size-p65i-20km-h-en","17":"pa_tootetuup-elektritoukeratas-en","18":"pa_valmistaja-segway-en","19":"pa_voimsus-w-980-en","21":"first","22":"instock","23":"taxable","24":"shipping-taxable","25":"purchasable","26":"product-type-simple"},"yoast_head":"<!-- This site is optimized with the Yoast SEO Premium plugin v26.8 (Yoast SEO v27.3) - https:\/\/yoast.com\/product\/yoast-seo-premium-wordpress\/ -->\n<title>Segway Ninebot P65E \/ P65I electric scooter | T\u00f5uksimaailm<\/title>\n<meta name=\"description\" content=\"Segway Ninebot P65E elektrit\u00f5ukeratas. Kaasaegne elektriline t\u00f5ukeratas. Segway Ninebot elektrit\u00f5ukerattad. V\u00f5imekad P-seeria elektrilised t\u00f5ukerattad.\" \/>\n<meta name=\"robots\" content=\"index, follow, max-snippet:-1, max-image-preview:large, max-video-preview:-1\" \/>\n<link rel=\"canonical\" href=\"https:\/\/www.xn--tuksimaailm-ffb.ee\/en\/product\/segway-ninebot-p65e-p65i-electric-scooter\/\" \/>\n<meta property=\"og:locale\" content=\"en_US\" \/>\n<meta property=\"og:type\" content=\"article\" \/>\n<meta property=\"og:title\" content=\"Segway Ninebot P65E \/ P65I electric scooter\" \/>\n<meta property=\"og:description\" content=\"Segway Ninebot P65E elektrit\u00f5ukeratas. Kaasaegne elektriline t\u00f5ukeratas. Segway Ninebot elektrit\u00f5ukerattad. V\u00f5imekad P-seeria elektrilised t\u00f5ukerattad.\" \/>\n<meta property=\"og:url\" content=\"https:\/\/www.xn--tuksimaailm-ffb.ee\/en\/product\/segway-ninebot-p65e-p65i-electric-scooter\/\" \/>\n<meta property=\"og:site_name\" content=\"T\u00f5uksimaailm\" \/>\n<meta property=\"article:publisher\" content=\"https:\/\/www.facebook.com\/touksimaailm\/\" \/>\n<meta property=\"og:image\" content=\"https:\/\/www.xn--tuksimaailm-ffb.ee\/wp-content\/uploads\/2023\/02\/P65-vaiksem-jpg.webp\" \/>\n\t<meta property=\"og:image:width\" content=\"512\" \/>\n\t<meta property=\"og:image:height\" content=\"464\" \/>\n\t<meta property=\"og:image:type\" content=\"image\/jpeg\" \/>\n<meta name=\"twitter:card\" content=\"summary_large_image\" \/>\n<meta name=\"twitter:label1\" content=\"Price\" \/>\n\t<meta name=\"twitter:data1\" content=\"&euro;1,299.00\" \/>\n\t<meta name=\"twitter:label2\" content=\"Availability\" \/>\n\t<meta name=\"twitter:data2\" content=\"In stock\" \/>\n<meta property=\"product:price:amount\" content=\"1299.00\" \/>\n<meta property=\"product:price:currency\" content=\"EUR\" \/>\n<meta property=\"og:availability\" content=\"instock\" \/>\n<meta property=\"product:availability\" content=\"instock\" \/>\n<meta property=\"product:retailer_item_id\" content=\"Ninebot-P65E\" \/>\n<meta property=\"product:condition\" content=\"new\" \/>\n<!-- \/ Yoast SEO Premium plugin. -->","yoast_head_json":{"title":"Segway Ninebot P65E \/ P65I electric scooter | T\u00f5uksimaailm","description":"Segway Ninebot P65E elektrit\u00f5ukeratas. Kaasaegne elektriline t\u00f5ukeratas. Segway Ninebot elektrit\u00f5ukerattad. V\u00f5imekad P-seeria elektrilised t\u00f5ukerattad.","robots":{"index":"index","follow":"follow","max-snippet":"max-snippet:-1","max-image-preview":"max-image-preview:large","max-video-preview":"max-video-preview:-1"},"canonical":"https:\/\/www.xn--tuksimaailm-ffb.ee\/en\/product\/segway-ninebot-p65e-p65i-electric-scooter\/","og_locale":"en_US","og_type":"article","og_title":"Segway Ninebot P65E \/ P65I electric scooter","og_description":"Segway Ninebot P65E elektrit\u00f5ukeratas. Kaasaegne elektriline t\u00f5ukeratas. Segway Ninebot elektrit\u00f5ukerattad. V\u00f5imekad P-seeria elektrilised t\u00f5ukerattad.","og_url":"https:\/\/www.xn--tuksimaailm-ffb.ee\/en\/product\/segway-ninebot-p65e-p65i-electric-scooter\/","og_site_name":"T\u00f5uksimaailm","article_publisher":"https:\/\/www.facebook.com\/touksimaailm\/","og_image":[{"width":512,"height":464,"url":"https:\/\/www.xn--tuksimaailm-ffb.ee\/wp-content\/uploads\/2023\/02\/P65-vaiksem-jpg.webp","type":"image\/jpeg"}],"twitter_card":"summary_large_image","twitter_misc":{"Price":"&euro;1,299.00","Availability":"In stock"},"schema":{"@context":"https:\/\/schema.org","@graph":[{"@type":"WebPage","@id":"https:\/\/www.xn--tuksimaailm-ffb.ee\/en\/product\/segway-ninebot-p65e-p65i-electric-scooter\/","url":"https:\/\/www.xn--tuksimaailm-ffb.ee\/en\/product\/segway-ninebot-p65e-p65i-electric-scooter\/","name":"Segway Ninebot P65E \/ P65I electric scooter | T\u00f5uksimaailm","isPartOf":{"@id":"https:\/\/www.xn--tuksimaailm-ffb.ee\/en\/#website"},"primaryImageOfPage":{"@id":"https:\/\/www.xn--tuksimaailm-ffb.ee\/en\/product\/segway-ninebot-p65e-p65i-electric-scooter\/#primaryimage"},"image":{"@id":"https:\/\/www.xn--tuksimaailm-ffb.ee\/en\/product\/segway-ninebot-p65e-p65i-electric-scooter\/#primaryimage"},"thumbnailUrl":"https:\/\/www.xn--tuksimaailm-ffb.ee\/wp-content\/uploads\/2023\/02\/P65-vaiksem-jpg.webp","datePublished":"2023-02-26T23:57:41+00:00","description":"Segway Ninebot P65E elektrit\u00f5ukeratas. Kaasaegne elektriline t\u00f5ukeratas. Segway Ninebot elektrit\u00f5ukerattad. V\u00f5imekad P-seeria elektrilised t\u00f5ukerattad.","breadcrumb":{"@id":"https:\/\/www.xn--tuksimaailm-ffb.ee\/en\/product\/segway-ninebot-p65e-p65i-electric-scooter\/#breadcrumb"},"inLanguage":"en-US","potentialAction":[{"@type":"ReadAction","target":["https:\/\/www.xn--tuksimaailm-ffb.ee\/en\/product\/segway-ninebot-p65e-p65i-electric-scooter\/"]}]},{"@type":"ImageObject","inLanguage":"en-US","@id":"https:\/\/www.xn--tuksimaailm-ffb.ee\/en\/product\/segway-ninebot-p65e-p65i-electric-scooter\/#primaryimage","url":"https:\/\/www.xn--tuksimaailm-ffb.ee\/wp-content\/uploads\/2023\/02\/P65-vaiksem-jpg.webp","contentUrl":"https:\/\/www.xn--tuksimaailm-ffb.ee\/wp-content\/uploads\/2023\/02\/P65-vaiksem-jpg.webp","width":512,"height":464,"caption":"Segway Ninebot P65E \/ P65I elektrit\u00f5ukeratas GT seeria elektrit\u00f5ukerattad v\u00f5imsad ja kiired"},{"@type":"BreadcrumbList","@id":"https:\/\/www.xn--tuksimaailm-ffb.ee\/en\/product\/segway-ninebot-p65e-p65i-electric-scooter\/#breadcrumb","itemListElement":[{"@type":"ListItem","position":1,"name":"Home","item":"https:\/\/www.xn--tuksimaailm-ffb.ee\/en\/main-page\/"},{"@type":"ListItem","position":2,"name":"Shop","item":"https:\/\/www.xn--tuksimaailm-ffb.ee\/elektritoukerataste-pood\/"},{"@type":"ListItem","position":3,"name":"Segway Ninebot P65E \/ P65I electric scooter"}]},{"@type":"WebSite","@id":"https:\/\/www.xn--tuksimaailm-ffb.ee\/en\/#website","url":"https:\/\/www.xn--tuksimaailm-ffb.ee\/en\/","name":"T\u00f5uksimaailm","description":"Elektrit\u00f5ukerataste m\u00fc\u00fck, remont ja rent","publisher":{"@id":"https:\/\/www.xn--tuksimaailm-ffb.ee\/en\/#organization"},"potentialAction":[{"@type":"SearchAction","target":{"@type":"EntryPoint","urlTemplate":"https:\/\/www.xn--tuksimaailm-ffb.ee\/en\/?s={search_term_string}"},"query-input":{"@type":"PropertyValueSpecification","valueRequired":true,"valueName":"search_term_string"}}],"inLanguage":"en-US"},{"@type":"Organization","@id":"https:\/\/www.xn--tuksimaailm-ffb.ee\/en\/#organization","name":"T\u00f5uksimaailm","url":"https:\/\/www.xn--tuksimaailm-ffb.ee\/en\/","logo":{"@type":"ImageObject","inLanguage":"en-US","@id":"https:\/\/www.xn--tuksimaailm-ffb.ee\/en\/#\/schema\/logo\/image\/","url":"https:\/\/www.xn--tuksimaailm-ffb.ee\/wp-content\/uploads\/2020\/01\/logoz-e1579792875517.png","contentUrl":"https:\/\/www.xn--tuksimaailm-ffb.ee\/wp-content\/uploads\/2020\/01\/logoz-e1579792875517.png","width":250,"height":250,"caption":"T\u00f5uksimaailm"},"image":{"@id":"https:\/\/www.xn--tuksimaailm-ffb.ee\/en\/#\/schema\/logo\/image\/"},"sameAs":["https:\/\/www.facebook.com\/touksimaailm\/","https:\/\/www.instagram.com\/touksimaailm_\/","https:\/\/www.youtube.com\/channel\/UC18ml0EKIDLP1xGuQjFzcXQ"]}]},"product_price_amount":"1299.00","product_price_currency":"EUR","og_availability":"instock","product_availability":"instock","product_retailer_item_id":"Ninebot-P65E","product_condition":"new"},"jetpack_sharing_enabled":true,"_links":{"self":[{"href":"https:\/\/www.xn--tuksimaailm-ffb.ee\/en\/wp-json\/wp\/v2\/product\/45174","targetHints":{"allow":["GET"]}}],"collection":[{"href":"https:\/\/www.xn--tuksimaailm-ffb.ee\/en\/wp-json\/wp\/v2\/product"}],"about":[{"href":"https:\/\/www.xn--tuksimaailm-ffb.ee\/en\/wp-json\/wp\/v2\/types\/product"}],"wp:featuredmedia":[{"embeddable":true,"href":"https:\/\/www.xn--tuksimaailm-ffb.ee\/en\/wp-json\/wp\/v2\/media\/34044"}],"wp:attachment":[{"href":"https:\/\/www.xn--tuksimaailm-ffb.ee\/en\/wp-json\/wp\/v2\/media?parent=45174"}],"wp:term":[{"taxonomy":"product_brand","embeddable":true,"href":"https:\/\/www.xn--tuksimaailm-ffb.ee\/en\/wp-json\/wp\/v2\/product_brand?post=45174"},{"taxonomy":"product_cat","embeddable":true,"href":"https:\/\/www.xn--tuksimaailm-ffb.ee\/en\/wp-json\/wp\/v2\/product_cat?post=45174"},{"taxonomy":"product_tag","embeddable":true,"href":"https:\/\/www.xn--tuksimaailm-ffb.ee\/en\/wp-json\/wp\/v2\/product_tag?post=45174"},{"taxonomy":"filter_elektritoukeratas","embeddable":true,"href":"https:\/\/www.xn--tuksimaailm-ffb.ee\/en\/wp-json\/wp\/v2\/filter_elektritoukeratas?post=45174"}],"curies":[{"name":"wp","href":"https:\/\/api.w.org\/{rel}","templated":true}]}}