{"id":45176,"date":"2024-03-12T18:02:08","date_gmt":"2024-03-12T15:02:08","guid":{"rendered":"http:\/\/www.xn--tuksimaailm-ffb.ee\/shop\/xiaomi-electric-scooter-4-lite-electric-scooter\/"},"modified":"2024-03-12T18:02:08","modified_gmt":"2024-03-12T15:02:08","slug":"xiaomi-electric-scooter-4-lite-electric-scooter","status":"publish","type":"product","link":"https:\/\/www.xn--tuksimaailm-ffb.ee\/en\/product\/xiaomi-electric-scooter-4-lite-electric-scooter\/","title":{"rendered":"Xiaomi Electric Scooter 4 Lite electric scooter"},"content":{"rendered":"<h2 style=\"text-align: center;\">XIAOMI ELECTRIC SCOOTER 4 LITE - PRODUCT DESCRIPTION<\/h2>\n<p><span style=\"font-size: 17px;\">The Xiaomi Electric Scooter 4 Lite is a new model in Xiaomi's electric scooter lineup and a direct successor to the Mi Scooter 3 Lite and the very popular Xiaomi Essential. Like all Xiaomi electric scooters, this one also offers the best price-to-quality ratio in its class of small, compact, and affordable electric scooters. This ensures that, like its predecessors, it will become one of the world's best-selling electric scooters in time. What's new with the Xiaomi Electric Scooter 4 Lite compared to previous models? Not very much, but Xiaomi's fourth generation is still much more innovative than the transition from the first to the second or from the second to the third generation.<\/span><\/p>\n<p><span style=\"font-size: 17px;\">The most noticeable external update is that compared to the previous model, the 3 Lite, the <strong>Xiaomi 4 Lite has a wider standing board<\/strong>, which provides a more enjoyable and comfortable ride, especially for people with larger shoe sizes. The Xiaomi 4 Lite electric scooters are available in a modest and classic Xiaomi <strong>black-red color scheme<\/strong>. Another improvement recognizable upon longer inspection is the use of two different types of brakes. An <strong>electric E-ABS braking system<\/strong> on the front wheel ensures that there is no risk of flying over the handlebars when braking, and a reliable drum brake on the rear wheel quickly stops the scooter. Thus, the previous mechanical disc brake system has been replaced with a <strong>more reliable and maintenance-free drum brake in the fourth generation<\/strong>. The scooter is configured so that pressing the brake lever applies both brakes, making braking much more effective and safer.<\/span><\/p>\n<p><span style=\"font-size: 17px;\">The Xiaomi Electric Scooter 4 Lite has also been equipped with a smart BMS (battery management system). It now has even more safety features for protection: under-voltage protection, double overcharging protection, overheating protection, anti-discharge function, and short-circuit protection.<\/span><\/p>\n<h2 style=\"text-align: center;\">XIAOMI ELECTRIC SCOOTER 4 LITE - TECHNICAL DESCRIPTION<\/h2>\n<p><span style=\"font-size: 17px;\">The new Xiaomi Scooter 4 Lite is a comfortable, lightweight, highly compact, and durable electric scooter suitable for daily commuting to school or work. The Xiaomi 4 Lite electric scooters are designed and manufactured in accordance with the latest EU regulations, allowing them to be sold and used in any European Union member state. Consequently, the scooter comes equipped with a rear fender and various features that ensure safe riding.<\/span><\/p>\n<p><span style=\"font-size: 17px;\">The Xiaomi Mi Electric 4 Lite scooter is equipped with efficient reflectors on both the front and back sides. Additionally, Xiaomi electric scooters feature automatic regenerative braking (KERS) that works even when coasting \u2013 without pressing the brake lever. The intensity of the automatic motor braking can be continuously adjusted via the Xiaomi Mi app to suit individual riding styles.<\/span><\/p>\n<p><span style=\"font-size: 17px;\">The Xiaomi Electric Scooter 4 Lite is equipped with an innovative E-ABS system, which prevents the wheels from locking and skidding under electric braking, or in worse cases, stopping so abruptly that the rider could be thrown off. This is particularly useful in Nordic countries, where the scooter is often used in autumn and winter. The electric scooter weighs only <strong>15.6 kg<\/strong>, making it very easy to transport. Additionally, the 4 Lite electric scooters are equipped with a very simple folding mechanism \u2013 when folded, the steering post locks onto the deck to prevent it from coming loose during transport.<\/span><\/p>\n<h2 style=\"text-align: center;\">XIAOMI ELECTRIC SCOOTER 4 LITE - PERFORMANCE AND RANGE<\/h2>\n<p><span style=\"font-size: 17px;\">The Xiaomi electric scooter is constructed with a strong and durable aluminum alloy frame and also features comfortable silicone grips and a compact handlebar. Xiaomi has made the handlebars of its fourth series scooters more user-friendly\u2014the handlebars are not overloaded with various functions, and the grips do not become slippery when wet. The brushless BLDC electric motor has a nominal power of <strong>600W<\/strong>. The motor provides brisk acceleration and enables the scooter to reach a top speed of <strong>25 km\/h<\/strong>, as per Estonian traffic regulations, even when ascending a 14% grade. According to the manufacturer's specifications, a fully charged battery can <strong>travel 20 km in ECO mode<\/strong>. Our calculations find that with a realistic driving style (energy consumption of 15Wh\/km), the scooter can cover approximately <strong>12.5 km in standard driving mode.<\/strong><\/span><\/p>\n<p><span style=\"font-size: 17px;\">The water resistance rating of the 4 Lite model is <strong>IPX5.<\/strong> The scooter can be configured between three different modes, offering a suitable gear for both pedestrian speeds and faster travel. The scooter is equipped with a <strong>5.2Ah (187Wh)<\/strong> high-quality lithium-ion (Li-Ion) battery made from LG modules. Charging the battery from <strong>0-100% takes about 4.5 hours.<\/strong><\/span><\/p>\n<p><span style=\"font-size: 17px;\">For visibility during darker times and to make oneself visible to other road users, the scooter is equipped with both front and rear <strong>LED lights that, in addition to a bright beam, also have a reflective effect<\/strong>. To turn on the Xiaomi Electric Scooter 4 Lite, press the button located under the display\/screen briefly, and to change the driving mode, press it twice quickly.<\/span><\/p>\n<h2 style=\"text-align: center;\">SAFETY<\/h2>\n<p>An electric scooter is a fast and potentially dangerous vehicle for the rider, so we always recommend wearing a helmet. For riders under 16 years old, wearing a helmet while riding an electric scooter is mandatory by law. All electric scooters can be found here.<\/p>\n<p><strong>When you purchase your electric scooter from our store, all additional equipment comes with a 20% discount along with the purchase of the scooter!<\/strong><\/p>\n<p><strong>The Xiaomi Electric Scooter 4 Lite is street-legal under Estonian traffic law, with a manufacturer power of 600W and a top speed of 25 km\/h. Note! If the electric scooter is modified by the user to exceed the aforementioned parameters in terms of speed or power, T\u00f5uksimaailm is not responsible for any fines incurred for breaking the law, police confiscation of the electric scooter, or any damages caused by other types of violations.<\/strong><\/p>\n<table class=\"tg\" style=\"border-collapse: collapse; max-width: 600px; border-spacing: 0; margin: 0px auto;\">\n<tbody>\n<tr>\n<td style=\"background-color: #e4e1e1; color: #333333; font-family: inherit; font-size: 14px; font-weight: bold; overflow: hidden; padding: 5px 5px; text-align: center; vertical-align: top; word-break: normal; border: 1px solid;\" colspan=\"2\">Technical Specification<\/td>\n<\/tr>\n<tr>\n<td style=\"background-color: #e4e1e1; color: #333333; font-family: inherit; font-size: 14px; font-weight: bold; overflow: hidden; padding: 5px 5px; text-align: right; vertical-align: top; word-break: normal; border: 1px solid;\">Model<\/td>\n<td style=\"font-family: inherit; font-size: 14px; overflow: hidden; padding: 5px 5px; text-align: center; vertical-align: top; word-break: normal; border: 1px solid;\">Xiaomi Electric Scooter 4 Lite<\/td>\n<\/tr>\n<tr>\n<td style=\"background-color: #e4e1e1; color: #333333; font-family: inherit; font-size: 14px; font-weight: bold; overflow: hidden; padding: 5px 5px; text-align: right; vertical-align: top; word-break: normal; border: 1px solid;\">Battery<\/td>\n<td style=\"font-family: inherit; font-size: 14px; overflow: hidden; padding: 5px 5px; text-align: center; vertical-align: top; word-break: normal; border: 1px solid;\"><span style=\"font-size: 16px; text-align: start;\">187Wh \/ 5.2 Ah \/ 36V<\/span><\/td>\n<\/tr>\n<tr>\n<td style=\"background-color: #e4e1e1; color: #333333; font-family: inherit; font-size: 14px; font-weight: bold; overflow: hidden; padding: 5px 5px; text-align: right; vertical-align: top; word-break: normal; border: 1px solid;\">Charging Time<\/td>\n<td style=\"font-family: inherit; font-size: 14px; overflow: hidden; padding: 5px 5px; text-align: center; vertical-align: top; word-break: normal; border: 1px solid;\">up to 4.5h<\/td>\n<\/tr>\n<tr>\n<td style=\"background-color: #e4e1e1; color: #333333; font-family: inherit; font-size: 14px; font-weight: bold; overflow: hidden; padding: 5px 5px; text-align: right; vertical-align: top; word-break: normal; border: 1px solid;\">Motor Power<\/td>\n<td style=\"font-family: inherit; font-size: 14px; overflow: hidden; padding: 5px 5px; text-align: center; vertical-align: top; word-break: normal; border: 1px solid;\">600W<\/td>\n<\/tr>\n<tr>\n<td style=\"background-color: #e4e1e1; color: #333333; font-family: inherit; font-size: 14px; font-weight: bold; overflow: hidden; padding: 5px 5px; text-align: right; vertical-align: top; word-break: normal; border: 1px solid;\">Range (manufacturer specification)<br \/>Calculated Range<\/td>\n<td style=\"font-family: inherit; font-size: 14px; overflow: hidden; padding: 5px 5px; text-align: center; vertical-align: top; word-break: normal; border: 1px solid;\">20 km<br \/>13km (25km\/h, 70kg rider, 15Wh\/km)<\/td>\n<\/tr>\n<tr>\n<td style=\"background-color: #e4e1e1; color: #333333; font-family: inherit; font-size: 14px; font-weight: bold; overflow: hidden; padding: 5px 5px; text-align: right; vertical-align: top; word-break: normal; border: 1px solid;\">Front Brake<\/td>\n<td style=\"font-family: inherit; font-size: 14px; overflow: hidden; padding: 5px 5px; text-align: center; vertical-align: top; word-break: normal; border: 1px solid;\">electric brake (ABS)<\/td>\n<\/tr>\n<tr>\n<td style=\"background-color: #e4e1e1; color: #333333; font-family: inherit; font-size: 14px; font-weight: bold; overflow: hidden; padding: 5px 5px; text-align: right; vertical-align: top; word-break: normal; border: 1px solid;\">Rear Brake<\/td>\n<td style=\"font-family: inherit; font-size: 14px; overflow: hidden; padding: 5px 5px; text-align: center; vertical-align: top; word-break: normal; border: 1px solid;\">drum brake<\/td>\n<\/tr>\n<tr>\n<td style=\"background-color: #e4e1e1; color: #333333; font-family: inherit; font-size: 14px; font-weight: bold; overflow: hidden; padding: 5px 5px; text-align: right; vertical-align: top; word-break: normal; border: 1px solid;\">Weight limit<\/td>\n<td style=\"font-family: inherit; font-size: 14px; overflow: hidden; padding: 5px 5px; text-align: center; vertical-align: top; word-break: normal; border: 1px solid;\">100kg<\/td>\n<\/tr>\n<tr>\n<td style=\"background-color: #e4e1e1; color: #333333; font-family: inherit; font-size: 14px; font-weight: bold; overflow: hidden; padding: 5px 5px; text-align: right; vertical-align: top; word-break: normal; border: 1px solid;\">Speed<\/td>\n<td style=\"font-family: inherit; font-size: 14px; overflow: hidden; padding: 5px 5px; text-align: center; vertical-align: top; word-break: normal; border: 1px solid;\">25km\/h<\/td>\n<\/tr>\n<tr>\n<td style=\"background-color: #e4e1e1; color: #333333; font-family: inherit; font-size: 14px; font-weight: bold; overflow: hidden; padding: 5px 5px; text-align: right; vertical-align: top; word-break: normal; border: 1px solid;\">Weight<\/td>\n<td style=\"font-family: inherit; font-size: 14px; overflow: hidden; padding: 5px 5px; text-align: center; vertical-align: top; word-break: normal; border: 1px solid;\">15.6kg<\/td>\n<\/tr>\n<tr>\n<td style=\"background-color: #e4e1e1; color: #333333; font-family: inherit; font-size: 14px; font-weight: bold; overflow: hidden; padding: 5px 5px; text-align: right; vertical-align: top; word-break: normal; border: 1px solid;\">Motorized Wheel<\/td>\n<td style=\"font-family: inherit; font-size: 14px; overflow: hidden; padding: 5px 5px; text-align: center; vertical-align: top; word-break: normal; border: 1px solid;\">front wheel<\/td>\n<\/tr>\n<tr>\n<td style=\"background-color: #e4e1e1; color: #333333; font-family: inherit; font-size: 14px; font-weight: bold; overflow: hidden; padding: 5px 5px; text-align: right; vertical-align: top; word-break: normal; border: 1px solid;\">Tires<\/td>\n<td style=\"font-family: inherit; font-size: 14px; overflow: hidden; padding: 5px 5px; text-align: center; vertical-align: top; word-break: normal; border: 1px solid;\">8.5\" air tires<\/td>\n<\/tr>\n<tr>\n<td style=\"background-color: #e4e1e1; color: #333333; font-family: inherit; font-size: 14px; font-weight: bold; overflow: hidden; padding: 5px 5px; text-align: right; vertical-align: top; word-break: normal; border: 1px solid;\">Maximum Incline<\/td>\n<td style=\"font-family: inherit; font-size: 14px; overflow: hidden; padding: 5px 5px; text-align: center; vertical-align: top; word-break: normal; border: 1px solid;\">14%<\/td>\n<\/tr>\n<\/tbody>\n<\/table>\n","protected":false},"excerpt":{"rendered":"<p><strong>When purchased together with an electric scooter, all accessories and spare parts are -20%. The discount is automatically applied when added to the shopping cart!<\/strong><\/p>\n<p><strong>Delivery time: 1-5 business days.<\/strong><\/p>\n<p>\u00a0<\/p>\n","protected":false},"featured_media":47281,"template":"","meta":[],"product_brand":[],"product_cat":[722],"product_tag":[],"filter_elektritoukeratas":[],"class_list":{"0":"post-45176","1":"product","2":"type-product","3":"status-publish","4":"has-post-thumbnail","6":"product_cat-electric-scooters","7":"product_shipping_class-keskmine-pakk-en","8":"pa_aku-mahutavus-wh-187-en","9":"pa_kaal-kg-15-6-en","10":"pa_kandevoime-kg-100-en","11":"pa_labisoit-arvutuslik-km-12-en","12":"pa_mootorite-arv-uhe-mootoriga-en","13":"pa_muuja-platvormil-touksimaailm-exocool-ou-en","14":"pa_piiramata-tippkiirus-kmh-25-en","15":"pa_tootetuup-elektritoukeratas-en","16":"pa_valmistaja-xiaomi-en","17":"pa_voimsus-w-600-en","19":"first","20":"instock","21":"taxable","22":"shipping-taxable","23":"purchasable","24":"product-type-simple"},"yoast_head":"<!-- This site is optimized with the Yoast SEO Premium plugin v26.8 (Yoast SEO v27.3) - https:\/\/yoast.com\/product\/yoast-seo-premium-wordpress\/ -->\n<title>Xiaomi Electric Scooter 4 Lite electric scooter | T\u00f5uksimaailm<\/title>\n<meta name=\"description\" content=\"Xiaomi Electric Scooter 4 Lite elektrit\u00f5ukeratas. Kaasaegne nutikas elektrit\u00f5uks. Xiaomi elektrit\u00f5ukerattad. Kompaktsed, kerged elektrilised t\u00f5ukerattad.\" \/>\n<meta name=\"robots\" content=\"index, follow, max-snippet:-1, max-image-preview:large, max-video-preview:-1\" \/>\n<link rel=\"canonical\" href=\"https:\/\/www.xn--tuksimaailm-ffb.ee\/en\/product\/xiaomi-electric-scooter-4-lite-electric-scooter\/\" \/>\n<meta property=\"og:locale\" content=\"en_US\" \/>\n<meta property=\"og:type\" content=\"article\" \/>\n<meta property=\"og:title\" content=\"Xiaomi Electric Scooter 4 Lite electric scooter\" \/>\n<meta property=\"og:description\" content=\"Xiaomi Electric Scooter 4 Lite elektrit\u00f5ukeratas. Kaasaegne nutikas elektrit\u00f5uks. Xiaomi elektrit\u00f5ukerattad. Kompaktsed, kerged elektrilised t\u00f5ukerattad.\" \/>\n<meta property=\"og:url\" content=\"https:\/\/www.xn--tuksimaailm-ffb.ee\/en\/product\/xiaomi-electric-scooter-4-lite-electric-scooter\/\" \/>\n<meta property=\"og:site_name\" content=\"T\u00f5uksimaailm\" \/>\n<meta property=\"article:publisher\" content=\"https:\/\/www.facebook.com\/touksimaailm\/\" \/>\n<meta property=\"og:image\" content=\"https:\/\/www.xn--tuksimaailm-ffb.ee\/wp-content\/uploads\/2024\/03\/66e6bea8-ff96-4897-bb38-9ac906bcf254.webp\" \/>\n\t<meta property=\"og:image:width\" content=\"800\" \/>\n\t<meta property=\"og:image:height\" content=\"800\" \/>\n\t<meta property=\"og:image:type\" content=\"image\/webp\" \/>\n<meta name=\"twitter:card\" content=\"summary_large_image\" \/>\n<meta name=\"twitter:label1\" content=\"Price\" \/>\n\t<meta name=\"twitter:data1\" content=\"&euro;295.00\" \/>\n\t<meta name=\"twitter:label2\" content=\"Availability\" \/>\n\t<meta name=\"twitter:data2\" content=\"In stock\" \/>\n<meta property=\"product:price:amount\" content=\"295.00\" \/>\n<meta property=\"product:price:currency\" content=\"EUR\" \/>\n<meta property=\"og:availability\" content=\"instock\" \/>\n<meta property=\"product:availability\" content=\"instock\" \/>\n<meta property=\"product:retailer_item_id\" content=\"Xiaomi-4-Lite-1\" \/>\n<meta property=\"product:condition\" content=\"new\" \/>\n<!-- \/ Yoast SEO Premium plugin. -->","yoast_head_json":{"title":"Xiaomi Electric Scooter 4 Lite electric scooter | T\u00f5uksimaailm","description":"Xiaomi Electric Scooter 4 Lite elektrit\u00f5ukeratas. Kaasaegne nutikas elektrit\u00f5uks. Xiaomi elektrit\u00f5ukerattad. Kompaktsed, kerged elektrilised t\u00f5ukerattad.","robots":{"index":"index","follow":"follow","max-snippet":"max-snippet:-1","max-image-preview":"max-image-preview:large","max-video-preview":"max-video-preview:-1"},"canonical":"https:\/\/www.xn--tuksimaailm-ffb.ee\/en\/product\/xiaomi-electric-scooter-4-lite-electric-scooter\/","og_locale":"en_US","og_type":"article","og_title":"Xiaomi Electric Scooter 4 Lite electric scooter","og_description":"Xiaomi Electric Scooter 4 Lite elektrit\u00f5ukeratas. Kaasaegne nutikas elektrit\u00f5uks. Xiaomi elektrit\u00f5ukerattad. Kompaktsed, kerged elektrilised t\u00f5ukerattad.","og_url":"https:\/\/www.xn--tuksimaailm-ffb.ee\/en\/product\/xiaomi-electric-scooter-4-lite-electric-scooter\/","og_site_name":"T\u00f5uksimaailm","article_publisher":"https:\/\/www.facebook.com\/touksimaailm\/","og_image":[{"width":800,"height":800,"url":"https:\/\/www.xn--tuksimaailm-ffb.ee\/wp-content\/uploads\/2024\/03\/66e6bea8-ff96-4897-bb38-9ac906bcf254.webp","type":"image\/webp"}],"twitter_card":"summary_large_image","twitter_misc":{"Price":"&euro;295.00","Availability":"In stock"},"schema":{"@context":"https:\/\/schema.org","@graph":[{"@type":"WebPage","@id":"https:\/\/www.xn--tuksimaailm-ffb.ee\/en\/product\/xiaomi-electric-scooter-4-lite-electric-scooter\/","url":"https:\/\/www.xn--tuksimaailm-ffb.ee\/en\/product\/xiaomi-electric-scooter-4-lite-electric-scooter\/","name":"Xiaomi Electric Scooter 4 Lite electric scooter | T\u00f5uksimaailm","isPartOf":{"@id":"https:\/\/www.xn--tuksimaailm-ffb.ee\/en\/#website"},"primaryImageOfPage":{"@id":"https:\/\/www.xn--tuksimaailm-ffb.ee\/en\/product\/xiaomi-electric-scooter-4-lite-electric-scooter\/#primaryimage"},"image":{"@id":"https:\/\/www.xn--tuksimaailm-ffb.ee\/en\/product\/xiaomi-electric-scooter-4-lite-electric-scooter\/#primaryimage"},"thumbnailUrl":"https:\/\/www.xn--tuksimaailm-ffb.ee\/wp-content\/uploads\/2024\/03\/66e6bea8-ff96-4897-bb38-9ac906bcf254.webp","datePublished":"2024-03-12T15:02:08+00:00","description":"Xiaomi Electric Scooter 4 Lite elektrit\u00f5ukeratas. Kaasaegne nutikas elektrit\u00f5uks. Xiaomi elektrit\u00f5ukerattad. Kompaktsed, kerged elektrilised t\u00f5ukerattad.","breadcrumb":{"@id":"https:\/\/www.xn--tuksimaailm-ffb.ee\/en\/product\/xiaomi-electric-scooter-4-lite-electric-scooter\/#breadcrumb"},"inLanguage":"en-US","potentialAction":[{"@type":"ReadAction","target":["https:\/\/www.xn--tuksimaailm-ffb.ee\/en\/product\/xiaomi-electric-scooter-4-lite-electric-scooter\/"]}]},{"@type":"ImageObject","inLanguage":"en-US","@id":"https:\/\/www.xn--tuksimaailm-ffb.ee\/en\/product\/xiaomi-electric-scooter-4-lite-electric-scooter\/#primaryimage","url":"https:\/\/www.xn--tuksimaailm-ffb.ee\/wp-content\/uploads\/2024\/03\/66e6bea8-ff96-4897-bb38-9ac906bcf254.webp","contentUrl":"https:\/\/www.xn--tuksimaailm-ffb.ee\/wp-content\/uploads\/2024\/03\/66e6bea8-ff96-4897-bb38-9ac906bcf254.webp","width":800,"height":800,"caption":"Xiaomi 4 lite 2gen elektrit\u00f5ukeratas elektriline t\u00f5ukeratas electric scooter elektrit\u00f5ukerattad elektrilised t\u00f5ukerattad 2"},{"@type":"BreadcrumbList","@id":"https:\/\/www.xn--tuksimaailm-ffb.ee\/en\/product\/xiaomi-electric-scooter-4-lite-electric-scooter\/#breadcrumb","itemListElement":[{"@type":"ListItem","position":1,"name":"Home","item":"https:\/\/www.xn--tuksimaailm-ffb.ee\/en\/main-page\/"},{"@type":"ListItem","position":2,"name":"Shop","item":"https:\/\/www.xn--tuksimaailm-ffb.ee\/elektritoukerataste-pood\/"},{"@type":"ListItem","position":3,"name":"Xiaomi Electric Scooter 4 Lite electric scooter"}]},{"@type":"WebSite","@id":"https:\/\/www.xn--tuksimaailm-ffb.ee\/en\/#website","url":"https:\/\/www.xn--tuksimaailm-ffb.ee\/en\/","name":"T\u00f5uksimaailm","description":"Elektrit\u00f5ukerataste m\u00fc\u00fck, remont ja rent","publisher":{"@id":"https:\/\/www.xn--tuksimaailm-ffb.ee\/en\/#organization"},"potentialAction":[{"@type":"SearchAction","target":{"@type":"EntryPoint","urlTemplate":"https:\/\/www.xn--tuksimaailm-ffb.ee\/en\/?s={search_term_string}"},"query-input":{"@type":"PropertyValueSpecification","valueRequired":true,"valueName":"search_term_string"}}],"inLanguage":"en-US"},{"@type":"Organization","@id":"https:\/\/www.xn--tuksimaailm-ffb.ee\/en\/#organization","name":"T\u00f5uksimaailm","url":"https:\/\/www.xn--tuksimaailm-ffb.ee\/en\/","logo":{"@type":"ImageObject","inLanguage":"en-US","@id":"https:\/\/www.xn--tuksimaailm-ffb.ee\/en\/#\/schema\/logo\/image\/","url":"https:\/\/www.xn--tuksimaailm-ffb.ee\/wp-content\/uploads\/2020\/01\/logoz-e1579792875517.png","contentUrl":"https:\/\/www.xn--tuksimaailm-ffb.ee\/wp-content\/uploads\/2020\/01\/logoz-e1579792875517.png","width":250,"height":250,"caption":"T\u00f5uksimaailm"},"image":{"@id":"https:\/\/www.xn--tuksimaailm-ffb.ee\/en\/#\/schema\/logo\/image\/"},"sameAs":["https:\/\/www.facebook.com\/touksimaailm\/","https:\/\/www.instagram.com\/touksimaailm_\/","https:\/\/www.youtube.com\/channel\/UC18ml0EKIDLP1xGuQjFzcXQ"]}]},"product_price_amount":"295.00","product_price_currency":"EUR","og_availability":"instock","product_availability":"instock","product_retailer_item_id":"Xiaomi-4-Lite-1","product_condition":"new"},"jetpack_sharing_enabled":true,"_links":{"self":[{"href":"https:\/\/www.xn--tuksimaailm-ffb.ee\/en\/wp-json\/wp\/v2\/product\/45176","targetHints":{"allow":["GET"]}}],"collection":[{"href":"https:\/\/www.xn--tuksimaailm-ffb.ee\/en\/wp-json\/wp\/v2\/product"}],"about":[{"href":"https:\/\/www.xn--tuksimaailm-ffb.ee\/en\/wp-json\/wp\/v2\/types\/product"}],"wp:featuredmedia":[{"embeddable":true,"href":"https:\/\/www.xn--tuksimaailm-ffb.ee\/en\/wp-json\/wp\/v2\/media\/47281"}],"wp:attachment":[{"href":"https:\/\/www.xn--tuksimaailm-ffb.ee\/en\/wp-json\/wp\/v2\/media?parent=45176"}],"wp:term":[{"taxonomy":"product_brand","embeddable":true,"href":"https:\/\/www.xn--tuksimaailm-ffb.ee\/en\/wp-json\/wp\/v2\/product_brand?post=45176"},{"taxonomy":"product_cat","embeddable":true,"href":"https:\/\/www.xn--tuksimaailm-ffb.ee\/en\/wp-json\/wp\/v2\/product_cat?post=45176"},{"taxonomy":"product_tag","embeddable":true,"href":"https:\/\/www.xn--tuksimaailm-ffb.ee\/en\/wp-json\/wp\/v2\/product_tag?post=45176"},{"taxonomy":"filter_elektritoukeratas","embeddable":true,"href":"https:\/\/www.xn--tuksimaailm-ffb.ee\/en\/wp-json\/wp\/v2\/filter_elektritoukeratas?post=45176"}],"curies":[{"name":"wp","href":"https:\/\/api.w.org\/{rel}","templated":true}]}}