{"id":45180,"date":"2021-12-15T15:08:09","date_gmt":"2021-12-15T12:08:09","guid":{"rendered":"http:\/\/www.xn--tuksimaailm-ffb.ee\/shop\/segway-ninebot-max-g30le-ii-electric-scooter-eol\/"},"modified":"2021-12-15T15:08:09","modified_gmt":"2021-12-15T12:08:09","slug":"segway-ninebot-max-g30le-ii-electric-scooter-eol","status":"publish","type":"product","link":"https:\/\/www.xn--tuksimaailm-ffb.ee\/en\/product\/segway-ninebot-max-g30le-ii-electric-scooter-eol\/","title":{"rendered":"Segway Ninebot Max G30LE II electric scooter (EOL)"},"content":{"rendered":"<h2 style=\"text-align: center;\">SEGWAY NINEBOT MAX G30LE II ELECTRIC SCOOTER - PRODUCT DESCRIPTION<\/h2>\n<p>The Segway Ninebot Max G30LE II electric scooter (or the Ninebot G30LP II for the US market) is a smaller and more affordable version of the very popular <strong>Ninebot Max G30<\/strong> electric scooter. Compared to the larger model, the G30LE II is shorter and has a battery that is one-third smaller (10.2Ah vs. 15.3Ah). As a result, this scooter is significantly more compact than its bigger brother, making it even easier to fit into a car's trunk. Since the Segway Ninebot Max G30LE II is shorter than the Max G30, it also has a lower handlebar. This means the scooter is very well suited for shorter riders, while taller individuals (180cm+) might prefer the <strong>Max G30<\/strong> or <strong>Max G30E II<\/strong> models. In addition to the dimensions, there is also a difference in color options. While the Segway Max G30 and Max G30E II are available only in black, the G30LE II model is available exclusively in white.<\/p>\n<p><iframe title=\"Ninebot KickScooter MAX G30LE\" width=\"1082\" height=\"609\" src=\"https:\/\/www.youtube.com\/embed\/uu43ebxcCLU?feature=oembed\" frameborder=\"0\" allow=\"accelerometer; autoplay; clipboard-write; encrypted-media; gyroscope; picture-in-picture; web-share\" referrerpolicy=\"strict-origin-when-cross-origin\" allowfullscreen><\/iframe><\/p>\n<h2 style=\"text-align: center;\">SEGWAY NINEBOT MAX G30LE II ELECTRIC SCOOTER - TECHNICAL DECRIPTION<\/h2>\n<p>The NB Max G30LE II electric scooter, like high-end bicycles, is equipped with tubeless air tires. The tire size is <strong>60\/70-6.5<\/strong>, which is equivalent to <strong>10 inches<\/strong>. Tubeless tires are much more durable than tires with inner tubes and provide much greater riding comfort and resistance to vibrations and shocks compared to solid rubber tires. In addition, Segway Ninebot's original tubeless tires are coated on the inside with an <strong>elastic puncture-resistant layer<\/strong> that can prevent the tire from deflating even in case of a puncture. The tires have a very strong sidewall. Experience in T\u00f5uksimaailm's repair practice has shown that these puncture-resistant tubeless tires can generally be successfully inflated and reused after prolonged riding with too low tire pressure (although this is not recommended).<\/p>\n<p>The Segway Ninebot Max G30LE II electric scooter is equipped with a front drum brake, which has the advantage over all other possible solutions of being extremely low maintenance and reliable. Additionally, the <strong>drum brake is combined with an electric motor brake<\/strong> to ensure that the scooter stops quickly and safely. <strong>A front 2W LED light and a rear light<\/strong> (including brake light) make the scooter rider visible to other light traffic participants.<\/p>\n<p>The Max G30LE II is a <strong>foldable electric scooter<\/strong>. It can be folded at the front wheel using an adjustable lever mechanism. Once folded, the electric scooter can be stored in a car trunk, a closet, or an electric scooter bag. The G30LE II electric scooter weighs <strong>17.5kg<\/strong>, making it easily portable and manageable on stairs. It has a water resistance rating of <strong>IPX5 (for the body) and IPX7 (for the motor),<\/strong> and the manufacturer's specified maximum load is <strong>100kg<\/strong>. However, long-term practice with the older Max G30 has shown that in reality, riders weighing up to 130kg can feel very comfortable\u2014the Ninebot Max electric scooter's frame does not give in easily.<\/p>\n<p><img decoding=\"async\" class=\"wp-image-6500 aligncenter\" src=\"http:\/\/www.xn--tuksimaailm-ffb.ee\/wp-content\/uploads\/2021\/12\/G30LE-8-300x198.png\" alt=\"segway ninebot max g30le II elektrit\u00f5ukeratas elektriline t\u00f5ukeratas\" width=\"633\" height=\"418\" srcset=\"https:\/\/www.xn--tuksimaailm-ffb.ee\/wp-content\/uploads\/2021\/12\/G30LE-8-300x198.png 300w, https:\/\/www.xn--tuksimaailm-ffb.ee\/wp-content\/uploads\/2021\/12\/G30LE-8-768x506.png 768w, https:\/\/www.xn--tuksimaailm-ffb.ee\/wp-content\/uploads\/2021\/12\/G30LE-8-455x300.png 455w, https:\/\/www.xn--tuksimaailm-ffb.ee\/wp-content\/uploads\/2021\/12\/G30LE-8-600x395.png 600w, https:\/\/www.xn--tuksimaailm-ffb.ee\/wp-content\/uploads\/2021\/12\/G30LE-8.png 806w\" sizes=\"(max-width: 633px) 100vw, 633px\" \/><\/p>\n<h2 style=\"text-align: center;\">UUS MAX ELECTRIC SCOOTER - RANGE AND PERFORMANCE<\/h2>\n<p>The Ninebot Max G30LE II electric scooter by Segway is capable of traveling up to<strong> 40 km<\/strong> on a full battery under optimal conditions. However, the actual range can vary significantly depending on several factors such as the rider's weight, height (affecting wind resistance), riding style, and weather conditions like headwind and rain. For a rider weighing 90 kg, navigating through city conditions (stop-and-go traffic), the real-world range is approximately 25 km per charge. The scooter is powered by a large <strong>36V\/10200mAh (367Wh)<\/strong> lithium battery and rear-wheel drive, ensuring strong performance even on <strong>slopes up to 20 degrees<\/strong>. It can reach the maximum speed of <strong>25 km\/h<\/strong> as stipulated by Estonian traffic laws.<\/p>\n<p>The charging port of the electric scooter (both standard and fast charger ports) is protected by a rubber-sealed cover, which must always be securely fixed during rides. A colorful <strong>LCD display<\/strong> mounted in the center of the handlebar stem facing the rider shows speed, battery charge level, and the currently activated driving mode or gear. The NB Max G30LE II has three electronic gears, and for longer rides on straight paths, a cruise control feature can be activated. Electric scooters are fast and potentially dangerous vehicles, thus wearing a helmet is always recommended, and it is legally mandatory for riders under 16 years of age. All electric scooters can be found here.<\/p>\n<p><strong>The Segway Ninebot Max G30LE II is a street-legal light vehicle under Estonian law with a manufacturer power of 700W and a top speed of 25 km\/h. Note! If the user has independently modified the electric scooter to exceed the above-mentioned parameters in terms of speed or power, T\u00f5uksimaailm is not responsible for any fines resulting from violations of the law, police confiscation of the electric scooter, or any other damages caused by such modifications.<\/strong><\/p>\n<table class=\"tg\" style=\"border-collapse: collapse; max-width: 600px; border-spacing: 0; margin: 0px auto;\">\n<tbody>\n<tr>\n<td style=\"background-color: #e4e1e1; color: #333333; font-family: inherit; font-size: 14px; font-weight: bold; overflow: hidden; padding: 5px 5px; text-align: center; vertical-align: top; word-break: normal; border: 1px solid;\" colspan=\"2\">Technical Specifications<\/td>\n<\/tr>\n<tr>\n<td style=\"background-color: #e4e1e1; color: #333333; font-family: inherit; font-size: 14px; font-weight: bold; overflow: hidden; padding: 5px 5px; text-align: right; vertical-align: top; word-break: normal; border: 1px solid;\">Model<\/td>\n<td style=\"font-family: inherit; font-size: 14px; overflow: hidden; padding: 5px 5px; text-align: center; vertical-align: top; word-break: normal; border: 1px solid;\">Segway Ninebot Max G30LE II<\/td>\n<\/tr>\n<tr>\n<td style=\"background-color: #e4e1e1; color: #333333; font-family: inherit; font-size: 14px; font-weight: bold; overflow: hidden; padding: 5px 5px; text-align: right; vertical-align: top; word-break: normal; border: 1px solid;\">Battery<\/td>\n<td style=\"font-family: inherit; font-size: 14px; overflow: hidden; padding: 5px 5px; text-align: center; vertical-align: top; word-break: normal; border: 1px solid;\">36V\/10,2Ah\/367Wh Li-Ion<\/td>\n<\/tr>\n<tr>\n<td style=\"background-color: #e4e1e1; color: #333333; font-family: inherit; font-size: 14px; font-weight: bold; overflow: hidden; padding: 5px 5px; text-align: right; vertical-align: top; word-break: normal; border: 1px solid;\">Charging Time<\/td>\n<td style=\"font-family: inherit; font-size: 14px; overflow: hidden; padding: 5px 5px; text-align: center; vertical-align: top; word-break: normal; border: 1px solid;\">up to 5,5h<\/td>\n<\/tr>\n<tr>\n<td style=\"background-color: #e4e1e1; color: #333333; font-family: inherit; font-size: 14px; font-weight: bold; overflow: hidden; padding: 5px 5px; text-align: right; vertical-align: top; word-break: normal; border: 1px solid;\">Motor power<\/td>\n<td style=\"font-family: inherit; font-size: 14px; overflow: hidden; padding: 5px 5px; text-align: center; vertical-align: top; word-break: normal; border: 1px solid;\">350W (max power 700W)<\/td>\n<\/tr>\n<tr>\n<td style=\"background-color: #e4e1e1; color: #333333; font-family: inherit; font-size: 14px; font-weight: bold; overflow: hidden; padding: 5px 5px; text-align: right; vertical-align: top; word-break: normal; border: 1px solid;\">Range (manufacturer specification) Calculated Range<\/td>\n<td style=\"font-family: inherit; font-size: 14px; overflow: hidden; padding: 5px 5px; text-align: center; vertical-align: top; word-break: normal; border: 1px solid;\">up to 40km 25km (25km\/h, 70kg rider, 15Wh\/km)<\/td>\n<\/tr>\n<tr>\n<td style=\"background-color: #e4e1e1; color: #333333; font-family: inherit; font-size: 14px; font-weight: bold; overflow: hidden; padding: 5px 5px; text-align: right; vertical-align: top; word-break: normal; border: 1px solid;\">Front Brake<\/td>\n<td style=\"font-family: inherit; font-size: 14px; overflow: hidden; padding: 5px 5px; text-align: center; vertical-align: top; word-break: normal; border: 1px solid;\">maintenance-free drum brake<\/td>\n<\/tr>\n<tr>\n<td style=\"background-color: #e4e1e1; color: #333333; font-family: inherit; font-size: 14px; font-weight: bold; overflow: hidden; padding: 5px 5px; text-align: right; vertical-align: top; word-break: normal; border: 1px solid;\">Rear Brake<\/td>\n<td style=\"font-family: inherit; font-size: 14px; overflow: hidden; padding: 5px 5px; text-align: center; vertical-align: top; word-break: normal; border: 1px solid;\">electric brake (regenerative)<\/td>\n<\/tr>\n<tr>\n<td style=\"background-color: #e4e1e1; color: #333333; font-family: inherit; font-size: 14px; font-weight: bold; overflow: hidden; padding: 5px 5px; text-align: right; vertical-align: top; word-break: normal; border: 1px solid;\">Weight Limit<\/td>\n<td style=\"font-family: inherit; font-size: 14px; overflow: hidden; padding: 5px 5px; text-align: center; vertical-align: top; word-break: normal; border: 1px solid;\">100kg (manufacturer specification); realistic 130kg<\/td>\n<\/tr>\n<tr>\n<td style=\"background-color: #e4e1e1; color: #333333; font-family: inherit; font-size: 14px; font-weight: bold; overflow: hidden; padding: 5px 5px; text-align: right; vertical-align: top; word-break: normal; border: 1px solid;\">Speed<\/td>\n<td style=\"font-family: inherit; font-size: 14px; overflow: hidden; padding: 5px 5px; text-align: center; vertical-align: top; word-break: normal; border: 1px solid;\">25km\/h<\/td>\n<\/tr>\n<tr>\n<td style=\"background-color: #e4e1e1; color: #333333; font-family: inherit; font-size: 14px; font-weight: bold; overflow: hidden; padding: 5px 5px; text-align: right; vertical-align: top; word-break: normal; border: 1px solid;\">Weight<\/td>\n<td style=\"font-family: inherit; font-size: 14px; overflow: hidden; padding: 5px 5px; text-align: center; vertical-align: top; word-break: normal; border: 1px solid;\">17,5kg<\/td>\n<\/tr>\n<tr>\n<td style=\"background-color: #e4e1e1; color: #333333; font-family: inherit; font-size: 14px; font-weight: bold; overflow: hidden; padding: 5px 5px; text-align: right; vertical-align: top; word-break: normal; border: 1px solid;\">Motorized Wheel<\/td>\n<td style=\"font-family: inherit; font-size: 14px; overflow: hidden; padding: 5px 5px; text-align: center; vertical-align: top; word-break: normal; border: 1px solid;\">rear wheel<\/td>\n<\/tr>\n<tr>\n<td style=\"background-color: #e4e1e1; color: #333333; font-family: inherit; font-size: 14px; font-weight: bold; overflow: hidden; padding: 5px 5px; text-align: right; vertical-align: top; word-break: normal; border: 1px solid;\">Tires<\/td>\n<td style=\"font-family: inherit; font-size: 14px; overflow: hidden; padding: 5px 5px; text-align: center; vertical-align: top; word-break: normal; border: 1px solid;\">10\" tubeless air tires 70\/65-6.5<\/td>\n<\/tr>\n<tr>\n<td style=\"background-color: #e4e1e1; color: #333333; font-family: inherit; font-size: 14px; font-weight: bold; overflow: hidden; padding: 5px 5px; text-align: right; vertical-align: top; word-break: normal; border: 1px solid;\">Maximum Incline<\/td>\n<td style=\"font-family: inherit; font-size: 14px; overflow: hidden; padding: 5px 5px; text-align: center; vertical-align: top; word-break: normal; border: 1px solid;\">up to 20 degrees<\/td>\n<\/tr>\n<\/tbody>\n<\/table>\n","protected":false},"excerpt":{"rendered":"<p><strong>When purchased together with an electric scooter, all accessories and spare parts are -20%. The discount is automatically applied when added to the shopping cart!<\/strong><\/p>\n<p><strong>Delivery time: EOL<\/strong><\/p>\n<p>\u00a0<\/p>\n","protected":false},"featured_media":15043,"template":"","meta":[],"product_brand":[],"product_cat":[722],"product_tag":[],"filter_elektritoukeratas":[],"class_list":{"0":"post-45180","1":"product","2":"type-product","3":"status-publish","4":"has-post-thumbnail","6":"product_cat-electric-scooters","7":"product_shipping_class-keskmine-pakk-en","8":"pa_aku-mahutavus-wh-367-en","9":"pa_kaal-kg-17-en","10":"pa_kandevoime-kg-130-en","11":"pa_labisoit-arvutuslik-km-25-en","12":"pa_mootorite-arv-uhe-mootoriga-en","13":"pa_muuja-platvormil-touksimaailm-exocool-ou-en","14":"pa_piiramata-tippkiirus-kmh-25-en","15":"pa_tootetuup-elektritoukeratas-en","16":"pa_valmistaja-segway-en","17":"pa_voimsus-w-700-en","19":"first","20":"outofstock","21":"taxable","22":"shipping-taxable","23":"purchasable","24":"product-type-simple"},"yoast_head":"<!-- This site is optimized with the Yoast SEO Premium plugin v26.8 (Yoast SEO v27.5) - https:\/\/yoast.com\/product\/yoast-seo-premium-wordpress\/ -->\n<title>Segway Ninebot Max G30LE II electric scooter (EOL) | T\u00f5uksimaailm<\/title>\n<meta name=\"description\" content=\"Segway Ninebot Max G30LE II elektrit\u00f5ukeratas. T\u00e4pselt nagu Segway Ninebot Max G30 elektriline t\u00f5ukeratas, aga v\u00e4iksem ja valget v\u00e4rvi.\" \/>\n<meta name=\"robots\" content=\"index, follow, max-snippet:-1, max-image-preview:large, max-video-preview:-1\" \/>\n<link rel=\"canonical\" href=\"https:\/\/www.xn--tuksimaailm-ffb.ee\/en\/product\/segway-ninebot-max-g30le-ii-electric-scooter-eol\/\" \/>\n<meta property=\"og:locale\" content=\"en_US\" \/>\n<meta property=\"og:type\" content=\"article\" \/>\n<meta property=\"og:title\" content=\"Segway Ninebot Max G30LE II electric scooter (EOL)\" \/>\n<meta property=\"og:description\" content=\"Segway Ninebot Max G30LE II elektrit\u00f5ukeratas. T\u00e4pselt nagu Segway Ninebot Max G30 elektriline t\u00f5ukeratas, aga v\u00e4iksem ja valget v\u00e4rvi.\" \/>\n<meta property=\"og:url\" content=\"https:\/\/www.xn--tuksimaailm-ffb.ee\/en\/product\/segway-ninebot-max-g30le-ii-electric-scooter-eol\/\" \/>\n<meta property=\"og:site_name\" content=\"T\u00f5uksimaailm\" \/>\n<meta property=\"article:publisher\" content=\"https:\/\/www.facebook.com\/touksimaailm\/\" \/>\n<meta property=\"og:image\" content=\"https:\/\/www.xn--tuksimaailm-ffb.ee\/wp-content\/uploads\/2021\/12\/G30LE-5.png\" \/>\n\t<meta property=\"og:image:width\" content=\"633\" \/>\n\t<meta property=\"og:image:height\" content=\"701\" \/>\n\t<meta property=\"og:image:type\" content=\"image\/png\" \/>\n<meta name=\"twitter:card\" content=\"summary_large_image\" \/>\n<meta name=\"twitter:label1\" content=\"Price\" \/>\n\t<meta name=\"twitter:data1\" content=\"&euro;589.00\" \/>\n\t<meta name=\"twitter:label2\" content=\"Availability\" \/>\n\t<meta name=\"twitter:data2\" content=\"Out of stock\" \/>\n<meta property=\"product:price:amount\" content=\"589.00\" \/>\n<meta property=\"product:price:currency\" content=\"EUR\" \/>\n<meta property=\"og:availability\" content=\"out of stock\" \/>\n<meta property=\"product:availability\" content=\"out of stock\" \/>\n<meta property=\"product:retailer_item_id\" content=\"40.30.0000.00\" \/>\n<meta property=\"product:condition\" content=\"new\" \/>\n<!-- \/ Yoast SEO Premium plugin. -->","yoast_head_json":{"title":"Segway Ninebot Max G30LE II electric scooter (EOL) | T\u00f5uksimaailm","description":"Segway Ninebot Max G30LE II elektrit\u00f5ukeratas. T\u00e4pselt nagu Segway Ninebot Max G30 elektriline t\u00f5ukeratas, aga v\u00e4iksem ja valget v\u00e4rvi.","robots":{"index":"index","follow":"follow","max-snippet":"max-snippet:-1","max-image-preview":"max-image-preview:large","max-video-preview":"max-video-preview:-1"},"canonical":"https:\/\/www.xn--tuksimaailm-ffb.ee\/en\/product\/segway-ninebot-max-g30le-ii-electric-scooter-eol\/","og_locale":"en_US","og_type":"article","og_title":"Segway Ninebot Max G30LE II electric scooter (EOL)","og_description":"Segway Ninebot Max G30LE II elektrit\u00f5ukeratas. T\u00e4pselt nagu Segway Ninebot Max G30 elektriline t\u00f5ukeratas, aga v\u00e4iksem ja valget v\u00e4rvi.","og_url":"https:\/\/www.xn--tuksimaailm-ffb.ee\/en\/product\/segway-ninebot-max-g30le-ii-electric-scooter-eol\/","og_site_name":"T\u00f5uksimaailm","article_publisher":"https:\/\/www.facebook.com\/touksimaailm\/","og_image":[{"width":633,"height":701,"url":"https:\/\/www.xn--tuksimaailm-ffb.ee\/wp-content\/uploads\/2021\/12\/G30LE-5.png","type":"image\/png"}],"twitter_card":"summary_large_image","twitter_misc":{"Price":"&euro;589.00","Availability":"Out of stock"},"schema":{"@context":"https:\/\/schema.org","@graph":[{"@type":"WebPage","@id":"https:\/\/www.xn--tuksimaailm-ffb.ee\/en\/product\/segway-ninebot-max-g30le-ii-electric-scooter-eol\/","url":"https:\/\/www.xn--tuksimaailm-ffb.ee\/en\/product\/segway-ninebot-max-g30le-ii-electric-scooter-eol\/","name":"Segway Ninebot Max G30LE II electric scooter (EOL) | T\u00f5uksimaailm","isPartOf":{"@id":"https:\/\/www.xn--tuksimaailm-ffb.ee\/en\/#website"},"primaryImageOfPage":{"@id":"https:\/\/www.xn--tuksimaailm-ffb.ee\/en\/product\/segway-ninebot-max-g30le-ii-electric-scooter-eol\/#primaryimage"},"image":{"@id":"https:\/\/www.xn--tuksimaailm-ffb.ee\/en\/product\/segway-ninebot-max-g30le-ii-electric-scooter-eol\/#primaryimage"},"thumbnailUrl":"https:\/\/www.xn--tuksimaailm-ffb.ee\/wp-content\/uploads\/2021\/12\/G30LE-5.png","datePublished":"2021-12-15T12:08:09+00:00","description":"Segway Ninebot Max G30LE II elektrit\u00f5ukeratas. T\u00e4pselt nagu Segway Ninebot Max G30 elektriline t\u00f5ukeratas, aga v\u00e4iksem ja valget v\u00e4rvi.","breadcrumb":{"@id":"https:\/\/www.xn--tuksimaailm-ffb.ee\/en\/product\/segway-ninebot-max-g30le-ii-electric-scooter-eol\/#breadcrumb"},"inLanguage":"en-US","potentialAction":[{"@type":"ReadAction","target":["https:\/\/www.xn--tuksimaailm-ffb.ee\/en\/product\/segway-ninebot-max-g30le-ii-electric-scooter-eol\/"]}]},{"@type":"ImageObject","inLanguage":"en-US","@id":"https:\/\/www.xn--tuksimaailm-ffb.ee\/en\/product\/segway-ninebot-max-g30le-ii-electric-scooter-eol\/#primaryimage","url":"https:\/\/www.xn--tuksimaailm-ffb.ee\/wp-content\/uploads\/2021\/12\/G30LE-5.png","contentUrl":"https:\/\/www.xn--tuksimaailm-ffb.ee\/wp-content\/uploads\/2021\/12\/G30LE-5.png","width":633,"height":701,"caption":"segway ninebot max g30le II elektrit\u00f5ukeratas elektriline t\u00f5ukeratas"},{"@type":"BreadcrumbList","@id":"https:\/\/www.xn--tuksimaailm-ffb.ee\/en\/product\/segway-ninebot-max-g30le-ii-electric-scooter-eol\/#breadcrumb","itemListElement":[{"@type":"ListItem","position":1,"name":"Home","item":"https:\/\/www.xn--tuksimaailm-ffb.ee\/en\/main-page\/"},{"@type":"ListItem","position":2,"name":"Shop","item":"https:\/\/www.xn--tuksimaailm-ffb.ee\/elektritoukerataste-pood\/"},{"@type":"ListItem","position":3,"name":"Segway Ninebot Max G30LE II electric scooter (EOL)"}]},{"@type":"WebSite","@id":"https:\/\/www.xn--tuksimaailm-ffb.ee\/en\/#website","url":"https:\/\/www.xn--tuksimaailm-ffb.ee\/en\/","name":"T\u00f5uksimaailm","description":"Elektrit\u00f5ukerataste m\u00fc\u00fck, remont ja rent","publisher":{"@id":"https:\/\/www.xn--tuksimaailm-ffb.ee\/en\/#organization"},"potentialAction":[{"@type":"SearchAction","target":{"@type":"EntryPoint","urlTemplate":"https:\/\/www.xn--tuksimaailm-ffb.ee\/en\/?s={search_term_string}"},"query-input":{"@type":"PropertyValueSpecification","valueRequired":true,"valueName":"search_term_string"}}],"inLanguage":"en-US"},{"@type":"Organization","@id":"https:\/\/www.xn--tuksimaailm-ffb.ee\/en\/#organization","name":"T\u00f5uksimaailm","url":"https:\/\/www.xn--tuksimaailm-ffb.ee\/en\/","logo":{"@type":"ImageObject","inLanguage":"en-US","@id":"https:\/\/www.xn--tuksimaailm-ffb.ee\/en\/#\/schema\/logo\/image\/","url":"https:\/\/www.xn--tuksimaailm-ffb.ee\/wp-content\/uploads\/2020\/01\/logoz-e1579792875517.png","contentUrl":"https:\/\/www.xn--tuksimaailm-ffb.ee\/wp-content\/uploads\/2020\/01\/logoz-e1579792875517.png","width":250,"height":250,"caption":"T\u00f5uksimaailm"},"image":{"@id":"https:\/\/www.xn--tuksimaailm-ffb.ee\/en\/#\/schema\/logo\/image\/"},"sameAs":["https:\/\/www.facebook.com\/touksimaailm\/","https:\/\/www.instagram.com\/touksimaailm_\/","https:\/\/www.youtube.com\/channel\/UC18ml0EKIDLP1xGuQjFzcXQ"]}]},"product_price_amount":"589.00","product_price_currency":"EUR","og_availability":"out of stock","product_availability":"out of stock","product_retailer_item_id":"40.30.0000.00","product_condition":"new"},"jetpack_sharing_enabled":true,"_links":{"self":[{"href":"https:\/\/www.xn--tuksimaailm-ffb.ee\/en\/wp-json\/wp\/v2\/product\/45180","targetHints":{"allow":["GET"]}}],"collection":[{"href":"https:\/\/www.xn--tuksimaailm-ffb.ee\/en\/wp-json\/wp\/v2\/product"}],"about":[{"href":"https:\/\/www.xn--tuksimaailm-ffb.ee\/en\/wp-json\/wp\/v2\/types\/product"}],"wp:featuredmedia":[{"embeddable":true,"href":"https:\/\/www.xn--tuksimaailm-ffb.ee\/en\/wp-json\/wp\/v2\/media\/15043"}],"wp:attachment":[{"href":"https:\/\/www.xn--tuksimaailm-ffb.ee\/en\/wp-json\/wp\/v2\/media?parent=45180"}],"wp:term":[{"taxonomy":"product_brand","embeddable":true,"href":"https:\/\/www.xn--tuksimaailm-ffb.ee\/en\/wp-json\/wp\/v2\/product_brand?post=45180"},{"taxonomy":"product_cat","embeddable":true,"href":"https:\/\/www.xn--tuksimaailm-ffb.ee\/en\/wp-json\/wp\/v2\/product_cat?post=45180"},{"taxonomy":"product_tag","embeddable":true,"href":"https:\/\/www.xn--tuksimaailm-ffb.ee\/en\/wp-json\/wp\/v2\/product_tag?post=45180"},{"taxonomy":"filter_elektritoukeratas","embeddable":true,"href":"https:\/\/www.xn--tuksimaailm-ffb.ee\/en\/wp-json\/wp\/v2\/filter_elektritoukeratas?post=45180"}],"curies":[{"name":"wp","href":"https:\/\/api.w.org\/{rel}","templated":true}]}}