{"id":45185,"date":"2022-12-08T18:51:09","date_gmt":"2022-12-08T16:51:09","guid":{"rendered":"http:\/\/www.xn--tuksimaailm-ffb.ee\/shop\/segway-kickscooter-gt2p-electric-scooter\/"},"modified":"2022-12-08T18:51:09","modified_gmt":"2022-12-08T15:51:09","slug":"segway-kickscooter-gt2p-electric-scooter","status":"publish","type":"product","link":"https:\/\/www.xn--tuksimaailm-ffb.ee\/en\/product\/segway-kickscooter-gt2p-electric-scooter\/","title":{"rendered":"Segway Kickscooter GT2P electric scooter"},"content":{"rendered":"<h2 style=\"text-align: center;\">SEGWAY KICKSCOOTER GT2P ELECTRIC SCOOTER - PRODUCT DESCRIPTION<\/h2>\n<p>The slogan \"The future is now\" is probably the most accurate when considering the new Segway Kickscooter GT series electric scooters. The GT series includes electric scooters like the Segway GT2P (with two motors) and GT1E (with one motor). The new Segway GT series' dual-motor, <strong>extremely stable and high-quality GT2P electric scooter<\/strong> is something unique. The Segway Kickscooter GT2P electric scooter, with its thoroughly thought-out design, is equipped with several innovative features. To prevent overheating, the Segway GT2P electric scooter is equipped with air cooling for the motor, battery, and controller, and a motorcycle-like throttle. To enhance safety, the Segway Kickscooter GT2P electric scooter is equipped with a battery that has the same type of protections as Tesla car batteries. Additionally, the entire charging process is designed to be as convenient as possible. No more worrying about which way the charger should be connected.<\/p>\n<p>No expense has been spared, and carefully selected materials ensure quality and the greatest comfort. According to riders, the Segway GT2P electric scooter is the <strong>most stable and comfortable electric scooter they have ever ridden<\/strong>. Its thoughtful, futuristic, and sporty design is not the only thing that makes the Segway GT2P electric scooter stand out. Shocks made by engineers from SpaceX ensure a stable and enjoyable ride, and can also be easily adjusted according to the rider's weight. Made from custom-ordered parts, the Segway Kickscooter GT2P is the highest quality and most durable electric scooter in its class. The GT2P is the most suitable electric scooter for enthusiasts, comfort lovers, and those who value quality.<\/p>\n<p><iframe title=\"Segway SuperScooter GT Series Launch Video\" width=\"1082\" height=\"609\" src=\"https:\/\/www.youtube.com\/embed\/LB50NTuMYdU?feature=oembed\" frameborder=\"0\" allow=\"accelerometer; autoplay; clipboard-write; encrypted-media; gyroscope; picture-in-picture; web-share\" referrerpolicy=\"strict-origin-when-cross-origin\" allowfullscreen><\/iframe><\/p>\n<h2 style=\"text-align: center;\">SEGWAY KICKSCOOTER GT2P ELECTRIC SCOOTER - TECHNICAL DESCRIPTION<\/h2>\n<p>The Segway GT2P electric scooter is equipped with <strong>11-inch air tires<\/strong> that are <strong>tubeless<\/strong> and feature a strong puncture-resistant layer. Electric scooters with tubeless air tires offer better riding comfort compared to smaller ones with inner tubes, and the ride is also safer. For even greater safety, the electric scooter is equipped with hydraulic disc brakes. Electric scooters with hydraulic brakes provide a better (shorter) braking distance and feel compared to cable brakes, as there is no cable slack and friction between the cable and its housing. For riding in the dark, the electric scooters are equipped with a powerful <strong>15W LED<\/strong> front light, which helps even during the darkest times. The beam of the headlight is wide and reaches far.<\/p>\n<p>Additionally, to make the rider visible to other road users, the electric scooter is equipped with color-changing rear lights. Through a mobile app, it is possible to choose between several different light colors. Besides front and rear lights, the Segway GT2P electric scooter is also <strong>equipped with front and rear turn signals<\/strong>. Activating the turn signals is made easy by pressing a button located on the handlebar. The Segway GT2P electric scooter features turn signals with a flashing cycle that is shorter and more appropriate than some others - a total of three flashes. The Segway GT2P electric scooter is equipped with <strong>top-of-the-line hydraulic shocks both in front and at the back<\/strong>, which not only make the ride more comfortable but also significantly safer. For comfort, the electric scooter has shocks whose stiffness and range of motion can be easily adjusted exactly according to the rider's preference.<\/p>\n<h2 style=\"text-align: center;\">BATTERY AND THE MOTOR<\/h2>\n<p>The Segway Kickscooter GT2P electric scooter is equipped with two powerful <strong>air-cooled motors<\/strong>. These robust motors can handle even the most challenging conditions and are capable of propelling the electric scooter with a load up to <strong>150 kg<\/strong> without affecting performance. The electric scooter can also handle <strong>steep inclines (up to 30%)<\/strong> with ease, thanks to its efficient motors. The scooter and its motors are powered by an extremely powerful <strong>52V,<\/strong> high-capacity <strong>1512 Wh (30 Ah)<\/strong> battery. According to the manufacturer's specifications, the electric scooter can travel up to 90 km on a single charge. The electric scooter is equipped with a state-of-the-art battery protection system and an intelligent Battery Management System (BMS), ensuring worry-free and safe use. Segway electric scooters have always been ahead of their competitors in this area, and even with the best effort, it is impossible to find any incidents on the internet where a Segway Ninebot electric scooter battery has caught fire due to overload, misuse, or accidents. The electric scooter requires 16 hours to charge from <strong>0% to 100%, which can be reduced to 8 hours with two parallel chargers.<\/strong><\/p>\n<p>The electric scooter has an easily foldable handlebar stem, adjustable with a lever mechanism. New Segway electric scooters are the best in the world in this field - any looseness in the adjustment mechanism that may occur during use can be easily adjusted, and there is no need to replace parts. Although heavier than some more compact models, the electric scooter is still transportable. For transportation, the electric scooter is specially designed to make lifting as comfortable as possible. The GT2P model is the first electric scooter equipped with a high-tech, transparent OLED display mounted in the center of the handlebar stem facing the rider. From the display, the rider can see information about speed, battery charge level, and the currently activated driving mode\/gear. The Segway GT2P electric scooter is unique, offering up to <strong>four electronic gears<\/strong> instead of the usual three found on most electric scooters. The electric scooter can be easily <strong>electronically locked<\/strong> using the Segway mobile app. The Segway GT2P electric scooter is the most modern and equipped with many innovative features.<\/p>\n<p><a href=\"https:\/\/www.xn--tuksimaailm-ffb.ee\/wp-content\/uploads\/2022\/12\/segway_kickscooter_gt2_product_picture_rear_motor-2140x1430_72-300x201.png\"><img decoding=\"async\" class=\"alignnone size-medium wp-image-20798 aligncenter\" src=\"https:\/\/www.xn--tuksimaailm-ffb.ee\/wp-content\/uploads\/2022\/12\/segway_kickscooter_gt2_product_picture_rear_motor-2140x1430_72-300x201.png\" alt=\"segway kickscooter gt1e gt2p elektrit\u00f5ukeratas elektriline t\u00f5ukeratas electric scooter elektrilised t\u00f5ukerattad\" width=\"337\" height=\"226\" srcset=\"https:\/\/www.xn--tuksimaailm-ffb.ee\/wp-content\/uploads\/2022\/12\/segway_kickscooter_gt2_product_picture_rear_motor-2140x1430_72-300x201.png 300w, https:\/\/www.xn--tuksimaailm-ffb.ee\/wp-content\/uploads\/2022\/12\/segway_kickscooter_gt2_product_picture_rear_motor-2140x1430_72-1024x685.png 1024w, https:\/\/www.xn--tuksimaailm-ffb.ee\/wp-content\/uploads\/2022\/12\/segway_kickscooter_gt2_product_picture_rear_motor-2140x1430_72-768x513.png 768w, https:\/\/www.xn--tuksimaailm-ffb.ee\/wp-content\/uploads\/2022\/12\/segway_kickscooter_gt2_product_picture_rear_motor-2140x1430_72-449x300.png 449w, https:\/\/www.xn--tuksimaailm-ffb.ee\/wp-content\/uploads\/2022\/12\/segway_kickscooter_gt2_product_picture_rear_motor-2140x1430_72-600x401.png 600w, https:\/\/www.xn--tuksimaailm-ffb.ee\/wp-content\/uploads\/2022\/12\/segway_kickscooter_gt2_product_picture_rear_motor-2140x1430_72.png 1400w\" sizes=\"(max-width: 337px) 100vw, 337px\" \/><\/a><\/p>\n<h2 style=\"text-align: center;\">SAFETY<\/h2>\n<p>Riding an electric scooter and the scooter itself can potentially be dangerous to both oneself and others. Wearing a helmet is mandatory for everyone when riding an electric scooter. All electric scooters can be found here.<\/p>\n<p>When you buy your electric scooter from our store, you get 20% off all accessories with the purchase of the scooter!<\/p>\n<table class=\"tg\" style=\"border-collapse: collapse; max-width: 600px; border-spacing: 0; margin: 0px auto;\">\n<tbody>\n<tr>\n<td style=\"background-color: #e4e1e1; color: #333333; font-family: inherit; font-size: 14px; font-weight: bold; overflow: hidden; padding: 5px 5px; text-align: center; vertical-align: top; word-break: normal; border: 1px solid;\" colspan=\"2\">Technical Specification<\/td>\n<\/tr>\n<tr>\n<td style=\"background-color: #e4e1e1; color: #333333; font-family: inherit; font-size: 14px; font-weight: bold; overflow: hidden; padding: 5px 5px; text-align: right; vertical-align: top; word-break: normal; border: 1px solid;\">Model<\/td>\n<td style=\"font-family: inherit; font-size: 14px; overflow: hidden; padding: 5px 5px; text-align: center; vertical-align: top; word-break: normal; border: 1px solid;\">Segway Kickscooter GT2P<\/td>\n<\/tr>\n<tr>\n<td style=\"background-color: #e4e1e1; color: #333333; font-family: inherit; font-size: 14px; font-weight: bold; overflow: hidden; padding: 5px 5px; text-align: right; vertical-align: top; word-break: normal; border: 1px solid;\">Battery<\/td>\n<td style=\"font-family: inherit; font-size: 14px; overflow: hidden; padding: 5px 5px; text-align: center; vertical-align: top; word-break: normal; border: 1px solid;\">52V \/ 30Ah \/ 1512Wh Li-Ion<\/td>\n<\/tr>\n<tr>\n<td style=\"background-color: #e4e1e1; color: #333333; font-family: inherit; font-size: 14px; font-weight: bold; overflow: hidden; padding: 5px 5px; text-align: right; vertical-align: top; word-break: normal; border: 1px solid;\">Charging Time<\/td>\n<td style=\"font-family: inherit; font-size: 14px; overflow: hidden; padding: 5px 5px; text-align: center; vertical-align: top; word-break: normal; border: 1px solid;\">kuni 16h (kahe laadijaga 8h)<\/td>\n<\/tr>\n<tr>\n<td style=\"background-color: #e4e1e1; color: #333333; font-family: inherit; font-size: 14px; font-weight: bold; overflow: hidden; padding: 5px 5px; text-align: right; vertical-align: top; word-break: normal; border: 1px solid;\">Motor Power<\/td>\n<td style=\"font-family: inherit; font-size: 14px; overflow: hidden; padding: 5px 5px; text-align: center; vertical-align: top; word-break: normal; border: 1px solid;\">1000W<\/td>\n<\/tr>\n<tr>\n<td style=\"background-color: #e4e1e1; color: #333333; font-family: inherit; font-size: 14px; font-weight: bold; overflow: hidden; padding: 5px 5px; text-align: right; vertical-align: top; word-break: normal; border: 1px solid;\">Range<\/td>\n<td style=\"font-family: inherit; font-size: 14px; overflow: hidden; padding: 5px 5px; text-align: center; vertical-align: top; word-break: normal; border: 1px solid;\">up to 90km (manufacturer specification)<\/td>\n<\/tr>\n<tr>\n<td style=\"background-color: #e4e1e1; color: #333333; font-family: inherit; font-size: 14px; font-weight: bold; overflow: hidden; padding: 5px 5px; text-align: right; vertical-align: top; word-break: normal; border: 1px solid;\">Calculated Range<\/td>\n<td style=\"font-family: inherit; font-size: 14px; overflow: hidden; padding: 5px 5px; text-align: center; vertical-align: top; word-break: normal; border: 1px solid;\">100km (25km\/h, 70kg rider, 15Wh\/km)<\/td>\n<\/tr>\n<tr>\n<td style=\"background-color: #e4e1e1; color: #333333; font-family: inherit; font-size: 14px; font-weight: bold; overflow: hidden; padding: 5px 5px; text-align: right; vertical-align: top; word-break: normal; border: 1px solid;\">Brakes<\/td>\n<td style=\"font-family: inherit; font-size: 14px; overflow: hidden; padding: 5px 5px; text-align: center; vertical-align: top; word-break: normal; border: 1px solid;\">hydraulic disc brakes + ABS<\/td>\n<\/tr>\n<tr>\n<td style=\"background-color: #e4e1e1; color: #333333; font-family: inherit; font-size: 14px; font-weight: bold; overflow: hidden; padding: 5px 5px; text-align: right; vertical-align: top; word-break: normal; border: 1px solid;\">Weight Limit<\/td>\n<td style=\"font-family: inherit; font-size: 14px; overflow: hidden; padding: 5px 5px; text-align: center; vertical-align: top; word-break: normal; border: 1px solid;\">150kg<\/td>\n<\/tr>\n<tr>\n<td style=\"background-color: #e4e1e1; color: #333333; font-family: inherit; font-size: 14px; font-weight: bold; overflow: hidden; padding: 5px 5px; text-align: right; vertical-align: top; word-break: normal; border: 1px solid;\">Weight<\/td>\n<td style=\"font-family: inherit; font-size: 14px; overflow: hidden; padding: 5px 5px; text-align: center; vertical-align: top; word-break: normal; border: 1px solid;\">52.6kg<\/td>\n<\/tr>\n<tr>\n<td style=\"background-color: #e4e1e1; color: #333333; font-family: inherit; font-size: 14px; font-weight: bold; overflow: hidden; padding: 5px 5px; text-align: right; vertical-align: top; word-break: normal; border: 1px solid;\">Speed<\/td>\n<td style=\"font-family: inherit; font-size: 14px; overflow: hidden; padding: 5px 5px; text-align: center; vertical-align: top; word-break: normal; border: 1px solid;\">25km\/h<\/td>\n<\/tr>\n<tr>\n<td style=\"background-color: #e4e1e1; color: #333333; font-family: inherit; font-size: 14px; font-weight: bold; overflow: hidden; padding: 5px 5px; text-align: right; vertical-align: top; word-break: normal; border: 1px solid;\">Motorized Wheel<\/td>\n<td style=\"font-family: inherit; font-size: 14px; overflow: hidden; padding: 5px 5px; text-align: center; vertical-align: top; word-break: normal; border: 1px solid;\">front and rear wheel drive<\/td>\n<\/tr>\n<tr>\n<td style=\"background-color: #e4e1e1; color: #333333; font-family: inherit; font-size: 14px; font-weight: bold; overflow: hidden; padding: 5px 5px; text-align: right; vertical-align: top; word-break: normal; border: 1px solid;\">Tires<\/td>\n<td style=\"font-family: inherit; font-size: 14px; overflow: hidden; padding: 5px 5px; text-align: center; vertical-align: top; word-break: normal; border: 1px solid;\">11\u2033 (90\/65-6.5) puncture resistant road tires<\/td>\n<\/tr>\n<tr>\n<td style=\"background-color: #e4e1e1; color: #333333; font-family: inherit; font-size: 14px; font-weight: bold; overflow: hidden; padding: 5px 5px; text-align: right; vertical-align: top; word-break: normal; border: 1px solid;\">Suspension<\/td>\n<td style=\"font-family: inherit; font-size: 14px; overflow: hidden; padding: 5px 5px; text-align: center; vertical-align: top; word-break: normal; border: 1px solid;\">hydraulic shock absorber front and rear<\/td>\n<\/tr>\n<tr>\n<td style=\"background-color: #e4e1e1; color: #333333; font-family: inherit; font-size: 14px; font-weight: bold; overflow: hidden; padding: 5px 5px; text-align: right; vertical-align: top; word-break: normal; border: 1px solid;\">Front Lights<\/td>\n<td style=\"font-family: inherit; font-size: 14px; overflow: hidden; padding: 5px 5px; text-align: center; vertical-align: top; word-break: normal; border: 1px solid;\">powerful LED + indicator lights<\/td>\n<\/tr>\n<tr>\n<td style=\"background-color: #e4e1e1; color: #333333; font-family: inherit; font-size: 14px; font-weight: bold; overflow: hidden; padding: 5px 5px; text-align: right; vertical-align: top; word-break: normal; border: 1px solid;\">Rear Lights<\/td>\n<td style=\"font-family: inherit; font-size: 14px; overflow: hidden; padding: 5px 5px; text-align: center; vertical-align: top; word-break: normal; border: 1px solid;\">LED + indicator lights<\/td>\n<\/tr>\n<tr>\n<td style=\"background-color: #e4e1e1; color: #333333; font-family: inherit; font-size: 14px; font-weight: bold; overflow: hidden; padding: 5px 5px; text-align: right; vertical-align: top; word-break: normal; border: 1px solid;\">Maximum Incline<\/td>\n<td style=\"font-family: inherit; font-size: 14px; overflow: hidden; padding: 5px 5px; text-align: center; vertical-align: top; word-break: normal; border: 1px solid;\">&lt;30%<\/td>\n<\/tr>\n<tr>\n<td style=\"background-color: #e4e1e1; color: #333333; font-family: inherit; font-size: 14px; font-weight: bold; overflow: hidden; padding: 5px 5px; text-align: right; vertical-align: top; word-break: normal; border: 1px solid;\">Material<\/td>\n<td style=\"font-family: inherit; font-size: 14px; overflow: hidden; padding: 5px 5px; text-align: center; vertical-align: top; word-break: normal; border: 1px solid;\">aluminium 6061 T6 ja 6082 T6<\/td>\n<\/tr>\n<\/tbody>\n<\/table>\n","protected":false},"excerpt":{"rendered":"<p><strong>When purchased together with an electric scooter, all accessories and spare parts are -20%. The discount is automatically applied when added to the shopping cart!<\/strong><\/p>\n<p><strong>Delivery time: 1-5 business days.<\/strong><\/p>\n<p>\u00a0<\/p>\n","protected":false},"featured_media":20781,"template":"","meta":[],"product_brand":[],"product_cat":[722],"product_tag":[],"filter_elektritoukeratas":[],"class_list":{"0":"post-45185","1":"product","2":"type-product","3":"status-publish","4":"has-post-thumbnail","6":"product_cat-electric-scooters","7":"product_shipping_class-keskmine-pakk-en","8":"pa_aku-mahutavus-wh-1512-en","9":"pa_kaal-kg-52-en","10":"pa_kandevoime-kg-150-en","11":"pa_labisoit-arvutuslik-km-100-en","12":"pa_mootorite-arv-two-motors","13":"pa_muuja-platvormil-touksimaailm-exocool-ou-en","14":"pa_piiramata-tippkiirus-kmh-25-en","15":"pa_tootetuup-elektritoukeratas-en","16":"pa_valmistaja-segway-en","17":"pa_voimsus-w-1000-en","19":"first","20":"instock","21":"taxable","22":"shipping-taxable","23":"purchasable","24":"product-type-simple"},"yoast_head":"<!-- This site is optimized with the Yoast SEO Premium plugin v26.8 (Yoast SEO v27.3) - https:\/\/yoast.com\/product\/yoast-seo-premium-wordpress\/ -->\n<title>Segway Kickscooter GT2P electric scooter | T\u00f5uksimaailm | Kiire<\/title>\n<meta name=\"description\" content=\"Elektrit\u00f5ukeratas Segway Kickscooter GT2P, turvaline ja mugav! Paljude lisadega ja innovaatline elektriline t\u00f5ukeratas. Segway elektrilised t\u00f5ukerattad.\" \/>\n<meta name=\"robots\" content=\"index, follow, max-snippet:-1, max-image-preview:large, max-video-preview:-1\" \/>\n<link rel=\"canonical\" href=\"https:\/\/www.xn--tuksimaailm-ffb.ee\/en\/product\/segway-kickscooter-gt2p-electric-scooter\/\" \/>\n<meta property=\"og:locale\" content=\"en_US\" \/>\n<meta property=\"og:type\" content=\"article\" \/>\n<meta property=\"og:title\" content=\"Segway Kickscooter GT2P electric scooter\" \/>\n<meta property=\"og:description\" content=\"Elektrit\u00f5ukeratas Segway Kickscooter GT2P, turvaline ja mugav! Paljude lisadega ja innovaatline elektriline t\u00f5ukeratas. Segway elektrilised t\u00f5ukerattad.\" \/>\n<meta property=\"og:url\" content=\"https:\/\/www.xn--tuksimaailm-ffb.ee\/en\/product\/segway-kickscooter-gt2p-electric-scooter\/\" \/>\n<meta property=\"og:site_name\" content=\"T\u00f5uksimaailm\" \/>\n<meta property=\"article:publisher\" content=\"https:\/\/www.facebook.com\/touksimaailm\/\" \/>\n<meta property=\"og:image\" content=\"https:\/\/www.xn--tuksimaailm-ffb.ee\/wp-content\/uploads\/2022\/12\/segway_kickscooter-gt2p-elektritoukeratas-elektriline-toukeratas-electric-scooter-1.png\" \/>\n\t<meta property=\"og:image:width\" content=\"1020\" \/>\n\t<meta property=\"og:image:height\" content=\"1020\" \/>\n\t<meta property=\"og:image:type\" content=\"image\/png\" \/>\n<meta name=\"twitter:card\" content=\"summary_large_image\" \/>\n<meta name=\"twitter:label1\" content=\"Price\" \/>\n\t<meta name=\"twitter:data1\" content=\"&euro;3,031.00\" \/>\n\t<meta name=\"twitter:label2\" content=\"Availability\" \/>\n\t<meta name=\"twitter:data2\" content=\"In stock\" \/>\n<meta property=\"product:price:amount\" content=\"3031.00\" \/>\n<meta property=\"product:price:currency\" content=\"EUR\" \/>\n<meta property=\"og:availability\" content=\"instock\" \/>\n<meta property=\"product:availability\" content=\"instock\" \/>\n<meta property=\"product:retailer_item_id\" content=\"Segway_GT2P-1\" \/>\n<meta property=\"product:condition\" content=\"new\" \/>\n<!-- \/ Yoast SEO Premium plugin. -->","yoast_head_json":{"title":"Segway Kickscooter GT2P electric scooter | T\u00f5uksimaailm | Kiire","description":"Elektrit\u00f5ukeratas Segway Kickscooter GT2P, turvaline ja mugav! Paljude lisadega ja innovaatline elektriline t\u00f5ukeratas. Segway elektrilised t\u00f5ukerattad.","robots":{"index":"index","follow":"follow","max-snippet":"max-snippet:-1","max-image-preview":"max-image-preview:large","max-video-preview":"max-video-preview:-1"},"canonical":"https:\/\/www.xn--tuksimaailm-ffb.ee\/en\/product\/segway-kickscooter-gt2p-electric-scooter\/","og_locale":"en_US","og_type":"article","og_title":"Segway Kickscooter GT2P electric scooter","og_description":"Elektrit\u00f5ukeratas Segway Kickscooter GT2P, turvaline ja mugav! Paljude lisadega ja innovaatline elektriline t\u00f5ukeratas. Segway elektrilised t\u00f5ukerattad.","og_url":"https:\/\/www.xn--tuksimaailm-ffb.ee\/en\/product\/segway-kickscooter-gt2p-electric-scooter\/","og_site_name":"T\u00f5uksimaailm","article_publisher":"https:\/\/www.facebook.com\/touksimaailm\/","og_image":[{"width":1020,"height":1020,"url":"https:\/\/www.xn--tuksimaailm-ffb.ee\/wp-content\/uploads\/2022\/12\/segway_kickscooter-gt2p-elektritoukeratas-elektriline-toukeratas-electric-scooter-1.png","type":"image\/png"}],"twitter_card":"summary_large_image","twitter_misc":{"Price":"&euro;3,031.00","Availability":"In stock"},"schema":{"@context":"https:\/\/schema.org","@graph":[{"@type":"WebPage","@id":"https:\/\/www.xn--tuksimaailm-ffb.ee\/en\/product\/segway-kickscooter-gt2p-electric-scooter\/","url":"https:\/\/www.xn--tuksimaailm-ffb.ee\/en\/product\/segway-kickscooter-gt2p-electric-scooter\/","name":"Segway Kickscooter GT2P electric scooter | T\u00f5uksimaailm | Kiire","isPartOf":{"@id":"https:\/\/www.xn--tuksimaailm-ffb.ee\/en\/#website"},"primaryImageOfPage":{"@id":"https:\/\/www.xn--tuksimaailm-ffb.ee\/en\/product\/segway-kickscooter-gt2p-electric-scooter\/#primaryimage"},"image":{"@id":"https:\/\/www.xn--tuksimaailm-ffb.ee\/en\/product\/segway-kickscooter-gt2p-electric-scooter\/#primaryimage"},"thumbnailUrl":"https:\/\/www.xn--tuksimaailm-ffb.ee\/wp-content\/uploads\/2022\/12\/segway_kickscooter-gt2p-elektritoukeratas-elektriline-toukeratas-electric-scooter-1.png","datePublished":"2022-12-08T16:51:09+00:00","description":"Elektrit\u00f5ukeratas Segway Kickscooter GT2P, turvaline ja mugav! Paljude lisadega ja innovaatline elektriline t\u00f5ukeratas. Segway elektrilised t\u00f5ukerattad.","breadcrumb":{"@id":"https:\/\/www.xn--tuksimaailm-ffb.ee\/en\/product\/segway-kickscooter-gt2p-electric-scooter\/#breadcrumb"},"inLanguage":"en-US","potentialAction":[{"@type":"ReadAction","target":["https:\/\/www.xn--tuksimaailm-ffb.ee\/en\/product\/segway-kickscooter-gt2p-electric-scooter\/"]}]},{"@type":"ImageObject","inLanguage":"en-US","@id":"https:\/\/www.xn--tuksimaailm-ffb.ee\/en\/product\/segway-kickscooter-gt2p-electric-scooter\/#primaryimage","url":"https:\/\/www.xn--tuksimaailm-ffb.ee\/wp-content\/uploads\/2022\/12\/segway_kickscooter-gt2p-elektritoukeratas-elektriline-toukeratas-electric-scooter-1.png","contentUrl":"https:\/\/www.xn--tuksimaailm-ffb.ee\/wp-content\/uploads\/2022\/12\/segway_kickscooter-gt2p-elektritoukeratas-elektriline-toukeratas-electric-scooter-1.png","width":1020,"height":1020,"caption":"segway kickscooter gt2p elektrit\u00f5ukeratas elektriline t\u00f5ukeratas electric scooter 1"},{"@type":"BreadcrumbList","@id":"https:\/\/www.xn--tuksimaailm-ffb.ee\/en\/product\/segway-kickscooter-gt2p-electric-scooter\/#breadcrumb","itemListElement":[{"@type":"ListItem","position":1,"name":"Home","item":"https:\/\/www.xn--tuksimaailm-ffb.ee\/en\/main-page\/"},{"@type":"ListItem","position":2,"name":"Shop","item":"https:\/\/www.xn--tuksimaailm-ffb.ee\/elektritoukerataste-pood\/"},{"@type":"ListItem","position":3,"name":"Segway Kickscooter GT2P electric scooter"}]},{"@type":"WebSite","@id":"https:\/\/www.xn--tuksimaailm-ffb.ee\/en\/#website","url":"https:\/\/www.xn--tuksimaailm-ffb.ee\/en\/","name":"T\u00f5uksimaailm","description":"Elektrit\u00f5ukerataste m\u00fc\u00fck, remont ja rent","publisher":{"@id":"https:\/\/www.xn--tuksimaailm-ffb.ee\/en\/#organization"},"potentialAction":[{"@type":"SearchAction","target":{"@type":"EntryPoint","urlTemplate":"https:\/\/www.xn--tuksimaailm-ffb.ee\/en\/?s={search_term_string}"},"query-input":{"@type":"PropertyValueSpecification","valueRequired":true,"valueName":"search_term_string"}}],"inLanguage":"en-US"},{"@type":"Organization","@id":"https:\/\/www.xn--tuksimaailm-ffb.ee\/en\/#organization","name":"T\u00f5uksimaailm","url":"https:\/\/www.xn--tuksimaailm-ffb.ee\/en\/","logo":{"@type":"ImageObject","inLanguage":"en-US","@id":"https:\/\/www.xn--tuksimaailm-ffb.ee\/en\/#\/schema\/logo\/image\/","url":"https:\/\/www.xn--tuksimaailm-ffb.ee\/wp-content\/uploads\/2020\/01\/logoz-e1579792875517.png","contentUrl":"https:\/\/www.xn--tuksimaailm-ffb.ee\/wp-content\/uploads\/2020\/01\/logoz-e1579792875517.png","width":250,"height":250,"caption":"T\u00f5uksimaailm"},"image":{"@id":"https:\/\/www.xn--tuksimaailm-ffb.ee\/en\/#\/schema\/logo\/image\/"},"sameAs":["https:\/\/www.facebook.com\/touksimaailm\/","https:\/\/www.instagram.com\/touksimaailm_\/","https:\/\/www.youtube.com\/channel\/UC18ml0EKIDLP1xGuQjFzcXQ"]}]},"product_price_amount":"3031.00","product_price_currency":"EUR","og_availability":"instock","product_availability":"instock","product_retailer_item_id":"Segway_GT2P-1","product_condition":"new"},"jetpack_sharing_enabled":true,"_links":{"self":[{"href":"https:\/\/www.xn--tuksimaailm-ffb.ee\/en\/wp-json\/wp\/v2\/product\/45185","targetHints":{"allow":["GET"]}}],"collection":[{"href":"https:\/\/www.xn--tuksimaailm-ffb.ee\/en\/wp-json\/wp\/v2\/product"}],"about":[{"href":"https:\/\/www.xn--tuksimaailm-ffb.ee\/en\/wp-json\/wp\/v2\/types\/product"}],"wp:featuredmedia":[{"embeddable":true,"href":"https:\/\/www.xn--tuksimaailm-ffb.ee\/en\/wp-json\/wp\/v2\/media\/20781"}],"wp:attachment":[{"href":"https:\/\/www.xn--tuksimaailm-ffb.ee\/en\/wp-json\/wp\/v2\/media?parent=45185"}],"wp:term":[{"taxonomy":"product_brand","embeddable":true,"href":"https:\/\/www.xn--tuksimaailm-ffb.ee\/en\/wp-json\/wp\/v2\/product_brand?post=45185"},{"taxonomy":"product_cat","embeddable":true,"href":"https:\/\/www.xn--tuksimaailm-ffb.ee\/en\/wp-json\/wp\/v2\/product_cat?post=45185"},{"taxonomy":"product_tag","embeddable":true,"href":"https:\/\/www.xn--tuksimaailm-ffb.ee\/en\/wp-json\/wp\/v2\/product_tag?post=45185"},{"taxonomy":"filter_elektritoukeratas","embeddable":true,"href":"https:\/\/www.xn--tuksimaailm-ffb.ee\/en\/wp-json\/wp\/v2\/filter_elektritoukeratas?post=45185"}],"curies":[{"name":"wp","href":"https:\/\/api.w.org\/{rel}","templated":true}]}}