{"id":45262,"date":"2023-01-12T16:44:00","date_gmt":"2023-01-12T14:44:00","guid":{"rendered":"http:\/\/www.xn--tuksimaailm-ffb.ee\/shop\/niu-kqi3-sport-electric-scooter\/"},"modified":"2023-01-12T16:44:00","modified_gmt":"2023-01-12T13:44:00","slug":"niu-kqi3-sport-electric-scooter","status":"publish","type":"product","link":"https:\/\/www.xn--tuksimaailm-ffb.ee\/en\/product\/niu-kqi3-sport-electric-scooter\/","title":{"rendered":"NIU KQi3 Sport electric scooter"},"content":{"rendered":"<h2 style=\"text-align: center;\">NIU KQI3 SPORT ELECTRIC SCOOTER - PRODUCT DESCRIPTION<\/h2>\n<p>NIU and its KQi series are gaining increasing popularity in the world of electric scooters. NIU electric scooters are stylish, very compact, and affordable. The NIU KQi3 Sport electric scooter is designed for those who are looking for a comfortable, compact, and environmentally friendly mode of transportation, which is also top-notch in terms of assembly quality. The KQi3 Sport features sporty and futuristic design lines. With a wide range of colors, the NIU KQi3 Sport electric scooter offers many different features and extras, making it competitive with some of the most well-known names in the market.<\/p>\n<p>The KQi3 Sport electric scooter is equipped with larger and wider 9.5\" tubeless tires. The large and wide tires ensure that the scooter is stable and comfortable to ride. The electric scooter can be electronically locked and easily configured via a smartphone app. Additionally, the scooter is equipped with a seriously stylish and powerful front light and a modern display centrally placed on the handlebar, which clearly displays data. The easily foldable NIU KQi3 Sport electric scooter is compact and lightweight, making it easy to store and transport.<\/p>\n<p><strong>NIU is the first brand in the scooter world to have globally competed with Segway and Xiaomi electric scooters, which have dominated the under 1000\u20ac price category for over a decade.<\/strong> NIU has achieved this through quality, durability, and smart features. NIU is a long-standing and experienced company, which started developing and manufacturing electric scooters in 2014. At the start of the electric lightweight vehicles revolution in 2018, the focus shifted to developing electric scooters. NIU was founded by two former Xiaomi employees who realized in 2013 that it was possible to do better than Xiaomi. Ten years later, this goal has been achieved in the electric scooter market by the NIU KQi3 Sport.<\/p>\n<p>Explore other NIU electric scooters here.<\/p>\n<p><iframe title=\"A REAL Segway Competitor - NIU KQi3 Pro Review\" width=\"1082\" height=\"609\" src=\"https:\/\/www.youtube.com\/embed\/-43SpcuESeg?feature=oembed\" frameborder=\"0\" allow=\"accelerometer; autoplay; clipboard-write; encrypted-media; gyroscope; picture-in-picture; web-share\" referrerpolicy=\"strict-origin-when-cross-origin\" allowfullscreen><\/iframe><\/p>\n<h2 style=\"text-align: center;\">NIU KQI3 SPORT ELECTRIC SCOOTER - TECHNICAL DESCRIPTION<\/h2>\n<p>The NIU KQi3 Sport electric scooter operates at a high <strong>48V<\/strong> and has a medium capacity <strong>7.6Ah \/ (365Wh) Li-Ion battery<\/strong>, which, according to the manufacturer's specifications, enables the scooter to travel <strong>up to 40km<\/strong> on a single charge. This compact electric scooter features a lively and capable motor with a maximum power of<strong> 600W<\/strong>. It's powerful enough to ensure brisk and steady acceleration up to a manufacturer speed of <strong>25km\/h<\/strong>. The KQi3 Sport is equipped with wide <strong>9.5\" tubeless tires<\/strong> both front and rear.<\/p>\n<p>The larger tires not only improve ride comfort but also enhance safety. For safe riding, the electric scooter is equipped with a <strong>front disc brake<\/strong> and a <strong>rear motor brake<\/strong>, also known as a<strong> regenerative brake<\/strong>. Additionally, NIU electric scooters are equipped with a KERS system, configurable via an app for intensity, which activates when the throttle is released. The combination of disc brakes and motor brakes is highly effective and also provides a short braking distance. Despite its smaller size, the KQi3 Sport is deceptive; it is capable of carrying <strong>up to 100kg<\/strong> and handling inclines of up to 10%. The handlebar height of the electric scooter is not adjustable, but the handlebar width is slightly wider than usual, which makes steering more stable. The electric scooter also features a colorful<strong> HD-LED display that shows speed, battery level, and other important information.<\/strong> Overall, the NIU KQi3 Sport is an excellent and stylish electric scooter for city street navigation.<\/p>\n<p><a href=\"https:\/\/www.xn--tuksimaailm-ffb.ee\/wp-content\/uploads\/2023\/01\/NIU-KQi3-SPORT-elektritoukeratas-elektrilised-toukerattad-elektriline-toukeratas-elektrilised-toukerattad-elektritoukerattad-spidokas-300x201.png\"><img decoding=\"async\" class=\"alignnone size-medium wp-image-27923 aligncenter\" src=\"https:\/\/www.xn--tuksimaailm-ffb.ee\/wp-content\/uploads\/2023\/01\/NIU-KQi3-SPORT-elektritoukeratas-elektrilised-toukerattad-elektriline-toukeratas-elektrilised-toukerattad-elektritoukerattad-spidokas-300x201.png\" alt=\"NIU KQi3 SPORT elektrit\u00f5ukeratas elektrilised t\u00f5ukerattad elektriline t\u00f5ukeratas elektrilised t\u00f5ukerattad elektrit\u00f5ukerattad ekraan\/display\" width=\"472\" height=\"316\" srcset=\"https:\/\/www.xn--tuksimaailm-ffb.ee\/wp-content\/uploads\/2023\/01\/NIU-KQi3-SPORT-elektritoukeratas-elektrilised-toukerattad-elektriline-toukeratas-elektrilised-toukerattad-elektritoukerattad-spidokas-300x201.png 300w, https:\/\/www.xn--tuksimaailm-ffb.ee\/wp-content\/uploads\/2023\/01\/NIU-KQi3-SPORT-elektritoukeratas-elektrilised-toukerattad-elektriline-toukeratas-elektrilised-toukerattad-elektritoukerattad-spidokas-447x300.png 447w, https:\/\/www.xn--tuksimaailm-ffb.ee\/wp-content\/uploads\/2023\/01\/NIU-KQi3-SPORT-elektritoukeratas-elektrilised-toukerattad-elektriline-toukeratas-elektrilised-toukerattad-elektritoukerattad-spidokas-600x403.png 600w, https:\/\/www.xn--tuksimaailm-ffb.ee\/wp-content\/uploads\/2023\/01\/NIU-KQi3-SPORT-elektritoukeratas-elektrilised-toukerattad-elektriline-toukeratas-elektrilised-toukerattad-elektritoukerattad-spidokas.png 609w\" sizes=\"(max-width: 472px) 100vw, 472px\" \/><\/a><\/p>\n<h2 style=\"text-align: center;\">SAFETY<\/h2>\n<p>Electric scooters are fast and potentially dangerous vehicles, which is why we always recommend wearing a helmet. For riders under 16 years old, wearing a helmet while riding an electric scooter is legally mandatory. All electric scooters can be found here.<\/p>\n<p><strong>When purchasing your electric scooter from our store, you receive a 20% discount on all accessories with the purchase of the scooter!<\/strong><\/p>\n<p><strong>The NIU KQi3 Sport electric scooter is street legal under Estonian traffic law as a light vehicle, with a manufacturer power of 600W and a manufacturer speed of 25 km\/h. Note! If the user has independently modified the electric scooter to be faster or more powerful than the specified parameters, T\u00f5uksimaailm is not responsible for any fines incurred for violating the law, police confiscation of the electric scooter, or any damages caused by other types of violations.<\/strong><\/p>\n<table class=\"tg\" style=\"border-collapse: collapse; max-width: 600px; border-spacing: 0px; margin: 0px auto; width: 84%; height: 406px;\">\n<tbody>\n<tr style=\"height: 27px;\">\n<td style=\"background-color: #e4e1e1; color: #333333; font-family: inherit; font-size: 14px; font-weight: bold; overflow: hidden; padding: 5px; text-align: center; vertical-align: top; word-break: normal; border: 1px solid; height: 27px;\" colspan=\"2\">Technical Specification<\/td>\n<\/tr>\n<tr style=\"height: 27px;\">\n<td style=\"background-color: #e4e1e1; color: #333333; font-family: inherit; font-size: 14px; font-weight: bold; overflow: hidden; padding: 5px; text-align: right; vertical-align: top; word-break: normal; border: 1px solid; height: 27px;\">Model<\/td>\n<td style=\"font-family: inherit; font-size: 14px; overflow: hidden; padding: 5px; text-align: center; vertical-align: top; word-break: normal; border: 1px solid; height: 27px;\">NIU KQi3 Sport<\/td>\n<\/tr>\n<tr style=\"height: 27px;\">\n<td style=\"background-color: #e4e1e1; color: #333333; font-family: inherit; font-size: 14px; font-weight: bold; overflow: hidden; padding: 5px; text-align: right; vertical-align: top; word-break: normal; border: 1px solid; height: 27px;\">Battery<\/td>\n<td style=\"font-family: inherit; font-size: 14px; overflow: hidden; padding: 5px; text-align: center; vertical-align: top; word-break: normal; border: 1px solid; height: 27px;\">48V\/7.6Ah 365Wh (7600mAh)<\/td>\n<\/tr>\n<tr style=\"height: 27px;\">\n<td style=\"background-color: #e4e1e1; color: #333333; font-family: inherit; font-size: 14px; font-weight: bold; overflow: hidden; padding: 5px; text-align: right; vertical-align: top; word-break: normal; border: 1px solid; height: 27px;\">Charging Time<\/td>\n<td style=\"font-family: inherit; font-size: 14px; overflow: hidden; padding: 5px; text-align: center; vertical-align: top; word-break: normal; border: 1px solid; height: 27px;\">up to 7h\u00a0<\/td>\n<\/tr>\n<tr style=\"height: 27px;\">\n<td style=\"background-color: #e4e1e1; color: #333333; font-family: inherit; font-size: 14px; font-weight: bold; overflow: hidden; padding: 5px; text-align: right; vertical-align: top; word-break: normal; border: 1px solid; height: 27px;\">Motor Power<\/td>\n<td style=\"font-family: inherit; font-size: 14px; overflow: hidden; padding: 5px; text-align: center; vertical-align: top; word-break: normal; border: 1px solid; height: 27px;\">600W<\/td>\n<\/tr>\n<tr style=\"height: 55px;\">\n<td style=\"background-color: #e4e1e1; color: #333333; font-family: inherit; font-size: 14px; font-weight: bold; overflow: hidden; padding: 5px; text-align: right; vertical-align: top; word-break: normal; border: 1px solid; height: 55px;\">Range (manufacturer specification) | Calculated Range<\/td>\n<td style=\"font-family: inherit; font-size: 14px; overflow: hidden; padding: 5px; text-align: center; vertical-align: top; word-break: normal; border: 1px solid; height: 55px;\">kuni 40 km | 25km (25km\/h, 70kg rider, 15Wh\/km)<\/td>\n<\/tr>\n<tr style=\"height: 27px;\">\n<td style=\"background-color: #e4e1e1; color: #333333; font-family: inherit; font-size: 14px; font-weight: bold; overflow: hidden; padding: 5px; text-align: right; vertical-align: top; word-break: normal; border: 1px solid; height: 27px;\">Front Brake<\/td>\n<td style=\"font-family: inherit; font-size: 14px; overflow: hidden; padding: 5px; text-align: center; vertical-align: top; word-break: normal; border: 1px solid; height: 27px;\">mechanincal disc brake<\/td>\n<\/tr>\n<tr style=\"height: 27px;\">\n<td style=\"background-color: #e4e1e1; color: #333333; font-family: inherit; font-size: 14px; font-weight: bold; overflow: hidden; padding: 5px; text-align: right; vertical-align: top; word-break: normal; border: 1px solid; height: 27px;\">Rear Brakes<\/td>\n<td style=\"font-family: inherit; font-size: 14px; overflow: hidden; padding: 5px; text-align: center; vertical-align: top; word-break: normal; border: 1px solid; height: 27px;\">electric brake (regenerative)<\/td>\n<\/tr>\n<tr style=\"height: 27px;\">\n<td style=\"background-color: #e4e1e1; color: #333333; font-family: inherit; font-size: 14px; font-weight: bold; overflow: hidden; padding: 5px; text-align: right; vertical-align: top; word-break: normal; border: 1px solid; height: 27px;\">Weight Limit<\/td>\n<td style=\"font-family: inherit; font-size: 14px; overflow: hidden; padding: 5px; text-align: center; vertical-align: top; word-break: normal; border: 1px solid; height: 27px;\">100kg<\/td>\n<\/tr>\n<tr style=\"height: 27px;\">\n<td style=\"background-color: #e4e1e1; color: #333333; font-family: inherit; font-size: 14px; font-weight: bold; overflow: hidden; padding: 5px; text-align: right; vertical-align: top; word-break: normal; border: 1px solid; height: 27px;\">Speed<\/td>\n<td style=\"font-family: inherit; font-size: 14px; overflow: hidden; padding: 5px; text-align: center; vertical-align: top; word-break: normal; border: 1px solid; height: 27px;\">25km\/h<\/td>\n<\/tr>\n<tr style=\"height: 27px;\">\n<td style=\"background-color: #e4e1e1; color: #333333; font-family: inherit; font-size: 14px; font-weight: bold; overflow: hidden; padding: 5px; text-align: right; vertical-align: top; word-break: normal; border: 1px solid; height: 27px;\">Weight<\/td>\n<td style=\"font-family: inherit; font-size: 14px; overflow: hidden; padding: 5px; text-align: center; vertical-align: top; word-break: normal; border: 1px solid; height: 27px;\">18.4kg<\/td>\n<\/tr>\n<tr style=\"height: 27px;\">\n<td style=\"background-color: #e4e1e1; color: #333333; font-family: inherit; font-size: 14px; font-weight: bold; overflow: hidden; padding: 5px 5px 5px 125px; vertical-align: top; word-break: normal; border: 1px solid; height: 27px; text-align: right;\">Motorized Wheel<\/td>\n<td style=\"font-family: inherit; font-size: 14px; overflow: hidden; padding: 5px; text-align: center; vertical-align: top; word-break: normal; border: 1px solid; height: 27px;\">\n<p>rear wheel<\/p>\n<\/td>\n<\/tr>\n<tr style=\"height: 27px;\">\n<td style=\"background-color: #e4e1e1; color: #333333; font-family: inherit; font-size: 14px; font-weight: bold; overflow: hidden; padding: 5px; text-align: right; vertical-align: top; word-break: normal; border: 1px solid; height: 27px;\">Tires<\/td>\n<td style=\"font-family: inherit; font-size: 14px; overflow: hidden; padding: 5px; text-align: center; vertical-align: top; word-break: normal; border: 1px solid; height: 27px;\">9.5\" tubeless<\/td>\n<\/tr>\n<tr style=\"height: 27px;\">\n<td style=\"background-color: #e4e1e1; color: #333333; font-family: inherit; font-size: 14px; font-weight: bold; overflow: hidden; padding: 5px; text-align: right; vertical-align: top; word-break: normal; border: 1px solid; height: 27px;\">Maximum Incline<\/td>\n<td style=\"font-family: inherit; font-size: 14px; overflow: hidden; padding: 5px; text-align: center; vertical-align: top; word-break: normal; border: 1px solid; height: 27px;\">up to 10 degrees<\/td>\n<\/tr>\n<\/tbody>\n<\/table>\n","protected":false},"excerpt":{"rendered":"<p><strong><em>Found a better price? Write to us and we'll make a better offer!<\/em><\/strong><\/p>\n<p><strong><em>When purchasing an electric scooter, all accessories and spare parts are 20% off. The discount applies automatically when added to the shopping cart!<\/em><\/strong><\/p>\n<p><strong><em>Delivery time: 1-5 business days<\/em><\/strong><\/p>\n<p><em><strong>\u00a0<\/strong><\/em><\/p>\n","protected":false},"featured_media":27888,"template":"","meta":[],"product_brand":[],"product_cat":[722],"product_tag":[],"filter_elektritoukeratas":[],"class_list":{"0":"post-45262","1":"product","2":"type-product","3":"status-publish","4":"has-post-thumbnail","6":"product_cat-electric-scooters","7":"product_shipping_class-keskmine-pakk-en","8":"pa_aku-mahutavus-wh-365-en","9":"pa_kaal-kg-18-en","10":"pa_kandevoime-kg-100-en","11":"pa_labisoit-arvutuslik-km-25-en","12":"pa_mootorite-arv-uhe-mootoriga-en","13":"pa_muuja-platvormil-touksimaailm-exocool-ou-en","14":"pa_piiramata-tippkiirus-kmh-25-en","15":"pa_size-hall-en","16":"pa_size-punane-en","17":"pa_size-sinine-en","18":"pa_size-valge-en","19":"pa_tootetuup-elektritoukeratas-en","20":"pa_valmistaja-niu-en","21":"pa_voimsus-w-600-en","23":"first","24":"instock","25":"taxable","26":"shipping-taxable","27":"purchasable","28":"product-type-variable"},"yoast_head":"<!-- This site is optimized with the Yoast SEO Premium plugin v26.8 (Yoast SEO v27.5) - https:\/\/yoast.com\/product\/yoast-seo-premium-wordpress\/ -->\n<title>NIU KQi3 Sport electric scooter | T\u00f5uksimaailm | Kvaliteetne<\/title>\n<meta name=\"description\" content=\"NIU KQi3 Sport - elektrit\u00f5ukeratas tagamaks \u00f6konoomne ja kiire liikumine. Toeka ja v\u00f5imeka mootoriga elektriline t\u00f5ukeratas. NIU uued elektrit\u00f5ukerattad.\" \/>\n<meta name=\"robots\" content=\"index, follow, max-snippet:-1, max-image-preview:large, max-video-preview:-1\" \/>\n<link rel=\"canonical\" href=\"https:\/\/www.xn--tuksimaailm-ffb.ee\/en\/product\/niu-kqi3-sport-electric-scooter\/\" \/>\n<meta property=\"og:locale\" content=\"en_US\" \/>\n<meta property=\"og:type\" content=\"article\" \/>\n<meta property=\"og:title\" content=\"NIU KQi3 Sport electric scooter\" \/>\n<meta property=\"og:description\" content=\"NIU KQi3 Sport - elektrit\u00f5ukeratas tagamaks \u00f6konoomne ja kiire liikumine. Toeka ja v\u00f5imeka mootoriga elektriline t\u00f5ukeratas. NIU uued elektrit\u00f5ukerattad.\" \/>\n<meta property=\"og:url\" content=\"https:\/\/www.xn--tuksimaailm-ffb.ee\/en\/product\/niu-kqi3-sport-electric-scooter\/\" \/>\n<meta property=\"og:site_name\" content=\"T\u00f5uksimaailm\" \/>\n<meta property=\"article:publisher\" content=\"https:\/\/www.facebook.com\/touksimaailm\/\" \/>\n<meta property=\"og:image\" content=\"https:\/\/www.xn--tuksimaailm-ffb.ee\/wp-content\/uploads\/2023\/01\/NIU-KQi3-SPORT-elektritoukeratas-elektrilised-toukerattad-elektriline-toukeratas-elektrilised-toukerattad-elektritoukerattad-4-hallmust.webp\" \/>\n\t<meta property=\"og:image:width\" content=\"1024\" \/>\n\t<meta property=\"og:image:height\" content=\"1024\" \/>\n\t<meta property=\"og:image:type\" content=\"image\/webp\" \/>\n<meta name=\"twitter:card\" content=\"summary_large_image\" \/>\n<meta name=\"twitter:label1\" content=\"Availability\" \/>\n\t<meta name=\"twitter:data1\" content=\"In stock\" \/>\n<meta property=\"og:availability\" content=\"instock\" \/>\n<meta property=\"product:availability\" content=\"instock\" \/>\n<meta property=\"product:retailer_item_id\" content=\"NIU-KQI3-SPORT\" \/>\n<meta property=\"product:condition\" content=\"new\" \/>\n<!-- \/ Yoast SEO Premium plugin. -->","yoast_head_json":{"title":"NIU KQi3 Sport electric scooter | T\u00f5uksimaailm | Kvaliteetne","description":"NIU KQi3 Sport - elektrit\u00f5ukeratas tagamaks \u00f6konoomne ja kiire liikumine. Toeka ja v\u00f5imeka mootoriga elektriline t\u00f5ukeratas. NIU uued elektrit\u00f5ukerattad.","robots":{"index":"index","follow":"follow","max-snippet":"max-snippet:-1","max-image-preview":"max-image-preview:large","max-video-preview":"max-video-preview:-1"},"canonical":"https:\/\/www.xn--tuksimaailm-ffb.ee\/en\/product\/niu-kqi3-sport-electric-scooter\/","og_locale":"en_US","og_type":"article","og_title":"NIU KQi3 Sport electric scooter","og_description":"NIU KQi3 Sport - elektrit\u00f5ukeratas tagamaks \u00f6konoomne ja kiire liikumine. Toeka ja v\u00f5imeka mootoriga elektriline t\u00f5ukeratas. NIU uued elektrit\u00f5ukerattad.","og_url":"https:\/\/www.xn--tuksimaailm-ffb.ee\/en\/product\/niu-kqi3-sport-electric-scooter\/","og_site_name":"T\u00f5uksimaailm","article_publisher":"https:\/\/www.facebook.com\/touksimaailm\/","og_image":[{"width":1024,"height":1024,"url":"https:\/\/www.xn--tuksimaailm-ffb.ee\/wp-content\/uploads\/2023\/01\/NIU-KQi3-SPORT-elektritoukeratas-elektrilised-toukerattad-elektriline-toukeratas-elektrilised-toukerattad-elektritoukerattad-4-hallmust.webp","type":"image\/webp"}],"twitter_card":"summary_large_image","twitter_misc":{"Availability":"In stock"},"schema":{"@context":"https:\/\/schema.org","@graph":[{"@type":"WebPage","@id":"https:\/\/www.xn--tuksimaailm-ffb.ee\/en\/product\/niu-kqi3-sport-electric-scooter\/","url":"https:\/\/www.xn--tuksimaailm-ffb.ee\/en\/product\/niu-kqi3-sport-electric-scooter\/","name":"NIU KQi3 Sport electric scooter | T\u00f5uksimaailm | Kvaliteetne","isPartOf":{"@id":"https:\/\/www.xn--tuksimaailm-ffb.ee\/en\/#website"},"primaryImageOfPage":{"@id":"https:\/\/www.xn--tuksimaailm-ffb.ee\/en\/product\/niu-kqi3-sport-electric-scooter\/#primaryimage"},"image":{"@id":"https:\/\/www.xn--tuksimaailm-ffb.ee\/en\/product\/niu-kqi3-sport-electric-scooter\/#primaryimage"},"thumbnailUrl":"https:\/\/www.xn--tuksimaailm-ffb.ee\/wp-content\/uploads\/2023\/01\/NIU-KQi3-SPORT-elektritoukeratas-elektrilised-toukerattad-elektriline-toukeratas-elektrilised-toukerattad-elektritoukerattad-4-hallmust.webp","datePublished":"2023-01-12T14:44:00+00:00","description":"NIU KQi3 Sport - elektrit\u00f5ukeratas tagamaks \u00f6konoomne ja kiire liikumine. Toeka ja v\u00f5imeka mootoriga elektriline t\u00f5ukeratas. NIU uued elektrit\u00f5ukerattad.","breadcrumb":{"@id":"https:\/\/www.xn--tuksimaailm-ffb.ee\/en\/product\/niu-kqi3-sport-electric-scooter\/#breadcrumb"},"inLanguage":"en-US","potentialAction":[{"@type":"ReadAction","target":["https:\/\/www.xn--tuksimaailm-ffb.ee\/en\/product\/niu-kqi3-sport-electric-scooter\/"]}]},{"@type":"ImageObject","inLanguage":"en-US","@id":"https:\/\/www.xn--tuksimaailm-ffb.ee\/en\/product\/niu-kqi3-sport-electric-scooter\/#primaryimage","url":"https:\/\/www.xn--tuksimaailm-ffb.ee\/wp-content\/uploads\/2023\/01\/NIU-KQi3-SPORT-elektritoukeratas-elektrilised-toukerattad-elektriline-toukeratas-elektrilised-toukerattad-elektritoukerattad-4-hallmust.webp","contentUrl":"https:\/\/www.xn--tuksimaailm-ffb.ee\/wp-content\/uploads\/2023\/01\/NIU-KQi3-SPORT-elektritoukeratas-elektrilised-toukerattad-elektriline-toukeratas-elektrilised-toukerattad-elektritoukerattad-4-hallmust.webp","width":1024,"height":1024,"caption":"NIU KQi3 SPORT elektrit\u00f5ukeratas elektrilised t\u00f5ukerattad elektriline t\u00f5ukeratas elektrilised t\u00f5ukerattad elektrit\u00f5ukerattad 4 hall\/must"},{"@type":"BreadcrumbList","@id":"https:\/\/www.xn--tuksimaailm-ffb.ee\/en\/product\/niu-kqi3-sport-electric-scooter\/#breadcrumb","itemListElement":[{"@type":"ListItem","position":1,"name":"Home","item":"https:\/\/www.xn--tuksimaailm-ffb.ee\/en\/main-page\/"},{"@type":"ListItem","position":2,"name":"Shop","item":"https:\/\/www.xn--tuksimaailm-ffb.ee\/elektritoukerataste-pood\/"},{"@type":"ListItem","position":3,"name":"NIU KQi3 Sport electric scooter"}]},{"@type":"WebSite","@id":"https:\/\/www.xn--tuksimaailm-ffb.ee\/en\/#website","url":"https:\/\/www.xn--tuksimaailm-ffb.ee\/en\/","name":"T\u00f5uksimaailm","description":"Elektrit\u00f5ukerataste m\u00fc\u00fck, remont ja rent","publisher":{"@id":"https:\/\/www.xn--tuksimaailm-ffb.ee\/en\/#organization"},"potentialAction":[{"@type":"SearchAction","target":{"@type":"EntryPoint","urlTemplate":"https:\/\/www.xn--tuksimaailm-ffb.ee\/en\/?s={search_term_string}"},"query-input":{"@type":"PropertyValueSpecification","valueRequired":true,"valueName":"search_term_string"}}],"inLanguage":"en-US"},{"@type":"Organization","@id":"https:\/\/www.xn--tuksimaailm-ffb.ee\/en\/#organization","name":"T\u00f5uksimaailm","url":"https:\/\/www.xn--tuksimaailm-ffb.ee\/en\/","logo":{"@type":"ImageObject","inLanguage":"en-US","@id":"https:\/\/www.xn--tuksimaailm-ffb.ee\/en\/#\/schema\/logo\/image\/","url":"https:\/\/www.xn--tuksimaailm-ffb.ee\/wp-content\/uploads\/2020\/01\/logoz-e1579792875517.png","contentUrl":"https:\/\/www.xn--tuksimaailm-ffb.ee\/wp-content\/uploads\/2020\/01\/logoz-e1579792875517.png","width":250,"height":250,"caption":"T\u00f5uksimaailm"},"image":{"@id":"https:\/\/www.xn--tuksimaailm-ffb.ee\/en\/#\/schema\/logo\/image\/"},"sameAs":["https:\/\/www.facebook.com\/touksimaailm\/","https:\/\/www.instagram.com\/touksimaailm_\/","https:\/\/www.youtube.com\/channel\/UC18ml0EKIDLP1xGuQjFzcXQ"]}]},"og_availability":"instock","product_availability":"instock","product_retailer_item_id":"NIU-KQI3-SPORT","product_condition":"new"},"jetpack_sharing_enabled":true,"_links":{"self":[{"href":"https:\/\/www.xn--tuksimaailm-ffb.ee\/en\/wp-json\/wp\/v2\/product\/45262","targetHints":{"allow":["GET"]}}],"collection":[{"href":"https:\/\/www.xn--tuksimaailm-ffb.ee\/en\/wp-json\/wp\/v2\/product"}],"about":[{"href":"https:\/\/www.xn--tuksimaailm-ffb.ee\/en\/wp-json\/wp\/v2\/types\/product"}],"wp:featuredmedia":[{"embeddable":true,"href":"https:\/\/www.xn--tuksimaailm-ffb.ee\/en\/wp-json\/wp\/v2\/media\/27888"}],"wp:attachment":[{"href":"https:\/\/www.xn--tuksimaailm-ffb.ee\/en\/wp-json\/wp\/v2\/media?parent=45262"}],"wp:term":[{"taxonomy":"product_brand","embeddable":true,"href":"https:\/\/www.xn--tuksimaailm-ffb.ee\/en\/wp-json\/wp\/v2\/product_brand?post=45262"},{"taxonomy":"product_cat","embeddable":true,"href":"https:\/\/www.xn--tuksimaailm-ffb.ee\/en\/wp-json\/wp\/v2\/product_cat?post=45262"},{"taxonomy":"product_tag","embeddable":true,"href":"https:\/\/www.xn--tuksimaailm-ffb.ee\/en\/wp-json\/wp\/v2\/product_tag?post=45262"},{"taxonomy":"filter_elektritoukeratas","embeddable":true,"href":"https:\/\/www.xn--tuksimaailm-ffb.ee\/en\/wp-json\/wp\/v2\/filter_elektritoukeratas?post=45262"}],"curies":[{"name":"wp","href":"https:\/\/api.w.org\/{rel}","templated":true}]}}