{"id":49246,"date":"2024-10-30T15:46:22","date_gmt":"2024-10-30T12:46:22","guid":{"rendered":"http:\/\/www.xn--tuksimaailm-ffb.ee\/?post_type=product&#038;p=49246"},"modified":"2025-02-06T13:03:27","modified_gmt":"2025-02-06T10:03:27","slug":"kugoo-kukirin-g4-max-electric-scooter","status":"publish","type":"product","link":"https:\/\/www.xn--tuksimaailm-ffb.ee\/en\/product\/kugoo-kukirin-g4-max-electric-scooter\/","title":{"rendered":"DrveTion G63 Elektrit\u00f5ukeratas Maastikus\u00f5iduk"},"content":{"rendered":"<h2 style=\"text-align: center;\">DRVETION G63 ELEKTRIT\u00d5UKERATAS MAASTIKUS\u00d5IDUK - TOOTEKIRJELDUS<\/h2>\n<p>DrveTion G63 elektriline t\u00f5ukeratas maastikus\u00f5iduk on uuenduslik mitmeotstarbeline s\u00f5iduk, mis on loodud s\u00f5idunaudingu pakkumiseks nii lumel, pinnasel kui ka maastikul. DrevTion talve elektrilised t\u00f5ukerattad on varustatud v\u00f5imsa <strong>1500W<\/strong> harjadeta mootoriga, mille v\u00f5imsus v\u00f5ib tipphetkel ulatuda <strong>kuni 3000W-ni,<\/strong> pakkudes nii palju j\u00f5udu kui ka v\u00e4\u00e4ndemomenti, mis teeb selle sobivaks nii talvisel maastikul kui ka keeruliseks maastikus\u00f5iduks. DrveTion roomikuga elektrit\u00f5ukerattad suudavad arendada kiiruseid kuni<strong> 25\u201355 km\/h<\/strong>, s\u00f5ltuvalt s\u00f5idu- ja maastikure\u017eiimist ning <strong>48V\/20.8Ah aku<\/strong> tagab lumel s\u00f5ites kuni <strong>35km s\u00f5iduulatuse \u00fche laadimisega ning kuni 60 km maastikure\u017eiimis<\/strong> (olenevalt tingimustest). DrveTion G63 ainulaadne modulaarne disain v\u00f5imaldab kiiret \u00fcleminekut tavare\u017eiimist lumere\u017eiimile. Esiratas asendatakse suusaga ja tagaratas kummist roomikuga, mis suurendab stabiilsust ja pidamist libedatel, j\u00e4istel ning lumistel pindadel. DrveTion elektrit\u00f5ukerattad on valmistatud s\u00fcsinikterasest ning tugevast alumiiniumisulamist, tagades vastupidavuse ning kaaludes k\u00f5igest <strong>49kg.<\/strong><\/p>\n<p>DrveTion G63 elektriline t\u00f5ukeratas on varustatud <strong>kahe h\u00fcdraulilise ketaspiduriga<\/strong>, <strong>elektroonilise piduris\u00fcsteemi<\/strong> ja v\u00f5imsate <strong>LED-tuledega<\/strong>, mis tagab hea n\u00e4htavuse ka pimedal ajal. Lisaks on elektrilised t\u00f5ukerattad varustatud <strong>Bluetooth<\/strong> Tuya rakendusega, mis v\u00f5imaldab juhtida, lukustada ja j\u00e4lgida s\u00f5idustatistikat, aku laetust ja seadeid otse nutitelefonist. Samuti on rakenduse kaudu v\u00f5imalik seadistada kiirusere\u017eiime ning kiirusepiirajat. K\u00e4epidemed on ergonoomilise disainiga ning paigaldatud on ka <strong>ees ja taga kvaliteetsed amordid<\/strong>, mis pakuvad suurep\u00e4rast s\u00f5idumugavust igal maastikul. Sisseehitatud <strong>digitaalne ekraan<\/strong> n\u00e4itab selgelt kiirust ja aku taset. T\u00f5ukeratta kokkupandav raam muudab selle h\u00f5lpsasti hoiustatavaks ja transporditavaks ning <strong>kolmekordne kokkupaneku lukustuss\u00fcsteem<\/strong> suurendab stabiilsust nii transpordi ajal kui ka keerulisel maastikul. DrveTion G63 elektriline lume elektrit\u00f5ukeratas \/ lumet\u00f5uks pakub ahvatlevat kombinatsiooni mugavusest, j\u00f5udlusest ja aastaringsest kasutamisv\u00f5imalusest, olles mitmek\u00fclgne valik nii talviste tingimuste kui ka ekstreemsete maastike jaoks.<\/p>\n<p><iframe title=\"Ridingtimes Electric Scooter\" width=\"1082\" height=\"609\" src=\"https:\/\/www.youtube.com\/embed\/2Wu4A2_rGF4?feature=oembed\" frameborder=\"0\" allow=\"accelerometer; autoplay; clipboard-write; encrypted-media; gyroscope; picture-in-picture; web-share\" referrerpolicy=\"strict-origin-when-cross-origin\" allowfullscreen><\/iframe><\/p>\n<h2 style=\"text-align: center;\">OHUTUS<\/h2>\n<p><strong>Eesti seadusandluses on elektrit\u00f5ukeratas s\u00f5iduvahend, mis on varustatud kuni 1000W v\u00f5imsuse mootoriga ning mis arendab kiirust kuni 25km\/h. Sellest tulenevalt on <\/strong><strong>DrveTion G63 elektrit\u00f5ukeratta v\u00e4limusega<\/strong><strong>\u00a0maastikus\u00f5iduki kasutamine linnas v\u00f5i avalikel teedel kasutaja oma vastutusel ning T\u00f5uksimaailm\u00a0<\/strong><strong>|<\/strong><strong>\u00a0eMoto ei\u00a0<\/strong><strong style=\"box-sizing: inherit; margin: 0px; padding: 0px; border: 0px; font-variant-numeric: inherit; font-variant-east-asian: inherit; font-stretch: inherit; line-height: inherit;\">vastuta seaduse rikkumise eest saadud trahvide, politsei poolt\u00a0<\/strong><strong>elektrilise t\u00f5ukeratta v\u00e4limusega<\/strong><strong style=\"box-sizing: inherit; margin: 0px; padding: 0px; border: 0px; font-variant-numeric: inherit; font-variant-east-asian: inherit; font-stretch: inherit; line-height: inherit;\">\u00a0maastikus\u00f5iduki konfiskeerimise eest v\u00f5i muud t\u00fc\u00fcpi rikkumistega p\u00f5hjustatud kahju eest.<\/strong><\/p>\n<p><strong>Ostes oma elektrit\u00f5ukeratas meie poest on sulle koos elektrit\u00f5ukeratta ostuga k\u00f5ik <a href=\"http:\/\/www.xn--tuksimaailm-ffb.ee\/tootekategooria\/lisavarustus\/\">lisavarustus<\/a> -20%! T\u00f5uksimaailmas teeme omale poolt k\u00f5ik, et elektrit\u00f5ukerattad ning k\u00f5ik sellega kaasnev oleks taskukohane k\u00f5igile erinevate soovidega klientidele!<\/strong><\/p>\n<table class=\"tg\" style=\"border-collapse: collapse; max-width: 600px; border-spacing: 0px; margin: 0px auto; width: 84%; height: 757px;\">\n<tbody>\n<tr style=\"height: 27px;\">\n<td style=\"background-color: #e4e1e1; color: #333333; font-family: inherit; font-size: 14px; font-weight: bold; overflow: hidden; padding: 5px; text-align: center; vertical-align: top; word-break: normal; border: 1px solid; height: 27px;\" colspan=\"2\">Tehnilised andmed<\/td>\n<\/tr>\n<tr style=\"height: 27px;\">\n<td style=\"background-color: #e4e1e1; color: #333333; font-family: inherit; font-size: 14px; font-weight: bold; overflow: hidden; padding: 5px; text-align: right; vertical-align: top; word-break: normal; border: 1px solid; height: 27px;\">V\u00e4rv<\/td>\n<td style=\"font-family: inherit; font-size: 14px; overflow: hidden; padding: 5px; text-align: center; vertical-align: top; word-break: normal; border: 1px solid; height: 27px;\">Valge\/Must<\/td>\n<\/tr>\n<tr style=\"height: 55px;\">\n<td style=\"background-color: #e4e1e1; color: #333333; font-family: inherit; font-size: 14px; font-weight: bold; overflow: hidden; padding: 5px; text-align: right; vertical-align: top; word-break: normal; border: 1px solid; height: 55px;\">Distants\/s\u00f5idukaugus (tootja spetsifikatsioon) | Distants\/s\u00f5idukaugus arvutuslik<\/td>\n<td style=\"font-family: inherit; font-size: 14px; overflow: hidden; padding: 5px; text-align: center; vertical-align: top; word-break: normal; border: 1px solid; height: 55px;\">Kuni 35km lumere\u017eiimis ning kuni 60km maastikure\u017eiimis<\/td>\n<\/tr>\n<tr style=\"height: 27px;\">\n<td style=\"background-color: #e4e1e1; color: #333333; font-family: inherit; font-size: 14px; font-weight: bold; overflow: hidden; padding: 5px; text-align: right; vertical-align: top; word-break: normal; border: 1px solid; height: 27px;\">Mootori v\u00f5imsus<\/td>\n<td style=\"font-family: inherit; font-size: 14px; overflow: hidden; padding: 5px; text-align: center; vertical-align: top; word-break: normal; border: 1px solid; height: 27px;\">1500W nominaal (tippv\u00f5imsus kuni 3000W)<\/td>\n<\/tr>\n<tr style=\"height: 27px;\">\n<td style=\"background-color: #e4e1e1; color: #333333; font-family: inherit; font-size: 14px; font-weight: bold; overflow: hidden; padding: 5px; text-align: right; vertical-align: top; word-break: normal; border: 1px solid; height: 27px;\">Aku<\/td>\n<td style=\"font-family: inherit; font-size: 14px; overflow: hidden; padding: 5px; text-align: center; vertical-align: top; word-break: normal; border: 1px solid; height: 27px;\">48V\/20.8Ah<\/td>\n<\/tr>\n<tr style=\"height: 27px;\">\n<td style=\"background-color: #e4e1e1; color: #333333; font-family: inherit; font-size: 14px; font-weight: bold; overflow: hidden; padding: 5px; text-align: right; vertical-align: top; word-break: normal; border: 1px solid; height: 27px;\">Aku mahutavus<\/td>\n<td style=\"font-family: inherit; font-size: 14px; overflow: hidden; padding: 5px; text-align: center; vertical-align: top; word-break: normal; border: 1px solid; height: 27px;\">998.4Wh<\/td>\n<\/tr>\n<tr style=\"height: 27px;\">\n<td style=\"background-color: #e4e1e1; color: #333333; font-family: inherit; font-size: 14px; font-weight: bold; overflow: hidden; padding: 5px; text-align: right; vertical-align: top; word-break: normal; border: 1px solid; height: 27px;\">Akulaadija toitepinge<\/td>\n<td style=\"font-family: inherit; font-size: 14px; overflow: hidden; padding: 5px; text-align: center; vertical-align: top; word-break: normal; border: 1px solid; height: 27px;\">220-240V\/50Hz<\/td>\n<\/tr>\n<tr style=\"height: 27px;\">\n<td style=\"background-color: #e4e1e1; color: #333333; font-family: inherit; font-size: 14px; font-weight: bold; overflow: hidden; padding: 5px; text-align: right; vertical-align: top; word-break: normal; border: 1px solid; height: 27px;\">Laadimisaeg<\/td>\n<td style=\"font-family: inherit; font-size: 14px; overflow: hidden; padding: 5px; text-align: center; vertical-align: top; word-break: normal; border: 1px solid; height: 27px;\">11h<\/td>\n<\/tr>\n<tr style=\"height: 27px;\">\n<td style=\"background-color: #e4e1e1; color: #333333; font-family: inherit; font-size: 14px; font-weight: bold; overflow: hidden; padding: 5px; text-align: right; vertical-align: top; word-break: normal; border: 1px solid; height: 27px;\">Aku laadija komplektis kaasas<\/td>\n<td style=\"font-family: inherit; font-size: 14px; overflow: hidden; padding: 5px; text-align: center; vertical-align: top; word-break: normal; border: 1px solid; height: 27px;\">jah<\/td>\n<\/tr>\n<tr style=\"height: 27px;\">\n<td style=\"background-color: #e4e1e1; color: #333333; font-family: inherit; font-size: 14px; font-weight: bold; overflow: hidden; padding: 5px; text-align: right; vertical-align: top; word-break: normal; border: 1px solid; height: 27px;\">Varuaku kasutamise v\u00f5imalus<\/td>\n<td style=\"font-family: inherit; font-size: 14px; overflow: hidden; padding: 5px; text-align: center; vertical-align: top; word-break: normal; border: 1px solid; height: 27px;\">Jah<\/td>\n<\/tr>\n<tr style=\"height: 27px;\">\n<td style=\"background-color: #e4e1e1; color: #333333; font-family: inherit; font-size: 14px; font-weight: bold; overflow: hidden; padding: 5px; text-align: right; vertical-align: top; word-break: normal; border: 1px solid; height: 27px;\">Aku eemaldamise v\u00f5imalus<\/td>\n<td style=\"font-family: inherit; font-size: 14px; overflow: hidden; padding: 5px; text-align: center; vertical-align: top; word-break: normal; border: 1px solid; height: 27px;\">Jah<\/td>\n<\/tr>\n<tr style=\"height: 27px;\">\n<td style=\"background-color: #e4e1e1; color: #333333; font-family: inherit; font-size: 14px; font-weight: bold; overflow: hidden; padding: 5px; text-align: right; vertical-align: top; word-break: normal; border: 1px solid; height: 27px;\">Valmistajakiirus<\/td>\n<td style=\"font-family: inherit; font-size: 14px; overflow: hidden; padding: 5px; text-align: center; vertical-align: top; word-break: normal; border: 1px solid; height: 27px;\">25-55km\/h<\/td>\n<\/tr>\n<tr style=\"height: 27px;\">\n<td style=\"background-color: #e4e1e1; color: #333333; font-family: inherit; font-size: 14px; font-weight: bold; overflow: hidden; padding: 5px; text-align: right; vertical-align: top; word-break: normal; border: 1px solid; height: 27px;\">Kiirusastmeid<\/td>\n<td style=\"font-family: inherit; font-size: 14px; overflow: hidden; padding: 5px; text-align: center; vertical-align: top; word-break: normal; border: 1px solid; height: 27px;\">3<\/td>\n<\/tr>\n<tr style=\"height: 27px;\">\n<td style=\"background-color: #e4e1e1; color: #333333; font-family: inherit; font-size: 14px; font-weight: bold; overflow: hidden; padding: 5px; text-align: right; vertical-align: top; word-break: normal; border: 1px solid; height: 27px;\">P\u00fcsikiirusehoidja<\/td>\n<td style=\"font-family: inherit; font-size: 14px; overflow: hidden; padding: 5px; text-align: center; vertical-align: top; word-break: normal; border: 1px solid; height: 27px;\">Ei<\/td>\n<\/tr>\n<tr style=\"height: 27px;\">\n<td style=\"background-color: #e4e1e1; color: #333333; font-family: inherit; font-size: 14px; font-weight: bold; overflow: hidden; padding: 5px; text-align: right; vertical-align: top; word-break: normal; border: 1px solid; height: 27px;\">Esituled<\/td>\n<td style=\"font-family: inherit; font-size: 14px; overflow: hidden; padding: 5px; text-align: center; vertical-align: top; word-break: normal; border: 1px solid; height: 27px;\">LED<\/td>\n<\/tr>\n<tr style=\"height: 27px;\">\n<td style=\"background-color: #e4e1e1; color: #333333; font-family: inherit; font-size: 14px; font-weight: bold; overflow: hidden; padding: 5px; text-align: right; vertical-align: top; word-break: normal; border: 1px solid; height: 27px;\">Tagatuled<\/td>\n<td style=\"font-family: inherit; font-size: 14px; overflow: hidden; padding: 5px; text-align: center; vertical-align: top; word-break: normal; border: 1px solid; height: 27px;\">LED<\/td>\n<\/tr>\n<tr style=\"height: 27px;\">\n<td style=\"background-color: #e4e1e1; color: #333333; font-family: inherit; font-size: 14px; font-weight: bold; overflow: hidden; padding: 5px; text-align: right; vertical-align: top; word-break: normal; border: 1px solid; height: 27px;\">Pidurid<\/td>\n<td style=\"font-family: inherit; font-size: 14px; overflow: hidden; padding: 5px; text-align: center; vertical-align: top; word-break: normal; border: 1px solid; height: 27px;\">h\u00fcdraulilised ketaspidurid ees ja taga<\/td>\n<\/tr>\n<tr style=\"height: 27px;\">\n<td style=\"background-color: #e4e1e1; color: #333333; font-family: inherit; font-size: 14px; font-weight: bold; overflow: hidden; padding: 5px; text-align: right; vertical-align: top; word-break: normal; border: 1px solid; height: 27px;\">Rehvi suurus<\/td>\n<td style=\"font-family: inherit; font-size: 14px; overflow: hidden; padding: 5px; text-align: center; vertical-align: top; word-break: normal; border: 1px solid; height: 27px;\">11\" (maastiku-v\u00f5i teere\u017eiimis)<\/td>\n<\/tr>\n<tr style=\"height: 27px;\">\n<td style=\"background-color: #e4e1e1; color: #333333; font-family: inherit; font-size: 14px; font-weight: bold; overflow: hidden; padding: 5px; text-align: right; vertical-align: top; word-break: normal; border: 1px solid; height: 27px;\">Rehvit\u00fc\u00fcp<\/td>\n<td style=\"font-family: inherit; font-size: 14px; overflow: hidden; padding: 5px; text-align: center; vertical-align: top; word-break: normal; border: 1px solid; height: 27px;\">torkekindlad \u00f5hkrehvid<\/td>\n<\/tr>\n<tr style=\"height: 27px;\">\n<td style=\"background-color: #e4e1e1; color: #333333; font-family: inherit; font-size: 14px; font-weight: bold; overflow: hidden; padding: 5px; text-align: right; vertical-align: top; word-break: normal; border: 1px solid; height: 27px;\">Mootoriga ratas<\/td>\n<td style=\"font-family: inherit; font-size: 14px; overflow: hidden; padding: 5px; text-align: center; vertical-align: top; word-break: normal; border: 1px solid; height: 27px;\">Tagumine<\/td>\n<\/tr>\n<tr style=\"height: 27px;\">\n<td style=\"background-color: #e4e1e1; color: #333333; font-family: inherit; font-size: 14px; font-weight: bold; overflow: hidden; padding: 5px; text-align: right; vertical-align: top; word-break: normal; border: 1px solid; height: 27px;\">Suurim t\u00f5usunurk<\/td>\n<td style=\"font-family: inherit; font-size: 14px; overflow: hidden; padding: 5px; text-align: center; vertical-align: top; word-break: normal; border: 1px solid; height: 27px;\">25%<\/td>\n<\/tr>\n<tr style=\"height: 27px;\">\n<td style=\"background-color: #e4e1e1; color: #333333; font-family: inherit; font-size: 14px; font-weight: bold; overflow: hidden; padding: 5px; text-align: right; vertical-align: top; word-break: normal; border: 1px solid; height: 27px;\">Kaalupiirang<\/td>\n<td style=\"font-family: inherit; font-size: 14px; overflow: hidden; padding: 5px; text-align: center; vertical-align: top; word-break: normal; border: 1px solid; height: 27px;\">130 kg<\/td>\n<\/tr>\n<tr style=\"height: 27px;\">\n<td style=\"background-color: #e4e1e1; color: #333333; font-family: inherit; font-size: 14px; font-weight: bold; overflow: hidden; padding: 5px; text-align: right; vertical-align: top; word-break: normal; border: 1px solid; height: 27px;\">Kaal<\/td>\n<td style=\"font-family: inherit; font-size: 14px; overflow: hidden; padding: 5px; text-align: center; vertical-align: top; word-break: normal; border: 1px solid; height: 27px;\">49kg<\/td>\n<\/tr>\n<\/tbody>\n<\/table>\n","protected":false},"excerpt":{"rendered":"<p><strong>Leidsid soodsama hinna? T\u00e4ida vorm <a class=\"popmake-44697\" href=\"http:\/\/www.xn--tuksimaailm-ffb.ee\/kontakt\/\">(KLIKI SIIA) <\/a>ning teeme parema pakkumise!<\/strong><\/p>\n<p><strong>Elektrit\u00f5ukerattaga koos ostes on k\u00f5ik\u00a0<a href=\"http:\/\/www.xn--tuksimaailm-ffb.ee\/tootekategooria\/lisavarustus\/\">lisavarustus<\/a>\u00a0ja\u00a0<a href=\"http:\/\/www.xn--tuksimaailm-ffb.ee\/tootekategooria\/elektritoukeratta-varuosad\/\">varuosad<\/a> -20%. Soodustus kehtib ostukorvi lisamisel automaatselt!<\/strong><\/p>\n<p><em><strong>Tarneaeg: 0-3tp<\/p>\n<p><\/strong><\/em><\/p>\n","protected":false},"featured_media":49251,"template":"","meta":[],"product_brand":[],"product_cat":[722],"product_tag":[735],"filter_elektritoukeratas":[],"class_list":{"0":"post-49246","1":"product","2":"type-product","3":"status-publish","4":"has-post-thumbnail","6":"product_cat-electric-scooters","7":"product_tag-esilehe-tooted-en","8":"product_shipping_class-keskmine-pakk-en","9":"pa_aku-mahutavus-wh-998-4-en","10":"pa_kaal-kg-49-en","11":"pa_kandevoime-kg-130-en","12":"pa_labisoit-arvutuslik-km-35-en","13":"pa_labisoit-arvutuslik-km-60-en","14":"pa_mootorite-arv-uhe-mootoriga-en","15":"pa_muuja-platvormil-dualmotor-ou-en","16":"pa_piiramata-tippkiirus-kmh-25-en","17":"pa_piiramata-tippkiirus-kmh-55-en","18":"pa_size-drvetion-g63-ilma-lisa-ratasteta-en","19":"pa_size-drvetion-g63-koos-lisa-ratastega-en","20":"pa_tootetuup-elektritoukeratas-en","21":"pa_tootetuup-maastikusoiduk-en","22":"pa_valmistaja-drvetion-en","23":"pa_voimsus-w-3000-en","25":"first","26":"outofstock","27":"sale","28":"taxable","29":"shipping-taxable","30":"purchasable","31":"product-type-variable"},"yoast_head":"<!-- This site is optimized with the Yoast SEO Premium plugin v26.8 (Yoast SEO v27.5) - https:\/\/yoast.com\/product\/yoast-seo-premium-wordpress\/ -->\n<title>DrveTion G63 Elektrit\u00f5ukeratas Maastikus\u00f5iduk | T\u00f5uksimaailm<\/title>\n<meta name=\"description\" content=\"DrveTion G63 maastikus\u00f5iduk on uuenduslik maastikus\u00f5iduk, elektrilised t\u00f5ukerattad on loodud pakkuma s\u00f5idunaudingut nii lumel, vihmas kui ka maastikul\" \/>\n<meta name=\"robots\" content=\"index, follow, max-snippet:-1, max-image-preview:large, max-video-preview:-1\" \/>\n<link rel=\"canonical\" href=\"https:\/\/www.xn--tuksimaailm-ffb.ee\/en\/product\/kugoo-kukirin-g4-max-electric-scooter\/\" \/>\n<meta property=\"og:locale\" content=\"en_US\" \/>\n<meta property=\"og:type\" content=\"article\" \/>\n<meta property=\"og:title\" content=\"DrveTion G63 Elektrit\u00f5ukeratas Maastikus\u00f5iduk\" \/>\n<meta property=\"og:description\" content=\"DrveTion G63 maastikus\u00f5iduk on uuenduslik maastikus\u00f5iduk, elektrilised t\u00f5ukerattad on loodud pakkuma s\u00f5idunaudingut nii lumel, vihmas kui ka maastikul\" \/>\n<meta property=\"og:url\" content=\"https:\/\/www.xn--tuksimaailm-ffb.ee\/en\/product\/kugoo-kukirin-g4-max-electric-scooter\/\" \/>\n<meta property=\"og:site_name\" content=\"T\u00f5uksimaailm\" \/>\n<meta property=\"article:publisher\" content=\"https:\/\/www.facebook.com\/touksimaailm\/\" \/>\n<meta property=\"article:modified_time\" content=\"2025-02-06T10:03:27+00:00\" \/>\n<meta property=\"og:image\" content=\"https:\/\/www.xn--tuksimaailm-ffb.ee\/wp-content\/uploads\/2024\/10\/Drvetion-G63-1-jpg.webp\" \/>\n\t<meta property=\"og:image:width\" content=\"1013\" \/>\n\t<meta property=\"og:image:height\" content=\"790\" \/>\n\t<meta property=\"og:image:type\" content=\"image\/jpeg\" \/>\n<meta name=\"twitter:card\" content=\"summary_large_image\" \/>\n<meta name=\"twitter:label1\" content=\"Availability\" \/>\n\t<meta name=\"twitter:data1\" content=\"Out of stock\" \/>\n<meta property=\"og:availability\" content=\"out of stock\" \/>\n<meta property=\"product:availability\" content=\"out of stock\" \/>\n<meta property=\"product:retailer_item_id\" content=\"Drvetion-G63\" \/>\n<meta property=\"product:condition\" content=\"new\" \/>\n<!-- \/ Yoast SEO Premium plugin. -->","yoast_head_json":{"title":"DrveTion G63 Elektrit\u00f5ukeratas Maastikus\u00f5iduk | T\u00f5uksimaailm","description":"DrveTion G63 maastikus\u00f5iduk on uuenduslik maastikus\u00f5iduk, elektrilised t\u00f5ukerattad on loodud pakkuma s\u00f5idunaudingut nii lumel, vihmas kui ka maastikul","robots":{"index":"index","follow":"follow","max-snippet":"max-snippet:-1","max-image-preview":"max-image-preview:large","max-video-preview":"max-video-preview:-1"},"canonical":"https:\/\/www.xn--tuksimaailm-ffb.ee\/en\/product\/kugoo-kukirin-g4-max-electric-scooter\/","og_locale":"en_US","og_type":"article","og_title":"DrveTion G63 Elektrit\u00f5ukeratas Maastikus\u00f5iduk","og_description":"DrveTion G63 maastikus\u00f5iduk on uuenduslik maastikus\u00f5iduk, elektrilised t\u00f5ukerattad on loodud pakkuma s\u00f5idunaudingut nii lumel, vihmas kui ka maastikul","og_url":"https:\/\/www.xn--tuksimaailm-ffb.ee\/en\/product\/kugoo-kukirin-g4-max-electric-scooter\/","og_site_name":"T\u00f5uksimaailm","article_publisher":"https:\/\/www.facebook.com\/touksimaailm\/","article_modified_time":"2025-02-06T10:03:27+00:00","og_image":[{"width":1013,"height":790,"url":"https:\/\/www.xn--tuksimaailm-ffb.ee\/wp-content\/uploads\/2024\/10\/Drvetion-G63-1-jpg.webp","type":"image\/jpeg"}],"twitter_card":"summary_large_image","twitter_misc":{"Availability":"Out of stock"},"schema":{"@context":"https:\/\/schema.org","@graph":[{"@type":"WebPage","@id":"https:\/\/www.xn--tuksimaailm-ffb.ee\/en\/product\/kugoo-kukirin-g4-max-electric-scooter\/","url":"https:\/\/www.xn--tuksimaailm-ffb.ee\/en\/product\/kugoo-kukirin-g4-max-electric-scooter\/","name":"DrveTion G63 Elektrit\u00f5ukeratas Maastikus\u00f5iduk | T\u00f5uksimaailm","isPartOf":{"@id":"https:\/\/www.xn--tuksimaailm-ffb.ee\/en\/#website"},"primaryImageOfPage":{"@id":"https:\/\/www.xn--tuksimaailm-ffb.ee\/en\/product\/kugoo-kukirin-g4-max-electric-scooter\/#primaryimage"},"image":{"@id":"https:\/\/www.xn--tuksimaailm-ffb.ee\/en\/product\/kugoo-kukirin-g4-max-electric-scooter\/#primaryimage"},"thumbnailUrl":"https:\/\/www.xn--tuksimaailm-ffb.ee\/wp-content\/uploads\/2024\/10\/Drvetion-G63-1-jpg.webp","datePublished":"2024-10-30T12:46:22+00:00","dateModified":"2025-02-06T10:03:27+00:00","description":"DrveTion G63 maastikus\u00f5iduk on uuenduslik maastikus\u00f5iduk, elektrilised t\u00f5ukerattad on loodud pakkuma s\u00f5idunaudingut nii lumel, vihmas kui ka maastikul","breadcrumb":{"@id":"https:\/\/www.xn--tuksimaailm-ffb.ee\/en\/product\/kugoo-kukirin-g4-max-electric-scooter\/#breadcrumb"},"inLanguage":"en-US","potentialAction":[{"@type":"ReadAction","target":["https:\/\/www.xn--tuksimaailm-ffb.ee\/en\/product\/kugoo-kukirin-g4-max-electric-scooter\/"]}]},{"@type":"ImageObject","inLanguage":"en-US","@id":"https:\/\/www.xn--tuksimaailm-ffb.ee\/en\/product\/kugoo-kukirin-g4-max-electric-scooter\/#primaryimage","url":"https:\/\/www.xn--tuksimaailm-ffb.ee\/wp-content\/uploads\/2024\/10\/Drvetion-G63-1-jpg.webp","contentUrl":"https:\/\/www.xn--tuksimaailm-ffb.ee\/wp-content\/uploads\/2024\/10\/Drvetion-G63-1-jpg.webp","width":1013,"height":790,"caption":"Uuenduslik Drvetion G63 elektrit\u00f5ukeratas maastikus\u00f5iduk, Elektriline lumet\u00f5ukeratas 1"},{"@type":"BreadcrumbList","@id":"https:\/\/www.xn--tuksimaailm-ffb.ee\/en\/product\/kugoo-kukirin-g4-max-electric-scooter\/#breadcrumb","itemListElement":[{"@type":"ListItem","position":1,"name":"Home","item":"https:\/\/www.xn--tuksimaailm-ffb.ee\/en\/main-page\/"},{"@type":"ListItem","position":2,"name":"Shop","item":"https:\/\/www.xn--tuksimaailm-ffb.ee\/elektritoukerataste-pood\/"},{"@type":"ListItem","position":3,"name":"DrveTion G63 Elektrit\u00f5ukeratas Maastikus\u00f5iduk"}]},{"@type":"WebSite","@id":"https:\/\/www.xn--tuksimaailm-ffb.ee\/en\/#website","url":"https:\/\/www.xn--tuksimaailm-ffb.ee\/en\/","name":"T\u00f5uksimaailm","description":"Elektrit\u00f5ukerataste m\u00fc\u00fck, remont ja rent","publisher":{"@id":"https:\/\/www.xn--tuksimaailm-ffb.ee\/en\/#organization"},"potentialAction":[{"@type":"SearchAction","target":{"@type":"EntryPoint","urlTemplate":"https:\/\/www.xn--tuksimaailm-ffb.ee\/en\/?s={search_term_string}"},"query-input":{"@type":"PropertyValueSpecification","valueRequired":true,"valueName":"search_term_string"}}],"inLanguage":"en-US"},{"@type":"Organization","@id":"https:\/\/www.xn--tuksimaailm-ffb.ee\/en\/#organization","name":"T\u00f5uksimaailm","url":"https:\/\/www.xn--tuksimaailm-ffb.ee\/en\/","logo":{"@type":"ImageObject","inLanguage":"en-US","@id":"https:\/\/www.xn--tuksimaailm-ffb.ee\/en\/#\/schema\/logo\/image\/","url":"https:\/\/www.xn--tuksimaailm-ffb.ee\/wp-content\/uploads\/2020\/01\/logoz-e1579792875517.png","contentUrl":"https:\/\/www.xn--tuksimaailm-ffb.ee\/wp-content\/uploads\/2020\/01\/logoz-e1579792875517.png","width":250,"height":250,"caption":"T\u00f5uksimaailm"},"image":{"@id":"https:\/\/www.xn--tuksimaailm-ffb.ee\/en\/#\/schema\/logo\/image\/"},"sameAs":["https:\/\/www.facebook.com\/touksimaailm\/","https:\/\/www.instagram.com\/touksimaailm_\/","https:\/\/www.youtube.com\/channel\/UC18ml0EKIDLP1xGuQjFzcXQ"]}]},"og_availability":"out of stock","product_availability":"out of stock","product_retailer_item_id":"Drvetion-G63","product_condition":"new"},"jetpack_sharing_enabled":true,"_links":{"self":[{"href":"https:\/\/www.xn--tuksimaailm-ffb.ee\/en\/wp-json\/wp\/v2\/product\/49246","targetHints":{"allow":["GET"]}}],"collection":[{"href":"https:\/\/www.xn--tuksimaailm-ffb.ee\/en\/wp-json\/wp\/v2\/product"}],"about":[{"href":"https:\/\/www.xn--tuksimaailm-ffb.ee\/en\/wp-json\/wp\/v2\/types\/product"}],"wp:featuredmedia":[{"embeddable":true,"href":"https:\/\/www.xn--tuksimaailm-ffb.ee\/en\/wp-json\/wp\/v2\/media\/49251"}],"wp:attachment":[{"href":"https:\/\/www.xn--tuksimaailm-ffb.ee\/en\/wp-json\/wp\/v2\/media?parent=49246"}],"wp:term":[{"taxonomy":"product_brand","embeddable":true,"href":"https:\/\/www.xn--tuksimaailm-ffb.ee\/en\/wp-json\/wp\/v2\/product_brand?post=49246"},{"taxonomy":"product_cat","embeddable":true,"href":"https:\/\/www.xn--tuksimaailm-ffb.ee\/en\/wp-json\/wp\/v2\/product_cat?post=49246"},{"taxonomy":"product_tag","embeddable":true,"href":"https:\/\/www.xn--tuksimaailm-ffb.ee\/en\/wp-json\/wp\/v2\/product_tag?post=49246"},{"taxonomy":"filter_elektritoukeratas","embeddable":true,"href":"https:\/\/www.xn--tuksimaailm-ffb.ee\/en\/wp-json\/wp\/v2\/filter_elektritoukeratas?post=49246"}],"curies":[{"name":"wp","href":"https:\/\/api.w.org\/{rel}","templated":true}]}}