{"id":51692,"date":"2020-04-12T17:10:53","date_gmt":"2020-04-12T15:10:53","guid":{"rendered":"http:\/\/www.xn--tuksimaailm-ffb.ee\/shop\/electricscooter-outer-tyre-cst-8-1-2x2\/"},"modified":"2020-04-12T17:10:53","modified_gmt":"2020-04-12T14:10:53","slug":"electricscooter-outer-tyre-cst-8-1-2x2","status":"publish","type":"product","link":"https:\/\/www.xn--tuksimaailm-ffb.ee\/en\/product\/electricscooter-outer-tyre-cst-8-1-2x2\/","title":{"rendered":"Electricscooter outer tyre CST 8 1\/2x2\""},"content":{"rendered":"<p>High quality CST NHS 2PR C-9287 <strong>8.5\u00d72\u2033<\/strong> electric pushbike hub. Suitable for installation <strong>in place of the<\/strong> <strong>8 1\/2\u00d72<\/strong>\" <strong>outer hubs<\/strong>. Fits all electric scooters with original 8 1\/2\u00d72\u2033 tyres, including the following popular electric scooters <strong>.<\/strong><\/p>\n<p>The CST NHS 2PR C-9287 electric scooter outer tyre is also a stronger tyre compound compared to the original Xiaomi tyres, which ensures slower wear. As the tires of the electric scooter, due to their small size and air capacity, are prone to internal rubber rupture due to impact, we recommend checking the tire pressure once every 2 weeks or before each ride if the electric scooter is ridden less frequently. When inflating the tyres, we strongly recommend the use of <a href=\"http:\/\/www.xn--tuksimaailm-ffb.ee\/tootekategooria\/lisavarustus\/\">pressure gauge pumps<\/a> to ensure the exact tyre pressure recommended by the electric scooter manufacturer.<\/p>\n<p>If you have problems <a href=\"https:\/\/www.youtube.com\/watch?v=9c5oaCgBtVA\">replacing the outer tyre of<\/a> your electric scooter on your own, our <a href=\"http:\/\/www.xn--tuksimaailm-ffb.ee\/elektrilise-toukeratta-remont\/\">workshop<\/a> specialising in electric scooters can help. We also carry out external and internal rubber replacement on stand-by. In the event of a broken rear tyre, Xiaomi can also provide you with <a href=\"http:\/\/www.xn--tuksimaailm-ffb.ee\/shop\/xiaomi-tagaratas-rehviga-m365-1s-8-5x2-8-1-2x2\/\"><strong>a whole rear wheel<\/strong><\/a>, which can be replaced in one piece and save you the work of changing the tyre. You can read more about the electric scooter tyre change in our <a href=\"http:\/\/www.xn--tuksimaailm-ffb.ee\/elektritoukeratta-rehvivahetus\/\">blog post<\/a>.<\/p>\n","protected":false},"excerpt":{"rendered":"<p>High quality CST NHS 2PR C-9287 8.5\u00d72\u2033 electric pushbike hub. Suitable for installation in place of the 8 1\/2\u00d72\" outer hubs. Fits all electric scooters with original 8 1\/2\u00d72\u2033 tyres, including the following popular electric scooters . The CST NHS 2PR C-9287 electric scooter outer tyre is also a stronger &hellip;<\/p>\n","protected":false},"featured_media":11983,"template":"","meta":[],"product_brand":[],"product_cat":[726],"product_tag":[3208,3209],"filter_elektritoukeratas":[2688,2686,2729,2613,2612],"class_list":{"0":"post-51692","1":"product","2":"type-product","3":"status-publish","4":"has-post-thumbnail","6":"product_cat-spare-parts","7":"product_tag-tyres","8":"product_tag-xiaomi-spare-parts","9":"pa_tootetuup-tyres","10":"filter_elektritoukeratas-ft_blaupunkt_esc608","11":"filter_elektritoukeratas-ft_blaupunkt_esc808","12":"filter_elektritoukeratas-ft_minimotors_speedway_leger","13":"filter_elektritoukeratas-ft_xiaomi_1s_mi3_pro_2_3_lite","14":"filter_elektritoukeratas-ft_xiaomi_m365_m365_pro_essential","16":"first","17":"instock","18":"taxable","19":"shipping-taxable","20":"purchasable","21":"product-type-simple"},"yoast_head":"<!-- This site is optimized with the Yoast SEO Premium plugin v26.8 (Yoast SEO v27.5) - https:\/\/yoast.com\/product\/yoast-seo-premium-wordpress\/ -->\n<title>Electricscooter outer tyre CST 8 1\/2x2&quot; | T\u00f5uksimaailm<\/title>\n<meta name=\"description\" content=\"High quality CST 8.5\u00d72\u2033 electric scooter tyre. Suitable for installation in place of the 8 1\/2\u00d72&quot; outer tyres. Fits Xiaomi M365 (Pro), Gotrax GXL.\" \/>\n<meta name=\"robots\" content=\"index, follow, max-snippet:-1, max-image-preview:large, max-video-preview:-1\" \/>\n<link rel=\"canonical\" href=\"https:\/\/www.xn--tuksimaailm-ffb.ee\/en\/product\/electricscooter-outer-tyre-cst-8-1-2x2\/\" \/>\n<meta property=\"og:locale\" content=\"en_US\" \/>\n<meta property=\"og:type\" content=\"article\" \/>\n<meta property=\"og:title\" content=\"Electricscooter outer tyre CST 8 1\/2x2&quot;\" \/>\n<meta property=\"og:description\" content=\"High quality CST 8.5\u00d72\u2033 electric scooter tyre. Suitable for installation in place of the 8 1\/2\u00d72&quot; outer tyres. Fits Xiaomi M365 (Pro), Gotrax GXL.\" \/>\n<meta property=\"og:url\" content=\"https:\/\/www.xn--tuksimaailm-ffb.ee\/en\/product\/electricscooter-outer-tyre-cst-8-1-2x2\/\" \/>\n<meta property=\"og:site_name\" content=\"T\u00f5uksimaailm\" \/>\n<meta property=\"article:publisher\" content=\"https:\/\/www.facebook.com\/touksimaailm\/\" \/>\n<meta property=\"og:image\" content=\"https:\/\/www.xn--tuksimaailm-ffb.ee\/wp-content\/uploads\/2020\/04\/valiskumm-8-1-2x2-2pr-c-9287-cst-vk85-c9287.jpg\" \/>\n\t<meta property=\"og:image:width\" content=\"800\" \/>\n\t<meta property=\"og:image:height\" content=\"600\" \/>\n\t<meta property=\"og:image:type\" content=\"image\/jpeg\" \/>\n<meta name=\"twitter:card\" content=\"summary_large_image\" \/>\n<meta name=\"twitter:label1\" content=\"Price\" \/>\n\t<meta name=\"twitter:data1\" content=\"&euro;20.00\" \/>\n\t<meta name=\"twitter:label2\" content=\"Availability\" \/>\n\t<meta name=\"twitter:data2\" content=\"In stock\" \/>\n<meta property=\"product:price:amount\" content=\"20.00\" \/>\n<meta property=\"product:price:currency\" content=\"EUR\" \/>\n<meta property=\"og:availability\" content=\"instock\" \/>\n<meta property=\"product:availability\" content=\"instock\" \/>\n<meta property=\"product:retailer_item_id\" content=\"VR-XIAOMI-CST\" \/>\n<meta property=\"product:condition\" content=\"new\" \/>\n<!-- \/ Yoast SEO Premium plugin. -->","yoast_head_json":{"title":"Electricscooter outer tyre CST 8 1\/2x2\" | T\u00f5uksimaailm","description":"High quality CST 8.5\u00d72\u2033 electric scooter tyre. Suitable for installation in place of the 8 1\/2\u00d72\" outer tyres. Fits Xiaomi M365 (Pro), Gotrax GXL.","robots":{"index":"index","follow":"follow","max-snippet":"max-snippet:-1","max-image-preview":"max-image-preview:large","max-video-preview":"max-video-preview:-1"},"canonical":"https:\/\/www.xn--tuksimaailm-ffb.ee\/en\/product\/electricscooter-outer-tyre-cst-8-1-2x2\/","og_locale":"en_US","og_type":"article","og_title":"Electricscooter outer tyre CST 8 1\/2x2\"","og_description":"High quality CST 8.5\u00d72\u2033 electric scooter tyre. Suitable for installation in place of the 8 1\/2\u00d72\" outer tyres. Fits Xiaomi M365 (Pro), Gotrax GXL.","og_url":"https:\/\/www.xn--tuksimaailm-ffb.ee\/en\/product\/electricscooter-outer-tyre-cst-8-1-2x2\/","og_site_name":"T\u00f5uksimaailm","article_publisher":"https:\/\/www.facebook.com\/touksimaailm\/","og_image":[{"width":800,"height":600,"url":"https:\/\/www.xn--tuksimaailm-ffb.ee\/wp-content\/uploads\/2020\/04\/valiskumm-8-1-2x2-2pr-c-9287-cst-vk85-c9287.jpg","type":"image\/jpeg"}],"twitter_card":"summary_large_image","twitter_misc":{"Price":"&euro;20.00","Availability":"In stock"},"schema":{"@context":"https:\/\/schema.org","@graph":[{"@type":"WebPage","@id":"https:\/\/www.xn--tuksimaailm-ffb.ee\/en\/product\/electricscooter-outer-tyre-cst-8-1-2x2\/","url":"https:\/\/www.xn--tuksimaailm-ffb.ee\/en\/product\/electricscooter-outer-tyre-cst-8-1-2x2\/","name":"Electricscooter outer tyre CST 8 1\/2x2\" | T\u00f5uksimaailm","isPartOf":{"@id":"https:\/\/www.xn--tuksimaailm-ffb.ee\/en\/#website"},"primaryImageOfPage":{"@id":"https:\/\/www.xn--tuksimaailm-ffb.ee\/en\/product\/electricscooter-outer-tyre-cst-8-1-2x2\/#primaryimage"},"image":{"@id":"https:\/\/www.xn--tuksimaailm-ffb.ee\/en\/product\/electricscooter-outer-tyre-cst-8-1-2x2\/#primaryimage"},"thumbnailUrl":"https:\/\/www.xn--tuksimaailm-ffb.ee\/wp-content\/uploads\/2020\/04\/valiskumm-8-1-2x2-2pr-c-9287-cst-vk85-c9287.jpg","datePublished":"2020-04-12T15:10:53+00:00","description":"High quality CST 8.5\u00d72\u2033 electric scooter tyre. Suitable for installation in place of the 8 1\/2\u00d72\" outer tyres. Fits Xiaomi M365 (Pro), Gotrax GXL.","breadcrumb":{"@id":"https:\/\/www.xn--tuksimaailm-ffb.ee\/en\/product\/electricscooter-outer-tyre-cst-8-1-2x2\/#breadcrumb"},"inLanguage":"en-US","potentialAction":[{"@type":"ReadAction","target":["https:\/\/www.xn--tuksimaailm-ffb.ee\/en\/product\/electricscooter-outer-tyre-cst-8-1-2x2\/"]}]},{"@type":"ImageObject","inLanguage":"en-US","@id":"https:\/\/www.xn--tuksimaailm-ffb.ee\/en\/product\/electricscooter-outer-tyre-cst-8-1-2x2\/#primaryimage","url":"https:\/\/www.xn--tuksimaailm-ffb.ee\/wp-content\/uploads\/2020\/04\/valiskumm-8-1-2x2-2pr-c-9287-cst-vk85-c9287.jpg","contentUrl":"https:\/\/www.xn--tuksimaailm-ffb.ee\/wp-content\/uploads\/2020\/04\/valiskumm-8-1-2x2-2pr-c-9287-cst-vk85-c9287.jpg","width":800,"height":600,"caption":"Electricscooter tyre"},{"@type":"BreadcrumbList","@id":"https:\/\/www.xn--tuksimaailm-ffb.ee\/en\/product\/electricscooter-outer-tyre-cst-8-1-2x2\/#breadcrumb","itemListElement":[{"@type":"ListItem","position":1,"name":"Home","item":"https:\/\/www.xn--tuksimaailm-ffb.ee\/en\/main-page\/"},{"@type":"ListItem","position":2,"name":"Shop","item":"https:\/\/www.xn--tuksimaailm-ffb.ee\/elektritoukerataste-pood\/"},{"@type":"ListItem","position":3,"name":"Electricscooter outer tyre CST 8 1\/2x2\""}]},{"@type":"WebSite","@id":"https:\/\/www.xn--tuksimaailm-ffb.ee\/en\/#website","url":"https:\/\/www.xn--tuksimaailm-ffb.ee\/en\/","name":"T\u00f5uksimaailm","description":"Elektrit\u00f5ukerataste m\u00fc\u00fck, remont ja rent","publisher":{"@id":"https:\/\/www.xn--tuksimaailm-ffb.ee\/en\/#organization"},"potentialAction":[{"@type":"SearchAction","target":{"@type":"EntryPoint","urlTemplate":"https:\/\/www.xn--tuksimaailm-ffb.ee\/en\/?s={search_term_string}"},"query-input":{"@type":"PropertyValueSpecification","valueRequired":true,"valueName":"search_term_string"}}],"inLanguage":"en-US"},{"@type":"Organization","@id":"https:\/\/www.xn--tuksimaailm-ffb.ee\/en\/#organization","name":"T\u00f5uksimaailm","url":"https:\/\/www.xn--tuksimaailm-ffb.ee\/en\/","logo":{"@type":"ImageObject","inLanguage":"en-US","@id":"https:\/\/www.xn--tuksimaailm-ffb.ee\/en\/#\/schema\/logo\/image\/","url":"https:\/\/www.xn--tuksimaailm-ffb.ee\/wp-content\/uploads\/2020\/01\/logoz-e1579792875517.png","contentUrl":"https:\/\/www.xn--tuksimaailm-ffb.ee\/wp-content\/uploads\/2020\/01\/logoz-e1579792875517.png","width":250,"height":250,"caption":"T\u00f5uksimaailm"},"image":{"@id":"https:\/\/www.xn--tuksimaailm-ffb.ee\/en\/#\/schema\/logo\/image\/"},"sameAs":["https:\/\/www.facebook.com\/touksimaailm\/","https:\/\/www.instagram.com\/touksimaailm_\/","https:\/\/www.youtube.com\/channel\/UC18ml0EKIDLP1xGuQjFzcXQ"]}]},"product_price_amount":"20.00","product_price_currency":"EUR","og_availability":"instock","product_availability":"instock","product_retailer_item_id":"VR-XIAOMI-CST","product_condition":"new"},"jetpack_sharing_enabled":true,"_links":{"self":[{"href":"https:\/\/www.xn--tuksimaailm-ffb.ee\/en\/wp-json\/wp\/v2\/product\/51692","targetHints":{"allow":["GET"]}}],"collection":[{"href":"https:\/\/www.xn--tuksimaailm-ffb.ee\/en\/wp-json\/wp\/v2\/product"}],"about":[{"href":"https:\/\/www.xn--tuksimaailm-ffb.ee\/en\/wp-json\/wp\/v2\/types\/product"}],"wp:featuredmedia":[{"embeddable":true,"href":"https:\/\/www.xn--tuksimaailm-ffb.ee\/en\/wp-json\/wp\/v2\/media\/11983"}],"wp:attachment":[{"href":"https:\/\/www.xn--tuksimaailm-ffb.ee\/en\/wp-json\/wp\/v2\/media?parent=51692"}],"wp:term":[{"taxonomy":"product_brand","embeddable":true,"href":"https:\/\/www.xn--tuksimaailm-ffb.ee\/en\/wp-json\/wp\/v2\/product_brand?post=51692"},{"taxonomy":"product_cat","embeddable":true,"href":"https:\/\/www.xn--tuksimaailm-ffb.ee\/en\/wp-json\/wp\/v2\/product_cat?post=51692"},{"taxonomy":"product_tag","embeddable":true,"href":"https:\/\/www.xn--tuksimaailm-ffb.ee\/en\/wp-json\/wp\/v2\/product_tag?post=51692"},{"taxonomy":"filter_elektritoukeratas","embeddable":true,"href":"https:\/\/www.xn--tuksimaailm-ffb.ee\/en\/wp-json\/wp\/v2\/filter_elektritoukeratas?post=51692"}],"curies":[{"name":"wp","href":"https:\/\/api.w.org\/{rel}","templated":true}]}}