{"id":51723,"date":"2020-04-14T15:15:42","date_gmt":"2020-04-14T12:15:42","guid":{"rendered":"http:\/\/www.xn--tuksimaailm-ffb.ee\/shop\/phone-holder-for-ibera-43-58-for-handlebar\/"},"modified":"2020-04-14T15:15:42","modified_gmt":"2020-04-14T12:15:42","slug":"phone-holder-for-ibera-43-58-for-handlebar","status":"publish","type":"product","link":"https:\/\/www.xn--tuksimaailm-ffb.ee\/en\/product\/phone-holder-for-ibera-43-58-for-handlebar\/","title":{"rendered":"Phone holder for Ibera 4,3-5,8\" for handlebar"},"content":{"rendered":"<p>High quality <strong>Ibera IB-PB26<\/strong> steering mounted phone holder with mounting clip. Fits <strong>22,2mm<\/strong> and <strong>31,8mm<\/strong> diameter electric scooter bar. Suitable for all smartphones with <strong>4.3 to 5.8 inch<\/strong> screens. In addition to the upright position, it is also possible to place the smartphone in the cradle in a longitudinal position (e.g. for google maps \/ other GPS mobile apps). A small lens with a diameter of 22,2mm can be attached to the back of the holder, if desired, and is supplied with the holder. The purpose of this is to replace the space occupied by the cradle on the lens - for example, it is possible to mount an extra light on the extra lens.<\/p>\n","protected":false},"excerpt":{"rendered":"<p>High quality Ibera IB-PB26 steering mounted phone holder with mounting clip. Fits 22,2mm and 31,8mm diameter electric scooter bar. Suitable for all smartphones with 4.3 to 5.8 inch screens. In addition to the upright position, it is also possible to place the smartphone in the cradle in a longitudinal position &hellip;<\/p>\n","protected":false},"featured_media":12007,"template":"","meta":[],"product_brand":[],"product_cat":[746],"product_tag":[3213],"filter_elektritoukeratas":[],"class_list":{"0":"post-51723","1":"product","2":"type-product","3":"status-publish","4":"has-post-thumbnail","6":"product_cat-accessories","7":"product_tag-phoneholders","8":"pa_tootetuup-phone-holders","10":"first","11":"instock","12":"taxable","13":"shipping-taxable","14":"purchasable","15":"product-type-simple"},"yoast_head":"<!-- This site is optimized with the Yoast SEO Premium plugin v26.8 (Yoast SEO v27.5) - https:\/\/yoast.com\/product\/yoast-seo-premium-wordpress\/ -->\n<title>Phone holder for Ibera 4,3-5,8&quot; for handlebar | T\u00f5uksimaailm | Tuning parts<\/title>\n<meta name=\"description\" content=\"Ibera IB-PB26 is a high quality, handlebar mounted phone holder with mounting clip. Suitable for 22,2mm and 31,8mm electric scooter handlebars.\" \/>\n<meta name=\"robots\" content=\"index, follow, max-snippet:-1, max-image-preview:large, max-video-preview:-1\" \/>\n<link rel=\"canonical\" href=\"https:\/\/www.xn--tuksimaailm-ffb.ee\/en\/product\/phone-holder-for-ibera-43-58-for-handlebar\/\" \/>\n<meta property=\"og:locale\" content=\"en_US\" \/>\n<meta property=\"og:type\" content=\"article\" \/>\n<meta property=\"og:title\" content=\"Phone holder for Ibera 4,3-5,8&quot; for handlebar\" \/>\n<meta property=\"og:description\" content=\"Ibera IB-PB26 is a high quality, handlebar mounted phone holder with mounting clip. Suitable for 22,2mm and 31,8mm electric scooter handlebars.\" \/>\n<meta property=\"og:url\" content=\"https:\/\/www.xn--tuksimaailm-ffb.ee\/en\/product\/phone-holder-for-ibera-43-58-for-handlebar\/\" \/>\n<meta property=\"og:site_name\" content=\"T\u00f5uksimaailm\" \/>\n<meta property=\"article:publisher\" content=\"https:\/\/www.facebook.com\/touksimaailm\/\" \/>\n<meta property=\"og:image\" content=\"https:\/\/www.xn--tuksimaailm-ffb.ee\/wp-content\/uploads\/2020\/04\/telefonihoidja-ibera-ib-pb26-lenksule-q6-kinnitusklambriga-th-ibpb26q6.jpg\" \/>\n\t<meta property=\"og:image:width\" content=\"800\" \/>\n\t<meta property=\"og:image:height\" content=\"600\" \/>\n\t<meta property=\"og:image:type\" content=\"image\/jpeg\" \/>\n<meta name=\"twitter:card\" content=\"summary_large_image\" \/>\n<meta name=\"twitter:label1\" content=\"Price\" \/>\n\t<meta name=\"twitter:data1\" content=\"&euro;39.50\" \/>\n\t<meta name=\"twitter:label2\" content=\"Availability\" \/>\n\t<meta name=\"twitter:data2\" content=\"In stock\" \/>\n<meta property=\"product:price:amount\" content=\"39.50\" \/>\n<meta property=\"product:price:currency\" content=\"EUR\" \/>\n<meta property=\"og:availability\" content=\"instock\" \/>\n<meta property=\"product:availability\" content=\"instock\" \/>\n<meta property=\"product:condition\" content=\"new\" \/>\n<!-- \/ Yoast SEO Premium plugin. -->","yoast_head_json":{"title":"Phone holder for Ibera 4,3-5,8\" for handlebar | T\u00f5uksimaailm | Tuning parts","description":"Ibera IB-PB26 is a high quality, handlebar mounted phone holder with mounting clip. Suitable for 22,2mm and 31,8mm electric scooter handlebars.","robots":{"index":"index","follow":"follow","max-snippet":"max-snippet:-1","max-image-preview":"max-image-preview:large","max-video-preview":"max-video-preview:-1"},"canonical":"https:\/\/www.xn--tuksimaailm-ffb.ee\/en\/product\/phone-holder-for-ibera-43-58-for-handlebar\/","og_locale":"en_US","og_type":"article","og_title":"Phone holder for Ibera 4,3-5,8\" for handlebar","og_description":"Ibera IB-PB26 is a high quality, handlebar mounted phone holder with mounting clip. Suitable for 22,2mm and 31,8mm electric scooter handlebars.","og_url":"https:\/\/www.xn--tuksimaailm-ffb.ee\/en\/product\/phone-holder-for-ibera-43-58-for-handlebar\/","og_site_name":"T\u00f5uksimaailm","article_publisher":"https:\/\/www.facebook.com\/touksimaailm\/","og_image":[{"width":800,"height":600,"url":"https:\/\/www.xn--tuksimaailm-ffb.ee\/wp-content\/uploads\/2020\/04\/telefonihoidja-ibera-ib-pb26-lenksule-q6-kinnitusklambriga-th-ibpb26q6.jpg","type":"image\/jpeg"}],"twitter_card":"summary_large_image","twitter_misc":{"Price":"&euro;39.50","Availability":"In stock"},"schema":{"@context":"https:\/\/schema.org","@graph":[{"@type":"WebPage","@id":"https:\/\/www.xn--tuksimaailm-ffb.ee\/en\/product\/phone-holder-for-ibera-43-58-for-handlebar\/","url":"https:\/\/www.xn--tuksimaailm-ffb.ee\/en\/product\/phone-holder-for-ibera-43-58-for-handlebar\/","name":"Phone holder for Ibera 4,3-5,8\" for handlebar | T\u00f5uksimaailm | Tuning parts","isPartOf":{"@id":"https:\/\/www.xn--tuksimaailm-ffb.ee\/en\/#website"},"primaryImageOfPage":{"@id":"https:\/\/www.xn--tuksimaailm-ffb.ee\/en\/product\/phone-holder-for-ibera-43-58-for-handlebar\/#primaryimage"},"image":{"@id":"https:\/\/www.xn--tuksimaailm-ffb.ee\/en\/product\/phone-holder-for-ibera-43-58-for-handlebar\/#primaryimage"},"thumbnailUrl":"https:\/\/www.xn--tuksimaailm-ffb.ee\/wp-content\/uploads\/2020\/04\/telefonihoidja-ibera-ib-pb26-lenksule-q6-kinnitusklambriga-th-ibpb26q6.jpg","datePublished":"2020-04-14T12:15:42+00:00","description":"Ibera IB-PB26 is a high quality, handlebar mounted phone holder with mounting clip. Suitable for 22,2mm and 31,8mm electric scooter handlebars.","breadcrumb":{"@id":"https:\/\/www.xn--tuksimaailm-ffb.ee\/en\/product\/phone-holder-for-ibera-43-58-for-handlebar\/#breadcrumb"},"inLanguage":"en-US","potentialAction":[{"@type":"ReadAction","target":["https:\/\/www.xn--tuksimaailm-ffb.ee\/en\/product\/phone-holder-for-ibera-43-58-for-handlebar\/"]}]},{"@type":"ImageObject","inLanguage":"en-US","@id":"https:\/\/www.xn--tuksimaailm-ffb.ee\/en\/product\/phone-holder-for-ibera-43-58-for-handlebar\/#primaryimage","url":"https:\/\/www.xn--tuksimaailm-ffb.ee\/wp-content\/uploads\/2020\/04\/telefonihoidja-ibera-ib-pb26-lenksule-q6-kinnitusklambriga-th-ibpb26q6.jpg","contentUrl":"https:\/\/www.xn--tuksimaailm-ffb.ee\/wp-content\/uploads\/2020\/04\/telefonihoidja-ibera-ib-pb26-lenksule-q6-kinnitusklambriga-th-ibpb26q6.jpg","width":800,"height":600,"caption":"Phone holder for electricscooter"},{"@type":"BreadcrumbList","@id":"https:\/\/www.xn--tuksimaailm-ffb.ee\/en\/product\/phone-holder-for-ibera-43-58-for-handlebar\/#breadcrumb","itemListElement":[{"@type":"ListItem","position":1,"name":"Home","item":"https:\/\/www.xn--tuksimaailm-ffb.ee\/en\/main-page\/"},{"@type":"ListItem","position":2,"name":"Shop","item":"https:\/\/www.xn--tuksimaailm-ffb.ee\/elektritoukerataste-pood\/"},{"@type":"ListItem","position":3,"name":"Phone holder for Ibera 4,3-5,8\" for handlebar"}]},{"@type":"WebSite","@id":"https:\/\/www.xn--tuksimaailm-ffb.ee\/en\/#website","url":"https:\/\/www.xn--tuksimaailm-ffb.ee\/en\/","name":"T\u00f5uksimaailm","description":"Elektrit\u00f5ukerataste m\u00fc\u00fck, remont ja rent","publisher":{"@id":"https:\/\/www.xn--tuksimaailm-ffb.ee\/en\/#organization"},"potentialAction":[{"@type":"SearchAction","target":{"@type":"EntryPoint","urlTemplate":"https:\/\/www.xn--tuksimaailm-ffb.ee\/en\/?s={search_term_string}"},"query-input":{"@type":"PropertyValueSpecification","valueRequired":true,"valueName":"search_term_string"}}],"inLanguage":"en-US"},{"@type":"Organization","@id":"https:\/\/www.xn--tuksimaailm-ffb.ee\/en\/#organization","name":"T\u00f5uksimaailm","url":"https:\/\/www.xn--tuksimaailm-ffb.ee\/en\/","logo":{"@type":"ImageObject","inLanguage":"en-US","@id":"https:\/\/www.xn--tuksimaailm-ffb.ee\/en\/#\/schema\/logo\/image\/","url":"https:\/\/www.xn--tuksimaailm-ffb.ee\/wp-content\/uploads\/2020\/01\/logoz-e1579792875517.png","contentUrl":"https:\/\/www.xn--tuksimaailm-ffb.ee\/wp-content\/uploads\/2020\/01\/logoz-e1579792875517.png","width":250,"height":250,"caption":"T\u00f5uksimaailm"},"image":{"@id":"https:\/\/www.xn--tuksimaailm-ffb.ee\/en\/#\/schema\/logo\/image\/"},"sameAs":["https:\/\/www.facebook.com\/touksimaailm\/","https:\/\/www.instagram.com\/touksimaailm_\/","https:\/\/www.youtube.com\/channel\/UC18ml0EKIDLP1xGuQjFzcXQ"]}]},"product_price_amount":"39.50","product_price_currency":"EUR","og_availability":"instock","product_availability":"instock","product_condition":"new"},"jetpack_sharing_enabled":true,"_links":{"self":[{"href":"https:\/\/www.xn--tuksimaailm-ffb.ee\/en\/wp-json\/wp\/v2\/product\/51723","targetHints":{"allow":["GET"]}}],"collection":[{"href":"https:\/\/www.xn--tuksimaailm-ffb.ee\/en\/wp-json\/wp\/v2\/product"}],"about":[{"href":"https:\/\/www.xn--tuksimaailm-ffb.ee\/en\/wp-json\/wp\/v2\/types\/product"}],"wp:featuredmedia":[{"embeddable":true,"href":"https:\/\/www.xn--tuksimaailm-ffb.ee\/en\/wp-json\/wp\/v2\/media\/12007"}],"wp:attachment":[{"href":"https:\/\/www.xn--tuksimaailm-ffb.ee\/en\/wp-json\/wp\/v2\/media?parent=51723"}],"wp:term":[{"taxonomy":"product_brand","embeddable":true,"href":"https:\/\/www.xn--tuksimaailm-ffb.ee\/en\/wp-json\/wp\/v2\/product_brand?post=51723"},{"taxonomy":"product_cat","embeddable":true,"href":"https:\/\/www.xn--tuksimaailm-ffb.ee\/en\/wp-json\/wp\/v2\/product_cat?post=51723"},{"taxonomy":"product_tag","embeddable":true,"href":"https:\/\/www.xn--tuksimaailm-ffb.ee\/en\/wp-json\/wp\/v2\/product_tag?post=51723"},{"taxonomy":"filter_elektritoukeratas","embeddable":true,"href":"https:\/\/www.xn--tuksimaailm-ffb.ee\/en\/wp-json\/wp\/v2\/filter_elektritoukeratas?post=51723"}],"curies":[{"name":"wp","href":"https:\/\/api.w.org\/{rel}","templated":true}]}}