{"id":51725,"date":"2020-04-14T17:21:07","date_gmt":"2020-04-14T14:21:07","guid":{"rendered":"http:\/\/www.xn--tuksimaailm-ffb.ee\/shop\/electric-scooter-inner-tube-10x2-54-152-90\/"},"modified":"2020-04-14T17:21:07","modified_gmt":"2020-04-14T14:21:07","slug":"electric-scooter-inner-tube-10x2-54-152-90","status":"publish","type":"product","link":"https:\/\/www.xn--tuksimaailm-ffb.ee\/en\/product\/electric-scooter-inner-tube-10x2-54-152-90\/","title":{"rendered":"Electric scooter inner tube 10x2\" 54-152 90\u00b0"},"content":{"rendered":"<p>High quality electric scooter inner tyre \/ air rubber <strong>10x2\" 54-152 CST.<\/strong> The inner tyre of the electric scooter is suitable for all electric scooters with original <strong>10x2,0\", 10x2,10\" or 10x2,125<\/strong> \" outer tyres. As an alternative product, we also offer the extra strong <a href=\"http:\/\/www.xn--tuksimaailm-ffb.ee\/shop\/elektritoukeratta-sisekumm-10x2-125g-90-kraadi\/\"><strong>10x2\" inner tyre<\/strong><\/a> with 125g thick wall. The inner tube of the electric scooter has an <strong>auto-valve (AV)<\/strong>, which can be inflated with most pumps. The angle of the valve is <strong>90 degrees.<\/strong> The direction of the valve is parallel to the axis of rotation of the inner pump.<\/p>\n<p>Since the tires of the electric scooter, due to their small size and air capacity, are prone to puncture by impact, it is recommended to check the tire pressure once every 2 weeks or before each ride if the electric scooter is ridden less frequently. When inflating the tyres, we strongly recommend the use of <a href=\"http:\/\/www.xn--tuksimaailm-ffb.ee\/tootekategooria\/lisavarustus\/\">pressure gauge pumps<\/a> to ensure the exact tyre pressure recommended by the electric scooter manufacturer. If you are having trouble <a href=\"https:\/\/www.youtube.com\/watch?v=9c5oaCgBtVA\">replacing the inner tyre of<\/a> your electric scooter on your own, our <a href=\"http:\/\/www.xn--tuksimaailm-ffb.ee\/elektrilise-toukeratta-remont\/\">workshop<\/a> specialising in electric scooters can help. We can also carry out replacement of the inner tyre on stand-by. You can read more about electric scooter tyre replacement in our <a href=\"http:\/\/www.xn--tuksimaailm-ffb.ee\/elektritoukeratta-rehvivahetus\/\">blog post<\/a>.<\/p>\n","protected":false},"excerpt":{"rendered":"<p>High quality electric scooter inner tyre \/ air rubber 10x2\" 54-152 CST. The inner tyre of the electric scooter is suitable for all electric scooters with original 10x2,0\", 10x2,10\" or 10x2,125 \" outer tyres. As an alternative product, we also offer the extra strong 10x2\" inner tyre with 125g thick &hellip;<\/p>\n","protected":false},"featured_media":12021,"template":"","meta":[],"product_brand":[],"product_cat":[726],"product_tag":[3216,3204,3221],"filter_elektritoukeratas":[2686,2687,2730,2732,2610,2704,2706,2714,2715,2712,2713,2720,2717,2726,2724,2679,2672,2670,2668,2740,2741,2742,2755,2694,2695,2693,2691,2692,2646,2750],"class_list":{"0":"post-51725","1":"product","2":"type-product","3":"status-publish","4":"has-post-thumbnail","6":"product_cat-spare-parts","7":"product_tag-gpad-spare-parts","8":"product_tag-inner-tubes","9":"product_tag-inokim-spare-parts","10":"pa_tootetuup-inner-tubes","11":"filter_elektritoukeratas-ft_blaupunkt_esc808","12":"filter_elektritoukeratas-ft_blaupunkt_esc910","13":"filter_elektritoukeratas-ft_dualtron_eagle","14":"filter_elektritoukeratas-ft_dualtron_spider","15":"filter_elektritoukeratas-ft_dualtron_victor","16":"filter_elektritoukeratas-ft_gpad_joyride","17":"filter_elektritoukeratas-ft_gpad_storm","18":"filter_elektritoukeratas-ft_inokim_ox_eco_hero_super","19":"filter_elektritoukeratas-ft_inokim_oxo","20":"filter_elektritoukeratas-ft_inokim_quick_3_hero_super","21":"filter_elektritoukeratas-ft_inokim_quick_4_hero_super","22":"filter_elektritoukeratas-ft_joyor_s5_s10-s_s_pro","23":"filter_elektritoukeratas-ft_joyor_x1_x5s","24":"filter_elektritoukeratas-ft_kaabo_mantis_10","25":"filter_elektritoukeratas-ft_kaabo_skywalker","26":"filter_elektritoukeratas-ft_kugoo_g1","27":"filter_elektritoukeratas-ft_kugoo_g2_master","28":"filter_elektritoukeratas-ft_kugoo_g2_max","29":"filter_elektritoukeratas-ft_kugoo_m4_m4_pro","30":"filter_elektritoukeratas-ft_nanrobot_d4_plus","31":"filter_elektritoukeratas-ft_nanrobot_d6_plus","32":"filter_elektritoukeratas-ft_nanrobot_n6","33":"filter_elektritoukeratas-ft_techlife_x7_x7_lite_x7s","34":"filter_elektritoukeratas-ft_velt_smart_eco","35":"filter_elektritoukeratas-ft_velt_smart_pro","36":"filter_elektritoukeratas-ft_velt_smart_x7","37":"filter_elektritoukeratas-ft_velt_smart_x8","38":"filter_elektritoukeratas-ft_velt_smart_x8_pro","39":"filter_elektritoukeratas-ft_vsett_10_plus","40":"filter_elektritoukeratas-ft_zero_10x","42":"first","43":"instock","44":"taxable","45":"shipping-taxable","46":"purchasable","47":"product-type-simple"},"yoast_head":"<!-- This site is optimized with the Yoast SEO Premium plugin v26.8 (Yoast SEO v27.5) - https:\/\/yoast.com\/product\/yoast-seo-premium-wordpress\/ -->\n<title>Electric scooter inner tube 10x2&quot; 54-152 90\u00b0 &#8212; T\u00f5uksimaailm<\/title>\n<meta name=\"description\" content=\"High quality 10x2&quot; 54-152 inner tyre for electric scooters. The inner tube is suitable for electric scooters with original 10x2,0&quot; \/ 10x2,10&quot; outer tyres.\" \/>\n<meta name=\"robots\" content=\"index, follow, max-snippet:-1, max-image-preview:large, max-video-preview:-1\" \/>\n<link rel=\"canonical\" href=\"https:\/\/www.xn--tuksimaailm-ffb.ee\/en\/product\/electric-scooter-inner-tube-10x2-54-152-90\/\" \/>\n<meta property=\"og:locale\" content=\"en_US\" \/>\n<meta property=\"og:type\" content=\"article\" \/>\n<meta property=\"og:title\" content=\"Electric scooter inner tube 10x2&quot; 54-152 90\u00b0\" \/>\n<meta property=\"og:description\" content=\"High quality 10x2&quot; 54-152 inner tyre for electric scooters. The inner tube is suitable for electric scooters with original 10x2,0&quot; \/ 10x2,10&quot; outer tyres.\" \/>\n<meta property=\"og:url\" content=\"https:\/\/www.xn--tuksimaailm-ffb.ee\/en\/product\/electric-scooter-inner-tube-10x2-54-152-90\/\" \/>\n<meta property=\"og:site_name\" content=\"T\u00f5uksimaailm\" \/>\n<meta property=\"article:publisher\" content=\"https:\/\/www.facebook.com\/touksimaailm\/\" \/>\n<meta property=\"og:image\" content=\"https:\/\/www.xn--tuksimaailm-ffb.ee\/wp-content\/uploads\/2020\/04\/sisekumm-10-tolli-54-152-sk10av-54152-cst.jpg\" \/>\n\t<meta property=\"og:image:width\" content=\"600\" \/>\n\t<meta property=\"og:image:height\" content=\"450\" \/>\n\t<meta property=\"og:image:type\" content=\"image\/jpeg\" \/>\n<meta name=\"twitter:card\" content=\"summary_large_image\" \/>\n<meta name=\"twitter:label1\" content=\"Price\" \/>\n\t<meta name=\"twitter:data1\" content=\"&euro;15.00\" \/>\n\t<meta name=\"twitter:label2\" content=\"Availability\" \/>\n\t<meta name=\"twitter:data2\" content=\"In stock\" \/>\n<meta property=\"product:price:amount\" content=\"15.00\" \/>\n<meta property=\"product:price:currency\" content=\"EUR\" \/>\n<meta property=\"og:availability\" content=\"instock\" \/>\n<meta property=\"product:availability\" content=\"instock\" \/>\n<meta property=\"product:condition\" content=\"new\" \/>\n<!-- \/ Yoast SEO Premium plugin. -->","yoast_head_json":{"title":"Electric scooter inner tube 10x2\" 54-152 90\u00b0 &#8212; T\u00f5uksimaailm","description":"High quality 10x2\" 54-152 inner tyre for electric scooters. The inner tube is suitable for electric scooters with original 10x2,0\" \/ 10x2,10\" outer tyres.","robots":{"index":"index","follow":"follow","max-snippet":"max-snippet:-1","max-image-preview":"max-image-preview:large","max-video-preview":"max-video-preview:-1"},"canonical":"https:\/\/www.xn--tuksimaailm-ffb.ee\/en\/product\/electric-scooter-inner-tube-10x2-54-152-90\/","og_locale":"en_US","og_type":"article","og_title":"Electric scooter inner tube 10x2\" 54-152 90\u00b0","og_description":"High quality 10x2\" 54-152 inner tyre for electric scooters. The inner tube is suitable for electric scooters with original 10x2,0\" \/ 10x2,10\" outer tyres.","og_url":"https:\/\/www.xn--tuksimaailm-ffb.ee\/en\/product\/electric-scooter-inner-tube-10x2-54-152-90\/","og_site_name":"T\u00f5uksimaailm","article_publisher":"https:\/\/www.facebook.com\/touksimaailm\/","og_image":[{"width":600,"height":450,"url":"https:\/\/www.xn--tuksimaailm-ffb.ee\/wp-content\/uploads\/2020\/04\/sisekumm-10-tolli-54-152-sk10av-54152-cst.jpg","type":"image\/jpeg"}],"twitter_card":"summary_large_image","twitter_misc":{"Price":"&euro;15.00","Availability":"In stock"},"schema":{"@context":"https:\/\/schema.org","@graph":[{"@type":"WebPage","@id":"https:\/\/www.xn--tuksimaailm-ffb.ee\/en\/product\/electric-scooter-inner-tube-10x2-54-152-90\/","url":"https:\/\/www.xn--tuksimaailm-ffb.ee\/en\/product\/electric-scooter-inner-tube-10x2-54-152-90\/","name":"Electric scooter inner tube 10x2\" 54-152 90\u00b0 &#8212; T\u00f5uksimaailm","isPartOf":{"@id":"https:\/\/www.xn--tuksimaailm-ffb.ee\/en\/#website"},"primaryImageOfPage":{"@id":"https:\/\/www.xn--tuksimaailm-ffb.ee\/en\/product\/electric-scooter-inner-tube-10x2-54-152-90\/#primaryimage"},"image":{"@id":"https:\/\/www.xn--tuksimaailm-ffb.ee\/en\/product\/electric-scooter-inner-tube-10x2-54-152-90\/#primaryimage"},"thumbnailUrl":"https:\/\/www.xn--tuksimaailm-ffb.ee\/wp-content\/uploads\/2020\/04\/sisekumm-10-tolli-54-152-sk10av-54152-cst.jpg","datePublished":"2020-04-14T14:21:07+00:00","description":"High quality 10x2\" 54-152 inner tyre for electric scooters. The inner tube is suitable for electric scooters with original 10x2,0\" \/ 10x2,10\" outer tyres.","breadcrumb":{"@id":"https:\/\/www.xn--tuksimaailm-ffb.ee\/en\/product\/electric-scooter-inner-tube-10x2-54-152-90\/#breadcrumb"},"inLanguage":"en-US","potentialAction":[{"@type":"ReadAction","target":["https:\/\/www.xn--tuksimaailm-ffb.ee\/en\/product\/electric-scooter-inner-tube-10x2-54-152-90\/"]}]},{"@type":"ImageObject","inLanguage":"en-US","@id":"https:\/\/www.xn--tuksimaailm-ffb.ee\/en\/product\/electric-scooter-inner-tube-10x2-54-152-90\/#primaryimage","url":"https:\/\/www.xn--tuksimaailm-ffb.ee\/wp-content\/uploads\/2020\/04\/sisekumm-10-tolli-54-152-sk10av-54152-cst.jpg","contentUrl":"https:\/\/www.xn--tuksimaailm-ffb.ee\/wp-content\/uploads\/2020\/04\/sisekumm-10-tolli-54-152-sk10av-54152-cst.jpg","width":600,"height":450,"caption":"Innertube CST 10x2"},{"@type":"BreadcrumbList","@id":"https:\/\/www.xn--tuksimaailm-ffb.ee\/en\/product\/electric-scooter-inner-tube-10x2-54-152-90\/#breadcrumb","itemListElement":[{"@type":"ListItem","position":1,"name":"Home","item":"https:\/\/www.xn--tuksimaailm-ffb.ee\/en\/main-page\/"},{"@type":"ListItem","position":2,"name":"Shop","item":"https:\/\/www.xn--tuksimaailm-ffb.ee\/elektritoukerataste-pood\/"},{"@type":"ListItem","position":3,"name":"Electric scooter inner tube 10x2\" 54-152 90\u00b0"}]},{"@type":"WebSite","@id":"https:\/\/www.xn--tuksimaailm-ffb.ee\/en\/#website","url":"https:\/\/www.xn--tuksimaailm-ffb.ee\/en\/","name":"T\u00f5uksimaailm","description":"Elektrit\u00f5ukerataste m\u00fc\u00fck, remont ja rent","publisher":{"@id":"https:\/\/www.xn--tuksimaailm-ffb.ee\/en\/#organization"},"potentialAction":[{"@type":"SearchAction","target":{"@type":"EntryPoint","urlTemplate":"https:\/\/www.xn--tuksimaailm-ffb.ee\/en\/?s={search_term_string}"},"query-input":{"@type":"PropertyValueSpecification","valueRequired":true,"valueName":"search_term_string"}}],"inLanguage":"en-US"},{"@type":"Organization","@id":"https:\/\/www.xn--tuksimaailm-ffb.ee\/en\/#organization","name":"T\u00f5uksimaailm","url":"https:\/\/www.xn--tuksimaailm-ffb.ee\/en\/","logo":{"@type":"ImageObject","inLanguage":"en-US","@id":"https:\/\/www.xn--tuksimaailm-ffb.ee\/en\/#\/schema\/logo\/image\/","url":"https:\/\/www.xn--tuksimaailm-ffb.ee\/wp-content\/uploads\/2020\/01\/logoz-e1579792875517.png","contentUrl":"https:\/\/www.xn--tuksimaailm-ffb.ee\/wp-content\/uploads\/2020\/01\/logoz-e1579792875517.png","width":250,"height":250,"caption":"T\u00f5uksimaailm"},"image":{"@id":"https:\/\/www.xn--tuksimaailm-ffb.ee\/en\/#\/schema\/logo\/image\/"},"sameAs":["https:\/\/www.facebook.com\/touksimaailm\/","https:\/\/www.instagram.com\/touksimaailm_\/","https:\/\/www.youtube.com\/channel\/UC18ml0EKIDLP1xGuQjFzcXQ"]}]},"product_price_amount":"15.00","product_price_currency":"EUR","og_availability":"instock","product_availability":"instock","product_condition":"new"},"jetpack_sharing_enabled":true,"_links":{"self":[{"href":"https:\/\/www.xn--tuksimaailm-ffb.ee\/en\/wp-json\/wp\/v2\/product\/51725","targetHints":{"allow":["GET"]}}],"collection":[{"href":"https:\/\/www.xn--tuksimaailm-ffb.ee\/en\/wp-json\/wp\/v2\/product"}],"about":[{"href":"https:\/\/www.xn--tuksimaailm-ffb.ee\/en\/wp-json\/wp\/v2\/types\/product"}],"wp:featuredmedia":[{"embeddable":true,"href":"https:\/\/www.xn--tuksimaailm-ffb.ee\/en\/wp-json\/wp\/v2\/media\/12021"}],"wp:attachment":[{"href":"https:\/\/www.xn--tuksimaailm-ffb.ee\/en\/wp-json\/wp\/v2\/media?parent=51725"}],"wp:term":[{"taxonomy":"product_brand","embeddable":true,"href":"https:\/\/www.xn--tuksimaailm-ffb.ee\/en\/wp-json\/wp\/v2\/product_brand?post=51725"},{"taxonomy":"product_cat","embeddable":true,"href":"https:\/\/www.xn--tuksimaailm-ffb.ee\/en\/wp-json\/wp\/v2\/product_cat?post=51725"},{"taxonomy":"product_tag","embeddable":true,"href":"https:\/\/www.xn--tuksimaailm-ffb.ee\/en\/wp-json\/wp\/v2\/product_tag?post=51725"},{"taxonomy":"filter_elektritoukeratas","embeddable":true,"href":"https:\/\/www.xn--tuksimaailm-ffb.ee\/en\/wp-json\/wp\/v2\/filter_elektritoukeratas?post=51725"}],"curies":[{"name":"wp","href":"https:\/\/api.w.org\/{rel}","templated":true}]}}