{"id":51744,"date":"2020-04-14T17:49:26","date_gmt":"2020-04-14T15:49:26","guid":{"rendered":"http:\/\/www.xn--tuksimaailm-ffb.ee\/shop\/electric-scooter-inner-tube-10x2-125-gpad-joyride\/"},"modified":"2024-12-10T17:26:39","modified_gmt":"2024-12-10T14:26:39","slug":"electric-scooter-inner-tube-10x2-125-gpad-joyride","status":"publish","type":"product","link":"https:\/\/www.xn--tuksimaailm-ffb.ee\/en\/product\/electric-scooter-inner-tube-10x2-125-gpad-joyride\/","title":{"rendered":"Electric scooter inner tube 10x2.125\" Gpad Joyride"},"content":{"rendered":"<p>High quality 10x2.125\" inner\/inner tube for electric scooter. The inner tube is suitable for all electric scooters with <b>10x2,0\", 10x2,10\", 10x2,125\", 10x2.20\" or 10x2.30<\/b> \" outer tyres. The inner hub of the electric scooter has an <b>auto-valve (AV)<\/b>, which can be inflated with most pumps. The angle of the valve is <b>45 degrees.<\/b> The direction of the valve is also at a 45 degree angle to the rotation axis of the inner tube.<\/p>\n<p>The inner tube is suitable for popular electric scooters such as the <b>Gpad Joyride (Eco\/Max)<\/b> and the <b>Joyor X1<\/b>. As electric scooter tyres, due to their small size and air capacity, are prone to internal tyre rupture due to shocks, we recommend checking the tyre pressure once every 2 weeks or before each ride if the electric scooter is ridden less frequently. When inflating the tyres, we strongly recommend the use of <a href=\"http:\/\/www.xn--tuksimaailm-ffb.ee\/tootekategooria\/lisavarustus\/\">pressure gauge pumps<\/a> to ensure the exact tyre pressure recommended by the electric scooter manufacturer. If you have problems <a href=\"https:\/\/www.youtube.com\/watch?v=9c5oaCgBtVA\">changing the inner tyre of<\/a> your electric scooter on your own, our <a href=\"http:\/\/www.xn--tuksimaailm-ffb.ee\/elektrilise-toukeratta-remont\/\">workshop<\/a> specialising in electric scooters can help. We can also carry out replacement of inner tubes on stand-by. You can read more about electric scooter tyre replacement in our <a href=\"http:\/\/www.xn--tuksimaailm-ffb.ee\/elektritoukeratta-rehvivahetus\/\">blog post<\/a>.<\/p>\n","protected":false},"excerpt":{"rendered":"<p><br data-mce-bogus=\"1\"><\/p>\n","protected":false},"featured_media":12025,"template":"","meta":[],"product_brand":[],"product_cat":[726],"product_tag":[3216,3204],"filter_elektritoukeratas":[2686,2687,2704,2697,2698,2714,2715,2717,2672,2670,2668,2694,2695,2693,2691,2692],"class_list":{"0":"post-51744","1":"product","2":"type-product","3":"status-publish","4":"has-post-thumbnail","6":"product_cat-spare-parts","7":"product_tag-gpad-spare-parts","8":"product_tag-inner-tubes","9":"pa_tootetuup-inner-tubes","10":"filter_elektritoukeratas-ft_blaupunkt_esc808","11":"filter_elektritoukeratas-ft_blaupunkt_esc910","12":"filter_elektritoukeratas-ft_gpad_joyride","13":"filter_elektritoukeratas-ft_hx_x7","14":"filter_elektritoukeratas-ft_hx_x8","15":"filter_elektritoukeratas-ft_inokim_ox_eco_hero_super","16":"filter_elektritoukeratas-ft_inokim_oxo","17":"filter_elektritoukeratas-ft_joyor_x1_x5s","18":"filter_elektritoukeratas-ft_kugoo_g2_master","19":"filter_elektritoukeratas-ft_kugoo_g2_max","20":"filter_elektritoukeratas-ft_kugoo_m4_m4_pro","21":"filter_elektritoukeratas-ft_velt_smart_eco","22":"filter_elektritoukeratas-ft_velt_smart_pro","23":"filter_elektritoukeratas-ft_velt_smart_x7","24":"filter_elektritoukeratas-ft_velt_smart_x8","25":"filter_elektritoukeratas-ft_velt_smart_x8_pro","27":"first","28":"instock","29":"taxable","30":"shipping-taxable","31":"purchasable","32":"product-type-simple"},"yoast_head":"<!-- This site is optimized with the Yoast SEO Premium plugin v26.8 (Yoast SEO v27.5) - https:\/\/yoast.com\/product\/yoast-seo-premium-wordpress\/ -->\n<title>Electric scooter inner tube 10x2.125&quot; Gpad Joyride | T\u00f5uksimaailm<\/title>\n<meta name=\"description\" content=\"High quality 10x2.125&quot; inner tube for electric scooters. Suitable for electric scooters such as Gpad Joyride, Eco, Max as well as electric scooters Joyor X1.\" \/>\n<meta name=\"robots\" content=\"index, follow, max-snippet:-1, max-image-preview:large, max-video-preview:-1\" \/>\n<link rel=\"canonical\" href=\"https:\/\/www.xn--tuksimaailm-ffb.ee\/en\/product\/electric-scooter-inner-tube-10x2-125-gpad-joyride\/\" \/>\n<meta property=\"og:locale\" content=\"en_US\" \/>\n<meta property=\"og:type\" content=\"article\" \/>\n<meta property=\"og:title\" content=\"Electric scooter inner tube 10x2.125&quot; Gpad Joyride\" \/>\n<meta property=\"og:description\" content=\"High quality 10x2.125&quot; inner tube for electric scooters. Suitable for electric scooters such as Gpad Joyride, Eco, Max as well as electric scooters Joyor X1.\" \/>\n<meta property=\"og:url\" content=\"https:\/\/www.xn--tuksimaailm-ffb.ee\/en\/product\/electric-scooter-inner-tube-10x2-125-gpad-joyride\/\" \/>\n<meta property=\"og:site_name\" content=\"T\u00f5uksimaailm\" \/>\n<meta property=\"article:publisher\" content=\"https:\/\/www.facebook.com\/touksimaailm\/\" \/>\n<meta property=\"article:modified_time\" content=\"2024-12-10T14:26:39+00:00\" \/>\n<meta property=\"og:image\" content=\"https:\/\/www.xn--tuksimaailm-ffb.ee\/wp-content\/uploads\/2020\/04\/10x2-45.jpg\" \/>\n\t<meta property=\"og:image:width\" content=\"960\" \/>\n\t<meta property=\"og:image:height\" content=\"960\" \/>\n\t<meta property=\"og:image:type\" content=\"image\/jpeg\" \/>\n<meta name=\"twitter:card\" content=\"summary_large_image\" \/>\n<meta name=\"twitter:label1\" content=\"Price\" \/>\n\t<meta name=\"twitter:data1\" content=\"&euro;10.00\" \/>\n\t<meta name=\"twitter:label2\" content=\"Availability\" \/>\n\t<meta name=\"twitter:data2\" content=\"In stock\" \/>\n<meta property=\"product:price:amount\" content=\"10.00\" \/>\n<meta property=\"product:price:currency\" content=\"EUR\" \/>\n<meta property=\"og:availability\" content=\"instock\" \/>\n<meta property=\"product:availability\" content=\"instock\" \/>\n<meta property=\"product:condition\" content=\"new\" \/>\n<!-- \/ Yoast SEO Premium plugin. -->","yoast_head_json":{"title":"Electric scooter inner tube 10x2.125\" Gpad Joyride | T\u00f5uksimaailm","description":"High quality 10x2.125\" inner tube for electric scooters. Suitable for electric scooters such as Gpad Joyride, Eco, Max as well as electric scooters Joyor X1.","robots":{"index":"index","follow":"follow","max-snippet":"max-snippet:-1","max-image-preview":"max-image-preview:large","max-video-preview":"max-video-preview:-1"},"canonical":"https:\/\/www.xn--tuksimaailm-ffb.ee\/en\/product\/electric-scooter-inner-tube-10x2-125-gpad-joyride\/","og_locale":"en_US","og_type":"article","og_title":"Electric scooter inner tube 10x2.125\" Gpad Joyride","og_description":"High quality 10x2.125\" inner tube for electric scooters. Suitable for electric scooters such as Gpad Joyride, Eco, Max as well as electric scooters Joyor X1.","og_url":"https:\/\/www.xn--tuksimaailm-ffb.ee\/en\/product\/electric-scooter-inner-tube-10x2-125-gpad-joyride\/","og_site_name":"T\u00f5uksimaailm","article_publisher":"https:\/\/www.facebook.com\/touksimaailm\/","article_modified_time":"2024-12-10T14:26:39+00:00","og_image":[{"width":960,"height":960,"url":"https:\/\/www.xn--tuksimaailm-ffb.ee\/wp-content\/uploads\/2020\/04\/10x2-45.jpg","type":"image\/jpeg"}],"twitter_card":"summary_large_image","twitter_misc":{"Price":"&euro;10.00","Availability":"In stock"},"schema":{"@context":"https:\/\/schema.org","@graph":[{"@type":"WebPage","@id":"https:\/\/www.xn--tuksimaailm-ffb.ee\/en\/product\/electric-scooter-inner-tube-10x2-125-gpad-joyride\/","url":"https:\/\/www.xn--tuksimaailm-ffb.ee\/en\/product\/electric-scooter-inner-tube-10x2-125-gpad-joyride\/","name":"Electric scooter inner tube 10x2.125\" Gpad Joyride | T\u00f5uksimaailm","isPartOf":{"@id":"https:\/\/www.xn--tuksimaailm-ffb.ee\/en\/#website"},"primaryImageOfPage":{"@id":"https:\/\/www.xn--tuksimaailm-ffb.ee\/en\/product\/electric-scooter-inner-tube-10x2-125-gpad-joyride\/#primaryimage"},"image":{"@id":"https:\/\/www.xn--tuksimaailm-ffb.ee\/en\/product\/electric-scooter-inner-tube-10x2-125-gpad-joyride\/#primaryimage"},"thumbnailUrl":"https:\/\/www.xn--tuksimaailm-ffb.ee\/wp-content\/uploads\/2020\/04\/10x2-45.jpg","datePublished":"2020-04-14T15:49:26+00:00","dateModified":"2024-12-10T14:26:39+00:00","description":"High quality 10x2.125\" inner tube for electric scooters. Suitable for electric scooters such as Gpad Joyride, Eco, Max as well as electric scooters Joyor X1.","breadcrumb":{"@id":"https:\/\/www.xn--tuksimaailm-ffb.ee\/en\/product\/electric-scooter-inner-tube-10x2-125-gpad-joyride\/#breadcrumb"},"inLanguage":"en-US","potentialAction":[{"@type":"ReadAction","target":["https:\/\/www.xn--tuksimaailm-ffb.ee\/en\/product\/electric-scooter-inner-tube-10x2-125-gpad-joyride\/"]}]},{"@type":"ImageObject","inLanguage":"en-US","@id":"https:\/\/www.xn--tuksimaailm-ffb.ee\/en\/product\/electric-scooter-inner-tube-10x2-125-gpad-joyride\/#primaryimage","url":"https:\/\/www.xn--tuksimaailm-ffb.ee\/wp-content\/uploads\/2020\/04\/10x2-45.jpg","contentUrl":"https:\/\/www.xn--tuksimaailm-ffb.ee\/wp-content\/uploads\/2020\/04\/10x2-45.jpg","width":960,"height":960,"caption":"Electricscooter inner tube Joyride Joyor"},{"@type":"BreadcrumbList","@id":"https:\/\/www.xn--tuksimaailm-ffb.ee\/en\/product\/electric-scooter-inner-tube-10x2-125-gpad-joyride\/#breadcrumb","itemListElement":[{"@type":"ListItem","position":1,"name":"Home","item":"https:\/\/www.xn--tuksimaailm-ffb.ee\/en\/main-page\/"},{"@type":"ListItem","position":2,"name":"Shop","item":"https:\/\/www.xn--tuksimaailm-ffb.ee\/elektritoukerataste-pood\/"},{"@type":"ListItem","position":3,"name":"Electric scooter inner tube 10x2.125\" Gpad Joyride"}]},{"@type":"WebSite","@id":"https:\/\/www.xn--tuksimaailm-ffb.ee\/en\/#website","url":"https:\/\/www.xn--tuksimaailm-ffb.ee\/en\/","name":"T\u00f5uksimaailm","description":"Elektrit\u00f5ukerataste m\u00fc\u00fck, remont ja rent","publisher":{"@id":"https:\/\/www.xn--tuksimaailm-ffb.ee\/en\/#organization"},"potentialAction":[{"@type":"SearchAction","target":{"@type":"EntryPoint","urlTemplate":"https:\/\/www.xn--tuksimaailm-ffb.ee\/en\/?s={search_term_string}"},"query-input":{"@type":"PropertyValueSpecification","valueRequired":true,"valueName":"search_term_string"}}],"inLanguage":"en-US"},{"@type":"Organization","@id":"https:\/\/www.xn--tuksimaailm-ffb.ee\/en\/#organization","name":"T\u00f5uksimaailm","url":"https:\/\/www.xn--tuksimaailm-ffb.ee\/en\/","logo":{"@type":"ImageObject","inLanguage":"en-US","@id":"https:\/\/www.xn--tuksimaailm-ffb.ee\/en\/#\/schema\/logo\/image\/","url":"https:\/\/www.xn--tuksimaailm-ffb.ee\/wp-content\/uploads\/2020\/01\/logoz-e1579792875517.png","contentUrl":"https:\/\/www.xn--tuksimaailm-ffb.ee\/wp-content\/uploads\/2020\/01\/logoz-e1579792875517.png","width":250,"height":250,"caption":"T\u00f5uksimaailm"},"image":{"@id":"https:\/\/www.xn--tuksimaailm-ffb.ee\/en\/#\/schema\/logo\/image\/"},"sameAs":["https:\/\/www.facebook.com\/touksimaailm\/","https:\/\/www.instagram.com\/touksimaailm_\/","https:\/\/www.youtube.com\/channel\/UC18ml0EKIDLP1xGuQjFzcXQ"]}]},"product_price_amount":"10.00","product_price_currency":"EUR","og_availability":"instock","product_availability":"instock","product_condition":"new"},"jetpack_sharing_enabled":true,"_links":{"self":[{"href":"https:\/\/www.xn--tuksimaailm-ffb.ee\/en\/wp-json\/wp\/v2\/product\/51744","targetHints":{"allow":["GET"]}}],"collection":[{"href":"https:\/\/www.xn--tuksimaailm-ffb.ee\/en\/wp-json\/wp\/v2\/product"}],"about":[{"href":"https:\/\/www.xn--tuksimaailm-ffb.ee\/en\/wp-json\/wp\/v2\/types\/product"}],"wp:featuredmedia":[{"embeddable":true,"href":"https:\/\/www.xn--tuksimaailm-ffb.ee\/en\/wp-json\/wp\/v2\/media\/12025"}],"wp:attachment":[{"href":"https:\/\/www.xn--tuksimaailm-ffb.ee\/en\/wp-json\/wp\/v2\/media?parent=51744"}],"wp:term":[{"taxonomy":"product_brand","embeddable":true,"href":"https:\/\/www.xn--tuksimaailm-ffb.ee\/en\/wp-json\/wp\/v2\/product_brand?post=51744"},{"taxonomy":"product_cat","embeddable":true,"href":"https:\/\/www.xn--tuksimaailm-ffb.ee\/en\/wp-json\/wp\/v2\/product_cat?post=51744"},{"taxonomy":"product_tag","embeddable":true,"href":"https:\/\/www.xn--tuksimaailm-ffb.ee\/en\/wp-json\/wp\/v2\/product_tag?post=51744"},{"taxonomy":"filter_elektritoukeratas","embeddable":true,"href":"https:\/\/www.xn--tuksimaailm-ffb.ee\/en\/wp-json\/wp\/v2\/filter_elektritoukeratas?post=51744"}],"curies":[{"name":"wp","href":"https:\/\/api.w.org\/{rel}","templated":true}]}}