{"id":51754,"date":"2020-11-08T15:21:17","date_gmt":"2020-11-08T13:21:17","guid":{"rendered":"http:\/\/www.xn--tuksimaailm-ffb.ee\/shop\/xiaomi-rear-mudguard-mi-m365-pro-white\/"},"modified":"2020-11-08T15:21:17","modified_gmt":"2020-11-08T12:21:17","slug":"xiaomi-rear-mudguard-mi-m365-pro-white","status":"publish","type":"product","link":"https:\/\/www.xn--tuksimaailm-ffb.ee\/en\/product\/xiaomi-rear-mudguard-mi-m365-pro-white\/","title":{"rendered":"Xiaomi rear mudguard Mi M365 Pro white"},"content":{"rendered":"<p style=\"color: #333333; font-family: Georgia, 'Times New Roman', 'Bitstream Charter', Times, serif;\">Electric scooter Xiaomi rear mudguard, plastic, white. We also offer a <a href=\"http:\/\/www.xn--tuksimaailm-ffb.ee\/shop\/xiaomi-tagaporilaud-mi-m365-pro-valge\/\"><strong>black colored rear mudguard<\/strong><\/a>. The rear mudguard is supplied with a hook for locking the electric scooter when folded. The mudguard is definitely suitable for the following popular models: Xiaomi Mi M365, Xiaomi Mi M365 Pro, also for clones\/copies, where the mudguard is equipped with 3 pins (4 pin mudguards are also common on M365 clones).<\/p>\n<p style=\"color: #333333; font-family: Georgia, 'Times New Roman', 'Bitstream Charter', Times, serif;\">If you have problems with the installation of the electric scooter mudguard, or the often associated repair of the rear light connection on your own, our\u00a0<a href=\"http:\/\/www.xn--tuksimaailm-ffb.ee\/elektrilise-toukeratta-remont\/\">workshop<\/a>\u00a0specialised in electric scooters can help.<\/p>\n","protected":false},"excerpt":{"rendered":"<p>Electric scooter Xiaomi rear mudguard, plastic, white. We also offer a black colored rear mudguard. The rear mudguard is supplied with a hook for locking the electric scooter when folded. The mudguard is definitely suitable for the following popular models: Xiaomi Mi M365, Xiaomi Mi M365 Pro, also for clones\/copies, &hellip;<\/p>\n","protected":false},"featured_media":26568,"template":"","meta":[],"product_brand":[],"product_cat":[726],"product_tag":[],"filter_elektritoukeratas":[2613,2612],"class_list":{"0":"post-51754","1":"product","2":"type-product","3":"status-publish","4":"has-post-thumbnail","6":"product_cat-spare-parts","7":"filter_elektritoukeratas-ft_xiaomi_1s_mi3_pro_2_3_lite","8":"filter_elektritoukeratas-ft_xiaomi_m365_m365_pro_essential","10":"first","11":"instock","12":"taxable","13":"shipping-taxable","14":"purchasable","15":"product-type-simple"},"yoast_head":"<!-- This site is optimized with the Yoast SEO Premium plugin v26.8 (Yoast SEO v27.5) - https:\/\/yoast.com\/product\/yoast-seo-premium-wordpress\/ -->\n<title>Xiaomi rear mudguard Mi M365 Pro white | T\u00f5uksimaailm | Spare parts<\/title>\n<meta name=\"description\" content=\"Xiaomi electric scooter mudguard (also known as mudguard, mudguard, mudguard, mudguard), suitable for Xiaomi Mi M365 and M365 Pro. White colour.\" \/>\n<meta name=\"robots\" content=\"index, follow, max-snippet:-1, max-image-preview:large, max-video-preview:-1\" \/>\n<link rel=\"canonical\" href=\"https:\/\/www.xn--tuksimaailm-ffb.ee\/en\/product\/xiaomi-rear-mudguard-mi-m365-pro-white\/\" \/>\n<meta property=\"og:locale\" content=\"en_US\" \/>\n<meta property=\"og:type\" content=\"article\" \/>\n<meta property=\"og:title\" content=\"Xiaomi rear mudguard Mi M365 Pro white\" \/>\n<meta property=\"og:description\" content=\"Xiaomi electric scooter mudguard (also known as mudguard, mudguard, mudguard, mudguard), suitable for Xiaomi Mi M365 and M365 Pro. White colour.\" \/>\n<meta property=\"og:url\" content=\"https:\/\/www.xn--tuksimaailm-ffb.ee\/en\/product\/xiaomi-rear-mudguard-mi-m365-pro-white\/\" \/>\n<meta property=\"og:site_name\" content=\"T\u00f5uksimaailm\" \/>\n<meta property=\"article:publisher\" content=\"https:\/\/www.facebook.com\/touksimaailm\/\" \/>\n<meta property=\"og:image\" content=\"https:\/\/www.xn--tuksimaailm-ffb.ee\/wp-content\/uploads\/2020\/11\/Xiaomi-tagaporilaud-Mi-M365-Pro-valge-v2.webp\" \/>\n\t<meta property=\"og:image:width\" content=\"1000\" \/>\n\t<meta property=\"og:image:height\" content=\"942\" \/>\n\t<meta property=\"og:image:type\" content=\"image\/webp\" \/>\n<meta name=\"twitter:card\" content=\"summary_large_image\" \/>\n<meta name=\"twitter:label1\" content=\"Price\" \/>\n\t<meta name=\"twitter:data1\" content=\"&euro;12.00\" \/>\n\t<meta name=\"twitter:label2\" content=\"Availability\" \/>\n\t<meta name=\"twitter:data2\" content=\"In stock\" \/>\n<meta property=\"product:price:amount\" content=\"12.00\" \/>\n<meta property=\"product:price:currency\" content=\"EUR\" \/>\n<meta property=\"og:availability\" content=\"instock\" \/>\n<meta property=\"product:availability\" content=\"instock\" \/>\n<meta property=\"product:retailer_item_id\" content=\"PORILAUD-M365-TAGUMINE-VALGE\" \/>\n<meta property=\"product:condition\" content=\"new\" \/>\n<!-- \/ Yoast SEO Premium plugin. -->","yoast_head_json":{"title":"Xiaomi rear mudguard Mi M365 Pro white | T\u00f5uksimaailm | Spare parts","description":"Xiaomi electric scooter mudguard (also known as mudguard, mudguard, mudguard, mudguard), suitable for Xiaomi Mi M365 and M365 Pro. White colour.","robots":{"index":"index","follow":"follow","max-snippet":"max-snippet:-1","max-image-preview":"max-image-preview:large","max-video-preview":"max-video-preview:-1"},"canonical":"https:\/\/www.xn--tuksimaailm-ffb.ee\/en\/product\/xiaomi-rear-mudguard-mi-m365-pro-white\/","og_locale":"en_US","og_type":"article","og_title":"Xiaomi rear mudguard Mi M365 Pro white","og_description":"Xiaomi electric scooter mudguard (also known as mudguard, mudguard, mudguard, mudguard), suitable for Xiaomi Mi M365 and M365 Pro. White colour.","og_url":"https:\/\/www.xn--tuksimaailm-ffb.ee\/en\/product\/xiaomi-rear-mudguard-mi-m365-pro-white\/","og_site_name":"T\u00f5uksimaailm","article_publisher":"https:\/\/www.facebook.com\/touksimaailm\/","og_image":[{"width":1000,"height":942,"url":"https:\/\/www.xn--tuksimaailm-ffb.ee\/wp-content\/uploads\/2020\/11\/Xiaomi-tagaporilaud-Mi-M365-Pro-valge-v2.webp","type":"image\/webp"}],"twitter_card":"summary_large_image","twitter_misc":{"Price":"&euro;12.00","Availability":"In stock"},"schema":{"@context":"https:\/\/schema.org","@graph":[{"@type":"WebPage","@id":"https:\/\/www.xn--tuksimaailm-ffb.ee\/en\/product\/xiaomi-rear-mudguard-mi-m365-pro-white\/","url":"https:\/\/www.xn--tuksimaailm-ffb.ee\/en\/product\/xiaomi-rear-mudguard-mi-m365-pro-white\/","name":"Xiaomi rear mudguard Mi M365 Pro white | T\u00f5uksimaailm | Spare parts","isPartOf":{"@id":"https:\/\/www.xn--tuksimaailm-ffb.ee\/en\/#website"},"primaryImageOfPage":{"@id":"https:\/\/www.xn--tuksimaailm-ffb.ee\/en\/product\/xiaomi-rear-mudguard-mi-m365-pro-white\/#primaryimage"},"image":{"@id":"https:\/\/www.xn--tuksimaailm-ffb.ee\/en\/product\/xiaomi-rear-mudguard-mi-m365-pro-white\/#primaryimage"},"thumbnailUrl":"https:\/\/www.xn--tuksimaailm-ffb.ee\/wp-content\/uploads\/2020\/11\/Xiaomi-tagaporilaud-Mi-M365-Pro-valge-v2.webp","datePublished":"2020-11-08T13:21:17+00:00","description":"Xiaomi electric scooter mudguard (also known as mudguard, mudguard, mudguard, mudguard), suitable for Xiaomi Mi M365 and M365 Pro. White colour.","breadcrumb":{"@id":"https:\/\/www.xn--tuksimaailm-ffb.ee\/en\/product\/xiaomi-rear-mudguard-mi-m365-pro-white\/#breadcrumb"},"inLanguage":"en-US","potentialAction":[{"@type":"ReadAction","target":["https:\/\/www.xn--tuksimaailm-ffb.ee\/en\/product\/xiaomi-rear-mudguard-mi-m365-pro-white\/"]}]},{"@type":"ImageObject","inLanguage":"en-US","@id":"https:\/\/www.xn--tuksimaailm-ffb.ee\/en\/product\/xiaomi-rear-mudguard-mi-m365-pro-white\/#primaryimage","url":"https:\/\/www.xn--tuksimaailm-ffb.ee\/wp-content\/uploads\/2020\/11\/Xiaomi-tagaporilaud-Mi-M365-Pro-valge-v2.webp","contentUrl":"https:\/\/www.xn--tuksimaailm-ffb.ee\/wp-content\/uploads\/2020\/11\/Xiaomi-tagaporilaud-Mi-M365-Pro-valge-v2.webp","width":1000,"height":942,"caption":"Xiaomi rear mudguard Mi M365 Pro white -v2"},{"@type":"BreadcrumbList","@id":"https:\/\/www.xn--tuksimaailm-ffb.ee\/en\/product\/xiaomi-rear-mudguard-mi-m365-pro-white\/#breadcrumb","itemListElement":[{"@type":"ListItem","position":1,"name":"Home","item":"https:\/\/www.xn--tuksimaailm-ffb.ee\/en\/main-page\/"},{"@type":"ListItem","position":2,"name":"Shop","item":"https:\/\/www.xn--tuksimaailm-ffb.ee\/elektritoukerataste-pood\/"},{"@type":"ListItem","position":3,"name":"Xiaomi rear mudguard Mi M365 Pro white"}]},{"@type":"WebSite","@id":"https:\/\/www.xn--tuksimaailm-ffb.ee\/en\/#website","url":"https:\/\/www.xn--tuksimaailm-ffb.ee\/en\/","name":"T\u00f5uksimaailm","description":"Elektrit\u00f5ukerataste m\u00fc\u00fck, remont ja rent","publisher":{"@id":"https:\/\/www.xn--tuksimaailm-ffb.ee\/en\/#organization"},"potentialAction":[{"@type":"SearchAction","target":{"@type":"EntryPoint","urlTemplate":"https:\/\/www.xn--tuksimaailm-ffb.ee\/en\/?s={search_term_string}"},"query-input":{"@type":"PropertyValueSpecification","valueRequired":true,"valueName":"search_term_string"}}],"inLanguage":"en-US"},{"@type":"Organization","@id":"https:\/\/www.xn--tuksimaailm-ffb.ee\/en\/#organization","name":"T\u00f5uksimaailm","url":"https:\/\/www.xn--tuksimaailm-ffb.ee\/en\/","logo":{"@type":"ImageObject","inLanguage":"en-US","@id":"https:\/\/www.xn--tuksimaailm-ffb.ee\/en\/#\/schema\/logo\/image\/","url":"https:\/\/www.xn--tuksimaailm-ffb.ee\/wp-content\/uploads\/2020\/01\/logoz-e1579792875517.png","contentUrl":"https:\/\/www.xn--tuksimaailm-ffb.ee\/wp-content\/uploads\/2020\/01\/logoz-e1579792875517.png","width":250,"height":250,"caption":"T\u00f5uksimaailm"},"image":{"@id":"https:\/\/www.xn--tuksimaailm-ffb.ee\/en\/#\/schema\/logo\/image\/"},"sameAs":["https:\/\/www.facebook.com\/touksimaailm\/","https:\/\/www.instagram.com\/touksimaailm_\/","https:\/\/www.youtube.com\/channel\/UC18ml0EKIDLP1xGuQjFzcXQ"]}]},"product_price_amount":"12.00","product_price_currency":"EUR","og_availability":"instock","product_availability":"instock","product_retailer_item_id":"PORILAUD-M365-TAGUMINE-VALGE","product_condition":"new"},"jetpack_sharing_enabled":true,"_links":{"self":[{"href":"https:\/\/www.xn--tuksimaailm-ffb.ee\/en\/wp-json\/wp\/v2\/product\/51754","targetHints":{"allow":["GET"]}}],"collection":[{"href":"https:\/\/www.xn--tuksimaailm-ffb.ee\/en\/wp-json\/wp\/v2\/product"}],"about":[{"href":"https:\/\/www.xn--tuksimaailm-ffb.ee\/en\/wp-json\/wp\/v2\/types\/product"}],"wp:featuredmedia":[{"embeddable":true,"href":"https:\/\/www.xn--tuksimaailm-ffb.ee\/en\/wp-json\/wp\/v2\/media\/26568"}],"wp:attachment":[{"href":"https:\/\/www.xn--tuksimaailm-ffb.ee\/en\/wp-json\/wp\/v2\/media?parent=51754"}],"wp:term":[{"taxonomy":"product_brand","embeddable":true,"href":"https:\/\/www.xn--tuksimaailm-ffb.ee\/en\/wp-json\/wp\/v2\/product_brand?post=51754"},{"taxonomy":"product_cat","embeddable":true,"href":"https:\/\/www.xn--tuksimaailm-ffb.ee\/en\/wp-json\/wp\/v2\/product_cat?post=51754"},{"taxonomy":"product_tag","embeddable":true,"href":"https:\/\/www.xn--tuksimaailm-ffb.ee\/en\/wp-json\/wp\/v2\/product_tag?post=51754"},{"taxonomy":"filter_elektritoukeratas","embeddable":true,"href":"https:\/\/www.xn--tuksimaailm-ffb.ee\/en\/wp-json\/wp\/v2\/filter_elektritoukeratas?post=51754"}],"curies":[{"name":"wp","href":"https:\/\/api.w.org\/{rel}","templated":true}]}}