{"id":52108,"date":"2020-11-08T17:17:08","date_gmt":"2020-11-08T17:17:08","guid":{"rendered":"http:\/\/www.xn--tuksimaailm-ffb.ee\/shop\/xiaomi-m365-pro-2-brake-pads\/"},"modified":"2020-11-08T17:17:08","modified_gmt":"2020-11-08T14:17:08","slug":"xiaomi-m365-pro-2-brake-pads","status":"publish","type":"product","link":"https:\/\/www.xn--tuksimaailm-ffb.ee\/en\/product\/xiaomi-m365-pro-2-brake-pads\/","title":{"rendered":"Xiaomi M365 Pro 2 brake pads"},"content":{"rendered":"<p>Brake pads for Xiaomi M365 Pro and Pro 2 electric scooter (not for \"normal\" M365). Set includes 1 pair (2 pads). Original Xiaomi M365 Pro 2 brake pads for electric scooter fit the popular <a href=\"http:\/\/www.xn--tuksimaailm-ffb.ee\/shop\/elektriline-toukeratas-xiaomi-mi-m365-pro\/\">Xiaomi Mi M365 Pro<\/a> and <a href=\"https:\/\/www.mi.com\/global\/mi-electric-scooter-Pro2\/\">Xiaomi Mi Pro 2<\/a> models. Brake pads are not suitable for <a href=\"http:\/\/www.xn--tuksimaailm-ffb.ee\/shop\/elektritouks_xiaomi-360\/\">Mi M365<\/a>! Mi M365 brake pads can be found <a href=\"http:\/\/www.xn--tuksimaailm-ffb.ee\/shop\/xiaomi-piduriklotsid-mi-m365\/\">here<\/a>. If you need to replace your electric scooter brake pads, or if you are having trouble with the brake adjustment that always comes with replacing them, our specialist electric scooter <a href=\"http:\/\/www.xn--tuksimaailm-ffb.ee\/elektrilise-toukeratta-remont\/\">workshop<\/a> can help.<\/p>\n<p>Before you buy new brake pads, we recommend you check whether the poor braking performance is definitely due to pad wear (or oil contamination) or whether it is just a stretched cable that needs tightening. In most cases, it is the brake adjustment that is needed, not the replacement of the brake pads. We also offer <a href=\"http:\/\/www.xn--tuksimaailm-ffb.ee\/shop\/xiaomi-hudrauliline-pidur-xtech-m365-1s-pro-2\/\">a hydraulic brake kit<\/a> for Xiaomi .<\/p>\n","protected":false},"excerpt":{"rendered":"<p>Brake pads for Xiaomi M365 Pro and Pro 2 electric scooter (not for \"normal\" M365). Set includes 1 pair (2 pads). Original Xiaomi M365 Pro 2 brake pads for electric scooter fit the popular Xiaomi Mi M365 Pro and Xiaomi Mi Pro 2 models. Brake pads are not suitable for &hellip;<\/p>\n","protected":false},"featured_media":79678,"template":"","meta":[],"product_brand":[],"product_cat":[726],"product_tag":[3236],"filter_elektritoukeratas":[2673,2613,2612],"class_list":{"0":"post-52108","1":"product","2":"type-product","3":"status-publish","4":"has-post-thumbnail","6":"product_cat-spare-parts","7":"product_tag-brake-pads","8":"pa_tootetuup-brake-pads","9":"filter_elektritoukeratas-ft_kugoo_g3","10":"filter_elektritoukeratas-ft_xiaomi_1s_mi3_pro_2_3_lite","11":"filter_elektritoukeratas-ft_xiaomi_m365_m365_pro_essential","13":"first","14":"instock","15":"taxable","16":"shipping-taxable","17":"purchasable","18":"product-type-simple"},"yoast_head":"<!-- This site is optimized with the Yoast SEO Premium plugin v26.8 (Yoast SEO v27.5) - https:\/\/yoast.com\/product\/yoast-seo-premium-wordpress\/ -->\n<title>Xiaomi M365 Pro 2 brake pads &#8212; T\u00f5uksimaailm - Spare parts<\/title>\n<meta name=\"description\" content=\"Brake pads for Xiaomi Mi M365 Pro and Pro 2 electric scooter, original, suitable for Xiaomi Mi M365 Pro and Mi Pro 2. Xiaomi M365.\" \/>\n<meta name=\"robots\" content=\"index, follow, max-snippet:-1, max-image-preview:large, max-video-preview:-1\" \/>\n<link rel=\"canonical\" href=\"https:\/\/www.xn--tuksimaailm-ffb.ee\/en\/product\/xiaomi-m365-pro-2-brake-pads\/\" \/>\n<meta property=\"og:locale\" content=\"en_US\" \/>\n<meta property=\"og:type\" content=\"article\" \/>\n<meta property=\"og:title\" content=\"Xiaomi M365 Pro 2 brake pads\" \/>\n<meta property=\"og:description\" content=\"Brake pads for Xiaomi Mi M365 Pro and Pro 2 electric scooter, original, suitable for Xiaomi Mi M365 Pro and Mi Pro 2. Xiaomi M365.\" \/>\n<meta property=\"og:url\" content=\"https:\/\/www.xn--tuksimaailm-ffb.ee\/en\/product\/xiaomi-m365-pro-2-brake-pads\/\" \/>\n<meta property=\"og:site_name\" content=\"T\u00f5uksimaailm\" \/>\n<meta property=\"article:publisher\" content=\"https:\/\/www.facebook.com\/touksimaailm\/\" \/>\n<meta property=\"og:image\" content=\"https:\/\/www.xn--tuksimaailm-ffb.ee\/wp-content\/uploads\/2020\/11\/touksimaailm-05120-scaled.jpg\" \/>\n\t<meta property=\"og:image:width\" content=\"2560\" \/>\n\t<meta property=\"og:image:height\" content=\"1692\" \/>\n\t<meta property=\"og:image:type\" content=\"image\/jpeg\" \/>\n<meta name=\"twitter:card\" content=\"summary_large_image\" \/>\n<meta name=\"twitter:label1\" content=\"Price\" \/>\n\t<meta name=\"twitter:data1\" content=\"&euro;10.00\" \/>\n\t<meta name=\"twitter:label2\" content=\"Availability\" \/>\n\t<meta name=\"twitter:data2\" content=\"In stock\" \/>\n<meta property=\"product:price:amount\" content=\"10.00\" \/>\n<meta property=\"product:price:currency\" content=\"EUR\" \/>\n<meta property=\"og:availability\" content=\"instock\" \/>\n<meta property=\"product:availability\" content=\"instock\" \/>\n<meta property=\"product:condition\" content=\"new\" \/>\n<!-- \/ Yoast SEO Premium plugin. -->","yoast_head_json":{"title":"Xiaomi M365 Pro 2 brake pads &#8212; T\u00f5uksimaailm - Spare parts","description":"Brake pads for Xiaomi Mi M365 Pro and Pro 2 electric scooter, original, suitable for Xiaomi Mi M365 Pro and Mi Pro 2. Xiaomi M365.","robots":{"index":"index","follow":"follow","max-snippet":"max-snippet:-1","max-image-preview":"max-image-preview:large","max-video-preview":"max-video-preview:-1"},"canonical":"https:\/\/www.xn--tuksimaailm-ffb.ee\/en\/product\/xiaomi-m365-pro-2-brake-pads\/","og_locale":"en_US","og_type":"article","og_title":"Xiaomi M365 Pro 2 brake pads","og_description":"Brake pads for Xiaomi Mi M365 Pro and Pro 2 electric scooter, original, suitable for Xiaomi Mi M365 Pro and Mi Pro 2. Xiaomi M365.","og_url":"https:\/\/www.xn--tuksimaailm-ffb.ee\/en\/product\/xiaomi-m365-pro-2-brake-pads\/","og_site_name":"T\u00f5uksimaailm","article_publisher":"https:\/\/www.facebook.com\/touksimaailm\/","og_image":[{"width":2560,"height":1692,"url":"https:\/\/www.xn--tuksimaailm-ffb.ee\/wp-content\/uploads\/2020\/11\/touksimaailm-05120-scaled.jpg","type":"image\/jpeg"}],"twitter_card":"summary_large_image","twitter_misc":{"Price":"&euro;10.00","Availability":"In stock"},"schema":{"@context":"https:\/\/schema.org","@graph":[{"@type":"WebPage","@id":"https:\/\/www.xn--tuksimaailm-ffb.ee\/en\/product\/xiaomi-m365-pro-2-brake-pads\/","url":"https:\/\/www.xn--tuksimaailm-ffb.ee\/en\/product\/xiaomi-m365-pro-2-brake-pads\/","name":"Xiaomi M365 Pro 2 brake pads &#8212; T\u00f5uksimaailm - Spare parts","isPartOf":{"@id":"https:\/\/www.xn--tuksimaailm-ffb.ee\/en\/#website"},"primaryImageOfPage":{"@id":"https:\/\/www.xn--tuksimaailm-ffb.ee\/en\/product\/xiaomi-m365-pro-2-brake-pads\/#primaryimage"},"image":{"@id":"https:\/\/www.xn--tuksimaailm-ffb.ee\/en\/product\/xiaomi-m365-pro-2-brake-pads\/#primaryimage"},"thumbnailUrl":"https:\/\/www.xn--tuksimaailm-ffb.ee\/wp-content\/uploads\/2020\/11\/Screenshot-2026-02-21-191551.webp","datePublished":"2020-11-08T17:17:08+00:00","description":"Brake pads for Xiaomi Mi M365 Pro and Pro 2 electric scooter, original, suitable for Xiaomi Mi M365 Pro and Mi Pro 2. Xiaomi M365.","breadcrumb":{"@id":"https:\/\/www.xn--tuksimaailm-ffb.ee\/en\/product\/xiaomi-m365-pro-2-brake-pads\/#breadcrumb"},"inLanguage":"en-US","potentialAction":[{"@type":"ReadAction","target":["https:\/\/www.xn--tuksimaailm-ffb.ee\/en\/product\/xiaomi-m365-pro-2-brake-pads\/"]}]},{"@type":"ImageObject","inLanguage":"en-US","@id":"https:\/\/www.xn--tuksimaailm-ffb.ee\/en\/product\/xiaomi-m365-pro-2-brake-pads\/#primaryimage","url":"https:\/\/www.xn--tuksimaailm-ffb.ee\/wp-content\/uploads\/2020\/11\/Screenshot-2026-02-21-191551.webp","contentUrl":"https:\/\/www.xn--tuksimaailm-ffb.ee\/wp-content\/uploads\/2020\/11\/Screenshot-2026-02-21-191551.webp","width":633,"height":586,"caption":"Xiaomi M365 Pro 2 piduriklotsid"},{"@type":"BreadcrumbList","@id":"https:\/\/www.xn--tuksimaailm-ffb.ee\/en\/product\/xiaomi-m365-pro-2-brake-pads\/#breadcrumb","itemListElement":[{"@type":"ListItem","position":1,"name":"Home","item":"https:\/\/www.xn--tuksimaailm-ffb.ee\/en\/main-page\/"},{"@type":"ListItem","position":2,"name":"Shop","item":"https:\/\/www.xn--tuksimaailm-ffb.ee\/elektritoukerataste-pood\/"},{"@type":"ListItem","position":3,"name":"Xiaomi M365 Pro 2 brake pads"}]},{"@type":"WebSite","@id":"https:\/\/www.xn--tuksimaailm-ffb.ee\/en\/#website","url":"https:\/\/www.xn--tuksimaailm-ffb.ee\/en\/","name":"T\u00f5uksimaailm","description":"Elektrit\u00f5ukerataste m\u00fc\u00fck, remont ja rent","publisher":{"@id":"https:\/\/www.xn--tuksimaailm-ffb.ee\/en\/#organization"},"potentialAction":[{"@type":"SearchAction","target":{"@type":"EntryPoint","urlTemplate":"https:\/\/www.xn--tuksimaailm-ffb.ee\/en\/?s={search_term_string}"},"query-input":{"@type":"PropertyValueSpecification","valueRequired":true,"valueName":"search_term_string"}}],"inLanguage":"en-US"},{"@type":"Organization","@id":"https:\/\/www.xn--tuksimaailm-ffb.ee\/en\/#organization","name":"T\u00f5uksimaailm","url":"https:\/\/www.xn--tuksimaailm-ffb.ee\/en\/","logo":{"@type":"ImageObject","inLanguage":"en-US","@id":"https:\/\/www.xn--tuksimaailm-ffb.ee\/en\/#\/schema\/logo\/image\/","url":"https:\/\/www.xn--tuksimaailm-ffb.ee\/wp-content\/uploads\/2020\/01\/logoz-e1579792875517.png","contentUrl":"https:\/\/www.xn--tuksimaailm-ffb.ee\/wp-content\/uploads\/2020\/01\/logoz-e1579792875517.png","width":250,"height":250,"caption":"T\u00f5uksimaailm"},"image":{"@id":"https:\/\/www.xn--tuksimaailm-ffb.ee\/en\/#\/schema\/logo\/image\/"},"sameAs":["https:\/\/www.facebook.com\/touksimaailm\/","https:\/\/www.instagram.com\/touksimaailm_\/","https:\/\/www.youtube.com\/channel\/UC18ml0EKIDLP1xGuQjFzcXQ"]}]},"product_price_amount":"10.00","product_price_currency":"EUR","og_availability":"instock","product_availability":"instock","product_condition":"new"},"jetpack_sharing_enabled":true,"_links":{"self":[{"href":"https:\/\/www.xn--tuksimaailm-ffb.ee\/en\/wp-json\/wp\/v2\/product\/52108","targetHints":{"allow":["GET"]}}],"collection":[{"href":"https:\/\/www.xn--tuksimaailm-ffb.ee\/en\/wp-json\/wp\/v2\/product"}],"about":[{"href":"https:\/\/www.xn--tuksimaailm-ffb.ee\/en\/wp-json\/wp\/v2\/types\/product"}],"wp:featuredmedia":[{"embeddable":true,"href":"https:\/\/www.xn--tuksimaailm-ffb.ee\/en\/wp-json\/wp\/v2\/media\/79678"}],"wp:attachment":[{"href":"https:\/\/www.xn--tuksimaailm-ffb.ee\/en\/wp-json\/wp\/v2\/media?parent=52108"}],"wp:term":[{"taxonomy":"product_brand","embeddable":true,"href":"https:\/\/www.xn--tuksimaailm-ffb.ee\/en\/wp-json\/wp\/v2\/product_brand?post=52108"},{"taxonomy":"product_cat","embeddable":true,"href":"https:\/\/www.xn--tuksimaailm-ffb.ee\/en\/wp-json\/wp\/v2\/product_cat?post=52108"},{"taxonomy":"product_tag","embeddable":true,"href":"https:\/\/www.xn--tuksimaailm-ffb.ee\/en\/wp-json\/wp\/v2\/product_tag?post=52108"},{"taxonomy":"filter_elektritoukeratas","embeddable":true,"href":"https:\/\/www.xn--tuksimaailm-ffb.ee\/en\/wp-json\/wp\/v2\/filter_elektritoukeratas?post=52108"}],"curies":[{"name":"wp","href":"https:\/\/api.w.org\/{rel}","templated":true}]}}