{"id":52109,"date":"2020-11-08T17:33:07","date_gmt":"2020-11-08T15:33:07","guid":{"rendered":"http:\/\/www.xn--tuksimaailm-ffb.ee\/shop\/xiaomi-brake-disc-110mm-mi-m365-1s\/"},"modified":"2020-11-08T17:33:07","modified_gmt":"2020-11-08T14:33:07","slug":"xiaomi-brake-disc-110mm-mi-m365-1s","status":"publish","type":"product","link":"https:\/\/www.xn--tuksimaailm-ffb.ee\/en\/product\/xiaomi-brake-disc-110mm-mi-m365-1s\/","title":{"rendered":"Xiaomi brake disc 110mm Mi M365 1S"},"content":{"rendered":"<p>Xiaomi electric scooter brake disc (also rotor, brake rotor). Original, disc diameter <strong>110mm<\/strong>, number of mounting bolts <strong>5<\/strong>. The Xiaomi electric scooter brake disc is suitable for the popular <a href=\"http:\/\/www.xn--tuksimaailm-ffb.ee\/shop\/elektritouks_xiaomi-360\/\"><strong>Xiaomi Mi M365<\/strong><\/a> and <a href=\"https:\/\/www.mi.com\/global\/mi-electric-scooter-1S\/\"><strong>Xiaomi Mi 1S<\/strong><\/a> models and most Xiaomi clones \/ copies (Macwheel, Sermangreen, Citiway, E-Wheels E2S V2, Xiaomi Essential and many others). The brake disc is also suitable for all other electrics that use 110mm 5-pole brake discs.<\/p>\n<p>The brake disc is not suitable for the M365 Pro! The M365 Pro (also Pro 2) 120mm brake disc can be found <a href=\"http:\/\/www.xn--tuksimaailm-ffb.ee\/shop\/xiaomi-pro-piduriketas-120mm-mi-m365-pro-1s\/\">here<\/a>.<\/p>\n<p>If you have any problems with the replacement of your electric scooter's brake disc, or with the brake adjustment that always accompanies the replacement, our specialist electric scooter <a href=\"http:\/\/www.xn--tuksimaailm-ffb.ee\/elektrilise-toukeratta-remont\/\">workshop<\/a> can help. Replacement of the brake disc of an electric scooter is necessary if the disc is twisted or worn thin over time due to an accident or other external damage. In the first case, straightening the brake disc can sometimes help.<\/p>\n","protected":false},"excerpt":{"rendered":"<p>Xiaomi electric scooter brake disc (also rotor, brake rotor). Original, disc diameter 110mm, number of mounting bolts 5. The Xiaomi electric scooter brake disc is suitable for the popular Xiaomi Mi M365 and Xiaomi Mi 1S models and most Xiaomi clones \/ copies (Macwheel, Sermangreen, Citiway, E-Wheels E2S V2, Xiaomi &hellip;<\/p>\n","protected":false},"featured_media":29171,"template":"","meta":[],"product_brand":[],"product_cat":[726],"product_tag":[3226,3209],"filter_elektritoukeratas":[2613,2612],"class_list":{"0":"post-52109","1":"product","2":"type-product","3":"status-publish","4":"has-post-thumbnail","6":"product_cat-spare-parts","7":"product_tag-brakedetails","8":"product_tag-xiaomi-spare-parts","9":"pa_tootetuup-brakedetails","10":"filter_elektritoukeratas-ft_xiaomi_1s_mi3_pro_2_3_lite","11":"filter_elektritoukeratas-ft_xiaomi_m365_m365_pro_essential","13":"first","14":"instock","15":"taxable","16":"shipping-taxable","17":"purchasable","18":"product-type-simple"},"yoast_head":"<!-- This site is optimized with the Yoast SEO Premium plugin v26.8 (Yoast SEO v27.3) - https:\/\/yoast.com\/product\/yoast-seo-premium-wordpress\/ -->\n<title>Xiaomi brake disc 110mm Mi M365 1S | T\u00f5uksimaailm | Spare parts<\/title>\n<meta name=\"description\" content=\"Electric scooter Xiaomi brake disc 110mm 5-bolt, for Xiaomi M365, Xiaomi Mi 1S and other electric scooters with 110mm disc.\" \/>\n<meta name=\"robots\" content=\"index, follow, max-snippet:-1, max-image-preview:large, max-video-preview:-1\" \/>\n<link rel=\"canonical\" href=\"https:\/\/www.xn--tuksimaailm-ffb.ee\/en\/product\/xiaomi-brake-disc-110mm-mi-m365-1s\/\" \/>\n<meta property=\"og:locale\" content=\"en_US\" \/>\n<meta property=\"og:type\" content=\"article\" \/>\n<meta property=\"og:title\" content=\"Xiaomi brake disc 110mm Mi M365 1S\" \/>\n<meta property=\"og:description\" content=\"Electric scooter Xiaomi brake disc 110mm 5-bolt, for Xiaomi M365, Xiaomi Mi 1S and other electric scooters with 110mm disc.\" \/>\n<meta property=\"og:url\" content=\"https:\/\/www.xn--tuksimaailm-ffb.ee\/en\/product\/xiaomi-brake-disc-110mm-mi-m365-1s\/\" \/>\n<meta property=\"og:site_name\" content=\"T\u00f5uksimaailm\" \/>\n<meta property=\"article:publisher\" content=\"https:\/\/www.facebook.com\/touksimaailm\/\" \/>\n<meta property=\"og:image\" content=\"https:\/\/www.xn--tuksimaailm-ffb.ee\/wp-content\/uploads\/2020\/11\/piduriketas-110mm.jpg\" \/>\n\t<meta property=\"og:image:width\" content=\"506\" \/>\n\t<meta property=\"og:image:height\" content=\"460\" \/>\n\t<meta property=\"og:image:type\" content=\"image\/jpeg\" \/>\n<meta name=\"twitter:card\" content=\"summary_large_image\" \/>\n<meta name=\"twitter:label1\" content=\"Price\" \/>\n\t<meta name=\"twitter:data1\" content=\"&euro;9.50\" \/>\n\t<meta name=\"twitter:label2\" content=\"Availability\" \/>\n\t<meta name=\"twitter:data2\" content=\"In stock\" \/>\n<meta property=\"product:price:amount\" content=\"9.50\" \/>\n<meta property=\"product:price:currency\" content=\"EUR\" \/>\n<meta property=\"og:availability\" content=\"instock\" \/>\n<meta property=\"product:availability\" content=\"instock\" \/>\n<meta property=\"product:retailer_item_id\" content=\"PIDURIKETAS-XIAOMI-110MM\" \/>\n<meta property=\"product:condition\" content=\"new\" \/>\n<!-- \/ Yoast SEO Premium plugin. -->","yoast_head_json":{"title":"Xiaomi brake disc 110mm Mi M365 1S | T\u00f5uksimaailm | Spare parts","description":"Electric scooter Xiaomi brake disc 110mm 5-bolt, for Xiaomi M365, Xiaomi Mi 1S and other electric scooters with 110mm disc.","robots":{"index":"index","follow":"follow","max-snippet":"max-snippet:-1","max-image-preview":"max-image-preview:large","max-video-preview":"max-video-preview:-1"},"canonical":"https:\/\/www.xn--tuksimaailm-ffb.ee\/en\/product\/xiaomi-brake-disc-110mm-mi-m365-1s\/","og_locale":"en_US","og_type":"article","og_title":"Xiaomi brake disc 110mm Mi M365 1S","og_description":"Electric scooter Xiaomi brake disc 110mm 5-bolt, for Xiaomi M365, Xiaomi Mi 1S and other electric scooters with 110mm disc.","og_url":"https:\/\/www.xn--tuksimaailm-ffb.ee\/en\/product\/xiaomi-brake-disc-110mm-mi-m365-1s\/","og_site_name":"T\u00f5uksimaailm","article_publisher":"https:\/\/www.facebook.com\/touksimaailm\/","og_image":[{"width":506,"height":460,"url":"https:\/\/www.xn--tuksimaailm-ffb.ee\/wp-content\/uploads\/2020\/11\/piduriketas-110mm.jpg","type":"image\/jpeg"}],"twitter_card":"summary_large_image","twitter_misc":{"Price":"&euro;9.50","Availability":"In stock"},"schema":{"@context":"https:\/\/schema.org","@graph":[{"@type":"WebPage","@id":"https:\/\/www.xn--tuksimaailm-ffb.ee\/en\/product\/xiaomi-brake-disc-110mm-mi-m365-1s\/","url":"https:\/\/www.xn--tuksimaailm-ffb.ee\/en\/product\/xiaomi-brake-disc-110mm-mi-m365-1s\/","name":"Xiaomi brake disc 110mm Mi M365 1S | T\u00f5uksimaailm | Spare parts","isPartOf":{"@id":"https:\/\/www.xn--tuksimaailm-ffb.ee\/en\/#website"},"primaryImageOfPage":{"@id":"https:\/\/www.xn--tuksimaailm-ffb.ee\/en\/product\/xiaomi-brake-disc-110mm-mi-m365-1s\/#primaryimage"},"image":{"@id":"https:\/\/www.xn--tuksimaailm-ffb.ee\/en\/product\/xiaomi-brake-disc-110mm-mi-m365-1s\/#primaryimage"},"thumbnailUrl":"https:\/\/www.xn--tuksimaailm-ffb.ee\/wp-content\/uploads\/2020\/11\/piduriketas-110mm.jpg","datePublished":"2020-11-08T15:33:07+00:00","description":"Electric scooter Xiaomi brake disc 110mm 5-bolt, for Xiaomi M365, Xiaomi Mi 1S and other electric scooters with 110mm disc.","breadcrumb":{"@id":"https:\/\/www.xn--tuksimaailm-ffb.ee\/en\/product\/xiaomi-brake-disc-110mm-mi-m365-1s\/#breadcrumb"},"inLanguage":"en-US","potentialAction":[{"@type":"ReadAction","target":["https:\/\/www.xn--tuksimaailm-ffb.ee\/en\/product\/xiaomi-brake-disc-110mm-mi-m365-1s\/"]}]},{"@type":"ImageObject","inLanguage":"en-US","@id":"https:\/\/www.xn--tuksimaailm-ffb.ee\/en\/product\/xiaomi-brake-disc-110mm-mi-m365-1s\/#primaryimage","url":"https:\/\/www.xn--tuksimaailm-ffb.ee\/wp-content\/uploads\/2020\/11\/piduriketas-110mm.jpg","contentUrl":"https:\/\/www.xn--tuksimaailm-ffb.ee\/wp-content\/uploads\/2020\/11\/piduriketas-110mm.jpg","width":506,"height":460,"caption":"Electric scooter Xiaomi brake disc 110mm 5-bolt, for Xiaomi M365, Xiaomi Mi 1S and other electric scooters with 110mm disc."},{"@type":"BreadcrumbList","@id":"https:\/\/www.xn--tuksimaailm-ffb.ee\/en\/product\/xiaomi-brake-disc-110mm-mi-m365-1s\/#breadcrumb","itemListElement":[{"@type":"ListItem","position":1,"name":"Home","item":"https:\/\/www.xn--tuksimaailm-ffb.ee\/en\/main-page\/"},{"@type":"ListItem","position":2,"name":"Shop","item":"https:\/\/www.xn--tuksimaailm-ffb.ee\/elektritoukerataste-pood\/"},{"@type":"ListItem","position":3,"name":"Xiaomi brake disc 110mm Mi M365 1S"}]},{"@type":"WebSite","@id":"https:\/\/www.xn--tuksimaailm-ffb.ee\/en\/#website","url":"https:\/\/www.xn--tuksimaailm-ffb.ee\/en\/","name":"T\u00f5uksimaailm","description":"Elektrit\u00f5ukerataste m\u00fc\u00fck, remont ja rent","publisher":{"@id":"https:\/\/www.xn--tuksimaailm-ffb.ee\/en\/#organization"},"potentialAction":[{"@type":"SearchAction","target":{"@type":"EntryPoint","urlTemplate":"https:\/\/www.xn--tuksimaailm-ffb.ee\/en\/?s={search_term_string}"},"query-input":{"@type":"PropertyValueSpecification","valueRequired":true,"valueName":"search_term_string"}}],"inLanguage":"en-US"},{"@type":"Organization","@id":"https:\/\/www.xn--tuksimaailm-ffb.ee\/en\/#organization","name":"T\u00f5uksimaailm","url":"https:\/\/www.xn--tuksimaailm-ffb.ee\/en\/","logo":{"@type":"ImageObject","inLanguage":"en-US","@id":"https:\/\/www.xn--tuksimaailm-ffb.ee\/en\/#\/schema\/logo\/image\/","url":"https:\/\/www.xn--tuksimaailm-ffb.ee\/wp-content\/uploads\/2020\/01\/logoz-e1579792875517.png","contentUrl":"https:\/\/www.xn--tuksimaailm-ffb.ee\/wp-content\/uploads\/2020\/01\/logoz-e1579792875517.png","width":250,"height":250,"caption":"T\u00f5uksimaailm"},"image":{"@id":"https:\/\/www.xn--tuksimaailm-ffb.ee\/en\/#\/schema\/logo\/image\/"},"sameAs":["https:\/\/www.facebook.com\/touksimaailm\/","https:\/\/www.instagram.com\/touksimaailm_\/","https:\/\/www.youtube.com\/channel\/UC18ml0EKIDLP1xGuQjFzcXQ"]}]},"product_price_amount":"9.50","product_price_currency":"EUR","og_availability":"instock","product_availability":"instock","product_retailer_item_id":"PIDURIKETAS-XIAOMI-110MM","product_condition":"new"},"jetpack_sharing_enabled":true,"_links":{"self":[{"href":"https:\/\/www.xn--tuksimaailm-ffb.ee\/en\/wp-json\/wp\/v2\/product\/52109","targetHints":{"allow":["GET"]}}],"collection":[{"href":"https:\/\/www.xn--tuksimaailm-ffb.ee\/en\/wp-json\/wp\/v2\/product"}],"about":[{"href":"https:\/\/www.xn--tuksimaailm-ffb.ee\/en\/wp-json\/wp\/v2\/types\/product"}],"wp:featuredmedia":[{"embeddable":true,"href":"https:\/\/www.xn--tuksimaailm-ffb.ee\/en\/wp-json\/wp\/v2\/media\/29171"}],"wp:attachment":[{"href":"https:\/\/www.xn--tuksimaailm-ffb.ee\/en\/wp-json\/wp\/v2\/media?parent=52109"}],"wp:term":[{"taxonomy":"product_brand","embeddable":true,"href":"https:\/\/www.xn--tuksimaailm-ffb.ee\/en\/wp-json\/wp\/v2\/product_brand?post=52109"},{"taxonomy":"product_cat","embeddable":true,"href":"https:\/\/www.xn--tuksimaailm-ffb.ee\/en\/wp-json\/wp\/v2\/product_cat?post=52109"},{"taxonomy":"product_tag","embeddable":true,"href":"https:\/\/www.xn--tuksimaailm-ffb.ee\/en\/wp-json\/wp\/v2\/product_tag?post=52109"},{"taxonomy":"filter_elektritoukeratas","embeddable":true,"href":"https:\/\/www.xn--tuksimaailm-ffb.ee\/en\/wp-json\/wp\/v2\/filter_elektritoukeratas?post=52109"}],"curies":[{"name":"wp","href":"https:\/\/api.w.org\/{rel}","templated":true}]}}