{"id":52154,"date":"2020-11-09T17:17:24","date_gmt":"2020-11-09T15:17:24","guid":{"rendered":"http:\/\/www.xn--tuksimaailm-ffb.ee\/shop\/xiaomi-inner-tube-8-1-2x2-125g-m365-pro-1s\/"},"modified":"2020-11-09T17:17:24","modified_gmt":"2020-11-09T14:17:24","slug":"xiaomi-inner-tube-8-1-2x2-125g-m365-pro-1s","status":"publish","type":"product","link":"https:\/\/www.xn--tuksimaailm-ffb.ee\/en\/product\/xiaomi-inner-tube-8-1-2x2-125g-m365-pro-1s\/","title":{"rendered":"Xiaomi inner tube 8 1\/2x2\" 125g M365 Pro 1S"},"content":{"rendered":"<p>Xiaomi Inner Tube - High quality and extra strong (with thick cushion wall) <strong>125g<\/strong> electric scooter inner tube \/ air tube <strong>8 1\/2x2\" \/ 8.5x2\"<\/strong>. Suitable for installation <strong>in place of the<\/strong> <strong>8 1\/2\u00d72<\/strong>\" <strong>inner tube<\/strong>. Compared to other inner tubes of the same size, this Xiaomi inner tube is more shock resistant due to the thickness of its material layer. However, it is not advisable to drive with too low a tyre pressure, as over time, the force of the tyre pressure will wear a hole in the inner tube.<\/p>\n<p>The inner tube is suitable for all electric scooters with original 8 1\/2\u00d72\u2033 inner tube tires, including the following popular electric scooters: the <a href=\"http:\/\/www.xn--tuksimaailm-ffb.ee\/shop\/elektritouks_xiaomi-360\/\"><strong>Xiaomi M365<\/strong><\/a><strong> (<\/strong><a href=\"http:\/\/www.xn--tuksimaailm-ffb.ee\/shop\/elektriline-toukeratas-xiaomi-mi-m365-pro\/\"><strong>Pro<\/strong><\/a><strong>), <\/strong><a href=\"http:\/\/www.xn--tuksimaailm-ffb.ee\/shop\/xiaomi-1s-elektritoukeratas\/\"><strong>Xiaomi Mi 1S<\/strong><\/a><strong>, <\/strong><a href=\"https:\/\/www.mi.com\/global\/mi-electric-scooter-Pro2\/\"><strong>Xiaomi Mi Pro 2<\/strong><\/a><strong>, Gotrax GXL, <\/strong>as well as all Xiaomi clones\/copies. The inner hub of the electric scooter is <strong>with an auto-valve (AV)<\/strong>, which can be pumped by most pumps.<\/p>\n<p>As the tires of electric scooters, due to their small size and air capacity, are prone to inner tube rupture due to shocks, we recommend checking the tire pressure once every 2 weeks, or before each ride if the electric scooter is ridden less frequently. When inflating the tyres, we strongly recommend the use of <a href=\"http:\/\/www.xn--tuksimaailm-ffb.ee\/tootekategooria\/lisavarustus\/\">pressure gauge pumps<\/a> to ensure the exact tyre pressure recommended by the electric scooter manufacturer. If <a href=\"https:\/\/www.youtube.com\/watch?v=9c5oaCgBtVA\">replacing<\/a> or repairing your electric scooter's <a href=\"https:\/\/www.youtube.com\/watch?v=9c5oaCgBtVA\">inner tyre<\/a> is too much for you, our specialist electric scooter <a href=\"http:\/\/www.xn--tuksimaailm-ffb.ee\/elektrilise-toukeratta-remont\/\">workshop<\/a> can help. We can also carry out inner tyre replacements on a stand-by basis. In the event of a broken rear tyre, Xiaomi can also provide you with <a href=\"http:\/\/www.xn--tuksimaailm-ffb.ee\/shop\/xiaomi-tagaratas-rehviga-m365-1s-8-5x2-8-1-2x2\/\"><strong>a whole rear wheel<\/strong><\/a>, which can be replaced in one piece and save you the work of changing the tyre. You can read more about tyre replacement for electric scooters in our <a href=\"http:\/\/www.xn--tuksimaailm-ffb.ee\/elektritoukeratta-rehvivahetus\/\">blog post<\/a>.<\/p>\n","protected":false},"excerpt":{"rendered":"<p>Xiaomi Inner Tube - High quality and extra strong (with thick cushion wall) 125g electric scooter inner tube \/ air tube 8 1\/2x2\" \/ 8.5x2\". Suitable for installation in place of the 8 1\/2\u00d72\" inner tube. Compared to other inner tubes of the same size, this Xiaomi inner tube is &hellip;<\/p>\n","protected":false},"featured_media":12309,"template":"","meta":[],"product_brand":[],"product_cat":[726],"product_tag":[3204,3209],"filter_elektritoukeratas":[2688,2686,2613,2612],"class_list":{"0":"post-52154","1":"product","2":"type-product","3":"status-publish","4":"has-post-thumbnail","6":"product_cat-spare-parts","7":"product_tag-inner-tubes","8":"product_tag-xiaomi-spare-parts","9":"pa_tootetuup-inner-tubes","10":"filter_elektritoukeratas-ft_blaupunkt_esc608","11":"filter_elektritoukeratas-ft_blaupunkt_esc808","12":"filter_elektritoukeratas-ft_xiaomi_1s_mi3_pro_2_3_lite","13":"filter_elektritoukeratas-ft_xiaomi_m365_m365_pro_essential","15":"first","16":"instock","17":"taxable","18":"shipping-taxable","19":"purchasable","20":"product-type-simple"},"yoast_head":"<!-- This site is optimized with the Yoast SEO Premium plugin v26.8 (Yoast SEO v27.5) - https:\/\/yoast.com\/product\/yoast-seo-premium-wordpress\/ -->\n<title>Xiaomi inner tube 8 1\/2x2&quot; 125g M365 Pro 1S | T\u00f5uksimaailm<\/title>\n<meta name=\"description\" content=\"Xiaomi inner tube - high quality and extra strong inner tube. Suitable for installation in place of the 8 1\/2\u00d72&quot; 8.5x2&quot; inner bezel, also suitable for Xiaomi Pro 2, 1S.\" \/>\n<meta name=\"robots\" content=\"index, follow, max-snippet:-1, max-image-preview:large, max-video-preview:-1\" \/>\n<link rel=\"canonical\" href=\"https:\/\/www.xn--tuksimaailm-ffb.ee\/en\/product\/xiaomi-inner-tube-8-1-2x2-125g-m365-pro-1s\/\" \/>\n<meta property=\"og:locale\" content=\"en_US\" \/>\n<meta property=\"og:type\" content=\"article\" \/>\n<meta property=\"og:title\" content=\"Xiaomi inner tube 8 1\/2x2&quot; 125g M365 Pro 1S\" \/>\n<meta property=\"og:description\" content=\"Xiaomi inner tube - high quality and extra strong inner tube. Suitable for installation in place of the 8 1\/2\u00d72&quot; 8.5x2&quot; inner bezel, also suitable for Xiaomi Pro 2, 1S.\" \/>\n<meta property=\"og:url\" content=\"https:\/\/www.xn--tuksimaailm-ffb.ee\/en\/product\/xiaomi-inner-tube-8-1-2x2-125g-m365-pro-1s\/\" \/>\n<meta property=\"og:site_name\" content=\"T\u00f5uksimaailm\" \/>\n<meta property=\"article:publisher\" content=\"https:\/\/www.facebook.com\/touksimaailm\/\" \/>\n<meta property=\"og:image\" content=\"https:\/\/www.xn--tuksimaailm-ffb.ee\/wp-content\/uploads\/2020\/11\/touksimaailm-04938-scaled.jpg\" \/>\n\t<meta property=\"og:image:width\" content=\"2382\" \/>\n\t<meta property=\"og:image:height\" content=\"2560\" \/>\n\t<meta property=\"og:image:type\" content=\"image\/jpeg\" \/>\n<meta name=\"twitter:card\" content=\"summary_large_image\" \/>\n<meta name=\"twitter:label1\" content=\"Price\" \/>\n\t<meta name=\"twitter:data1\" content=\"&euro;11.50\" \/>\n\t<meta name=\"twitter:label2\" content=\"Availability\" \/>\n\t<meta name=\"twitter:data2\" content=\"In stock\" \/>\n<meta property=\"product:price:amount\" content=\"11.50\" \/>\n<meta property=\"product:price:currency\" content=\"EUR\" \/>\n<meta property=\"og:availability\" content=\"instock\" \/>\n<meta property=\"product:availability\" content=\"instock\" \/>\n<meta property=\"product:retailer_item_id\" content=\"SR-XIAOMI-125G\" \/>\n<meta property=\"product:condition\" content=\"new\" \/>\n<!-- \/ Yoast SEO Premium plugin. -->","yoast_head_json":{"title":"Xiaomi inner tube 8 1\/2x2\" 125g M365 Pro 1S | T\u00f5uksimaailm","description":"Xiaomi inner tube - high quality and extra strong inner tube. Suitable for installation in place of the 8 1\/2\u00d72\" 8.5x2\" inner bezel, also suitable for Xiaomi Pro 2, 1S.","robots":{"index":"index","follow":"follow","max-snippet":"max-snippet:-1","max-image-preview":"max-image-preview:large","max-video-preview":"max-video-preview:-1"},"canonical":"https:\/\/www.xn--tuksimaailm-ffb.ee\/en\/product\/xiaomi-inner-tube-8-1-2x2-125g-m365-pro-1s\/","og_locale":"en_US","og_type":"article","og_title":"Xiaomi inner tube 8 1\/2x2\" 125g M365 Pro 1S","og_description":"Xiaomi inner tube - high quality and extra strong inner tube. Suitable for installation in place of the 8 1\/2\u00d72\" 8.5x2\" inner bezel, also suitable for Xiaomi Pro 2, 1S.","og_url":"https:\/\/www.xn--tuksimaailm-ffb.ee\/en\/product\/xiaomi-inner-tube-8-1-2x2-125g-m365-pro-1s\/","og_site_name":"T\u00f5uksimaailm","article_publisher":"https:\/\/www.facebook.com\/touksimaailm\/","og_image":[{"width":2382,"height":2560,"url":"https:\/\/www.xn--tuksimaailm-ffb.ee\/wp-content\/uploads\/2020\/11\/touksimaailm-04938-scaled.jpg","type":"image\/jpeg"}],"twitter_card":"summary_large_image","twitter_misc":{"Price":"&euro;11.50","Availability":"In stock"},"schema":{"@context":"https:\/\/schema.org","@graph":[{"@type":"WebPage","@id":"https:\/\/www.xn--tuksimaailm-ffb.ee\/en\/product\/xiaomi-inner-tube-8-1-2x2-125g-m365-pro-1s\/","url":"https:\/\/www.xn--tuksimaailm-ffb.ee\/en\/product\/xiaomi-inner-tube-8-1-2x2-125g-m365-pro-1s\/","name":"Xiaomi inner tube 8 1\/2x2\" 125g M365 Pro 1S | T\u00f5uksimaailm","isPartOf":{"@id":"https:\/\/www.xn--tuksimaailm-ffb.ee\/en\/#website"},"primaryImageOfPage":{"@id":"https:\/\/www.xn--tuksimaailm-ffb.ee\/en\/product\/xiaomi-inner-tube-8-1-2x2-125g-m365-pro-1s\/#primaryimage"},"image":{"@id":"https:\/\/www.xn--tuksimaailm-ffb.ee\/en\/product\/xiaomi-inner-tube-8-1-2x2-125g-m365-pro-1s\/#primaryimage"},"thumbnailUrl":"https:\/\/www.xn--tuksimaailm-ffb.ee\/wp-content\/uploads\/2020\/11\/touksimaailm-04938-scaled.jpg","datePublished":"2020-11-09T15:17:24+00:00","description":"Xiaomi inner tube - high quality and extra strong inner tube. Suitable for installation in place of the 8 1\/2\u00d72\" 8.5x2\" inner bezel, also suitable for Xiaomi Pro 2, 1S.","breadcrumb":{"@id":"https:\/\/www.xn--tuksimaailm-ffb.ee\/en\/product\/xiaomi-inner-tube-8-1-2x2-125g-m365-pro-1s\/#breadcrumb"},"inLanguage":"en-US","potentialAction":[{"@type":"ReadAction","target":["https:\/\/www.xn--tuksimaailm-ffb.ee\/en\/product\/xiaomi-inner-tube-8-1-2x2-125g-m365-pro-1s\/"]}]},{"@type":"ImageObject","inLanguage":"en-US","@id":"https:\/\/www.xn--tuksimaailm-ffb.ee\/en\/product\/xiaomi-inner-tube-8-1-2x2-125g-m365-pro-1s\/#primaryimage","url":"https:\/\/www.xn--tuksimaailm-ffb.ee\/wp-content\/uploads\/2020\/11\/touksimaailm-04938-scaled.jpg","contentUrl":"https:\/\/www.xn--tuksimaailm-ffb.ee\/wp-content\/uploads\/2020\/11\/touksimaailm-04938-scaled.jpg","width":2382,"height":2560,"caption":"Xiaomi inner tubes"},{"@type":"BreadcrumbList","@id":"https:\/\/www.xn--tuksimaailm-ffb.ee\/en\/product\/xiaomi-inner-tube-8-1-2x2-125g-m365-pro-1s\/#breadcrumb","itemListElement":[{"@type":"ListItem","position":1,"name":"Home","item":"https:\/\/www.xn--tuksimaailm-ffb.ee\/en\/main-page\/"},{"@type":"ListItem","position":2,"name":"Shop","item":"https:\/\/www.xn--tuksimaailm-ffb.ee\/elektritoukerataste-pood\/"},{"@type":"ListItem","position":3,"name":"Xiaomi inner tube 8 1\/2x2\" 125g M365 Pro 1S"}]},{"@type":"WebSite","@id":"https:\/\/www.xn--tuksimaailm-ffb.ee\/en\/#website","url":"https:\/\/www.xn--tuksimaailm-ffb.ee\/en\/","name":"T\u00f5uksimaailm","description":"Elektrit\u00f5ukerataste m\u00fc\u00fck, remont ja rent","publisher":{"@id":"https:\/\/www.xn--tuksimaailm-ffb.ee\/en\/#organization"},"potentialAction":[{"@type":"SearchAction","target":{"@type":"EntryPoint","urlTemplate":"https:\/\/www.xn--tuksimaailm-ffb.ee\/en\/?s={search_term_string}"},"query-input":{"@type":"PropertyValueSpecification","valueRequired":true,"valueName":"search_term_string"}}],"inLanguage":"en-US"},{"@type":"Organization","@id":"https:\/\/www.xn--tuksimaailm-ffb.ee\/en\/#organization","name":"T\u00f5uksimaailm","url":"https:\/\/www.xn--tuksimaailm-ffb.ee\/en\/","logo":{"@type":"ImageObject","inLanguage":"en-US","@id":"https:\/\/www.xn--tuksimaailm-ffb.ee\/en\/#\/schema\/logo\/image\/","url":"https:\/\/www.xn--tuksimaailm-ffb.ee\/wp-content\/uploads\/2020\/01\/logoz-e1579792875517.png","contentUrl":"https:\/\/www.xn--tuksimaailm-ffb.ee\/wp-content\/uploads\/2020\/01\/logoz-e1579792875517.png","width":250,"height":250,"caption":"T\u00f5uksimaailm"},"image":{"@id":"https:\/\/www.xn--tuksimaailm-ffb.ee\/en\/#\/schema\/logo\/image\/"},"sameAs":["https:\/\/www.facebook.com\/touksimaailm\/","https:\/\/www.instagram.com\/touksimaailm_\/","https:\/\/www.youtube.com\/channel\/UC18ml0EKIDLP1xGuQjFzcXQ"]}]},"product_price_amount":"11.50","product_price_currency":"EUR","og_availability":"instock","product_availability":"instock","product_retailer_item_id":"SR-XIAOMI-125G","product_condition":"new"},"jetpack_sharing_enabled":true,"_links":{"self":[{"href":"https:\/\/www.xn--tuksimaailm-ffb.ee\/en\/wp-json\/wp\/v2\/product\/52154","targetHints":{"allow":["GET"]}}],"collection":[{"href":"https:\/\/www.xn--tuksimaailm-ffb.ee\/en\/wp-json\/wp\/v2\/product"}],"about":[{"href":"https:\/\/www.xn--tuksimaailm-ffb.ee\/en\/wp-json\/wp\/v2\/types\/product"}],"wp:featuredmedia":[{"embeddable":true,"href":"https:\/\/www.xn--tuksimaailm-ffb.ee\/en\/wp-json\/wp\/v2\/media\/12309"}],"wp:attachment":[{"href":"https:\/\/www.xn--tuksimaailm-ffb.ee\/en\/wp-json\/wp\/v2\/media?parent=52154"}],"wp:term":[{"taxonomy":"product_brand","embeddable":true,"href":"https:\/\/www.xn--tuksimaailm-ffb.ee\/en\/wp-json\/wp\/v2\/product_brand?post=52154"},{"taxonomy":"product_cat","embeddable":true,"href":"https:\/\/www.xn--tuksimaailm-ffb.ee\/en\/wp-json\/wp\/v2\/product_cat?post=52154"},{"taxonomy":"product_tag","embeddable":true,"href":"https:\/\/www.xn--tuksimaailm-ffb.ee\/en\/wp-json\/wp\/v2\/product_tag?post=52154"},{"taxonomy":"filter_elektritoukeratas","embeddable":true,"href":"https:\/\/www.xn--tuksimaailm-ffb.ee\/en\/wp-json\/wp\/v2\/filter_elektritoukeratas?post=52154"}],"curies":[{"name":"wp","href":"https:\/\/api.w.org\/{rel}","templated":true}]}}