{"id":52162,"date":"2020-12-20T15:37:42","date_gmt":"2020-12-20T13:37:42","guid":{"rendered":"http:\/\/www.xn--tuksimaailm-ffb.ee\/shop\/xiaomi-taillight-cable-extension-m365-1s-pro\/"},"modified":"2020-12-20T15:37:42","modified_gmt":"2020-12-20T12:37:42","slug":"xiaomi-taillight-cable-extension-m365-1s-pro","status":"publish","type":"product","link":"https:\/\/www.xn--tuksimaailm-ffb.ee\/en\/product\/xiaomi-taillight-cable-extension-m365-1s-pro\/","title":{"rendered":"Xiaomi taillight cable extension M365 1S Pro"},"content":{"rendered":"<p>Tail light cable extension for Xiaomi electric scooter. The tail light cable extension for electric scooter is suitable for the following popular models <a href=\"http:\/\/www.xn--tuksimaailm-ffb.ee\/shop\/elektritouks_xiaomi-360\/\">.<\/a> The extension is also suitable for many Xiaomi clones\/copies (Macwheel, Sermangreen, Citiway, E-Wheels E2S V2, Xiaomi Essential and many others). The tail light cable extension is necessary when the tail light cable is broken and needs repair. An extension is also required if you wish to fit 10\" pneumatic tyres to your electric scooter. This will make the scooter more reliable and comfortable to use, and the rear mudguard will need to be raised to accommodate larger tyres.<\/p>\n<p>If you need to repair the rear light cable or fit 10\" tyres to your Xiaomi on your own, our specialist electric scooter <a href=\"http:\/\/www.xn--tuksimaailm-ffb.ee\/elektrilise-toukeratta-remont\/\">workshop<\/a> can help.<\/p>\n","protected":false},"excerpt":{"rendered":"<p>Tail light cable extension for Xiaomi electric scooter. The tail light cable extension for electric scooter is suitable for the following popular models . The extension is also suitable for many Xiaomi clones\/copies (Macwheel, Sermangreen, Citiway, E-Wheels E2S V2, Xiaomi Essential and many others). The tail light cable extension is &hellip;<\/p>\n","protected":false},"featured_media":56513,"template":"","meta":[],"product_brand":[],"product_cat":[726],"product_tag":[3209],"filter_elektritoukeratas":[2613,2612],"class_list":{"0":"post-52162","1":"product","2":"type-product","3":"status-publish","4":"has-post-thumbnail","6":"product_cat-spare-parts","7":"product_tag-xiaomi-spare-parts","8":"pa_tootetuup-universal-electricscooter-spare-parts","9":"filter_elektritoukeratas-ft_xiaomi_1s_mi3_pro_2_3_lite","10":"filter_elektritoukeratas-ft_xiaomi_m365_m365_pro_essential","12":"first","13":"instock","14":"taxable","15":"shipping-taxable","16":"purchasable","17":"product-type-simple"},"yoast_head":"<!-- This site is optimized with the Yoast SEO Premium plugin v26.8 (Yoast SEO v27.5) - https:\/\/yoast.com\/product\/yoast-seo-premium-wordpress\/ -->\n<title>Xiaomi taillight cable extension M365 1S Pro | T\u00f5uksimaailm<\/title>\n<meta name=\"description\" content=\"Xiaomi tail light cable extension for electric scooter, suitable for Xiaomi Mi M365 (Pro), Xiaomi Mi Pro 2, Xiaomi Mi 1S.\" \/>\n<meta name=\"robots\" content=\"index, follow, max-snippet:-1, max-image-preview:large, max-video-preview:-1\" \/>\n<link rel=\"canonical\" href=\"https:\/\/www.xn--tuksimaailm-ffb.ee\/en\/product\/xiaomi-taillight-cable-extension-m365-1s-pro\/\" \/>\n<meta property=\"og:locale\" content=\"en_US\" \/>\n<meta property=\"og:type\" content=\"article\" \/>\n<meta property=\"og:title\" content=\"Xiaomi taillight cable extension M365 1S Pro\" \/>\n<meta property=\"og:description\" content=\"Xiaomi tail light cable extension for electric scooter, suitable for Xiaomi Mi M365 (Pro), Xiaomi Mi Pro 2, Xiaomi Mi 1S.\" \/>\n<meta property=\"og:url\" content=\"https:\/\/www.xn--tuksimaailm-ffb.ee\/en\/product\/xiaomi-taillight-cable-extension-m365-1s-pro\/\" \/>\n<meta property=\"og:site_name\" content=\"T\u00f5uksimaailm\" \/>\n<meta property=\"article:publisher\" content=\"https:\/\/www.facebook.com\/touksimaailm\/\" \/>\n<meta property=\"og:image\" content=\"https:\/\/www.xn--tuksimaailm-ffb.ee\/wp-content\/uploads\/2020\/12\/Screenshot-2025-02-01-125050.webp\" \/>\n\t<meta property=\"og:image:width\" content=\"802\" \/>\n\t<meta property=\"og:image:height\" content=\"654\" \/>\n\t<meta property=\"og:image:type\" content=\"image\/webp\" \/>\n<meta name=\"twitter:card\" content=\"summary_large_image\" \/>\n<meta name=\"twitter:label1\" content=\"Price\" \/>\n\t<meta name=\"twitter:data1\" content=\"&euro;3.00\" \/>\n\t<meta name=\"twitter:label2\" content=\"Availability\" \/>\n\t<meta name=\"twitter:data2\" content=\"In stock\" \/>\n<meta property=\"product:price:amount\" content=\"3.00\" \/>\n<meta property=\"product:price:currency\" content=\"EUR\" \/>\n<meta property=\"og:availability\" content=\"instock\" \/>\n<meta property=\"product:availability\" content=\"instock\" \/>\n<meta property=\"product:condition\" content=\"new\" \/>\n<!-- \/ Yoast SEO Premium plugin. -->","yoast_head_json":{"title":"Xiaomi taillight cable extension M365 1S Pro | T\u00f5uksimaailm","description":"Xiaomi tail light cable extension for electric scooter, suitable for Xiaomi Mi M365 (Pro), Xiaomi Mi Pro 2, Xiaomi Mi 1S.","robots":{"index":"index","follow":"follow","max-snippet":"max-snippet:-1","max-image-preview":"max-image-preview:large","max-video-preview":"max-video-preview:-1"},"canonical":"https:\/\/www.xn--tuksimaailm-ffb.ee\/en\/product\/xiaomi-taillight-cable-extension-m365-1s-pro\/","og_locale":"en_US","og_type":"article","og_title":"Xiaomi taillight cable extension M365 1S Pro","og_description":"Xiaomi tail light cable extension for electric scooter, suitable for Xiaomi Mi M365 (Pro), Xiaomi Mi Pro 2, Xiaomi Mi 1S.","og_url":"https:\/\/www.xn--tuksimaailm-ffb.ee\/en\/product\/xiaomi-taillight-cable-extension-m365-1s-pro\/","og_site_name":"T\u00f5uksimaailm","article_publisher":"https:\/\/www.facebook.com\/touksimaailm\/","og_image":[{"width":802,"height":654,"url":"https:\/\/www.xn--tuksimaailm-ffb.ee\/wp-content\/uploads\/2020\/12\/Screenshot-2025-02-01-125050.webp","type":"image\/webp"}],"twitter_card":"summary_large_image","twitter_misc":{"Price":"&euro;3.00","Availability":"In stock"},"schema":{"@context":"https:\/\/schema.org","@graph":[{"@type":"WebPage","@id":"https:\/\/www.xn--tuksimaailm-ffb.ee\/en\/product\/xiaomi-taillight-cable-extension-m365-1s-pro\/","url":"https:\/\/www.xn--tuksimaailm-ffb.ee\/en\/product\/xiaomi-taillight-cable-extension-m365-1s-pro\/","name":"Xiaomi taillight cable extension M365 1S Pro | T\u00f5uksimaailm","isPartOf":{"@id":"https:\/\/www.xn--tuksimaailm-ffb.ee\/en\/#website"},"primaryImageOfPage":{"@id":"https:\/\/www.xn--tuksimaailm-ffb.ee\/en\/product\/xiaomi-taillight-cable-extension-m365-1s-pro\/#primaryimage"},"image":{"@id":"https:\/\/www.xn--tuksimaailm-ffb.ee\/en\/product\/xiaomi-taillight-cable-extension-m365-1s-pro\/#primaryimage"},"thumbnailUrl":"https:\/\/www.xn--tuksimaailm-ffb.ee\/wp-content\/uploads\/2020\/12\/Screenshot-2025-02-01-125050.webp","datePublished":"2020-12-20T13:37:42+00:00","description":"Xiaomi tail light cable extension for electric scooter, suitable for Xiaomi Mi M365 (Pro), Xiaomi Mi Pro 2, Xiaomi Mi 1S.","breadcrumb":{"@id":"https:\/\/www.xn--tuksimaailm-ffb.ee\/en\/product\/xiaomi-taillight-cable-extension-m365-1s-pro\/#breadcrumb"},"inLanguage":"en-US","potentialAction":[{"@type":"ReadAction","target":["https:\/\/www.xn--tuksimaailm-ffb.ee\/en\/product\/xiaomi-taillight-cable-extension-m365-1s-pro\/"]}]},{"@type":"ImageObject","inLanguage":"en-US","@id":"https:\/\/www.xn--tuksimaailm-ffb.ee\/en\/product\/xiaomi-taillight-cable-extension-m365-1s-pro\/#primaryimage","url":"https:\/\/www.xn--tuksimaailm-ffb.ee\/wp-content\/uploads\/2020\/12\/Screenshot-2025-02-01-125050.webp","contentUrl":"https:\/\/www.xn--tuksimaailm-ffb.ee\/wp-content\/uploads\/2020\/12\/Screenshot-2025-02-01-125050.webp","width":802,"height":654,"caption":"Xiaomi tagatule kaabli pikendus M365 1S Pro"},{"@type":"BreadcrumbList","@id":"https:\/\/www.xn--tuksimaailm-ffb.ee\/en\/product\/xiaomi-taillight-cable-extension-m365-1s-pro\/#breadcrumb","itemListElement":[{"@type":"ListItem","position":1,"name":"Home","item":"https:\/\/www.xn--tuksimaailm-ffb.ee\/en\/main-page\/"},{"@type":"ListItem","position":2,"name":"Shop","item":"https:\/\/www.xn--tuksimaailm-ffb.ee\/elektritoukerataste-pood\/"},{"@type":"ListItem","position":3,"name":"Xiaomi taillight cable extension M365 1S Pro"}]},{"@type":"WebSite","@id":"https:\/\/www.xn--tuksimaailm-ffb.ee\/en\/#website","url":"https:\/\/www.xn--tuksimaailm-ffb.ee\/en\/","name":"T\u00f5uksimaailm","description":"Elektrit\u00f5ukerataste m\u00fc\u00fck, remont ja rent","publisher":{"@id":"https:\/\/www.xn--tuksimaailm-ffb.ee\/en\/#organization"},"potentialAction":[{"@type":"SearchAction","target":{"@type":"EntryPoint","urlTemplate":"https:\/\/www.xn--tuksimaailm-ffb.ee\/en\/?s={search_term_string}"},"query-input":{"@type":"PropertyValueSpecification","valueRequired":true,"valueName":"search_term_string"}}],"inLanguage":"en-US"},{"@type":"Organization","@id":"https:\/\/www.xn--tuksimaailm-ffb.ee\/en\/#organization","name":"T\u00f5uksimaailm","url":"https:\/\/www.xn--tuksimaailm-ffb.ee\/en\/","logo":{"@type":"ImageObject","inLanguage":"en-US","@id":"https:\/\/www.xn--tuksimaailm-ffb.ee\/en\/#\/schema\/logo\/image\/","url":"https:\/\/www.xn--tuksimaailm-ffb.ee\/wp-content\/uploads\/2020\/01\/logoz-e1579792875517.png","contentUrl":"https:\/\/www.xn--tuksimaailm-ffb.ee\/wp-content\/uploads\/2020\/01\/logoz-e1579792875517.png","width":250,"height":250,"caption":"T\u00f5uksimaailm"},"image":{"@id":"https:\/\/www.xn--tuksimaailm-ffb.ee\/en\/#\/schema\/logo\/image\/"},"sameAs":["https:\/\/www.facebook.com\/touksimaailm\/","https:\/\/www.instagram.com\/touksimaailm_\/","https:\/\/www.youtube.com\/channel\/UC18ml0EKIDLP1xGuQjFzcXQ"]}]},"product_price_amount":"3.00","product_price_currency":"EUR","og_availability":"instock","product_availability":"instock","product_condition":"new"},"jetpack_sharing_enabled":true,"_links":{"self":[{"href":"https:\/\/www.xn--tuksimaailm-ffb.ee\/en\/wp-json\/wp\/v2\/product\/52162","targetHints":{"allow":["GET"]}}],"collection":[{"href":"https:\/\/www.xn--tuksimaailm-ffb.ee\/en\/wp-json\/wp\/v2\/product"}],"about":[{"href":"https:\/\/www.xn--tuksimaailm-ffb.ee\/en\/wp-json\/wp\/v2\/types\/product"}],"wp:featuredmedia":[{"embeddable":true,"href":"https:\/\/www.xn--tuksimaailm-ffb.ee\/en\/wp-json\/wp\/v2\/media\/56513"}],"wp:attachment":[{"href":"https:\/\/www.xn--tuksimaailm-ffb.ee\/en\/wp-json\/wp\/v2\/media?parent=52162"}],"wp:term":[{"taxonomy":"product_brand","embeddable":true,"href":"https:\/\/www.xn--tuksimaailm-ffb.ee\/en\/wp-json\/wp\/v2\/product_brand?post=52162"},{"taxonomy":"product_cat","embeddable":true,"href":"https:\/\/www.xn--tuksimaailm-ffb.ee\/en\/wp-json\/wp\/v2\/product_cat?post=52162"},{"taxonomy":"product_tag","embeddable":true,"href":"https:\/\/www.xn--tuksimaailm-ffb.ee\/en\/wp-json\/wp\/v2\/product_tag?post=52162"},{"taxonomy":"filter_elektritoukeratas","embeddable":true,"href":"https:\/\/www.xn--tuksimaailm-ffb.ee\/en\/wp-json\/wp\/v2\/filter_elektritoukeratas?post=52162"}],"curies":[{"name":"wp","href":"https:\/\/api.w.org\/{rel}","templated":true}]}}