{"id":54906,"date":"2021-01-02T15:18:37","date_gmt":"2021-01-02T15:18:37","guid":{"rendered":"http:\/\/www.xn--tuksimaailm-ffb.ee\/shop\/puncture-resistant-electric-scooter-full-rubber-10x2-5\/"},"modified":"2021-01-02T15:18:37","modified_gmt":"2021-01-02T12:18:37","slug":"puncture-resistant-electric-scooter-full-rubber-10x2-5","status":"publish","type":"product","link":"https:\/\/www.xn--tuksimaailm-ffb.ee\/en\/product\/puncture-resistant-electric-scooter-full-rubber-10x2-5\/","title":{"rendered":"Puncture-resistant electric scooter full rubber 10x2.5"},"content":{"rendered":"<p>Puncture-resistant <b><strong>10x2.50\" <\/strong><\/b>(solid tyre) for electric scooters. Suitable for <b><strong>10x2.50\"<\/strong><\/b>, <b><strong>10x3.00<\/strong><\/b> \" and <a href=\"http:\/\/www.xn--tuksimaailm-ffb.ee\/shop\/ninebot-max-g30-rehv-60-70-65\/\"><b><strong>60\/70-6.5<\/strong><\/b><\/a> pneumatic tyres. The inner <b><strong>width of<\/strong><\/b> this tyre (the part that fits on the rim) <b><strong>is 43 mm.<\/strong><\/b> The 10x2.50\" puncture-resistant electric scooter solid tyre is a must for the next popular electric scooter: <a href=\"http:\/\/www.xn--tuksimaailm-ffb.ee\/shop\/elektriline-toukeratas-ninebot-max-g30\/\"><b><strong>Segway Ninebot Max G30<\/strong><\/b><\/a>.<\/p>\n<p>The 10x2.50 full tyre for electric scooters has a softer tread compound compared to a cage tyre, which helps to ensure maximum riding comfort and puncture resistance when used with a solid tyre. If you have problems <a href=\"https:\/\/www.youtube.com\/watch?v=PlW6PiG1asY\">fitting<\/a> your scooter on your own, our <a href=\"http:\/\/www.xn--tuksimaailm-ffb.ee\/elektrilise-toukeratta-remont\/\">workshop<\/a> specialising in electric scooters can help. You can read more about pneumatic tyres VS solid tyres in our <a href=\"http:\/\/www.xn--tuksimaailm-ffb.ee\/ohkrehv-vs-purunemiskindel-taiskumm\/\">blog post<\/a>.<\/p>\n","protected":false},"excerpt":{"rendered":"<p>Puncture-resistant 10x2.50\" (solid tyre) for electric scooters. Suitable for 10x2.50\", 10x3.00 \" and 60\/70-6.5 pneumatic tyres. The inner width of this tyre (the part that fits on the rim) is 43 mm. The 10x2.50\" puncture-resistant electric scooter solid tyre is a must for the next popular electric scooter: Segway Ninebot &hellip;<\/p>\n","protected":false},"featured_media":74623,"template":"","meta":[],"product_brand":[],"product_cat":[726],"product_tag":[3211],"filter_elektritoukeratas":[2699,2640,2638,2637],"class_list":{"0":"post-54906","1":"product","2":"type-product","3":"status-publish","4":"has-post-thumbnail","6":"product_cat-spare-parts","7":"product_tag-solid-tyres-honeycomb-tyres","8":"pa_tootetuup-solid-tyres-honeycomb-tyres","9":"filter_elektritoukeratas-ft_hx_x9_max_x9_plus","10":"filter_elektritoukeratas-ft_segway_ninebot_f20d_f25e_ii_f30d_f40d_f40d_ii","11":"filter_elektritoukeratas-ft_segway_ninebot_max_g2e_g65","12":"filter_elektritoukeratas-ft_segway_ninebot_max_g30p_g30le_g30e_ii_g30lp_ii","14":"first","15":"instock","16":"taxable","17":"shipping-taxable","18":"purchasable","19":"product-type-simple"},"yoast_head":"<!-- This site is optimized with the Yoast SEO Premium plugin v26.8 (Yoast SEO v27.5) - https:\/\/yoast.com\/product\/yoast-seo-premium-wordpress\/ -->\n<title>Puncture-resistant electric scooter full rubber 10x2.5 | T\u00f5uksimaailm<\/title>\n<meta name=\"description\" content=\"Puncture-resistant 10x2.50&quot; (solid tyre) for electric scooters. Fits Ninebot Max G30 Inokim OX \/ OXO, Gpad Storm, Gpad Foxen, Kugoo M4\" \/>\n<meta name=\"robots\" content=\"index, follow, max-snippet:-1, max-image-preview:large, max-video-preview:-1\" \/>\n<link rel=\"canonical\" href=\"https:\/\/www.xn--tuksimaailm-ffb.ee\/en\/product\/puncture-resistant-electric-scooter-full-rubber-10x2-5\/\" \/>\n<meta property=\"og:locale\" content=\"en_US\" \/>\n<meta property=\"og:type\" content=\"article\" \/>\n<meta property=\"og:title\" content=\"Puncture-resistant electric scooter full rubber 10x2.5\" \/>\n<meta property=\"og:description\" content=\"Puncture-resistant 10x2.50&quot; (solid tyre) for electric scooters. Fits Ninebot Max G30 Inokim OX \/ OXO, Gpad Storm, Gpad Foxen, Kugoo M4\" \/>\n<meta property=\"og:url\" content=\"https:\/\/www.xn--tuksimaailm-ffb.ee\/en\/product\/puncture-resistant-electric-scooter-full-rubber-10x2-5\/\" \/>\n<meta property=\"og:site_name\" content=\"T\u00f5uksimaailm\" \/>\n<meta property=\"article:publisher\" content=\"https:\/\/www.facebook.com\/touksimaailm\/\" \/>\n<meta property=\"og:image\" content=\"https:\/\/www.xn--tuksimaailm-ffb.ee\/wp-content\/uploads\/2021\/01\/IMG_2274-scaled.jpg\" \/>\n\t<meta property=\"og:image:width\" content=\"1920\" \/>\n\t<meta property=\"og:image:height\" content=\"2560\" \/>\n\t<meta property=\"og:image:type\" content=\"image\/jpeg\" \/>\n<meta name=\"twitter:card\" content=\"summary_large_image\" \/>\n<meta name=\"twitter:label1\" content=\"Price\" \/>\n\t<meta name=\"twitter:data1\" content=\"&euro;29.00\" \/>\n\t<meta name=\"twitter:label2\" content=\"Availability\" \/>\n\t<meta name=\"twitter:data2\" content=\"In stock\" \/>\n<meta property=\"product:price:amount\" content=\"29.00\" \/>\n<meta property=\"product:price:currency\" content=\"EUR\" \/>\n<meta property=\"og:availability\" content=\"instock\" \/>\n<meta property=\"product:availability\" content=\"instock\" \/>\n<meta property=\"product:retailer_item_id\" content=\"TR-10x2.5-PURUNEMISKINDEL\" \/>\n<meta property=\"product:condition\" content=\"new\" \/>\n<!-- \/ Yoast SEO Premium plugin. -->","yoast_head_json":{"title":"Puncture-resistant electric scooter full rubber 10x2.5 | T\u00f5uksimaailm","description":"Puncture-resistant 10x2.50\" (solid tyre) for electric scooters. Fits Ninebot Max G30 Inokim OX \/ OXO, Gpad Storm, Gpad Foxen, Kugoo M4","robots":{"index":"index","follow":"follow","max-snippet":"max-snippet:-1","max-image-preview":"max-image-preview:large","max-video-preview":"max-video-preview:-1"},"canonical":"https:\/\/www.xn--tuksimaailm-ffb.ee\/en\/product\/puncture-resistant-electric-scooter-full-rubber-10x2-5\/","og_locale":"en_US","og_type":"article","og_title":"Puncture-resistant electric scooter full rubber 10x2.5","og_description":"Puncture-resistant 10x2.50\" (solid tyre) for electric scooters. Fits Ninebot Max G30 Inokim OX \/ OXO, Gpad Storm, Gpad Foxen, Kugoo M4","og_url":"https:\/\/www.xn--tuksimaailm-ffb.ee\/en\/product\/puncture-resistant-electric-scooter-full-rubber-10x2-5\/","og_site_name":"T\u00f5uksimaailm","article_publisher":"https:\/\/www.facebook.com\/touksimaailm\/","og_image":[{"width":1920,"height":2560,"url":"https:\/\/www.xn--tuksimaailm-ffb.ee\/wp-content\/uploads\/2021\/01\/IMG_2274-scaled.jpg","type":"image\/jpeg"}],"twitter_card":"summary_large_image","twitter_misc":{"Price":"&euro;29.00","Availability":"In stock"},"schema":{"@context":"https:\/\/schema.org","@graph":[{"@type":"WebPage","@id":"https:\/\/www.xn--tuksimaailm-ffb.ee\/en\/product\/puncture-resistant-electric-scooter-full-rubber-10x2-5\/","url":"https:\/\/www.xn--tuksimaailm-ffb.ee\/en\/product\/puncture-resistant-electric-scooter-full-rubber-10x2-5\/","name":"Puncture-resistant electric scooter full rubber 10x2.5 | T\u00f5uksimaailm","isPartOf":{"@id":"https:\/\/www.xn--tuksimaailm-ffb.ee\/en\/#website"},"primaryImageOfPage":{"@id":"https:\/\/www.xn--tuksimaailm-ffb.ee\/en\/product\/puncture-resistant-electric-scooter-full-rubber-10x2-5\/#primaryimage"},"image":{"@id":"https:\/\/www.xn--tuksimaailm-ffb.ee\/en\/product\/puncture-resistant-electric-scooter-full-rubber-10x2-5\/#primaryimage"},"thumbnailUrl":"https:\/\/www.xn--tuksimaailm-ffb.ee\/wp-content\/uploads\/2021\/01\/Screenshot-2026-01-18-210347.webp","datePublished":"2021-01-02T15:18:37+00:00","description":"Puncture-resistant 10x2.50\" (solid tyre) for electric scooters. Fits Ninebot Max G30 Inokim OX \/ OXO, Gpad Storm, Gpad Foxen, Kugoo M4","breadcrumb":{"@id":"https:\/\/www.xn--tuksimaailm-ffb.ee\/en\/product\/puncture-resistant-electric-scooter-full-rubber-10x2-5\/#breadcrumb"},"inLanguage":"en-US","potentialAction":[{"@type":"ReadAction","target":["https:\/\/www.xn--tuksimaailm-ffb.ee\/en\/product\/puncture-resistant-electric-scooter-full-rubber-10x2-5\/"]}]},{"@type":"ImageObject","inLanguage":"en-US","@id":"https:\/\/www.xn--tuksimaailm-ffb.ee\/en\/product\/puncture-resistant-electric-scooter-full-rubber-10x2-5\/#primaryimage","url":"https:\/\/www.xn--tuksimaailm-ffb.ee\/wp-content\/uploads\/2021\/01\/Screenshot-2026-01-18-210347.webp","contentUrl":"https:\/\/www.xn--tuksimaailm-ffb.ee\/wp-content\/uploads\/2021\/01\/Screenshot-2026-01-18-210347.webp","width":1117,"height":930,"caption":"Purunemiskindel elektrit\u00f5ukeratta t\u00e4iskumm 10x2.5"},{"@type":"BreadcrumbList","@id":"https:\/\/www.xn--tuksimaailm-ffb.ee\/en\/product\/puncture-resistant-electric-scooter-full-rubber-10x2-5\/#breadcrumb","itemListElement":[{"@type":"ListItem","position":1,"name":"Home","item":"https:\/\/www.xn--tuksimaailm-ffb.ee\/en\/main-page\/"},{"@type":"ListItem","position":2,"name":"Shop","item":"https:\/\/www.xn--tuksimaailm-ffb.ee\/elektritoukerataste-pood\/"},{"@type":"ListItem","position":3,"name":"Puncture-resistant electric scooter full rubber 10x2.5"}]},{"@type":"WebSite","@id":"https:\/\/www.xn--tuksimaailm-ffb.ee\/en\/#website","url":"https:\/\/www.xn--tuksimaailm-ffb.ee\/en\/","name":"T\u00f5uksimaailm","description":"Elektrit\u00f5ukerataste m\u00fc\u00fck, remont ja rent","publisher":{"@id":"https:\/\/www.xn--tuksimaailm-ffb.ee\/en\/#organization"},"potentialAction":[{"@type":"SearchAction","target":{"@type":"EntryPoint","urlTemplate":"https:\/\/www.xn--tuksimaailm-ffb.ee\/en\/?s={search_term_string}"},"query-input":{"@type":"PropertyValueSpecification","valueRequired":true,"valueName":"search_term_string"}}],"inLanguage":"en-US"},{"@type":"Organization","@id":"https:\/\/www.xn--tuksimaailm-ffb.ee\/en\/#organization","name":"T\u00f5uksimaailm","url":"https:\/\/www.xn--tuksimaailm-ffb.ee\/en\/","logo":{"@type":"ImageObject","inLanguage":"en-US","@id":"https:\/\/www.xn--tuksimaailm-ffb.ee\/en\/#\/schema\/logo\/image\/","url":"https:\/\/www.xn--tuksimaailm-ffb.ee\/wp-content\/uploads\/2020\/01\/logoz-e1579792875517.png","contentUrl":"https:\/\/www.xn--tuksimaailm-ffb.ee\/wp-content\/uploads\/2020\/01\/logoz-e1579792875517.png","width":250,"height":250,"caption":"T\u00f5uksimaailm"},"image":{"@id":"https:\/\/www.xn--tuksimaailm-ffb.ee\/en\/#\/schema\/logo\/image\/"},"sameAs":["https:\/\/www.facebook.com\/touksimaailm\/","https:\/\/www.instagram.com\/touksimaailm_\/","https:\/\/www.youtube.com\/channel\/UC18ml0EKIDLP1xGuQjFzcXQ"]}]},"product_price_amount":"29.00","product_price_currency":"EUR","og_availability":"instock","product_availability":"instock","product_retailer_item_id":"TR-10x2.5-PURUNEMISKINDEL","product_condition":"new"},"jetpack_sharing_enabled":true,"_links":{"self":[{"href":"https:\/\/www.xn--tuksimaailm-ffb.ee\/en\/wp-json\/wp\/v2\/product\/54906","targetHints":{"allow":["GET"]}}],"collection":[{"href":"https:\/\/www.xn--tuksimaailm-ffb.ee\/en\/wp-json\/wp\/v2\/product"}],"about":[{"href":"https:\/\/www.xn--tuksimaailm-ffb.ee\/en\/wp-json\/wp\/v2\/types\/product"}],"wp:featuredmedia":[{"embeddable":true,"href":"https:\/\/www.xn--tuksimaailm-ffb.ee\/en\/wp-json\/wp\/v2\/media\/74623"}],"wp:attachment":[{"href":"https:\/\/www.xn--tuksimaailm-ffb.ee\/en\/wp-json\/wp\/v2\/media?parent=54906"}],"wp:term":[{"taxonomy":"product_brand","embeddable":true,"href":"https:\/\/www.xn--tuksimaailm-ffb.ee\/en\/wp-json\/wp\/v2\/product_brand?post=54906"},{"taxonomy":"product_cat","embeddable":true,"href":"https:\/\/www.xn--tuksimaailm-ffb.ee\/en\/wp-json\/wp\/v2\/product_cat?post=54906"},{"taxonomy":"product_tag","embeddable":true,"href":"https:\/\/www.xn--tuksimaailm-ffb.ee\/en\/wp-json\/wp\/v2\/product_tag?post=54906"},{"taxonomy":"filter_elektritoukeratas","embeddable":true,"href":"https:\/\/www.xn--tuksimaailm-ffb.ee\/en\/wp-json\/wp\/v2\/filter_elektritoukeratas?post=54906"}],"curies":[{"name":"wp","href":"https:\/\/api.w.org\/{rel}","templated":true}]}}