{"id":54922,"date":"2021-01-02T16:27:22","date_gmt":"2021-01-02T14:27:22","guid":{"rendered":"https:\/\/www.XN--TUKSIMAAILM-FFB.EE\/shop\/xiaomi-honeycomb-glows-in-dark-8-5x2-8-1-2x2-pro-2-1s\/"},"modified":"2021-01-02T16:27:22","modified_gmt":"2021-01-02T13:27:22","slug":"xiaomi-honeycomb-glows-in-dark-8-5x2-8-1-2x2-pro-2-1s","status":"publish","type":"product","link":"https:\/\/www.xn--tuksimaailm-ffb.ee\/en\/product\/xiaomi-honeycomb-glows-in-dark-8-5x2-8-1-2x2-pro-2-1s\/","title":{"rendered":"Xiaomi honeycomb glows in dark 8.5x2\" 8 1\/2x2\" Pro 2 1S"},"content":{"rendered":"<p>Xiaomi honeycomb tyre glowing in dark <b><strong>8.5x2<\/strong><\/b> \" (fluorescent) - puncture resistant tyre. Suitable for mounting in place of <b><strong>8 1\/2\u00d72<\/strong><\/b>\" <b><strong>pneumatic tyres<\/strong><\/b> (outer and inner). Available in <b><strong>blue<\/strong><\/b> and <b><strong>green<\/strong><\/b>. After being exposed to light, the tyre starts to glow in the dark - the tyre stores light, which makes it a very useful additional light in darker places on unevenly lit streets, visible from a distance to fellow road users, and therefore makes driving safer.<\/p>\n<p>The shatterproof Xiaomi Cellular Tire Luminescent is suitable for all electric scooters with original 8 1\/2\u00d72\u2033 outer tires, including the following popular electric scooters<b><strong>.<\/strong><\/b> If you are struggling to <a href=\"https:\/\/www.youtube.com\/watch?v=PlW6PiG1asY\">fit an<\/a> electric scooter <a href=\"https:\/\/www.youtube.com\/watch?v=PlW6PiG1asY\">tyre<\/a> on your own, our <a href=\"http:\/\/www.xn--tuksimaailm-ffb.ee\/elektrilise-toukeratta-remont\/\">workshop<\/a> specialising in electric scooters can help. You can read more about pneumatic VS solid tyres in our <a href=\"http:\/\/www.xn--tuksimaailm-ffb.ee\/ohkrehv-vs-purunemiskindel-taiskumm\/\">blog post<\/a>.<\/p>\n","protected":false},"excerpt":{"rendered":"<p>Xiaomi honeycomb tyre glowing in dark 8.5x2 \" (fluorescent) - puncture resistant tyre. Suitable for mounting in place of 8 1\/2\u00d72\" pneumatic tyres (outer and inner). Available in blue and green. After being exposed to light, the tyre starts to glow in the dark - the tyre stores light, which &hellip;<\/p>\n","protected":false},"featured_media":12425,"template":"","meta":[],"product_brand":[],"product_cat":[726],"product_tag":[3211,3209],"filter_elektritoukeratas":[2688,2686,2613,2612],"class_list":{"0":"post-54922","1":"product","2":"type-product","3":"status-publish","4":"has-post-thumbnail","6":"product_cat-spare-parts","7":"product_tag-solid-tyres-honeycomb-tyres","8":"product_tag-xiaomi-spare-parts","9":"pa_colour-roheline","10":"pa_colour-sinine","11":"pa_tootetuup-solid-tyres-honeycomb-tyres","12":"filter_elektritoukeratas-ft_blaupunkt_esc608","13":"filter_elektritoukeratas-ft_blaupunkt_esc808","14":"filter_elektritoukeratas-ft_xiaomi_1s_mi3_pro_2_3_lite","15":"filter_elektritoukeratas-ft_xiaomi_m365_m365_pro_essential","17":"first","18":"instock","19":"taxable","20":"shipping-taxable","21":"purchasable","22":"product-type-variable"},"yoast_head":"<!-- This site is optimized with the Yoast SEO Premium plugin v26.8 (Yoast SEO v27.5) - https:\/\/yoast.com\/product\/yoast-seo-premium-wordpress\/ -->\n<title>Xiaomi honeycomb glows in dark 8.5x2&quot; 8 1\/2x2&quot; Pro 2 1S | T\u00f5uksimaailm<\/title>\n<meta name=\"description\" content=\"Xiaomi honeycomb glow in dark 8.5x2&quot; (fluorescent) - available in blue, green colour. Suitable for Xiaomi M365 (Pro), Xiaomi Mi 1S, Xiaomi Mi Pro 2.\" \/>\n<meta name=\"robots\" content=\"index, follow, max-snippet:-1, max-image-preview:large, max-video-preview:-1\" \/>\n<link rel=\"canonical\" href=\"https:\/\/www.xn--tuksimaailm-ffb.ee\/en\/product\/xiaomi-honeycomb-glows-in-dark-8-5x2-8-1-2x2-pro-2-1s\/\" \/>\n<meta property=\"og:locale\" content=\"en_US\" \/>\n<meta property=\"og:type\" content=\"article\" \/>\n<meta property=\"og:title\" content=\"Xiaomi honeycomb glows in dark 8.5x2&quot; 8 1\/2x2&quot; Pro 2 1S\" \/>\n<meta property=\"og:description\" content=\"Xiaomi honeycomb glow in dark 8.5x2&quot; (fluorescent) - available in blue, green colour. Suitable for Xiaomi M365 (Pro), Xiaomi Mi 1S, Xiaomi Mi Pro 2.\" \/>\n<meta property=\"og:url\" content=\"https:\/\/www.xn--tuksimaailm-ffb.ee\/en\/product\/xiaomi-honeycomb-glows-in-dark-8-5x2-8-1-2x2-pro-2-1s\/\" \/>\n<meta property=\"og:site_name\" content=\"T\u00f5uksimaailm\" \/>\n<meta property=\"article:publisher\" content=\"https:\/\/www.facebook.com\/touksimaailm\/\" \/>\n<meta property=\"og:image\" content=\"https:\/\/www.XN--TUKSIMAAILM-FFB.EE\/wp-content\/uploads\/2021\/01\/sinine-fluor.jpg\" \/>\n\t<meta property=\"og:image:width\" content=\"636\" \/>\n\t<meta property=\"og:image:height\" content=\"597\" \/>\n\t<meta property=\"og:image:type\" content=\"image\/jpeg\" \/>\n<meta name=\"twitter:card\" content=\"summary_large_image\" \/>\n<meta name=\"twitter:label1\" content=\"Availability\" \/>\n\t<meta name=\"twitter:data1\" content=\"In stock\" \/>\n<meta property=\"og:availability\" content=\"instock\" \/>\n<meta property=\"product:availability\" content=\"instock\" \/>\n<meta property=\"product:condition\" content=\"new\" \/>\n<!-- \/ Yoast SEO Premium plugin. -->","yoast_head_json":{"title":"Xiaomi honeycomb glows in dark 8.5x2\" 8 1\/2x2\" Pro 2 1S | T\u00f5uksimaailm","description":"Xiaomi honeycomb glow in dark 8.5x2\" (fluorescent) - available in blue, green colour. Suitable for Xiaomi M365 (Pro), Xiaomi Mi 1S, Xiaomi Mi Pro 2.","robots":{"index":"index","follow":"follow","max-snippet":"max-snippet:-1","max-image-preview":"max-image-preview:large","max-video-preview":"max-video-preview:-1"},"canonical":"https:\/\/www.xn--tuksimaailm-ffb.ee\/en\/product\/xiaomi-honeycomb-glows-in-dark-8-5x2-8-1-2x2-pro-2-1s\/","og_locale":"en_US","og_type":"article","og_title":"Xiaomi honeycomb glows in dark 8.5x2\" 8 1\/2x2\" Pro 2 1S","og_description":"Xiaomi honeycomb glow in dark 8.5x2\" (fluorescent) - available in blue, green colour. Suitable for Xiaomi M365 (Pro), Xiaomi Mi 1S, Xiaomi Mi Pro 2.","og_url":"https:\/\/www.xn--tuksimaailm-ffb.ee\/en\/product\/xiaomi-honeycomb-glows-in-dark-8-5x2-8-1-2x2-pro-2-1s\/","og_site_name":"T\u00f5uksimaailm","article_publisher":"https:\/\/www.facebook.com\/touksimaailm\/","og_image":[{"width":636,"height":597,"url":"https:\/\/www.XN--TUKSIMAAILM-FFB.EE\/wp-content\/uploads\/2021\/01\/sinine-fluor.jpg","type":"image\/jpeg"}],"twitter_card":"summary_large_image","twitter_misc":{"Availability":"In stock"},"schema":{"@context":"https:\/\/schema.org","@graph":[{"@type":"WebPage","@id":"https:\/\/www.xn--tuksimaailm-ffb.ee\/en\/product\/xiaomi-honeycomb-glows-in-dark-8-5x2-8-1-2x2-pro-2-1s\/","url":"https:\/\/www.xn--tuksimaailm-ffb.ee\/en\/product\/xiaomi-honeycomb-glows-in-dark-8-5x2-8-1-2x2-pro-2-1s\/","name":"Xiaomi honeycomb glows in dark 8.5x2\" 8 1\/2x2\" Pro 2 1S | T\u00f5uksimaailm","isPartOf":{"@id":"https:\/\/www.xn--tuksimaailm-ffb.ee\/en\/#website"},"primaryImageOfPage":{"@id":"https:\/\/www.xn--tuksimaailm-ffb.ee\/en\/product\/xiaomi-honeycomb-glows-in-dark-8-5x2-8-1-2x2-pro-2-1s\/#primaryimage"},"image":{"@id":"https:\/\/www.xn--tuksimaailm-ffb.ee\/en\/product\/xiaomi-honeycomb-glows-in-dark-8-5x2-8-1-2x2-pro-2-1s\/#primaryimage"},"thumbnailUrl":"https:\/\/www.xn--tuksimaailm-ffb.ee\/wp-content\/uploads\/2021\/01\/sinine-fluor.jpg","datePublished":"2021-01-02T14:27:22+00:00","description":"Xiaomi honeycomb glow in dark 8.5x2\" (fluorescent) - available in blue, green colour. Suitable for Xiaomi M365 (Pro), Xiaomi Mi 1S, Xiaomi Mi Pro 2.","breadcrumb":{"@id":"https:\/\/www.xn--tuksimaailm-ffb.ee\/en\/product\/xiaomi-honeycomb-glows-in-dark-8-5x2-8-1-2x2-pro-2-1s\/#breadcrumb"},"inLanguage":"en-US","potentialAction":[{"@type":"ReadAction","target":["https:\/\/www.xn--tuksimaailm-ffb.ee\/en\/product\/xiaomi-honeycomb-glows-in-dark-8-5x2-8-1-2x2-pro-2-1s\/"]}]},{"@type":"ImageObject","inLanguage":"en-US","@id":"https:\/\/www.xn--tuksimaailm-ffb.ee\/en\/product\/xiaomi-honeycomb-glows-in-dark-8-5x2-8-1-2x2-pro-2-1s\/#primaryimage","url":"https:\/\/www.xn--tuksimaailm-ffb.ee\/wp-content\/uploads\/2021\/01\/sinine-fluor.jpg","contentUrl":"https:\/\/www.xn--tuksimaailm-ffb.ee\/wp-content\/uploads\/2021\/01\/sinine-fluor.jpg","width":636,"height":597,"caption":"xiaomi solid tyre fluorescent"},{"@type":"BreadcrumbList","@id":"https:\/\/www.xn--tuksimaailm-ffb.ee\/en\/product\/xiaomi-honeycomb-glows-in-dark-8-5x2-8-1-2x2-pro-2-1s\/#breadcrumb","itemListElement":[{"@type":"ListItem","position":1,"name":"Home","item":"https:\/\/www.xn--tuksimaailm-ffb.ee\/en\/main-page\/"},{"@type":"ListItem","position":2,"name":"Shop","item":"https:\/\/www.xn--tuksimaailm-ffb.ee\/elektritoukerataste-pood\/"},{"@type":"ListItem","position":3,"name":"Xiaomi honeycomb glows in dark 8.5x2\" 8 1\/2x2\" Pro 2 1S"}]},{"@type":"WebSite","@id":"https:\/\/www.xn--tuksimaailm-ffb.ee\/en\/#website","url":"https:\/\/www.xn--tuksimaailm-ffb.ee\/en\/","name":"T\u00f5uksimaailm","description":"Elektrit\u00f5ukerataste m\u00fc\u00fck, remont ja rent","publisher":{"@id":"https:\/\/www.xn--tuksimaailm-ffb.ee\/en\/#organization"},"potentialAction":[{"@type":"SearchAction","target":{"@type":"EntryPoint","urlTemplate":"https:\/\/www.xn--tuksimaailm-ffb.ee\/en\/?s={search_term_string}"},"query-input":{"@type":"PropertyValueSpecification","valueRequired":true,"valueName":"search_term_string"}}],"inLanguage":"en-US"},{"@type":"Organization","@id":"https:\/\/www.xn--tuksimaailm-ffb.ee\/en\/#organization","name":"T\u00f5uksimaailm","url":"https:\/\/www.xn--tuksimaailm-ffb.ee\/en\/","logo":{"@type":"ImageObject","inLanguage":"en-US","@id":"https:\/\/www.xn--tuksimaailm-ffb.ee\/en\/#\/schema\/logo\/image\/","url":"https:\/\/www.xn--tuksimaailm-ffb.ee\/wp-content\/uploads\/2020\/01\/logoz-e1579792875517.png","contentUrl":"https:\/\/www.xn--tuksimaailm-ffb.ee\/wp-content\/uploads\/2020\/01\/logoz-e1579792875517.png","width":250,"height":250,"caption":"T\u00f5uksimaailm"},"image":{"@id":"https:\/\/www.xn--tuksimaailm-ffb.ee\/en\/#\/schema\/logo\/image\/"},"sameAs":["https:\/\/www.facebook.com\/touksimaailm\/","https:\/\/www.instagram.com\/touksimaailm_\/","https:\/\/www.youtube.com\/channel\/UC18ml0EKIDLP1xGuQjFzcXQ"]}]},"og_availability":"instock","product_availability":"instock","product_condition":"new"},"jetpack_sharing_enabled":true,"_links":{"self":[{"href":"https:\/\/www.xn--tuksimaailm-ffb.ee\/en\/wp-json\/wp\/v2\/product\/54922","targetHints":{"allow":["GET"]}}],"collection":[{"href":"https:\/\/www.xn--tuksimaailm-ffb.ee\/en\/wp-json\/wp\/v2\/product"}],"about":[{"href":"https:\/\/www.xn--tuksimaailm-ffb.ee\/en\/wp-json\/wp\/v2\/types\/product"}],"wp:featuredmedia":[{"embeddable":true,"href":"https:\/\/www.xn--tuksimaailm-ffb.ee\/en\/wp-json\/wp\/v2\/media\/12425"}],"wp:attachment":[{"href":"https:\/\/www.xn--tuksimaailm-ffb.ee\/en\/wp-json\/wp\/v2\/media?parent=54922"}],"wp:term":[{"taxonomy":"product_brand","embeddable":true,"href":"https:\/\/www.xn--tuksimaailm-ffb.ee\/en\/wp-json\/wp\/v2\/product_brand?post=54922"},{"taxonomy":"product_cat","embeddable":true,"href":"https:\/\/www.xn--tuksimaailm-ffb.ee\/en\/wp-json\/wp\/v2\/product_cat?post=54922"},{"taxonomy":"product_tag","embeddable":true,"href":"https:\/\/www.xn--tuksimaailm-ffb.ee\/en\/wp-json\/wp\/v2\/product_tag?post=54922"},{"taxonomy":"filter_elektritoukeratas","embeddable":true,"href":"https:\/\/www.xn--tuksimaailm-ffb.ee\/en\/wp-json\/wp\/v2\/filter_elektritoukeratas?post=54922"}],"curies":[{"name":"wp","href":"https:\/\/api.w.org\/{rel}","templated":true}]}}