{"id":54926,"date":"2025-01-16T18:24:24","date_gmt":"2025-01-16T15:24:24","guid":{"rendered":"http:\/\/www.xn--tuksimaailm-ffb.ee\/?post_type=product&#038;p=54926"},"modified":"2025-02-21T13:59:03","modified_gmt":"2025-02-21T10:59:03","slug":"xiaomi-4-ultra-ekraan-display-juhtpaneel","status":"publish","type":"product","link":"https:\/\/www.xn--tuksimaailm-ffb.ee\/shop\/xiaomi-4-ultra-ekraan-display-juhtpaneel\/","title":{"rendered":"Xiaomi 4 Ultra ekraan display juhtpaneel"},"content":{"rendered":"<p>Xiaomi 4 Ultra ekraan (ka display, displei, juhtpaneel). Sobib elektrit\u00f5ukeratas Xiaomi 4 Ultra. Ekraan ei \u00fchildu v\u00e4limuselt sarnaste Xiaomi koopiatega! Xiaomi Mi ekraan on enamasti vaja v\u00e4lja vahetada kui elektrit\u00f5ukeratas on saanud vihmaga s\u00f5ites veekahjustuse.<\/p>\n<p>Elektrit\u00f5ukeratta display vahetusega iseseisvalt h\u00e4tta j\u00e4\u00e4des saab aidata meie elektrit\u00f5ukeratastele spetsialiseerunud <a href=\"https:\/\/www.t\u00f5uksimaailm.ee\/elektrilise-toukeratta-remont\/\">t\u00f6\u00f6koda.<\/a><\/p>\n","protected":false},"excerpt":{"rendered":"<p><em><strong>Tarneaeg: 5-10tp<\/strong><\/em><\/p>\n","protected":false},"featured_media":54928,"template":"","meta":[],"product_brand":[],"product_cat":[40],"product_tag":[],"filter_elektritoukeratas":[2622],"class_list":{"0":"post-54926","1":"product","2":"type-product","3":"status-publish","4":"has-post-thumbnail","6":"product_cat-elektritoukeratta-varuosad","7":"pa_tootetuup-gaasid_ekraanid_displayd","8":"filter_elektritoukeratas-ft_xiaomi_4_ultra","10":"first","11":"onbackorder","12":"taxable","13":"shipping-taxable","14":"purchasable","15":"product-type-simple"},"yoast_head":"<!-- This site is optimized with the Yoast SEO Premium plugin v26.8 (Yoast SEO v27.3) - https:\/\/yoast.com\/product\/yoast-seo-premium-wordpress\/ -->\n<title>Xiaomi 4 Ultra ekraan display juhtpaneel | T\u00f5uksimaailm<\/title>\n<meta name=\"description\" content=\"Elektrit\u00f5ukeratta Xiaomi 4 Ultra ekraan (ka display, displei, juhtpaneel). Sobib elektrit\u00f5ukeratas Xiaomi 4 Ultra. Xiaomi varuosa.\" \/>\n<meta name=\"robots\" content=\"index, follow, max-snippet:-1, max-image-preview:large, max-video-preview:-1\" \/>\n<link rel=\"canonical\" href=\"https:\/\/www.xn--tuksimaailm-ffb.ee\/en\/shop\/xiaomi-4-ultra-ekraan-display-juhtpaneel\/\" \/>\n<meta property=\"og:locale\" content=\"en_US\" \/>\n<meta property=\"og:type\" content=\"article\" \/>\n<meta property=\"og:title\" content=\"Xiaomi 4 Ultra ekraan display juhtpaneel\" \/>\n<meta property=\"og:description\" content=\"Elektrit\u00f5ukeratta Xiaomi 4 Ultra ekraan (ka display, displei, juhtpaneel). Sobib elektrit\u00f5ukeratas Xiaomi 4 Ultra. Xiaomi varuosa.\" \/>\n<meta property=\"og:url\" content=\"https:\/\/www.xn--tuksimaailm-ffb.ee\/shop\/xiaomi-4-ultra-ekraan-display-juhtpaneel\/\" \/>\n<meta property=\"og:site_name\" content=\"T\u00f5uksimaailm\" \/>\n<meta property=\"article:publisher\" content=\"https:\/\/www.facebook.com\/touksimaailm\/\" \/>\n<meta property=\"article:modified_time\" content=\"2025-02-21T10:59:03+00:00\" \/>\n<meta property=\"og:image\" content=\"https:\/\/www.xn--tuksimaailm-ffb.ee\/wp-content\/uploads\/2025\/01\/Screenshot-2025-01-16-172405.webp\" \/>\n\t<meta property=\"og:image:width\" content=\"937\" \/>\n\t<meta property=\"og:image:height\" content=\"991\" \/>\n\t<meta property=\"og:image:type\" content=\"image\/webp\" \/>\n<meta name=\"twitter:card\" content=\"summary_large_image\" \/>\n<meta name=\"twitter:label1\" content=\"Price\" \/>\n\t<meta name=\"twitter:data1\" content=\"&euro;119.00\" \/>\n\t<meta name=\"twitter:label2\" content=\"Availability\" \/>\n\t<meta name=\"twitter:data2\" content=\"On backorder\" \/>\n<meta property=\"product:price:amount\" content=\"119.00\" \/>\n<meta property=\"product:price:currency\" content=\"EUR\" \/>\n<meta property=\"og:availability\" content=\"backorder\" \/>\n<meta property=\"product:availability\" content=\"available for order\" \/>\n<meta property=\"product:condition\" content=\"new\" \/>\n<!-- \/ Yoast SEO Premium plugin. -->","yoast_head_json":{"title":"Xiaomi 4 Ultra ekraan display juhtpaneel | T\u00f5uksimaailm","description":"Elektrit\u00f5ukeratta Xiaomi 4 Ultra ekraan (ka display, displei, juhtpaneel). Sobib elektrit\u00f5ukeratas Xiaomi 4 Ultra. Xiaomi varuosa.","robots":{"index":"index","follow":"follow","max-snippet":"max-snippet:-1","max-image-preview":"max-image-preview:large","max-video-preview":"max-video-preview:-1"},"canonical":"https:\/\/www.xn--tuksimaailm-ffb.ee\/en\/shop\/xiaomi-4-ultra-ekraan-display-juhtpaneel\/","og_locale":"en_US","og_type":"article","og_title":"Xiaomi 4 Ultra ekraan display juhtpaneel","og_description":"Elektrit\u00f5ukeratta Xiaomi 4 Ultra ekraan (ka display, displei, juhtpaneel). Sobib elektrit\u00f5ukeratas Xiaomi 4 Ultra. Xiaomi varuosa.","og_url":"https:\/\/www.xn--tuksimaailm-ffb.ee\/shop\/xiaomi-4-ultra-ekraan-display-juhtpaneel\/","og_site_name":"T\u00f5uksimaailm","article_publisher":"https:\/\/www.facebook.com\/touksimaailm\/","article_modified_time":"2025-02-21T10:59:03+00:00","og_image":[{"width":937,"height":991,"url":"https:\/\/www.xn--tuksimaailm-ffb.ee\/wp-content\/uploads\/2025\/01\/Screenshot-2025-01-16-172405.webp","type":"image\/webp"}],"twitter_card":"summary_large_image","twitter_misc":{"Price":"&euro;119.00","Availability":"On backorder"},"schema":{"@context":"https:\/\/schema.org","@graph":[{"@type":"WebPage","@id":"https:\/\/www.xn--tuksimaailm-ffb.ee\/shop\/xiaomi-4-ultra-ekraan-display-juhtpaneel\/","url":"https:\/\/www.xn--tuksimaailm-ffb.ee\/shop\/xiaomi-4-ultra-ekraan-display-juhtpaneel\/","name":"Xiaomi 4 Ultra ekraan display juhtpaneel | T\u00f5uksimaailm","isPartOf":{"@id":"https:\/\/www.xn--tuksimaailm-ffb.ee\/en\/#website"},"primaryImageOfPage":{"@id":"https:\/\/www.xn--tuksimaailm-ffb.ee\/shop\/xiaomi-4-ultra-ekraan-display-juhtpaneel\/#primaryimage"},"image":{"@id":"https:\/\/www.xn--tuksimaailm-ffb.ee\/shop\/xiaomi-4-ultra-ekraan-display-juhtpaneel\/#primaryimage"},"thumbnailUrl":"https:\/\/www.xn--tuksimaailm-ffb.ee\/wp-content\/uploads\/2025\/01\/Screenshot-2025-01-16-172405.webp","datePublished":"2025-01-16T15:24:24+00:00","dateModified":"2025-02-21T10:59:03+00:00","description":"Elektrit\u00f5ukeratta Xiaomi 4 Ultra ekraan (ka display, displei, juhtpaneel). Sobib elektrit\u00f5ukeratas Xiaomi 4 Ultra. Xiaomi varuosa.","breadcrumb":{"@id":"https:\/\/www.xn--tuksimaailm-ffb.ee\/shop\/xiaomi-4-ultra-ekraan-display-juhtpaneel\/#breadcrumb"},"inLanguage":"en-US","potentialAction":[{"@type":"ReadAction","target":["https:\/\/www.xn--tuksimaailm-ffb.ee\/shop\/xiaomi-4-ultra-ekraan-display-juhtpaneel\/"]}]},{"@type":"ImageObject","inLanguage":"en-US","@id":"https:\/\/www.xn--tuksimaailm-ffb.ee\/shop\/xiaomi-4-ultra-ekraan-display-juhtpaneel\/#primaryimage","url":"https:\/\/www.xn--tuksimaailm-ffb.ee\/wp-content\/uploads\/2025\/01\/Screenshot-2025-01-16-172405.webp","contentUrl":"https:\/\/www.xn--tuksimaailm-ffb.ee\/wp-content\/uploads\/2025\/01\/Screenshot-2025-01-16-172405.webp","width":937,"height":991,"caption":"Xiaomi 4 Ultra ekraan display juhtpaneel"},{"@type":"BreadcrumbList","@id":"https:\/\/www.xn--tuksimaailm-ffb.ee\/shop\/xiaomi-4-ultra-ekraan-display-juhtpaneel\/#breadcrumb","itemListElement":[{"@type":"ListItem","position":1,"name":"Home","item":"https:\/\/www.xn--tuksimaailm-ffb.ee\/en\/main-page\/"},{"@type":"ListItem","position":2,"name":"Shop","item":"https:\/\/www.xn--tuksimaailm-ffb.ee\/elektritoukerataste-pood\/"},{"@type":"ListItem","position":3,"name":"Xiaomi 4 Ultra ekraan display juhtpaneel"}]},{"@type":"WebSite","@id":"https:\/\/www.xn--tuksimaailm-ffb.ee\/en\/#website","url":"https:\/\/www.xn--tuksimaailm-ffb.ee\/en\/","name":"T\u00f5uksimaailm","description":"Elektrit\u00f5ukerataste m\u00fc\u00fck, remont ja rent","publisher":{"@id":"https:\/\/www.xn--tuksimaailm-ffb.ee\/en\/#organization"},"potentialAction":[{"@type":"SearchAction","target":{"@type":"EntryPoint","urlTemplate":"https:\/\/www.xn--tuksimaailm-ffb.ee\/en\/?s={search_term_string}"},"query-input":{"@type":"PropertyValueSpecification","valueRequired":true,"valueName":"search_term_string"}}],"inLanguage":"en-US"},{"@type":"Organization","@id":"https:\/\/www.xn--tuksimaailm-ffb.ee\/en\/#organization","name":"T\u00f5uksimaailm","url":"https:\/\/www.xn--tuksimaailm-ffb.ee\/en\/","logo":{"@type":"ImageObject","inLanguage":"en-US","@id":"https:\/\/www.xn--tuksimaailm-ffb.ee\/en\/#\/schema\/logo\/image\/","url":"https:\/\/www.xn--tuksimaailm-ffb.ee\/wp-content\/uploads\/2020\/01\/logoz-e1579792875517.png","contentUrl":"https:\/\/www.xn--tuksimaailm-ffb.ee\/wp-content\/uploads\/2020\/01\/logoz-e1579792875517.png","width":250,"height":250,"caption":"T\u00f5uksimaailm"},"image":{"@id":"https:\/\/www.xn--tuksimaailm-ffb.ee\/en\/#\/schema\/logo\/image\/"},"sameAs":["https:\/\/www.facebook.com\/touksimaailm\/","https:\/\/www.instagram.com\/touksimaailm_\/","https:\/\/www.youtube.com\/channel\/UC18ml0EKIDLP1xGuQjFzcXQ"]}]},"product_price_amount":"119.00","product_price_currency":"EUR","og_availability":"backorder","product_availability":"available for order","product_condition":"new"},"jetpack_sharing_enabled":true,"_links":{"self":[{"href":"https:\/\/www.xn--tuksimaailm-ffb.ee\/en\/wp-json\/wp\/v2\/product\/54926","targetHints":{"allow":["GET"]}}],"collection":[{"href":"https:\/\/www.xn--tuksimaailm-ffb.ee\/en\/wp-json\/wp\/v2\/product"}],"about":[{"href":"https:\/\/www.xn--tuksimaailm-ffb.ee\/en\/wp-json\/wp\/v2\/types\/product"}],"wp:featuredmedia":[{"embeddable":true,"href":"https:\/\/www.xn--tuksimaailm-ffb.ee\/en\/wp-json\/wp\/v2\/media\/54928"}],"wp:attachment":[{"href":"https:\/\/www.xn--tuksimaailm-ffb.ee\/en\/wp-json\/wp\/v2\/media?parent=54926"}],"wp:term":[{"taxonomy":"product_brand","embeddable":true,"href":"https:\/\/www.xn--tuksimaailm-ffb.ee\/en\/wp-json\/wp\/v2\/product_brand?post=54926"},{"taxonomy":"product_cat","embeddable":true,"href":"https:\/\/www.xn--tuksimaailm-ffb.ee\/en\/wp-json\/wp\/v2\/product_cat?post=54926"},{"taxonomy":"product_tag","embeddable":true,"href":"https:\/\/www.xn--tuksimaailm-ffb.ee\/en\/wp-json\/wp\/v2\/product_tag?post=54926"},{"taxonomy":"filter_elektritoukeratas","embeddable":true,"href":"https:\/\/www.xn--tuksimaailm-ffb.ee\/en\/wp-json\/wp\/v2\/filter_elektritoukeratas?post=54926"}],"curies":[{"name":"wp","href":"https:\/\/api.w.org\/{rel}","templated":true}]}}