{"id":56672,"date":"2021-01-09T09:38:28","date_gmt":"2021-01-09T07:38:28","guid":{"rendered":"http:\/\/www.xn--tuksimaailm-ffb.ee\/shop\/xiaomi-folding-bolt-mi-m365\/"},"modified":"2021-01-09T09:38:28","modified_gmt":"2021-01-09T06:38:28","slug":"xiaomi-folding-bolt-mi-m365","status":"publish","type":"product","link":"https:\/\/www.xn--tuksimaailm-ffb.ee\/en\/product\/xiaomi-folding-bolt-mi-m365\/","title":{"rendered":"Xiaomi folding bolt Mi M365"},"content":{"rendered":"<p>Folding bolt (also neck bolt) for Xiaomi electric scooter, black. The Xiaomi folding bolt for electric scooter is suitable for the popular electric scooter <a href=\"http:\/\/www.xn--tuksimaailm-ffb.ee\/shop\/elektritouks_xiaomi-360\/\">Xiaomi Mi M365<\/a>. It also fits most Xiaomi clones\/copies (Macwheel, Sermangreen, Citiway, E-Wheels E2S V2, Xiaomi Essential and many others). We also provide reinforced folding mechanism for <a href=\"http:\/\/www.xn--tuksimaailm-ffb.ee\/shop\/xiaomi-kokku-klappimise-polt-tugev-m365-1s-pro-2\/\"><b><strong>the pad<\/strong><\/b><\/a>. The joint bolt needs to be replaced when the original bolt nut is worn out from tightening or the bolt thread is broken.<\/p>\n","protected":false},"excerpt":{"rendered":"<p>Folding bolt (also neck bolt) for Xiaomi electric scooter, black. The Xiaomi folding bolt for electric scooter is suitable for the popular electric scooter Xiaomi Mi M365. It also fits most Xiaomi clones\/copies (Macwheel, Sermangreen, Citiway, E-Wheels E2S V2, Xiaomi Essential and many others). We also provide reinforced folding mechanism &hellip;<\/p>\n","protected":false},"featured_media":12545,"template":"","meta":[],"product_brand":[],"product_cat":[726],"product_tag":[3209],"filter_elektritoukeratas":[2613,2612],"class_list":{"0":"post-56672","1":"product","2":"type-product","3":"status-publish","4":"has-post-thumbnail","6":"product_cat-spare-parts","7":"product_tag-xiaomi-spare-parts","8":"filter_elektritoukeratas-ft_xiaomi_1s_mi3_pro_2_3_lite","9":"filter_elektritoukeratas-ft_xiaomi_m365_m365_pro_essential","11":"first","12":"instock","13":"taxable","14":"shipping-taxable","15":"purchasable","16":"product-type-simple"},"yoast_head":"<!-- This site is optimized with the Yoast SEO Premium plugin v26.8 (Yoast SEO v27.5) - https:\/\/yoast.com\/product\/yoast-seo-premium-wordpress\/ -->\n<title>Xiaomi folding bolt Mi M365 | T\u00f5uksimaailm | Spare parts<\/title>\n<meta name=\"description\" content=\"Folding bolt (also neck bolt) for Xiaomi electric scooter, black colour, suitable for Xiaomi Mi M365 electric scooter. Electric scooters and spare parts.\" \/>\n<meta name=\"robots\" content=\"index, follow, max-snippet:-1, max-image-preview:large, max-video-preview:-1\" \/>\n<link rel=\"canonical\" href=\"https:\/\/www.xn--tuksimaailm-ffb.ee\/en\/product\/xiaomi-folding-bolt-mi-m365\/\" \/>\n<meta property=\"og:locale\" content=\"en_US\" \/>\n<meta property=\"og:type\" content=\"article\" \/>\n<meta property=\"og:title\" content=\"Xiaomi folding bolt Mi M365\" \/>\n<meta property=\"og:description\" content=\"Folding bolt (also neck bolt) for Xiaomi electric scooter, black colour, suitable for Xiaomi Mi M365 electric scooter. Electric scooters and spare parts.\" \/>\n<meta property=\"og:url\" content=\"https:\/\/www.xn--tuksimaailm-ffb.ee\/en\/product\/xiaomi-folding-bolt-mi-m365\/\" \/>\n<meta property=\"og:site_name\" content=\"T\u00f5uksimaailm\" \/>\n<meta property=\"article:publisher\" content=\"https:\/\/www.facebook.com\/touksimaailm\/\" \/>\n<meta property=\"og:image\" content=\"https:\/\/www.xn--tuksimaailm-ffb.ee\/wp-content\/uploads\/2021\/01\/xiaomi-kaela-polt.jpg\" \/>\n\t<meta property=\"og:image:width\" content=\"841\" \/>\n\t<meta property=\"og:image:height\" content=\"708\" \/>\n\t<meta property=\"og:image:type\" content=\"image\/jpeg\" \/>\n<meta name=\"twitter:card\" content=\"summary_large_image\" \/>\n<meta name=\"twitter:label1\" content=\"Price\" \/>\n\t<meta name=\"twitter:data1\" content=\"&euro;4.90\" \/>\n\t<meta name=\"twitter:label2\" content=\"Availability\" \/>\n\t<meta name=\"twitter:data2\" content=\"In stock\" \/>\n<meta property=\"product:price:amount\" content=\"4.90\" \/>\n<meta property=\"product:price:currency\" content=\"EUR\" \/>\n<meta property=\"og:availability\" content=\"instock\" \/>\n<meta property=\"product:availability\" content=\"instock\" \/>\n<meta property=\"product:condition\" content=\"new\" \/>\n<!-- \/ Yoast SEO Premium plugin. -->","yoast_head_json":{"title":"Xiaomi folding bolt Mi M365 | T\u00f5uksimaailm | Spare parts","description":"Folding bolt (also neck bolt) for Xiaomi electric scooter, black colour, suitable for Xiaomi Mi M365 electric scooter. Electric scooters and spare parts.","robots":{"index":"index","follow":"follow","max-snippet":"max-snippet:-1","max-image-preview":"max-image-preview:large","max-video-preview":"max-video-preview:-1"},"canonical":"https:\/\/www.xn--tuksimaailm-ffb.ee\/en\/product\/xiaomi-folding-bolt-mi-m365\/","og_locale":"en_US","og_type":"article","og_title":"Xiaomi folding bolt Mi M365","og_description":"Folding bolt (also neck bolt) for Xiaomi electric scooter, black colour, suitable for Xiaomi Mi M365 electric scooter. Electric scooters and spare parts.","og_url":"https:\/\/www.xn--tuksimaailm-ffb.ee\/en\/product\/xiaomi-folding-bolt-mi-m365\/","og_site_name":"T\u00f5uksimaailm","article_publisher":"https:\/\/www.facebook.com\/touksimaailm\/","og_image":[{"width":841,"height":708,"url":"https:\/\/www.xn--tuksimaailm-ffb.ee\/wp-content\/uploads\/2021\/01\/xiaomi-kaela-polt.jpg","type":"image\/jpeg"}],"twitter_card":"summary_large_image","twitter_misc":{"Price":"&euro;4.90","Availability":"In stock"},"schema":{"@context":"https:\/\/schema.org","@graph":[{"@type":"WebPage","@id":"https:\/\/www.xn--tuksimaailm-ffb.ee\/en\/product\/xiaomi-folding-bolt-mi-m365\/","url":"https:\/\/www.xn--tuksimaailm-ffb.ee\/en\/product\/xiaomi-folding-bolt-mi-m365\/","name":"Xiaomi folding bolt Mi M365 | T\u00f5uksimaailm | Spare parts","isPartOf":{"@id":"https:\/\/www.xn--tuksimaailm-ffb.ee\/en\/#website"},"primaryImageOfPage":{"@id":"https:\/\/www.xn--tuksimaailm-ffb.ee\/en\/product\/xiaomi-folding-bolt-mi-m365\/#primaryimage"},"image":{"@id":"https:\/\/www.xn--tuksimaailm-ffb.ee\/en\/product\/xiaomi-folding-bolt-mi-m365\/#primaryimage"},"thumbnailUrl":"https:\/\/www.xn--tuksimaailm-ffb.ee\/wp-content\/uploads\/2021\/01\/xiaomi-kaela-polt.jpg","datePublished":"2021-01-09T07:38:28+00:00","description":"Folding bolt (also neck bolt) for Xiaomi electric scooter, black colour, suitable for Xiaomi Mi M365 electric scooter. Electric scooters and spare parts.","breadcrumb":{"@id":"https:\/\/www.xn--tuksimaailm-ffb.ee\/en\/product\/xiaomi-folding-bolt-mi-m365\/#breadcrumb"},"inLanguage":"en-US","potentialAction":[{"@type":"ReadAction","target":["https:\/\/www.xn--tuksimaailm-ffb.ee\/en\/product\/xiaomi-folding-bolt-mi-m365\/"]}]},{"@type":"ImageObject","inLanguage":"en-US","@id":"https:\/\/www.xn--tuksimaailm-ffb.ee\/en\/product\/xiaomi-folding-bolt-mi-m365\/#primaryimage","url":"https:\/\/www.xn--tuksimaailm-ffb.ee\/wp-content\/uploads\/2021\/01\/xiaomi-kaela-polt.jpg","contentUrl":"https:\/\/www.xn--tuksimaailm-ffb.ee\/wp-content\/uploads\/2021\/01\/xiaomi-kaela-polt.jpg","width":841,"height":708,"caption":"Xiaomi folding bolt Mi M365"},{"@type":"BreadcrumbList","@id":"https:\/\/www.xn--tuksimaailm-ffb.ee\/en\/product\/xiaomi-folding-bolt-mi-m365\/#breadcrumb","itemListElement":[{"@type":"ListItem","position":1,"name":"Home","item":"https:\/\/www.xn--tuksimaailm-ffb.ee\/en\/main-page\/"},{"@type":"ListItem","position":2,"name":"Shop","item":"https:\/\/www.xn--tuksimaailm-ffb.ee\/elektritoukerataste-pood\/"},{"@type":"ListItem","position":3,"name":"Xiaomi folding bolt Mi M365"}]},{"@type":"WebSite","@id":"https:\/\/www.xn--tuksimaailm-ffb.ee\/en\/#website","url":"https:\/\/www.xn--tuksimaailm-ffb.ee\/en\/","name":"T\u00f5uksimaailm","description":"Elektrit\u00f5ukerataste m\u00fc\u00fck, remont ja rent","publisher":{"@id":"https:\/\/www.xn--tuksimaailm-ffb.ee\/en\/#organization"},"potentialAction":[{"@type":"SearchAction","target":{"@type":"EntryPoint","urlTemplate":"https:\/\/www.xn--tuksimaailm-ffb.ee\/en\/?s={search_term_string}"},"query-input":{"@type":"PropertyValueSpecification","valueRequired":true,"valueName":"search_term_string"}}],"inLanguage":"en-US"},{"@type":"Organization","@id":"https:\/\/www.xn--tuksimaailm-ffb.ee\/en\/#organization","name":"T\u00f5uksimaailm","url":"https:\/\/www.xn--tuksimaailm-ffb.ee\/en\/","logo":{"@type":"ImageObject","inLanguage":"en-US","@id":"https:\/\/www.xn--tuksimaailm-ffb.ee\/en\/#\/schema\/logo\/image\/","url":"https:\/\/www.xn--tuksimaailm-ffb.ee\/wp-content\/uploads\/2020\/01\/logoz-e1579792875517.png","contentUrl":"https:\/\/www.xn--tuksimaailm-ffb.ee\/wp-content\/uploads\/2020\/01\/logoz-e1579792875517.png","width":250,"height":250,"caption":"T\u00f5uksimaailm"},"image":{"@id":"https:\/\/www.xn--tuksimaailm-ffb.ee\/en\/#\/schema\/logo\/image\/"},"sameAs":["https:\/\/www.facebook.com\/touksimaailm\/","https:\/\/www.instagram.com\/touksimaailm_\/","https:\/\/www.youtube.com\/channel\/UC18ml0EKIDLP1xGuQjFzcXQ"]}]},"product_price_amount":"4.90","product_price_currency":"EUR","og_availability":"instock","product_availability":"instock","product_condition":"new"},"jetpack_sharing_enabled":true,"_links":{"self":[{"href":"https:\/\/www.xn--tuksimaailm-ffb.ee\/en\/wp-json\/wp\/v2\/product\/56672","targetHints":{"allow":["GET"]}}],"collection":[{"href":"https:\/\/www.xn--tuksimaailm-ffb.ee\/en\/wp-json\/wp\/v2\/product"}],"about":[{"href":"https:\/\/www.xn--tuksimaailm-ffb.ee\/en\/wp-json\/wp\/v2\/types\/product"}],"wp:featuredmedia":[{"embeddable":true,"href":"https:\/\/www.xn--tuksimaailm-ffb.ee\/en\/wp-json\/wp\/v2\/media\/12545"}],"wp:attachment":[{"href":"https:\/\/www.xn--tuksimaailm-ffb.ee\/en\/wp-json\/wp\/v2\/media?parent=56672"}],"wp:term":[{"taxonomy":"product_brand","embeddable":true,"href":"https:\/\/www.xn--tuksimaailm-ffb.ee\/en\/wp-json\/wp\/v2\/product_brand?post=56672"},{"taxonomy":"product_cat","embeddable":true,"href":"https:\/\/www.xn--tuksimaailm-ffb.ee\/en\/wp-json\/wp\/v2\/product_cat?post=56672"},{"taxonomy":"product_tag","embeddable":true,"href":"https:\/\/www.xn--tuksimaailm-ffb.ee\/en\/wp-json\/wp\/v2\/product_tag?post=56672"},{"taxonomy":"filter_elektritoukeratas","embeddable":true,"href":"https:\/\/www.xn--tuksimaailm-ffb.ee\/en\/wp-json\/wp\/v2\/filter_elektritoukeratas?post=56672"}],"curies":[{"name":"wp","href":"https:\/\/api.w.org\/{rel}","templated":true}]}}