{"id":56691,"date":"2021-01-10T16:37:48","date_gmt":"2021-01-10T14:37:48","guid":{"rendered":"http:\/\/www.xn--tuksimaailm-ffb.ee\/shop\/favourable-phone-holder-for-electric-scooter-bicycle\/"},"modified":"2021-01-10T16:37:48","modified_gmt":"2021-01-10T13:37:48","slug":"favourable-phone-holder-for-electric-scooter-bicycle","status":"publish","type":"product","link":"https:\/\/www.xn--tuksimaailm-ffb.ee\/en\/product\/favourable-phone-holder-for-electric-scooter-bicycle\/","title":{"rendered":"Favourable phone holder for electric scooter \/ bicycle"},"content":{"rendered":"<p>Favorable phone holder for electric scooter \/ bicycle (phone holder) with fastening clip and rubber support straps. The phone holder has an <b><strong>adjustable angle<\/strong><\/b>. The phone holder is suitable for electric scooters or bicycles with <b><strong>22,2mm<\/strong><\/b> diameter lenses.<\/p>\n","protected":false},"excerpt":{"rendered":"<p>Favorable phone holder for electric scooter \/ bicycle (phone holder) with fastening clip and rubber support straps. The phone holder has an adjustable angle. The phone holder is suitable for electric scooters or bicycles with 22,2mm diameter lenses.<\/p>\n","protected":false},"featured_media":12621,"template":"","meta":[],"product_brand":[],"product_cat":[746],"product_tag":[3213],"filter_elektritoukeratas":[],"class_list":{"0":"post-56691","1":"product","2":"type-product","3":"status-publish","4":"has-post-thumbnail","6":"product_cat-accessories","7":"product_tag-phoneholders","8":"pa_colour-must","9":"pa_colour-punane","10":"pa_colour-sinine","11":"pa_tootetuup-phone-holders","13":"first","14":"instock","15":"taxable","16":"shipping-taxable","17":"purchasable","18":"product-type-variable"},"yoast_head":"<!-- This site is optimized with the Yoast SEO Premium plugin v26.8 (Yoast SEO v27.5) - https:\/\/yoast.com\/product\/yoast-seo-premium-wordpress\/ -->\n<title>Favourable phone holder for electric scooter \/ bicycle | T\u00f5uksimaailm<\/title>\n<meta name=\"description\" content=\"Favorable phone holder for electric scooter \/ bicycle (phone holder) with mounting clip and rubber support straps, for 22,2mm lens.\" \/>\n<meta name=\"robots\" content=\"index, follow, max-snippet:-1, max-image-preview:large, max-video-preview:-1\" \/>\n<link rel=\"canonical\" href=\"https:\/\/www.xn--tuksimaailm-ffb.ee\/en\/product\/favourable-phone-holder-for-electric-scooter-bicycle\/\" \/>\n<meta property=\"og:locale\" content=\"en_US\" \/>\n<meta property=\"og:type\" content=\"article\" \/>\n<meta property=\"og:title\" content=\"Favourable phone holder for electric scooter \/ bicycle\" \/>\n<meta property=\"og:description\" content=\"Favorable phone holder for electric scooter \/ bicycle (phone holder) with mounting clip and rubber support straps, for 22,2mm lens.\" \/>\n<meta property=\"og:url\" content=\"https:\/\/www.xn--tuksimaailm-ffb.ee\/en\/product\/favourable-phone-holder-for-electric-scooter-bicycle\/\" \/>\n<meta property=\"og:site_name\" content=\"T\u00f5uksimaailm\" \/>\n<meta property=\"article:publisher\" content=\"https:\/\/www.facebook.com\/touksimaailm\/\" \/>\n<meta property=\"og:image\" content=\"https:\/\/www.xn--tuksimaailm-ffb.ee\/wp-content\/uploads\/2021\/01\/plastik-hoidja-1-1.jpg\" \/>\n\t<meta property=\"og:image:width\" content=\"549\" \/>\n\t<meta property=\"og:image:height\" content=\"616\" \/>\n\t<meta property=\"og:image:type\" content=\"image\/jpeg\" \/>\n<meta name=\"twitter:card\" content=\"summary_large_image\" \/>\n<meta name=\"twitter:label1\" content=\"Availability\" \/>\n\t<meta name=\"twitter:data1\" content=\"In stock\" \/>\n<meta property=\"og:availability\" content=\"instock\" \/>\n<meta property=\"product:availability\" content=\"instock\" \/>\n<meta property=\"product:condition\" content=\"new\" \/>\n<!-- \/ Yoast SEO Premium plugin. -->","yoast_head_json":{"title":"Favourable phone holder for electric scooter \/ bicycle | T\u00f5uksimaailm","description":"Favorable phone holder for electric scooter \/ bicycle (phone holder) with mounting clip and rubber support straps, for 22,2mm lens.","robots":{"index":"index","follow":"follow","max-snippet":"max-snippet:-1","max-image-preview":"max-image-preview:large","max-video-preview":"max-video-preview:-1"},"canonical":"https:\/\/www.xn--tuksimaailm-ffb.ee\/en\/product\/favourable-phone-holder-for-electric-scooter-bicycle\/","og_locale":"en_US","og_type":"article","og_title":"Favourable phone holder for electric scooter \/ bicycle","og_description":"Favorable phone holder for electric scooter \/ bicycle (phone holder) with mounting clip and rubber support straps, for 22,2mm lens.","og_url":"https:\/\/www.xn--tuksimaailm-ffb.ee\/en\/product\/favourable-phone-holder-for-electric-scooter-bicycle\/","og_site_name":"T\u00f5uksimaailm","article_publisher":"https:\/\/www.facebook.com\/touksimaailm\/","og_image":[{"width":549,"height":616,"url":"https:\/\/www.xn--tuksimaailm-ffb.ee\/wp-content\/uploads\/2021\/01\/plastik-hoidja-1-1.jpg","type":"image\/jpeg"}],"twitter_card":"summary_large_image","twitter_misc":{"Availability":"In stock"},"schema":{"@context":"https:\/\/schema.org","@graph":[{"@type":"WebPage","@id":"https:\/\/www.xn--tuksimaailm-ffb.ee\/en\/product\/favourable-phone-holder-for-electric-scooter-bicycle\/","url":"https:\/\/www.xn--tuksimaailm-ffb.ee\/en\/product\/favourable-phone-holder-for-electric-scooter-bicycle\/","name":"Favourable phone holder for electric scooter \/ bicycle | T\u00f5uksimaailm","isPartOf":{"@id":"https:\/\/www.xn--tuksimaailm-ffb.ee\/en\/#website"},"primaryImageOfPage":{"@id":"https:\/\/www.xn--tuksimaailm-ffb.ee\/en\/product\/favourable-phone-holder-for-electric-scooter-bicycle\/#primaryimage"},"image":{"@id":"https:\/\/www.xn--tuksimaailm-ffb.ee\/en\/product\/favourable-phone-holder-for-electric-scooter-bicycle\/#primaryimage"},"thumbnailUrl":"https:\/\/www.xn--tuksimaailm-ffb.ee\/wp-content\/uploads\/2021\/01\/plastik-hoidja-1-1.jpg","datePublished":"2021-01-10T14:37:48+00:00","description":"Favorable phone holder for electric scooter \/ bicycle (phone holder) with mounting clip and rubber support straps, for 22,2mm lens.","breadcrumb":{"@id":"https:\/\/www.xn--tuksimaailm-ffb.ee\/en\/product\/favourable-phone-holder-for-electric-scooter-bicycle\/#breadcrumb"},"inLanguage":"en-US","potentialAction":[{"@type":"ReadAction","target":["https:\/\/www.xn--tuksimaailm-ffb.ee\/en\/product\/favourable-phone-holder-for-electric-scooter-bicycle\/"]}]},{"@type":"ImageObject","inLanguage":"en-US","@id":"https:\/\/www.xn--tuksimaailm-ffb.ee\/en\/product\/favourable-phone-holder-for-electric-scooter-bicycle\/#primaryimage","url":"https:\/\/www.xn--tuksimaailm-ffb.ee\/wp-content\/uploads\/2021\/01\/plastik-hoidja-1-1.jpg","contentUrl":"https:\/\/www.xn--tuksimaailm-ffb.ee\/wp-content\/uploads\/2021\/01\/plastik-hoidja-1-1.jpg","width":549,"height":616,"caption":"Favourable phone holder for electric scooter \/ bicycle"},{"@type":"BreadcrumbList","@id":"https:\/\/www.xn--tuksimaailm-ffb.ee\/en\/product\/favourable-phone-holder-for-electric-scooter-bicycle\/#breadcrumb","itemListElement":[{"@type":"ListItem","position":1,"name":"Home","item":"https:\/\/www.xn--tuksimaailm-ffb.ee\/en\/main-page\/"},{"@type":"ListItem","position":2,"name":"Shop","item":"https:\/\/www.xn--tuksimaailm-ffb.ee\/elektritoukerataste-pood\/"},{"@type":"ListItem","position":3,"name":"Favourable phone holder for electric scooter \/ bicycle"}]},{"@type":"WebSite","@id":"https:\/\/www.xn--tuksimaailm-ffb.ee\/en\/#website","url":"https:\/\/www.xn--tuksimaailm-ffb.ee\/en\/","name":"T\u00f5uksimaailm","description":"Elektrit\u00f5ukerataste m\u00fc\u00fck, remont ja rent","publisher":{"@id":"https:\/\/www.xn--tuksimaailm-ffb.ee\/en\/#organization"},"potentialAction":[{"@type":"SearchAction","target":{"@type":"EntryPoint","urlTemplate":"https:\/\/www.xn--tuksimaailm-ffb.ee\/en\/?s={search_term_string}"},"query-input":{"@type":"PropertyValueSpecification","valueRequired":true,"valueName":"search_term_string"}}],"inLanguage":"en-US"},{"@type":"Organization","@id":"https:\/\/www.xn--tuksimaailm-ffb.ee\/en\/#organization","name":"T\u00f5uksimaailm","url":"https:\/\/www.xn--tuksimaailm-ffb.ee\/en\/","logo":{"@type":"ImageObject","inLanguage":"en-US","@id":"https:\/\/www.xn--tuksimaailm-ffb.ee\/en\/#\/schema\/logo\/image\/","url":"https:\/\/www.xn--tuksimaailm-ffb.ee\/wp-content\/uploads\/2020\/01\/logoz-e1579792875517.png","contentUrl":"https:\/\/www.xn--tuksimaailm-ffb.ee\/wp-content\/uploads\/2020\/01\/logoz-e1579792875517.png","width":250,"height":250,"caption":"T\u00f5uksimaailm"},"image":{"@id":"https:\/\/www.xn--tuksimaailm-ffb.ee\/en\/#\/schema\/logo\/image\/"},"sameAs":["https:\/\/www.facebook.com\/touksimaailm\/","https:\/\/www.instagram.com\/touksimaailm_\/","https:\/\/www.youtube.com\/channel\/UC18ml0EKIDLP1xGuQjFzcXQ"]}]},"og_availability":"instock","product_availability":"instock","product_condition":"new"},"jetpack_sharing_enabled":true,"_links":{"self":[{"href":"https:\/\/www.xn--tuksimaailm-ffb.ee\/en\/wp-json\/wp\/v2\/product\/56691","targetHints":{"allow":["GET"]}}],"collection":[{"href":"https:\/\/www.xn--tuksimaailm-ffb.ee\/en\/wp-json\/wp\/v2\/product"}],"about":[{"href":"https:\/\/www.xn--tuksimaailm-ffb.ee\/en\/wp-json\/wp\/v2\/types\/product"}],"wp:featuredmedia":[{"embeddable":true,"href":"https:\/\/www.xn--tuksimaailm-ffb.ee\/en\/wp-json\/wp\/v2\/media\/12621"}],"wp:attachment":[{"href":"https:\/\/www.xn--tuksimaailm-ffb.ee\/en\/wp-json\/wp\/v2\/media?parent=56691"}],"wp:term":[{"taxonomy":"product_brand","embeddable":true,"href":"https:\/\/www.xn--tuksimaailm-ffb.ee\/en\/wp-json\/wp\/v2\/product_brand?post=56691"},{"taxonomy":"product_cat","embeddable":true,"href":"https:\/\/www.xn--tuksimaailm-ffb.ee\/en\/wp-json\/wp\/v2\/product_cat?post=56691"},{"taxonomy":"product_tag","embeddable":true,"href":"https:\/\/www.xn--tuksimaailm-ffb.ee\/en\/wp-json\/wp\/v2\/product_tag?post=56691"},{"taxonomy":"filter_elektritoukeratas","embeddable":true,"href":"https:\/\/www.xn--tuksimaailm-ffb.ee\/en\/wp-json\/wp\/v2\/filter_elektritoukeratas?post=56691"}],"curies":[{"name":"wp","href":"https:\/\/api.w.org\/{rel}","templated":true}]}}