{"id":56695,"date":"2021-01-10T16:49:49","date_gmt":"2021-01-10T14:49:49","guid":{"rendered":"http:\/\/www.xn--tuksimaailm-ffb.ee\/shop\/secure-phone-holder-for-electric-scooter-for-bicycle\/"},"modified":"2021-01-10T16:49:49","modified_gmt":"2021-01-10T13:49:49","slug":"secure-phone-holder-for-electric-scooter-for-bicycle","status":"publish","type":"product","link":"https:\/\/www.xn--tuksimaailm-ffb.ee\/en\/product\/secure-phone-holder-for-electric-scooter-for-bicycle\/","title":{"rendered":"Secure phone holder for electric scooter for bicycle"},"content":{"rendered":"<p>Secure phone holder for electric scooter \/ bicycle (phone holder) with mounting clip. The phone holder has an <b><strong>adjustable angle<\/strong><\/b> and<b><strong> lockable position <\/strong><\/b>and is suitable<b><strong> for phones with screens<\/strong><\/b> up to<b><strong> 5\".<\/strong><\/b> The phone holder is suitable for <b><strong>22,2mm <\/strong><\/b>and <b><strong>31,8mm<\/strong><\/b> diameter electric scooter or bicycle lenses.<\/p>\n","protected":false},"excerpt":{"rendered":"<p>Secure phone holder for electric scooter \/ bicycle (phone holder) with mounting clip. The phone holder has an adjustable angle and lockable position and is suitable for phones with screens up to 5\". The phone holder is suitable for 22,2mm and 31,8mm diameter electric scooter or bicycle lenses.<\/p>\n","protected":false},"featured_media":14431,"template":"","meta":[],"product_brand":[],"product_cat":[746],"product_tag":[3213],"filter_elektritoukeratas":[],"class_list":{"0":"post-56695","1":"product","2":"type-product","3":"status-publish","4":"has-post-thumbnail","6":"product_cat-accessories","7":"product_tag-phoneholders","8":"pa_tootetuup-phone-holders","10":"first","11":"instock","12":"taxable","13":"shipping-taxable","14":"purchasable","15":"product-type-simple"},"yoast_head":"<!-- This site is optimized with the Yoast SEO Premium plugin v26.8 (Yoast SEO v27.5) - https:\/\/yoast.com\/product\/yoast-seo-premium-wordpress\/ -->\n<title>Secure phone holder for electric scooter for bicycle | T\u00f5uksimaailm<\/title>\n<meta name=\"description\" content=\"Secure and economical phone holder for electric scooter \/ bicycle (phone holder) with clamp, adjustable, for 22,2mm lens.\" \/>\n<meta name=\"robots\" content=\"index, follow, max-snippet:-1, max-image-preview:large, max-video-preview:-1\" \/>\n<link rel=\"canonical\" href=\"https:\/\/www.xn--tuksimaailm-ffb.ee\/en\/product\/secure-phone-holder-for-electric-scooter-for-bicycle\/\" \/>\n<meta property=\"og:locale\" content=\"en_US\" \/>\n<meta property=\"og:type\" content=\"article\" \/>\n<meta property=\"og:title\" content=\"Secure phone holder for electric scooter for bicycle\" \/>\n<meta property=\"og:description\" content=\"Secure and economical phone holder for electric scooter \/ bicycle (phone holder) with clamp, adjustable, for 22,2mm lens.\" \/>\n<meta property=\"og:url\" content=\"https:\/\/www.xn--tuksimaailm-ffb.ee\/en\/product\/secure-phone-holder-for-electric-scooter-for-bicycle\/\" \/>\n<meta property=\"og:site_name\" content=\"T\u00f5uksimaailm\" \/>\n<meta property=\"article:publisher\" content=\"https:\/\/www.facebook.com\/touksimaailm\/\" \/>\n<meta property=\"og:image\" content=\"https:\/\/www.xn--tuksimaailm-ffb.ee\/wp-content\/uploads\/2021\/01\/turvaline-telefonihoidja-scaled.jpg\" \/>\n\t<meta property=\"og:image:width\" content=\"1440\" \/>\n\t<meta property=\"og:image:height\" content=\"2560\" \/>\n\t<meta property=\"og:image:type\" content=\"image\/jpeg\" \/>\n<meta name=\"twitter:card\" content=\"summary_large_image\" \/>\n<meta name=\"twitter:label1\" content=\"Price\" \/>\n\t<meta name=\"twitter:data1\" content=\"&euro;12.00\" \/>\n\t<meta name=\"twitter:label2\" content=\"Availability\" \/>\n\t<meta name=\"twitter:data2\" content=\"In stock\" \/>\n<meta property=\"product:price:amount\" content=\"12.00\" \/>\n<meta property=\"product:price:currency\" content=\"EUR\" \/>\n<meta property=\"og:availability\" content=\"instock\" \/>\n<meta property=\"product:availability\" content=\"instock\" \/>\n<meta property=\"product:retailer_item_id\" content=\"TELEFONIHOIDJA-TURVALINE\" \/>\n<meta property=\"product:condition\" content=\"new\" \/>\n<!-- \/ Yoast SEO Premium plugin. -->","yoast_head_json":{"title":"Secure phone holder for electric scooter for bicycle | T\u00f5uksimaailm","description":"Secure and economical phone holder for electric scooter \/ bicycle (phone holder) with clamp, adjustable, for 22,2mm lens.","robots":{"index":"index","follow":"follow","max-snippet":"max-snippet:-1","max-image-preview":"max-image-preview:large","max-video-preview":"max-video-preview:-1"},"canonical":"https:\/\/www.xn--tuksimaailm-ffb.ee\/en\/product\/secure-phone-holder-for-electric-scooter-for-bicycle\/","og_locale":"en_US","og_type":"article","og_title":"Secure phone holder for electric scooter for bicycle","og_description":"Secure and economical phone holder for electric scooter \/ bicycle (phone holder) with clamp, adjustable, for 22,2mm lens.","og_url":"https:\/\/www.xn--tuksimaailm-ffb.ee\/en\/product\/secure-phone-holder-for-electric-scooter-for-bicycle\/","og_site_name":"T\u00f5uksimaailm","article_publisher":"https:\/\/www.facebook.com\/touksimaailm\/","og_image":[{"width":1440,"height":2560,"url":"https:\/\/www.xn--tuksimaailm-ffb.ee\/wp-content\/uploads\/2021\/01\/turvaline-telefonihoidja-scaled.jpg","type":"image\/jpeg"}],"twitter_card":"summary_large_image","twitter_misc":{"Price":"&euro;12.00","Availability":"In stock"},"schema":{"@context":"https:\/\/schema.org","@graph":[{"@type":"WebPage","@id":"https:\/\/www.xn--tuksimaailm-ffb.ee\/en\/product\/secure-phone-holder-for-electric-scooter-for-bicycle\/","url":"https:\/\/www.xn--tuksimaailm-ffb.ee\/en\/product\/secure-phone-holder-for-electric-scooter-for-bicycle\/","name":"Secure phone holder for electric scooter for bicycle | T\u00f5uksimaailm","isPartOf":{"@id":"https:\/\/www.xn--tuksimaailm-ffb.ee\/en\/#website"},"primaryImageOfPage":{"@id":"https:\/\/www.xn--tuksimaailm-ffb.ee\/en\/product\/secure-phone-holder-for-electric-scooter-for-bicycle\/#primaryimage"},"image":{"@id":"https:\/\/www.xn--tuksimaailm-ffb.ee\/en\/product\/secure-phone-holder-for-electric-scooter-for-bicycle\/#primaryimage"},"thumbnailUrl":"https:\/\/www.xn--tuksimaailm-ffb.ee\/wp-content\/uploads\/2021\/01\/turvaline-telefonihoidja-scaled.jpg","datePublished":"2021-01-10T14:49:49+00:00","description":"Secure and economical phone holder for electric scooter \/ bicycle (phone holder) with clamp, adjustable, for 22,2mm lens.","breadcrumb":{"@id":"https:\/\/www.xn--tuksimaailm-ffb.ee\/en\/product\/secure-phone-holder-for-electric-scooter-for-bicycle\/#breadcrumb"},"inLanguage":"en-US","potentialAction":[{"@type":"ReadAction","target":["https:\/\/www.xn--tuksimaailm-ffb.ee\/en\/product\/secure-phone-holder-for-electric-scooter-for-bicycle\/"]}]},{"@type":"ImageObject","inLanguage":"en-US","@id":"https:\/\/www.xn--tuksimaailm-ffb.ee\/en\/product\/secure-phone-holder-for-electric-scooter-for-bicycle\/#primaryimage","url":"https:\/\/www.xn--tuksimaailm-ffb.ee\/wp-content\/uploads\/2021\/01\/turvaline-telefonihoidja-scaled.jpg","contentUrl":"https:\/\/www.xn--tuksimaailm-ffb.ee\/wp-content\/uploads\/2021\/01\/turvaline-telefonihoidja-scaled.jpg","width":1440,"height":2560,"caption":"Secure phone holder for electric scooter for bicycle"},{"@type":"BreadcrumbList","@id":"https:\/\/www.xn--tuksimaailm-ffb.ee\/en\/product\/secure-phone-holder-for-electric-scooter-for-bicycle\/#breadcrumb","itemListElement":[{"@type":"ListItem","position":1,"name":"Home","item":"https:\/\/www.xn--tuksimaailm-ffb.ee\/en\/main-page\/"},{"@type":"ListItem","position":2,"name":"Shop","item":"https:\/\/www.xn--tuksimaailm-ffb.ee\/elektritoukerataste-pood\/"},{"@type":"ListItem","position":3,"name":"Secure phone holder for electric scooter for bicycle"}]},{"@type":"WebSite","@id":"https:\/\/www.xn--tuksimaailm-ffb.ee\/en\/#website","url":"https:\/\/www.xn--tuksimaailm-ffb.ee\/en\/","name":"T\u00f5uksimaailm","description":"Elektrit\u00f5ukerataste m\u00fc\u00fck, remont ja rent","publisher":{"@id":"https:\/\/www.xn--tuksimaailm-ffb.ee\/en\/#organization"},"potentialAction":[{"@type":"SearchAction","target":{"@type":"EntryPoint","urlTemplate":"https:\/\/www.xn--tuksimaailm-ffb.ee\/en\/?s={search_term_string}"},"query-input":{"@type":"PropertyValueSpecification","valueRequired":true,"valueName":"search_term_string"}}],"inLanguage":"en-US"},{"@type":"Organization","@id":"https:\/\/www.xn--tuksimaailm-ffb.ee\/en\/#organization","name":"T\u00f5uksimaailm","url":"https:\/\/www.xn--tuksimaailm-ffb.ee\/en\/","logo":{"@type":"ImageObject","inLanguage":"en-US","@id":"https:\/\/www.xn--tuksimaailm-ffb.ee\/en\/#\/schema\/logo\/image\/","url":"https:\/\/www.xn--tuksimaailm-ffb.ee\/wp-content\/uploads\/2020\/01\/logoz-e1579792875517.png","contentUrl":"https:\/\/www.xn--tuksimaailm-ffb.ee\/wp-content\/uploads\/2020\/01\/logoz-e1579792875517.png","width":250,"height":250,"caption":"T\u00f5uksimaailm"},"image":{"@id":"https:\/\/www.xn--tuksimaailm-ffb.ee\/en\/#\/schema\/logo\/image\/"},"sameAs":["https:\/\/www.facebook.com\/touksimaailm\/","https:\/\/www.instagram.com\/touksimaailm_\/","https:\/\/www.youtube.com\/channel\/UC18ml0EKIDLP1xGuQjFzcXQ"]}]},"product_price_amount":"12.00","product_price_currency":"EUR","og_availability":"instock","product_availability":"instock","product_retailer_item_id":"TELEFONIHOIDJA-TURVALINE","product_condition":"new"},"jetpack_sharing_enabled":true,"_links":{"self":[{"href":"https:\/\/www.xn--tuksimaailm-ffb.ee\/en\/wp-json\/wp\/v2\/product\/56695","targetHints":{"allow":["GET"]}}],"collection":[{"href":"https:\/\/www.xn--tuksimaailm-ffb.ee\/en\/wp-json\/wp\/v2\/product"}],"about":[{"href":"https:\/\/www.xn--tuksimaailm-ffb.ee\/en\/wp-json\/wp\/v2\/types\/product"}],"wp:featuredmedia":[{"embeddable":true,"href":"https:\/\/www.xn--tuksimaailm-ffb.ee\/en\/wp-json\/wp\/v2\/media\/14431"}],"wp:attachment":[{"href":"https:\/\/www.xn--tuksimaailm-ffb.ee\/en\/wp-json\/wp\/v2\/media?parent=56695"}],"wp:term":[{"taxonomy":"product_brand","embeddable":true,"href":"https:\/\/www.xn--tuksimaailm-ffb.ee\/en\/wp-json\/wp\/v2\/product_brand?post=56695"},{"taxonomy":"product_cat","embeddable":true,"href":"https:\/\/www.xn--tuksimaailm-ffb.ee\/en\/wp-json\/wp\/v2\/product_cat?post=56695"},{"taxonomy":"product_tag","embeddable":true,"href":"https:\/\/www.xn--tuksimaailm-ffb.ee\/en\/wp-json\/wp\/v2\/product_tag?post=56695"},{"taxonomy":"filter_elektritoukeratas","embeddable":true,"href":"https:\/\/www.xn--tuksimaailm-ffb.ee\/en\/wp-json\/wp\/v2\/filter_elektritoukeratas?post=56695"}],"curies":[{"name":"wp","href":"https:\/\/api.w.org\/{rel}","templated":true}]}}