{"id":56715,"date":"2021-01-12T17:34:25","date_gmt":"2021-01-12T15:34:25","guid":{"rendered":"http:\/\/www.xn--tuksimaailm-ffb.ee\/shop\/ninebot-original-charger-for-electric-scooter-es4\/"},"modified":"2021-01-12T17:34:25","modified_gmt":"2021-01-12T14:34:25","slug":"ninebot-original-charger-for-electric-scooter-es4","status":"publish","type":"product","link":"https:\/\/www.xn--tuksimaailm-ffb.ee\/en\/product\/ninebot-original-charger-for-electric-scooter-es4\/","title":{"rendered":"Ninebot original charger for electric scooter ES4"},"content":{"rendered":"<p>Ninebot original charger for electric scooter (also cable, power adapter, adaptor), input voltage <b><strong>230VAC<\/strong><\/b>, output voltage <b><strong>42VDC<\/strong><\/b> (for batteries with 36VDC nominal voltage), maximum charging current <b><strong>2A<\/strong><\/b>. The Ninebot original 42V charger is suitable for the popular Segway electric scooter <a href=\"https:\/\/ee-en.segway.com\/products\/ninebot-by-segway-kickscooter-es1\"><b><strong>Ninebot ES1<\/strong><\/b><\/a><b><strong>, <\/strong><\/b><a href=\"https:\/\/ee-en.segway.com\/products\/ninebot-by-segway-kickscooter-es2\"><b><strong>ES2<\/strong><\/b><\/a><b><strong>, ES4 , <\/strong><\/b><a href=\"https:\/\/ee-en.segway.com\/products\/ninebot-kickscooter-e22e-powered-by-segway\"><b><strong>E22E<\/strong><\/b><\/a><b><strong>, <\/strong><\/b><a href=\"https:\/\/ee-en.segway.com\/products\/ninebot-kickscooter-e25e-powered-by-segway\"><b><strong>E25E<\/strong><\/b><\/a><b><strong> and <\/strong><\/b><a href=\"https:\/\/ee-en.segway.com\/products\/ninebot-kickscooter-e45e-powered-by-segway\"><b><strong>E45E<\/strong><\/b><\/a><b><strong>.<\/strong><\/b> Your electric scooter will need a new charger if the charger indicator LED light does not come on or there is no voltage at the output. As an alternative, we also offer <a href=\"http:\/\/www.xn--tuksimaailm-ffb.ee\/shop\/ninebot-elektritoukeratta-laadija-42v-2a-es2-es4-e22e\/\"><b><strong>a cheaper charger<\/strong><\/b><\/a> for Segway Ninebot electric scooters.<\/p>\n","protected":false},"excerpt":{"rendered":"<p>Ninebot original charger for electric scooter (also cable, power adapter, adaptor), input voltage 230VAC, output voltage 42VDC (for batteries with 36VDC nominal voltage), maximum charging current 2A. The Ninebot original 42V charger is suitable for the popular Segway electric scooter Ninebot ES1, ES2, ES4 , E22E, E25E and E45E. Your &hellip;<\/p>\n","protected":false},"featured_media":12665,"template":"","meta":[],"product_brand":[],"product_cat":[746,726],"product_tag":[3358,3304],"filter_elektritoukeratas":[2639,2636,2635],"class_list":{"0":"post-56715","1":"product","2":"type-product","3":"status-publish","4":"has-post-thumbnail","6":"product_cat-accessories","7":"product_cat-spare-parts","8":"product_tag-chargers","9":"product_tag-segway-ninebot-spare-parts","10":"pa_tootetuup-chargers","11":"filter_elektritoukeratas-ft_segway_ninebot_d18e_d28e_d38e","12":"filter_elektritoukeratas-ft_segway_ninebot_e22e_e35e_e45e","13":"filter_elektritoukeratas-ft_segway_ninebot_es1_es2_es4","15":"first","16":"instock","17":"taxable","18":"shipping-taxable","19":"purchasable","20":"product-type-simple"},"yoast_head":"<!-- This site is optimized with the Yoast SEO Premium plugin v26.8 (Yoast SEO v27.5) - https:\/\/yoast.com\/product\/yoast-seo-premium-wordpress\/ -->\n<title>Ninebot original charger for electric scooter ES4 | T\u00f5uksimaailm<\/title>\n<meta name=\"description\" content=\"Original Ninebot charger (also cable, power adapter, adaptor), 42V 2A, for Segway Ninebot ES1, ES2, ES3, ES4, E22E, E25E, E45E. Chargers.\" \/>\n<meta name=\"robots\" content=\"index, follow, max-snippet:-1, max-image-preview:large, max-video-preview:-1\" \/>\n<link rel=\"canonical\" href=\"https:\/\/www.xn--tuksimaailm-ffb.ee\/en\/product\/ninebot-original-charger-for-electric-scooter-es4\/\" \/>\n<meta property=\"og:locale\" content=\"en_US\" \/>\n<meta property=\"og:type\" content=\"article\" \/>\n<meta property=\"og:title\" content=\"Ninebot original charger for electric scooter ES4\" \/>\n<meta property=\"og:description\" content=\"Original Ninebot charger (also cable, power adapter, adaptor), 42V 2A, for Segway Ninebot ES1, ES2, ES3, ES4, E22E, E25E, E45E. Chargers.\" \/>\n<meta property=\"og:url\" content=\"https:\/\/www.xn--tuksimaailm-ffb.ee\/en\/product\/ninebot-original-charger-for-electric-scooter-es4\/\" \/>\n<meta property=\"og:site_name\" content=\"T\u00f5uksimaailm\" \/>\n<meta property=\"article:publisher\" content=\"https:\/\/www.facebook.com\/touksimaailm\/\" \/>\n<meta property=\"og:image\" content=\"https:\/\/www.xn--tuksimaailm-ffb.ee\/wp-content\/uploads\/2021\/01\/ninebot-originaal-laadija.jpg\" \/>\n\t<meta property=\"og:image:width\" content=\"923\" \/>\n\t<meta property=\"og:image:height\" content=\"895\" \/>\n\t<meta property=\"og:image:type\" content=\"image\/jpeg\" \/>\n<meta name=\"twitter:card\" content=\"summary_large_image\" \/>\n<meta name=\"twitter:label1\" content=\"Price\" \/>\n\t<meta name=\"twitter:data1\" content=\"&euro;49.00\" \/>\n\t<meta name=\"twitter:label2\" content=\"Availability\" \/>\n\t<meta name=\"twitter:data2\" content=\"In stock\" \/>\n<meta property=\"product:price:amount\" content=\"49.00\" \/>\n<meta property=\"product:price:currency\" content=\"EUR\" \/>\n<meta property=\"og:availability\" content=\"instock\" \/>\n<meta property=\"product:availability\" content=\"instock\" \/>\n<meta property=\"product:retailer_item_id\" content=\"LAADIJA-42V2A-NINEBOT-ORG\" \/>\n<meta property=\"product:condition\" content=\"new\" \/>\n<!-- \/ Yoast SEO Premium plugin. -->","yoast_head_json":{"title":"Ninebot original charger for electric scooter ES4 | T\u00f5uksimaailm","description":"Original Ninebot charger (also cable, power adapter, adaptor), 42V 2A, for Segway Ninebot ES1, ES2, ES3, ES4, E22E, E25E, E45E. Chargers.","robots":{"index":"index","follow":"follow","max-snippet":"max-snippet:-1","max-image-preview":"max-image-preview:large","max-video-preview":"max-video-preview:-1"},"canonical":"https:\/\/www.xn--tuksimaailm-ffb.ee\/en\/product\/ninebot-original-charger-for-electric-scooter-es4\/","og_locale":"en_US","og_type":"article","og_title":"Ninebot original charger for electric scooter ES4","og_description":"Original Ninebot charger (also cable, power adapter, adaptor), 42V 2A, for Segway Ninebot ES1, ES2, ES3, ES4, E22E, E25E, E45E. Chargers.","og_url":"https:\/\/www.xn--tuksimaailm-ffb.ee\/en\/product\/ninebot-original-charger-for-electric-scooter-es4\/","og_site_name":"T\u00f5uksimaailm","article_publisher":"https:\/\/www.facebook.com\/touksimaailm\/","og_image":[{"width":923,"height":895,"url":"https:\/\/www.xn--tuksimaailm-ffb.ee\/wp-content\/uploads\/2021\/01\/ninebot-originaal-laadija.jpg","type":"image\/jpeg"}],"twitter_card":"summary_large_image","twitter_misc":{"Price":"&euro;49.00","Availability":"In stock"},"schema":{"@context":"https:\/\/schema.org","@graph":[{"@type":"WebPage","@id":"https:\/\/www.xn--tuksimaailm-ffb.ee\/en\/product\/ninebot-original-charger-for-electric-scooter-es4\/","url":"https:\/\/www.xn--tuksimaailm-ffb.ee\/en\/product\/ninebot-original-charger-for-electric-scooter-es4\/","name":"Ninebot original charger for electric scooter ES4 | T\u00f5uksimaailm","isPartOf":{"@id":"https:\/\/www.xn--tuksimaailm-ffb.ee\/en\/#website"},"primaryImageOfPage":{"@id":"https:\/\/www.xn--tuksimaailm-ffb.ee\/en\/product\/ninebot-original-charger-for-electric-scooter-es4\/#primaryimage"},"image":{"@id":"https:\/\/www.xn--tuksimaailm-ffb.ee\/en\/product\/ninebot-original-charger-for-electric-scooter-es4\/#primaryimage"},"thumbnailUrl":"https:\/\/www.xn--tuksimaailm-ffb.ee\/wp-content\/uploads\/2021\/01\/ninebot-originaal-laadija.jpg","datePublished":"2021-01-12T15:34:25+00:00","description":"Original Ninebot charger (also cable, power adapter, adaptor), 42V 2A, for Segway Ninebot ES1, ES2, ES3, ES4, E22E, E25E, E45E. Chargers.","breadcrumb":{"@id":"https:\/\/www.xn--tuksimaailm-ffb.ee\/en\/product\/ninebot-original-charger-for-electric-scooter-es4\/#breadcrumb"},"inLanguage":"en-US","potentialAction":[{"@type":"ReadAction","target":["https:\/\/www.xn--tuksimaailm-ffb.ee\/en\/product\/ninebot-original-charger-for-electric-scooter-es4\/"]}]},{"@type":"ImageObject","inLanguage":"en-US","@id":"https:\/\/www.xn--tuksimaailm-ffb.ee\/en\/product\/ninebot-original-charger-for-electric-scooter-es4\/#primaryimage","url":"https:\/\/www.xn--tuksimaailm-ffb.ee\/wp-content\/uploads\/2021\/01\/ninebot-originaal-laadija.jpg","contentUrl":"https:\/\/www.xn--tuksimaailm-ffb.ee\/wp-content\/uploads\/2021\/01\/ninebot-originaal-laadija.jpg","width":923,"height":895,"caption":"Ninebot original charger for electric scooter ES4"},{"@type":"BreadcrumbList","@id":"https:\/\/www.xn--tuksimaailm-ffb.ee\/en\/product\/ninebot-original-charger-for-electric-scooter-es4\/#breadcrumb","itemListElement":[{"@type":"ListItem","position":1,"name":"Home","item":"https:\/\/www.xn--tuksimaailm-ffb.ee\/en\/main-page\/"},{"@type":"ListItem","position":2,"name":"Shop","item":"https:\/\/www.xn--tuksimaailm-ffb.ee\/elektritoukerataste-pood\/"},{"@type":"ListItem","position":3,"name":"Ninebot original charger for electric scooter ES4"}]},{"@type":"WebSite","@id":"https:\/\/www.xn--tuksimaailm-ffb.ee\/en\/#website","url":"https:\/\/www.xn--tuksimaailm-ffb.ee\/en\/","name":"T\u00f5uksimaailm","description":"Elektrit\u00f5ukerataste m\u00fc\u00fck, remont ja rent","publisher":{"@id":"https:\/\/www.xn--tuksimaailm-ffb.ee\/en\/#organization"},"potentialAction":[{"@type":"SearchAction","target":{"@type":"EntryPoint","urlTemplate":"https:\/\/www.xn--tuksimaailm-ffb.ee\/en\/?s={search_term_string}"},"query-input":{"@type":"PropertyValueSpecification","valueRequired":true,"valueName":"search_term_string"}}],"inLanguage":"en-US"},{"@type":"Organization","@id":"https:\/\/www.xn--tuksimaailm-ffb.ee\/en\/#organization","name":"T\u00f5uksimaailm","url":"https:\/\/www.xn--tuksimaailm-ffb.ee\/en\/","logo":{"@type":"ImageObject","inLanguage":"en-US","@id":"https:\/\/www.xn--tuksimaailm-ffb.ee\/en\/#\/schema\/logo\/image\/","url":"https:\/\/www.xn--tuksimaailm-ffb.ee\/wp-content\/uploads\/2020\/01\/logoz-e1579792875517.png","contentUrl":"https:\/\/www.xn--tuksimaailm-ffb.ee\/wp-content\/uploads\/2020\/01\/logoz-e1579792875517.png","width":250,"height":250,"caption":"T\u00f5uksimaailm"},"image":{"@id":"https:\/\/www.xn--tuksimaailm-ffb.ee\/en\/#\/schema\/logo\/image\/"},"sameAs":["https:\/\/www.facebook.com\/touksimaailm\/","https:\/\/www.instagram.com\/touksimaailm_\/","https:\/\/www.youtube.com\/channel\/UC18ml0EKIDLP1xGuQjFzcXQ"]}]},"product_price_amount":"49.00","product_price_currency":"EUR","og_availability":"instock","product_availability":"instock","product_retailer_item_id":"LAADIJA-42V2A-NINEBOT-ORG","product_condition":"new"},"jetpack_sharing_enabled":true,"_links":{"self":[{"href":"https:\/\/www.xn--tuksimaailm-ffb.ee\/en\/wp-json\/wp\/v2\/product\/56715","targetHints":{"allow":["GET"]}}],"collection":[{"href":"https:\/\/www.xn--tuksimaailm-ffb.ee\/en\/wp-json\/wp\/v2\/product"}],"about":[{"href":"https:\/\/www.xn--tuksimaailm-ffb.ee\/en\/wp-json\/wp\/v2\/types\/product"}],"wp:featuredmedia":[{"embeddable":true,"href":"https:\/\/www.xn--tuksimaailm-ffb.ee\/en\/wp-json\/wp\/v2\/media\/12665"}],"wp:attachment":[{"href":"https:\/\/www.xn--tuksimaailm-ffb.ee\/en\/wp-json\/wp\/v2\/media?parent=56715"}],"wp:term":[{"taxonomy":"product_brand","embeddable":true,"href":"https:\/\/www.xn--tuksimaailm-ffb.ee\/en\/wp-json\/wp\/v2\/product_brand?post=56715"},{"taxonomy":"product_cat","embeddable":true,"href":"https:\/\/www.xn--tuksimaailm-ffb.ee\/en\/wp-json\/wp\/v2\/product_cat?post=56715"},{"taxonomy":"product_tag","embeddable":true,"href":"https:\/\/www.xn--tuksimaailm-ffb.ee\/en\/wp-json\/wp\/v2\/product_tag?post=56715"},{"taxonomy":"filter_elektritoukeratas","embeddable":true,"href":"https:\/\/www.xn--tuksimaailm-ffb.ee\/en\/wp-json\/wp\/v2\/filter_elektritoukeratas?post=56715"}],"curies":[{"name":"wp","href":"https:\/\/api.w.org\/{rel}","templated":true}]}}