{"id":56723,"date":"2021-01-12T18:00:22","date_gmt":"2021-01-12T16:00:22","guid":{"rendered":"http:\/\/www.xn--tuksimaailm-ffb.ee\/shop\/xiaomi-ninebot-electric-scooter-seat-saddle-1s-es4\/"},"modified":"2021-01-12T18:00:22","modified_gmt":"2021-01-12T15:00:22","slug":"xiaomi-ninebot-electric-scooter-seat-saddle-1s-es4","status":"publish","type":"product","link":"https:\/\/www.xn--tuksimaailm-ffb.ee\/en\/product\/xiaomi-ninebot-electric-scooter-seat-saddle-1s-es4\/","title":{"rendered":"Xiaomi Ninebot electric scooter seat saddle 1S ES4"},"content":{"rendered":"<p>Xiaomi \/ Ninebot electric scooter seat \/ saddle, with universal attachments. The Xiaomi \/ Ninebot electric scooter seat \/ saddle is suitable for the popular Segway electric scooter <a href=\"https:\/\/ee-en.segway.com\/products\/ninebot-by-segway-kickscooter-es1\"><b><strong>Ninebot ES1<\/strong><\/b><\/a><b><strong>, <\/strong><\/b><a href=\"https:\/\/ee-en.segway.com\/products\/ninebot-by-segway-kickscooter-es2\"><b><strong>ES2<\/strong><\/b><\/a><b><strong>, ES4 and <\/strong><\/b><a href=\"http:\/\/www.xn--tuksimaailm-ffb.ee\/shop\/elektritouks_xiaomi-360\/\"><b><strong>Xiaomi M365<\/strong><\/b><\/a><b><strong>, <\/strong><\/b><a href=\"http:\/\/www.xn--tuksimaailm-ffb.ee\/shop\/elektriline-toukeratas-xiaomi-mi-m365-pro\/\"><b><strong>M365 Pro<\/strong><\/b><\/a><b><strong>, <\/strong><\/b><a href=\"https:\/\/www.mi.com\/global\/mi-electric-scooter-1S\/\"><b><strong>Xiaomi Mi 1S<\/strong><\/b><\/a><b><strong> and <\/strong><\/b><a href=\"https:\/\/www.mi.com\/global\/mi-electric-scooter-Pro2\/\"><b><strong>Pro 2<\/strong><\/b><\/a><b><strong>.<\/strong><\/b> The electric scooter seat makes riding more comfortable as your legs will not tire from standing for long periods of time. Riding while seated also reduces wind resistance, which means you can go farther on a single charge while seated than standing up. In addition, sitting also lowers the centre of gravity of the rider. N.B. According to the <a href=\"https:\/\/www.riigiteataja.ee\/akt\/113112020001\">Act amending the Traffic Act<\/a> adopted on 28.10.2020, it is no longer allowed to ride a light bike sitting down in Estonia from 1.01.2021.<\/p>\n","protected":false},"excerpt":{"rendered":"<p>Xiaomi \/ Ninebot electric scooter seat \/ saddle, with universal attachments. The Xiaomi \/ Ninebot electric scooter seat \/ saddle is suitable for the popular Segway electric scooter Ninebot ES1, ES2, ES4 and Xiaomi M365, M365 Pro, Xiaomi Mi 1S and Pro 2. The electric scooter seat makes riding more &hellip;<\/p>\n","protected":false},"featured_media":26384,"template":"","meta":[],"product_brand":[],"product_cat":[746,726],"product_tag":[3304,3209],"filter_elektritoukeratas":[],"class_list":{"0":"post-56723","1":"product","2":"type-product","3":"status-publish","4":"has-post-thumbnail","6":"product_cat-accessories","7":"product_cat-spare-parts","8":"product_tag-segway-ninebot-spare-parts","9":"product_tag-xiaomi-spare-parts","11":"first","12":"instock","13":"taxable","14":"shipping-taxable","15":"purchasable","16":"product-type-simple"},"yoast_head":"<!-- This site is optimized with the Yoast SEO Premium plugin v26.8 (Yoast SEO v27.5) - https:\/\/yoast.com\/product\/yoast-seo-premium-wordpress\/ -->\n<title>Xiaomi Ninebot electric scooter seat saddle 1S ES4 | T\u00f5uksimaailm<\/title>\n<meta name=\"description\" content=\"Xiaomi \/ Ninebot electric scooter seat for Segway Ninebot ES1, ES2, ES3, ES4 and Xiaomi M365, M365 Pro, Xiaomi 1S \/Pro 2. Seats.\" \/>\n<meta name=\"robots\" content=\"index, follow, max-snippet:-1, max-image-preview:large, max-video-preview:-1\" \/>\n<link rel=\"canonical\" href=\"https:\/\/www.xn--tuksimaailm-ffb.ee\/en\/product\/xiaomi-ninebot-electric-scooter-seat-saddle-1s-es4\/\" \/>\n<meta property=\"og:locale\" content=\"en_US\" \/>\n<meta property=\"og:type\" content=\"article\" \/>\n<meta property=\"og:title\" content=\"Xiaomi Ninebot electric scooter seat saddle 1S ES4\" \/>\n<meta property=\"og:description\" content=\"Xiaomi \/ Ninebot electric scooter seat for Segway Ninebot ES1, ES2, ES3, ES4 and Xiaomi M365, M365 Pro, Xiaomi 1S \/Pro 2. Seats.\" \/>\n<meta property=\"og:url\" content=\"https:\/\/www.xn--tuksimaailm-ffb.ee\/en\/product\/xiaomi-ninebot-electric-scooter-seat-saddle-1s-es4\/\" \/>\n<meta property=\"og:site_name\" content=\"T\u00f5uksimaailm\" \/>\n<meta property=\"article:publisher\" content=\"https:\/\/www.facebook.com\/touksimaailm\/\" \/>\n<meta property=\"og:image\" content=\"https:\/\/www.xn--tuksimaailm-ffb.ee\/wp-content\/uploads\/2021\/01\/Xiaomi-Ninebot-elektritoukeratta-iste-sadul-M365-ES4.jpeg\" \/>\n\t<meta property=\"og:image:width\" content=\"1000\" \/>\n\t<meta property=\"og:image:height\" content=\"1000\" \/>\n\t<meta property=\"og:image:type\" content=\"image\/jpeg\" \/>\n<meta name=\"twitter:card\" content=\"summary_large_image\" \/>\n<meta name=\"twitter:label1\" content=\"Price\" \/>\n\t<meta name=\"twitter:data1\" content=\"&euro;59.50\" \/>\n\t<meta name=\"twitter:label2\" content=\"Availability\" \/>\n\t<meta name=\"twitter:data2\" content=\"In stock\" \/>\n<meta property=\"product:price:amount\" content=\"59.50\" \/>\n<meta property=\"product:price:currency\" content=\"EUR\" \/>\n<meta property=\"og:availability\" content=\"instock\" \/>\n<meta property=\"product:availability\" content=\"instock\" \/>\n<meta property=\"product:retailer_item_id\" content=\"ISTE-XIAOMI-NINEBOT\/ES\" \/>\n<meta property=\"product:condition\" content=\"new\" \/>\n<!-- \/ Yoast SEO Premium plugin. -->","yoast_head_json":{"title":"Xiaomi Ninebot electric scooter seat saddle 1S ES4 | T\u00f5uksimaailm","description":"Xiaomi \/ Ninebot electric scooter seat for Segway Ninebot ES1, ES2, ES3, ES4 and Xiaomi M365, M365 Pro, Xiaomi 1S \/Pro 2. Seats.","robots":{"index":"index","follow":"follow","max-snippet":"max-snippet:-1","max-image-preview":"max-image-preview:large","max-video-preview":"max-video-preview:-1"},"canonical":"https:\/\/www.xn--tuksimaailm-ffb.ee\/en\/product\/xiaomi-ninebot-electric-scooter-seat-saddle-1s-es4\/","og_locale":"en_US","og_type":"article","og_title":"Xiaomi Ninebot electric scooter seat saddle 1S ES4","og_description":"Xiaomi \/ Ninebot electric scooter seat for Segway Ninebot ES1, ES2, ES3, ES4 and Xiaomi M365, M365 Pro, Xiaomi 1S \/Pro 2. Seats.","og_url":"https:\/\/www.xn--tuksimaailm-ffb.ee\/en\/product\/xiaomi-ninebot-electric-scooter-seat-saddle-1s-es4\/","og_site_name":"T\u00f5uksimaailm","article_publisher":"https:\/\/www.facebook.com\/touksimaailm\/","og_image":[{"width":1000,"height":1000,"url":"https:\/\/www.xn--tuksimaailm-ffb.ee\/wp-content\/uploads\/2021\/01\/Xiaomi-Ninebot-elektritoukeratta-iste-sadul-M365-ES4.jpeg","type":"image\/jpeg"}],"twitter_card":"summary_large_image","twitter_misc":{"Price":"&euro;59.50","Availability":"In stock"},"schema":{"@context":"https:\/\/schema.org","@graph":[{"@type":"WebPage","@id":"https:\/\/www.xn--tuksimaailm-ffb.ee\/en\/product\/xiaomi-ninebot-electric-scooter-seat-saddle-1s-es4\/","url":"https:\/\/www.xn--tuksimaailm-ffb.ee\/en\/product\/xiaomi-ninebot-electric-scooter-seat-saddle-1s-es4\/","name":"Xiaomi Ninebot electric scooter seat saddle 1S ES4 | T\u00f5uksimaailm","isPartOf":{"@id":"https:\/\/www.xn--tuksimaailm-ffb.ee\/en\/#website"},"primaryImageOfPage":{"@id":"https:\/\/www.xn--tuksimaailm-ffb.ee\/en\/product\/xiaomi-ninebot-electric-scooter-seat-saddle-1s-es4\/#primaryimage"},"image":{"@id":"https:\/\/www.xn--tuksimaailm-ffb.ee\/en\/product\/xiaomi-ninebot-electric-scooter-seat-saddle-1s-es4\/#primaryimage"},"thumbnailUrl":"https:\/\/www.xn--tuksimaailm-ffb.ee\/wp-content\/uploads\/2021\/01\/Xiaomi-Ninebot-elektritoukeratta-iste-sadul-M365-ES4.jpeg","datePublished":"2021-01-12T16:00:22+00:00","description":"Xiaomi \/ Ninebot electric scooter seat for Segway Ninebot ES1, ES2, ES3, ES4 and Xiaomi M365, M365 Pro, Xiaomi 1S \/Pro 2. Seats.","breadcrumb":{"@id":"https:\/\/www.xn--tuksimaailm-ffb.ee\/en\/product\/xiaomi-ninebot-electric-scooter-seat-saddle-1s-es4\/#breadcrumb"},"inLanguage":"en-US","potentialAction":[{"@type":"ReadAction","target":["https:\/\/www.xn--tuksimaailm-ffb.ee\/en\/product\/xiaomi-ninebot-electric-scooter-seat-saddle-1s-es4\/"]}]},{"@type":"ImageObject","inLanguage":"en-US","@id":"https:\/\/www.xn--tuksimaailm-ffb.ee\/en\/product\/xiaomi-ninebot-electric-scooter-seat-saddle-1s-es4\/#primaryimage","url":"https:\/\/www.xn--tuksimaailm-ffb.ee\/wp-content\/uploads\/2021\/01\/Xiaomi-Ninebot-elektritoukeratta-iste-sadul-M365-ES4.jpeg","contentUrl":"https:\/\/www.xn--tuksimaailm-ffb.ee\/wp-content\/uploads\/2021\/01\/Xiaomi-Ninebot-elektritoukeratta-iste-sadul-M365-ES4.jpeg","width":1000,"height":1000,"caption":"Xiaomi Ninebot electric scooter seat saddle 1S ES4"},{"@type":"BreadcrumbList","@id":"https:\/\/www.xn--tuksimaailm-ffb.ee\/en\/product\/xiaomi-ninebot-electric-scooter-seat-saddle-1s-es4\/#breadcrumb","itemListElement":[{"@type":"ListItem","position":1,"name":"Home","item":"https:\/\/www.xn--tuksimaailm-ffb.ee\/en\/main-page\/"},{"@type":"ListItem","position":2,"name":"Shop","item":"https:\/\/www.xn--tuksimaailm-ffb.ee\/elektritoukerataste-pood\/"},{"@type":"ListItem","position":3,"name":"Xiaomi Ninebot electric scooter seat saddle 1S ES4"}]},{"@type":"WebSite","@id":"https:\/\/www.xn--tuksimaailm-ffb.ee\/en\/#website","url":"https:\/\/www.xn--tuksimaailm-ffb.ee\/en\/","name":"T\u00f5uksimaailm","description":"Elektrit\u00f5ukerataste m\u00fc\u00fck, remont ja rent","publisher":{"@id":"https:\/\/www.xn--tuksimaailm-ffb.ee\/en\/#organization"},"potentialAction":[{"@type":"SearchAction","target":{"@type":"EntryPoint","urlTemplate":"https:\/\/www.xn--tuksimaailm-ffb.ee\/en\/?s={search_term_string}"},"query-input":{"@type":"PropertyValueSpecification","valueRequired":true,"valueName":"search_term_string"}}],"inLanguage":"en-US"},{"@type":"Organization","@id":"https:\/\/www.xn--tuksimaailm-ffb.ee\/en\/#organization","name":"T\u00f5uksimaailm","url":"https:\/\/www.xn--tuksimaailm-ffb.ee\/en\/","logo":{"@type":"ImageObject","inLanguage":"en-US","@id":"https:\/\/www.xn--tuksimaailm-ffb.ee\/en\/#\/schema\/logo\/image\/","url":"https:\/\/www.xn--tuksimaailm-ffb.ee\/wp-content\/uploads\/2020\/01\/logoz-e1579792875517.png","contentUrl":"https:\/\/www.xn--tuksimaailm-ffb.ee\/wp-content\/uploads\/2020\/01\/logoz-e1579792875517.png","width":250,"height":250,"caption":"T\u00f5uksimaailm"},"image":{"@id":"https:\/\/www.xn--tuksimaailm-ffb.ee\/en\/#\/schema\/logo\/image\/"},"sameAs":["https:\/\/www.facebook.com\/touksimaailm\/","https:\/\/www.instagram.com\/touksimaailm_\/","https:\/\/www.youtube.com\/channel\/UC18ml0EKIDLP1xGuQjFzcXQ"]}]},"product_price_amount":"59.50","product_price_currency":"EUR","og_availability":"instock","product_availability":"instock","product_retailer_item_id":"ISTE-XIAOMI-NINEBOT\/ES","product_condition":"new"},"jetpack_sharing_enabled":true,"_links":{"self":[{"href":"https:\/\/www.xn--tuksimaailm-ffb.ee\/en\/wp-json\/wp\/v2\/product\/56723","targetHints":{"allow":["GET"]}}],"collection":[{"href":"https:\/\/www.xn--tuksimaailm-ffb.ee\/en\/wp-json\/wp\/v2\/product"}],"about":[{"href":"https:\/\/www.xn--tuksimaailm-ffb.ee\/en\/wp-json\/wp\/v2\/types\/product"}],"wp:featuredmedia":[{"embeddable":true,"href":"https:\/\/www.xn--tuksimaailm-ffb.ee\/en\/wp-json\/wp\/v2\/media\/26384"}],"wp:attachment":[{"href":"https:\/\/www.xn--tuksimaailm-ffb.ee\/en\/wp-json\/wp\/v2\/media?parent=56723"}],"wp:term":[{"taxonomy":"product_brand","embeddable":true,"href":"https:\/\/www.xn--tuksimaailm-ffb.ee\/en\/wp-json\/wp\/v2\/product_brand?post=56723"},{"taxonomy":"product_cat","embeddable":true,"href":"https:\/\/www.xn--tuksimaailm-ffb.ee\/en\/wp-json\/wp\/v2\/product_cat?post=56723"},{"taxonomy":"product_tag","embeddable":true,"href":"https:\/\/www.xn--tuksimaailm-ffb.ee\/en\/wp-json\/wp\/v2\/product_tag?post=56723"},{"taxonomy":"filter_elektritoukeratas","embeddable":true,"href":"https:\/\/www.xn--tuksimaailm-ffb.ee\/en\/wp-json\/wp\/v2\/filter_elektritoukeratas?post=56723"}],"curies":[{"name":"wp","href":"https:\/\/api.w.org\/{rel}","templated":true}]}}