{"id":56744,"date":"2021-01-15T18:49:36","date_gmt":"2021-01-15T16:49:36","guid":{"rendered":"http:\/\/www.xn--tuksimaailm-ffb.ee\/shop\/waterproof-electric-scooter-handlebar-bag-inokim\/"},"modified":"2021-01-15T18:49:36","modified_gmt":"2021-01-15T15:49:36","slug":"waterproof-electric-scooter-handlebar-bag-inokim","status":"publish","type":"product","link":"https:\/\/www.xn--tuksimaailm-ffb.ee\/en\/product\/waterproof-electric-scooter-handlebar-bag-inokim\/","title":{"rendered":"Waterproof electric scooter handlebar bag Inokim"},"content":{"rendered":"<p>Waterproof electric scooter lens bag (also front bag), <b><strong>Inokim<\/strong><\/b> brand. The waterproof electric scooter lens bag attaches <b><strong>with adjustable clips<\/strong><\/b> around the electric scooter's lens and steerer tube and is ideal for all <a href=\"https:\/\/inokim.com\/\">Inokim electric scooters<\/a>. Inokim bags are also available in <a href=\"http:\/\/www.xn--tuksimaailm-ffb.ee\/shop\/veekindel-elektritoukeratta-lenksukott-inokim-kollane\/\">yellow<\/a>, <a href=\"http:\/\/www.xn--tuksimaailm-ffb.ee\/shop\/elektrilise-toukeratta-kott-lenksule-inokim-sinine\/\">blue<\/a> and <a href=\"http:\/\/www.xn--tuksimaailm-ffb.ee\/shop\/elektritoukeratta-kott-lenksule-inokim-roheline\/\">green<\/a>.<\/p>\n","protected":false},"excerpt":{"rendered":"<p>Waterproof electric scooter lens bag (also front bag), Inokim brand. The waterproof electric scooter lens bag attaches with adjustable clips around the electric scooter's lens and steerer tube and is ideal for all Inokim electric scooters. Inokim bags are also available in yellow, blue and green.<\/p>\n","protected":false},"featured_media":12695,"template":"","meta":[],"product_brand":[],"product_cat":[746],"product_tag":[3367],"filter_elektritoukeratas":[],"class_list":{"0":"post-56744","1":"product","2":"type-product","3":"status-publish","4":"has-post-thumbnail","6":"product_cat-accessories","7":"product_tag-handlebar-bags","8":"pa_colour-light-blue","9":"pa_colour-light-green","10":"pa_colour-must","11":"pa_colour-yellow","12":"pa_tootetuup-handlebar-bags","14":"first","15":"instock","16":"taxable","17":"shipping-taxable","18":"purchasable","19":"product-type-variable"},"yoast_head":"<!-- This site is optimized with the Yoast SEO Premium plugin v26.8 (Yoast SEO v27.5) - https:\/\/yoast.com\/product\/yoast-seo-premium-wordpress\/ -->\n<title>Waterproof electric scooter handlebar bag Inokim | T\u00f5uksimaailm | Accessories<\/title>\n<meta name=\"robots\" content=\"index, follow, max-snippet:-1, max-image-preview:large, max-video-preview:-1\" \/>\n<link rel=\"canonical\" href=\"https:\/\/www.xn--tuksimaailm-ffb.ee\/en\/product\/waterproof-electric-scooter-handlebar-bag-inokim\/\" \/>\n<meta property=\"og:locale\" content=\"en_US\" \/>\n<meta property=\"og:type\" content=\"article\" \/>\n<meta property=\"og:title\" content=\"Waterproof electric scooter handlebar bag Inokim\" \/>\n<meta property=\"og:description\" content=\"Waterproof electric scooter lens bag (also front bag), Inokim brand. The waterproof electric scooter lens bag attaches with adjustable clips around the electric scooter&#039;s lens and steerer tube and is ideal for all Inokim electric scooters. Inokim bags are also available in yellow, blue and green.\" \/>\n<meta property=\"og:url\" content=\"https:\/\/www.xn--tuksimaailm-ffb.ee\/en\/product\/waterproof-electric-scooter-handlebar-bag-inokim\/\" \/>\n<meta property=\"og:site_name\" content=\"T\u00f5uksimaailm\" \/>\n<meta property=\"article:publisher\" content=\"https:\/\/www.facebook.com\/touksimaailm\/\" \/>\n<meta property=\"og:image\" content=\"https:\/\/www.xn--tuksimaailm-ffb.ee\/wp-content\/uploads\/2021\/01\/touksimaailm-05267-scaled.jpg\" \/>\n\t<meta property=\"og:image:width\" content=\"1694\" \/>\n\t<meta property=\"og:image:height\" content=\"2560\" \/>\n\t<meta property=\"og:image:type\" content=\"image\/jpeg\" \/>\n<meta name=\"twitter:card\" content=\"summary_large_image\" \/>\n<meta name=\"twitter:label1\" content=\"Availability\" \/>\n\t<meta name=\"twitter:data1\" content=\"In stock\" \/>\n<meta property=\"og:availability\" content=\"instock\" \/>\n<meta property=\"product:availability\" content=\"instock\" \/>\n<meta property=\"product:condition\" content=\"new\" \/>\n<!-- \/ Yoast SEO Premium plugin. -->","yoast_head_json":{"title":"Waterproof electric scooter handlebar bag Inokim | T\u00f5uksimaailm | Accessories","robots":{"index":"index","follow":"follow","max-snippet":"max-snippet:-1","max-image-preview":"max-image-preview:large","max-video-preview":"max-video-preview:-1"},"canonical":"https:\/\/www.xn--tuksimaailm-ffb.ee\/en\/product\/waterproof-electric-scooter-handlebar-bag-inokim\/","og_locale":"en_US","og_type":"article","og_title":"Waterproof electric scooter handlebar bag Inokim","og_description":"Waterproof electric scooter lens bag (also front bag), Inokim brand. The waterproof electric scooter lens bag attaches with adjustable clips around the electric scooter's lens and steerer tube and is ideal for all Inokim electric scooters. Inokim bags are also available in yellow, blue and green.","og_url":"https:\/\/www.xn--tuksimaailm-ffb.ee\/en\/product\/waterproof-electric-scooter-handlebar-bag-inokim\/","og_site_name":"T\u00f5uksimaailm","article_publisher":"https:\/\/www.facebook.com\/touksimaailm\/","og_image":[{"width":1694,"height":2560,"url":"https:\/\/www.xn--tuksimaailm-ffb.ee\/wp-content\/uploads\/2021\/01\/touksimaailm-05267-scaled.jpg","type":"image\/jpeg"}],"twitter_card":"summary_large_image","twitter_misc":{"Availability":"In stock"},"schema":{"@context":"https:\/\/schema.org","@graph":[{"@type":"WebPage","@id":"https:\/\/www.xn--tuksimaailm-ffb.ee\/en\/product\/waterproof-electric-scooter-handlebar-bag-inokim\/","url":"https:\/\/www.xn--tuksimaailm-ffb.ee\/en\/product\/waterproof-electric-scooter-handlebar-bag-inokim\/","name":"Waterproof electric scooter handlebar bag Inokim | T\u00f5uksimaailm | Accessories","isPartOf":{"@id":"https:\/\/www.xn--tuksimaailm-ffb.ee\/en\/#website"},"primaryImageOfPage":{"@id":"https:\/\/www.xn--tuksimaailm-ffb.ee\/en\/product\/waterproof-electric-scooter-handlebar-bag-inokim\/#primaryimage"},"image":{"@id":"https:\/\/www.xn--tuksimaailm-ffb.ee\/en\/product\/waterproof-electric-scooter-handlebar-bag-inokim\/#primaryimage"},"thumbnailUrl":"https:\/\/www.xn--tuksimaailm-ffb.ee\/wp-content\/uploads\/2021\/01\/touksimaailm-05267-scaled.jpg","datePublished":"2021-01-15T16:49:36+00:00","breadcrumb":{"@id":"https:\/\/www.xn--tuksimaailm-ffb.ee\/en\/product\/waterproof-electric-scooter-handlebar-bag-inokim\/#breadcrumb"},"inLanguage":"en-US","potentialAction":[{"@type":"ReadAction","target":["https:\/\/www.xn--tuksimaailm-ffb.ee\/en\/product\/waterproof-electric-scooter-handlebar-bag-inokim\/"]}]},{"@type":"ImageObject","inLanguage":"en-US","@id":"https:\/\/www.xn--tuksimaailm-ffb.ee\/en\/product\/waterproof-electric-scooter-handlebar-bag-inokim\/#primaryimage","url":"https:\/\/www.xn--tuksimaailm-ffb.ee\/wp-content\/uploads\/2021\/01\/touksimaailm-05267-scaled.jpg","contentUrl":"https:\/\/www.xn--tuksimaailm-ffb.ee\/wp-content\/uploads\/2021\/01\/touksimaailm-05267-scaled.jpg","width":1694,"height":2560,"caption":"Waterproof electric scooter handlebar bag Inokim"},{"@type":"BreadcrumbList","@id":"https:\/\/www.xn--tuksimaailm-ffb.ee\/en\/product\/waterproof-electric-scooter-handlebar-bag-inokim\/#breadcrumb","itemListElement":[{"@type":"ListItem","position":1,"name":"Home","item":"https:\/\/www.xn--tuksimaailm-ffb.ee\/en\/main-page\/"},{"@type":"ListItem","position":2,"name":"Shop","item":"https:\/\/www.xn--tuksimaailm-ffb.ee\/elektritoukerataste-pood\/"},{"@type":"ListItem","position":3,"name":"Waterproof electric scooter handlebar bag Inokim"}]},{"@type":"WebSite","@id":"https:\/\/www.xn--tuksimaailm-ffb.ee\/en\/#website","url":"https:\/\/www.xn--tuksimaailm-ffb.ee\/en\/","name":"T\u00f5uksimaailm","description":"Elektrit\u00f5ukerataste m\u00fc\u00fck, remont ja rent","publisher":{"@id":"https:\/\/www.xn--tuksimaailm-ffb.ee\/en\/#organization"},"potentialAction":[{"@type":"SearchAction","target":{"@type":"EntryPoint","urlTemplate":"https:\/\/www.xn--tuksimaailm-ffb.ee\/en\/?s={search_term_string}"},"query-input":{"@type":"PropertyValueSpecification","valueRequired":true,"valueName":"search_term_string"}}],"inLanguage":"en-US"},{"@type":"Organization","@id":"https:\/\/www.xn--tuksimaailm-ffb.ee\/en\/#organization","name":"T\u00f5uksimaailm","url":"https:\/\/www.xn--tuksimaailm-ffb.ee\/en\/","logo":{"@type":"ImageObject","inLanguage":"en-US","@id":"https:\/\/www.xn--tuksimaailm-ffb.ee\/en\/#\/schema\/logo\/image\/","url":"https:\/\/www.xn--tuksimaailm-ffb.ee\/wp-content\/uploads\/2020\/01\/logoz-e1579792875517.png","contentUrl":"https:\/\/www.xn--tuksimaailm-ffb.ee\/wp-content\/uploads\/2020\/01\/logoz-e1579792875517.png","width":250,"height":250,"caption":"T\u00f5uksimaailm"},"image":{"@id":"https:\/\/www.xn--tuksimaailm-ffb.ee\/en\/#\/schema\/logo\/image\/"},"sameAs":["https:\/\/www.facebook.com\/touksimaailm\/","https:\/\/www.instagram.com\/touksimaailm_\/","https:\/\/www.youtube.com\/channel\/UC18ml0EKIDLP1xGuQjFzcXQ"]}]},"og_availability":"instock","product_availability":"instock","product_condition":"new"},"jetpack_sharing_enabled":true,"_links":{"self":[{"href":"https:\/\/www.xn--tuksimaailm-ffb.ee\/en\/wp-json\/wp\/v2\/product\/56744","targetHints":{"allow":["GET"]}}],"collection":[{"href":"https:\/\/www.xn--tuksimaailm-ffb.ee\/en\/wp-json\/wp\/v2\/product"}],"about":[{"href":"https:\/\/www.xn--tuksimaailm-ffb.ee\/en\/wp-json\/wp\/v2\/types\/product"}],"wp:featuredmedia":[{"embeddable":true,"href":"https:\/\/www.xn--tuksimaailm-ffb.ee\/en\/wp-json\/wp\/v2\/media\/12695"}],"wp:attachment":[{"href":"https:\/\/www.xn--tuksimaailm-ffb.ee\/en\/wp-json\/wp\/v2\/media?parent=56744"}],"wp:term":[{"taxonomy":"product_brand","embeddable":true,"href":"https:\/\/www.xn--tuksimaailm-ffb.ee\/en\/wp-json\/wp\/v2\/product_brand?post=56744"},{"taxonomy":"product_cat","embeddable":true,"href":"https:\/\/www.xn--tuksimaailm-ffb.ee\/en\/wp-json\/wp\/v2\/product_cat?post=56744"},{"taxonomy":"product_tag","embeddable":true,"href":"https:\/\/www.xn--tuksimaailm-ffb.ee\/en\/wp-json\/wp\/v2\/product_tag?post=56744"},{"taxonomy":"filter_elektritoukeratas","embeddable":true,"href":"https:\/\/www.xn--tuksimaailm-ffb.ee\/en\/wp-json\/wp\/v2\/filter_elektritoukeratas?post=56744"}],"curies":[{"name":"wp","href":"https:\/\/api.w.org\/{rel}","templated":true}]}}