{"id":56771,"date":"2021-01-16T13:44:52","date_gmt":"2021-01-16T11:44:52","guid":{"rendered":"http:\/\/www.xn--tuksimaailm-ffb.ee\/shop\/waterproof-electric-scooter-bag-3l-wheel-up\/"},"modified":"2021-01-16T13:44:52","modified_gmt":"2021-01-16T10:44:52","slug":"waterproof-electric-scooter-bag-3l-wheel-up","status":"publish","type":"product","link":"https:\/\/www.xn--tuksimaailm-ffb.ee\/en\/product\/waterproof-electric-scooter-bag-3l-wheel-up\/","title":{"rendered":"Waterproof electric scooter bag 3L Wheel Up"},"content":{"rendered":"<p>Electric scooter bag (also handlebar bag),<b><strong> waterproof \/ rainproof<\/strong><\/b>, <b><strong>black<\/strong><\/b> colour, <b><strong>Wheel Up<\/strong><\/b> brand, capacity <b><strong>3 litres.<\/strong><\/b> The electric scooter bag attaches around the electric scooter's lens and steerer tube with <b><strong>adjustable clips<\/strong><\/b> (harness straps) and is ideal for all <a href=\"http:\/\/www.xn--tuksimaailm-ffb.ee\/tootekategooria\/elektritoukeratas\/\">electric scooters<\/a>. Wheel Up electric scooter bags are also available in a smaller <a href=\"http:\/\/www.xn--tuksimaailm-ffb.ee\/shop\/kott-elektritoukerattale-veekindel-2l-wheel-up\/\"><b><strong>2 litre capacity<\/strong><\/b><\/a>.<\/p>\n","protected":false},"excerpt":{"rendered":"<p>Electric scooter bag (also handlebar bag), waterproof \/ rainproof, black colour, Wheel Up brand, capacity 3 litres. The electric scooter bag attaches around the electric scooter's lens and steerer tube with adjustable clips (harness straps) and is ideal for all electric scooters. Wheel Up electric scooter bags are also available &hellip;<\/p>\n","protected":false},"featured_media":12735,"template":"","meta":[],"product_brand":[],"product_cat":[746],"product_tag":[3367],"filter_elektritoukeratas":[],"class_list":{"0":"post-56771","1":"product","2":"type-product","3":"status-publish","4":"has-post-thumbnail","6":"product_cat-accessories","7":"product_tag-handlebar-bags","8":"pa_colour-must","9":"pa_tootetuup-handlebar-bags","11":"first","12":"instock","13":"taxable","14":"shipping-taxable","15":"purchasable","16":"product-type-simple"},"yoast_head":"<!-- This site is optimized with the Yoast SEO Premium plugin v26.8 (Yoast SEO v27.5) - https:\/\/yoast.com\/product\/yoast-seo-premium-wordpress\/ -->\n<title>Waterproof electric scooter bag 3L Wheel Up | T\u00f5uksimaailm<\/title>\n<meta name=\"description\" content=\"Electric scooter waterproof 3L Wheel Bag Electric scooter bag (also handlebar bag), waterproof \/ rainproof, black, Wheel Up, capacity 3 litres, around handlebar and steerer tube.Up\" \/>\n<meta name=\"robots\" content=\"index, follow, max-snippet:-1, max-image-preview:large, max-video-preview:-1\" \/>\n<link rel=\"canonical\" href=\"https:\/\/www.xn--tuksimaailm-ffb.ee\/en\/product\/waterproof-electric-scooter-bag-3l-wheel-up\/\" \/>\n<meta property=\"og:locale\" content=\"en_US\" \/>\n<meta property=\"og:type\" content=\"article\" \/>\n<meta property=\"og:title\" content=\"Waterproof electric scooter bag 3L Wheel Up\" \/>\n<meta property=\"og:description\" content=\"Electric scooter waterproof 3L Wheel Bag Electric scooter bag (also handlebar bag), waterproof \/ rainproof, black, Wheel Up, capacity 3 litres, around handlebar and steerer tube.Up\" \/>\n<meta property=\"og:url\" content=\"https:\/\/www.xn--tuksimaailm-ffb.ee\/en\/product\/waterproof-electric-scooter-bag-3l-wheel-up\/\" \/>\n<meta property=\"og:site_name\" content=\"T\u00f5uksimaailm\" \/>\n<meta property=\"article:publisher\" content=\"https:\/\/www.facebook.com\/touksimaailm\/\" \/>\n<meta property=\"og:image\" content=\"https:\/\/www.xn--tuksimaailm-ffb.ee\/wp-content\/uploads\/2021\/01\/kott-wheel-up-2l-2-1.jpg\" \/>\n\t<meta property=\"og:image:width\" content=\"1023\" \/>\n\t<meta property=\"og:image:height\" content=\"819\" \/>\n\t<meta property=\"og:image:type\" content=\"image\/jpeg\" \/>\n<meta name=\"twitter:card\" content=\"summary_large_image\" \/>\n<meta name=\"twitter:label1\" content=\"Price\" \/>\n\t<meta name=\"twitter:data1\" content=\"&euro;39.50\" \/>\n\t<meta name=\"twitter:label2\" content=\"Availability\" \/>\n\t<meta name=\"twitter:data2\" content=\"In stock\" \/>\n<meta property=\"product:price:amount\" content=\"39.50\" \/>\n<meta property=\"product:price:currency\" content=\"EUR\" \/>\n<meta property=\"og:availability\" content=\"instock\" \/>\n<meta property=\"product:availability\" content=\"instock\" \/>\n<meta property=\"product:retailer_item_id\" content=\"LENKSUKOTT-WHEELUP-3L\" \/>\n<meta property=\"product:condition\" content=\"new\" \/>\n<!-- \/ Yoast SEO Premium plugin. -->","yoast_head_json":{"title":"Waterproof electric scooter bag 3L Wheel Up | T\u00f5uksimaailm","description":"Electric scooter waterproof 3L Wheel Bag Electric scooter bag (also handlebar bag), waterproof \/ rainproof, black, Wheel Up, capacity 3 litres, around handlebar and steerer tube.Up","robots":{"index":"index","follow":"follow","max-snippet":"max-snippet:-1","max-image-preview":"max-image-preview:large","max-video-preview":"max-video-preview:-1"},"canonical":"https:\/\/www.xn--tuksimaailm-ffb.ee\/en\/product\/waterproof-electric-scooter-bag-3l-wheel-up\/","og_locale":"en_US","og_type":"article","og_title":"Waterproof electric scooter bag 3L Wheel Up","og_description":"Electric scooter waterproof 3L Wheel Bag Electric scooter bag (also handlebar bag), waterproof \/ rainproof, black, Wheel Up, capacity 3 litres, around handlebar and steerer tube.Up","og_url":"https:\/\/www.xn--tuksimaailm-ffb.ee\/en\/product\/waterproof-electric-scooter-bag-3l-wheel-up\/","og_site_name":"T\u00f5uksimaailm","article_publisher":"https:\/\/www.facebook.com\/touksimaailm\/","og_image":[{"width":1023,"height":819,"url":"https:\/\/www.xn--tuksimaailm-ffb.ee\/wp-content\/uploads\/2021\/01\/kott-wheel-up-2l-2-1.jpg","type":"image\/jpeg"}],"twitter_card":"summary_large_image","twitter_misc":{"Price":"&euro;39.50","Availability":"In stock"},"schema":{"@context":"https:\/\/schema.org","@graph":[{"@type":"WebPage","@id":"https:\/\/www.xn--tuksimaailm-ffb.ee\/en\/product\/waterproof-electric-scooter-bag-3l-wheel-up\/","url":"https:\/\/www.xn--tuksimaailm-ffb.ee\/en\/product\/waterproof-electric-scooter-bag-3l-wheel-up\/","name":"Waterproof electric scooter bag 3L Wheel Up | T\u00f5uksimaailm","isPartOf":{"@id":"https:\/\/www.xn--tuksimaailm-ffb.ee\/en\/#website"},"primaryImageOfPage":{"@id":"https:\/\/www.xn--tuksimaailm-ffb.ee\/en\/product\/waterproof-electric-scooter-bag-3l-wheel-up\/#primaryimage"},"image":{"@id":"https:\/\/www.xn--tuksimaailm-ffb.ee\/en\/product\/waterproof-electric-scooter-bag-3l-wheel-up\/#primaryimage"},"thumbnailUrl":"https:\/\/www.xn--tuksimaailm-ffb.ee\/wp-content\/uploads\/2021\/01\/kott-wheel-up-2l-2-1.jpg","datePublished":"2021-01-16T11:44:52+00:00","description":"Electric scooter waterproof 3L Wheel Bag Electric scooter bag (also handlebar bag), waterproof \/ rainproof, black, Wheel Up, capacity 3 litres, around handlebar and steerer tube.Up","breadcrumb":{"@id":"https:\/\/www.xn--tuksimaailm-ffb.ee\/en\/product\/waterproof-electric-scooter-bag-3l-wheel-up\/#breadcrumb"},"inLanguage":"en-US","potentialAction":[{"@type":"ReadAction","target":["https:\/\/www.xn--tuksimaailm-ffb.ee\/en\/product\/waterproof-electric-scooter-bag-3l-wheel-up\/"]}]},{"@type":"ImageObject","inLanguage":"en-US","@id":"https:\/\/www.xn--tuksimaailm-ffb.ee\/en\/product\/waterproof-electric-scooter-bag-3l-wheel-up\/#primaryimage","url":"https:\/\/www.xn--tuksimaailm-ffb.ee\/wp-content\/uploads\/2021\/01\/kott-wheel-up-2l-2-1.jpg","contentUrl":"https:\/\/www.xn--tuksimaailm-ffb.ee\/wp-content\/uploads\/2021\/01\/kott-wheel-up-2l-2-1.jpg","width":1023,"height":819,"caption":"Waterproof electric scooter bag 3L Wheel Up"},{"@type":"BreadcrumbList","@id":"https:\/\/www.xn--tuksimaailm-ffb.ee\/en\/product\/waterproof-electric-scooter-bag-3l-wheel-up\/#breadcrumb","itemListElement":[{"@type":"ListItem","position":1,"name":"Home","item":"https:\/\/www.xn--tuksimaailm-ffb.ee\/en\/main-page\/"},{"@type":"ListItem","position":2,"name":"Shop","item":"https:\/\/www.xn--tuksimaailm-ffb.ee\/elektritoukerataste-pood\/"},{"@type":"ListItem","position":3,"name":"Waterproof electric scooter bag 3L Wheel Up"}]},{"@type":"WebSite","@id":"https:\/\/www.xn--tuksimaailm-ffb.ee\/en\/#website","url":"https:\/\/www.xn--tuksimaailm-ffb.ee\/en\/","name":"T\u00f5uksimaailm","description":"Elektrit\u00f5ukerataste m\u00fc\u00fck, remont ja rent","publisher":{"@id":"https:\/\/www.xn--tuksimaailm-ffb.ee\/en\/#organization"},"potentialAction":[{"@type":"SearchAction","target":{"@type":"EntryPoint","urlTemplate":"https:\/\/www.xn--tuksimaailm-ffb.ee\/en\/?s={search_term_string}"},"query-input":{"@type":"PropertyValueSpecification","valueRequired":true,"valueName":"search_term_string"}}],"inLanguage":"en-US"},{"@type":"Organization","@id":"https:\/\/www.xn--tuksimaailm-ffb.ee\/en\/#organization","name":"T\u00f5uksimaailm","url":"https:\/\/www.xn--tuksimaailm-ffb.ee\/en\/","logo":{"@type":"ImageObject","inLanguage":"en-US","@id":"https:\/\/www.xn--tuksimaailm-ffb.ee\/en\/#\/schema\/logo\/image\/","url":"https:\/\/www.xn--tuksimaailm-ffb.ee\/wp-content\/uploads\/2020\/01\/logoz-e1579792875517.png","contentUrl":"https:\/\/www.xn--tuksimaailm-ffb.ee\/wp-content\/uploads\/2020\/01\/logoz-e1579792875517.png","width":250,"height":250,"caption":"T\u00f5uksimaailm"},"image":{"@id":"https:\/\/www.xn--tuksimaailm-ffb.ee\/en\/#\/schema\/logo\/image\/"},"sameAs":["https:\/\/www.facebook.com\/touksimaailm\/","https:\/\/www.instagram.com\/touksimaailm_\/","https:\/\/www.youtube.com\/channel\/UC18ml0EKIDLP1xGuQjFzcXQ"]}]},"product_price_amount":"39.50","product_price_currency":"EUR","og_availability":"instock","product_availability":"instock","product_retailer_item_id":"LENKSUKOTT-WHEELUP-3L","product_condition":"new"},"jetpack_sharing_enabled":true,"_links":{"self":[{"href":"https:\/\/www.xn--tuksimaailm-ffb.ee\/en\/wp-json\/wp\/v2\/product\/56771","targetHints":{"allow":["GET"]}}],"collection":[{"href":"https:\/\/www.xn--tuksimaailm-ffb.ee\/en\/wp-json\/wp\/v2\/product"}],"about":[{"href":"https:\/\/www.xn--tuksimaailm-ffb.ee\/en\/wp-json\/wp\/v2\/types\/product"}],"wp:featuredmedia":[{"embeddable":true,"href":"https:\/\/www.xn--tuksimaailm-ffb.ee\/en\/wp-json\/wp\/v2\/media\/12735"}],"wp:attachment":[{"href":"https:\/\/www.xn--tuksimaailm-ffb.ee\/en\/wp-json\/wp\/v2\/media?parent=56771"}],"wp:term":[{"taxonomy":"product_brand","embeddable":true,"href":"https:\/\/www.xn--tuksimaailm-ffb.ee\/en\/wp-json\/wp\/v2\/product_brand?post=56771"},{"taxonomy":"product_cat","embeddable":true,"href":"https:\/\/www.xn--tuksimaailm-ffb.ee\/en\/wp-json\/wp\/v2\/product_cat?post=56771"},{"taxonomy":"product_tag","embeddable":true,"href":"https:\/\/www.xn--tuksimaailm-ffb.ee\/en\/wp-json\/wp\/v2\/product_tag?post=56771"},{"taxonomy":"filter_elektritoukeratas","embeddable":true,"href":"https:\/\/www.xn--tuksimaailm-ffb.ee\/en\/wp-json\/wp\/v2\/filter_elektritoukeratas?post=56771"}],"curies":[{"name":"wp","href":"https:\/\/api.w.org\/{rel}","templated":true}]}}