{"id":56772,"date":"2021-01-16T13:55:01","date_gmt":"2021-01-16T13:55:01","guid":{"rendered":"http:\/\/www.xn--tuksimaailm-ffb.ee\/shop\/handlebar-bag-for-electric-scooter-waterproof-2l-wildman\/"},"modified":"2021-01-16T13:55:01","modified_gmt":"2021-01-16T10:55:01","slug":"handlebar-bag-for-electric-scooter-waterproof-2l-wildman","status":"publish","type":"product","link":"https:\/\/www.xn--tuksimaailm-ffb.ee\/en\/product\/handlebar-bag-for-electric-scooter-waterproof-2l-wildman\/","title":{"rendered":"handlebar bag for electric scooter waterproof 2L Wildman"},"content":{"rendered":"<p>Lenksukott elektrit\u00f5ukerattale (ka eesmine kott),<strong>\u00a0veekindel \/ vihmakindel<\/strong>,\u00a0<strong>musta<\/strong>\u00a0v\u00e4rvi,\u00a0<strong>Wild Man<\/strong>\u00a0br\u00e4nd, mahtuvus\u00a0<strong>2 liitrit<\/strong>. Lenksukott elektrit\u00f5ukerattale kinnitub\u00a0<strong>reguleeritavate kr\u00f5psudega<\/strong>\u00a0(takjapaelad) elektrilise t\u00f5ukeratta lenksu ja steereri toru (lenksutoru) \u00fcmber ning sobib ideaalselt k\u00f5igile\u00a0<a href=\"http:\/\/www.xn--tuksimaailm-ffb.ee\/tootekategooria\/elektritoukeratas\/\">elektrit\u00f5ukeratastele<\/a>. Wild Man elektrit\u00f5ukeratta kotid on saadaval ka veel suurema,\u00a0<a href=\"http:\/\/www.xn--tuksimaailm-ffb.ee\/shop\/lenksukott-elektrilisele-toukerattale-veekindel-3l-wildman\/\"><strong>3 liitrise mahtuvusega<\/strong><\/a>.<\/p>\n","protected":false},"excerpt":{"rendered":"<p>Lenksukott elektrit\u00f5ukerattale (ka eesmine kott),\u00a0veekindel \/ vihmakindel,\u00a0musta\u00a0v\u00e4rvi,\u00a0Wild Man\u00a0br\u00e4nd, mahtuvus\u00a02 liitrit. Lenksukott elektrit\u00f5ukerattale kinnitub\u00a0reguleeritavate kr\u00f5psudega\u00a0(takjapaelad) elektrilise t\u00f5ukeratta lenksu ja steereri toru (lenksutoru) \u00fcmber ning sobib ideaalselt k\u00f5igile\u00a0elektrit\u00f5ukeratastele. Wild Man elektrit\u00f5ukeratta kotid on saadaval ka veel suurema,\u00a03 liitrise mahtuvusega.<\/p>\n","protected":false},"featured_media":12741,"template":"","meta":[],"product_brand":[],"product_cat":[746],"product_tag":[3367],"filter_elektritoukeratas":[],"class_list":{"0":"post-56772","1":"product","2":"type-product","3":"status-publish","4":"has-post-thumbnail","6":"product_cat-accessories","7":"product_tag-handlebar-bags","8":"pa_colour-must","9":"pa_tootetuup-handlebar-bags","11":"first","12":"instock","13":"taxable","14":"shipping-taxable","15":"purchasable","16":"product-type-simple"},"yoast_head":"<!-- This site is optimized with the Yoast SEO Premium plugin v26.8 (Yoast SEO v27.5) - https:\/\/yoast.com\/product\/yoast-seo-premium-wordpress\/ -->\n<title>handlebar bag for electric scooter waterproof 2L Wildman | T\u00f5uksimaailm<\/title>\n<meta name=\"description\" content=\"Steering bag for electric scooter (also front bag), waterproof \/ rainproof, black, Wild Man, capacity 2 litres, around handlebar and handlebar tube. Lens bags.\" \/>\n<meta name=\"robots\" content=\"index, follow, max-snippet:-1, max-image-preview:large, max-video-preview:-1\" \/>\n<link rel=\"canonical\" href=\"https:\/\/www.xn--tuksimaailm-ffb.ee\/en\/product\/handlebar-bag-for-electric-scooter-waterproof-2l-wildman\/\" \/>\n<meta property=\"og:locale\" content=\"en_US\" \/>\n<meta property=\"og:type\" content=\"article\" \/>\n<meta property=\"og:title\" content=\"handlebar bag for electric scooter waterproof 2L Wildman\" \/>\n<meta property=\"og:description\" content=\"Steering bag for electric scooter (also front bag), waterproof \/ rainproof, black, Wild Man, capacity 2 litres, around handlebar and handlebar tube. Lens bags.\" \/>\n<meta property=\"og:url\" content=\"https:\/\/www.xn--tuksimaailm-ffb.ee\/en\/product\/handlebar-bag-for-electric-scooter-waterproof-2l-wildman\/\" \/>\n<meta property=\"og:site_name\" content=\"T\u00f5uksimaailm\" \/>\n<meta property=\"article:publisher\" content=\"https:\/\/www.facebook.com\/touksimaailm\/\" \/>\n<meta property=\"og:image\" content=\"https:\/\/www.xn--tuksimaailm-ffb.ee\/wp-content\/uploads\/2021\/01\/kott-wild-man-2l-2.jpg\" \/>\n\t<meta property=\"og:image:width\" content=\"501\" \/>\n\t<meta property=\"og:image:height\" content=\"925\" \/>\n\t<meta property=\"og:image:type\" content=\"image\/jpeg\" \/>\n<meta name=\"twitter:card\" content=\"summary_large_image\" \/>\n<meta name=\"twitter:label1\" content=\"Price\" \/>\n\t<meta name=\"twitter:data1\" content=\"&euro;35.00\" \/>\n\t<meta name=\"twitter:label2\" content=\"Availability\" \/>\n\t<meta name=\"twitter:data2\" content=\"In stock\" \/>\n<meta property=\"product:price:amount\" content=\"35.00\" \/>\n<meta property=\"product:price:currency\" content=\"EUR\" \/>\n<meta property=\"og:availability\" content=\"instock\" \/>\n<meta property=\"product:availability\" content=\"instock\" \/>\n<meta property=\"product:condition\" content=\"new\" \/>\n<!-- \/ Yoast SEO Premium plugin. -->","yoast_head_json":{"title":"handlebar bag for electric scooter waterproof 2L Wildman | T\u00f5uksimaailm","description":"Steering bag for electric scooter (also front bag), waterproof \/ rainproof, black, Wild Man, capacity 2 litres, around handlebar and handlebar tube. Lens bags.","robots":{"index":"index","follow":"follow","max-snippet":"max-snippet:-1","max-image-preview":"max-image-preview:large","max-video-preview":"max-video-preview:-1"},"canonical":"https:\/\/www.xn--tuksimaailm-ffb.ee\/en\/product\/handlebar-bag-for-electric-scooter-waterproof-2l-wildman\/","og_locale":"en_US","og_type":"article","og_title":"handlebar bag for electric scooter waterproof 2L Wildman","og_description":"Steering bag for electric scooter (also front bag), waterproof \/ rainproof, black, Wild Man, capacity 2 litres, around handlebar and handlebar tube. Lens bags.","og_url":"https:\/\/www.xn--tuksimaailm-ffb.ee\/en\/product\/handlebar-bag-for-electric-scooter-waterproof-2l-wildman\/","og_site_name":"T\u00f5uksimaailm","article_publisher":"https:\/\/www.facebook.com\/touksimaailm\/","og_image":[{"width":501,"height":925,"url":"https:\/\/www.xn--tuksimaailm-ffb.ee\/wp-content\/uploads\/2021\/01\/kott-wild-man-2l-2.jpg","type":"image\/jpeg"}],"twitter_card":"summary_large_image","twitter_misc":{"Price":"&euro;35.00","Availability":"In stock"},"schema":{"@context":"https:\/\/schema.org","@graph":[{"@type":"WebPage","@id":"https:\/\/www.xn--tuksimaailm-ffb.ee\/en\/product\/handlebar-bag-for-electric-scooter-waterproof-2l-wildman\/","url":"https:\/\/www.xn--tuksimaailm-ffb.ee\/en\/product\/handlebar-bag-for-electric-scooter-waterproof-2l-wildman\/","name":"handlebar bag for electric scooter waterproof 2L Wildman | T\u00f5uksimaailm","isPartOf":{"@id":"https:\/\/www.xn--tuksimaailm-ffb.ee\/en\/#website"},"primaryImageOfPage":{"@id":"https:\/\/www.xn--tuksimaailm-ffb.ee\/en\/product\/handlebar-bag-for-electric-scooter-waterproof-2l-wildman\/#primaryimage"},"image":{"@id":"https:\/\/www.xn--tuksimaailm-ffb.ee\/en\/product\/handlebar-bag-for-electric-scooter-waterproof-2l-wildman\/#primaryimage"},"thumbnailUrl":"https:\/\/www.xn--tuksimaailm-ffb.ee\/wp-content\/uploads\/2021\/01\/kott-wild-man-2l-2.jpg","datePublished":"2021-01-16T13:55:01+00:00","description":"Steering bag for electric scooter (also front bag), waterproof \/ rainproof, black, Wild Man, capacity 2 litres, around handlebar and handlebar tube. Lens bags.","breadcrumb":{"@id":"https:\/\/www.xn--tuksimaailm-ffb.ee\/en\/product\/handlebar-bag-for-electric-scooter-waterproof-2l-wildman\/#breadcrumb"},"inLanguage":"en-US","potentialAction":[{"@type":"ReadAction","target":["https:\/\/www.xn--tuksimaailm-ffb.ee\/en\/product\/handlebar-bag-for-electric-scooter-waterproof-2l-wildman\/"]}]},{"@type":"ImageObject","inLanguage":"en-US","@id":"https:\/\/www.xn--tuksimaailm-ffb.ee\/en\/product\/handlebar-bag-for-electric-scooter-waterproof-2l-wildman\/#primaryimage","url":"https:\/\/www.xn--tuksimaailm-ffb.ee\/wp-content\/uploads\/2021\/01\/kott-wild-man-2l-2.jpg","contentUrl":"https:\/\/www.xn--tuksimaailm-ffb.ee\/wp-content\/uploads\/2021\/01\/kott-wild-man-2l-2.jpg","width":501,"height":925,"caption":"handlebar bag for electric scooter waterproof 2L Wildman"},{"@type":"BreadcrumbList","@id":"https:\/\/www.xn--tuksimaailm-ffb.ee\/en\/product\/handlebar-bag-for-electric-scooter-waterproof-2l-wildman\/#breadcrumb","itemListElement":[{"@type":"ListItem","position":1,"name":"Home","item":"https:\/\/www.xn--tuksimaailm-ffb.ee\/en\/main-page\/"},{"@type":"ListItem","position":2,"name":"Shop","item":"https:\/\/www.xn--tuksimaailm-ffb.ee\/elektritoukerataste-pood\/"},{"@type":"ListItem","position":3,"name":"handlebar bag for electric scooter waterproof 2L Wildman"}]},{"@type":"WebSite","@id":"https:\/\/www.xn--tuksimaailm-ffb.ee\/en\/#website","url":"https:\/\/www.xn--tuksimaailm-ffb.ee\/en\/","name":"T\u00f5uksimaailm","description":"Elektrit\u00f5ukerataste m\u00fc\u00fck, remont ja rent","publisher":{"@id":"https:\/\/www.xn--tuksimaailm-ffb.ee\/en\/#organization"},"potentialAction":[{"@type":"SearchAction","target":{"@type":"EntryPoint","urlTemplate":"https:\/\/www.xn--tuksimaailm-ffb.ee\/en\/?s={search_term_string}"},"query-input":{"@type":"PropertyValueSpecification","valueRequired":true,"valueName":"search_term_string"}}],"inLanguage":"en-US"},{"@type":"Organization","@id":"https:\/\/www.xn--tuksimaailm-ffb.ee\/en\/#organization","name":"T\u00f5uksimaailm","url":"https:\/\/www.xn--tuksimaailm-ffb.ee\/en\/","logo":{"@type":"ImageObject","inLanguage":"en-US","@id":"https:\/\/www.xn--tuksimaailm-ffb.ee\/en\/#\/schema\/logo\/image\/","url":"https:\/\/www.xn--tuksimaailm-ffb.ee\/wp-content\/uploads\/2020\/01\/logoz-e1579792875517.png","contentUrl":"https:\/\/www.xn--tuksimaailm-ffb.ee\/wp-content\/uploads\/2020\/01\/logoz-e1579792875517.png","width":250,"height":250,"caption":"T\u00f5uksimaailm"},"image":{"@id":"https:\/\/www.xn--tuksimaailm-ffb.ee\/en\/#\/schema\/logo\/image\/"},"sameAs":["https:\/\/www.facebook.com\/touksimaailm\/","https:\/\/www.instagram.com\/touksimaailm_\/","https:\/\/www.youtube.com\/channel\/UC18ml0EKIDLP1xGuQjFzcXQ"]}]},"product_price_amount":"35.00","product_price_currency":"EUR","og_availability":"instock","product_availability":"instock","product_condition":"new"},"jetpack_sharing_enabled":true,"_links":{"self":[{"href":"https:\/\/www.xn--tuksimaailm-ffb.ee\/en\/wp-json\/wp\/v2\/product\/56772","targetHints":{"allow":["GET"]}}],"collection":[{"href":"https:\/\/www.xn--tuksimaailm-ffb.ee\/en\/wp-json\/wp\/v2\/product"}],"about":[{"href":"https:\/\/www.xn--tuksimaailm-ffb.ee\/en\/wp-json\/wp\/v2\/types\/product"}],"wp:featuredmedia":[{"embeddable":true,"href":"https:\/\/www.xn--tuksimaailm-ffb.ee\/en\/wp-json\/wp\/v2\/media\/12741"}],"wp:attachment":[{"href":"https:\/\/www.xn--tuksimaailm-ffb.ee\/en\/wp-json\/wp\/v2\/media?parent=56772"}],"wp:term":[{"taxonomy":"product_brand","embeddable":true,"href":"https:\/\/www.xn--tuksimaailm-ffb.ee\/en\/wp-json\/wp\/v2\/product_brand?post=56772"},{"taxonomy":"product_cat","embeddable":true,"href":"https:\/\/www.xn--tuksimaailm-ffb.ee\/en\/wp-json\/wp\/v2\/product_cat?post=56772"},{"taxonomy":"product_tag","embeddable":true,"href":"https:\/\/www.xn--tuksimaailm-ffb.ee\/en\/wp-json\/wp\/v2\/product_tag?post=56772"},{"taxonomy":"filter_elektritoukeratas","embeddable":true,"href":"https:\/\/www.xn--tuksimaailm-ffb.ee\/en\/wp-json\/wp\/v2\/filter_elektritoukeratas?post=56772"}],"curies":[{"name":"wp","href":"https:\/\/api.w.org\/{rel}","templated":true}]}}